{"id":8764,"date":"2013-08-21T14:00:33","date_gmt":"2013-08-21T12:00:33","guid":{"rendered":"http:\/\/dinostorm.com\/oyun\/profile"},"modified":"2013-08-27T09:16:14","modified_gmt":"2013-08-27T09:16:14","slug":"profil","status":"publish","type":"page","link":"https:\/\/dinostorm.com\/tr\/oyun\/profil\/","title":{"rendered":"Profil Penceresi"},"content":{"rendered":"<div class=\"teaser\"><\/div>\n<h1 class=\"headline_page width_350\"><span>Profil Penceresi<\/span><\/h1>\n<p class=\"back-button back-pos350\"><a class=\"back-block\" href=\"\/tr\/oyun#overview\">Geri<\/a><\/p>\n<div class=\"full\" style=\"margin-bottom: -64px;\">\n<p><img loading=\"lazy\" decoding=\"async\" class=\"wrapper_image_impl colorbox-8764\" alt=\"Fame: Dino Storm\" src=\"http:\/\/dinostorm.com\/wp-content\/uploads\/2014\/05\/fame-dude.png\" width=\"225\" height=\"140\" \/><\/p>\n<div class=\"wrapper_impl\">\n<p class=\"text-impl\">Her&#x015f;ey M&#x00fc;kemmel Profilde Toplan&#x0131;yor.<br \/>\nB&#x00fc;t&#x00fc;n donan&#x0131;mlar&#x0131;n&#x0131;z her an yan&#x0131;n&#x0131;zda.<\/p>\n<\/div>\n<\/div>\n<h2 style=\"clear: both; font-size: 27px; padding-top: 20px; margin-left: 39px;\">Korucu Profili<\/h2>\n<div style=\"margin-left: 46px; float: left; width: 231px; text-align: left;\">\n<div style=\"padding-top: 14px; color: #e18003; font-size: 18px; text-indent: -7px; float: left;\">\u2780<\/div>\n<h3 style=\"padding-left: 17px; color: #888888; line-height: 19px; font-size: 16px;\">Korucunun g&#x00f6;r&#x00fc;n&#x00fc;m&#x00fc;n&#x00fc; geli&#x015f;tirmek ve &#x00fc;nl&#x00fc; olabilmek i&#x00e7;in onlarca pop&#x00fc;ler e&#x015f;yalardan se&#x00e7;.<\/h3>\n<div style=\"padding-top: -3px; color: #e18003; font-size: 18px; text-indent: -7px; float: left;\">\u2781<\/div>\n<h3 style=\"padding-top: 2px; padding-left: 17px; color: #808080; line-height: 19px; font-size: 16px;\">Varolan dinozor ve silahlar&#x0131;n&#x0131;z&#x0131; g&#x00f6;rmek i&#x00e7;in h&#x0131;zl&#x0131; eri&#x015f;im k&#x0131;sa yollar&#x0131;n&#x0131; kullan&#x0131;n.<\/h3>\n<div style=\"padding-top: -3px; color: #e18003; font-size: 18px; text-indent: -7px; float: left;\">\u2782<\/div>\n<h3 style=\"padding-top: 2px; padding-left: 17px; color: #737373; line-height: 19px; font-size: 16px;\">&#x015e;uanki levelinizi, &#x015f;&#x00f6;hret puan&#x0131;n&#x0131;z&#x0131;, kabile &#x00fc;yelikleriniz gibi korucu detaylar&#x0131;n&#x0131; g&#x00f6;r.<\/h3>\n<div style=\"padding-top: -3px; color: #e18003; font-size: 18px; text-indent: -7px; float: left;\">\u2783<\/div>\n<h3 style=\"padding-top: 2px; padding-left: 17px; color: #737373; line-height: 19px; font-size: 16px;\">Korucunu 3B g&#x00f6;r&#x00fc;n&#x00fc;m&#x00fc;nde incele.<\/h3>\n<\/div>\n<p><img loading=\"lazy\" decoding=\"async\" class=\"alignright size-full wp-image-8734 colorbox-8764\" style=\"margin-top: -77px; margin-right: 46px;\" alt=\"Dino Storm \u2013 Korucu Profili\" src=\"http:\/\/dinostorm.com\/wp-content\/uploads\/2014\/05\/dino.storm_.ranger.profile.png\" width=\"612\" height=\"430\" srcset=\"https:\/\/dinostorm.com\/wp-content\/uploads\/2014\/05\/dino.storm_.ranger.profile.png 612w, https:\/\/dinostorm.com\/wp-content\/uploads\/2014\/05\/dino.storm_.ranger.profile-300x211.png 300w\" sizes=\"auto, (max-width: 612px) 100vw, 612px\" \/><\/p>\n<h2 style=\"clear: both; font-size: 25px; padding-top: 20px; margin-right: 46px; text-align: right;\">Dinozor &#038; Silah Profili<\/h2>\n<p><img loading=\"lazy\" decoding=\"async\" class=\"alignleft size-full wp-image-8733 colorbox-8764\" style=\"margin-top: -37px; margin-left: 46px;\" alt=\"Dino Storm \u2013 Dinozor &#038; Silah Profili\" src=\"http:\/\/dinostorm.com\/wp-content\/uploads\/2014\/05\/dino.storm_.dino_.profile.jpg\" width=\"612\" height=\"440\" srcset=\"https:\/\/dinostorm.com\/wp-content\/uploads\/2014\/05\/dino.storm_.dino_.profile.jpg 612w, https:\/\/dinostorm.com\/wp-content\/uploads\/2014\/05\/dino.storm_.dino_.profile-300x216.jpg 300w\" sizes=\"auto, (max-width: 612px) 100vw, 612px\" \/><\/p>\n<div style=\"margin-right: 46px; float: right; width: 231px; text-align: left;\">\n<div style=\"padding-top: 14px; color: #e18003; font-size: 18px; text-indent: -7px; float: left;\">\u2780<\/div>\n<h3 style=\"padding-left: 17px; color: #737373; line-height: 19px; font-size: 16px;\">T&#x00fc;m dinozorlar, silahlar ve eklentiler aras&#x0131;nda kolayca ge&#x00e7;i&#x015f; yap&#x0131;n.<\/h3>\n<div style=\"padding-top: -3px; color: #e18003; font-size: 18px; text-indent: -7px; float: left;\">\u2781<\/div>\n<h3 style=\"padding-top: 2px; padding-left: 17px; color: #737373; line-height: 19px; font-size: 16px;\">T&#x00fc;m donan&#x0131;mlar&#x0131;n&#x0131;z&#x0131; y&#x00f6;netin ve kar&#x015f;&#x0131;la&#x015f;t&#x0131;r&#x0131;n, aktif olmayanlar&#x0131; bile.<\/h3>\n<div style=\"padding-top: -3px; color: #e18003; font-size: 18px; text-indent: -7px; float: left;\">\u2782<\/div>\n<h3 style=\"padding-top: 2px; padding-left: 17px; color: #737373; line-height: 19px; font-size: 16px;\">Dinozorlar&#x0131;n&#x0131;z&#x0131;n ve silahlar&#x0131;n&#x0131;z&#x0131;n sava&#x015f; becerilerini inceleyin.<\/h3>\n<div style=\"padding-top: -3px; color: #e18003; font-size: 18px; text-indent: -7px; float: left;\">\u2783<\/div>\n<h3 style=\"padding-top: 2px; padding-left: 17px; color: #737373; line-height: 19px; font-size: 16px;\">Dinozorlar&#x0131;n&#x0131;z&#x0131; ve silahlar&#x0131;n&#x0131;z&#x0131; g&#x00fc;&#x00e7;l&#x00fc; eklentilerle geli&#x015f;tirin.<\/h3>\n<div style=\"padding-top: -3px; color: #e18003; font-size: 18px; text-indent: -7px; float: left;\">\u2784<\/div>\n<h3 style=\"padding-top: 2px; padding-left: 17px; color: #737373; line-height: 19px; font-size: 16px;\">B&#x00fc;t&#x00fc;n donan&#x0131;m y&#x00fc;kseltmelerini yerinde yap&#x0131;n &#x2014; tek yapman&#x0131;z gereken y&#x00fc;kseltme g&#x00f6;r&#x00fc;n&#x00fc;m&#x00fc;ne ge&#x00e7;mek.<\/h3>\n<\/div>\n<h2 style=\"clear: both; font-size: 27px; padding-top: 20px; margin-left: 39px;\">Y&#x00fc;kseltme G&#x00f6;r&#x00fc;n&#x00fc;m&#x00fc;<\/h2>\n<div style=\"margin-left: 46px; float: left; width: 231px; text-align: left;\">\n<div style=\"padding-top: 14px; color: #e18003; font-size: 18px; text-indent: -7px; float: left;\">\u2780<\/div>\n<h3 style=\"padding-left: 17px; color: #737373; line-height: 19px; font-size: 16px;\">Mevcut y&#x00fc;kseltme i&#x00e7;in malzemeler listesini a&#x00e7;&#x0131;n. Onlar&#x0131; nas&#x0131;l bulabilece&#x011f;ini g&#x00f6;rmek i&#x00e7;in her e&#x015f;yan&#x0131;n yan&#x0131;ndaki + butonuna t&#x0131;klay&#x0131;n.<\/h3>\n<div style=\"padding-top: -3px; color: #e18003; font-size: 18px; text-indent: -7px; float: left;\">\u2781<\/div>\n<h3 style=\"padding-top: 2px; padding-left: 17px; color: #737373; line-height: 19px; font-size: 16px;\">&#x015e;uan ki y&#x00fc;kseltmenin sa&#x011f;lad&#x0131;&#x011f;&#x0131; geli&#x015f;tirilmi&#x015f; &#x00f6;zellikleri g&#x00f6;r.<\/h3>\n<div style=\"padding-top: -3px; color: #e18003; font-size: 18px; text-indent: -7px; float: left;\">\u2782<\/div>\n<h3 style=\"padding-top: 2px; padding-left: 17px; color: #737373; line-height: 19px; font-size: 16px;\">Hala malzemeye ihtiyac&#x0131;n&#x0131;z olsa bile y&#x00fc;kseltme i&#x015f;lemine ba&#x015f;lay&#x0131;n; Eksik e&#x015f;yalar an&#x0131;nda sat&#x0131;n al&#x0131;nabilir.<\/h3>\n<\/div>\n<p><img loading=\"lazy\" decoding=\"async\" class=\"alignright size-full wp-image-8735 colorbox-8764\" style=\"margin-top: -57px; margin-right: 46px;\" alt=\"Dino Storm \u2013 Y&#x00fc;kseltme G&#x00f6;r&#x00fc;n&#x00fc;m&#x00fc;\" src=\"http:\/\/dinostorm.com\/wp-content\/uploads\/2014\/05\/dino.storm_.upgrade.window.jpg\" width=\"612\" height=\"440\" srcset=\"https:\/\/dinostorm.com\/wp-content\/uploads\/2014\/05\/dino.storm_.upgrade.window.jpg 612w, https:\/\/dinostorm.com\/wp-content\/uploads\/2014\/05\/dino.storm_.upgrade.window-300x216.jpg 300w\" sizes=\"auto, (max-width: 612px) 100vw, 612px\" \/><\/p>\n<div class=\"full\"><img decoding=\"async\" class=\"hr3 colorbox-8764\" alt=\"separator dino storm\" src=\"\/wp-content\/themes\/arras\/images\/dinostorm\/seperator_big.png\" \/><\/div>\n","protected":false},"excerpt":{"rendered":"<p>Profil Penceresi Geri Her&#x015f;ey M&#x00fc;kemmel Profilde Toplan&#x0131;yor. B&#x00fc;t&#x00fc;n donan&#x0131;mlar&#x0131;n&#x0131;z her an yan&#x0131;n&#x0131;zda. Korucu Profili \u2780 Korucunun g&#x00f6;r&#x00fc;n&#x00fc;m&#x00fc;n&#x00fc; geli&#x015f;tirmek ve &#x00fc;nl&#x00fc; olabilmek i&#x00e7;in onlarca pop&#x00fc;ler e&#x015f;yalardan se&#x00e7;. \u2781 Varolan dinozor ve silahlar&#x0131;n&#x0131;z&#x0131; g&#x00f6;rmek i&#x00e7;in h&#x0131;zl&#x0131; eri&#x015f;im [&hellip;]<\/p>\n","protected":false},"author":10,"featured_media":-1,"parent":3706,"menu_order":0,"comment_status":"closed","ping_status":"closed","template":"pagetpl-onecolumn.php","meta":{"footnotes":"","_links_to":"","_links_to_target":""},"class_list":["post-8764","page","type-page","status-publish","has-post-thumbnail","hentry"],"yoast_head":"<!-- This site is optimized with the Yoast SEO plugin v27.3 - https:\/\/yoast.com\/product\/yoast-seo-wordpress\/ -->\n<title>Profil Penceresi - Dino Storm<\/title>\n<meta name=\"description\" content=\"Her\u015fey M\u00fckemmel Profilde Toplan\u0131yor. B\u00fct\u00fcn donan\u0131mlar\u0131n\u0131z her an yan\u0131n\u0131zda.\" \/>\n<meta name=\"robots\" content=\"index, follow, max-snippet:-1, max-image-preview:large, max-video-preview:-1\" \/>\n<link rel=\"canonical\" href=\"https:\/\/dinostorm.com\/tr\/oyun\/profil\/\" \/>\n<meta property=\"og:locale\" content=\"tr_TR\" \/>\n<meta property=\"og:type\" content=\"article\" \/>\n<meta property=\"og:title\" content=\"Profil Penceresi - Dino Storm\" \/>\n<meta property=\"og:description\" content=\"Her\u015fey M\u00fckemmel Profilde Toplan\u0131yor. B\u00fct\u00fcn donan\u0131mlar\u0131n\u0131z her an yan\u0131n\u0131zda.\" \/>\n<meta property=\"og:url\" content=\"https:\/\/dinostorm.com\/tr\/oyun\/profil\/\" \/>\n<meta property=\"og:site_name\" content=\"Dino Storm\" \/>\n<meta property=\"article:modified_time\" content=\"2013-08-27T09:16:14+00:00\" \/>\n<meta name=\"twitter:label1\" content=\"Est. reading time\" \/>\n\t<meta name=\"twitter:data1\" content=\"2 minutes\" \/>\n<script type=\"application\/ld+json\" class=\"yoast-schema-graph\">{\"@context\":\"https:\\\/\\\/schema.org\",\"@graph\":[{\"@type\":\"WebPage\",\"@id\":\"https:\\\/\\\/dinostorm.com\\\/tr\\\/oyun\\\/profil\\\/\",\"url\":\"https:\\\/\\\/dinostorm.com\\\/tr\\\/oyun\\\/profil\\\/\",\"name\":\"Profil Penceresi - Dino Storm\",\"isPartOf\":{\"@id\":\"https:\\\/\\\/dinostorm.com\\\/tr\\\/#website\"},\"primaryImageOfPage\":{\"@id\":\"https:\\\/\\\/dinostorm.com\\\/tr\\\/oyun\\\/profil\\\/#primaryimage\"},\"image\":{\"@id\":\"https:\\\/\\\/dinostorm.com\\\/tr\\\/oyun\\\/profil\\\/#primaryimage\"},\"thumbnailUrl\":\"http:\\\/\\\/dinostorm.com\\\/wp-content\\\/uploads\\\/2014\\\/05\\\/fame-dude.png\",\"datePublished\":\"2013-08-21T12:00:33+00:00\",\"dateModified\":\"2013-08-27T09:16:14+00:00\",\"description\":\"Her\u015fey M\u00fckemmel Profilde Toplan\u0131yor. B\u00fct\u00fcn donan\u0131mlar\u0131n\u0131z her an yan\u0131n\u0131zda.\",\"breadcrumb\":{\"@id\":\"https:\\\/\\\/dinostorm.com\\\/tr\\\/oyun\\\/profil\\\/#breadcrumb\"},\"inLanguage\":\"tr\",\"potentialAction\":[{\"@type\":\"ReadAction\",\"target\":[\"https:\\\/\\\/dinostorm.com\\\/tr\\\/oyun\\\/profil\\\/\"]}]},{\"@type\":\"ImageObject\",\"inLanguage\":\"tr\",\"@id\":\"https:\\\/\\\/dinostorm.com\\\/tr\\\/oyun\\\/profil\\\/#primaryimage\",\"url\":\"http:\\\/\\\/dinostorm.com\\\/wp-content\\\/uploads\\\/2014\\\/05\\\/fame-dude.png\",\"contentUrl\":\"http:\\\/\\\/dinostorm.com\\\/wp-content\\\/uploads\\\/2014\\\/05\\\/fame-dude.png\"},{\"@type\":\"BreadcrumbList\",\"@id\":\"https:\\\/\\\/dinostorm.com\\\/tr\\\/oyun\\\/profil\\\/#breadcrumb\",\"itemListElement\":[{\"@type\":\"ListItem\",\"position\":1,\"name\":\"Home\",\"item\":\"https:\\\/\\\/dinostorm.com\\\/tr\\\/\"},{\"@type\":\"ListItem\",\"position\":2,\"name\":\"Oyun\",\"item\":\"https:\\\/\\\/dinostorm.com\\\/tr\\\/oyun\\\/\"},{\"@type\":\"ListItem\",\"position\":3,\"name\":\"Profil Penceresi\"}]},{\"@type\":\"WebSite\",\"@id\":\"https:\\\/\\\/dinostorm.com\\\/tr\\\/#website\",\"url\":\"https:\\\/\\\/dinostorm.com\\\/tr\\\/\",\"name\":\"Dino Storm\",\"description\":\"\",\"potentialAction\":[{\"@type\":\"SearchAction\",\"target\":{\"@type\":\"EntryPoint\",\"urlTemplate\":\"https:\\\/\\\/dinostorm.com\\\/tr\\\/?s={search_term_string}\"},\"query-input\":{\"@type\":\"PropertyValueSpecification\",\"valueRequired\":true,\"valueName\":\"search_term_string\"}}],\"inLanguage\":\"tr\"}]}<\/script>\n<!-- \/ Yoast SEO plugin. -->","yoast_head_json":{"title":"Profil Penceresi - Dino Storm","description":"Her\u015fey M\u00fckemmel Profilde Toplan\u0131yor. B\u00fct\u00fcn donan\u0131mlar\u0131n\u0131z her an yan\u0131n\u0131zda.","robots":{"index":"index","follow":"follow","max-snippet":"max-snippet:-1","max-image-preview":"max-image-preview:large","max-video-preview":"max-video-preview:-1"},"canonical":"https:\/\/dinostorm.com\/tr\/oyun\/profil\/","og_locale":"tr_TR","og_type":"article","og_title":"Profil Penceresi - Dino Storm","og_description":"Her\u015fey M\u00fckemmel Profilde Toplan\u0131yor. B\u00fct\u00fcn donan\u0131mlar\u0131n\u0131z her an yan\u0131n\u0131zda.","og_url":"https:\/\/dinostorm.com\/tr\/oyun\/profil\/","og_site_name":"Dino Storm","article_modified_time":"2013-08-27T09:16:14+00:00","twitter_misc":{"Est. reading time":"2 minutes"},"schema":{"@context":"https:\/\/schema.org","@graph":[{"@type":"WebPage","@id":"https:\/\/dinostorm.com\/tr\/oyun\/profil\/","url":"https:\/\/dinostorm.com\/tr\/oyun\/profil\/","name":"Profil Penceresi - Dino Storm","isPartOf":{"@id":"https:\/\/dinostorm.com\/tr\/#website"},"primaryImageOfPage":{"@id":"https:\/\/dinostorm.com\/tr\/oyun\/profil\/#primaryimage"},"image":{"@id":"https:\/\/dinostorm.com\/tr\/oyun\/profil\/#primaryimage"},"thumbnailUrl":"http:\/\/dinostorm.com\/wp-content\/uploads\/2014\/05\/fame-dude.png","datePublished":"2013-08-21T12:00:33+00:00","dateModified":"2013-08-27T09:16:14+00:00","description":"Her\u015fey M\u00fckemmel Profilde Toplan\u0131yor. B\u00fct\u00fcn donan\u0131mlar\u0131n\u0131z her an yan\u0131n\u0131zda.","breadcrumb":{"@id":"https:\/\/dinostorm.com\/tr\/oyun\/profil\/#breadcrumb"},"inLanguage":"tr","potentialAction":[{"@type":"ReadAction","target":["https:\/\/dinostorm.com\/tr\/oyun\/profil\/"]}]},{"@type":"ImageObject","inLanguage":"tr","@id":"https:\/\/dinostorm.com\/tr\/oyun\/profil\/#primaryimage","url":"http:\/\/dinostorm.com\/wp-content\/uploads\/2014\/05\/fame-dude.png","contentUrl":"http:\/\/dinostorm.com\/wp-content\/uploads\/2014\/05\/fame-dude.png"},{"@type":"BreadcrumbList","@id":"https:\/\/dinostorm.com\/tr\/oyun\/profil\/#breadcrumb","itemListElement":[{"@type":"ListItem","position":1,"name":"Home","item":"https:\/\/dinostorm.com\/tr\/"},{"@type":"ListItem","position":2,"name":"Oyun","item":"https:\/\/dinostorm.com\/tr\/oyun\/"},{"@type":"ListItem","position":3,"name":"Profil Penceresi"}]},{"@type":"WebSite","@id":"https:\/\/dinostorm.com\/tr\/#website","url":"https:\/\/dinostorm.com\/tr\/","name":"Dino Storm","description":"","potentialAction":[{"@type":"SearchAction","target":{"@type":"EntryPoint","urlTemplate":"https:\/\/dinostorm.com\/tr\/?s={search_term_string}"},"query-input":{"@type":"PropertyValueSpecification","valueRequired":true,"valueName":"search_term_string"}}],"inLanguage":"tr"}]}},"_links":{"self":[{"href":"https:\/\/dinostorm.com\/tr\/wp-json\/wp\/v2\/pages\/8764","targetHints":{"allow":["GET"]}}],"collection":[{"href":"https:\/\/dinostorm.com\/tr\/wp-json\/wp\/v2\/pages"}],"about":[{"href":"https:\/\/dinostorm.com\/tr\/wp-json\/wp\/v2\/types\/page"}],"author":[{"embeddable":true,"href":"https:\/\/dinostorm.com\/tr\/wp-json\/wp\/v2\/users\/10"}],"replies":[{"embeddable":true,"href":"https:\/\/dinostorm.com\/tr\/wp-json\/wp\/v2\/comments?post=8764"}],"version-history":[{"count":0,"href":"https:\/\/dinostorm.com\/tr\/wp-json\/wp\/v2\/pages\/8764\/revisions"}],"up":[{"embeddable":true,"href":"https:\/\/dinostorm.com\/tr\/wp-json\/wp\/v2\/pages\/3706"}],"wp:featuredmedia":[{"embeddable":true,"href":"https:\/\/dinostorm.com\/tr\/wp-json\/"}],"wp:attachment":[{"href":"https:\/\/dinostorm.com\/tr\/wp-json\/wp\/v2\/media?parent=8764"}],"curies":[{"name":"wp","href":"https:\/\/api.w.org\/{rel}","templated":true}]}}