{"id":8746,"date":"2013-08-21T13:00:14","date_gmt":"2013-08-21T11:00:14","guid":{"rendered":"http:\/\/dinostorm.com\/oyun\/fame"},"modified":"2014-02-18T19:00:25","modified_gmt":"2014-02-18T17:00:25","slug":"sohret","status":"publish","type":"page","link":"https:\/\/dinostorm.com\/tr\/oyun\/sohret\/","title":{"rendered":"\u015e\u00f6hret"},"content":{"rendered":"<div class=\"teaser\"><\/div>\n<h1 class=\"headline_page width_200\"><span>\u015e\u00f6hret<\/span><\/h1>\n<p class=\"back-button back-pos200\"><a class=\"back-block\" href=\"\/tr\/oyun#overview\">Geri<\/a><\/p>\n<div class=\"full\">\n<p><img loading=\"lazy\" decoding=\"async\" class=\"wrapper_image_impl colorbox-8746\" alt=\"Fame: Dino Storm\" src=\"http:\/\/dinostorm.com\/wp-content\/uploads\/2014\/05\/fame-dude.png\" width=\"225\" height=\"140\" \/><\/p>\n<div class=\"wrapper_impl\">\n<p class=\"text-impl\">\u015eehrin en harika kahraman\u0131 olana kadar \u015f\u00f6hretinize \u015f\u00f6hret katmaya devam edin. Dinoville&#8217;nin \u015eerifi!<\/p>\n<\/div>\n<\/div>\n<div class=\"wrapper_dinolex\" style=\"float: left; width: 414px; max-height: 220px; margin-left: 40px; margin-right: 10px;\">\n<p><img loading=\"lazy\" decoding=\"async\" class=\"alignnone size-full wp-image-8725 colorbox-8746\" style=\"float: left; margin-right: 21px;\" alt=\"Dino Storm \u2013 \u015e\u00f6hret nedir?\" src=\"http:\/\/dinostorm.com\/wp-content\/uploads\/2014\/05\/dino.storm_.what_.is_.fame_.png\" width=\"140\" height=\"140\" srcset=\"https:\/\/dinostorm.com\/wp-content\/uploads\/2014\/05\/dino.storm_.what_.is_.fame_.png 140w, https:\/\/dinostorm.com\/wp-content\/uploads\/2014\/05\/dino.storm_.what_.is_.fame_-36x36.png 36w\" sizes=\"auto, (max-width: 140px) 100vw, 140px\" \/><\/p>\n<h3 style=\"margin-bottom: 6px; margin-top: -24px;\">\u015e\u00f6hret nedir?<\/h3>\n<p><span style=\"line-height: 18px;\">\u015e\u00f6hret bir nevi Dinoville&#8217;de onur ve itibar\u0131n para birimidir. Herkese ne kadar onurlu, \u00f6nemli ve \u00fcnl\u00fc oldu\u011funu g\u00f6ster!<\/span><\/p>\n<\/div>\n<div class=\"wrapper_dinolex\" style=\"width: 414px; max-height: 220px;\">\n<p><img loading=\"lazy\" decoding=\"async\" class=\"alignnone size-full wp-image-8724 colorbox-8746\" style=\"float: left; margin-right: 21px;\" alt=\"Dino Storm \u2013 Nas\u0131l \u015e\u00f6hret kazan\u0131r\u0131m?\" src=\"http:\/\/dinostorm.com\/wp-content\/uploads\/2014\/05\/dino.storm_.how_.do_.i.earn_.fame_.png\" width=\"140\" height=\"140\" srcset=\"https:\/\/dinostorm.com\/wp-content\/uploads\/2014\/05\/dino.storm_.how_.do_.i.earn_.fame_.png 140w, https:\/\/dinostorm.com\/wp-content\/uploads\/2014\/05\/dino.storm_.how_.do_.i.earn_.fame_-36x36.png 36w\" sizes=\"auto, (max-width: 140px) 100vw, 140px\" \/><\/p>\n<h3 style=\"margin-bottom: 6px; margin-top: -24px;\">Nas\u0131l \u015e\u00f6hret kazan\u0131r\u0131m?<\/h3>\n<p><span style=\"line-height: 18px;\">Modaya uygun g\u00fcnl\u00fck \u015f\u00f6hret bonusu veren k\u0131yafetler giyerek \u015f\u00f6hret kazan. Ba\u015far\u0131lar\u0131 tamamlamak da size \u015f\u00f6hret kazand\u0131r\u0131. Yumurtlama kamp\u0131n\u0131 i\u015fletmek, teleport kap\u0131lar\u0131 veya \u0130ddialar \u015f\u00f6hret i\u00e7in ticaret yapabilece\u011fin e\u015fyalar \u00fcretir.<\/span><\/p>\n<\/div>\n<div class=\"wrapper_dinolex\" style=\"float: left; width: 414px; max-height: 160px; margin-left: 40px; margin-right: 10px;\">\n<p><img loading=\"lazy\" decoding=\"async\" class=\"alignnone size-full wp-image-8723 colorbox-8746\" style=\"float: left; margin-right: 21px;\" alt=\"Dino Storm \u2013 Neden \u015e\u00f6hret kaybediyorum?\" src=\"http:\/\/dinostorm.com\/wp-content\/uploads\/2014\/05\/dino.storm_.why_.am_.i.losing.fame_.png\" width=\"140\" height=\"140\" srcset=\"https:\/\/dinostorm.com\/wp-content\/uploads\/2014\/05\/dino.storm_.why_.am_.i.losing.fame_.png 140w, https:\/\/dinostorm.com\/wp-content\/uploads\/2014\/05\/dino.storm_.why_.am_.i.losing.fame_-36x36.png 36w\" sizes=\"auto, (max-width: 140px) 100vw, 140px\" \/><\/p>\n<h3 style=\"margin-bottom: 6px; margin-top: -24px;\">Neden \u015e\u00f6hret kaybediyorum?<\/h3>\n<p><span style=\"line-height: 18px;\">\u015e\u00f6hret ge\u00e7ici bir erdemdir, bu y\u00fczden herkes her g\u00fcn bir miktar \u015e\u00f6hret kaybeder. Ne kadar \u00e7ok \u015f\u00f6hret o kadar \u00e7ok kay\u0131p demektir, kay\u0131plar\u0131 dengeleyebilmek i\u00e7in \u00e7ok \u00e7al\u0131\u015f\u0131p her zamankinden daha \u00e7ok \u00fcnl\u00fc ol!<\/span><\/p>\n<\/div>\n<div class=\"wrapper_dinolex\" style=\"width: 414px; max-height: 160px;\">\n<p><img loading=\"lazy\" decoding=\"async\" class=\"alignnone size-full wp-image-8722 colorbox-8746\" style=\"float: left; margin-right: 21px;\" alt=\"Dino Storm \u2013 \u015e\u00f6hret ile ne yapabilirim?\" src=\"http:\/\/dinostorm.com\/wp-content\/uploads\/2014\/05\/dino.storm_.what_.can_.i.do_.with_.fame_.png\" width=\"140\" height=\"140\" srcset=\"https:\/\/dinostorm.com\/wp-content\/uploads\/2014\/05\/dino.storm_.what_.can_.i.do_.with_.fame_.png 140w, https:\/\/dinostorm.com\/wp-content\/uploads\/2014\/05\/dino.storm_.what_.can_.i.do_.with_.fame_-36x36.png 36w\" sizes=\"auto, (max-width: 140px) 100vw, 140px\" \/><\/p>\n<h3 style=\"margin-bottom: 6px; margin-top: -24px;\">\u015e\u00f6hret ile ne yapabilirim?<\/h3>\n<p><span style=\"line-height: 18px;\">Belediye binas\u0131ndaki se\u00e7imler \u015f\u00f6hret puan\u0131yla belirlenir: En \u00fcnl\u00fc aday ofisin taht\u0131n\u0131 kapar, ve sadece \u015feriflik seviyesine gelince T-Rex in a\u00e7\u0131l\u0131r!<\/span><\/p>\n<\/div>\n<div class=\"full\"><img decoding=\"async\" class=\"hr3 colorbox-8746\" alt=\"separator dino storm\" src=\"\/wp-content\/themes\/arras\/images\/dinostorm\/seperator_big.png\" \/><\/div>\n","protected":false},"excerpt":{"rendered":"<p>\u015e\u00f6hret Geri \u015eehrin en harika kahraman\u0131 olana kadar \u015f\u00f6hretinize \u015f\u00f6hret katmaya devam edin. Dinoville&#8217;nin \u015eerifi! \u015e\u00f6hret nedir? \u015e\u00f6hret bir nevi Dinoville&#8217;de onur ve itibar\u0131n para birimidir. Herkese ne kadar onurlu, \u00f6nemli ve \u00fcnl\u00fc oldu\u011funu g\u00f6ster! [&hellip;]<\/p>\n","protected":false},"author":10,"featured_media":-1,"parent":3706,"menu_order":0,"comment_status":"closed","ping_status":"closed","template":"pagetpl-onecolumn.php","meta":{"footnotes":"","_links_to":"","_links_to_target":""},"class_list":["post-8746","page","type-page","status-publish","has-post-thumbnail","hentry"],"yoast_head":"<!-- This site is optimized with the Yoast SEO plugin v27.4 - https:\/\/yoast.com\/product\/yoast-seo-wordpress\/ -->\n<title>\u015e\u00f6hret - Dino Storm<\/title>\n<meta name=\"description\" content=\"\u015eehrin en harika kahraman\u0131 olana kadar \u015f\u00f6hretinize \u015f\u00f6hret katmaya devam edin. Dinoville&#039;nin \u015eerifi!\" \/>\n<meta name=\"robots\" content=\"index, follow, max-snippet:-1, max-image-preview:large, max-video-preview:-1\" \/>\n<link rel=\"canonical\" href=\"https:\/\/dinostorm.com\/tr\/oyun\/sohret\/\" \/>\n<meta property=\"og:locale\" content=\"tr_TR\" \/>\n<meta property=\"og:type\" content=\"article\" \/>\n<meta property=\"og:title\" content=\"\u015e\u00f6hret - Dino Storm\" \/>\n<meta property=\"og:description\" content=\"\u015eehrin en harika kahraman\u0131 olana kadar \u015f\u00f6hretinize \u015f\u00f6hret katmaya devam edin. Dinoville&#039;nin \u015eerifi!\" \/>\n<meta property=\"og:url\" content=\"https:\/\/dinostorm.com\/tr\/oyun\/sohret\/\" \/>\n<meta property=\"og:site_name\" content=\"Dino Storm\" \/>\n<meta property=\"article:modified_time\" content=\"2014-02-18T17:00:25+00:00\" \/>\n<meta name=\"twitter:label1\" content=\"Est. reading time\" \/>\n\t<meta name=\"twitter:data1\" content=\"1 minute\" \/>\n<script type=\"application\/ld+json\" class=\"yoast-schema-graph\">{\"@context\":\"https:\\\/\\\/schema.org\",\"@graph\":[{\"@type\":\"WebPage\",\"@id\":\"https:\\\/\\\/dinostorm.com\\\/tr\\\/oyun\\\/sohret\\\/\",\"url\":\"https:\\\/\\\/dinostorm.com\\\/tr\\\/oyun\\\/sohret\\\/\",\"name\":\"\u015e\u00f6hret - Dino Storm\",\"isPartOf\":{\"@id\":\"https:\\\/\\\/dinostorm.com\\\/tr\\\/#website\"},\"primaryImageOfPage\":{\"@id\":\"https:\\\/\\\/dinostorm.com\\\/tr\\\/oyun\\\/sohret\\\/#primaryimage\"},\"image\":{\"@id\":\"https:\\\/\\\/dinostorm.com\\\/tr\\\/oyun\\\/sohret\\\/#primaryimage\"},\"thumbnailUrl\":\"http:\\\/\\\/dinostorm.com\\\/wp-content\\\/uploads\\\/2014\\\/05\\\/fame-dude.png\",\"datePublished\":\"2013-08-21T11:00:14+00:00\",\"dateModified\":\"2014-02-18T17:00:25+00:00\",\"description\":\"\u015eehrin en harika kahraman\u0131 olana kadar \u015f\u00f6hretinize \u015f\u00f6hret katmaya devam edin. Dinoville'nin \u015eerifi!\",\"breadcrumb\":{\"@id\":\"https:\\\/\\\/dinostorm.com\\\/tr\\\/oyun\\\/sohret\\\/#breadcrumb\"},\"inLanguage\":\"tr\",\"potentialAction\":[{\"@type\":\"ReadAction\",\"target\":[\"https:\\\/\\\/dinostorm.com\\\/tr\\\/oyun\\\/sohret\\\/\"]}]},{\"@type\":\"ImageObject\",\"inLanguage\":\"tr\",\"@id\":\"https:\\\/\\\/dinostorm.com\\\/tr\\\/oyun\\\/sohret\\\/#primaryimage\",\"url\":\"http:\\\/\\\/dinostorm.com\\\/wp-content\\\/uploads\\\/2014\\\/05\\\/fame-dude.png\",\"contentUrl\":\"http:\\\/\\\/dinostorm.com\\\/wp-content\\\/uploads\\\/2014\\\/05\\\/fame-dude.png\"},{\"@type\":\"BreadcrumbList\",\"@id\":\"https:\\\/\\\/dinostorm.com\\\/tr\\\/oyun\\\/sohret\\\/#breadcrumb\",\"itemListElement\":[{\"@type\":\"ListItem\",\"position\":1,\"name\":\"Home\",\"item\":\"https:\\\/\\\/dinostorm.com\\\/tr\\\/\"},{\"@type\":\"ListItem\",\"position\":2,\"name\":\"Oyun\",\"item\":\"https:\\\/\\\/dinostorm.com\\\/tr\\\/oyun\\\/\"},{\"@type\":\"ListItem\",\"position\":3,\"name\":\"\u015e\u00f6hret\"}]},{\"@type\":\"WebSite\",\"@id\":\"https:\\\/\\\/dinostorm.com\\\/tr\\\/#website\",\"url\":\"https:\\\/\\\/dinostorm.com\\\/tr\\\/\",\"name\":\"Dino Storm\",\"description\":\"\",\"potentialAction\":[{\"@type\":\"SearchAction\",\"target\":{\"@type\":\"EntryPoint\",\"urlTemplate\":\"https:\\\/\\\/dinostorm.com\\\/tr\\\/?s={search_term_string}\"},\"query-input\":{\"@type\":\"PropertyValueSpecification\",\"valueRequired\":true,\"valueName\":\"search_term_string\"}}],\"inLanguage\":\"tr\"}]}<\/script>\n<!-- \/ Yoast SEO plugin. -->","yoast_head_json":{"title":"\u015e\u00f6hret - Dino Storm","description":"\u015eehrin en harika kahraman\u0131 olana kadar \u015f\u00f6hretinize \u015f\u00f6hret katmaya devam edin. Dinoville'nin \u015eerifi!","robots":{"index":"index","follow":"follow","max-snippet":"max-snippet:-1","max-image-preview":"max-image-preview:large","max-video-preview":"max-video-preview:-1"},"canonical":"https:\/\/dinostorm.com\/tr\/oyun\/sohret\/","og_locale":"tr_TR","og_type":"article","og_title":"\u015e\u00f6hret - Dino Storm","og_description":"\u015eehrin en harika kahraman\u0131 olana kadar \u015f\u00f6hretinize \u015f\u00f6hret katmaya devam edin. Dinoville'nin \u015eerifi!","og_url":"https:\/\/dinostorm.com\/tr\/oyun\/sohret\/","og_site_name":"Dino Storm","article_modified_time":"2014-02-18T17:00:25+00:00","twitter_misc":{"Est. reading time":"1 minute"},"schema":{"@context":"https:\/\/schema.org","@graph":[{"@type":"WebPage","@id":"https:\/\/dinostorm.com\/tr\/oyun\/sohret\/","url":"https:\/\/dinostorm.com\/tr\/oyun\/sohret\/","name":"\u015e\u00f6hret - Dino Storm","isPartOf":{"@id":"https:\/\/dinostorm.com\/tr\/#website"},"primaryImageOfPage":{"@id":"https:\/\/dinostorm.com\/tr\/oyun\/sohret\/#primaryimage"},"image":{"@id":"https:\/\/dinostorm.com\/tr\/oyun\/sohret\/#primaryimage"},"thumbnailUrl":"http:\/\/dinostorm.com\/wp-content\/uploads\/2014\/05\/fame-dude.png","datePublished":"2013-08-21T11:00:14+00:00","dateModified":"2014-02-18T17:00:25+00:00","description":"\u015eehrin en harika kahraman\u0131 olana kadar \u015f\u00f6hretinize \u015f\u00f6hret katmaya devam edin. Dinoville'nin \u015eerifi!","breadcrumb":{"@id":"https:\/\/dinostorm.com\/tr\/oyun\/sohret\/#breadcrumb"},"inLanguage":"tr","potentialAction":[{"@type":"ReadAction","target":["https:\/\/dinostorm.com\/tr\/oyun\/sohret\/"]}]},{"@type":"ImageObject","inLanguage":"tr","@id":"https:\/\/dinostorm.com\/tr\/oyun\/sohret\/#primaryimage","url":"http:\/\/dinostorm.com\/wp-content\/uploads\/2014\/05\/fame-dude.png","contentUrl":"http:\/\/dinostorm.com\/wp-content\/uploads\/2014\/05\/fame-dude.png"},{"@type":"BreadcrumbList","@id":"https:\/\/dinostorm.com\/tr\/oyun\/sohret\/#breadcrumb","itemListElement":[{"@type":"ListItem","position":1,"name":"Home","item":"https:\/\/dinostorm.com\/tr\/"},{"@type":"ListItem","position":2,"name":"Oyun","item":"https:\/\/dinostorm.com\/tr\/oyun\/"},{"@type":"ListItem","position":3,"name":"\u015e\u00f6hret"}]},{"@type":"WebSite","@id":"https:\/\/dinostorm.com\/tr\/#website","url":"https:\/\/dinostorm.com\/tr\/","name":"Dino Storm","description":"","potentialAction":[{"@type":"SearchAction","target":{"@type":"EntryPoint","urlTemplate":"https:\/\/dinostorm.com\/tr\/?s={search_term_string}"},"query-input":{"@type":"PropertyValueSpecification","valueRequired":true,"valueName":"search_term_string"}}],"inLanguage":"tr"}]}},"_links":{"self":[{"href":"https:\/\/dinostorm.com\/tr\/wp-json\/wp\/v2\/pages\/8746","targetHints":{"allow":["GET"]}}],"collection":[{"href":"https:\/\/dinostorm.com\/tr\/wp-json\/wp\/v2\/pages"}],"about":[{"href":"https:\/\/dinostorm.com\/tr\/wp-json\/wp\/v2\/types\/page"}],"author":[{"embeddable":true,"href":"https:\/\/dinostorm.com\/tr\/wp-json\/wp\/v2\/users\/10"}],"replies":[{"embeddable":true,"href":"https:\/\/dinostorm.com\/tr\/wp-json\/wp\/v2\/comments?post=8746"}],"version-history":[{"count":0,"href":"https:\/\/dinostorm.com\/tr\/wp-json\/wp\/v2\/pages\/8746\/revisions"}],"up":[{"embeddable":true,"href":"https:\/\/dinostorm.com\/tr\/wp-json\/wp\/v2\/pages\/3706"}],"wp:featuredmedia":[{"embeddable":true,"href":"https:\/\/dinostorm.com\/tr\/wp-json\/"}],"wp:attachment":[{"href":"https:\/\/dinostorm.com\/tr\/wp-json\/wp\/v2\/media?parent=8746"}],"curies":[{"name":"wp","href":"https:\/\/api.w.org\/{rel}","templated":true}]}}