{"id":3785,"date":"2012-10-18T09:14:03","date_gmt":"2012-10-18T07:14:03","guid":{"rendered":"http:\/\/dinostorm.com\/?page_id=3785"},"modified":"2021-06-17T14:54:15","modified_gmt":"2021-06-17T12:54:15","slug":"baristirici","status":"publish","type":"page","link":"https:\/\/dinostorm.com\/tr\/oyun\/silah-sozlugu\/baristirici\/","title":{"rendered":"Bar\u0131\u015ft\u0131r\u0131c\u0131"},"content":{"rendered":"<div class=\"teaser\"><\/div>\n<h1 class=\"headline_page width_350\"><span>Bar\u0131\u015ft\u0131r\u0131c\u0131<\/span><\/h1>\n<p class=\"back-button back-pos350\"><a class=\"back-block\" href=\"\/tr\/oyun\/silah-sozlugu\">Geri<\/a><\/p>\n<div class=\"two_thirds\">\n<h2 class=\"headline-lex\"><span>Dino Storm&#8217;daki &#8220;Bar\u0131\u015ft\u0131r\u0131c\u0131&#8221;<\/span><\/h2>\n<div class=\"banner_lex\">\n<p class=\"banner_text_lex text_lex\"><strong>Bar\u0131\u015ft\u0131r\u0131c\u0131<\/strong> uzun menzilli bir lazer silah\u0131d\u0131r. Bu menzil avantaj\u0131 her yeni seviyede daha da belirgin hale gelir.<\/p>\n<div style=\"margin-right: 29px; float: left; width: 10px; text-align: left; position: relative; top: 40px; left: 30px\">\n<strong class=\"text_lex\" style=\"position: relative; top: 12px\">Hasar:<\/strong><br \/>\n<strong class=\"text_lex\" style=\"position: relative; top: 30px\">At\u0131\u015f&nbsp;S\u0131kl\u0131\u011f\u0131:<\/strong><br \/>\n<strong class=\"text_lex\" style=\"position: relative; top: 50px\">Menzil:<\/strong>\n<\/div>\n<div style=\"margin-right: 20px; float: left; width: 118px; text-align: left; position: relative; top: 70px; left: 10px\">\n<img decoding=\"async\" class=\"skill_image_lex colorbox-3785\" src=\"\/wp-content\/themes\/arras\/images\/dinostorm\/Dinos\/bar_strength_3.png\" alt=\"Dino Storm'da Bar\u0131\u015ft\u0131r\u0131c\u0131'un Temel Hasar seviyesi 3't\u00fcr.\" title=\"Temel Hasar Seviyesi: 3\".\"\/><br \/>\n<img decoding=\"async\" class=\"skill_image_lex colorbox-3785\" src=\"\/wp-content\/themes\/arras\/images\/dinostorm\/Dinos\/bar_endurance_3.png\" alt=\"Dino Storm'da Bar\u0131\u015ft\u0131r\u0131c\u0131'un Temel At\u0131\u015f S\u0131kl\u0131\u011f\u0131 seviyesi 3't\u00fcr.\" title=\"Temel At\u0131\u015f S\u0131kl\u0131\u011f\u0131 Seviyesi: 3\"\/><br \/>\n<img decoding=\"async\" class=\"skill_image_lex colorbox-3785\" src=\"\/wp-content\/themes\/arras\/images\/dinostorm\/Dinos\/bar_health_5.png\" alt=\"Dino Storm'da Bar\u0131\u015ft\u0131r\u0131c\u0131'un Temel Menzil seviyesi 5't\u00fcr.\" title=\"Temel Menzil Seviyesi: 5\"\/>\n<\/div>\n<\/div>\n<div class=\"one_third\">\n<img decoding=\"async\" class=\"weapon_lex_2 colorbox-3785\" src=\"\/wp-content\/themes\/arras\/images\/dinostorm\/peacemaker.png\" alt=\"Bar\u0131\u015ft\u0131r\u0131c\u0131 Dino Storm\"\/>\n<\/div>\n<\/div>\n<div class=\"clear\"><\/div>\n<div class=\"one_third\">\n<h3 class=\"headlinelex2_1\">&#8220;Bar\u0131\u015ft\u0131r\u0131c\u0131&#8221;&#8216;un Lazer Silah\u0131 Becerileri<\/h3>\n<div class=\"banner_lex2\">\n<span class=\"icon_skill_top float-left\"><img class=\"colorbox-3785\"  decoding=\"async\" src=\"\/wp-content\/themes\/arras\/images\/dinostorm\/skill_peacemaker_01.png\" alt=\"Dino Storm'da Vadi I\u015f\u0131n\u0131 Bar\u0131\u015ft\u0131r\u0131c\u0131'un \u00f6zel bir silah becerisidir.\" title=\"Beceri: Vadi I\u015f\u0131n\u0131\"\/><\/span><\/p>\n<div class=\"skill-wrapper\"><span class=\"icon_skill_title\">Vadi I\u015f\u0131n\u0131<\/span><\/p>\n<p class=\"icon_skill_text\">Uzak menzilli sald\u0131r\u0131. <span style=\"color: #ff7200;\">Ek&nbsp;G\u00fc\u00e7:<\/span> Menzili art\u0131r\u0131r.\n<\/p>\n<\/div>\n<p><span class=\"clear\"><!-- --><\/span><span class=\"icon_skill_top float-left\"><img class=\"colorbox-3785\"  decoding=\"async\" src=\"\/wp-content\/themes\/arras\/images\/dinostorm\/skill_peacemaker_02.png\" alt=\"Dino Storm'da Av Yap\u0131c\u0131 Bar\u0131\u015ft\u0131r\u0131c\u0131'un \u00f6zel bir silah becerisidir.\" title=\"Beceri: Av Yap\u0131c\u0131\"\/><\/span><\/p>\n<div class=\"skill-wrapper-bottom\"><span class=\"icon_skill_title\">Av Yap\u0131c\u0131<\/span><\/p>\n<p class=\"icon_skill_text\">Orta ve uzak menzilli sald\u0131r\u0131. <span style=\"color: #ff7200;\">Ek&nbsp;G\u00fc\u00e7:<\/span> Hedefi fel\u00e7 eder.\n<\/p>\n<\/div>\n<p><span class=\"clear\"><!-- --><\/span><\/p>\n<\/div>\n<\/div>\n<div class=\"two_thirds\">\n<h3 class=\"headlinelex2_2\">&#8220;Bar\u0131\u015ft\u0131r\u0131c\u0131&#8221; hakk\u0131nda Lazer Silah\u0131 Bilgileri<\/h3>\n<div class=\"fact_lex\">\n<p>Bar\u0131\u015ft\u0131r\u0131c\u0131 Hakk\u0131nda Bilgiler hassas t\u00fcfeklerin atalar\u0131, ilk yerle\u015fimcilerin yolculuklar\u0131nda ba\u015far\u0131yla kulland\u0131klar\u0131 eski av t\u00fcfekleridir.<\/p>\n<p> Bar\u0131\u015ft\u0131r\u0131c\u0131, hedeflerine olduk\u00e7a uzak bir mesafeden isabet edebilmeleri i\u00e7in geli\u015ftirilmi\u015fti. Delici g\u00fcc\u00fc hedefleri az ama \u00f6z at\u0131\u015flarla indirmeye olanak sa\u011flar.<\/p>\n<p>\u0130lk kez Dinoville Vadisi Sava\u015f\u0131&#8217;nda kullan\u0131lan Bar\u0131\u015ft\u0131r\u0131c\u0131, sava\u015f\u0131n akibetini kolonicilerin lehine \u00e7evirdi\u011fi andan beri Dinoville tarihindeki yerini ald\u0131. \u015eimdilerde bu lazer silah\u0131 hak aramada tercih edilen silaht\u0131r, ve ayr\u0131ca kabile sava\u015flar\u0131nda \u00f6nemli bir rol de oynayabilir.<\/p>\n<\/div>\n<\/div>\n<div class=\"full\">\n<img decoding=\"async\" class=\"hr3 margin35 colorbox-3785\" src=\"\/wp-content\/themes\/arras\/images\/dinostorm\/seperator_big.png\" alt=\"separator dino storm\" \/>\n<\/div>\n","protected":false},"excerpt":{"rendered":"<p>Bar\u0131\u015ft\u0131r\u0131c\u0131 Geri Dino Storm&#8217;daki &#8220;Bar\u0131\u015ft\u0131r\u0131c\u0131&#8221; Bar\u0131\u015ft\u0131r\u0131c\u0131 uzun menzilli bir lazer silah\u0131d\u0131r. Bu menzil avantaj\u0131 her yeni seviyede daha da belirgin hale gelir. Hasar: At\u0131\u015f&nbsp;S\u0131kl\u0131\u011f\u0131: Menzil:<\/p>\n","protected":false},"author":26,"featured_media":15052,"parent":1738,"menu_order":0,"comment_status":"closed","ping_status":"closed","template":"pagetpl-onecolumn.php","meta":{"footnotes":"","_links_to":"","_links_to_target":""},"class_list":["post-3785","page","type-page","status-publish","has-post-thumbnail","hentry"],"yoast_head":"<!-- This site is optimized with the Yoast SEO plugin v27.4 - https:\/\/yoast.com\/product\/yoast-seo-wordpress\/ -->\n<title>Bar\u0131\u015ft\u0131r\u0131c\u0131 - Dino Storm<\/title>\n<meta name=\"description\" content=\"Bar\u0131\u015ft\u0131r\u0131c\u0131 Dino Storm&#039;da uzun menzilli bir lazer silah\u0131d\u0131r. Buradan Dino Storm&#039;un Bar\u0131\u015ft\u0131r\u0131c\u0131s\u0131 hakk\u0131ndaki t\u00fcm faydal\u0131 bilgilere ve becerilere ula\u015fabilirsin.\" \/>\n<meta name=\"robots\" content=\"index, follow, max-snippet:-1, max-image-preview:large, max-video-preview:-1\" \/>\n<link rel=\"canonical\" href=\"https:\/\/dinostorm.com\/tr\/oyun\/silah-sozlugu\/baristirici\/\" \/>\n<meta property=\"og:locale\" content=\"tr_TR\" \/>\n<meta property=\"og:type\" content=\"article\" \/>\n<meta property=\"og:title\" content=\"Bar\u0131\u015ft\u0131r\u0131c\u0131 - Dino Storm\" \/>\n<meta property=\"og:description\" content=\"Bar\u0131\u015ft\u0131r\u0131c\u0131 Dino Storm&#039;da uzun menzilli bir lazer silah\u0131d\u0131r. Buradan Dino Storm&#039;un Bar\u0131\u015ft\u0131r\u0131c\u0131s\u0131 hakk\u0131ndaki t\u00fcm faydal\u0131 bilgilere ve becerilere ula\u015fabilirsin.\" \/>\n<meta property=\"og:url\" content=\"https:\/\/dinostorm.com\/tr\/oyun\/silah-sozlugu\/baristirici\/\" \/>\n<meta property=\"og:site_name\" content=\"Dino Storm\" \/>\n<meta property=\"article:modified_time\" content=\"2021-06-17T12:54:15+00:00\" \/>\n<meta property=\"og:image\" content=\"https:\/\/dinostorm.com\/wp-content\/uploads\/2012\/09\/ds_jungle_01.jpg\" \/>\n\t<meta property=\"og:image:width\" content=\"1280\" \/>\n\t<meta property=\"og:image:height\" content=\"720\" \/>\n\t<meta property=\"og:image:type\" content=\"image\/jpeg\" \/>\n<script type=\"application\/ld+json\" class=\"yoast-schema-graph\">{\"@context\":\"https:\\\/\\\/schema.org\",\"@graph\":[{\"@type\":\"WebPage\",\"@id\":\"https:\\\/\\\/dinostorm.com\\\/tr\\\/oyun\\\/silah-sozlugu\\\/baristirici\\\/\",\"url\":\"https:\\\/\\\/dinostorm.com\\\/tr\\\/oyun\\\/silah-sozlugu\\\/baristirici\\\/\",\"name\":\"Bar\u0131\u015ft\u0131r\u0131c\u0131 - Dino Storm\",\"isPartOf\":{\"@id\":\"https:\\\/\\\/dinostorm.com\\\/tr\\\/#website\"},\"primaryImageOfPage\":{\"@id\":\"https:\\\/\\\/dinostorm.com\\\/tr\\\/oyun\\\/silah-sozlugu\\\/baristirici\\\/#primaryimage\"},\"image\":{\"@id\":\"https:\\\/\\\/dinostorm.com\\\/tr\\\/oyun\\\/silah-sozlugu\\\/baristirici\\\/#primaryimage\"},\"thumbnailUrl\":\"https:\\\/\\\/dinostorm.com\\\/wp-content\\\/uploads\\\/2012\\\/09\\\/ds_jungle_01.jpg\",\"datePublished\":\"2012-10-18T07:14:03+00:00\",\"dateModified\":\"2021-06-17T12:54:15+00:00\",\"description\":\"Bar\u0131\u015ft\u0131r\u0131c\u0131 Dino Storm'da uzun menzilli bir lazer silah\u0131d\u0131r. Buradan Dino Storm'un Bar\u0131\u015ft\u0131r\u0131c\u0131s\u0131 hakk\u0131ndaki t\u00fcm faydal\u0131 bilgilere ve becerilere ula\u015fabilirsin.\",\"breadcrumb\":{\"@id\":\"https:\\\/\\\/dinostorm.com\\\/tr\\\/oyun\\\/silah-sozlugu\\\/baristirici\\\/#breadcrumb\"},\"inLanguage\":\"tr\",\"potentialAction\":[{\"@type\":\"ReadAction\",\"target\":[\"https:\\\/\\\/dinostorm.com\\\/tr\\\/oyun\\\/silah-sozlugu\\\/baristirici\\\/\"]}]},{\"@type\":\"ImageObject\",\"inLanguage\":\"tr\",\"@id\":\"https:\\\/\\\/dinostorm.com\\\/tr\\\/oyun\\\/silah-sozlugu\\\/baristirici\\\/#primaryimage\",\"url\":\"https:\\\/\\\/dinostorm.com\\\/wp-content\\\/uploads\\\/2012\\\/09\\\/ds_jungle_01.jpg\",\"contentUrl\":\"https:\\\/\\\/dinostorm.com\\\/wp-content\\\/uploads\\\/2012\\\/09\\\/ds_jungle_01.jpg\",\"width\":1280,\"height\":720,\"caption\":\"Beware of dangerous bandits in Mokon Woods are everywhere.\"},{\"@type\":\"BreadcrumbList\",\"@id\":\"https:\\\/\\\/dinostorm.com\\\/tr\\\/oyun\\\/silah-sozlugu\\\/baristirici\\\/#breadcrumb\",\"itemListElement\":[{\"@type\":\"ListItem\",\"position\":1,\"name\":\"Home\",\"item\":\"https:\\\/\\\/dinostorm.com\\\/tr\\\/\"},{\"@type\":\"ListItem\",\"position\":2,\"name\":\"Oyun\",\"item\":\"https:\\\/\\\/dinostorm.com\\\/tr\\\/oyun\\\/\"},{\"@type\":\"ListItem\",\"position\":3,\"name\":\"Silah S\u00f6zl\u00fcg\u00fc\",\"item\":\"https:\\\/\\\/dinostorm.com\\\/tr\\\/oyun\\\/silah-sozlugu\\\/\"},{\"@type\":\"ListItem\",\"position\":4,\"name\":\"Bar\u0131\u015ft\u0131r\u0131c\u0131\"}]},{\"@type\":\"WebSite\",\"@id\":\"https:\\\/\\\/dinostorm.com\\\/tr\\\/#website\",\"url\":\"https:\\\/\\\/dinostorm.com\\\/tr\\\/\",\"name\":\"Dino Storm\",\"description\":\"\",\"potentialAction\":[{\"@type\":\"SearchAction\",\"target\":{\"@type\":\"EntryPoint\",\"urlTemplate\":\"https:\\\/\\\/dinostorm.com\\\/tr\\\/?s={search_term_string}\"},\"query-input\":{\"@type\":\"PropertyValueSpecification\",\"valueRequired\":true,\"valueName\":\"search_term_string\"}}],\"inLanguage\":\"tr\"}]}<\/script>\n<!-- \/ Yoast SEO plugin. -->","yoast_head_json":{"title":"Bar\u0131\u015ft\u0131r\u0131c\u0131 - Dino Storm","description":"Bar\u0131\u015ft\u0131r\u0131c\u0131 Dino Storm'da uzun menzilli bir lazer silah\u0131d\u0131r. Buradan Dino Storm'un Bar\u0131\u015ft\u0131r\u0131c\u0131s\u0131 hakk\u0131ndaki t\u00fcm faydal\u0131 bilgilere ve becerilere ula\u015fabilirsin.","robots":{"index":"index","follow":"follow","max-snippet":"max-snippet:-1","max-image-preview":"max-image-preview:large","max-video-preview":"max-video-preview:-1"},"canonical":"https:\/\/dinostorm.com\/tr\/oyun\/silah-sozlugu\/baristirici\/","og_locale":"tr_TR","og_type":"article","og_title":"Bar\u0131\u015ft\u0131r\u0131c\u0131 - Dino Storm","og_description":"Bar\u0131\u015ft\u0131r\u0131c\u0131 Dino Storm'da uzun menzilli bir lazer silah\u0131d\u0131r. Buradan Dino Storm'un Bar\u0131\u015ft\u0131r\u0131c\u0131s\u0131 hakk\u0131ndaki t\u00fcm faydal\u0131 bilgilere ve becerilere ula\u015fabilirsin.","og_url":"https:\/\/dinostorm.com\/tr\/oyun\/silah-sozlugu\/baristirici\/","og_site_name":"Dino Storm","article_modified_time":"2021-06-17T12:54:15+00:00","og_image":[{"width":1280,"height":720,"url":"https:\/\/dinostorm.com\/wp-content\/uploads\/2012\/09\/ds_jungle_01.jpg","type":"image\/jpeg"}],"schema":{"@context":"https:\/\/schema.org","@graph":[{"@type":"WebPage","@id":"https:\/\/dinostorm.com\/tr\/oyun\/silah-sozlugu\/baristirici\/","url":"https:\/\/dinostorm.com\/tr\/oyun\/silah-sozlugu\/baristirici\/","name":"Bar\u0131\u015ft\u0131r\u0131c\u0131 - Dino Storm","isPartOf":{"@id":"https:\/\/dinostorm.com\/tr\/#website"},"primaryImageOfPage":{"@id":"https:\/\/dinostorm.com\/tr\/oyun\/silah-sozlugu\/baristirici\/#primaryimage"},"image":{"@id":"https:\/\/dinostorm.com\/tr\/oyun\/silah-sozlugu\/baristirici\/#primaryimage"},"thumbnailUrl":"https:\/\/dinostorm.com\/wp-content\/uploads\/2012\/09\/ds_jungle_01.jpg","datePublished":"2012-10-18T07:14:03+00:00","dateModified":"2021-06-17T12:54:15+00:00","description":"Bar\u0131\u015ft\u0131r\u0131c\u0131 Dino Storm'da uzun menzilli bir lazer silah\u0131d\u0131r. Buradan Dino Storm'un Bar\u0131\u015ft\u0131r\u0131c\u0131s\u0131 hakk\u0131ndaki t\u00fcm faydal\u0131 bilgilere ve becerilere ula\u015fabilirsin.","breadcrumb":{"@id":"https:\/\/dinostorm.com\/tr\/oyun\/silah-sozlugu\/baristirici\/#breadcrumb"},"inLanguage":"tr","potentialAction":[{"@type":"ReadAction","target":["https:\/\/dinostorm.com\/tr\/oyun\/silah-sozlugu\/baristirici\/"]}]},{"@type":"ImageObject","inLanguage":"tr","@id":"https:\/\/dinostorm.com\/tr\/oyun\/silah-sozlugu\/baristirici\/#primaryimage","url":"https:\/\/dinostorm.com\/wp-content\/uploads\/2012\/09\/ds_jungle_01.jpg","contentUrl":"https:\/\/dinostorm.com\/wp-content\/uploads\/2012\/09\/ds_jungle_01.jpg","width":1280,"height":720,"caption":"Beware of dangerous bandits in Mokon Woods are everywhere."},{"@type":"BreadcrumbList","@id":"https:\/\/dinostorm.com\/tr\/oyun\/silah-sozlugu\/baristirici\/#breadcrumb","itemListElement":[{"@type":"ListItem","position":1,"name":"Home","item":"https:\/\/dinostorm.com\/tr\/"},{"@type":"ListItem","position":2,"name":"Oyun","item":"https:\/\/dinostorm.com\/tr\/oyun\/"},{"@type":"ListItem","position":3,"name":"Silah S\u00f6zl\u00fcg\u00fc","item":"https:\/\/dinostorm.com\/tr\/oyun\/silah-sozlugu\/"},{"@type":"ListItem","position":4,"name":"Bar\u0131\u015ft\u0131r\u0131c\u0131"}]},{"@type":"WebSite","@id":"https:\/\/dinostorm.com\/tr\/#website","url":"https:\/\/dinostorm.com\/tr\/","name":"Dino Storm","description":"","potentialAction":[{"@type":"SearchAction","target":{"@type":"EntryPoint","urlTemplate":"https:\/\/dinostorm.com\/tr\/?s={search_term_string}"},"query-input":{"@type":"PropertyValueSpecification","valueRequired":true,"valueName":"search_term_string"}}],"inLanguage":"tr"}]}},"_links":{"self":[{"href":"https:\/\/dinostorm.com\/tr\/wp-json\/wp\/v2\/pages\/3785","targetHints":{"allow":["GET"]}}],"collection":[{"href":"https:\/\/dinostorm.com\/tr\/wp-json\/wp\/v2\/pages"}],"about":[{"href":"https:\/\/dinostorm.com\/tr\/wp-json\/wp\/v2\/types\/page"}],"author":[{"embeddable":true,"href":"https:\/\/dinostorm.com\/tr\/wp-json\/wp\/v2\/users\/26"}],"replies":[{"embeddable":true,"href":"https:\/\/dinostorm.com\/tr\/wp-json\/wp\/v2\/comments?post=3785"}],"version-history":[{"count":1,"href":"https:\/\/dinostorm.com\/tr\/wp-json\/wp\/v2\/pages\/3785\/revisions"}],"predecessor-version":[{"id":230156,"href":"https:\/\/dinostorm.com\/tr\/wp-json\/wp\/v2\/pages\/3785\/revisions\/230156"}],"up":[{"embeddable":true,"href":"https:\/\/dinostorm.com\/tr\/wp-json\/wp\/v2\/pages\/1738"}],"wp:featuredmedia":[{"embeddable":true,"href":"https:\/\/dinostorm.com\/tr\/wp-json\/wp\/v2\/media\/15052"}],"wp:attachment":[{"href":"https:\/\/dinostorm.com\/tr\/wp-json\/wp\/v2\/media?parent=3785"}],"curies":[{"name":"wp","href":"https:\/\/api.w.org\/{rel}","templated":true}]}}