{"id":3781,"date":"2012-10-18T09:13:55","date_gmt":"2012-10-18T07:13:55","guid":{"rendered":"http:\/\/dinostorm.com\/?page_id=3781"},"modified":"2021-06-17T14:34:37","modified_gmt":"2021-06-17T12:34:37","slug":"cekic","status":"publish","type":"page","link":"https:\/\/dinostorm.com\/tr\/oyun\/silah-sozlugu\/cekic\/","title":{"rendered":"\u00c7eki\u00e7"},"content":{"rendered":"<div class=\"teaser\"><\/div>\n<h1 class=\"headline_page width_350\"><span>\u00c7eki\u00e7<\/span><\/h1>\n<p class=\"back-button back-pos350\"><a class=\"back-block\" href=\"\/tr\/oyun\/silah-sozlugu\">Geri<\/a><\/p>\n<div class=\"two_thirds\">\n<h2 class=\"headline-lex\"><span>Dino Storm&#8217;daki &#8220;\u00c7eki\u00e7&#8221;<\/span><\/h2>\n<div class=\"banner_lex\">\n<p class=\"banner_text_lex text_lex\"><strong>\u00c7eki\u00e7<\/strong> bir roketatard\u0131r, ve tek ki\u015fi taraf\u0131ndan idare edilebilecek kadar k\u00fc\u00e7\u00fckt\u00fcr. \u00c7eki\u00e7, orta ve uzak mesafelerde \u00e7ok fazla hasar vermek i\u00e7in y\u00fcksek bir at\u0131\u015f s\u0131kl\u0131\u011f\u0131na ihtiya\u00e7 duymaz.<\/p>\n<div style=\"margin-right: 29px; float: left; width: 10px; text-align: left; position: relative; top: 40px; left: 30px\">\n<strong class=\"text_lex\" style=\"position: relative; top: 12px\">Hasar:<\/strong><br \/>\n<strong class=\"text_lex\" style=\"position: relative; top: 30px\">At\u0131\u015f&nbsp;S\u0131kl\u0131\u011f\u0131:<\/strong><br \/>\n<strong class=\"text_lex\" style=\"position: relative; top: 50px\">Menzil:<\/strong>\n<\/div>\n<div style=\"margin-right: 20px; float: left; width: 118px; text-align: left; position: relative; top: 70px; left: 10px\">\n<img decoding=\"async\" class=\"skill_image_lex colorbox-3781\" src=\"\/wp-content\/themes\/arras\/images\/dinostorm\/Dinos\/bar_strength_5.png\" alt=\"Dino Storm'da \u00c7eki\u00e7'un Temel Hasar seviyesi 5't\u00fcr.\" title=\"Temel Hasar Seviyesi: 5\".\"\/><br \/>\n<img decoding=\"async\" class=\"skill_image_lex colorbox-3781\" src=\"\/wp-content\/themes\/arras\/images\/dinostorm\/Dinos\/bar_endurance_1.png\" alt=\"Dino Storm'da \u00c7eki\u00e7'un Temel At\u0131\u015f S\u0131kl\u0131\u011f\u0131 seviyesi 1't\u00fcr.\" title=\"Temel At\u0131\u015f S\u0131kl\u0131\u011f\u0131 Seviyesi: 1\"\/><br \/>\n<img decoding=\"async\" class=\"skill_image_lex colorbox-3781\" src=\"\/wp-content\/themes\/arras\/images\/dinostorm\/Dinos\/bar_health_2.png\" alt=\"Dino Storm'da Yanan \u00c7eki\u00e7'un Temel Menzil seviyesi 2't\u00fcr.\" title=\"Temel Menzil Seviyesi: 2\"\/>\n<\/div>\n<\/div>\n<div class=\"one_third\">\n<img decoding=\"async\" class=\"weapon_lex_2 colorbox-3781\" src=\"\/wp-content\/themes\/arras\/images\/dinostorm\/hammer.png\" alt=\"\u00c7eki\u00e7 Dino Storm\"\/>\n<\/div>\n<\/div>\n<div class=\"clear\"><\/div>\n<div class=\"one_third\">\n<h3 class=\"headlinelex2_1\">&#8220;\u00c7eki\u00e7&#8221;&#8216;un Lazer Silah\u0131 Becerileri<\/h3>\n<div class=\"banner_lex2\">\n<span class=\"icon_skill_top float-left\"><img class=\"colorbox-3781\"  decoding=\"async\" src=\"\/wp-content\/themes\/arras\/images\/dinostorm\/skill_hammer_01.png\" alt=\"Dino Storm'da Roketatar \u00c7eki\u00e7'un \u00f6zel bir silah becerisidir.\" title=\"Beceri: Roketatar\"\/><\/span><\/p>\n<div class=\"skill-wrapper\"><span class=\"icon_skill_title\">Roketatar<\/span><\/p>\n<p class=\"icon_skill_text\">Orta menzilli sald\u0131r\u0131. <span style=\"color: #ff7200;\">Ek&nbsp;G\u00fc\u00e7:<\/span> Vuru\u015f \u015fans\u0131n\u0131 art\u0131r\u0131r.\n<\/p>\n<\/div>\n<p><span class=\"clear\"><!-- --><\/span><span class=\"icon_skill_top float-left\"><img class=\"colorbox-3781\"  decoding=\"async\" src=\"\/wp-content\/themes\/arras\/images\/dinostorm\/skill_hammer_02.png\" alt=\"Dino Storm'da Zay\u0131f Nokta At\u0131\u015f\u0131 \u00c7eki\u00e7'un \u00f6zel bir silah becerisidir.\" title=\"Beceri: Zay\u0131f Nokta At\u0131\u015f\u0131\"\/><\/span><\/p>\n<div class=\"skill-wrapper-bottom\"><span class=\"icon_skill_title\">Zay\u0131f Nokta At\u0131\u015f\u0131<\/span><\/p>\n<p class=\"icon_skill_text\">Orta menzilli sald\u0131r\u0131ya yak\u0131n. <span style=\"color: #ff7200;\">Ek&nbsp;G\u00fc\u00e7:<\/span> Hedefin hasar\u0131n\u0131 azalt\u0131r.\n<\/p>\n<\/div>\n<p><span class=\"clear\"><!-- --><\/span><\/p>\n<\/div>\n<\/div>\n<div class=\"two_thirds\">\n<h3 class=\"headlinelex2_2\">&#8220;\u00c7eki\u00e7&#8221; hakk\u0131nda Lazer Silah\u0131 Bilgileri<\/h3>\n<div class=\"fact_lex\">\n<p>\u00c7eki\u00e7 Hakk\u0131nda Bilgiler Pazara 40 y\u0131l \u00f6nce ad\u0131m atan \u00c7eki\u00e7, kovboylar aras\u0131nda h\u0131zla pop\u00fcler oldu, ve bu bug\u00fcn i\u00e7in de ge\u00e7erli bir durumdur. O zamanlar mod\u00fcler yap\u0131s\u0131 tam bir yenilikti ve ilk sahipleri \u00c7eki\u00e7ler&#8217;ine en egzotik tak\u0131mlar\u0131 eklemi\u015flerdi.<\/p>\n<p>\u00c7ok say\u0131daki kaza nedeniyle, k\u0131sa s\u00fcrede k\u0131s\u0131tlay\u0131c\u0131 geli\u015ftirme s\u0131n\u0131rlar\u0131 getirilmek zorundayd\u0131 ki bu bug\u00fcn\u00fcn lazer silah\u0131 standart geli\u015ftirme tak\u0131mlar\u0131na \u00f6nc\u00fcl\u00fck etti.<\/p>\n<p>Fakat, zorunlu kay\u0131t s\u00fcrecinin ancak y\u0131llar sonra getirilmesi nedeniyle bu k\u0131s\u0131tlamalar kolayca atlat\u0131labiliyordu; mesela efsanevi maceraperest Saul &#8220;Tehditkar&#8221; Jackson&#8217;\u0131n lazer silah\u0131 t\u00fcr\u00fcn\u00fcn tek \u00f6rne\u011fiydi, ve 5 y\u0131l \u00f6nceki ortadan kaybolu\u015fundan beri insanlar Mokon Orman\u0131&#8217;nda hala bu s\u0131rad\u0131\u015f\u0131 \u00c7eki\u00e7&#8217;in izlerini ar\u0131yorlar.<\/p>\n<\/div>\n<\/div>\n<div class=\"full\">\n<img decoding=\"async\" class=\"hr3 margin35 colorbox-3781\" src=\"\/wp-content\/themes\/arras\/images\/dinostorm\/seperator_big.png\" alt=\"separator dino storm\" \/>\n<\/div>\n","protected":false},"excerpt":{"rendered":"<p>\u00c7eki\u00e7 Geri Dino Storm&#8217;daki &#8220;\u00c7eki\u00e7&#8221; \u00c7eki\u00e7 bir roketatard\u0131r, ve tek ki\u015fi taraf\u0131ndan idare edilebilecek kadar k\u00fc\u00e7\u00fckt\u00fcr. \u00c7eki\u00e7, orta ve uzak mesafelerde \u00e7ok fazla hasar vermek i\u00e7in y\u00fcksek bir at\u0131\u015f s\u0131kl\u0131\u011f\u0131na ihtiya\u00e7 duymaz. Hasar: At\u0131\u015f&nbsp;S\u0131kl\u0131\u011f\u0131: Menzil:<\/p>\n","protected":false},"author":26,"featured_media":15052,"parent":1738,"menu_order":0,"comment_status":"closed","ping_status":"closed","template":"pagetpl-onecolumn.php","meta":{"footnotes":"","_links_to":"","_links_to_target":""},"class_list":["post-3781","page","type-page","status-publish","has-post-thumbnail","hentry"],"yoast_head":"<!-- This site is optimized with the Yoast SEO plugin v27.3 - https:\/\/yoast.com\/product\/yoast-seo-wordpress\/ -->\n<title>\u00c7eki\u00e7 - Dino Storm<\/title>\n<meta name=\"description\" content=\"\u00c7eki\u00e7 Dino Storm&#039;da bir roketatard\u0131r, ve tek ki\u015finin idare edebilece\u011fi kadar k\u00fc\u00e7\u00fckt\u00fcr. Buradan \u00c7eki\u00e7 hakk\u0131ndaki her t\u00fcrl\u00fc bilgiye ula\u015fabilirsin...\" \/>\n<meta name=\"robots\" content=\"index, follow, max-snippet:-1, max-image-preview:large, max-video-preview:-1\" \/>\n<link rel=\"canonical\" href=\"https:\/\/dinostorm.com\/tr\/oyun\/silah-sozlugu\/cekic\/\" \/>\n<meta property=\"og:locale\" content=\"tr_TR\" \/>\n<meta property=\"og:type\" content=\"article\" \/>\n<meta property=\"og:title\" content=\"\u00c7eki\u00e7 - Dino Storm\" \/>\n<meta property=\"og:description\" content=\"\u00c7eki\u00e7 Dino Storm&#039;da bir roketatard\u0131r, ve tek ki\u015finin idare edebilece\u011fi kadar k\u00fc\u00e7\u00fckt\u00fcr. Buradan \u00c7eki\u00e7 hakk\u0131ndaki her t\u00fcrl\u00fc bilgiye ula\u015fabilirsin...\" \/>\n<meta property=\"og:url\" content=\"https:\/\/dinostorm.com\/tr\/oyun\/silah-sozlugu\/cekic\/\" \/>\n<meta property=\"og:site_name\" content=\"Dino Storm\" \/>\n<meta property=\"article:modified_time\" content=\"2021-06-17T12:34:37+00:00\" \/>\n<meta property=\"og:image\" content=\"https:\/\/dinostorm.com\/wp-content\/uploads\/2012\/09\/ds_jungle_01.jpg\" \/>\n\t<meta property=\"og:image:width\" content=\"1280\" \/>\n\t<meta property=\"og:image:height\" content=\"720\" \/>\n\t<meta property=\"og:image:type\" content=\"image\/jpeg\" \/>\n<script type=\"application\/ld+json\" class=\"yoast-schema-graph\">{\"@context\":\"https:\\\/\\\/schema.org\",\"@graph\":[{\"@type\":\"WebPage\",\"@id\":\"https:\\\/\\\/dinostorm.com\\\/tr\\\/oyun\\\/silah-sozlugu\\\/cekic\\\/\",\"url\":\"https:\\\/\\\/dinostorm.com\\\/tr\\\/oyun\\\/silah-sozlugu\\\/cekic\\\/\",\"name\":\"\u00c7eki\u00e7 - Dino Storm\",\"isPartOf\":{\"@id\":\"https:\\\/\\\/dinostorm.com\\\/tr\\\/#website\"},\"primaryImageOfPage\":{\"@id\":\"https:\\\/\\\/dinostorm.com\\\/tr\\\/oyun\\\/silah-sozlugu\\\/cekic\\\/#primaryimage\"},\"image\":{\"@id\":\"https:\\\/\\\/dinostorm.com\\\/tr\\\/oyun\\\/silah-sozlugu\\\/cekic\\\/#primaryimage\"},\"thumbnailUrl\":\"https:\\\/\\\/dinostorm.com\\\/wp-content\\\/uploads\\\/2012\\\/09\\\/ds_jungle_01.jpg\",\"datePublished\":\"2012-10-18T07:13:55+00:00\",\"dateModified\":\"2021-06-17T12:34:37+00:00\",\"description\":\"\u00c7eki\u00e7 Dino Storm'da bir roketatard\u0131r, ve tek ki\u015finin idare edebilece\u011fi kadar k\u00fc\u00e7\u00fckt\u00fcr. Buradan \u00c7eki\u00e7 hakk\u0131ndaki her t\u00fcrl\u00fc bilgiye ula\u015fabilirsin...\",\"breadcrumb\":{\"@id\":\"https:\\\/\\\/dinostorm.com\\\/tr\\\/oyun\\\/silah-sozlugu\\\/cekic\\\/#breadcrumb\"},\"inLanguage\":\"tr\",\"potentialAction\":[{\"@type\":\"ReadAction\",\"target\":[\"https:\\\/\\\/dinostorm.com\\\/tr\\\/oyun\\\/silah-sozlugu\\\/cekic\\\/\"]}]},{\"@type\":\"ImageObject\",\"inLanguage\":\"tr\",\"@id\":\"https:\\\/\\\/dinostorm.com\\\/tr\\\/oyun\\\/silah-sozlugu\\\/cekic\\\/#primaryimage\",\"url\":\"https:\\\/\\\/dinostorm.com\\\/wp-content\\\/uploads\\\/2012\\\/09\\\/ds_jungle_01.jpg\",\"contentUrl\":\"https:\\\/\\\/dinostorm.com\\\/wp-content\\\/uploads\\\/2012\\\/09\\\/ds_jungle_01.jpg\",\"width\":1280,\"height\":720,\"caption\":\"Beware of dangerous bandits in Mokon Woods are everywhere.\"},{\"@type\":\"BreadcrumbList\",\"@id\":\"https:\\\/\\\/dinostorm.com\\\/tr\\\/oyun\\\/silah-sozlugu\\\/cekic\\\/#breadcrumb\",\"itemListElement\":[{\"@type\":\"ListItem\",\"position\":1,\"name\":\"Home\",\"item\":\"https:\\\/\\\/dinostorm.com\\\/tr\\\/\"},{\"@type\":\"ListItem\",\"position\":2,\"name\":\"Oyun\",\"item\":\"https:\\\/\\\/dinostorm.com\\\/tr\\\/oyun\\\/\"},{\"@type\":\"ListItem\",\"position\":3,\"name\":\"Silah S\u00f6zl\u00fcg\u00fc\",\"item\":\"https:\\\/\\\/dinostorm.com\\\/tr\\\/oyun\\\/silah-sozlugu\\\/\"},{\"@type\":\"ListItem\",\"position\":4,\"name\":\"\u00c7eki\u00e7\"}]},{\"@type\":\"WebSite\",\"@id\":\"https:\\\/\\\/dinostorm.com\\\/tr\\\/#website\",\"url\":\"https:\\\/\\\/dinostorm.com\\\/tr\\\/\",\"name\":\"Dino Storm\",\"description\":\"\",\"potentialAction\":[{\"@type\":\"SearchAction\",\"target\":{\"@type\":\"EntryPoint\",\"urlTemplate\":\"https:\\\/\\\/dinostorm.com\\\/tr\\\/?s={search_term_string}\"},\"query-input\":{\"@type\":\"PropertyValueSpecification\",\"valueRequired\":true,\"valueName\":\"search_term_string\"}}],\"inLanguage\":\"tr\"}]}<\/script>\n<!-- \/ Yoast SEO plugin. -->","yoast_head_json":{"title":"\u00c7eki\u00e7 - Dino Storm","description":"\u00c7eki\u00e7 Dino Storm'da bir roketatard\u0131r, ve tek ki\u015finin idare edebilece\u011fi kadar k\u00fc\u00e7\u00fckt\u00fcr. Buradan \u00c7eki\u00e7 hakk\u0131ndaki her t\u00fcrl\u00fc bilgiye ula\u015fabilirsin...","robots":{"index":"index","follow":"follow","max-snippet":"max-snippet:-1","max-image-preview":"max-image-preview:large","max-video-preview":"max-video-preview:-1"},"canonical":"https:\/\/dinostorm.com\/tr\/oyun\/silah-sozlugu\/cekic\/","og_locale":"tr_TR","og_type":"article","og_title":"\u00c7eki\u00e7 - Dino Storm","og_description":"\u00c7eki\u00e7 Dino Storm'da bir roketatard\u0131r, ve tek ki\u015finin idare edebilece\u011fi kadar k\u00fc\u00e7\u00fckt\u00fcr. Buradan \u00c7eki\u00e7 hakk\u0131ndaki her t\u00fcrl\u00fc bilgiye ula\u015fabilirsin...","og_url":"https:\/\/dinostorm.com\/tr\/oyun\/silah-sozlugu\/cekic\/","og_site_name":"Dino Storm","article_modified_time":"2021-06-17T12:34:37+00:00","og_image":[{"width":1280,"height":720,"url":"https:\/\/dinostorm.com\/wp-content\/uploads\/2012\/09\/ds_jungle_01.jpg","type":"image\/jpeg"}],"schema":{"@context":"https:\/\/schema.org","@graph":[{"@type":"WebPage","@id":"https:\/\/dinostorm.com\/tr\/oyun\/silah-sozlugu\/cekic\/","url":"https:\/\/dinostorm.com\/tr\/oyun\/silah-sozlugu\/cekic\/","name":"\u00c7eki\u00e7 - Dino Storm","isPartOf":{"@id":"https:\/\/dinostorm.com\/tr\/#website"},"primaryImageOfPage":{"@id":"https:\/\/dinostorm.com\/tr\/oyun\/silah-sozlugu\/cekic\/#primaryimage"},"image":{"@id":"https:\/\/dinostorm.com\/tr\/oyun\/silah-sozlugu\/cekic\/#primaryimage"},"thumbnailUrl":"https:\/\/dinostorm.com\/wp-content\/uploads\/2012\/09\/ds_jungle_01.jpg","datePublished":"2012-10-18T07:13:55+00:00","dateModified":"2021-06-17T12:34:37+00:00","description":"\u00c7eki\u00e7 Dino Storm'da bir roketatard\u0131r, ve tek ki\u015finin idare edebilece\u011fi kadar k\u00fc\u00e7\u00fckt\u00fcr. Buradan \u00c7eki\u00e7 hakk\u0131ndaki her t\u00fcrl\u00fc bilgiye ula\u015fabilirsin...","breadcrumb":{"@id":"https:\/\/dinostorm.com\/tr\/oyun\/silah-sozlugu\/cekic\/#breadcrumb"},"inLanguage":"tr","potentialAction":[{"@type":"ReadAction","target":["https:\/\/dinostorm.com\/tr\/oyun\/silah-sozlugu\/cekic\/"]}]},{"@type":"ImageObject","inLanguage":"tr","@id":"https:\/\/dinostorm.com\/tr\/oyun\/silah-sozlugu\/cekic\/#primaryimage","url":"https:\/\/dinostorm.com\/wp-content\/uploads\/2012\/09\/ds_jungle_01.jpg","contentUrl":"https:\/\/dinostorm.com\/wp-content\/uploads\/2012\/09\/ds_jungle_01.jpg","width":1280,"height":720,"caption":"Beware of dangerous bandits in Mokon Woods are everywhere."},{"@type":"BreadcrumbList","@id":"https:\/\/dinostorm.com\/tr\/oyun\/silah-sozlugu\/cekic\/#breadcrumb","itemListElement":[{"@type":"ListItem","position":1,"name":"Home","item":"https:\/\/dinostorm.com\/tr\/"},{"@type":"ListItem","position":2,"name":"Oyun","item":"https:\/\/dinostorm.com\/tr\/oyun\/"},{"@type":"ListItem","position":3,"name":"Silah S\u00f6zl\u00fcg\u00fc","item":"https:\/\/dinostorm.com\/tr\/oyun\/silah-sozlugu\/"},{"@type":"ListItem","position":4,"name":"\u00c7eki\u00e7"}]},{"@type":"WebSite","@id":"https:\/\/dinostorm.com\/tr\/#website","url":"https:\/\/dinostorm.com\/tr\/","name":"Dino Storm","description":"","potentialAction":[{"@type":"SearchAction","target":{"@type":"EntryPoint","urlTemplate":"https:\/\/dinostorm.com\/tr\/?s={search_term_string}"},"query-input":{"@type":"PropertyValueSpecification","valueRequired":true,"valueName":"search_term_string"}}],"inLanguage":"tr"}]}},"_links":{"self":[{"href":"https:\/\/dinostorm.com\/tr\/wp-json\/wp\/v2\/pages\/3781","targetHints":{"allow":["GET"]}}],"collection":[{"href":"https:\/\/dinostorm.com\/tr\/wp-json\/wp\/v2\/pages"}],"about":[{"href":"https:\/\/dinostorm.com\/tr\/wp-json\/wp\/v2\/types\/page"}],"author":[{"embeddable":true,"href":"https:\/\/dinostorm.com\/tr\/wp-json\/wp\/v2\/users\/26"}],"replies":[{"embeddable":true,"href":"https:\/\/dinostorm.com\/tr\/wp-json\/wp\/v2\/comments?post=3781"}],"version-history":[{"count":1,"href":"https:\/\/dinostorm.com\/tr\/wp-json\/wp\/v2\/pages\/3781\/revisions"}],"predecessor-version":[{"id":230130,"href":"https:\/\/dinostorm.com\/tr\/wp-json\/wp\/v2\/pages\/3781\/revisions\/230130"}],"up":[{"embeddable":true,"href":"https:\/\/dinostorm.com\/tr\/wp-json\/wp\/v2\/pages\/1738"}],"wp:featuredmedia":[{"embeddable":true,"href":"https:\/\/dinostorm.com\/tr\/wp-json\/wp\/v2\/media\/15052"}],"wp:attachment":[{"href":"https:\/\/dinostorm.com\/tr\/wp-json\/wp\/v2\/media?parent=3781"}],"curies":[{"name":"wp","href":"https:\/\/api.w.org\/{rel}","templated":true}]}}