{"id":3778,"date":"2012-10-18T09:13:48","date_gmt":"2012-10-18T07:13:48","guid":{"rendered":"http:\/\/dinostorm.com\/?page_id=3778"},"modified":"2021-06-17T14:16:23","modified_gmt":"2021-06-17T12:16:23","slug":"yanan-colt","status":"publish","type":"page","link":"https:\/\/dinostorm.com\/tr\/oyun\/silah-sozlugu\/yanan-colt\/","title":{"rendered":"Yanan Colt"},"content":{"rendered":"<div class=\"teaser\"><\/div>\n<h1 class=\"headline_page width_350\"><span>Yanan Colt<\/span><\/h1>\n<p class=\"back-button back-pos350\"><a class=\"back-block\" href=\"\/tr\/oyun\/silah-sozlugu\">Geri<\/a><\/p>\n<div class=\"two_thirds\">\n<h2 class=\"headline-lex\"><span>Dino Storm&#8217;daki &#8220;Yanan Colt&#8221;<\/span><\/h2>\n<div class=\"banner_lex\">\n<p class=\"banner_text_lex text_lex\">The <strong>Yanan Colt<\/strong>, kontrol edilebilir bir ate\u015f ak\u0131\u015f\u0131 i\u00e7in tasarlanm\u0131\u015ft\u0131r. Di\u011fer silahlara kar\u015f\u0131 sahip oldu\u011fu ate\u015f etme s\u0131kl\u0131\u011f\u0131 avantaj\u0131, her bir seviyede daha da belirgin hale gelir.<\/p>\n<div style=\"margin-right: 29px; float: left; width: 10px; text-align: left; position: relative; top: 40px; left: 30px\">\n<strong class=\"text_lex\" style=\"position: relative; top: 12px\">Hasar:<\/strong><br \/>\n<strong class=\"text_lex\" style=\"position: relative; top: 30px\">At\u0131\u015f&nbsp;S\u0131kl\u0131\u011f\u0131:<\/strong><br \/>\n<strong class=\"text_lex\" style=\"position: relative; top: 50px\">Menzil:<\/strong>\n<\/div>\n<div style=\"margin-right: 20px; float: left; width: 118px; text-align: left; position: relative; top: 70px; left: 10px\">\n<img decoding=\"async\" class=\"skill_image_lex colorbox-3778\" src=\"\/wp-content\/themes\/arras\/images\/dinostorm\/Dinos\/bar_strength_2.png\" alt=\"Dino Storm'da Yanan Colt'un Temel Hasar seviyesi 2't\u00fcr.\" title=\"Temel Hasar Seviyesi: 2\".\"\/><br \/>\n<img decoding=\"async\" class=\"skill_image_lex colorbox-3778\" src=\"\/wp-content\/themes\/arras\/images\/dinostorm\/Dinos\/bar_endurance_4.png\" alt=\"Dino Storm'da Yanan Colt'un Temel At\u0131\u015f S\u0131kl\u0131\u011f\u0131 seviyesi 4't\u00fcr.\" title=\"Temel At\u0131\u015f S\u0131kl\u0131\u011f\u0131 Seviyesi: 4\"\/><br \/>\n<img decoding=\"async\" class=\"skill_image_lex colorbox-3778\" src=\"\/wp-content\/themes\/arras\/images\/dinostorm\/Dinos\/bar_health_2.png\" alt=\"Dino Storm'da Yanan Colt'un Temel Menzil seviyesi 2't\u00fcr.\" title=\"Temel Menzil Seviyesi: 2\"\/>\n<\/div>\n<\/div>\n<div class=\"one_third\">\n<img decoding=\"async\" class=\"weapon_lex_2 colorbox-3778\" src=\"\/wp-content\/themes\/arras\/images\/dinostorm\/burningcolt.png\" alt=\"Dino Storm Yanan Colt\"\/>\n<\/div>\n<\/div>\n<div class=\"clear\"><\/div>\n<div class=\"one_third\">\n<h3 class=\"headlinelex2_1\">&#8220;Yanan Colt&#8221;&#8216;un Lazer Silah\u0131 Becerileri<\/h3>\n<div class=\"banner_lex2\">\n<span class=\"icon_skill_top float-left\"><img class=\"colorbox-3778\"  decoding=\"async\" src=\"\/wp-content\/themes\/arras\/images\/dinostorm\/skill_colt_01.png\" alt=\"Dino Storm'da At\u0131\u015f Patlamas\u0131 Yanan Colt'un \u00f6zel bir silah becerisidir.\" title=\"Beceri: At\u0131\u015f Patlamas\u0131\"\/><\/span><\/p>\n<div class=\"skill-wrapper\"><span class=\"icon_skill_title\">At\u0131\u015f Patlamas\u0131<\/span><\/p>\n<p class=\"icon_skill_text\">Yak\u0131n mesafeden sald\u0131r\u0131. <span style=\"color: #ff7200;\">Ek&nbsp;G\u00fc\u00e7:<\/span> Z\u0131rh\u0131 deler.<\/p>\n<\/div>\n<p><span class=\"clear\"><!-- --><\/span><span class=\"icon_skill_top float-left\"><img class=\"colorbox-3778\"  decoding=\"async\" src=\"\/wp-content\/themes\/arras\/images\/dinostorm\/skill_colt_02.png\" alt=\"Dino Storm'da Yang\u0131n Ate\u015fleyicisi Yanan Colt'un \u00f6zel bir silah becerisidir.\" title=\"Beceri: Yang\u0131n Ate\u015fleyicisi\"\/><\/span><\/p>\n<div class=\"skill-wrapper-bottom\"><span class=\"icon_skill_title\">Yang\u0131n Ate\u015fleyicisi<\/span><\/p>\n<p class=\"icon_skill_text\">Orta menzilli sald\u0131r\u0131ya yak\u0131n. <span style=\"color: #ff7200;\">Ek&nbsp;G\u00fc\u00e7:<\/span> Yanmay\u0131 sa\u011flar.<\/p>\n<\/div>\n<p><span class=\"clear\"><!-- --><\/span><\/p>\n<\/div>\n<\/div>\n<div class=\"two_thirds\">\n<h3 class=\"headlinelex2_2\">&#8220;Yanan Colt&#8221; hakk\u0131nda Lazer Silah\u0131 Bilgileri<\/h3>\n<div class=\"fact_lex\">\n<p>Yanan Colt Hakk\u0131nda Bilgiler Mokon Orman\u0131&#8217;n\u0131n s\u0131k bitki \u00f6rt\u00fcs\u00fc aras\u0131ndaki derin ge\u00e7itlerde bir kez yak\u0131ld\u0131\u011f\u0131nda, s\u0131rad\u0131\u015f\u0131 at\u0131\u015f s\u0131kl\u0131\u011f\u0131 Yanan Colt&#8217;u kovboylar aras\u0131nda h\u0131zla pop\u00fcler bir k\u0131sa mesafe silah\u0131 haline getirdi.<\/p>\n<p>Yanan Colt&#8217;un s\u0131rr\u0131 inan\u0131lmaz y\u00fcksek bas\u0131nc\u0131nda yatar ki bununla birlikte gizli bir yan\u0131c\u0131 madde kar\u0131\u015f\u0131m\u0131 hedeflere ate\u015f edilir. Tank\u0131n\u0131 doldurmak i\u00e7in baz\u0131lar\u0131 ucuz dinozor ya\u011f\u0131 kullan\u0131r, ama yarat\u0131c\u0131s\u0131 buna \u00e7ok kar\u015f\u0131 \u00e7\u0131kar \u00e7\u00fcnk\u00fc bu dif\u00fcz\u00f6r kanal\u0131n\u0131 t\u0131kar.<\/p>\n<p>Patentli y\u00fcksek bas\u0131n\u00e7 teknolojisi a\u00e7\u0131k bir avantaj sunar, \u00e7\u00fcnk\u00fc Yanan Colt geleneksel alevlendiricilerin gerektirdi\u011fi devasa yak\u0131t tanklar\u0131na ihtiya\u00e7 duymaz. Yani Yanan Colt&#8217;un pazara ad\u0131m att\u0131\u011f\u0131 andan itibaren \u00e7\u0131lg\u0131n sat\u0131\u015f rakamlar\u0131na ula\u015fm\u0131\u015f olmas\u0131 s\u00fcrpriz de\u011fil.<\/p>\n<\/div>\n<\/div>\n<div class=\"full\">\n<img decoding=\"async\" class=\"hr3 margin35 colorbox-3778\" src=\"\/wp-content\/themes\/arras\/images\/dinostorm\/seperator_big.png\" alt=\"separator dino storm\" \/>\n<\/div>\n","protected":false},"excerpt":{"rendered":"<p>Yanan Colt Geri Dino Storm&#8217;daki &#8220;Yanan Colt&#8221; The Yanan Colt, kontrol edilebilir bir ate\u015f ak\u0131\u015f\u0131 i\u00e7in tasarlanm\u0131\u015ft\u0131r. Di\u011fer silahlara kar\u015f\u0131 sahip oldu\u011fu ate\u015f etme s\u0131kl\u0131\u011f\u0131 avantaj\u0131, her bir seviyede daha da belirgin hale gelir. Hasar: [&hellip;]<\/p>\n","protected":false},"author":26,"featured_media":15052,"parent":1738,"menu_order":0,"comment_status":"closed","ping_status":"closed","template":"pagetpl-onecolumn.php","meta":{"footnotes":"","_links_to":"","_links_to_target":""},"class_list":["post-3778","page","type-page","status-publish","has-post-thumbnail","hentry"],"yoast_head":"<!-- This site is optimized with the Yoast SEO plugin v27.4 - https:\/\/yoast.com\/product\/yoast-seo-wordpress\/ -->\n<title>Yanan Colt - Dino Storm<\/title>\n<meta name=\"description\" content=\"Yanan Colt, kontrol edilebilir bir ate\u015f ak\u0131\u015f\u0131 i\u00e7in tasarlanm\u0131\u015ft\u0131r. Buradan Dino Storm&#039;un Yanan Colt&#039;u hakk\u0131ndaki her t\u00fcrl\u00fc bilgiye ula\u015fabilirsin.\" \/>\n<meta name=\"robots\" content=\"index, follow, max-snippet:-1, max-image-preview:large, max-video-preview:-1\" \/>\n<link rel=\"canonical\" href=\"https:\/\/dinostorm.com\/tr\/oyun\/silah-sozlugu\/yanan-colt\/\" \/>\n<meta property=\"og:locale\" content=\"tr_TR\" \/>\n<meta property=\"og:type\" content=\"article\" \/>\n<meta property=\"og:title\" content=\"Yanan Colt - Dino Storm\" \/>\n<meta property=\"og:description\" content=\"Yanan Colt, kontrol edilebilir bir ate\u015f ak\u0131\u015f\u0131 i\u00e7in tasarlanm\u0131\u015ft\u0131r. Buradan Dino Storm&#039;un Yanan Colt&#039;u hakk\u0131ndaki her t\u00fcrl\u00fc bilgiye ula\u015fabilirsin.\" \/>\n<meta property=\"og:url\" content=\"https:\/\/dinostorm.com\/tr\/oyun\/silah-sozlugu\/yanan-colt\/\" \/>\n<meta property=\"og:site_name\" content=\"Dino Storm\" \/>\n<meta property=\"article:modified_time\" content=\"2021-06-17T12:16:23+00:00\" \/>\n<meta property=\"og:image\" content=\"https:\/\/dinostorm.com\/wp-content\/uploads\/2012\/09\/ds_jungle_01.jpg\" \/>\n\t<meta property=\"og:image:width\" content=\"1280\" \/>\n\t<meta property=\"og:image:height\" content=\"720\" \/>\n\t<meta property=\"og:image:type\" content=\"image\/jpeg\" \/>\n<script type=\"application\/ld+json\" class=\"yoast-schema-graph\">{\"@context\":\"https:\\\/\\\/schema.org\",\"@graph\":[{\"@type\":\"WebPage\",\"@id\":\"https:\\\/\\\/dinostorm.com\\\/tr\\\/oyun\\\/silah-sozlugu\\\/yanan-colt\\\/\",\"url\":\"https:\\\/\\\/dinostorm.com\\\/tr\\\/oyun\\\/silah-sozlugu\\\/yanan-colt\\\/\",\"name\":\"Yanan Colt - Dino Storm\",\"isPartOf\":{\"@id\":\"https:\\\/\\\/dinostorm.com\\\/tr\\\/#website\"},\"primaryImageOfPage\":{\"@id\":\"https:\\\/\\\/dinostorm.com\\\/tr\\\/oyun\\\/silah-sozlugu\\\/yanan-colt\\\/#primaryimage\"},\"image\":{\"@id\":\"https:\\\/\\\/dinostorm.com\\\/tr\\\/oyun\\\/silah-sozlugu\\\/yanan-colt\\\/#primaryimage\"},\"thumbnailUrl\":\"https:\\\/\\\/dinostorm.com\\\/wp-content\\\/uploads\\\/2012\\\/09\\\/ds_jungle_01.jpg\",\"datePublished\":\"2012-10-18T07:13:48+00:00\",\"dateModified\":\"2021-06-17T12:16:23+00:00\",\"description\":\"Yanan Colt, kontrol edilebilir bir ate\u015f ak\u0131\u015f\u0131 i\u00e7in tasarlanm\u0131\u015ft\u0131r. Buradan Dino Storm'un Yanan Colt'u hakk\u0131ndaki her t\u00fcrl\u00fc bilgiye ula\u015fabilirsin.\",\"breadcrumb\":{\"@id\":\"https:\\\/\\\/dinostorm.com\\\/tr\\\/oyun\\\/silah-sozlugu\\\/yanan-colt\\\/#breadcrumb\"},\"inLanguage\":\"tr\",\"potentialAction\":[{\"@type\":\"ReadAction\",\"target\":[\"https:\\\/\\\/dinostorm.com\\\/tr\\\/oyun\\\/silah-sozlugu\\\/yanan-colt\\\/\"]}]},{\"@type\":\"ImageObject\",\"inLanguage\":\"tr\",\"@id\":\"https:\\\/\\\/dinostorm.com\\\/tr\\\/oyun\\\/silah-sozlugu\\\/yanan-colt\\\/#primaryimage\",\"url\":\"https:\\\/\\\/dinostorm.com\\\/wp-content\\\/uploads\\\/2012\\\/09\\\/ds_jungle_01.jpg\",\"contentUrl\":\"https:\\\/\\\/dinostorm.com\\\/wp-content\\\/uploads\\\/2012\\\/09\\\/ds_jungle_01.jpg\",\"width\":1280,\"height\":720,\"caption\":\"Beware of dangerous bandits in Mokon Woods are everywhere.\"},{\"@type\":\"BreadcrumbList\",\"@id\":\"https:\\\/\\\/dinostorm.com\\\/tr\\\/oyun\\\/silah-sozlugu\\\/yanan-colt\\\/#breadcrumb\",\"itemListElement\":[{\"@type\":\"ListItem\",\"position\":1,\"name\":\"Home\",\"item\":\"https:\\\/\\\/dinostorm.com\\\/tr\\\/\"},{\"@type\":\"ListItem\",\"position\":2,\"name\":\"Oyun\",\"item\":\"https:\\\/\\\/dinostorm.com\\\/tr\\\/oyun\\\/\"},{\"@type\":\"ListItem\",\"position\":3,\"name\":\"Silah S\u00f6zl\u00fcg\u00fc\",\"item\":\"https:\\\/\\\/dinostorm.com\\\/tr\\\/oyun\\\/silah-sozlugu\\\/\"},{\"@type\":\"ListItem\",\"position\":4,\"name\":\"Yanan Colt\"}]},{\"@type\":\"WebSite\",\"@id\":\"https:\\\/\\\/dinostorm.com\\\/tr\\\/#website\",\"url\":\"https:\\\/\\\/dinostorm.com\\\/tr\\\/\",\"name\":\"Dino Storm\",\"description\":\"\",\"potentialAction\":[{\"@type\":\"SearchAction\",\"target\":{\"@type\":\"EntryPoint\",\"urlTemplate\":\"https:\\\/\\\/dinostorm.com\\\/tr\\\/?s={search_term_string}\"},\"query-input\":{\"@type\":\"PropertyValueSpecification\",\"valueRequired\":true,\"valueName\":\"search_term_string\"}}],\"inLanguage\":\"tr\"}]}<\/script>\n<!-- \/ Yoast SEO plugin. -->","yoast_head_json":{"title":"Yanan Colt - Dino Storm","description":"Yanan Colt, kontrol edilebilir bir ate\u015f ak\u0131\u015f\u0131 i\u00e7in tasarlanm\u0131\u015ft\u0131r. Buradan Dino Storm'un Yanan Colt'u hakk\u0131ndaki her t\u00fcrl\u00fc bilgiye ula\u015fabilirsin.","robots":{"index":"index","follow":"follow","max-snippet":"max-snippet:-1","max-image-preview":"max-image-preview:large","max-video-preview":"max-video-preview:-1"},"canonical":"https:\/\/dinostorm.com\/tr\/oyun\/silah-sozlugu\/yanan-colt\/","og_locale":"tr_TR","og_type":"article","og_title":"Yanan Colt - Dino Storm","og_description":"Yanan Colt, kontrol edilebilir bir ate\u015f ak\u0131\u015f\u0131 i\u00e7in tasarlanm\u0131\u015ft\u0131r. Buradan Dino Storm'un Yanan Colt'u hakk\u0131ndaki her t\u00fcrl\u00fc bilgiye ula\u015fabilirsin.","og_url":"https:\/\/dinostorm.com\/tr\/oyun\/silah-sozlugu\/yanan-colt\/","og_site_name":"Dino Storm","article_modified_time":"2021-06-17T12:16:23+00:00","og_image":[{"width":1280,"height":720,"url":"https:\/\/dinostorm.com\/wp-content\/uploads\/2012\/09\/ds_jungle_01.jpg","type":"image\/jpeg"}],"schema":{"@context":"https:\/\/schema.org","@graph":[{"@type":"WebPage","@id":"https:\/\/dinostorm.com\/tr\/oyun\/silah-sozlugu\/yanan-colt\/","url":"https:\/\/dinostorm.com\/tr\/oyun\/silah-sozlugu\/yanan-colt\/","name":"Yanan Colt - Dino Storm","isPartOf":{"@id":"https:\/\/dinostorm.com\/tr\/#website"},"primaryImageOfPage":{"@id":"https:\/\/dinostorm.com\/tr\/oyun\/silah-sozlugu\/yanan-colt\/#primaryimage"},"image":{"@id":"https:\/\/dinostorm.com\/tr\/oyun\/silah-sozlugu\/yanan-colt\/#primaryimage"},"thumbnailUrl":"https:\/\/dinostorm.com\/wp-content\/uploads\/2012\/09\/ds_jungle_01.jpg","datePublished":"2012-10-18T07:13:48+00:00","dateModified":"2021-06-17T12:16:23+00:00","description":"Yanan Colt, kontrol edilebilir bir ate\u015f ak\u0131\u015f\u0131 i\u00e7in tasarlanm\u0131\u015ft\u0131r. Buradan Dino Storm'un Yanan Colt'u hakk\u0131ndaki her t\u00fcrl\u00fc bilgiye ula\u015fabilirsin.","breadcrumb":{"@id":"https:\/\/dinostorm.com\/tr\/oyun\/silah-sozlugu\/yanan-colt\/#breadcrumb"},"inLanguage":"tr","potentialAction":[{"@type":"ReadAction","target":["https:\/\/dinostorm.com\/tr\/oyun\/silah-sozlugu\/yanan-colt\/"]}]},{"@type":"ImageObject","inLanguage":"tr","@id":"https:\/\/dinostorm.com\/tr\/oyun\/silah-sozlugu\/yanan-colt\/#primaryimage","url":"https:\/\/dinostorm.com\/wp-content\/uploads\/2012\/09\/ds_jungle_01.jpg","contentUrl":"https:\/\/dinostorm.com\/wp-content\/uploads\/2012\/09\/ds_jungle_01.jpg","width":1280,"height":720,"caption":"Beware of dangerous bandits in Mokon Woods are everywhere."},{"@type":"BreadcrumbList","@id":"https:\/\/dinostorm.com\/tr\/oyun\/silah-sozlugu\/yanan-colt\/#breadcrumb","itemListElement":[{"@type":"ListItem","position":1,"name":"Home","item":"https:\/\/dinostorm.com\/tr\/"},{"@type":"ListItem","position":2,"name":"Oyun","item":"https:\/\/dinostorm.com\/tr\/oyun\/"},{"@type":"ListItem","position":3,"name":"Silah S\u00f6zl\u00fcg\u00fc","item":"https:\/\/dinostorm.com\/tr\/oyun\/silah-sozlugu\/"},{"@type":"ListItem","position":4,"name":"Yanan Colt"}]},{"@type":"WebSite","@id":"https:\/\/dinostorm.com\/tr\/#website","url":"https:\/\/dinostorm.com\/tr\/","name":"Dino Storm","description":"","potentialAction":[{"@type":"SearchAction","target":{"@type":"EntryPoint","urlTemplate":"https:\/\/dinostorm.com\/tr\/?s={search_term_string}"},"query-input":{"@type":"PropertyValueSpecification","valueRequired":true,"valueName":"search_term_string"}}],"inLanguage":"tr"}]}},"_links":{"self":[{"href":"https:\/\/dinostorm.com\/tr\/wp-json\/wp\/v2\/pages\/3778","targetHints":{"allow":["GET"]}}],"collection":[{"href":"https:\/\/dinostorm.com\/tr\/wp-json\/wp\/v2\/pages"}],"about":[{"href":"https:\/\/dinostorm.com\/tr\/wp-json\/wp\/v2\/types\/page"}],"author":[{"embeddable":true,"href":"https:\/\/dinostorm.com\/tr\/wp-json\/wp\/v2\/users\/26"}],"replies":[{"embeddable":true,"href":"https:\/\/dinostorm.com\/tr\/wp-json\/wp\/v2\/comments?post=3778"}],"version-history":[{"count":2,"href":"https:\/\/dinostorm.com\/tr\/wp-json\/wp\/v2\/pages\/3778\/revisions"}],"predecessor-version":[{"id":230111,"href":"https:\/\/dinostorm.com\/tr\/wp-json\/wp\/v2\/pages\/3778\/revisions\/230111"}],"up":[{"embeddable":true,"href":"https:\/\/dinostorm.com\/tr\/wp-json\/wp\/v2\/pages\/1738"}],"wp:featuredmedia":[{"embeddable":true,"href":"https:\/\/dinostorm.com\/tr\/wp-json\/wp\/v2\/media\/15052"}],"wp:attachment":[{"href":"https:\/\/dinostorm.com\/tr\/wp-json\/wp\/v2\/media?parent=3778"}],"curies":[{"name":"wp","href":"https:\/\/api.w.org\/{rel}","templated":true}]}}