{"id":3774,"date":"2012-10-18T09:12:31","date_gmt":"2012-10-18T07:12:31","guid":{"rendered":"http:\/\/dinostorm.com\/?page_id=3774"},"modified":"2021-07-08T11:36:52","modified_gmt":"2021-07-08T09:36:52","slug":"tayranozorus","status":"publish","type":"page","link":"https:\/\/dinostorm.com\/tr\/oyun\/dinozor-sozlugu\/tayranozorus\/","title":{"rendered":"Tayranozorus"},"content":{"rendered":"<div class=\"teaser\"><\/div>\n<h1 class=\"headline_page width_500\"><span>Dinozor &#8211; Tayranozorus<\/span><\/h1>\n<p class=\"back-button back-pos500\"><a class=\"back-block\" href=\"\/tr\/oyun\/dinozor-sozlugu\">Geri<\/a><\/p>\n<div class=\"two_thirds\">\n<h2 class=\"headline-lex\"><span>Dino Storm Tayranozorus<\/span><\/h2>\n<div class=\"banner_lex\">\n<p class=\"banner_text_lex text_lex\"><strong>Tayranozorus<\/strong> y\u00fcksek hasar veren s\u0131ra d\u0131\u015f\u0131 g\u00fc\u00e7l\u00fc bir canl\u0131d\u0131r. Bu etobur \u00e7ok h\u0131zl\u0131 ko\u015fabilir ve di\u011fer dinozorlar\u0131 tam anlam\u0131yla korkuyla ka\u00e7\u0131r\u0131r!<\/p>\n<div style=\"margin-right: 29px; float: left; width: 10px; text-align: left; position: relative; top: 40px; left: 30px\">\n<strong class=\"text_lex\" style=\"position: relative; top: 12px\">Canl\u0131l\u0131k:<\/strong><br \/>\n<strong class=\"text_lex\" style=\"position: relative; top: 30px\">G\u00fc\u00e7:<\/strong><br \/>\n<strong class=\"text_lex\" style=\"position: relative; top: 50px\">Dayan\u0131kl\u0131l\u0131k:<\/strong>\n<\/div>\n<div style=\"margin-right: 20px; float: left; width: 118px; text-align: left; position: relative; top: 70px; left: 10px\">\n<img decoding=\"async\" class=\"skill_image_lex colorbox-3774\" title=\"Temel Canl\u0131l\u0131k: 1\" src=\"\/wp-content\/themes\/arras\/images\/dinostorm\/Dinos\/bar_health_1.png\" alt=\"Dino Storm'da Bir Tayranozorus Temel Canl\u0131l\u0131k seviyesi 1'tir.\" \/><br \/>\n<img decoding=\"async\" class=\"skill_image_lex colorbox-3774\" title=\"Temel G\u00fc\u00e7: 5\" src=\"\/wp-content\/themes\/arras\/images\/dinostorm\/Dinos\/bar_strength_5.png\" alt=\"Dino Storm'da Bir Tayranozorus Temel G\u00fc\u00e7 seviyesi 5'tir.\" \/><br \/>\n<img decoding=\"async\" class=\"skill_image_lex colorbox-3774\" title=\"Temel Dayan\u0131kl\u0131l\u0131k: 4\" src=\"\/wp-content\/themes\/arras\/images\/dinostorm\/Dinos\/bar_endurance_4.png\" alt=\"Dino Storm'da Bir Tayranozorus Temel Dayan\u0131kl\u0131l\u0131k seviyesi 4'tir.\" \/>\n<\/div>\n<div class=\"icc_scale\">\n<img class=\"colorbox-3774\"  decoding=\"async\" src=\"\/wp-content\/themes\/arras\/images\/dinostorm\/Dinos\/icc_scale_pnn.png\" alt=\"\" title=\"\"\/><br \/>\n<a href=\"\/tr\/oyun\/dinozor-sozlugu\/karnotorus\/\"><img decoding=\"async\" class=\"icc_dino colorbox-3774\" src=\"\/wp-content\/themes\/arras\/images\/dinostorm\/Dinos\/carnotaurus_icon.png\" alt=\"\" title=\"\"\/><\/a><\/p>\n<div class=\"icc_text\">Alternatif hasar sat\u0131c\u0131s\u0131:<br \/>\n<strong>Karnotorus<\/strong>\n<\/div>\n<\/div>\n<\/div>\n<div class=\"one_third\">\n<img decoding=\"async\" class=\"dino_lex_2 colorbox-3774\" src=\"\/wp-content\/themes\/arras\/images\/dinostorm\/Dinos\/Tyrannosaurus Rex.png\" alt=\"Dino Storm Tayranozorus\" \/>\n<\/div>\n<\/div>\n<div class=\"clear\"><\/div>\n<div class=\"one_third\">\n<h3 class=\"headlinelex2_1\">Tayranozorus \u2014 Dinozor Becerileri<\/h3>\n<div class=\"banner_lex2\">\n<span class=\"icon_skill_top float-left\"><br \/>\n<img class=\"colorbox-3774\"  decoding=\"async\" src=\"\/wp-content\/themes\/arras\/images\/dinostorm\/Dinos\/Trex_skill_01.png\" \nonmouseover=\"for (let el of document.querySelectorAll('.trex_idle')) el.style.visibility = 'hidden'; for (let el of document.querySelectorAll('.trex_skill1')) el.style.visibility = 'visible';\"\nonmouseout=\"for (let el of document.querySelectorAll('.trex_idle')) el.style.visibility = 'visible'; for (let el of document.querySelectorAll('.trex_skill1')) el.style.visibility = 'hidden';\"\"\nalt=\"Tayranozorus &#x00d6;zel Yetenek \u2014 Ac&#x0131;mas&#x0131;z Is&#x0131;r&#x0131;k\" title=\"&#x00d6;zel Yetenek: Ac&#x0131;mas&#x0131;z Is&#x0131;r&#x0131;k\"\/><\/span><\/p>\n<div class=\"skill-wrapper\"><span class=\"icon_skill_title\">Ac&#x0131;mas&#x0131;z Is&#x0131;r&#x0131;k<\/span><\/p>\n<p class=\"icon_skill_text\">\n<\/div>\n<p><span class=\"clear\"><!-- --><\/span><span class=\"icon_skill_top float-left\"><br \/>\n<img class=\"colorbox-3774\"  decoding=\"async\" src=\"\/wp-content\/themes\/arras\/images\/dinostorm\/Dinos\/Trex_skill_02.png\" \nonmouseover=\"for (let el of document.querySelectorAll('.trex_idle')) el.style.visibility = 'hidden'; for (let el of document.querySelectorAll('.trex_skill2')) el.style.visibility = 'visible';\"\nonmouseout=\"for (let el of document.querySelectorAll('.trex_idle')) el.style.visibility = 'visible'; for (let el of document.querySelectorAll('.trex_skill2')) el.style.visibility = 'hidden';\"\"\nalt=\"Tayranozorus &#x00d6;zel Yetenek \u2014 Sava&#x015f; &#x00c7;&#x0131;&#x011f;l&#x0131;&#x011f;&#x0131;\" title=\"&#x00d6;zel Yetenek: Sava&#x015f; &#x00c7;&#x0131;&#x011f;l&#x0131;&#x011f;&#x0131;\"\/><\/span><\/p>\n<div class=\"skill-wrapper-bottom\"><span class=\"icon_skill_title\">Sava&#x015f; &#x00c7;&#x0131;&#x011f;l&#x0131;&#x011f;&#x0131;<\/span><\/p>\n<p class=\"icon_skill_text\">\n<\/div>\n<p><span class=\"clear\"><!-- --><\/span><\/p>\n<\/div>\n<\/div>\n<div class=\"one_third\">\n<h3 class=\"headlinelex2_2\">Tayranozorus \u2014 Dinozor Ger&#x00e7;ekleri<\/h3>\n<div class=\"fact_lex\">\n<p>Tayranozorus Rex (T-Rex) Latince&#8217;de &#8216;zorba kertenkelelerin kral&#x0131;&#8217; anlam&#x0131;na gelir, ve tarihin en b&#x00fc;y&#x00fc;k etoburlar&#x0131;ndan biridir. Bu dinozor, bug&#x00fc;n Kuzey Amerika olarak bilinen b&#x00f6;lgede Tebe&#x015f;ir D&#x00f6;nemi&#8217;nde ya&#x015f;am&#x0131;&#x015f;t&#x0131;r.<\/p>\n<p>Tayranozorus iki ayak &#x00fc;st&#x00fc;nde y&#x00fc;r&#x00fc;rd&#x00fc; ve kocaman bir kafas&#x0131; vard&#x0131;. Bu dinozorun kuyru&#x011f;u denge sa&#x011f;lamada yard&#x0131;mc&#x0131; oluyordu. T-Rex&#8217;in di&#x015f;leri yakla&#x015f;&#x0131;k 20 cm (~8 in&#x00e7;) uzunlu&#x011f;undayd&#x0131; ve son derece keskindi. Ara&#x015f;t&#x0131;rmac&#x0131;lar bu dinozorun 52,000 Newton&#8217;a (di&#x015f; ba&#x015f;&#x0131;na yakla&#x015f;&#x0131;k 5 ton) kadar bir &#x0131;s&#x0131;rma kuvvetine sahip olabildiklerine inan&#x0131;yor.<\/p>\n<\/div>\n<\/div>\n<div class=\"dino_animations\">\n<img decoding=\"async\" class=\"trex_idle colorbox-3774\" src=\"\/wp-content\/themes\/arras\/images\/dinostorm\/Dinos\/tyrannosaurus_idle.gif\"\/><br \/>\n<img decoding=\"async\" class=\"trex_skill1 colorbox-3774\" style=\"bottom:169px\" src=\"\/wp-content\/themes\/arras\/images\/dinostorm\/Dinos\/tyrannosaurus_skill_01.gif\"\/><br \/>\n<img decoding=\"async\" class=\"trex_skill2 colorbox-3774\" style=\"bottom:489px\" src=\"\/wp-content\/themes\/arras\/images\/dinostorm\/Dinos\/tyrannosaurus_skill_02.gif\"\/>\n<\/div>\n<div class=\"full\">\n<img decoding=\"async\" class=\"hr3 margin35 colorbox-3774\" src=\"\/wp-content\/themes\/arras\/images\/dinostorm\/seperator_big.png\" alt=\"separator dino storm\" \/>\n<\/div>\n","protected":false},"excerpt":{"rendered":"<p>Dinozor &#8211; Tayranozorus Geri Dino Storm Tayranozorus Tayranozorus y\u00fcksek hasar veren s\u0131ra d\u0131\u015f\u0131 g\u00fc\u00e7l\u00fc bir canl\u0131d\u0131r. Bu etobur \u00e7ok h\u0131zl\u0131 ko\u015fabilir ve di\u011fer dinozorlar\u0131 tam anlam\u0131yla korkuyla ka\u00e7\u0131r\u0131r! Canl\u0131l\u0131k: G\u00fc\u00e7: Dayan\u0131kl\u0131l\u0131k: Alternatif hasar sat\u0131c\u0131s\u0131: Karnotorus [&hellip;]<\/p>\n","protected":false},"author":26,"featured_media":15052,"parent":1736,"menu_order":0,"comment_status":"closed","ping_status":"closed","template":"pagetpl-onecolumn.php","meta":{"footnotes":"","_links_to":"","_links_to_target":""},"class_list":["post-3774","page","type-page","status-publish","has-post-thumbnail","hentry"],"yoast_head":"<!-- This site is optimized with the Yoast SEO plugin v27.4 - https:\/\/yoast.com\/product\/yoast-seo-wordpress\/ -->\n<title>Tayranozorus - Dino Storm<\/title>\n<meta name=\"robots\" content=\"index, follow, max-snippet:-1, max-image-preview:large, max-video-preview:-1\" \/>\n<link rel=\"canonical\" href=\"https:\/\/dinostorm.com\/tr\/oyun\/dinozor-sozlugu\/tayranozorus\/\" \/>\n<meta property=\"og:locale\" content=\"tr_TR\" \/>\n<meta property=\"og:type\" content=\"article\" \/>\n<meta property=\"og:title\" content=\"Tayranozorus - Dino Storm\" \/>\n<meta property=\"og:description\" content=\"Dinozor &#8211; Tayranozorus Geri Dino Storm Tayranozorus Tayranozorus y\u00fcksek hasar veren s\u0131ra d\u0131\u015f\u0131 g\u00fc\u00e7l\u00fc bir canl\u0131d\u0131r. Bu etobur \u00e7ok h\u0131zl\u0131 ko\u015fabilir ve di\u011fer dinozorlar\u0131 tam anlam\u0131yla korkuyla ka\u00e7\u0131r\u0131r! Canl\u0131l\u0131k: G\u00fc\u00e7: Dayan\u0131kl\u0131l\u0131k: Alternatif hasar sat\u0131c\u0131s\u0131: Karnotorus [&hellip;]\" \/>\n<meta property=\"og:url\" content=\"https:\/\/dinostorm.com\/tr\/oyun\/dinozor-sozlugu\/tayranozorus\/\" \/>\n<meta property=\"og:site_name\" content=\"Dino Storm\" \/>\n<meta property=\"article:modified_time\" content=\"2021-07-08T09:36:52+00:00\" \/>\n<meta property=\"og:image\" content=\"https:\/\/dinostorm.com\/wp-content\/uploads\/2012\/09\/ds_jungle_01.jpg\" \/>\n\t<meta property=\"og:image:width\" content=\"1280\" \/>\n\t<meta property=\"og:image:height\" content=\"720\" \/>\n\t<meta property=\"og:image:type\" content=\"image\/jpeg\" \/>\n<script type=\"application\/ld+json\" class=\"yoast-schema-graph\">{\"@context\":\"https:\\\/\\\/schema.org\",\"@graph\":[{\"@type\":\"WebPage\",\"@id\":\"https:\\\/\\\/dinostorm.com\\\/tr\\\/oyun\\\/dinozor-sozlugu\\\/tayranozorus\\\/\",\"url\":\"https:\\\/\\\/dinostorm.com\\\/tr\\\/oyun\\\/dinozor-sozlugu\\\/tayranozorus\\\/\",\"name\":\"Tayranozorus - Dino Storm\",\"isPartOf\":{\"@id\":\"https:\\\/\\\/dinostorm.com\\\/tr\\\/#website\"},\"primaryImageOfPage\":{\"@id\":\"https:\\\/\\\/dinostorm.com\\\/tr\\\/oyun\\\/dinozor-sozlugu\\\/tayranozorus\\\/#primaryimage\"},\"image\":{\"@id\":\"https:\\\/\\\/dinostorm.com\\\/tr\\\/oyun\\\/dinozor-sozlugu\\\/tayranozorus\\\/#primaryimage\"},\"thumbnailUrl\":\"https:\\\/\\\/dinostorm.com\\\/wp-content\\\/uploads\\\/2012\\\/09\\\/ds_jungle_01.jpg\",\"datePublished\":\"2012-10-18T07:12:31+00:00\",\"dateModified\":\"2021-07-08T09:36:52+00:00\",\"breadcrumb\":{\"@id\":\"https:\\\/\\\/dinostorm.com\\\/tr\\\/oyun\\\/dinozor-sozlugu\\\/tayranozorus\\\/#breadcrumb\"},\"inLanguage\":\"tr\",\"potentialAction\":[{\"@type\":\"ReadAction\",\"target\":[\"https:\\\/\\\/dinostorm.com\\\/tr\\\/oyun\\\/dinozor-sozlugu\\\/tayranozorus\\\/\"]}]},{\"@type\":\"ImageObject\",\"inLanguage\":\"tr\",\"@id\":\"https:\\\/\\\/dinostorm.com\\\/tr\\\/oyun\\\/dinozor-sozlugu\\\/tayranozorus\\\/#primaryimage\",\"url\":\"https:\\\/\\\/dinostorm.com\\\/wp-content\\\/uploads\\\/2012\\\/09\\\/ds_jungle_01.jpg\",\"contentUrl\":\"https:\\\/\\\/dinostorm.com\\\/wp-content\\\/uploads\\\/2012\\\/09\\\/ds_jungle_01.jpg\",\"width\":1280,\"height\":720,\"caption\":\"Beware of dangerous bandits in Mokon Woods are everywhere.\"},{\"@type\":\"BreadcrumbList\",\"@id\":\"https:\\\/\\\/dinostorm.com\\\/tr\\\/oyun\\\/dinozor-sozlugu\\\/tayranozorus\\\/#breadcrumb\",\"itemListElement\":[{\"@type\":\"ListItem\",\"position\":1,\"name\":\"Home\",\"item\":\"https:\\\/\\\/dinostorm.com\\\/tr\\\/\"},{\"@type\":\"ListItem\",\"position\":2,\"name\":\"Oyun\",\"item\":\"https:\\\/\\\/dinostorm.com\\\/tr\\\/oyun\\\/\"},{\"@type\":\"ListItem\",\"position\":3,\"name\":\"Dinozor S\u00f6zl\u00fcg\u00fc\",\"item\":\"https:\\\/\\\/dinostorm.com\\\/tr\\\/oyun\\\/dinozor-sozlugu\\\/\"},{\"@type\":\"ListItem\",\"position\":4,\"name\":\"Tayranozorus\"}]},{\"@type\":\"WebSite\",\"@id\":\"https:\\\/\\\/dinostorm.com\\\/tr\\\/#website\",\"url\":\"https:\\\/\\\/dinostorm.com\\\/tr\\\/\",\"name\":\"Dino Storm\",\"description\":\"\",\"potentialAction\":[{\"@type\":\"SearchAction\",\"target\":{\"@type\":\"EntryPoint\",\"urlTemplate\":\"https:\\\/\\\/dinostorm.com\\\/tr\\\/?s={search_term_string}\"},\"query-input\":{\"@type\":\"PropertyValueSpecification\",\"valueRequired\":true,\"valueName\":\"search_term_string\"}}],\"inLanguage\":\"tr\"}]}<\/script>\n<!-- \/ Yoast SEO plugin. -->","yoast_head_json":{"title":"Tayranozorus - Dino Storm","robots":{"index":"index","follow":"follow","max-snippet":"max-snippet:-1","max-image-preview":"max-image-preview:large","max-video-preview":"max-video-preview:-1"},"canonical":"https:\/\/dinostorm.com\/tr\/oyun\/dinozor-sozlugu\/tayranozorus\/","og_locale":"tr_TR","og_type":"article","og_title":"Tayranozorus - Dino Storm","og_description":"Dinozor &#8211; Tayranozorus Geri Dino Storm Tayranozorus Tayranozorus y\u00fcksek hasar veren s\u0131ra d\u0131\u015f\u0131 g\u00fc\u00e7l\u00fc bir canl\u0131d\u0131r. Bu etobur \u00e7ok h\u0131zl\u0131 ko\u015fabilir ve di\u011fer dinozorlar\u0131 tam anlam\u0131yla korkuyla ka\u00e7\u0131r\u0131r! Canl\u0131l\u0131k: G\u00fc\u00e7: Dayan\u0131kl\u0131l\u0131k: Alternatif hasar sat\u0131c\u0131s\u0131: Karnotorus [&hellip;]","og_url":"https:\/\/dinostorm.com\/tr\/oyun\/dinozor-sozlugu\/tayranozorus\/","og_site_name":"Dino Storm","article_modified_time":"2021-07-08T09:36:52+00:00","og_image":[{"width":1280,"height":720,"url":"https:\/\/dinostorm.com\/wp-content\/uploads\/2012\/09\/ds_jungle_01.jpg","type":"image\/jpeg"}],"schema":{"@context":"https:\/\/schema.org","@graph":[{"@type":"WebPage","@id":"https:\/\/dinostorm.com\/tr\/oyun\/dinozor-sozlugu\/tayranozorus\/","url":"https:\/\/dinostorm.com\/tr\/oyun\/dinozor-sozlugu\/tayranozorus\/","name":"Tayranozorus - Dino Storm","isPartOf":{"@id":"https:\/\/dinostorm.com\/tr\/#website"},"primaryImageOfPage":{"@id":"https:\/\/dinostorm.com\/tr\/oyun\/dinozor-sozlugu\/tayranozorus\/#primaryimage"},"image":{"@id":"https:\/\/dinostorm.com\/tr\/oyun\/dinozor-sozlugu\/tayranozorus\/#primaryimage"},"thumbnailUrl":"https:\/\/dinostorm.com\/wp-content\/uploads\/2012\/09\/ds_jungle_01.jpg","datePublished":"2012-10-18T07:12:31+00:00","dateModified":"2021-07-08T09:36:52+00:00","breadcrumb":{"@id":"https:\/\/dinostorm.com\/tr\/oyun\/dinozor-sozlugu\/tayranozorus\/#breadcrumb"},"inLanguage":"tr","potentialAction":[{"@type":"ReadAction","target":["https:\/\/dinostorm.com\/tr\/oyun\/dinozor-sozlugu\/tayranozorus\/"]}]},{"@type":"ImageObject","inLanguage":"tr","@id":"https:\/\/dinostorm.com\/tr\/oyun\/dinozor-sozlugu\/tayranozorus\/#primaryimage","url":"https:\/\/dinostorm.com\/wp-content\/uploads\/2012\/09\/ds_jungle_01.jpg","contentUrl":"https:\/\/dinostorm.com\/wp-content\/uploads\/2012\/09\/ds_jungle_01.jpg","width":1280,"height":720,"caption":"Beware of dangerous bandits in Mokon Woods are everywhere."},{"@type":"BreadcrumbList","@id":"https:\/\/dinostorm.com\/tr\/oyun\/dinozor-sozlugu\/tayranozorus\/#breadcrumb","itemListElement":[{"@type":"ListItem","position":1,"name":"Home","item":"https:\/\/dinostorm.com\/tr\/"},{"@type":"ListItem","position":2,"name":"Oyun","item":"https:\/\/dinostorm.com\/tr\/oyun\/"},{"@type":"ListItem","position":3,"name":"Dinozor S\u00f6zl\u00fcg\u00fc","item":"https:\/\/dinostorm.com\/tr\/oyun\/dinozor-sozlugu\/"},{"@type":"ListItem","position":4,"name":"Tayranozorus"}]},{"@type":"WebSite","@id":"https:\/\/dinostorm.com\/tr\/#website","url":"https:\/\/dinostorm.com\/tr\/","name":"Dino Storm","description":"","potentialAction":[{"@type":"SearchAction","target":{"@type":"EntryPoint","urlTemplate":"https:\/\/dinostorm.com\/tr\/?s={search_term_string}"},"query-input":{"@type":"PropertyValueSpecification","valueRequired":true,"valueName":"search_term_string"}}],"inLanguage":"tr"}]}},"_links":{"self":[{"href":"https:\/\/dinostorm.com\/tr\/wp-json\/wp\/v2\/pages\/3774","targetHints":{"allow":["GET"]}}],"collection":[{"href":"https:\/\/dinostorm.com\/tr\/wp-json\/wp\/v2\/pages"}],"about":[{"href":"https:\/\/dinostorm.com\/tr\/wp-json\/wp\/v2\/types\/page"}],"author":[{"embeddable":true,"href":"https:\/\/dinostorm.com\/tr\/wp-json\/wp\/v2\/users\/26"}],"replies":[{"embeddable":true,"href":"https:\/\/dinostorm.com\/tr\/wp-json\/wp\/v2\/comments?post=3774"}],"version-history":[{"count":5,"href":"https:\/\/dinostorm.com\/tr\/wp-json\/wp\/v2\/pages\/3774\/revisions"}],"predecessor-version":[{"id":237868,"href":"https:\/\/dinostorm.com\/tr\/wp-json\/wp\/v2\/pages\/3774\/revisions\/237868"}],"up":[{"embeddable":true,"href":"https:\/\/dinostorm.com\/tr\/wp-json\/wp\/v2\/pages\/1736"}],"wp:featuredmedia":[{"embeddable":true,"href":"https:\/\/dinostorm.com\/tr\/wp-json\/wp\/v2\/media\/15052"}],"wp:attachment":[{"href":"https:\/\/dinostorm.com\/tr\/wp-json\/wp\/v2\/media?parent=3774"}],"curies":[{"name":"wp","href":"https:\/\/api.w.org\/{rel}","templated":true}]}}