{"id":3759,"date":"2012-10-18T09:09:45","date_gmt":"2012-10-18T07:09:45","guid":{"rendered":"http:\/\/dinostorm.com\/?page_id=3759"},"modified":"2021-07-08T14:04:54","modified_gmt":"2021-07-08T12:04:54","slug":"brakiozorus","status":"publish","type":"page","link":"https:\/\/dinostorm.com\/tr\/oyun\/dinozor-sozlugu\/brakiozorus\/","title":{"rendered":"Brakiozorus"},"content":{"rendered":"<div class=\"teaser\"><\/div>\n<h1 class=\"headline_page width_500\"><span>Dinozor &#8211; Brakiozorus<\/span><\/h1>\n<p class=\"back-button back-pos500\"><a class=\"back-block\" href=\"\/tr\/oyun\/dinozor-sozlugu\">Geri<\/a><\/p>\n<div class=\"two_thirds\">\n<h2 class=\"headline-lex\"><span>Dino Storm Brakiozorus<\/span><\/h2>\n<div class=\"banner_lex\">\n<p class=\"banner_text_lex text_lex\"><strong>Brakiozorus<\/strong> tank g\u00f6revi g\u00f6ren olduk\u00e7a yap\u0131l\u0131 bir dinozordur. A\u011f\u0131r yap\u0131s\u0131 sayesinde en uzun \u00e7arp\u0131\u015fmalarda bile hayatta kalabilir, hatta yak\u0131n d\u00f6v\u00fc\u015fte bile kendisini g\u00f6sterebilir. Ancak yava\u015f h\u0131z\u0131 unutulmamas\u0131 en b\u00fcy\u00fck dezavantaj\u0131d\u0131r.<\/p>\n<div style=\"margin-right: 29px; float: left; width: 10px; text-align: left; position: relative; top: 40px; left: 30px\">\n<strong class=\"text_lex\" style=\"position: relative; top: 12px\">Canl\u0131l\u0131k:<\/strong><br \/>\n<strong class=\"text_lex\" style=\"position: relative; top: 30px\">G\u00fc\u00e7:<\/strong><br \/>\n<strong class=\"text_lex\" style=\"position: relative; top: 50px\">Dayan\u0131kl\u0131l\u0131k:<\/strong>\n<\/div>\n<div style=\"margin-right: 20px; float: left; width: 118px; text-align: left; position: relative; top: 70px; left: 10px\">\n<img decoding=\"async\" class=\"skill_image_lex colorbox-3759\" title=\"Temel Canl\u0131l\u0131k: 5\" src=\"\/wp-content\/themes\/arras\/images\/dinostorm\/Dinos\/bar_health_5.png\" alt=\"Dino Storm'da Bir Brakiozorus Temel Canl\u0131l\u0131k seviyesi 5'tir.\" \/><br \/>\n<img decoding=\"async\" class=\"skill_image_lex colorbox-3759\" title=\"Temel G\u00fc\u00e7: 2\" src=\"\/wp-content\/themes\/arras\/images\/dinostorm\/Dinos\/bar_strength_2.png\" alt=\"Dino Storm'da Bir Brakiozorus Temel G\u00fc\u00e7 seviyesi 2'tir.\" \/><br \/>\n<img decoding=\"async\" class=\"skill_image_lex colorbox-3759\" title=\"Temel Dayan\u0131kl\u0131l\u0131k: 1\" src=\"\/wp-content\/themes\/arras\/images\/dinostorm\/Dinos\/bar_endurance_1.png\" alt=\"Dino Storm'da Bir Brakiozorus Temel Dayan\u0131kl\u0131l\u0131k seviyesi 1'tir.\" \/>\n<\/div>\n<div class=\"icc_scale\">\n<img class=\"colorbox-3759\"  decoding=\"async\" src=\"\/wp-content\/themes\/arras\/images\/dinostorm\/Dinos\/icc_scale_npp.png\" alt=\"\" title=\"\"\/><br \/>\n<a href=\"\/tr\/oyun\/dinozor-sozlugu\/ankylosaurus\/\"><img decoding=\"async\" class=\"icc_dino colorbox-3759\" src=\"\/wp-content\/themes\/arras\/images\/dinostorm\/Dinos\/ankylosaurus_icon.png\" alt=\"\" title=\"\"\/><\/a><\/p>\n<div class=\"icc_text\">Tank alternatifi:<br \/>\n<strong>Ankilozor<\/strong>\n<\/div>\n<\/div>\n<\/div>\n<div class=\"one_third\">\n<img decoding=\"async\" class=\"dino_lex_2 colorbox-3759\" src=\"\/wp-content\/themes\/arras\/images\/dinostorm\/Dinos\/Brachiosaurus.png\" alt=\"Dino Storm Brakiozorus\" \/>\n<\/div>\n<\/div>\n<div class=\"clear\"><\/div>\n<div class=\"one_third\">\n<h3 class=\"headlinelex2_1\">Brakiozorus \u2014 Dinozor Becerileri<\/h3>\n<div class=\"banner_lex2\">\n<span class=\"icon_skill_top float-left\"><br \/>\n<img class=\"colorbox-3759\"  decoding=\"async\" src=\"\/wp-content\/themes\/arras\/images\/dinostorm\/Dinos\/Brachiosaurus_skill_01.png\" \nonmouseover=\"for (let el of document.querySelectorAll('.brachi_idle')) el.style.visibility = 'hidden'; for (let el of document.querySelectorAll('.brachi_skill1')) el.style.visibility = 'visible';\"\nonmouseout=\"for (let el of document.querySelectorAll('.brachi_idle')) el.style.visibility = 'visible'; for (let el of document.querySelectorAll('.brachi_skill1')) el.style.visibility = 'hidden';\"\"\nalt=\"Brakiozorus &#x00d6;zel Yetenek \u2014 G&#x00f6;&#x011f;&#x00fc;s Sald&#x0131;r&#x0131;s&#x0131;\" title=\"&#x00d6;zel Yetenek: G&#x00f6;&#x011f;&#x00fc;s Sald&#x0131;r&#x0131;s&#x0131;\"\/><\/span><\/p>\n<div class=\"skill-wrapper\"><span class=\"icon_skill_title\">G&#x00f6;&#x011f;&#x00fc;s Sald&#x0131;r&#x0131;s&#x0131;<\/span><\/p>\n<p class=\"icon_skill_text\">\n<\/div>\n<p><span class=\"clear\"><!-- --><\/span><span class=\"icon_skill_top float-left\"><br \/>\n<img class=\"colorbox-3759\"  decoding=\"async\" src=\"\/wp-content\/themes\/arras\/images\/dinostorm\/Dinos\/Brachiosaurus_skill_02.png\" \nonmouseover=\"for (let el of document.querySelectorAll('.brachi_idle')) el.style.visibility = 'hidden'; for (let el of document.querySelectorAll('.brachi_skill2')) el.style.visibility = 'visible';\"\nonmouseout=\"for (let el of document.querySelectorAll('.brachi_idle')) el.style.visibility = 'visible'; for (let el of document.querySelectorAll('.brachi_skill2')) el.style.visibility = 'hidden';\"\"\nalt=\"Brakiozorus &#x00d6;zel Yetenek \u2014 Tepinme\" title=\"&#x00d6;zel Yetenek: Tepinme\"\/><\/span><\/p>\n<div class=\"skill-wrapper-bottom\"><span class=\"icon_skill_title\">Tepinme<\/span><\/p>\n<p class=\"icon_skill_text\">\n<\/div>\n<p><span class=\"clear\"><!-- --><\/span><\/p>\n<\/div>\n<\/div>\n<div class=\"one_third\">\n<h3 class=\"headlinelex2_2\">Brakiozorus \u2014 Dinozor Ger&#x00e7;ekleri<\/h3>\n<div class=\"fact_lex\">\n<p>Brakiozorus bug&#x00fc;n Kuzey Amerika olarak bilinen b&#x00f6;lgede Jura Devri&#8217;nin sonlar&#x0131;nda ya&#x015f;&#x0131;yordu. Bu dinozor, di&#x011f;er bir&#x00e7;ok Zoropod gibi, d&#x00fc;nyada ya&#x015f;am&#x0131;&#x015f; olan en b&#x00fc;y&#x00fc;k hayvanlardan biri olarak bilinir.<\/p>\n<p>Brakiozorusun en belirgin &#x00f6;zelli&#x011f;i tabi ki, v&#x00fc;cudunun toplam uzunlu&#x011f;unun yar&#x0131;s&#x0131;na denk gelen uzun boynudur. &#x015e;a&#x015f;&#x0131;rt&#x0131;c&#x0131; olan &#x015f;ey bu dinozorun servikal vertebralar&#x0131;n&#x0131;n di&#x011f;er zoropodlar&#x0131;nkinden daha b&#x00fc;y&#x00fc;k olmamas&#x0131;, ama dorsal vertebralar&#x0131;n&#x0131;n uzunlu&#x011f;undan &#x00fc;&#x00e7; kat daha uzun olmas&#x0131;d&#x0131;r. Uzun boynuyla kar&#x015f;&#x0131;la&#x015f;t&#x0131;r&#x0131;ld&#x0131;&#x011f;&#x0131;nda brakiozorusun kafas&#x0131; ise ufac&#x0131;kt&#x0131;.<\/p>\n<\/div>\n<\/div>\n<div class=\"dino_animations\">\n<img decoding=\"async\" class=\"brachi_idle colorbox-3759\" src=\"\/wp-content\/themes\/arras\/images\/dinostorm\/Dinos\/brachiosaurus_idle.gif\"\/><br \/>\n<img decoding=\"async\" class=\"brachi_skill1 colorbox-3759\" src=\"\/wp-content\/themes\/arras\/images\/dinostorm\/Dinos\/brachiosaurus_skill_01.gif\"\/><br \/>\n<img decoding=\"async\" class=\"brachi_skill2 colorbox-3759\" src=\"\/wp-content\/themes\/arras\/images\/dinostorm\/Dinos\/brachiosaurus_skill_02.gif\"\/>\n<\/div>\n<div class=\"full\"><img decoding=\"async\" class=\"hr3 margin35 colorbox-3759\" src=\"\/wp-content\/themes\/arras\/images\/dinostorm\/seperator_big.png\" alt=\"separator dino storm\" \/><\/div>\n","protected":false},"excerpt":{"rendered":"<p>Dinozor &#8211; Brakiozorus Geri Dino Storm Brakiozorus Brakiozorus tank g\u00f6revi g\u00f6ren olduk\u00e7a yap\u0131l\u0131 bir dinozordur. A\u011f\u0131r yap\u0131s\u0131 sayesinde en uzun \u00e7arp\u0131\u015fmalarda bile hayatta kalabilir, hatta yak\u0131n d\u00f6v\u00fc\u015fte bile kendisini g\u00f6sterebilir. Ancak yava\u015f h\u0131z\u0131 unutulmamas\u0131 en [&hellip;]<\/p>\n","protected":false},"author":26,"featured_media":15052,"parent":1736,"menu_order":0,"comment_status":"closed","ping_status":"closed","template":"pagetpl-onecolumn.php","meta":{"footnotes":"","_links_to":"","_links_to_target":""},"class_list":["post-3759","page","type-page","status-publish","has-post-thumbnail","hentry"],"yoast_head":"<!-- This site is optimized with the Yoast SEO plugin v27.4 - https:\/\/yoast.com\/product\/yoast-seo-wordpress\/ -->\n<title>Brakiozorus - Dino Storm<\/title>\n<meta name=\"robots\" content=\"index, follow, max-snippet:-1, max-image-preview:large, max-video-preview:-1\" \/>\n<link rel=\"canonical\" href=\"https:\/\/dinostorm.com\/tr\/oyun\/dinozor-sozlugu\/brakiozorus\/\" \/>\n<meta property=\"og:locale\" content=\"tr_TR\" \/>\n<meta property=\"og:type\" content=\"article\" \/>\n<meta property=\"og:title\" content=\"Brakiozorus - Dino Storm\" \/>\n<meta property=\"og:description\" content=\"Dinozor &#8211; Brakiozorus Geri Dino Storm Brakiozorus Brakiozorus tank g\u00f6revi g\u00f6ren olduk\u00e7a yap\u0131l\u0131 bir dinozordur. A\u011f\u0131r yap\u0131s\u0131 sayesinde en uzun \u00e7arp\u0131\u015fmalarda bile hayatta kalabilir, hatta yak\u0131n d\u00f6v\u00fc\u015fte bile kendisini g\u00f6sterebilir. Ancak yava\u015f h\u0131z\u0131 unutulmamas\u0131 en [&hellip;]\" \/>\n<meta property=\"og:url\" content=\"https:\/\/dinostorm.com\/tr\/oyun\/dinozor-sozlugu\/brakiozorus\/\" \/>\n<meta property=\"og:site_name\" content=\"Dino Storm\" \/>\n<meta property=\"article:modified_time\" content=\"2021-07-08T12:04:54+00:00\" \/>\n<meta property=\"og:image\" content=\"https:\/\/dinostorm.com\/wp-content\/uploads\/2012\/09\/ds_jungle_01.jpg\" \/>\n\t<meta property=\"og:image:width\" content=\"1280\" \/>\n\t<meta property=\"og:image:height\" content=\"720\" \/>\n\t<meta property=\"og:image:type\" content=\"image\/jpeg\" \/>\n<script type=\"application\/ld+json\" class=\"yoast-schema-graph\">{\"@context\":\"https:\\\/\\\/schema.org\",\"@graph\":[{\"@type\":\"WebPage\",\"@id\":\"https:\\\/\\\/dinostorm.com\\\/tr\\\/oyun\\\/dinozor-sozlugu\\\/brakiozorus\\\/\",\"url\":\"https:\\\/\\\/dinostorm.com\\\/tr\\\/oyun\\\/dinozor-sozlugu\\\/brakiozorus\\\/\",\"name\":\"Brakiozorus - Dino Storm\",\"isPartOf\":{\"@id\":\"https:\\\/\\\/dinostorm.com\\\/tr\\\/#website\"},\"primaryImageOfPage\":{\"@id\":\"https:\\\/\\\/dinostorm.com\\\/tr\\\/oyun\\\/dinozor-sozlugu\\\/brakiozorus\\\/#primaryimage\"},\"image\":{\"@id\":\"https:\\\/\\\/dinostorm.com\\\/tr\\\/oyun\\\/dinozor-sozlugu\\\/brakiozorus\\\/#primaryimage\"},\"thumbnailUrl\":\"https:\\\/\\\/dinostorm.com\\\/wp-content\\\/uploads\\\/2012\\\/09\\\/ds_jungle_01.jpg\",\"datePublished\":\"2012-10-18T07:09:45+00:00\",\"dateModified\":\"2021-07-08T12:04:54+00:00\",\"breadcrumb\":{\"@id\":\"https:\\\/\\\/dinostorm.com\\\/tr\\\/oyun\\\/dinozor-sozlugu\\\/brakiozorus\\\/#breadcrumb\"},\"inLanguage\":\"tr\",\"potentialAction\":[{\"@type\":\"ReadAction\",\"target\":[\"https:\\\/\\\/dinostorm.com\\\/tr\\\/oyun\\\/dinozor-sozlugu\\\/brakiozorus\\\/\"]}]},{\"@type\":\"ImageObject\",\"inLanguage\":\"tr\",\"@id\":\"https:\\\/\\\/dinostorm.com\\\/tr\\\/oyun\\\/dinozor-sozlugu\\\/brakiozorus\\\/#primaryimage\",\"url\":\"https:\\\/\\\/dinostorm.com\\\/wp-content\\\/uploads\\\/2012\\\/09\\\/ds_jungle_01.jpg\",\"contentUrl\":\"https:\\\/\\\/dinostorm.com\\\/wp-content\\\/uploads\\\/2012\\\/09\\\/ds_jungle_01.jpg\",\"width\":1280,\"height\":720,\"caption\":\"Beware of dangerous bandits in Mokon Woods are everywhere.\"},{\"@type\":\"BreadcrumbList\",\"@id\":\"https:\\\/\\\/dinostorm.com\\\/tr\\\/oyun\\\/dinozor-sozlugu\\\/brakiozorus\\\/#breadcrumb\",\"itemListElement\":[{\"@type\":\"ListItem\",\"position\":1,\"name\":\"Home\",\"item\":\"https:\\\/\\\/dinostorm.com\\\/tr\\\/\"},{\"@type\":\"ListItem\",\"position\":2,\"name\":\"Oyun\",\"item\":\"https:\\\/\\\/dinostorm.com\\\/tr\\\/oyun\\\/\"},{\"@type\":\"ListItem\",\"position\":3,\"name\":\"Dinozor S\u00f6zl\u00fcg\u00fc\",\"item\":\"https:\\\/\\\/dinostorm.com\\\/tr\\\/oyun\\\/dinozor-sozlugu\\\/\"},{\"@type\":\"ListItem\",\"position\":4,\"name\":\"Brakiozorus\"}]},{\"@type\":\"WebSite\",\"@id\":\"https:\\\/\\\/dinostorm.com\\\/tr\\\/#website\",\"url\":\"https:\\\/\\\/dinostorm.com\\\/tr\\\/\",\"name\":\"Dino Storm\",\"description\":\"\",\"potentialAction\":[{\"@type\":\"SearchAction\",\"target\":{\"@type\":\"EntryPoint\",\"urlTemplate\":\"https:\\\/\\\/dinostorm.com\\\/tr\\\/?s={search_term_string}\"},\"query-input\":{\"@type\":\"PropertyValueSpecification\",\"valueRequired\":true,\"valueName\":\"search_term_string\"}}],\"inLanguage\":\"tr\"}]}<\/script>\n<!-- \/ Yoast SEO plugin. -->","yoast_head_json":{"title":"Brakiozorus - Dino Storm","robots":{"index":"index","follow":"follow","max-snippet":"max-snippet:-1","max-image-preview":"max-image-preview:large","max-video-preview":"max-video-preview:-1"},"canonical":"https:\/\/dinostorm.com\/tr\/oyun\/dinozor-sozlugu\/brakiozorus\/","og_locale":"tr_TR","og_type":"article","og_title":"Brakiozorus - Dino Storm","og_description":"Dinozor &#8211; Brakiozorus Geri Dino Storm Brakiozorus Brakiozorus tank g\u00f6revi g\u00f6ren olduk\u00e7a yap\u0131l\u0131 bir dinozordur. A\u011f\u0131r yap\u0131s\u0131 sayesinde en uzun \u00e7arp\u0131\u015fmalarda bile hayatta kalabilir, hatta yak\u0131n d\u00f6v\u00fc\u015fte bile kendisini g\u00f6sterebilir. Ancak yava\u015f h\u0131z\u0131 unutulmamas\u0131 en [&hellip;]","og_url":"https:\/\/dinostorm.com\/tr\/oyun\/dinozor-sozlugu\/brakiozorus\/","og_site_name":"Dino Storm","article_modified_time":"2021-07-08T12:04:54+00:00","og_image":[{"width":1280,"height":720,"url":"https:\/\/dinostorm.com\/wp-content\/uploads\/2012\/09\/ds_jungle_01.jpg","type":"image\/jpeg"}],"schema":{"@context":"https:\/\/schema.org","@graph":[{"@type":"WebPage","@id":"https:\/\/dinostorm.com\/tr\/oyun\/dinozor-sozlugu\/brakiozorus\/","url":"https:\/\/dinostorm.com\/tr\/oyun\/dinozor-sozlugu\/brakiozorus\/","name":"Brakiozorus - Dino Storm","isPartOf":{"@id":"https:\/\/dinostorm.com\/tr\/#website"},"primaryImageOfPage":{"@id":"https:\/\/dinostorm.com\/tr\/oyun\/dinozor-sozlugu\/brakiozorus\/#primaryimage"},"image":{"@id":"https:\/\/dinostorm.com\/tr\/oyun\/dinozor-sozlugu\/brakiozorus\/#primaryimage"},"thumbnailUrl":"https:\/\/dinostorm.com\/wp-content\/uploads\/2012\/09\/ds_jungle_01.jpg","datePublished":"2012-10-18T07:09:45+00:00","dateModified":"2021-07-08T12:04:54+00:00","breadcrumb":{"@id":"https:\/\/dinostorm.com\/tr\/oyun\/dinozor-sozlugu\/brakiozorus\/#breadcrumb"},"inLanguage":"tr","potentialAction":[{"@type":"ReadAction","target":["https:\/\/dinostorm.com\/tr\/oyun\/dinozor-sozlugu\/brakiozorus\/"]}]},{"@type":"ImageObject","inLanguage":"tr","@id":"https:\/\/dinostorm.com\/tr\/oyun\/dinozor-sozlugu\/brakiozorus\/#primaryimage","url":"https:\/\/dinostorm.com\/wp-content\/uploads\/2012\/09\/ds_jungle_01.jpg","contentUrl":"https:\/\/dinostorm.com\/wp-content\/uploads\/2012\/09\/ds_jungle_01.jpg","width":1280,"height":720,"caption":"Beware of dangerous bandits in Mokon Woods are everywhere."},{"@type":"BreadcrumbList","@id":"https:\/\/dinostorm.com\/tr\/oyun\/dinozor-sozlugu\/brakiozorus\/#breadcrumb","itemListElement":[{"@type":"ListItem","position":1,"name":"Home","item":"https:\/\/dinostorm.com\/tr\/"},{"@type":"ListItem","position":2,"name":"Oyun","item":"https:\/\/dinostorm.com\/tr\/oyun\/"},{"@type":"ListItem","position":3,"name":"Dinozor S\u00f6zl\u00fcg\u00fc","item":"https:\/\/dinostorm.com\/tr\/oyun\/dinozor-sozlugu\/"},{"@type":"ListItem","position":4,"name":"Brakiozorus"}]},{"@type":"WebSite","@id":"https:\/\/dinostorm.com\/tr\/#website","url":"https:\/\/dinostorm.com\/tr\/","name":"Dino Storm","description":"","potentialAction":[{"@type":"SearchAction","target":{"@type":"EntryPoint","urlTemplate":"https:\/\/dinostorm.com\/tr\/?s={search_term_string}"},"query-input":{"@type":"PropertyValueSpecification","valueRequired":true,"valueName":"search_term_string"}}],"inLanguage":"tr"}]}},"_links":{"self":[{"href":"https:\/\/dinostorm.com\/tr\/wp-json\/wp\/v2\/pages\/3759","targetHints":{"allow":["GET"]}}],"collection":[{"href":"https:\/\/dinostorm.com\/tr\/wp-json\/wp\/v2\/pages"}],"about":[{"href":"https:\/\/dinostorm.com\/tr\/wp-json\/wp\/v2\/types\/page"}],"author":[{"embeddable":true,"href":"https:\/\/dinostorm.com\/tr\/wp-json\/wp\/v2\/users\/26"}],"replies":[{"embeddable":true,"href":"https:\/\/dinostorm.com\/tr\/wp-json\/wp\/v2\/comments?post=3759"}],"version-history":[{"count":5,"href":"https:\/\/dinostorm.com\/tr\/wp-json\/wp\/v2\/pages\/3759\/revisions"}],"predecessor-version":[{"id":237976,"href":"https:\/\/dinostorm.com\/tr\/wp-json\/wp\/v2\/pages\/3759\/revisions\/237976"}],"up":[{"embeddable":true,"href":"https:\/\/dinostorm.com\/tr\/wp-json\/wp\/v2\/pages\/1736"}],"wp:featuredmedia":[{"embeddable":true,"href":"https:\/\/dinostorm.com\/tr\/wp-json\/wp\/v2\/media\/15052"}],"wp:attachment":[{"href":"https:\/\/dinostorm.com\/tr\/wp-json\/wp\/v2\/media?parent=3759"}],"curies":[{"name":"wp","href":"https:\/\/api.w.org\/{rel}","templated":true}]}}