{"id":3748,"date":"2012-10-18T09:11:53","date_gmt":"2012-10-18T07:11:53","guid":{"rendered":"http:\/\/dinostorm.com\/?page_id=3748"},"modified":"2021-07-08T11:21:18","modified_gmt":"2021-07-08T09:21:18","slug":"karnotorus","status":"publish","type":"page","link":"https:\/\/dinostorm.com\/tr\/oyun\/dinozor-sozlugu\/karnotorus\/","title":{"rendered":"Karnotorus"},"content":{"rendered":"<div class=\"teaser\"><\/div>\n<h1 class=\"headline_page width_500\"><span>Dinozor &#8211; Karnotorus<\/span><\/h1>\n<p class=\"back-button back-pos500\"><a class=\"back-block\" href=\"\/tr\/oyun\/dinozor-sozlugu\">Geri<\/a><\/p>\n<div class=\"two_thirds\">\n<h2 class=\"headline-lex\"><span>Dino Storm Karnotorus<\/span><\/h2>\n<div class=\"banner_lex\">\n<p class=\"banner_text_lex text_lex\"><strong>Karnotorus<\/strong> vah\u015fi g\u00f6r\u00fcn\u00fcml\u00fc, y\u00fcksek hasar veren bir etoburdur. Ortalama bir dinozordan daha h\u0131zl\u0131 olan Karnotor, yak\u0131n \u00e7arp\u0131\u015fmalarda hatr\u0131 say\u0131l\u0131r g\u00fc\u00e7 avantaj\u0131na sahiptir!<\/p>\n<div style=\"margin-right: 29px; float: left; width: 10px; text-align: left; position: relative; top: 40px; left: 30px\">\n<strong class=\"text_lex\" style=\"position: relative; top: 12px\">Canl\u0131l\u0131k:<\/strong><br \/>\n<strong class=\"text_lex\" style=\"position: relative; top: 30px\">G\u00fc\u00e7:<\/strong><br \/>\n<strong class=\"text_lex\" style=\"position: relative; top: 50px\">Dayan\u0131kl\u0131l\u0131k:<\/strong>\n<\/div>\n<div style=\"margin-right: 20px; float: left; width: 118px; text-align: left; position: relative; top: 70px; left: 10px\">\n<img decoding=\"async\" class=\"skill_image_lex colorbox-3748\" title=\"Temel Canl\u0131l\u0131k: 1\" src=\"\/wp-content\/themes\/arras\/images\/dinostorm\/Dinos\/bar_health_1.png\" alt=\"Dino Storm'da Bir Karnotorus Temel Canl\u0131l\u0131k seviyesi 1'tir.\" \/><br \/>\n<img decoding=\"async\" class=\"skill_image_lex colorbox-3748\" title=\"Temel G\u00fc\u00e7: 5\" src=\"\/wp-content\/themes\/arras\/images\/dinostorm\/Dinos\/bar_strength_5.png\" alt=\"Dino Storm'da Bir Karnotorus Temel G\u00fc\u00e7 seviyesi 5'tir.\" \/><br \/>\n<img decoding=\"async\" class=\"skill_image_lex colorbox-3748\" title=\"Temel Dayan\u0131kl\u0131l\u0131k: 4\" src=\"\/wp-content\/themes\/arras\/images\/dinostorm\/Dinos\/bar_endurance_4.png\" alt=\"Dino Storm'da Bir Karnotorus Temel Dayan\u0131kl\u0131l\u0131k seviyesi 4'tir.\" \/>\n<\/div>\n<div class=\"icc_scale\">\n<img class=\"colorbox-3748\"  decoding=\"async\" src=\"\/wp-content\/themes\/arras\/images\/dinostorm\/Dinos\/icc_scale_npp.png\" alt=\"\" title=\"\"\/><br \/>\n<a href=\"\/tr\/oyun\/dinozor-sozlugu\/tayranozorus\/\"><img decoding=\"async\" class=\"icc_dino colorbox-3748\" src=\"\/wp-content\/themes\/arras\/images\/dinostorm\/Dinos\/tyrannosaurus_icon.png\" alt=\"\" title=\"\"\/><\/a><\/p>\n<div class=\"icc_text\">Alternatif hasar sat\u0131c\u0131s\u0131:<br \/>\n<strong>Tayranozorus<\/strong>\n<\/div>\n<\/div>\n<\/div>\n<div class=\"one_third\">\n<img decoding=\"async\" class=\"dino_lex_2 colorbox-3748\" src=\"\/wp-content\/themes\/arras\/images\/dinostorm\/Dinos\/Carnotaurus.png\" alt=\"Dino Storm Karnotorus\" \/>\n<\/div>\n<\/div>\n<div class=\"clear\"><\/div>\n<div class=\"one_third\">\n<h3 class=\"headlinelex2_1\">Karnotorus \u2014 Dinozor Becerileri<\/h3>\n<div class=\"banner_lex2\">\n<span class=\"icon_skill_top float-left\"><br \/>\n<img class=\"colorbox-3748\"  decoding=\"async\" src=\"\/wp-content\/themes\/arras\/images\/dinostorm\/Dinos\/Carnotaurus_skill_01.png\" \nonmouseover=\"for (let el of document.querySelectorAll('.carno_idle')) el.style.visibility = 'hidden'; for (let el of document.querySelectorAll('.carno_skill1')) el.style.visibility = 'visible';\"\nonmouseout=\"for (let el of document.querySelectorAll('.carno_idle')) el.style.visibility = 'visible'; for (let el of document.querySelectorAll('.carno_skill1')) el.style.visibility = 'hidden';\"\"\nalt=\"Karnotorus &#x00d6;zel Yetenek \u2014 V&#x00fc;cut Sald&#x0131;r&#x0131;s&#x0131;\" title=\"&#x00d6;zel Yetenek: V&#x00fc;cut Sald&#x0131;r&#x0131;s&#x0131;\"\/><\/span><\/p>\n<div class=\"skill-wrapper\"><span class=\"icon_skill_title\">V&#x00fc;cut Sald&#x0131;r&#x0131;s&#x0131;<\/span><\/p>\n<p class=\"icon_skill_text\">\n<\/div>\n<p><span class=\"clear\"><!-- --><\/span><span class=\"icon_skill_top float-left\"><br \/>\n<img class=\"colorbox-3748\"  decoding=\"async\" src=\"\/wp-content\/themes\/arras\/images\/dinostorm\/Dinos\/Carnotaurus_skill_02.png\" \nonmouseover=\"for (let el of document.querySelectorAll('.carno_idle')) el.style.visibility = 'hidden'; for (let el of document.querySelectorAll('.carno_skill2')) el.style.visibility = 'visible';\"\nonmouseout=\"for (let el of document.querySelectorAll('.carno_idle')) el.style.visibility = 'visible'; for (let el of document.querySelectorAll('.carno_skill2')) el.style.visibility = 'hidden';\"\"\nalt=\"Karnotorus &#x00d6;zel Yetenek \u2014 Katliam Sald&#x0131;r&#x0131;s&#x0131;\" title=\"&#x00d6;zel Yetenek: Katliam Sald&#x0131;r&#x0131;s&#x0131;\"\/><\/span><\/p>\n<div class=\"skill-wrapper-bottom\"><span class=\"icon_skill_title\">Katliam Sald&#x0131;r&#x0131;s&#x0131;<\/span><\/p>\n<p class=\"icon_skill_text\">\n<\/div>\n<p><span class=\"clear\"><!-- --><\/span><\/p>\n<\/div>\n<\/div>\n<div class=\"one_third\">\n<h3 class=\"headlinelex2_2\">Karnotorus \u2014 Dinozor Ger&#x00e7;ekleri<\/h3>\n<div class=\"fact_lex\">\n<p>Karnotorus, bug&#x00fc;n G&#x00fc;ney Amerika olarak bilinen b&#x00f6;lgede ya&#x015f;ayan b&#x00fc;y&#x00fc;k bir avc&#x0131;yd&#x0131;. Bu dinozorun en belirgin &#x00f6;zellikleri aln&#x0131;ndaki iki b&#x00fc;y&#x00fc;k boynuzu, bir k&#x00fc;&#x00e7;&#x00fc;k derin kafatas&#x0131; ve iki a&#x015f;&#x0131;r&#x0131; k&#x00fc;&#x00e7;&#x00fc;k &#x00f6;n ayaklar&#x0131;yd&#x0131;. Bunlar, T-Rex&#8217;in zaten k&#x00fc;&#x00e7;&#x00fc;k olan &#x00f6;n ayaklar&#x0131;ndan bile daha k&#x00fc;&#x00e7;&#x00fc;kt&#x00fc;ler.<\/p>\n<p>Dinozorlar i&#x00e7;in normal olmayan &#x015f;ey ileri bakan g&#x00f6;zlerdir. Bu, karnotoruslar&#x0131;n uzamsal g&#x00f6;r&#x00fc;&#x015f;e sahip olduklar&#x0131; anlam&#x0131;na gelebilir. Ayr&#x0131;ca, bu dinozorun deri kal&#x0131;nt&#x0131;lar&#x0131; da bulunmu&#x015f;tur, yani biliyoruz ki derisi ba&#x015f;l&#x0131;ca fincan &#x015f;ekilli kabuklardan olu&#x015f;uyordu.<\/p>\n<\/div>\n<\/div>\n<div class=\"dino_animations\">\n<img decoding=\"async\" class=\"carno_idle colorbox-3748\" src=\"\/wp-content\/themes\/arras\/images\/dinostorm\/Dinos\/carnotaurus_idle.gif\"\/><br \/>\n<img decoding=\"async\" class=\"carno_skill1 colorbox-3748\" src=\"\/wp-content\/themes\/arras\/images\/dinostorm\/Dinos\/carnotaurus_skill_01.gif\"\/><br \/>\n<img decoding=\"async\" class=\"carno_skill2 colorbox-3748\" src=\"\/wp-content\/themes\/arras\/images\/dinostorm\/Dinos\/carnotaurus_skill_02.gif\"\/>\n<\/div>\n<div class=\"full\">\n<img decoding=\"async\" class=\"hr3 margin35 colorbox-3748\" src=\"\/wp-content\/themes\/arras\/images\/dinostorm\/seperator_big.png\" alt=\"separator dino storm\" \/>\n<\/div>\n","protected":false},"excerpt":{"rendered":"<p>Dinozor &#8211; Karnotorus Geri Dino Storm Karnotorus Karnotorus vah\u015fi g\u00f6r\u00fcn\u00fcml\u00fc, y\u00fcksek hasar veren bir etoburdur. Ortalama bir dinozordan daha h\u0131zl\u0131 olan Karnotor, yak\u0131n \u00e7arp\u0131\u015fmalarda hatr\u0131 say\u0131l\u0131r g\u00fc\u00e7 avantaj\u0131na sahiptir! Canl\u0131l\u0131k: G\u00fc\u00e7: Dayan\u0131kl\u0131l\u0131k: Alternatif hasar sat\u0131c\u0131s\u0131: [&hellip;]<\/p>\n","protected":false},"author":26,"featured_media":15052,"parent":1736,"menu_order":0,"comment_status":"closed","ping_status":"closed","template":"pagetpl-onecolumn.php","meta":{"footnotes":"","_links_to":"","_links_to_target":""},"class_list":["post-3748","page","type-page","status-publish","has-post-thumbnail","hentry"],"yoast_head":"<!-- This site is optimized with the Yoast SEO plugin v27.3 - https:\/\/yoast.com\/product\/yoast-seo-wordpress\/ -->\n<title>Karnotorus - Dino Storm<\/title>\n<meta name=\"description\" content=\"Karnotorus vah\u015fi g\u00f6r\u00fcml\u00fc bir etoburdur Dino Storm&#039;da. Karnotorus hakk\u0131nda bilmen gereken her \u015fey: faydal\u0131 bilgiler, beceriler, yetenekler...\" \/>\n<meta name=\"robots\" content=\"index, follow, max-snippet:-1, max-image-preview:large, max-video-preview:-1\" \/>\n<link rel=\"canonical\" href=\"https:\/\/dinostorm.com\/tr\/oyun\/dinozor-sozlugu\/karnotorus\/\" \/>\n<meta property=\"og:locale\" content=\"tr_TR\" \/>\n<meta property=\"og:type\" content=\"article\" \/>\n<meta property=\"og:title\" content=\"Karnotorus - Dino Storm\" \/>\n<meta property=\"og:description\" content=\"Karnotorus vah\u015fi g\u00f6r\u00fcml\u00fc bir etoburdur Dino Storm&#039;da. Karnotorus hakk\u0131nda bilmen gereken her \u015fey: faydal\u0131 bilgiler, beceriler, yetenekler...\" \/>\n<meta property=\"og:url\" content=\"https:\/\/dinostorm.com\/tr\/oyun\/dinozor-sozlugu\/karnotorus\/\" \/>\n<meta property=\"og:site_name\" content=\"Dino Storm\" \/>\n<meta property=\"article:modified_time\" content=\"2021-07-08T09:21:18+00:00\" \/>\n<meta property=\"og:image\" content=\"https:\/\/dinostorm.com\/wp-content\/uploads\/2012\/09\/ds_jungle_01.jpg\" \/>\n\t<meta property=\"og:image:width\" content=\"1280\" \/>\n\t<meta property=\"og:image:height\" content=\"720\" \/>\n\t<meta property=\"og:image:type\" content=\"image\/jpeg\" \/>\n<script type=\"application\/ld+json\" class=\"yoast-schema-graph\">{\"@context\":\"https:\\\/\\\/schema.org\",\"@graph\":[{\"@type\":\"WebPage\",\"@id\":\"https:\\\/\\\/dinostorm.com\\\/tr\\\/oyun\\\/dinozor-sozlugu\\\/karnotorus\\\/\",\"url\":\"https:\\\/\\\/dinostorm.com\\\/tr\\\/oyun\\\/dinozor-sozlugu\\\/karnotorus\\\/\",\"name\":\"Karnotorus - Dino Storm\",\"isPartOf\":{\"@id\":\"https:\\\/\\\/dinostorm.com\\\/tr\\\/#website\"},\"primaryImageOfPage\":{\"@id\":\"https:\\\/\\\/dinostorm.com\\\/tr\\\/oyun\\\/dinozor-sozlugu\\\/karnotorus\\\/#primaryimage\"},\"image\":{\"@id\":\"https:\\\/\\\/dinostorm.com\\\/tr\\\/oyun\\\/dinozor-sozlugu\\\/karnotorus\\\/#primaryimage\"},\"thumbnailUrl\":\"https:\\\/\\\/dinostorm.com\\\/wp-content\\\/uploads\\\/2012\\\/09\\\/ds_jungle_01.jpg\",\"datePublished\":\"2012-10-18T07:11:53+00:00\",\"dateModified\":\"2021-07-08T09:21:18+00:00\",\"description\":\"Karnotorus vah\u015fi g\u00f6r\u00fcml\u00fc bir etoburdur Dino Storm'da. Karnotorus hakk\u0131nda bilmen gereken her \u015fey: faydal\u0131 bilgiler, beceriler, yetenekler...\",\"breadcrumb\":{\"@id\":\"https:\\\/\\\/dinostorm.com\\\/tr\\\/oyun\\\/dinozor-sozlugu\\\/karnotorus\\\/#breadcrumb\"},\"inLanguage\":\"tr\",\"potentialAction\":[{\"@type\":\"ReadAction\",\"target\":[\"https:\\\/\\\/dinostorm.com\\\/tr\\\/oyun\\\/dinozor-sozlugu\\\/karnotorus\\\/\"]}]},{\"@type\":\"ImageObject\",\"inLanguage\":\"tr\",\"@id\":\"https:\\\/\\\/dinostorm.com\\\/tr\\\/oyun\\\/dinozor-sozlugu\\\/karnotorus\\\/#primaryimage\",\"url\":\"https:\\\/\\\/dinostorm.com\\\/wp-content\\\/uploads\\\/2012\\\/09\\\/ds_jungle_01.jpg\",\"contentUrl\":\"https:\\\/\\\/dinostorm.com\\\/wp-content\\\/uploads\\\/2012\\\/09\\\/ds_jungle_01.jpg\",\"width\":1280,\"height\":720,\"caption\":\"Beware of dangerous bandits in Mokon Woods are everywhere.\"},{\"@type\":\"BreadcrumbList\",\"@id\":\"https:\\\/\\\/dinostorm.com\\\/tr\\\/oyun\\\/dinozor-sozlugu\\\/karnotorus\\\/#breadcrumb\",\"itemListElement\":[{\"@type\":\"ListItem\",\"position\":1,\"name\":\"Home\",\"item\":\"https:\\\/\\\/dinostorm.com\\\/tr\\\/\"},{\"@type\":\"ListItem\",\"position\":2,\"name\":\"Oyun\",\"item\":\"https:\\\/\\\/dinostorm.com\\\/tr\\\/oyun\\\/\"},{\"@type\":\"ListItem\",\"position\":3,\"name\":\"Dinozor S\u00f6zl\u00fcg\u00fc\",\"item\":\"https:\\\/\\\/dinostorm.com\\\/tr\\\/oyun\\\/dinozor-sozlugu\\\/\"},{\"@type\":\"ListItem\",\"position\":4,\"name\":\"Karnotorus\"}]},{\"@type\":\"WebSite\",\"@id\":\"https:\\\/\\\/dinostorm.com\\\/tr\\\/#website\",\"url\":\"https:\\\/\\\/dinostorm.com\\\/tr\\\/\",\"name\":\"Dino Storm\",\"description\":\"\",\"potentialAction\":[{\"@type\":\"SearchAction\",\"target\":{\"@type\":\"EntryPoint\",\"urlTemplate\":\"https:\\\/\\\/dinostorm.com\\\/tr\\\/?s={search_term_string}\"},\"query-input\":{\"@type\":\"PropertyValueSpecification\",\"valueRequired\":true,\"valueName\":\"search_term_string\"}}],\"inLanguage\":\"tr\"}]}<\/script>\n<!-- \/ Yoast SEO plugin. -->","yoast_head_json":{"title":"Karnotorus - Dino Storm","description":"Karnotorus vah\u015fi g\u00f6r\u00fcml\u00fc bir etoburdur Dino Storm'da. Karnotorus hakk\u0131nda bilmen gereken her \u015fey: faydal\u0131 bilgiler, beceriler, yetenekler...","robots":{"index":"index","follow":"follow","max-snippet":"max-snippet:-1","max-image-preview":"max-image-preview:large","max-video-preview":"max-video-preview:-1"},"canonical":"https:\/\/dinostorm.com\/tr\/oyun\/dinozor-sozlugu\/karnotorus\/","og_locale":"tr_TR","og_type":"article","og_title":"Karnotorus - Dino Storm","og_description":"Karnotorus vah\u015fi g\u00f6r\u00fcml\u00fc bir etoburdur Dino Storm'da. Karnotorus hakk\u0131nda bilmen gereken her \u015fey: faydal\u0131 bilgiler, beceriler, yetenekler...","og_url":"https:\/\/dinostorm.com\/tr\/oyun\/dinozor-sozlugu\/karnotorus\/","og_site_name":"Dino Storm","article_modified_time":"2021-07-08T09:21:18+00:00","og_image":[{"width":1280,"height":720,"url":"https:\/\/dinostorm.com\/wp-content\/uploads\/2012\/09\/ds_jungle_01.jpg","type":"image\/jpeg"}],"schema":{"@context":"https:\/\/schema.org","@graph":[{"@type":"WebPage","@id":"https:\/\/dinostorm.com\/tr\/oyun\/dinozor-sozlugu\/karnotorus\/","url":"https:\/\/dinostorm.com\/tr\/oyun\/dinozor-sozlugu\/karnotorus\/","name":"Karnotorus - Dino Storm","isPartOf":{"@id":"https:\/\/dinostorm.com\/tr\/#website"},"primaryImageOfPage":{"@id":"https:\/\/dinostorm.com\/tr\/oyun\/dinozor-sozlugu\/karnotorus\/#primaryimage"},"image":{"@id":"https:\/\/dinostorm.com\/tr\/oyun\/dinozor-sozlugu\/karnotorus\/#primaryimage"},"thumbnailUrl":"https:\/\/dinostorm.com\/wp-content\/uploads\/2012\/09\/ds_jungle_01.jpg","datePublished":"2012-10-18T07:11:53+00:00","dateModified":"2021-07-08T09:21:18+00:00","description":"Karnotorus vah\u015fi g\u00f6r\u00fcml\u00fc bir etoburdur Dino Storm'da. Karnotorus hakk\u0131nda bilmen gereken her \u015fey: faydal\u0131 bilgiler, beceriler, yetenekler...","breadcrumb":{"@id":"https:\/\/dinostorm.com\/tr\/oyun\/dinozor-sozlugu\/karnotorus\/#breadcrumb"},"inLanguage":"tr","potentialAction":[{"@type":"ReadAction","target":["https:\/\/dinostorm.com\/tr\/oyun\/dinozor-sozlugu\/karnotorus\/"]}]},{"@type":"ImageObject","inLanguage":"tr","@id":"https:\/\/dinostorm.com\/tr\/oyun\/dinozor-sozlugu\/karnotorus\/#primaryimage","url":"https:\/\/dinostorm.com\/wp-content\/uploads\/2012\/09\/ds_jungle_01.jpg","contentUrl":"https:\/\/dinostorm.com\/wp-content\/uploads\/2012\/09\/ds_jungle_01.jpg","width":1280,"height":720,"caption":"Beware of dangerous bandits in Mokon Woods are everywhere."},{"@type":"BreadcrumbList","@id":"https:\/\/dinostorm.com\/tr\/oyun\/dinozor-sozlugu\/karnotorus\/#breadcrumb","itemListElement":[{"@type":"ListItem","position":1,"name":"Home","item":"https:\/\/dinostorm.com\/tr\/"},{"@type":"ListItem","position":2,"name":"Oyun","item":"https:\/\/dinostorm.com\/tr\/oyun\/"},{"@type":"ListItem","position":3,"name":"Dinozor S\u00f6zl\u00fcg\u00fc","item":"https:\/\/dinostorm.com\/tr\/oyun\/dinozor-sozlugu\/"},{"@type":"ListItem","position":4,"name":"Karnotorus"}]},{"@type":"WebSite","@id":"https:\/\/dinostorm.com\/tr\/#website","url":"https:\/\/dinostorm.com\/tr\/","name":"Dino Storm","description":"","potentialAction":[{"@type":"SearchAction","target":{"@type":"EntryPoint","urlTemplate":"https:\/\/dinostorm.com\/tr\/?s={search_term_string}"},"query-input":{"@type":"PropertyValueSpecification","valueRequired":true,"valueName":"search_term_string"}}],"inLanguage":"tr"}]}},"_links":{"self":[{"href":"https:\/\/dinostorm.com\/tr\/wp-json\/wp\/v2\/pages\/3748","targetHints":{"allow":["GET"]}}],"collection":[{"href":"https:\/\/dinostorm.com\/tr\/wp-json\/wp\/v2\/pages"}],"about":[{"href":"https:\/\/dinostorm.com\/tr\/wp-json\/wp\/v2\/types\/page"}],"author":[{"embeddable":true,"href":"https:\/\/dinostorm.com\/tr\/wp-json\/wp\/v2\/users\/26"}],"replies":[{"embeddable":true,"href":"https:\/\/dinostorm.com\/tr\/wp-json\/wp\/v2\/comments?post=3748"}],"version-history":[{"count":4,"href":"https:\/\/dinostorm.com\/tr\/wp-json\/wp\/v2\/pages\/3748\/revisions"}],"predecessor-version":[{"id":237849,"href":"https:\/\/dinostorm.com\/tr\/wp-json\/wp\/v2\/pages\/3748\/revisions\/237849"}],"up":[{"embeddable":true,"href":"https:\/\/dinostorm.com\/tr\/wp-json\/wp\/v2\/pages\/1736"}],"wp:featuredmedia":[{"embeddable":true,"href":"https:\/\/dinostorm.com\/tr\/wp-json\/wp\/v2\/media\/15052"}],"wp:attachment":[{"href":"https:\/\/dinostorm.com\/tr\/wp-json\/wp\/v2\/media?parent=3748"}],"curies":[{"name":"wp","href":"https:\/\/api.w.org\/{rel}","templated":true}]}}