{"id":3745,"date":"2012-10-18T09:12:27","date_gmt":"2012-10-18T07:12:27","guid":{"rendered":"http:\/\/dinostorm.com\/?page_id=3745"},"modified":"2021-07-08T10:37:18","modified_gmt":"2021-07-08T08:37:18","slug":"parazorolofus","status":"publish","type":"page","link":"https:\/\/dinostorm.com\/tr\/oyun\/dinozor-sozlugu\/parazorolofus\/","title":{"rendered":"Parazorolofus"},"content":{"rendered":"<div class=\"teaser\"><\/div>\n<h1 class=\"headline_page width_500\"><span>Dinozor &#8211; Parazorolofus<\/span><\/h1>\n<p class=\"back-button back-pos500\"><a class=\"back-block\" href=\"\/tr\/oyun\/dinozor-sozlugu\">Geri<\/a><\/p>\n<div class=\"two_thirds\">\n<h2 class=\"headline-lex\"><span>Dino Storm Parazorolofus<\/span><\/h2>\n<div class=\"banner_lex\">\n<p class=\"banner_text_lex text_lex\"><strong>Parazorolofus<\/strong> t\u00fcm ko\u015fullara uyum sa\u011flayan dengeli bir dinozordur. Ortalama dinozorlardan daha h\u0131zl\u0131 ko\u015fabilir ve kendine \u00f6zg\u00fc y\u00f6ntemleri vard\u0131r.<\/p>\n<div style=\"margin-right: 29px; float: left; width: 10px; text-align: left; position: relative; top: 40px; left: 30px\">\n<strong class=\"text_lex\" style=\"position: relative; top: 12px\">Canl\u0131l\u0131k:<\/strong><br \/>\n<strong class=\"text_lex\" style=\"position: relative; top: 30px\">G\u00fc\u00e7:<\/strong><br \/>\n<strong class=\"text_lex\" style=\"position: relative; top: 50px\">Dayan\u0131kl\u0131l\u0131k:<\/strong>\n<\/div>\n<div style=\"margin-right: 20px; float: left; width: 118px; text-align: left; position: relative; top: 70px; left: 10px\">\n<img decoding=\"async\" class=\"skill_image_lex colorbox-3745\" title=\"Temel Canl\u0131l\u0131k: 3\" src=\"\/wp-content\/themes\/arras\/images\/dinostorm\/Dinos\/bar_health_3.png\" alt=\"Dino Storm'da Bir Parazorolofus Temel Canl\u0131l\u0131k seviyesi 3'tir.\" \/><br \/>\n<img decoding=\"async\" class=\"skill_image_lex colorbox-3745\" title=\"Temel G\u00fc\u00e7: 3\" src=\"\/wp-content\/themes\/arras\/images\/dinostorm\/Dinos\/bar_strength_3.png\" alt=\"Dino Storm'da Bir Parazorolofus Temel G\u00fc\u00e7 seviyesi 3'tir.\" \/><br \/>\n<img decoding=\"async\" class=\"skill_image_lex colorbox-3745\" title=\"Temel Dayan\u0131kl\u0131l\u0131k: 2\" src=\"\/wp-content\/themes\/arras\/images\/dinostorm\/Dinos\/bar_endurance_2.png\" alt=\"Dino Storm'da Bir Parazorolofus Temel Dayan\u0131kl\u0131l\u0131k seviyesi 2'tir.\" \/>\n<\/div>\n<div class=\"icc_scale\">\n<img class=\"colorbox-3745\"  decoding=\"async\" src=\"\/wp-content\/themes\/arras\/images\/dinostorm\/Dinos\/icc_scale_pnn.png\" alt=\"\" title=\"\"\/><br \/>\n<a href=\"\/tr\/oyun\/dinozor-sozlugu\/santrozorus\/\"><img decoding=\"async\" class=\"icc_dino colorbox-3745\" src=\"\/wp-content\/themes\/arras\/images\/dinostorm\/Dinos\/centrosaurus_icon.png\" alt=\"\" title=\"\"\/><\/a><\/p>\n<div class=\"icc_text\">Alternatif \u00e7ok y\u00f6nl\u00fc:<br \/>\n<strong>Santrozorus<\/strong>\n<\/div>\n<\/div>\n<\/div>\n<div class=\"one_third\">\n<img decoding=\"async\" class=\"dino_lex_2 colorbox-3745\" src=\"\/wp-content\/themes\/arras\/images\/dinostorm\/Dinos\/Parasaurolophus.png\" alt=\"Dino Storm Parazorolofus\" \/>\n<\/div>\n<\/div>\n<div class=\"clear\"><\/div>\n<div class=\"one_third\">\n<h3 class=\"headlinelex2_1\">Parazorolofus \u2014 Dinozor Becerileri<\/h3>\n<div class=\"banner_lex2\">\n<span class=\"icon_skill_top float-left\"><br \/>\n<img class=\"colorbox-3745\"  decoding=\"async\" src=\"\/wp-content\/themes\/arras\/images\/dinostorm\/Dinos\/Parasaurolophus_skill_01.png\" \nonmouseover=\"for (let el of document.querySelectorAll('.para_idle')) el.style.visibility = 'hidden'; for (let el of document.querySelectorAll('.para_skill1')) el.style.visibility = 'visible';\"\nonmouseout=\"for (let el of document.querySelectorAll('.para_idle')) el.style.visibility = 'visible'; for (let el of document.querySelectorAll('.para_skill1')) el.style.visibility = 'hidden';\"\"\nalt=\"Parazorolofus &#x00d6;zel Yetenek \u2014 Kam&#x00e7;&#x0131; Kuyruk Sald&#x0131;r&#x0131;s&#x0131;\" title=\"&#x00d6;zel Yetenek: Kam&#x00e7;&#x0131; Kuyruk Sald&#x0131;r&#x0131;s&#x0131;\"\/><\/span><\/p>\n<div class=\"skill-wrapper\"><span class=\"icon_skill_title\">Kam&#x00e7;&#x0131; Kuyruk Sald&#x0131;r&#x0131;s&#x0131;<\/span><\/p>\n<p class=\"icon_skill_text\">\n<\/div>\n<p><span class=\"clear\"><!-- --><\/span><span class=\"icon_skill_top float-left\"><br \/>\n<img class=\"colorbox-3745\"  decoding=\"async\" src=\"\/wp-content\/themes\/arras\/images\/dinostorm\/Dinos\/Parasaurolophus_skill_02.png\" \nonmouseover=\"for (let el of document.querySelectorAll('.para_idle')) el.style.visibility = 'hidden'; for (let el of document.querySelectorAll('.para_skill2')) el.style.visibility = 'visible';\"\nonmouseout=\"for (let el of document.querySelectorAll('.para_idle')) el.style.visibility = 'visible'; for (let el of document.querySelectorAll('.para_skill2')) el.style.visibility = 'hidden';\"\"\nalt=\"Parazorolofus &#x00d6;zel Yetenek \u2014 Tekme Sald&#x0131;r&#x0131;s&#x0131;\" title=\"&#x00d6;zel Yetenek: Tekme Sald&#x0131;r&#x0131;s&#x0131;\"\/><\/span><\/p>\n<div class=\"skill-wrapper-bottom\"><span class=\"icon_skill_title\">Tekme Sald&#x0131;r&#x0131;s&#x0131;<\/span><\/p>\n<p class=\"icon_skill_text\">\n<\/div>\n<p><span class=\"clear\"><!-- --><\/span><\/p>\n<\/div>\n<\/div>\n<div class=\"one_third\">\n<h3 class=\"headlinelex2_2\">Parazorolofus \u2014 Dinozor Ger&#x00e7;ekleri<\/h3>\n<div class=\"fact_lex\">\n<p>Pakisefalozorus, bug&#x00fc;n Kuzey Amerika olarak bilinen b&#x00f6;lgede, 65-68 milyon y&#x0131;l &#x00f6;nce Tebe&#x015f;ir D&#x00f6;nemi&#8217;nde ya&#x015f;&#x0131;yordu. Bu dinozor hadrozor grubuna aittir.<\/p>\n<p>Parazorolofusun en belirgin &#x00f6;zelli&#x011f;i kafatas&#x0131; &#x00fc;zerindeki arkaya bakan kemikten boynuzudur. Bu dinozorun iki ayak &#x00fc;zerinde ko&#x015f;abildi&#x011f;ine inan&#x0131;l&#x0131;r. Parazorolofus toplu halde, birka&#x00e7; d&#x00fc;zinelik dinozor gruplar&#x0131; i&#x00e7;inde ya&#x015f;ayan bir hayvand&#x0131;.<\/p>\n<\/div>\n<\/div>\n<div class=\"dino_animations\">\n<img decoding=\"async\" class=\"para_idle colorbox-3745\" src=\"\/wp-content\/themes\/arras\/images\/dinostorm\/Dinos\/parasaurolophus_idle.gif\"\/><br \/>\n<img decoding=\"async\" class=\"para_skill1 colorbox-3745\" src=\"\/wp-content\/themes\/arras\/images\/dinostorm\/Dinos\/parasaurolophus_skill_01.gif\"\/><br \/>\n<img decoding=\"async\" class=\"para_skill2 colorbox-3745\" src=\"\/wp-content\/themes\/arras\/images\/dinostorm\/Dinos\/parasaurolophus_skill_02.gif\"\/>\n<\/div>\n<div class=\"full\">\n<img decoding=\"async\" class=\"hr3 margin35 colorbox-3745\" src=\"\/wp-content\/themes\/arras\/images\/dinostorm\/seperator_big.png\" alt=\"separator dino storm\" \/>\n<\/div>\n","protected":false},"excerpt":{"rendered":"<p>Dinozor &#8211; Parazorolofus Geri Dino Storm Parazorolofus Parazorolofus t\u00fcm ko\u015fullara uyum sa\u011flayan dengeli bir dinozordur. Ortalama dinozorlardan daha h\u0131zl\u0131 ko\u015fabilir ve kendine \u00f6zg\u00fc y\u00f6ntemleri vard\u0131r. Canl\u0131l\u0131k: G\u00fc\u00e7: Dayan\u0131kl\u0131l\u0131k: Alternatif \u00e7ok y\u00f6nl\u00fc: Santrozorus Parazorolofus \u2014 Dinozor [&hellip;]<\/p>\n","protected":false},"author":26,"featured_media":15052,"parent":1736,"menu_order":0,"comment_status":"closed","ping_status":"closed","template":"pagetpl-onecolumn.php","meta":{"footnotes":"","_links_to":"","_links_to_target":""},"class_list":["post-3745","page","type-page","status-publish","has-post-thumbnail","hentry"],"yoast_head":"<!-- This site is optimized with the Yoast SEO plugin v27.4 - https:\/\/yoast.com\/product\/yoast-seo-wordpress\/ -->\n<title>Parazorolofus - Dino Storm<\/title>\n<meta name=\"description\" content=\"Parazorolofus, Dino Storm&#039;daki di\u011fer iki ayakl\u0131 etoburlardan daha b\u00fcy\u00fck ve g\u00fc\u00e7l\u00fcd\u00fcr. Parazorolofus hakk\u0131nda bilmen gereken her \u015fey...\" \/>\n<meta name=\"robots\" content=\"index, follow, max-snippet:-1, max-image-preview:large, max-video-preview:-1\" \/>\n<link rel=\"canonical\" href=\"https:\/\/dinostorm.com\/tr\/oyun\/dinozor-sozlugu\/parazorolofus\/\" \/>\n<meta property=\"og:locale\" content=\"tr_TR\" \/>\n<meta property=\"og:type\" content=\"article\" \/>\n<meta property=\"og:title\" content=\"Parazorolofus - Dino Storm\" \/>\n<meta property=\"og:description\" content=\"Parazorolofus, Dino Storm&#039;daki di\u011fer iki ayakl\u0131 etoburlardan daha b\u00fcy\u00fck ve g\u00fc\u00e7l\u00fcd\u00fcr. Parazorolofus hakk\u0131nda bilmen gereken her \u015fey...\" \/>\n<meta property=\"og:url\" content=\"https:\/\/dinostorm.com\/tr\/oyun\/dinozor-sozlugu\/parazorolofus\/\" \/>\n<meta property=\"og:site_name\" content=\"Dino Storm\" \/>\n<meta property=\"article:modified_time\" content=\"2021-07-08T08:37:18+00:00\" \/>\n<meta property=\"og:image\" content=\"https:\/\/dinostorm.com\/wp-content\/uploads\/2012\/09\/ds_jungle_01.jpg\" \/>\n\t<meta property=\"og:image:width\" content=\"1280\" \/>\n\t<meta property=\"og:image:height\" content=\"720\" \/>\n\t<meta property=\"og:image:type\" content=\"image\/jpeg\" \/>\n<script type=\"application\/ld+json\" class=\"yoast-schema-graph\">{\"@context\":\"https:\\\/\\\/schema.org\",\"@graph\":[{\"@type\":\"WebPage\",\"@id\":\"https:\\\/\\\/dinostorm.com\\\/tr\\\/oyun\\\/dinozor-sozlugu\\\/parazorolofus\\\/\",\"url\":\"https:\\\/\\\/dinostorm.com\\\/tr\\\/oyun\\\/dinozor-sozlugu\\\/parazorolofus\\\/\",\"name\":\"Parazorolofus - Dino Storm\",\"isPartOf\":{\"@id\":\"https:\\\/\\\/dinostorm.com\\\/tr\\\/#website\"},\"primaryImageOfPage\":{\"@id\":\"https:\\\/\\\/dinostorm.com\\\/tr\\\/oyun\\\/dinozor-sozlugu\\\/parazorolofus\\\/#primaryimage\"},\"image\":{\"@id\":\"https:\\\/\\\/dinostorm.com\\\/tr\\\/oyun\\\/dinozor-sozlugu\\\/parazorolofus\\\/#primaryimage\"},\"thumbnailUrl\":\"https:\\\/\\\/dinostorm.com\\\/wp-content\\\/uploads\\\/2012\\\/09\\\/ds_jungle_01.jpg\",\"datePublished\":\"2012-10-18T07:12:27+00:00\",\"dateModified\":\"2021-07-08T08:37:18+00:00\",\"description\":\"Parazorolofus, Dino Storm'daki di\u011fer iki ayakl\u0131 etoburlardan daha b\u00fcy\u00fck ve g\u00fc\u00e7l\u00fcd\u00fcr. Parazorolofus hakk\u0131nda bilmen gereken her \u015fey...\",\"breadcrumb\":{\"@id\":\"https:\\\/\\\/dinostorm.com\\\/tr\\\/oyun\\\/dinozor-sozlugu\\\/parazorolofus\\\/#breadcrumb\"},\"inLanguage\":\"tr\",\"potentialAction\":[{\"@type\":\"ReadAction\",\"target\":[\"https:\\\/\\\/dinostorm.com\\\/tr\\\/oyun\\\/dinozor-sozlugu\\\/parazorolofus\\\/\"]}]},{\"@type\":\"ImageObject\",\"inLanguage\":\"tr\",\"@id\":\"https:\\\/\\\/dinostorm.com\\\/tr\\\/oyun\\\/dinozor-sozlugu\\\/parazorolofus\\\/#primaryimage\",\"url\":\"https:\\\/\\\/dinostorm.com\\\/wp-content\\\/uploads\\\/2012\\\/09\\\/ds_jungle_01.jpg\",\"contentUrl\":\"https:\\\/\\\/dinostorm.com\\\/wp-content\\\/uploads\\\/2012\\\/09\\\/ds_jungle_01.jpg\",\"width\":1280,\"height\":720,\"caption\":\"Beware of dangerous bandits in Mokon Woods are everywhere.\"},{\"@type\":\"BreadcrumbList\",\"@id\":\"https:\\\/\\\/dinostorm.com\\\/tr\\\/oyun\\\/dinozor-sozlugu\\\/parazorolofus\\\/#breadcrumb\",\"itemListElement\":[{\"@type\":\"ListItem\",\"position\":1,\"name\":\"Home\",\"item\":\"https:\\\/\\\/dinostorm.com\\\/tr\\\/\"},{\"@type\":\"ListItem\",\"position\":2,\"name\":\"Oyun\",\"item\":\"https:\\\/\\\/dinostorm.com\\\/tr\\\/oyun\\\/\"},{\"@type\":\"ListItem\",\"position\":3,\"name\":\"Dinozor S\u00f6zl\u00fcg\u00fc\",\"item\":\"https:\\\/\\\/dinostorm.com\\\/tr\\\/oyun\\\/dinozor-sozlugu\\\/\"},{\"@type\":\"ListItem\",\"position\":4,\"name\":\"Parazorolofus\"}]},{\"@type\":\"WebSite\",\"@id\":\"https:\\\/\\\/dinostorm.com\\\/tr\\\/#website\",\"url\":\"https:\\\/\\\/dinostorm.com\\\/tr\\\/\",\"name\":\"Dino Storm\",\"description\":\"\",\"potentialAction\":[{\"@type\":\"SearchAction\",\"target\":{\"@type\":\"EntryPoint\",\"urlTemplate\":\"https:\\\/\\\/dinostorm.com\\\/tr\\\/?s={search_term_string}\"},\"query-input\":{\"@type\":\"PropertyValueSpecification\",\"valueRequired\":true,\"valueName\":\"search_term_string\"}}],\"inLanguage\":\"tr\"}]}<\/script>\n<!-- \/ Yoast SEO plugin. -->","yoast_head_json":{"title":"Parazorolofus - Dino Storm","description":"Parazorolofus, Dino Storm'daki di\u011fer iki ayakl\u0131 etoburlardan daha b\u00fcy\u00fck ve g\u00fc\u00e7l\u00fcd\u00fcr. Parazorolofus hakk\u0131nda bilmen gereken her \u015fey...","robots":{"index":"index","follow":"follow","max-snippet":"max-snippet:-1","max-image-preview":"max-image-preview:large","max-video-preview":"max-video-preview:-1"},"canonical":"https:\/\/dinostorm.com\/tr\/oyun\/dinozor-sozlugu\/parazorolofus\/","og_locale":"tr_TR","og_type":"article","og_title":"Parazorolofus - Dino Storm","og_description":"Parazorolofus, Dino Storm'daki di\u011fer iki ayakl\u0131 etoburlardan daha b\u00fcy\u00fck ve g\u00fc\u00e7l\u00fcd\u00fcr. Parazorolofus hakk\u0131nda bilmen gereken her \u015fey...","og_url":"https:\/\/dinostorm.com\/tr\/oyun\/dinozor-sozlugu\/parazorolofus\/","og_site_name":"Dino Storm","article_modified_time":"2021-07-08T08:37:18+00:00","og_image":[{"width":1280,"height":720,"url":"https:\/\/dinostorm.com\/wp-content\/uploads\/2012\/09\/ds_jungle_01.jpg","type":"image\/jpeg"}],"schema":{"@context":"https:\/\/schema.org","@graph":[{"@type":"WebPage","@id":"https:\/\/dinostorm.com\/tr\/oyun\/dinozor-sozlugu\/parazorolofus\/","url":"https:\/\/dinostorm.com\/tr\/oyun\/dinozor-sozlugu\/parazorolofus\/","name":"Parazorolofus - Dino Storm","isPartOf":{"@id":"https:\/\/dinostorm.com\/tr\/#website"},"primaryImageOfPage":{"@id":"https:\/\/dinostorm.com\/tr\/oyun\/dinozor-sozlugu\/parazorolofus\/#primaryimage"},"image":{"@id":"https:\/\/dinostorm.com\/tr\/oyun\/dinozor-sozlugu\/parazorolofus\/#primaryimage"},"thumbnailUrl":"https:\/\/dinostorm.com\/wp-content\/uploads\/2012\/09\/ds_jungle_01.jpg","datePublished":"2012-10-18T07:12:27+00:00","dateModified":"2021-07-08T08:37:18+00:00","description":"Parazorolofus, Dino Storm'daki di\u011fer iki ayakl\u0131 etoburlardan daha b\u00fcy\u00fck ve g\u00fc\u00e7l\u00fcd\u00fcr. Parazorolofus hakk\u0131nda bilmen gereken her \u015fey...","breadcrumb":{"@id":"https:\/\/dinostorm.com\/tr\/oyun\/dinozor-sozlugu\/parazorolofus\/#breadcrumb"},"inLanguage":"tr","potentialAction":[{"@type":"ReadAction","target":["https:\/\/dinostorm.com\/tr\/oyun\/dinozor-sozlugu\/parazorolofus\/"]}]},{"@type":"ImageObject","inLanguage":"tr","@id":"https:\/\/dinostorm.com\/tr\/oyun\/dinozor-sozlugu\/parazorolofus\/#primaryimage","url":"https:\/\/dinostorm.com\/wp-content\/uploads\/2012\/09\/ds_jungle_01.jpg","contentUrl":"https:\/\/dinostorm.com\/wp-content\/uploads\/2012\/09\/ds_jungle_01.jpg","width":1280,"height":720,"caption":"Beware of dangerous bandits in Mokon Woods are everywhere."},{"@type":"BreadcrumbList","@id":"https:\/\/dinostorm.com\/tr\/oyun\/dinozor-sozlugu\/parazorolofus\/#breadcrumb","itemListElement":[{"@type":"ListItem","position":1,"name":"Home","item":"https:\/\/dinostorm.com\/tr\/"},{"@type":"ListItem","position":2,"name":"Oyun","item":"https:\/\/dinostorm.com\/tr\/oyun\/"},{"@type":"ListItem","position":3,"name":"Dinozor S\u00f6zl\u00fcg\u00fc","item":"https:\/\/dinostorm.com\/tr\/oyun\/dinozor-sozlugu\/"},{"@type":"ListItem","position":4,"name":"Parazorolofus"}]},{"@type":"WebSite","@id":"https:\/\/dinostorm.com\/tr\/#website","url":"https:\/\/dinostorm.com\/tr\/","name":"Dino Storm","description":"","potentialAction":[{"@type":"SearchAction","target":{"@type":"EntryPoint","urlTemplate":"https:\/\/dinostorm.com\/tr\/?s={search_term_string}"},"query-input":{"@type":"PropertyValueSpecification","valueRequired":true,"valueName":"search_term_string"}}],"inLanguage":"tr"}]}},"_links":{"self":[{"href":"https:\/\/dinostorm.com\/tr\/wp-json\/wp\/v2\/pages\/3745","targetHints":{"allow":["GET"]}}],"collection":[{"href":"https:\/\/dinostorm.com\/tr\/wp-json\/wp\/v2\/pages"}],"about":[{"href":"https:\/\/dinostorm.com\/tr\/wp-json\/wp\/v2\/types\/page"}],"author":[{"embeddable":true,"href":"https:\/\/dinostorm.com\/tr\/wp-json\/wp\/v2\/users\/26"}],"replies":[{"embeddable":true,"href":"https:\/\/dinostorm.com\/tr\/wp-json\/wp\/v2\/comments?post=3745"}],"version-history":[{"count":4,"href":"https:\/\/dinostorm.com\/tr\/wp-json\/wp\/v2\/pages\/3745\/revisions"}],"predecessor-version":[{"id":237797,"href":"https:\/\/dinostorm.com\/tr\/wp-json\/wp\/v2\/pages\/3745\/revisions\/237797"}],"up":[{"embeddable":true,"href":"https:\/\/dinostorm.com\/tr\/wp-json\/wp\/v2\/pages\/1736"}],"wp:featuredmedia":[{"embeddable":true,"href":"https:\/\/dinostorm.com\/tr\/wp-json\/wp\/v2\/media\/15052"}],"wp:attachment":[{"href":"https:\/\/dinostorm.com\/tr\/wp-json\/wp\/v2\/media?parent=3745"}],"curies":[{"name":"wp","href":"https:\/\/api.w.org\/{rel}","templated":true}]}}