{"id":3741,"date":"2012-10-18T09:12:22","date_gmt":"2012-10-18T07:12:22","guid":{"rendered":"http:\/\/dinostorm.com\/?page_id=3741"},"modified":"2021-07-08T10:14:26","modified_gmt":"2021-07-08T08:14:26","slug":"pakisefalozorus","status":"publish","type":"page","link":"https:\/\/dinostorm.com\/tr\/oyun\/dinozor-sozlugu\/pakisefalozorus\/","title":{"rendered":"Pakisefalozorus"},"content":{"rendered":"<div class=\"teaser\"><\/div>\n<h1 class=\"headline_page width_500\"><span>Dinozor &#8211; Pakisefalozorus<\/span><\/h1>\n<p class=\"back-button back-pos500\"><a class=\"back-block\" href=\"\/tr\/oyun\/dinozor-sozlugu\">Geri<\/a><\/p>\n<div class=\"two_thirds\">\n<h2 class=\"headline-lex\"><span>Dino Storm Pakisefalozorus<\/span><\/h2>\n<div class=\"banner_lex\">\n<p class=\"banner_text_lex text_lex\">En h\u0131zl\u0131 dinozorlardan birisi olan <strong>Pakisefalozorus<\/strong> &#8220;vur ka\u00e7&#8221; takti\u011fiyle verimli olan bir dinozordur. \u00c7ok g\u00fc\u00e7l\u00fc bir y\u0131k\u0131c\u0131 olsa da yak\u0131n d\u00f6v\u00fc\u015ften uzak tutmak onun i\u00e7in en iyisi olacakt\u0131r.<\/p>\n<div style=\"margin-right: 29px; float: left; width: 10px; text-align: left; position: relative; top: 40px; left: 30px\">\n<strong class=\"text_lex\" style=\"position: relative; top: 12px\">Canl\u0131l\u0131k:<\/strong><br \/>\n<strong class=\"text_lex\" style=\"position: relative; top: 30px\">G\u00fc\u00e7:<\/strong><br \/>\n<strong class=\"text_lex\" style=\"position: relative; top: 50px\">Dayan\u0131kl\u0131l\u0131k:<\/strong>\n<\/div>\n<div style=\"margin-right: 20px; float: left; width: 118px; text-align: left; position: relative; top: 70px; left: 10px\">\n<img decoding=\"async\" class=\"skill_image_lex colorbox-3741\" title=\"Temel Canl\u0131l\u0131k: 2\" src=\"\/wp-content\/themes\/arras\/images\/dinostorm\/Dinos\/bar_health_2.png\" alt=\"Dino Storm'da Bir Pakisefalozorus Temel Canl\u0131l\u0131k seviyesi 2'tir.\" \/><br \/>\n<img decoding=\"async\" class=\"skill_image_lex colorbox-3741\" title=\"Temel G\u00fc\u00e7: 4\" src=\"\/wp-content\/themes\/arras\/images\/dinostorm\/Dinos\/bar_strength_4.png\" alt=\"Dino Storm'da Bir Pakisefalozorus Temel G\u00fc\u00e7 seviyesi 4'tir.\" \/><br \/>\n<img decoding=\"async\" class=\"skill_image_lex colorbox-3741\" title=\"Temel Dayan\u0131kl\u0131l\u0131k: 5\" src=\"\/wp-content\/themes\/arras\/images\/dinostorm\/Dinos\/bar_endurance_5.png\" alt=\"Dino Storm'da Bir Pakisefalozorus Temel Dayan\u0131kl\u0131l\u0131k seviyesi 5'tir.\" \/>\n<\/div>\n<div class=\"icc_scale\">\n<img class=\"colorbox-3741\"  decoding=\"async\" src=\"\/wp-content\/themes\/arras\/images\/dinostorm\/Dinos\/icc_scale_npp.png\" alt=\"\" title=\"\"\/><br \/>\n<a href=\"\/tr\/oyun\/dinozor-sozlugu\/koelofisis\/\"><img decoding=\"async\" class=\"icc_dino colorbox-3741\" src=\"\/wp-content\/themes\/arras\/images\/dinostorm\/Dinos\/coelophysis_icon.png\" alt=\"\" title=\"\"\/><\/a><\/p>\n<div class=\"icc_text\">\u201cVur ka\u00e7\u201d alternatifi:<br \/>\n<strong>K\u00f6lofiz<\/strong>\n<\/div>\n<\/div>\n<\/div>\n<div class=\"one_third\">\n<img decoding=\"async\" class=\"dino_lex_2 colorbox-3741\" src=\"\/wp-content\/themes\/arras\/images\/dinostorm\/Dinos\/Pachycephalosaurus.png\" alt=\"Dino Storm Pakisefalozorus\" \/>\n<\/div>\n<\/div>\n<div class=\"clear\"><\/div>\n<div class=\"one_third\">\n<h3 class=\"headlinelex2_1\">Pakisefalozorus \u2014 Dinozor Becerileri<\/h3>\n<div class=\"banner_lex2\">\n<span class=\"icon_skill_top float-left\"><br \/>\n<img class=\"colorbox-3741\"  decoding=\"async\" src=\"\/wp-content\/themes\/arras\/images\/dinostorm\/Dinos\/Pachycephalosaurus_skill_01.png\" \nonmouseover=\"for (let el of document.querySelectorAll('.patchy_idle')) el.style.visibility = 'hidden'; for (let el of document.querySelectorAll('.patchy_skill1')) el.style.visibility = 'visible';\"\nonmouseout=\"for (let el of document.querySelectorAll('.patchy_idle')) el.style.visibility = 'visible'; for (let el of document.querySelectorAll('.patchy_skill1')) el.style.visibility = 'hidden';\"\"\nalt=\"Pakisefalozorus &#x00d6;zel Yetenek \u2014 U&#x00e7;an Kafa\" title=\"&#x00d6;zel Yetenek: U&#x00e7;an Kafa\"\/><\/span><\/p>\n<div class=\"skill-wrapper\"><span class=\"icon_skill_title\">U&#x00e7;an Kafa<\/span><\/p>\n<p class=\"icon_skill_text\">\n<\/div>\n<p><span class=\"clear\"><!-- --><\/span><span class=\"icon_skill_top float-left\"><br \/>\n<img class=\"colorbox-3741\"  decoding=\"async\" src=\"\/wp-content\/themes\/arras\/images\/dinostorm\/Dinos\/Pachycephalosaurus_skill_02.png\" \nonmouseover=\"for (let el of document.querySelectorAll('.patchy_idle')) el.style.visibility = 'hidden'; for (let el of document.querySelectorAll('.patchy_skill2')) el.style.visibility = 'visible';\"\nonmouseout=\"for (let el of document.querySelectorAll('.patchy_idle')) el.style.visibility = 'visible'; for (let el of document.querySelectorAll('.patchy_skill2')) el.style.visibility = 'hidden';\"\"\nalt=\"Pakisefalozorus &#x00d6;zel Yetenek \u2014 Ka&#x00e7;&#x0131;nma Sald&#x0131;r&#x0131;s&#x0131;\" title=\"&#x00d6;zel Yetenek: Ka&#x00e7;&#x0131;nma Sald&#x0131;r&#x0131;s&#x0131;\"\/><\/span><\/p>\n<div class=\"skill-wrapper-bottom\"><span class=\"icon_skill_title\">Ka&#x00e7;&#x0131;nma Sald&#x0131;r&#x0131;s&#x0131;<\/span><\/p>\n<p class=\"icon_skill_text\">\n<\/div>\n<p><span class=\"clear\"><!-- --><\/span><\/p>\n<\/div>\n<\/div>\n<div class=\"one_third\">\n<h3 class=\"headlinelex2_2\">Pakisefalozorus \u2014 Dinozor Ger&#x00e7;ekleri<\/h3>\n<div class=\"fact_lex\">\n<p>Pakisefalozorus, bug&#x00fc;n Kuzey Afrika olarak bilinen b&#x00f6;lgede, 65-68 milyon y&#x0131;l &#x00f6;nce Tebe&#x015f;ir D&#x00f6;nemi&#8217;nde ya&#x015f;&#x0131;yordu. Bu dinozor, pakisefalozoria grubundan ornitiskia cinsine aittir.<\/p>\n<p>&#x00d6;zellikle kafatas&#x0131; yap&#x0131;s&#x0131; bu dinozorun en belirgin &#x00f6;zelli&#x011f;idir. Pakisefalozorusun kafa kemi&#x011f;i pla&#x011f;&#x0131; 25 cm (~10 in&#x00e7;) kal&#x0131;nl&#x0131;&#x011f;a ula&#x015f;abilirdi. Di&#x011f;er erkek hemcinsleriyle kavgalar&#x0131;nda g&#x00fc;&#x00e7;l&#x00fc; darbelere dayanabilirdi. Bu dinozorun kafas&#x0131;n&#x0131; di&#x011f;er dinozorlara kar&#x015f;&#x0131; bir savunma mekanizmas&#x0131; olarak kulland&#x0131;&#x011f;&#x0131; varsay&#x0131;l&#x0131;r.<\/p>\n<\/div>\n<\/div>\n<div class=\"dino_animations\">\n<img decoding=\"async\" class=\"patchy_idle colorbox-3741\" src=\"\/wp-content\/themes\/arras\/images\/dinostorm\/Dinos\/pachycephalosaurus_idle.gif\"\/><br \/>\n<img decoding=\"async\" class=\"patchy_skill1 colorbox-3741\" src=\"\/wp-content\/themes\/arras\/images\/dinostorm\/Dinos\/pachycephalosaurus_skill_01.gif\"\/><br \/>\n<img decoding=\"async\" class=\"patchy_skill2 colorbox-3741\" src=\"\/wp-content\/themes\/arras\/images\/dinostorm\/Dinos\/pachycephalosaurus_skill_02.gif\"\/>\n<\/div>\n<div class=\"full\">\n<img decoding=\"async\" class=\"hr3 margin35 colorbox-3741\" src=\"\/wp-content\/themes\/arras\/images\/dinostorm\/seperator_big.png\" alt=\"separator dino storm\" \/>\n<\/div>\n","protected":false},"excerpt":{"rendered":"<p>Dinozor &#8211; Pakisefalozorus Geri Dino Storm Pakisefalozorus En h\u0131zl\u0131 dinozorlardan birisi olan Pakisefalozorus &#8220;vur ka\u00e7&#8221; takti\u011fiyle verimli olan bir dinozordur. \u00c7ok g\u00fc\u00e7l\u00fc bir y\u0131k\u0131c\u0131 olsa da yak\u0131n d\u00f6v\u00fc\u015ften uzak tutmak onun i\u00e7in en iyisi olacakt\u0131r. [&hellip;]<\/p>\n","protected":false},"author":26,"featured_media":15052,"parent":1736,"menu_order":0,"comment_status":"closed","ping_status":"closed","template":"pagetpl-onecolumn.php","meta":{"footnotes":"","_links_to":"","_links_to_target":""},"class_list":["post-3741","page","type-page","status-publish","has-post-thumbnail","hentry"],"yoast_head":"<!-- This site is optimized with the Yoast SEO plugin v27.3 - https:\/\/yoast.com\/product\/yoast-seo-wordpress\/ -->\n<title>Pakisefalozorus - Dino Storm<\/title>\n<meta name=\"description\" content=\"Pakisefalozorus sadece Dino Storm&#039;daki di\u011fer \u00e7o\u011fu dinozordan daha h\u0131zl\u0131 de\u011fil, ayn\u0131 zamanda rakibini sersemletme yetene\u011fine de sahiptir.\" \/>\n<meta name=\"robots\" content=\"index, follow, max-snippet:-1, max-image-preview:large, max-video-preview:-1\" \/>\n<link rel=\"canonical\" href=\"https:\/\/dinostorm.com\/tr\/oyun\/dinozor-sozlugu\/pakisefalozorus\/\" \/>\n<meta property=\"og:locale\" content=\"tr_TR\" \/>\n<meta property=\"og:type\" content=\"article\" \/>\n<meta property=\"og:title\" content=\"Pakisefalozorus - Dino Storm\" \/>\n<meta property=\"og:description\" content=\"Pakisefalozorus sadece Dino Storm&#039;daki di\u011fer \u00e7o\u011fu dinozordan daha h\u0131zl\u0131 de\u011fil, ayn\u0131 zamanda rakibini sersemletme yetene\u011fine de sahiptir.\" \/>\n<meta property=\"og:url\" content=\"https:\/\/dinostorm.com\/tr\/oyun\/dinozor-sozlugu\/pakisefalozorus\/\" \/>\n<meta property=\"og:site_name\" content=\"Dino Storm\" \/>\n<meta property=\"article:modified_time\" content=\"2021-07-08T08:14:26+00:00\" \/>\n<meta property=\"og:image\" content=\"https:\/\/dinostorm.com\/wp-content\/uploads\/2012\/09\/ds_jungle_01.jpg\" \/>\n\t<meta property=\"og:image:width\" content=\"1280\" \/>\n\t<meta property=\"og:image:height\" content=\"720\" \/>\n\t<meta property=\"og:image:type\" content=\"image\/jpeg\" \/>\n<script type=\"application\/ld+json\" class=\"yoast-schema-graph\">{\"@context\":\"https:\\\/\\\/schema.org\",\"@graph\":[{\"@type\":\"WebPage\",\"@id\":\"https:\\\/\\\/dinostorm.com\\\/tr\\\/oyun\\\/dinozor-sozlugu\\\/pakisefalozorus\\\/\",\"url\":\"https:\\\/\\\/dinostorm.com\\\/tr\\\/oyun\\\/dinozor-sozlugu\\\/pakisefalozorus\\\/\",\"name\":\"Pakisefalozorus - Dino Storm\",\"isPartOf\":{\"@id\":\"https:\\\/\\\/dinostorm.com\\\/tr\\\/#website\"},\"primaryImageOfPage\":{\"@id\":\"https:\\\/\\\/dinostorm.com\\\/tr\\\/oyun\\\/dinozor-sozlugu\\\/pakisefalozorus\\\/#primaryimage\"},\"image\":{\"@id\":\"https:\\\/\\\/dinostorm.com\\\/tr\\\/oyun\\\/dinozor-sozlugu\\\/pakisefalozorus\\\/#primaryimage\"},\"thumbnailUrl\":\"https:\\\/\\\/dinostorm.com\\\/wp-content\\\/uploads\\\/2012\\\/09\\\/ds_jungle_01.jpg\",\"datePublished\":\"2012-10-18T07:12:22+00:00\",\"dateModified\":\"2021-07-08T08:14:26+00:00\",\"description\":\"Pakisefalozorus sadece Dino Storm'daki di\u011fer \u00e7o\u011fu dinozordan daha h\u0131zl\u0131 de\u011fil, ayn\u0131 zamanda rakibini sersemletme yetene\u011fine de sahiptir.\",\"breadcrumb\":{\"@id\":\"https:\\\/\\\/dinostorm.com\\\/tr\\\/oyun\\\/dinozor-sozlugu\\\/pakisefalozorus\\\/#breadcrumb\"},\"inLanguage\":\"tr\",\"potentialAction\":[{\"@type\":\"ReadAction\",\"target\":[\"https:\\\/\\\/dinostorm.com\\\/tr\\\/oyun\\\/dinozor-sozlugu\\\/pakisefalozorus\\\/\"]}]},{\"@type\":\"ImageObject\",\"inLanguage\":\"tr\",\"@id\":\"https:\\\/\\\/dinostorm.com\\\/tr\\\/oyun\\\/dinozor-sozlugu\\\/pakisefalozorus\\\/#primaryimage\",\"url\":\"https:\\\/\\\/dinostorm.com\\\/wp-content\\\/uploads\\\/2012\\\/09\\\/ds_jungle_01.jpg\",\"contentUrl\":\"https:\\\/\\\/dinostorm.com\\\/wp-content\\\/uploads\\\/2012\\\/09\\\/ds_jungle_01.jpg\",\"width\":1280,\"height\":720,\"caption\":\"Beware of dangerous bandits in Mokon Woods are everywhere.\"},{\"@type\":\"BreadcrumbList\",\"@id\":\"https:\\\/\\\/dinostorm.com\\\/tr\\\/oyun\\\/dinozor-sozlugu\\\/pakisefalozorus\\\/#breadcrumb\",\"itemListElement\":[{\"@type\":\"ListItem\",\"position\":1,\"name\":\"Home\",\"item\":\"https:\\\/\\\/dinostorm.com\\\/tr\\\/\"},{\"@type\":\"ListItem\",\"position\":2,\"name\":\"Oyun\",\"item\":\"https:\\\/\\\/dinostorm.com\\\/tr\\\/oyun\\\/\"},{\"@type\":\"ListItem\",\"position\":3,\"name\":\"Dinozor S\u00f6zl\u00fcg\u00fc\",\"item\":\"https:\\\/\\\/dinostorm.com\\\/tr\\\/oyun\\\/dinozor-sozlugu\\\/\"},{\"@type\":\"ListItem\",\"position\":4,\"name\":\"Pakisefalozorus\"}]},{\"@type\":\"WebSite\",\"@id\":\"https:\\\/\\\/dinostorm.com\\\/tr\\\/#website\",\"url\":\"https:\\\/\\\/dinostorm.com\\\/tr\\\/\",\"name\":\"Dino Storm\",\"description\":\"\",\"potentialAction\":[{\"@type\":\"SearchAction\",\"target\":{\"@type\":\"EntryPoint\",\"urlTemplate\":\"https:\\\/\\\/dinostorm.com\\\/tr\\\/?s={search_term_string}\"},\"query-input\":{\"@type\":\"PropertyValueSpecification\",\"valueRequired\":true,\"valueName\":\"search_term_string\"}}],\"inLanguage\":\"tr\"}]}<\/script>\n<!-- \/ Yoast SEO plugin. -->","yoast_head_json":{"title":"Pakisefalozorus - Dino Storm","description":"Pakisefalozorus sadece Dino Storm'daki di\u011fer \u00e7o\u011fu dinozordan daha h\u0131zl\u0131 de\u011fil, ayn\u0131 zamanda rakibini sersemletme yetene\u011fine de sahiptir.","robots":{"index":"index","follow":"follow","max-snippet":"max-snippet:-1","max-image-preview":"max-image-preview:large","max-video-preview":"max-video-preview:-1"},"canonical":"https:\/\/dinostorm.com\/tr\/oyun\/dinozor-sozlugu\/pakisefalozorus\/","og_locale":"tr_TR","og_type":"article","og_title":"Pakisefalozorus - Dino Storm","og_description":"Pakisefalozorus sadece Dino Storm'daki di\u011fer \u00e7o\u011fu dinozordan daha h\u0131zl\u0131 de\u011fil, ayn\u0131 zamanda rakibini sersemletme yetene\u011fine de sahiptir.","og_url":"https:\/\/dinostorm.com\/tr\/oyun\/dinozor-sozlugu\/pakisefalozorus\/","og_site_name":"Dino Storm","article_modified_time":"2021-07-08T08:14:26+00:00","og_image":[{"width":1280,"height":720,"url":"https:\/\/dinostorm.com\/wp-content\/uploads\/2012\/09\/ds_jungle_01.jpg","type":"image\/jpeg"}],"schema":{"@context":"https:\/\/schema.org","@graph":[{"@type":"WebPage","@id":"https:\/\/dinostorm.com\/tr\/oyun\/dinozor-sozlugu\/pakisefalozorus\/","url":"https:\/\/dinostorm.com\/tr\/oyun\/dinozor-sozlugu\/pakisefalozorus\/","name":"Pakisefalozorus - Dino Storm","isPartOf":{"@id":"https:\/\/dinostorm.com\/tr\/#website"},"primaryImageOfPage":{"@id":"https:\/\/dinostorm.com\/tr\/oyun\/dinozor-sozlugu\/pakisefalozorus\/#primaryimage"},"image":{"@id":"https:\/\/dinostorm.com\/tr\/oyun\/dinozor-sozlugu\/pakisefalozorus\/#primaryimage"},"thumbnailUrl":"https:\/\/dinostorm.com\/wp-content\/uploads\/2012\/09\/ds_jungle_01.jpg","datePublished":"2012-10-18T07:12:22+00:00","dateModified":"2021-07-08T08:14:26+00:00","description":"Pakisefalozorus sadece Dino Storm'daki di\u011fer \u00e7o\u011fu dinozordan daha h\u0131zl\u0131 de\u011fil, ayn\u0131 zamanda rakibini sersemletme yetene\u011fine de sahiptir.","breadcrumb":{"@id":"https:\/\/dinostorm.com\/tr\/oyun\/dinozor-sozlugu\/pakisefalozorus\/#breadcrumb"},"inLanguage":"tr","potentialAction":[{"@type":"ReadAction","target":["https:\/\/dinostorm.com\/tr\/oyun\/dinozor-sozlugu\/pakisefalozorus\/"]}]},{"@type":"ImageObject","inLanguage":"tr","@id":"https:\/\/dinostorm.com\/tr\/oyun\/dinozor-sozlugu\/pakisefalozorus\/#primaryimage","url":"https:\/\/dinostorm.com\/wp-content\/uploads\/2012\/09\/ds_jungle_01.jpg","contentUrl":"https:\/\/dinostorm.com\/wp-content\/uploads\/2012\/09\/ds_jungle_01.jpg","width":1280,"height":720,"caption":"Beware of dangerous bandits in Mokon Woods are everywhere."},{"@type":"BreadcrumbList","@id":"https:\/\/dinostorm.com\/tr\/oyun\/dinozor-sozlugu\/pakisefalozorus\/#breadcrumb","itemListElement":[{"@type":"ListItem","position":1,"name":"Home","item":"https:\/\/dinostorm.com\/tr\/"},{"@type":"ListItem","position":2,"name":"Oyun","item":"https:\/\/dinostorm.com\/tr\/oyun\/"},{"@type":"ListItem","position":3,"name":"Dinozor S\u00f6zl\u00fcg\u00fc","item":"https:\/\/dinostorm.com\/tr\/oyun\/dinozor-sozlugu\/"},{"@type":"ListItem","position":4,"name":"Pakisefalozorus"}]},{"@type":"WebSite","@id":"https:\/\/dinostorm.com\/tr\/#website","url":"https:\/\/dinostorm.com\/tr\/","name":"Dino Storm","description":"","potentialAction":[{"@type":"SearchAction","target":{"@type":"EntryPoint","urlTemplate":"https:\/\/dinostorm.com\/tr\/?s={search_term_string}"},"query-input":{"@type":"PropertyValueSpecification","valueRequired":true,"valueName":"search_term_string"}}],"inLanguage":"tr"}]}},"_links":{"self":[{"href":"https:\/\/dinostorm.com\/tr\/wp-json\/wp\/v2\/pages\/3741","targetHints":{"allow":["GET"]}}],"collection":[{"href":"https:\/\/dinostorm.com\/tr\/wp-json\/wp\/v2\/pages"}],"about":[{"href":"https:\/\/dinostorm.com\/tr\/wp-json\/wp\/v2\/types\/page"}],"author":[{"embeddable":true,"href":"https:\/\/dinostorm.com\/tr\/wp-json\/wp\/v2\/users\/26"}],"replies":[{"embeddable":true,"href":"https:\/\/dinostorm.com\/tr\/wp-json\/wp\/v2\/comments?post=3741"}],"version-history":[{"count":4,"href":"https:\/\/dinostorm.com\/tr\/wp-json\/wp\/v2\/pages\/3741\/revisions"}],"predecessor-version":[{"id":237772,"href":"https:\/\/dinostorm.com\/tr\/wp-json\/wp\/v2\/pages\/3741\/revisions\/237772"}],"up":[{"embeddable":true,"href":"https:\/\/dinostorm.com\/tr\/wp-json\/wp\/v2\/pages\/1736"}],"wp:featuredmedia":[{"embeddable":true,"href":"https:\/\/dinostorm.com\/tr\/wp-json\/wp\/v2\/media\/15052"}],"wp:attachment":[{"href":"https:\/\/dinostorm.com\/tr\/wp-json\/wp\/v2\/media?parent=3741"}],"curies":[{"name":"wp","href":"https:\/\/api.w.org\/{rel}","templated":true}]}}