{"id":3732,"date":"2012-10-18T09:12:00","date_gmt":"2012-10-18T07:12:00","guid":{"rendered":"http:\/\/dinostorm.com\/?page_id=3732"},"modified":"2022-04-25T09:57:27","modified_gmt":"2022-04-25T07:57:27","slug":"koelofisis","status":"publish","type":"page","link":"https:\/\/dinostorm.com\/tr\/oyun\/dinozor-sozlugu\/koelofisis\/","title":{"rendered":"Koelofisis"},"content":{"rendered":"<div class=\"teaser\"><\/div>\n<h1 class=\"headline_page width_350\"><span>Dinozor &#8211; K\u00f6lofiz<\/span><\/h1>\n<p class=\"back-button back-pos350\"><a class=\"back-block\" href=\"\/tr\/oyun\/dinozor-sozlugu\">Geri<\/a><\/p>\n<div class=\"two_thirds\">\n<h2 class=\"headline-lex\"><span>Dino Storm K\u00f6lofiz<\/span><\/h2>\n<div class=\"banner_lex\">\n<p class=\"banner_text_lex text_lex\"><strong>K\u00f6lofiz<\/strong> h\u0131z i\u00e7in yarat\u0131lm\u0131\u015f, &#8220;vur ka\u00e7&#8221; mant\u0131\u011f\u0131yla \u00e7al\u0131\u015fan bir dinozordur. Yak\u0131n d\u00f6v\u00fc\u015fte kolayca y\u0131pranaca\u011f\u0131 i\u00e7in e\u015fsiz ko\u015fma becerilerini kullanmak hayati \u00f6nem ta\u015f\u0131yor!<\/p>\n<div style=\"margin-right: 29px; float: left; width: 10px; text-align: left; position: relative; top: 40px; left: 30px\">\n<strong class=\"text_lex\" style=\"position: relative; top: 12px\">Canl\u0131l\u0131k:<\/strong><br \/>\n<strong class=\"text_lex\" style=\"position: relative; top: 30px\">G\u00fc\u00e7:<\/strong><br \/>\n<strong class=\"text_lex\" style=\"position: relative; top: 40px\">Dayan\u0131kl\u0131l\u0131k:<\/strong>\n<\/div>\n<div style=\"margin-right: 20px; float: left; width: 118px; text-align: left; position: relative; top: 70px; left: 10px\">\n<img decoding=\"async\" class=\"skill_image_lex colorbox-3732\" title=\"Temel Canl\u0131l\u0131k: 2\" src=\"\/wp-content\/themes\/arras\/images\/dinostorm\/Dinos\/bar_health_2.png\" alt=\"Dino Storm'da Bir Koelofisis Temel Canl\u0131l\u0131k seviyesi 2'tir.\" \/><br \/>\n<img decoding=\"async\" class=\"skill_image_lex colorbox-3732\" title=\"Temel G\u00fc\u00e7: 4\" src=\"\/wp-content\/themes\/arras\/images\/dinostorm\/Dinos\/bar_strength_4.png\" alt=\"Dino Storm'da Bir Koelofisis Temel G\u00fc\u00e7 seviyesi 4'tir.\" \/><br \/>\n<img decoding=\"async\" class=\"skill_image_lex colorbox-3732\" title=\"Temel Dayan\u0131kl\u0131l\u0131k: 5\" src=\"\/wp-content\/themes\/arras\/images\/dinostorm\/Dinos\/bar_endurance_5.png\" alt=\"Dino Storm'da Bir Koelofisis Temel Dayan\u0131kl\u0131l\u0131k seviyesi 5'tir.\" \/>\n<\/div>\n<div class=\"icc_scale\">\n<img class=\"colorbox-3732\"  decoding=\"async\" src=\"\/wp-content\/themes\/arras\/images\/dinostorm\/Dinos\/icc_scale_pnn.png\" alt=\"\" title=\"\"\/><br \/>\n<a href=\"\/tr\/oyun\/dinozor-sozlugu\/pakisefalozorus\/\"><img decoding=\"async\" class=\"icc_dino colorbox-3732\" src=\"\/wp-content\/themes\/arras\/images\/dinostorm\/Dinos\/pachycephalosaurus_icon.png\" alt=\"\" title=\"\"\/><\/a><\/p>\n<div class=\"icc_text\">&#8220;Vur ka\u00e7&#8221; alternatifi:<br \/>\n<strong>Pakisefalozorus<\/strong>\n<\/div>\n<\/div>\n<\/div>\n<div class=\"one_third\">\n<img decoding=\"async\" class=\"dino_lex_2 colorbox-3732\" src=\"\/wp-content\/themes\/arras\/images\/dinostorm\/Dinos\/Coelophysis.png\" alt=\"Dino Storm K\u00f6lofiz\" \/>\n<\/div>\n<\/div>\n<div class=\"clear\"><\/div>\n<div class=\"one_third\">\n<h3 class=\"headlinelex2_1\">K\u00f6lofiz \u2014 Dinozor Becerileri<\/h3>\n<div class=\"banner_lex2\">\n<span class=\"icon_skill_top float-left\"><br \/>\n<img class=\"colorbox-3732\"  decoding=\"async\" src=\"\/wp-content\/themes\/arras\/images\/dinostorm\/Dinos\/coelophysis_skill_01.png\" \nonmouseover=\"for (let el of document.querySelectorAll('.dino_idle')) el.style.visibility = 'hidden'; for (let el of document.querySelectorAll('.dino_skill1')) el.style.visibility = 'visible';\"\nonmouseout=\"for (let el of document.querySelectorAll('.dino_idle')) el.style.visibility = 'visible'; for (let el of document.querySelectorAll('.dino_skill1')) el.style.visibility = 'hidden';\"\"\nalt=\"coelophysis &#x00d6;zel Yetenek \u2014 H&#x0131;zl&#x0131; Darbeler\" title=\"&#x00d6;zel Yetenek: H&#x0131;zl&#x0131; Darbeler\"\/><\/span><\/p>\n<div class=\"skill-wrapper\"><span class=\"icon_skill_title\">H&#x0131;zl&#x0131; Darbeler<\/span><\/p>\n<p class=\"icon_skill_text\">\n<\/div>\n<p><span class=\"clear\"><!-- --><\/span><span class=\"icon_skill_top float-left\"><br \/>\n<img class=\"colorbox-3732\"  decoding=\"async\" src=\"\/wp-content\/themes\/arras\/images\/dinostorm\/Dinos\/coelophysis_skill_02.png\" \nonmouseover=\"for (let el of document.querySelectorAll('.dino_idle')) el.style.visibility = 'hidden'; for (let el of document.querySelectorAll('.dino_skill2')) el.style.visibility = 'visible';\"\nonmouseout=\"for (let el of document.querySelectorAll('.dino_idle')) el.style.visibility = 'visible'; for (let el of document.querySelectorAll('.dino_skill2')) el.style.visibility = 'hidden';\"\"\nalt=\"coelophysis &#x00d6;zel Yetenek \u2014 Z&#x0131;plama Sald&#x0131;r&#x0131;s&#x0131;\" title=\"&#x00d6;zel Yetenek: Z&#x0131;plama Sald&#x0131;r&#x0131;s&#x0131;\"\/><\/span><\/p>\n<div class=\"skill-wrapper-bottom\"><span class=\"icon_skill_title\">Z&#x0131;plama Sald&#x0131;r&#x0131;s&#x0131;<\/span><\/p>\n<p class=\"icon_skill_text\">\n<\/div>\n<p><span class=\"clear\"><!-- --><\/span><\/p>\n<\/div>\n<\/div>\n<div class=\"one_third\">\n<h3 class=\"headlinelex2_2\">K\u00f6lofiz \u2014 Dinozor Ger&#x00e7;ekleri<\/h3>\n<div class=\"fact_lex\">\n<p>coelophysis, bug&#x00fc;n Kuzey Amerika olarak bilinen b&#x00f6;lgenin g&#x00fc;neybat&#x0131;s&#x0131;nda Trias D&#x00f6;nemi&#8217;nde ya&#x015f;am&#x0131;&#x015f;t&#x0131;. Eski bir dinozor cinsi olan Teropoda grubuna mensuptur.<\/p>\n<p>Bu dinozorun fizi&#x011f;i son derece verimliydi ve y&#x00fc;ksek h&#x0131;zlara ula&#x015f;may&#x0131; m&#x00fc;mk&#x00fc;n k&#x0131;l&#x0131;yordu. coelophysis kemikleri, uzun ve dar olan oyuk uzuvlard&#x0131;. Jilet gibi keskin di&#x015f;leri vard&#x0131;, ve ayak parmaklar&#x0131; da keskin pen&#x00e7;elerdi.<\/p>\n<\/div>\n<\/div>\n<div class=\"dino_animations\">\n<img decoding=\"async\" class=\"dino_idle colorbox-3732\" src=\"\/wp-content\/themes\/arras\/images\/dinostorm\/Dinos\/coelophysis_idle.gif\"\/><br \/>\n<img decoding=\"async\" class=\"dino_skill1 colorbox-3732\" src=\"\/wp-content\/themes\/arras\/images\/dinostorm\/Dinos\/coelophysis_skill_01.gif\"\/><br \/>\n<img decoding=\"async\" class=\"dino_skill2 colorbox-3732\" src=\"\/wp-content\/themes\/arras\/images\/dinostorm\/Dinos\/coelophysis_skill_02.gif\"\/>\n<\/div>\n<div class=\"full\">\n<img decoding=\"async\" class=\"hr3 margin35 colorbox-3732\" src=\"\/wp-content\/themes\/arras\/images\/dinostorm\/seperator_big.png\" alt=\"separator dino storm\" \/>\n<\/div>\n","protected":false},"excerpt":{"rendered":"<p>Dinozor &#8211; K\u00f6lofiz Geri Dino Storm K\u00f6lofiz K\u00f6lofiz h\u0131z i\u00e7in yarat\u0131lm\u0131\u015f, &#8220;vur ka\u00e7&#8221; mant\u0131\u011f\u0131yla \u00e7al\u0131\u015fan bir dinozordur. Yak\u0131n d\u00f6v\u00fc\u015fte kolayca y\u0131pranaca\u011f\u0131 i\u00e7in e\u015fsiz ko\u015fma becerilerini kullanmak hayati \u00f6nem ta\u015f\u0131yor! Canl\u0131l\u0131k: G\u00fc\u00e7: Dayan\u0131kl\u0131l\u0131k: &#8220;Vur ka\u00e7&#8221; alternatifi: [&hellip;]<\/p>\n","protected":false},"author":26,"featured_media":15052,"parent":1736,"menu_order":0,"comment_status":"closed","ping_status":"closed","template":"pagetpl-onecolumn.php","meta":{"footnotes":"","_links_to":"","_links_to_target":""},"class_list":["post-3732","page","type-page","status-publish","has-post-thumbnail","hentry"],"yoast_head":"<!-- This site is optimized with the Yoast SEO plugin v27.3 - https:\/\/yoast.com\/product\/yoast-seo-wordpress\/ -->\n<title>Koelofisis - Dino Storm<\/title>\n<meta name=\"description\" content=\"Koelofisis h\u0131z i\u00e7in in\u015fa edilmi\u015f gibidir. G\u00fc\u00e7l\u00fc arka ayaklar\u0131 onu Dino Storm&#039;da harika bir ko\u015fucu haline getirir. Koelofisis hakk\u0131nda bilmen gereken her \u015fey\" \/>\n<meta name=\"robots\" content=\"index, follow, max-snippet:-1, max-image-preview:large, max-video-preview:-1\" \/>\n<link rel=\"canonical\" href=\"https:\/\/dinostorm.com\/tr\/oyun\/dinozor-sozlugu\/koelofisis\/\" \/>\n<meta property=\"og:locale\" content=\"tr_TR\" \/>\n<meta property=\"og:type\" content=\"article\" \/>\n<meta property=\"og:title\" content=\"Koelofisis - Dino Storm\" \/>\n<meta property=\"og:description\" content=\"Koelofisis h\u0131z i\u00e7in in\u015fa edilmi\u015f gibidir. G\u00fc\u00e7l\u00fc arka ayaklar\u0131 onu Dino Storm&#039;da harika bir ko\u015fucu haline getirir. Koelofisis hakk\u0131nda bilmen gereken her \u015fey\" \/>\n<meta property=\"og:url\" content=\"https:\/\/dinostorm.com\/tr\/oyun\/dinozor-sozlugu\/koelofisis\/\" \/>\n<meta property=\"og:site_name\" content=\"Dino Storm\" \/>\n<meta property=\"article:modified_time\" content=\"2022-04-25T07:57:27+00:00\" \/>\n<script type=\"application\/ld+json\" class=\"yoast-schema-graph\">{\"@context\":\"https:\\\/\\\/schema.org\",\"@graph\":[{\"@type\":\"WebPage\",\"@id\":\"https:\\\/\\\/dinostorm.com\\\/tr\\\/oyun\\\/dinozor-sozlugu\\\/koelofisis\\\/\",\"url\":\"https:\\\/\\\/dinostorm.com\\\/tr\\\/oyun\\\/dinozor-sozlugu\\\/koelofisis\\\/\",\"name\":\"Koelofisis - Dino Storm\",\"isPartOf\":{\"@id\":\"https:\\\/\\\/dinostorm.com\\\/tr\\\/#website\"},\"primaryImageOfPage\":{\"@id\":\"https:\\\/\\\/dinostorm.com\\\/tr\\\/oyun\\\/dinozor-sozlugu\\\/koelofisis\\\/#primaryimage\"},\"image\":{\"@id\":\"https:\\\/\\\/dinostorm.com\\\/tr\\\/oyun\\\/dinozor-sozlugu\\\/koelofisis\\\/#primaryimage\"},\"thumbnailUrl\":\"https:\\\/\\\/dinostorm.com\\\/wp-content\\\/uploads\\\/2012\\\/09\\\/ds_jungle_01.jpg\",\"datePublished\":\"2012-10-18T07:12:00+00:00\",\"dateModified\":\"2022-04-25T07:57:27+00:00\",\"description\":\"Koelofisis h\u0131z i\u00e7in in\u015fa edilmi\u015f gibidir. G\u00fc\u00e7l\u00fc arka ayaklar\u0131 onu Dino Storm'da harika bir ko\u015fucu haline getirir. Koelofisis hakk\u0131nda bilmen gereken her \u015fey\",\"breadcrumb\":{\"@id\":\"https:\\\/\\\/dinostorm.com\\\/tr\\\/oyun\\\/dinozor-sozlugu\\\/koelofisis\\\/#breadcrumb\"},\"inLanguage\":\"tr\",\"potentialAction\":[{\"@type\":\"ReadAction\",\"target\":[\"https:\\\/\\\/dinostorm.com\\\/tr\\\/oyun\\\/dinozor-sozlugu\\\/koelofisis\\\/\"]}]},{\"@type\":\"ImageObject\",\"inLanguage\":\"tr\",\"@id\":\"https:\\\/\\\/dinostorm.com\\\/tr\\\/oyun\\\/dinozor-sozlugu\\\/koelofisis\\\/#primaryimage\",\"url\":\"https:\\\/\\\/dinostorm.com\\\/wp-content\\\/uploads\\\/2012\\\/09\\\/ds_jungle_01.jpg\",\"contentUrl\":\"https:\\\/\\\/dinostorm.com\\\/wp-content\\\/uploads\\\/2012\\\/09\\\/ds_jungle_01.jpg\",\"width\":1280,\"height\":720,\"caption\":\"Beware of dangerous bandits in Mokon Woods are everywhere.\"},{\"@type\":\"BreadcrumbList\",\"@id\":\"https:\\\/\\\/dinostorm.com\\\/tr\\\/oyun\\\/dinozor-sozlugu\\\/koelofisis\\\/#breadcrumb\",\"itemListElement\":[{\"@type\":\"ListItem\",\"position\":1,\"name\":\"Home\",\"item\":\"https:\\\/\\\/dinostorm.com\\\/tr\\\/\"},{\"@type\":\"ListItem\",\"position\":2,\"name\":\"Oyun\",\"item\":\"https:\\\/\\\/dinostorm.com\\\/tr\\\/oyun\\\/\"},{\"@type\":\"ListItem\",\"position\":3,\"name\":\"Dinozor S\u00f6zl\u00fcg\u00fc\",\"item\":\"https:\\\/\\\/dinostorm.com\\\/tr\\\/oyun\\\/dinozor-sozlugu\\\/\"},{\"@type\":\"ListItem\",\"position\":4,\"name\":\"Koelofisis\"}]},{\"@type\":\"WebSite\",\"@id\":\"https:\\\/\\\/dinostorm.com\\\/tr\\\/#website\",\"url\":\"https:\\\/\\\/dinostorm.com\\\/tr\\\/\",\"name\":\"Dino Storm\",\"description\":\"\",\"potentialAction\":[{\"@type\":\"SearchAction\",\"target\":{\"@type\":\"EntryPoint\",\"urlTemplate\":\"https:\\\/\\\/dinostorm.com\\\/tr\\\/?s={search_term_string}\"},\"query-input\":{\"@type\":\"PropertyValueSpecification\",\"valueRequired\":true,\"valueName\":\"search_term_string\"}}],\"inLanguage\":\"tr\"}]}<\/script>\n<!-- \/ Yoast SEO plugin. -->","yoast_head_json":{"title":"Koelofisis - Dino Storm","description":"Koelofisis h\u0131z i\u00e7in in\u015fa edilmi\u015f gibidir. G\u00fc\u00e7l\u00fc arka ayaklar\u0131 onu Dino Storm'da harika bir ko\u015fucu haline getirir. Koelofisis hakk\u0131nda bilmen gereken her \u015fey","robots":{"index":"index","follow":"follow","max-snippet":"max-snippet:-1","max-image-preview":"max-image-preview:large","max-video-preview":"max-video-preview:-1"},"canonical":"https:\/\/dinostorm.com\/tr\/oyun\/dinozor-sozlugu\/koelofisis\/","og_locale":"tr_TR","og_type":"article","og_title":"Koelofisis - Dino Storm","og_description":"Koelofisis h\u0131z i\u00e7in in\u015fa edilmi\u015f gibidir. G\u00fc\u00e7l\u00fc arka ayaklar\u0131 onu Dino Storm'da harika bir ko\u015fucu haline getirir. Koelofisis hakk\u0131nda bilmen gereken her \u015fey","og_url":"https:\/\/dinostorm.com\/tr\/oyun\/dinozor-sozlugu\/koelofisis\/","og_site_name":"Dino Storm","article_modified_time":"2022-04-25T07:57:27+00:00","schema":{"@context":"https:\/\/schema.org","@graph":[{"@type":"WebPage","@id":"https:\/\/dinostorm.com\/tr\/oyun\/dinozor-sozlugu\/koelofisis\/","url":"https:\/\/dinostorm.com\/tr\/oyun\/dinozor-sozlugu\/koelofisis\/","name":"Koelofisis - Dino Storm","isPartOf":{"@id":"https:\/\/dinostorm.com\/tr\/#website"},"primaryImageOfPage":{"@id":"https:\/\/dinostorm.com\/tr\/oyun\/dinozor-sozlugu\/koelofisis\/#primaryimage"},"image":{"@id":"https:\/\/dinostorm.com\/tr\/oyun\/dinozor-sozlugu\/koelofisis\/#primaryimage"},"thumbnailUrl":"https:\/\/dinostorm.com\/wp-content\/uploads\/2012\/09\/ds_jungle_01.jpg","datePublished":"2012-10-18T07:12:00+00:00","dateModified":"2022-04-25T07:57:27+00:00","description":"Koelofisis h\u0131z i\u00e7in in\u015fa edilmi\u015f gibidir. G\u00fc\u00e7l\u00fc arka ayaklar\u0131 onu Dino Storm'da harika bir ko\u015fucu haline getirir. Koelofisis hakk\u0131nda bilmen gereken her \u015fey","breadcrumb":{"@id":"https:\/\/dinostorm.com\/tr\/oyun\/dinozor-sozlugu\/koelofisis\/#breadcrumb"},"inLanguage":"tr","potentialAction":[{"@type":"ReadAction","target":["https:\/\/dinostorm.com\/tr\/oyun\/dinozor-sozlugu\/koelofisis\/"]}]},{"@type":"ImageObject","inLanguage":"tr","@id":"https:\/\/dinostorm.com\/tr\/oyun\/dinozor-sozlugu\/koelofisis\/#primaryimage","url":"https:\/\/dinostorm.com\/wp-content\/uploads\/2012\/09\/ds_jungle_01.jpg","contentUrl":"https:\/\/dinostorm.com\/wp-content\/uploads\/2012\/09\/ds_jungle_01.jpg","width":1280,"height":720,"caption":"Beware of dangerous bandits in Mokon Woods are everywhere."},{"@type":"BreadcrumbList","@id":"https:\/\/dinostorm.com\/tr\/oyun\/dinozor-sozlugu\/koelofisis\/#breadcrumb","itemListElement":[{"@type":"ListItem","position":1,"name":"Home","item":"https:\/\/dinostorm.com\/tr\/"},{"@type":"ListItem","position":2,"name":"Oyun","item":"https:\/\/dinostorm.com\/tr\/oyun\/"},{"@type":"ListItem","position":3,"name":"Dinozor S\u00f6zl\u00fcg\u00fc","item":"https:\/\/dinostorm.com\/tr\/oyun\/dinozor-sozlugu\/"},{"@type":"ListItem","position":4,"name":"Koelofisis"}]},{"@type":"WebSite","@id":"https:\/\/dinostorm.com\/tr\/#website","url":"https:\/\/dinostorm.com\/tr\/","name":"Dino Storm","description":"","potentialAction":[{"@type":"SearchAction","target":{"@type":"EntryPoint","urlTemplate":"https:\/\/dinostorm.com\/tr\/?s={search_term_string}"},"query-input":{"@type":"PropertyValueSpecification","valueRequired":true,"valueName":"search_term_string"}}],"inLanguage":"tr"}]}},"_links":{"self":[{"href":"https:\/\/dinostorm.com\/tr\/wp-json\/wp\/v2\/pages\/3732","targetHints":{"allow":["GET"]}}],"collection":[{"href":"https:\/\/dinostorm.com\/tr\/wp-json\/wp\/v2\/pages"}],"about":[{"href":"https:\/\/dinostorm.com\/tr\/wp-json\/wp\/v2\/types\/page"}],"author":[{"embeddable":true,"href":"https:\/\/dinostorm.com\/tr\/wp-json\/wp\/v2\/users\/26"}],"replies":[{"embeddable":true,"href":"https:\/\/dinostorm.com\/tr\/wp-json\/wp\/v2\/comments?post=3732"}],"version-history":[{"count":5,"href":"https:\/\/dinostorm.com\/tr\/wp-json\/wp\/v2\/pages\/3732\/revisions"}],"predecessor-version":[{"id":311222,"href":"https:\/\/dinostorm.com\/tr\/wp-json\/wp\/v2\/pages\/3732\/revisions\/311222"}],"up":[{"embeddable":true,"href":"https:\/\/dinostorm.com\/tr\/wp-json\/wp\/v2\/pages\/1736"}],"wp:featuredmedia":[{"embeddable":true,"href":"https:\/\/dinostorm.com\/tr\/wp-json\/wp\/v2\/media\/15052"}],"wp:attachment":[{"href":"https:\/\/dinostorm.com\/tr\/wp-json\/wp\/v2\/media?parent=3732"}],"curies":[{"name":"wp","href":"https:\/\/api.w.org\/{rel}","templated":true}]}}