{"id":3719,"date":"2012-10-18T09:18:35","date_gmt":"2012-10-18T07:18:35","guid":{"rendered":"http:\/\/dinostorm.com\/?page_id=3719"},"modified":"2021-07-23T14:31:04","modified_gmt":"2021-07-23T12:31:04","slug":"silah-teknolojisi-modulleri","status":"publish","type":"page","link":"https:\/\/dinostorm.com\/tr\/oyun\/silah-teknolojisi-modulleri\/","title":{"rendered":"Silah Teknolojisi Mod\u00fclleri"},"content":{"rendered":"<div class=\"teaser\"><\/div>\n<h1 class=\"headline_page width_500\"><span>Silah Teknolojisi Mod\u00fclleri<\/span><\/h1>\n<p class=\"back-button back-pos500\"><a class=\"back-block\" href=\"\/tr\/oyun#overview\">Geri<\/a><\/p>\n<div class=\"full\">\n<img decoding=\"async\" class=\"wrapper_image_impl colorbox-3719\" src=\"\/wp-content\/themes\/arras\/images\/dinostorm\/tech-Cowboy.png\" alt=\"Silah Teknolojisi Mod\u00fclleri\"\/><\/p>\n<div class=\"wrapper_impl\">\n<p class=\"text-impl\">Lazer silahlarin i\u00e7in \u00fcretilen y\u00fcksek performans, son teknoloji mod\u00fcllerimiz ile yarismada hep \u00f6nde kal. Kolay montaji ile kutusundan \u00e7ikarilir \u00e7ikarilmaz hazir hale getirilebilr.<\/p>\n<\/div>\n<div class=\"wrapper_impl2\">\n<div class=\"slot-list\">\n<div class=\"clear-after\">\n                      <span class=\"icon-frame-gloss float-left\"><br \/>\n            <img class=\"colorbox-3719\"  decoding=\"async\" src=\"\/wp-content\/themes\/arras\/images\/dinostorm\/module_damage.png\" alt=\"Hasar Teknolojisi\"\/><br \/>\n                       <\/span><\/p>\n<div class=\"slot-wrapper\">\n\t\t\t    <span class=\"slot-item-title\">Hasar Teknolojisi<\/span><\/p>\n<p class=\"feature-slot-desc\">Bu teknoloji mod\u00fcl\u00fc ile Dino Storm&#8217;da d\u00fcsmanina b\u00fcy\u00fck bir darbe vur. Adi neden zirh delme teknolojisi? \u00c7\u00fcnk\u00fc bu silah mod\u00fcl\u00fc hedefinin zirhini daha etkili sekilde delmeni saglar.<\/p>\n<\/p><\/div>\n<p>\t<span class=\"clear\"><!-- --><\/span>\n\t         <\/div>\n<\/p><\/div>\n<\/p><\/div>\n<div class=\"wrapper_impl2\">\n<div class=\"slot-list\">\n<div class=\"clear-after\">\n                      <span class=\"icon-frame-gloss float-left\"><br \/>\n            <img class=\"colorbox-3719\"  decoding=\"async\" src=\"\/wp-content\/themes\/arras\/images\/dinostorm\/module_focus.png\" alt=\"Odaklanma Teknolojisi\"\/><br \/>\n                       <\/span><\/p>\n<div class=\"slot-wrapper\">\n\t\t\t    <span class=\"slot-item-title\">Odaklanma Teknolojisi<\/span><\/p>\n<p class=\"feature-slot-desc\">Odaklan kovboy odaklan! Her bir atisin isabet etsin. Hi\u00e7 ger\u00e7ek\u00e7i degil mi? Dino Storm kovboylari i\u00e7in \u00fcrettigimiz inanilmaz odaklanma mod\u00fcl\u00fc ile her sey m\u00fcmk\u00fcn. Bu mod\u00fcl lazer silahinin ve dinozorunuzun isabet oranini artirir.<\/p>\n<\/p><\/div>\n<p>\t<span class=\"clear\"><!-- --><\/span>\n\t         <\/div>\n<\/p><\/div>\n<\/p><\/div>\n<div class=\"wrapper_impl2\">\n<div class=\"slot-list\">\n<div class=\"clear-after\">\n                      <span class=\"icon-frame-gloss float-left\"><br \/>\n            <img class=\"colorbox-3719\"  decoding=\"async\" src=\"\/wp-content\/themes\/arras\/images\/dinostorm\/module_frequency.png\" alt=\"Atis Sikligi Teknolojisi\"\/><br \/>\n                       <\/span><\/p>\n<div class=\"slot-wrapper\">\n\t\t\t    <span class=\"slot-item-title\">Atis Sikligi Teknolojisi<\/span><\/p>\n<p class=\"feature-slot-desc\">G\u00fc\u00e7 her sey degildir mi dedin? Kesinlikle haklisin. Dino Storm&#8217;un silah m\u00fchendisleri, silahinin ates oranini artirmak i\u00e7in atis sikligi teknolojisi mod\u00fcl\u00fcn\u00fc icat ettiler. Bir dene kovboy.<\/p>\n<\/p><\/div>\n<p>\t<span class=\"clear\"><!-- --><\/span>\n\t         <\/div>\n<\/p><\/div>\n<\/p><\/div>\n<div class=\"wrapper_impl2\">\n<div class=\"slot-list\">\n<div class=\"clear-after\">\n                      <span class=\"icon-frame-gloss float-left\"><br \/>\n            <img class=\"colorbox-3719\"  decoding=\"async\" src=\"\/wp-content\/themes\/arras\/images\/dinostorm\/module_penetration.png\" alt=\"Penetration module for laser guns\"\/><br \/>\n                       <\/span><\/p>\n<div class=\"slot-wrapper\">\n\t\t\t    <span class=\"slot-item-title\">Zirh Delme Teknolojisi<\/span><\/p>\n<p class=\"feature-slot-desc\">Bu teknoloji mod\u00fcl\u00fc ile <a href=\"http:\/\/dinostorm.com\/tr\/\" title=\"Dino Storm\">Dino Storm&#8217;da<\/a> d\u00fcsmanina b\u00fcy\u00fck bir darbe vur. Adi neden zirh delme teknolojisi? \u00c7\u00fcnk\u00fc bu silah mod\u00fcl\u00fc hedefinin zirhini daha etkili sekilde delmeni saglar<\/p>\n<\/p><\/div>\n<p>\t<span class=\"clear\"><!-- --><\/span>\n\t         <\/div>\n<\/p><\/div>\n<\/p><\/div>\n<div class=\"wrapper_impl2\">\n<div class=\"slot-list\">\n<div class=\"clear-after\">\n                      <span class=\"icon-frame-gloss float-left\"><br \/>\n            <img class=\"colorbox-3719\"  decoding=\"async\" src=\"\/wp-content\/themes\/arras\/images\/dinostorm\/module_precision.png\" alt=\"Kesinlik Teknolojisi\"\/><br \/>\n                       <\/span><\/p>\n<div class=\"slot-wrapper\">\n\t\t\t    <span class=\"slot-item-title\">Kesinlik Teknolojisi<\/span><\/p>\n<p class=\"feature-slot-desc\">Hi\u00e7 g\u00fcc\u00fc olmadiginda bir lazer silahi ne ise yarar ki. Sert vur kovboy sert, ve d\u00fcsmanlarina ka\u00e7is sansi verme. Hasar teknolojisi mod\u00fcl\u00fcn\u00fc al ve lazer silahinin ve dinozorunuzun verdigi hasari artir.<\/p>\n<\/p><\/div>\n<p>\t<span class=\"clear\"><!-- --><\/span>\n\t         <\/div>\n<\/p><\/div>\n<\/p><\/div>\n<div class=\"wrapper_impl2\">\n<div class=\"slot-list\">\n<div class=\"clear-after\">\n                      <span class=\"icon-frame-gloss float-left\"><br \/>\n            <img class=\"colorbox-3719\"  decoding=\"async\" src=\"\/wp-content\/themes\/arras\/images\/dinostorm\/module_range.png\" alt=\"Range module for laser guns\"\/><br \/>\n                       <\/span><\/p>\n<div class=\"slot-wrapper\">\n\t\t\t    <span class=\"slot-item-title\">Menzil Teknolojisi<\/span><\/p>\n<p class=\"feature-slot-desc\">Menzil teknolojisi mod\u00fcl\u00fc keskin nisancilar i\u00e7in bi\u00e7ilmis kaftandir. Bu teknoloji mod\u00fcl\u00fc, lazer silahinin azami saldiri menzilini artirir. Sasirdin mi? Ekleyecek baska bir sey yok kovboy.<\/p>\n<\/p><\/div>\n<p>\t<span class=\"clear\"><!-- --><\/span>\n\t         <\/div>\n<\/p><\/div>\n<\/div>\n<div class=\"wrapper_impl2\">\n<div class=\"slot-list\">\n<div class=\"clear-after\">\n                      <span class=\"icon-frame-gloss float-left\"><br \/>\n            <img class=\"colorbox-3719\"  decoding=\"async\" src=\"\/wp-content\/themes\/arras\/images\/dinostorm\/module_aim.png\" alt=\"Ni&#x015f;an Teknolojisi\"\/><br \/>\n                       <\/span><\/p>\n<div class=\"slot-wrapper\">\n\t\t\t    <span class=\"slot-item-title\">Ni&#x015f;an Teknolojisi<\/span><\/p>\n<p class=\"feature-slot-desc\">Hedefinle olan mesafen artt&#x0131;k&#x00e7;a daha &#x00e7;ok silah hasar&#x0131; vermeni sa&#x011f;lar. &#x00c7;al&#x0131;&#x015f;mas&#x0131; i&#x00e7;in bir silah teknolojisi yuvas&#x0131;na y&#x00fc;klenmesi gerekir.<\/p>\n<\/p><\/div>\n<p>\t<span class=\"clear\"><!-- --><\/span>\n\t         <\/div>\n<\/p><\/div>\n<\/div>\n<div class=\"wrapper_impl2\">\n<div class=\"slot-list\">\n<div class=\"clear-after\">\n                      <span class=\"icon-frame-gloss float-left\"><br \/>\n            <img class=\"colorbox-3719\"  decoding=\"async\" src=\"\/wp-content\/themes\/arras\/images\/dinostorm\/module_dinodefense.png\" alt=\"Dino Savunma Teknolojisi\"\/><br \/>\n                       <\/span><\/p>\n<div class=\"slot-wrapper\">\n\t\t\t    <span class=\"slot-item-title\">Dino Savunma Teknolojisi<\/span><\/p>\n<p class=\"feature-slot-desc\">Dinozorlardan gelen hasarlara kar&#x015f;&#x0131; olan dayan&#x0131;kl&#x0131;l&#x0131;&#x011f;&#x0131;n&#x0131; art&#x0131;r&#x0131;r. &#x00c7;al&#x0131;&#x015f;mas&#x0131; i&#x00e7;in bir silah teknolojisi yuvas&#x0131;na y&#x00fc;klenmesi gerekir.<\/p>\n<\/p><\/div>\n<p>\t<span class=\"clear\"><!-- --><\/span>\n\t         <\/div>\n<\/p><\/div>\n<\/div>\n<div class=\"wrapper_impl2\">\n<div class=\"slot-list\">\n<div class=\"clear-after\">\n                      <span class=\"icon-frame-gloss float-left\"><br \/>\n            <img class=\"colorbox-3719\"  decoding=\"async\" src=\"\/wp-content\/themes\/arras\/images\/dinostorm\/module_shock.png\" alt=\"&#x015e;ok Teknolojisi\"\/><br \/>\n                       <\/span><\/p>\n<div class=\"slot-wrapper\">\n\t\t\t    <span class=\"slot-item-title\">&#x015e;ok Teknolojisi<\/span><\/p>\n<p class=\"feature-slot-desc\">Hedefinin ekstra g&#x00fc;&#x00e7; yetene&#x011f;ini engellemen i&#x00e7;in &#x015f;ans tan&#x0131;r. &#x00c7;al&#x0131;&#x015f;mas&#x0131; i&#x00e7;in bir silah teknolojisi yuvas&#x0131;na y&#x00fc;klenmesi gerekir.<\/p>\n<\/p><\/div>\n<p>\t<span class=\"clear\"><!-- --><\/span>\n\t         <\/div>\n<\/p><\/div>\n<\/div>\n<div class=\"wrapper_impl2\">\n<div class=\"slot-list\">\n<div class=\"clear-after\">\n                      <span class=\"icon-frame-gloss float-left\"><br \/>\n            <img class=\"colorbox-3719\"  decoding=\"async\" src=\"\/wp-content\/themes\/arras\/images\/dinostorm\/module_dinoreflector.png\" alt=\"Dino Hasar&#x0131; Yans&#x0131;t&#x0131;c&#x0131;s&#x0131; Teknolojisi\"\/><br \/>\n                       <\/span><\/p>\n<div class=\"slot-wrapper\">\n\t\t\t    <span class=\"slot-item-title\">Dino Hasar&#x0131; Yans&#x0131;t&#x0131;c&#x0131;s&#x0131; Teknolojisi<\/span><\/p>\n<p class=\"feature-slot-desc\">Ald&#x0131;&#x011f;&#x0131;n silah hasar&#x0131;n&#x0131;n bir k&#x0131;sm&#x0131;n&#x0131; ge&#x00e7;ici s&#x00fc;reli&#x011f;ine yans&#x0131;tman&#x0131; sa&#x011f;lar. &#x00c7;al&#x0131;&#x015f;mas&#x0131; i&#x00e7;in bir silah teknolojisi yuvas&#x0131;na y&#x00fc;klenmesi gerekir.<\/p>\n<\/p><\/div>\n<p>\t<span class=\"clear\"><!-- --><\/span>\n\t         <\/div>\n<\/p><\/div>\n<\/div>\n<div class=\"wrapper_impl2\">\n<div class=\"slot-list\">\n<div class=\"clear-after\">\n                      <span class=\"icon-frame-gloss float-left\"><br \/>\n            <img class=\"colorbox-3719\"  decoding=\"async\" src=\"\/wp-content\/themes\/arras\/images\/dinostorm\/module_freezer.png\" alt=\"So&#x011f;uk Teknolojisi\"\/><br \/>\n                       <\/span><\/p>\n<div class=\"slot-wrapper\">\n\t\t\t    <span class=\"slot-item-title\">So&#x011f;uk Teknolojisi<\/span><\/p>\n<p class=\"feature-slot-desc\">Ba&#x015f;ar&#x0131;l&#x0131; vuru&#x015f; yapt&#x0131;&#x011f;&#x0131;nda hedefinizde yava&#x015f;lama etkisi b&#x0131;rakma olas&#x0131;l&#x0131;&#x011f;&#x0131;n&#x0131; art&#x0131;r&#x0131;r. &#x00c7;al&#x0131;&#x015f;mas&#x0131; i&#x00e7;in bir silah teknolojisi yuvas&#x0131;na y&#x00fc;klenmesi gerekir.<\/p>\n<\/p><\/div>\n<p>\t<span class=\"clear\"><!-- --><\/span>\n\t         <\/div>\n<\/p><\/div>\n<\/div>\n<\/div>\n<\/div>\n<div class=full>\n<img decoding=\"async\" class=\"hr3 colorbox-3719\" src=\"\/wp-content\/themes\/arras\/images\/dinostorm\/seperator_big.png\" alt=\"separator dino storm\" \/>\n<\/div>\n","protected":false},"excerpt":{"rendered":"<p>Silah Teknolojisi Mod\u00fclleri Geri Lazer silahlarin i\u00e7in \u00fcretilen y\u00fcksek performans, son teknoloji mod\u00fcllerimiz ile yarismada hep \u00f6nde kal. Kolay montaji ile kutusundan \u00e7ikarilir \u00e7ikarilmaz hazir hale getirilebilr. Hasar Teknolojisi Bu teknoloji mod\u00fcl\u00fc ile Dino Storm&#8217;da [&hellip;]<\/p>\n","protected":false},"author":26,"featured_media":15052,"parent":3706,"menu_order":0,"comment_status":"closed","ping_status":"closed","template":"pagetpl-onecolumn.php","meta":{"footnotes":"","_links_to":"","_links_to_target":""},"class_list":["post-3719","page","type-page","status-publish","has-post-thumbnail","hentry"],"yoast_head":"<!-- This site is optimized with the Yoast SEO plugin v27.3 - https:\/\/yoast.com\/product\/yoast-seo-wordpress\/ -->\n<title>Silah Teknolojisi Mod\u00fclleri - Dino Storm<\/title>\n<meta name=\"description\" content=\"Lazer silahlar\u0131n i\u00e7in \u00fcretilen y\u00fcksek performans, son teknoloji mod\u00fcllerimiz ile yar\u0131\u015fmada hep \u00f6nde kal. Kolay montaj\u0131 ile kutusundan \u00e7\u0131kar\u0131l\u0131r \u00e7\u0131kar\u0131lmaz haz\u0131r hale getirilebilr.\" \/>\n<meta name=\"robots\" content=\"index, follow, max-snippet:-1, max-image-preview:large, max-video-preview:-1\" \/>\n<link rel=\"canonical\" href=\"https:\/\/dinostorm.com\/tr\/oyun\/silah-teknolojisi-modulleri\/\" \/>\n<meta property=\"og:locale\" content=\"tr_TR\" \/>\n<meta property=\"og:type\" content=\"article\" \/>\n<meta property=\"og:title\" content=\"Silah Teknolojisi Mod\u00fclleri - Dino Storm\" \/>\n<meta property=\"og:description\" content=\"Lazer silahlar\u0131n i\u00e7in \u00fcretilen y\u00fcksek performans, son teknoloji mod\u00fcllerimiz ile yar\u0131\u015fmada hep \u00f6nde kal. Kolay montaj\u0131 ile kutusundan \u00e7\u0131kar\u0131l\u0131r \u00e7\u0131kar\u0131lmaz haz\u0131r hale getirilebilr.\" \/>\n<meta property=\"og:url\" content=\"https:\/\/dinostorm.com\/tr\/oyun\/silah-teknolojisi-modulleri\/\" \/>\n<meta property=\"og:site_name\" content=\"Dino Storm\" \/>\n<meta property=\"article:modified_time\" content=\"2021-07-23T12:31:04+00:00\" \/>\n<meta property=\"og:image\" content=\"https:\/\/dinostorm.com\/wp-content\/uploads\/2012\/09\/ds_jungle_01.jpg\" \/>\n\t<meta property=\"og:image:width\" content=\"1280\" \/>\n\t<meta property=\"og:image:height\" content=\"720\" \/>\n\t<meta property=\"og:image:type\" content=\"image\/jpeg\" \/>\n<meta name=\"twitter:label1\" content=\"Est. reading time\" \/>\n\t<meta name=\"twitter:data1\" content=\"3 minutes\" \/>\n<script type=\"application\/ld+json\" class=\"yoast-schema-graph\">{\"@context\":\"https:\\\/\\\/schema.org\",\"@graph\":[{\"@type\":\"WebPage\",\"@id\":\"https:\\\/\\\/dinostorm.com\\\/tr\\\/oyun\\\/silah-teknolojisi-modulleri\\\/\",\"url\":\"https:\\\/\\\/dinostorm.com\\\/tr\\\/oyun\\\/silah-teknolojisi-modulleri\\\/\",\"name\":\"Silah Teknolojisi Mod\u00fclleri - Dino Storm\",\"isPartOf\":{\"@id\":\"https:\\\/\\\/dinostorm.com\\\/tr\\\/#website\"},\"primaryImageOfPage\":{\"@id\":\"https:\\\/\\\/dinostorm.com\\\/tr\\\/oyun\\\/silah-teknolojisi-modulleri\\\/#primaryimage\"},\"image\":{\"@id\":\"https:\\\/\\\/dinostorm.com\\\/tr\\\/oyun\\\/silah-teknolojisi-modulleri\\\/#primaryimage\"},\"thumbnailUrl\":\"https:\\\/\\\/dinostorm.com\\\/wp-content\\\/uploads\\\/2012\\\/09\\\/ds_jungle_01.jpg\",\"datePublished\":\"2012-10-18T07:18:35+00:00\",\"dateModified\":\"2021-07-23T12:31:04+00:00\",\"description\":\"Lazer silahlar\u0131n i\u00e7in \u00fcretilen y\u00fcksek performans, son teknoloji mod\u00fcllerimiz ile yar\u0131\u015fmada hep \u00f6nde kal. Kolay montaj\u0131 ile kutusundan \u00e7\u0131kar\u0131l\u0131r \u00e7\u0131kar\u0131lmaz haz\u0131r hale getirilebilr.\",\"breadcrumb\":{\"@id\":\"https:\\\/\\\/dinostorm.com\\\/tr\\\/oyun\\\/silah-teknolojisi-modulleri\\\/#breadcrumb\"},\"inLanguage\":\"tr\",\"potentialAction\":[{\"@type\":\"ReadAction\",\"target\":[\"https:\\\/\\\/dinostorm.com\\\/tr\\\/oyun\\\/silah-teknolojisi-modulleri\\\/\"]}]},{\"@type\":\"ImageObject\",\"inLanguage\":\"tr\",\"@id\":\"https:\\\/\\\/dinostorm.com\\\/tr\\\/oyun\\\/silah-teknolojisi-modulleri\\\/#primaryimage\",\"url\":\"https:\\\/\\\/dinostorm.com\\\/wp-content\\\/uploads\\\/2012\\\/09\\\/ds_jungle_01.jpg\",\"contentUrl\":\"https:\\\/\\\/dinostorm.com\\\/wp-content\\\/uploads\\\/2012\\\/09\\\/ds_jungle_01.jpg\",\"width\":1280,\"height\":720,\"caption\":\"Beware of dangerous bandits in Mokon Woods are everywhere.\"},{\"@type\":\"BreadcrumbList\",\"@id\":\"https:\\\/\\\/dinostorm.com\\\/tr\\\/oyun\\\/silah-teknolojisi-modulleri\\\/#breadcrumb\",\"itemListElement\":[{\"@type\":\"ListItem\",\"position\":1,\"name\":\"Home\",\"item\":\"https:\\\/\\\/dinostorm.com\\\/tr\\\/\"},{\"@type\":\"ListItem\",\"position\":2,\"name\":\"Oyun\",\"item\":\"https:\\\/\\\/dinostorm.com\\\/tr\\\/oyun\\\/\"},{\"@type\":\"ListItem\",\"position\":3,\"name\":\"Silah Teknolojisi Mod\u00fclleri\"}]},{\"@type\":\"WebSite\",\"@id\":\"https:\\\/\\\/dinostorm.com\\\/tr\\\/#website\",\"url\":\"https:\\\/\\\/dinostorm.com\\\/tr\\\/\",\"name\":\"Dino Storm\",\"description\":\"\",\"potentialAction\":[{\"@type\":\"SearchAction\",\"target\":{\"@type\":\"EntryPoint\",\"urlTemplate\":\"https:\\\/\\\/dinostorm.com\\\/tr\\\/?s={search_term_string}\"},\"query-input\":{\"@type\":\"PropertyValueSpecification\",\"valueRequired\":true,\"valueName\":\"search_term_string\"}}],\"inLanguage\":\"tr\"}]}<\/script>\n<!-- \/ Yoast SEO plugin. -->","yoast_head_json":{"title":"Silah Teknolojisi Mod\u00fclleri - Dino Storm","description":"Lazer silahlar\u0131n i\u00e7in \u00fcretilen y\u00fcksek performans, son teknoloji mod\u00fcllerimiz ile yar\u0131\u015fmada hep \u00f6nde kal. Kolay montaj\u0131 ile kutusundan \u00e7\u0131kar\u0131l\u0131r \u00e7\u0131kar\u0131lmaz haz\u0131r hale getirilebilr.","robots":{"index":"index","follow":"follow","max-snippet":"max-snippet:-1","max-image-preview":"max-image-preview:large","max-video-preview":"max-video-preview:-1"},"canonical":"https:\/\/dinostorm.com\/tr\/oyun\/silah-teknolojisi-modulleri\/","og_locale":"tr_TR","og_type":"article","og_title":"Silah Teknolojisi Mod\u00fclleri - Dino Storm","og_description":"Lazer silahlar\u0131n i\u00e7in \u00fcretilen y\u00fcksek performans, son teknoloji mod\u00fcllerimiz ile yar\u0131\u015fmada hep \u00f6nde kal. Kolay montaj\u0131 ile kutusundan \u00e7\u0131kar\u0131l\u0131r \u00e7\u0131kar\u0131lmaz haz\u0131r hale getirilebilr.","og_url":"https:\/\/dinostorm.com\/tr\/oyun\/silah-teknolojisi-modulleri\/","og_site_name":"Dino Storm","article_modified_time":"2021-07-23T12:31:04+00:00","og_image":[{"width":1280,"height":720,"url":"https:\/\/dinostorm.com\/wp-content\/uploads\/2012\/09\/ds_jungle_01.jpg","type":"image\/jpeg"}],"twitter_misc":{"Est. reading time":"3 minutes"},"schema":{"@context":"https:\/\/schema.org","@graph":[{"@type":"WebPage","@id":"https:\/\/dinostorm.com\/tr\/oyun\/silah-teknolojisi-modulleri\/","url":"https:\/\/dinostorm.com\/tr\/oyun\/silah-teknolojisi-modulleri\/","name":"Silah Teknolojisi Mod\u00fclleri - Dino Storm","isPartOf":{"@id":"https:\/\/dinostorm.com\/tr\/#website"},"primaryImageOfPage":{"@id":"https:\/\/dinostorm.com\/tr\/oyun\/silah-teknolojisi-modulleri\/#primaryimage"},"image":{"@id":"https:\/\/dinostorm.com\/tr\/oyun\/silah-teknolojisi-modulleri\/#primaryimage"},"thumbnailUrl":"https:\/\/dinostorm.com\/wp-content\/uploads\/2012\/09\/ds_jungle_01.jpg","datePublished":"2012-10-18T07:18:35+00:00","dateModified":"2021-07-23T12:31:04+00:00","description":"Lazer silahlar\u0131n i\u00e7in \u00fcretilen y\u00fcksek performans, son teknoloji mod\u00fcllerimiz ile yar\u0131\u015fmada hep \u00f6nde kal. Kolay montaj\u0131 ile kutusundan \u00e7\u0131kar\u0131l\u0131r \u00e7\u0131kar\u0131lmaz haz\u0131r hale getirilebilr.","breadcrumb":{"@id":"https:\/\/dinostorm.com\/tr\/oyun\/silah-teknolojisi-modulleri\/#breadcrumb"},"inLanguage":"tr","potentialAction":[{"@type":"ReadAction","target":["https:\/\/dinostorm.com\/tr\/oyun\/silah-teknolojisi-modulleri\/"]}]},{"@type":"ImageObject","inLanguage":"tr","@id":"https:\/\/dinostorm.com\/tr\/oyun\/silah-teknolojisi-modulleri\/#primaryimage","url":"https:\/\/dinostorm.com\/wp-content\/uploads\/2012\/09\/ds_jungle_01.jpg","contentUrl":"https:\/\/dinostorm.com\/wp-content\/uploads\/2012\/09\/ds_jungle_01.jpg","width":1280,"height":720,"caption":"Beware of dangerous bandits in Mokon Woods are everywhere."},{"@type":"BreadcrumbList","@id":"https:\/\/dinostorm.com\/tr\/oyun\/silah-teknolojisi-modulleri\/#breadcrumb","itemListElement":[{"@type":"ListItem","position":1,"name":"Home","item":"https:\/\/dinostorm.com\/tr\/"},{"@type":"ListItem","position":2,"name":"Oyun","item":"https:\/\/dinostorm.com\/tr\/oyun\/"},{"@type":"ListItem","position":3,"name":"Silah Teknolojisi Mod\u00fclleri"}]},{"@type":"WebSite","@id":"https:\/\/dinostorm.com\/tr\/#website","url":"https:\/\/dinostorm.com\/tr\/","name":"Dino Storm","description":"","potentialAction":[{"@type":"SearchAction","target":{"@type":"EntryPoint","urlTemplate":"https:\/\/dinostorm.com\/tr\/?s={search_term_string}"},"query-input":{"@type":"PropertyValueSpecification","valueRequired":true,"valueName":"search_term_string"}}],"inLanguage":"tr"}]}},"_links":{"self":[{"href":"https:\/\/dinostorm.com\/tr\/wp-json\/wp\/v2\/pages\/3719","targetHints":{"allow":["GET"]}}],"collection":[{"href":"https:\/\/dinostorm.com\/tr\/wp-json\/wp\/v2\/pages"}],"about":[{"href":"https:\/\/dinostorm.com\/tr\/wp-json\/wp\/v2\/types\/page"}],"author":[{"embeddable":true,"href":"https:\/\/dinostorm.com\/tr\/wp-json\/wp\/v2\/users\/26"}],"replies":[{"embeddable":true,"href":"https:\/\/dinostorm.com\/tr\/wp-json\/wp\/v2\/comments?post=3719"}],"version-history":[{"count":3,"href":"https:\/\/dinostorm.com\/tr\/wp-json\/wp\/v2\/pages\/3719\/revisions"}],"predecessor-version":[{"id":242129,"href":"https:\/\/dinostorm.com\/tr\/wp-json\/wp\/v2\/pages\/3719\/revisions\/242129"}],"up":[{"embeddable":true,"href":"https:\/\/dinostorm.com\/tr\/wp-json\/wp\/v2\/pages\/3706"}],"wp:featuredmedia":[{"embeddable":true,"href":"https:\/\/dinostorm.com\/tr\/wp-json\/wp\/v2\/media\/15052"}],"wp:attachment":[{"href":"https:\/\/dinostorm.com\/tr\/wp-json\/wp\/v2\/media?parent=3719"}],"curies":[{"name":"wp","href":"https:\/\/api.w.org\/{rel}","templated":true}]}}