{"id":3716,"date":"2012-10-18T09:18:05","date_gmt":"2012-10-18T07:18:05","guid":{"rendered":"http:\/\/dinostorm.com\/?page_id=3716"},"modified":"2021-07-09T14:52:12","modified_gmt":"2021-07-09T12:52:12","slug":"dinozor-implantasyonlari","status":"publish","type":"page","link":"https:\/\/dinostorm.com\/tr\/oyun\/dinozor-implantasyonlari\/","title":{"rendered":"Dinozor \u0130mplantasyonlar\u0131"},"content":{"rendered":"<div class=\"teaser\"><\/div>\n<h1 class=\"headline_page width_500\"><span>Dinozor Implantasyonlari<\/span><\/h1>\n<p class=\"back-button back-pos500\"><a class=\"back-block\" href=\"\/tr\/oyun#overview\">Geri<\/a><\/p>\n<div class=\"full\">\n<img decoding=\"async\" class=\"wrapper_image_impl colorbox-3716\" src=\"\/wp-content\/themes\/arras\/images\/dinostorm\/Implantate-Cowboy.png\" alt=\"Dino Storm Dinozor Implantasyonlari\"\/><\/p>\n<div class=\"wrapper_impl\">\n<p class=\"text-impl\">Dinozorun i\u00e7in alabilecegin y\u00fcksek performans, sanat eseri bioteknoloji implantasyonlarimiz ile yarismada hep \u00f6nde kal! Sadece birazcik canini acitir!<\/p>\n<\/div>\n<div class=\"wrapper_impl2\">\n<div class=\"slot-list\">\n<div class=\"clear-after\">\n                      <span class=\"icon-frame-gloss float-left\"><br \/>\n            <img class=\"colorbox-3716\"  decoding=\"async\" src=\"\/wp-content\/themes\/arras\/images\/dinostorm\/implant_armor.png\" alt=\"Zirh Implantasyonu\"\/><br \/>\n                       <\/span><\/p>\n<div class=\"slot-wrapper\">\n\t\t\t    <span class=\"slot-item-title\">Zirh Implantasyonu<\/span><\/p>\n<p class=\"feature-slot-desc\">Dinozorun hep bir savasin ortasinda mi kaliyor? O zaman zirh implantasyonlarimiz senin ilk se\u00e7enegin olmali. Dinozorunun zirhini g\u00fc\u00e7lendirerek daha az hasar g\u00f6rmesini saglar.<\/p>\n<\/p><\/div>\n<p>\t<span class=\"clear\"><!-- --><\/span>\n\t         <\/div>\n<\/p><\/div>\n<\/p><\/div>\n<div class=\"wrapper_impl2\">\n<div class=\"slot-list\">\n<div class=\"clear-after\">\n                      <span class=\"icon-frame-gloss float-left\"><br \/>\n            <img class=\"colorbox-3716\"  decoding=\"async\" src=\"\/wp-content\/themes\/arras\/images\/dinostorm\/implant_vitality.png\" alt=\"Canlilik Implantasyonu\"\/><br \/>\n                       <\/span><\/p>\n<div class=\"slot-wrapper\">\n\t\t\t    <span class=\"slot-item-title\">Canlilik Implantasyonu<\/span><\/p>\n<p class=\"feature-slot-desc\"><a href=\"\/tr\/oyun\/dinozor-sozlugu\">Dinozorun<\/a> bir \u00e7atismadayken \u00e7ok mu endiseleniyorsun? \u00c7ok fazla iyilestirme iksiri mi kullaniyorsun? O zaman canlilik implantasyonlarimiz ilgini \u00e7ekebilir. Bu canlilik implantasyonlarimizi satin al ve dinozorunun isabet puanini artir.<\/p>\n<\/p><\/div>\n<p>\t<span class=\"clear\"><!-- --><\/span>\n\t         <\/div>\n<\/p><\/div>\n<\/p><\/div>\n<div class=\"wrapper_impl2\">\n<div class=\"slot-list\">\n<div class=\"clear-after\">\n                      <span class=\"icon-frame-gloss float-left\"><br \/>\n            <img class=\"colorbox-3716\"  decoding=\"async\" src=\"\/wp-content\/themes\/arras\/images\/dinostorm\/implant_strength.png\" alt=\"Kuvvet Implantasyonu\"\/><br \/>\n                       <\/span><\/p>\n<div class=\"slot-wrapper\">\n\t\t\t    <span class=\"slot-item-title\">Kuvvet Implantasyonu<\/span><\/p>\n<p class=\"feature-slot-desc\">Dinozorun i\u00e7in daha fazla kas g\u00fcc\u00fc, s\u00f6yleyecek baska bir sey yok. Evet, bu sasirtici sekilde dinozorunun hedeflerine verdigi hasari artiriyor. Ama bir uyari, kuvvet her sey degildir kovboy&#8230;<\/p>\n<\/p><\/div>\n<p>\t<span class=\"clear\"><!-- --><\/span>\n\t         <\/div>\n<\/p><\/div>\n<\/p><\/div>\n<div class=\"wrapper_impl2\">\n<div class=\"slot-list\">\n<div class=\"clear-after\">\n                      <span class=\"icon-frame-gloss float-left\"><br \/>\n            <img class=\"colorbox-3716\"  decoding=\"async\" src=\"\/wp-content\/themes\/arras\/images\/dinostorm\/implant_recovery.png\" alt=\"Iyilesme Implantasyonu\"\/><br \/>\n                       <\/span><\/p>\n<div class=\"slot-wrapper\">\n\t\t\t    <span class=\"slot-item-title\">Iyilesme Implantasyonu<\/span><\/p>\n<p class=\"feature-slot-desc\">Yillar s\u00fcren arastirmalar sonucunda dinozor doktorumuz sonunda basardi. Yepyeni iyilesme implantasyonumuz dinozorunun isabet puani iyilesme oranini artirir. Bunu dene ve daha uzun yasa kovboy!<\/p>\n<\/p><\/div>\n<p>\t<span class=\"clear\"><!-- --><\/span>\n\t         <\/div>\n<\/p><\/div>\n<\/p><\/div>\n<div class=\"wrapper_impl2\">\n<div class=\"slot-list\">\n<div class=\"clear-after\">\n                      <span class=\"icon-frame-gloss float-left\"><br \/>\n            <img class=\"colorbox-3716\"  decoding=\"async\" src=\"\/wp-content\/themes\/arras\/images\/dinostorm\/implant_agility.png\" alt=\"\u00c7eviklik Implantasyonu\"\/><br \/>\n                       <\/span><\/p>\n<div class=\"slot-wrapper\">\n\t\t\t    <span class=\"slot-item-title\">\u00c7eviklik Implantasyonu<\/span><\/p>\n<p class=\"feature-slot-desc\">Dinozorunun \u00e7ok uyusuk oldugunu d\u00fcs\u00fcnebilirsin. Bu durumda sana, dinozorlar i\u00e7in yepyeni implantasyonlarimizdan \u00f6neriyoruz. Bu fantastik implantasyonlar dinozorunun saldirilari atlatma yetenegini artirirlar.<\/p>\n<\/p><\/div>\n<p>\t<span class=\"clear\"><!-- --><\/span>\n\t         <\/div>\n<\/p><\/div>\n<\/p><\/div>\n<div class=\"wrapper_impl2\">\n<div class=\"slot-list\">\n<div class=\"clear-after\">\n                      <span class=\"icon-frame-gloss float-left\"><br \/>\n            <img class=\"colorbox-3716\"  decoding=\"async\" src=\"\/wp-content\/themes\/arras\/images\/dinostorm\/implant_endurance.png\" alt=\"Dayaniklilik Implantasyonu\"\/><br \/>\n                       <\/span><\/p>\n<div class=\"slot-wrapper\">\n\t\t\t    <span class=\"slot-item-title\">Dayaniklilik Implantasyonu<\/span><\/p>\n<p class=\"feature-slot-desc\">Hiz her dinozor i\u00e7in hayati bir etken olabilir. Eger dinozorun diger herkesinkinden daha hizliysa kimse seni yakalayamaz. Iste dayaniklilik implantasyonu\\: Bu harika par\u00e7a dinozorunun hizini artiracak.<\/p>\n<\/p><\/div>\n<p>\t<span class=\"clear\"><!-- --><\/span>\n\t         <\/div>\n<\/p><\/div>\n<\/p><\/div>\n<div class=\"wrapper_impl2\">\n<div class=\"slot-list\">\n<div class=\"clear-after\">\n                      <span class=\"icon-frame-gloss float-left\"><br \/>\n            <img class=\"colorbox-3716\"  decoding=\"async\" src=\"\/wp-content\/themes\/arras\/images\/dinostorm\/implant_stability.png\" alt=\"Sarsilmazlik Implantasyonu\"\/><br \/>\n                       <\/span><\/p>\n<div class=\"slot-wrapper\">\n\t\t\t    <span class=\"slot-item-title\">Sarsilmazlik Implantasyonu<\/span><\/p>\n<p class=\"feature-slot-desc\">Sen ve dinozorun hep hareket halinde misiniz? O zaman sarsilmazlik implantasyonlarimizi dene ve kimse sizi durduramasin. Sana uygulanan sersemletme, bilin&ccedil;sizlik ve korku durumlar&#305;n&#305;n s&uuml;resini k&#305;salt&#305;r.<\/p>\n<\/p><\/div>\n<p>\t<span class=\"clear\"><!-- --><\/span>\n\t         <\/div>\n<\/p><\/div>\n<\/p><\/div>\n<div class=\"wrapper_impl2\">\n<div class=\"slot-list\">\n<div class=\"clear-after\">\n                      <span class=\"icon-frame-gloss float-left\"><br \/>\n            <img class=\"colorbox-3716\"  decoding=\"async\" src=\"\/wp-content\/themes\/arras\/images\/dinostorm\/implant_rage.png\" alt=\"&#x00d6;fke &#x0130;mplant&#x0131;\"\/><br \/>\n                       <\/span><\/p>\n<div class=\"slot-wrapper\">\n\t\t\t    <span class=\"slot-item-title\">&#x00d6;fke &#x0130;mplant&#x0131;<\/span><\/p>\n<p class=\"feature-slot-desc\">Hasar al&#x0131;rken kazand&#x0131;&#x011f;&#x0131;n ekstra g&#x00fc;&#x00e7; miktar&#x0131;n&#x0131; art&#x0131;r&#x0131;r. &#x00c7;al&#x0131;&#x015f;mas&#x0131; i&#x00e7;in bir dinozor implant&#x0131; yuvas&#x0131;na y&#x00fc;klenmesi gerekir.<\/p>\n<\/p><\/div>\n<p>\t<span class=\"clear\"><!-- --><\/span>\n\t         <\/div>\n<\/p><\/div>\n<\/p><\/div>\n<div class=\"wrapper_impl2\">\n<div class=\"slot-list\">\n<div class=\"clear-after\">\n                      <span class=\"icon-frame-gloss float-left\"><br \/>\n            <img class=\"colorbox-3716\"  decoding=\"async\" src=\"\/wp-content\/themes\/arras\/images\/dinostorm\/implant_shield.png\" alt=\"Kalkan &#x0130;mplant&#x0131;\"\/><br \/>\n                       <\/span><\/p>\n<div class=\"slot-wrapper\">\n\t\t\t    <span class=\"slot-item-title\">Kalkan &#x0130;mplant&#x0131;<\/span><\/p>\n<p class=\"feature-slot-desc\">Dinozorunun silah hasar&#x0131;na kar&#x015f;&#x0131; olan direncini art&#x0131;r&#x0131;r. &#x00c7;al&#x0131;&#x015f;mas&#x0131; i&#x00e7;in bir dinozor implant&#x0131; yuvas&#x0131;na y&#x00fc;klenmesi gerekir.<\/p>\n<\/p><\/div>\n<p>\t<span class=\"clear\"><!-- --><\/span>\n\t         <\/div>\n<\/p><\/div>\n<\/p><\/div>\n<div class=\"wrapper_impl2\">\n<div class=\"slot-list\">\n<div class=\"clear-after\">\n                      <span class=\"icon-frame-gloss float-left\"><br \/>\n            <img class=\"colorbox-3716\"  decoding=\"async\" src=\"\/wp-content\/themes\/arras\/images\/dinostorm\/implant_claws.png\" alt=\"Pen&#x00e7;e &#x0130;mplant&#x0131;\"\/><br \/>\n                       <\/span><\/p>\n<div class=\"slot-wrapper\">\n\t\t\t    <span class=\"slot-item-title\">Pen&#x00e7;e &#x0130;mplant&#x0131;<\/span><\/p>\n<p class=\"feature-slot-desc\">Ek olarak menzilindeki di&#x011f;er hedeflere sald&#x0131;rman i&#x00e7;in &#x015f;ans tan&#x0131;r. &#x00c7;al&#x0131;&#x015f;mas&#x0131; i&#x00e7;in bir dinozor implant&#x0131; yuvas&#x0131;na y&#x00fc;klenmesi gerekir.<\/p>\n<\/p><\/div>\n<p>\t<span class=\"clear\"><!-- --><\/span>\n\t         <\/div>\n<\/p><\/div>\n<\/p><\/div>\n<div class=\"wrapper_impl2\">\n<div class=\"slot-list\">\n<div class=\"clear-after\">\n                      <span class=\"icon-frame-gloss float-left\"><br \/>\n            <img class=\"colorbox-3716\"  decoding=\"async\" src=\"\/wp-content\/themes\/arras\/images\/dinostorm\/implant_weaponreflector.png\" alt=\"Silah Hasar&#x0131; Yans&#x0131;t&#x0131;c&#x0131; &#x0130;mplant\"\/><br \/>\n                       <\/span><\/p>\n<div class=\"slot-wrapper\">\n\t\t\t    <span class=\"slot-item-title\">Silah Hasar&#x0131; Yans&#x0131;t&#x0131;c&#x0131; &#x0130;mplant<\/span><\/p>\n<p class=\"feature-slot-desc\">Dinozorunuza gelen silah hasar&#x0131;n&#x0131; ge&#x00e7;ici olarak yans&#x0131;tmak i&#x00e7;in bir &#x015f;ans verir. &#x00c7;al&#x0131;&#x015f;mas&#x0131; i&#x00e7;in bir dinozor implant&#x0131; yuvas&#x0131;na y&#x00fc;klenmesi gerekir.<\/p>\n<\/p><\/div>\n<p>\t<span class=\"clear\"><!-- --><\/span>\n\t         <\/div>\n<\/p><\/div>\n<\/p><\/div>\n<div class=\"wrapper_impl2\">\n<div class=\"slot-list\">\n<div class=\"clear-after\">\n                      <span class=\"icon-frame-gloss float-left\"><br \/>\n            <img class=\"colorbox-3716\"  decoding=\"async\" src=\"\/wp-content\/themes\/arras\/images\/dinostorm\/implant_heatregulator.png\" alt=\"Is&#x0131; D&#x00fc;zenleyici &#x0130;mplant\"\/><br \/>\n                       <\/span><\/p>\n<div class=\"slot-wrapper\">\n\t\t\t    <span class=\"slot-item-title\">Is&#x0131; D&#x00fc;zenleyici &#x0130;mplant<\/span><\/p>\n<p class=\"feature-slot-desc\">Sana uygulanan fel&#x00e7; ve yava&#x015f;latma durumlar&#x0131;n&#x0131;n s&#x00fc;resini k&#x0131;salt&#x0131;r. &#x00c7;al&#x0131;&#x015f;mas&#x0131; i&#x00e7;in bir silah teknolojisi yuvas&#x0131;na y&#x00fc;klenmesi gerekir.<\/p>\n<\/p><\/div>\n<p>\t<span class=\"clear\"><!-- --><\/span>\n\t         <\/div>\n<\/p><\/div>\n<\/p><\/div>\n<\/div>\n<\/div>\n<div class=full>\n<img decoding=\"async\" class=\"hr3 colorbox-3716\" src=\"\/wp-content\/themes\/arras\/images\/dinostorm\/seperator_big.png\" alt=\"separator dino storm\" \/>\n<\/div>\n","protected":false},"excerpt":{"rendered":"<p>Dinozor Implantasyonlari Geri Dinozorun i\u00e7in alabilecegin y\u00fcksek performans, sanat eseri bioteknoloji implantasyonlarimiz ile yarismada hep \u00f6nde kal! Sadece birazcik canini acitir! Zirh Implantasyonu Dinozorun hep bir savasin ortasinda mi kaliyor? O zaman zirh implantasyonlarimiz senin [&hellip;]<\/p>\n","protected":false},"author":26,"featured_media":15052,"parent":3706,"menu_order":0,"comment_status":"closed","ping_status":"closed","template":"pagetpl-onecolumn.php","meta":{"footnotes":"","_links_to":"","_links_to_target":""},"class_list":["post-3716","page","type-page","status-publish","has-post-thumbnail","hentry"],"yoast_head":"<!-- This site is optimized with the Yoast SEO plugin v27.3 - https:\/\/yoast.com\/product\/yoast-seo-wordpress\/ -->\n<title>Dinozor \u0130mplantasyonlar\u0131 - Dino Storm<\/title>\n<meta name=\"description\" content=\"Dinozorun i\u00e7in alabilece\u011fin y\u00fcksek performans, sanat eseri bioteknoloji implantasyonlar\u0131m\u0131z ile yar\u0131\u015fmada hep \u00f6nde kal! Sadece birazc\u0131k can\u0131n\u0131 ac\u0131t\u0131r!\" \/>\n<meta name=\"robots\" content=\"index, follow, max-snippet:-1, max-image-preview:large, max-video-preview:-1\" \/>\n<link rel=\"canonical\" href=\"https:\/\/dinostorm.com\/tr\/oyun\/dinozor-implantasyonlari\/\" \/>\n<meta property=\"og:locale\" content=\"tr_TR\" \/>\n<meta property=\"og:type\" content=\"article\" \/>\n<meta property=\"og:title\" content=\"Dinozor \u0130mplantasyonlar\u0131 - Dino Storm\" \/>\n<meta property=\"og:description\" content=\"Dinozorun i\u00e7in alabilece\u011fin y\u00fcksek performans, sanat eseri bioteknoloji implantasyonlar\u0131m\u0131z ile yar\u0131\u015fmada hep \u00f6nde kal! Sadece birazc\u0131k can\u0131n\u0131 ac\u0131t\u0131r!\" \/>\n<meta property=\"og:url\" content=\"https:\/\/dinostorm.com\/tr\/oyun\/dinozor-implantasyonlari\/\" \/>\n<meta property=\"og:site_name\" content=\"Dino Storm\" \/>\n<meta property=\"article:modified_time\" content=\"2021-07-09T12:52:12+00:00\" \/>\n<meta property=\"og:image\" content=\"https:\/\/dinostorm.com\/wp-content\/uploads\/2012\/09\/ds_jungle_01.jpg\" \/>\n\t<meta property=\"og:image:width\" content=\"1280\" \/>\n\t<meta property=\"og:image:height\" content=\"720\" \/>\n\t<meta property=\"og:image:type\" content=\"image\/jpeg\" \/>\n<meta name=\"twitter:label1\" content=\"Est. reading time\" \/>\n\t<meta name=\"twitter:data1\" content=\"2 minutes\" \/>\n<script type=\"application\/ld+json\" class=\"yoast-schema-graph\">{\"@context\":\"https:\\\/\\\/schema.org\",\"@graph\":[{\"@type\":\"WebPage\",\"@id\":\"https:\\\/\\\/dinostorm.com\\\/tr\\\/oyun\\\/dinozor-implantasyonlari\\\/\",\"url\":\"https:\\\/\\\/dinostorm.com\\\/tr\\\/oyun\\\/dinozor-implantasyonlari\\\/\",\"name\":\"Dinozor \u0130mplantasyonlar\u0131 - Dino Storm\",\"isPartOf\":{\"@id\":\"https:\\\/\\\/dinostorm.com\\\/tr\\\/#website\"},\"primaryImageOfPage\":{\"@id\":\"https:\\\/\\\/dinostorm.com\\\/tr\\\/oyun\\\/dinozor-implantasyonlari\\\/#primaryimage\"},\"image\":{\"@id\":\"https:\\\/\\\/dinostorm.com\\\/tr\\\/oyun\\\/dinozor-implantasyonlari\\\/#primaryimage\"},\"thumbnailUrl\":\"https:\\\/\\\/dinostorm.com\\\/wp-content\\\/uploads\\\/2012\\\/09\\\/ds_jungle_01.jpg\",\"datePublished\":\"2012-10-18T07:18:05+00:00\",\"dateModified\":\"2021-07-09T12:52:12+00:00\",\"description\":\"Dinozorun i\u00e7in alabilece\u011fin y\u00fcksek performans, sanat eseri bioteknoloji implantasyonlar\u0131m\u0131z ile yar\u0131\u015fmada hep \u00f6nde kal! Sadece birazc\u0131k can\u0131n\u0131 ac\u0131t\u0131r!\",\"breadcrumb\":{\"@id\":\"https:\\\/\\\/dinostorm.com\\\/tr\\\/oyun\\\/dinozor-implantasyonlari\\\/#breadcrumb\"},\"inLanguage\":\"tr\",\"potentialAction\":[{\"@type\":\"ReadAction\",\"target\":[\"https:\\\/\\\/dinostorm.com\\\/tr\\\/oyun\\\/dinozor-implantasyonlari\\\/\"]}]},{\"@type\":\"ImageObject\",\"inLanguage\":\"tr\",\"@id\":\"https:\\\/\\\/dinostorm.com\\\/tr\\\/oyun\\\/dinozor-implantasyonlari\\\/#primaryimage\",\"url\":\"https:\\\/\\\/dinostorm.com\\\/wp-content\\\/uploads\\\/2012\\\/09\\\/ds_jungle_01.jpg\",\"contentUrl\":\"https:\\\/\\\/dinostorm.com\\\/wp-content\\\/uploads\\\/2012\\\/09\\\/ds_jungle_01.jpg\",\"width\":1280,\"height\":720,\"caption\":\"Beware of dangerous bandits in Mokon Woods are everywhere.\"},{\"@type\":\"BreadcrumbList\",\"@id\":\"https:\\\/\\\/dinostorm.com\\\/tr\\\/oyun\\\/dinozor-implantasyonlari\\\/#breadcrumb\",\"itemListElement\":[{\"@type\":\"ListItem\",\"position\":1,\"name\":\"Home\",\"item\":\"https:\\\/\\\/dinostorm.com\\\/tr\\\/\"},{\"@type\":\"ListItem\",\"position\":2,\"name\":\"Oyun\",\"item\":\"https:\\\/\\\/dinostorm.com\\\/tr\\\/oyun\\\/\"},{\"@type\":\"ListItem\",\"position\":3,\"name\":\"Dinozor \u0130mplantasyonlar\u0131\"}]},{\"@type\":\"WebSite\",\"@id\":\"https:\\\/\\\/dinostorm.com\\\/tr\\\/#website\",\"url\":\"https:\\\/\\\/dinostorm.com\\\/tr\\\/\",\"name\":\"Dino Storm\",\"description\":\"\",\"potentialAction\":[{\"@type\":\"SearchAction\",\"target\":{\"@type\":\"EntryPoint\",\"urlTemplate\":\"https:\\\/\\\/dinostorm.com\\\/tr\\\/?s={search_term_string}\"},\"query-input\":{\"@type\":\"PropertyValueSpecification\",\"valueRequired\":true,\"valueName\":\"search_term_string\"}}],\"inLanguage\":\"tr\"}]}<\/script>\n<!-- \/ Yoast SEO plugin. -->","yoast_head_json":{"title":"Dinozor \u0130mplantasyonlar\u0131 - Dino Storm","description":"Dinozorun i\u00e7in alabilece\u011fin y\u00fcksek performans, sanat eseri bioteknoloji implantasyonlar\u0131m\u0131z ile yar\u0131\u015fmada hep \u00f6nde kal! Sadece birazc\u0131k can\u0131n\u0131 ac\u0131t\u0131r!","robots":{"index":"index","follow":"follow","max-snippet":"max-snippet:-1","max-image-preview":"max-image-preview:large","max-video-preview":"max-video-preview:-1"},"canonical":"https:\/\/dinostorm.com\/tr\/oyun\/dinozor-implantasyonlari\/","og_locale":"tr_TR","og_type":"article","og_title":"Dinozor \u0130mplantasyonlar\u0131 - Dino Storm","og_description":"Dinozorun i\u00e7in alabilece\u011fin y\u00fcksek performans, sanat eseri bioteknoloji implantasyonlar\u0131m\u0131z ile yar\u0131\u015fmada hep \u00f6nde kal! Sadece birazc\u0131k can\u0131n\u0131 ac\u0131t\u0131r!","og_url":"https:\/\/dinostorm.com\/tr\/oyun\/dinozor-implantasyonlari\/","og_site_name":"Dino Storm","article_modified_time":"2021-07-09T12:52:12+00:00","og_image":[{"width":1280,"height":720,"url":"https:\/\/dinostorm.com\/wp-content\/uploads\/2012\/09\/ds_jungle_01.jpg","type":"image\/jpeg"}],"twitter_misc":{"Est. reading time":"2 minutes"},"schema":{"@context":"https:\/\/schema.org","@graph":[{"@type":"WebPage","@id":"https:\/\/dinostorm.com\/tr\/oyun\/dinozor-implantasyonlari\/","url":"https:\/\/dinostorm.com\/tr\/oyun\/dinozor-implantasyonlari\/","name":"Dinozor \u0130mplantasyonlar\u0131 - Dino Storm","isPartOf":{"@id":"https:\/\/dinostorm.com\/tr\/#website"},"primaryImageOfPage":{"@id":"https:\/\/dinostorm.com\/tr\/oyun\/dinozor-implantasyonlari\/#primaryimage"},"image":{"@id":"https:\/\/dinostorm.com\/tr\/oyun\/dinozor-implantasyonlari\/#primaryimage"},"thumbnailUrl":"https:\/\/dinostorm.com\/wp-content\/uploads\/2012\/09\/ds_jungle_01.jpg","datePublished":"2012-10-18T07:18:05+00:00","dateModified":"2021-07-09T12:52:12+00:00","description":"Dinozorun i\u00e7in alabilece\u011fin y\u00fcksek performans, sanat eseri bioteknoloji implantasyonlar\u0131m\u0131z ile yar\u0131\u015fmada hep \u00f6nde kal! Sadece birazc\u0131k can\u0131n\u0131 ac\u0131t\u0131r!","breadcrumb":{"@id":"https:\/\/dinostorm.com\/tr\/oyun\/dinozor-implantasyonlari\/#breadcrumb"},"inLanguage":"tr","potentialAction":[{"@type":"ReadAction","target":["https:\/\/dinostorm.com\/tr\/oyun\/dinozor-implantasyonlari\/"]}]},{"@type":"ImageObject","inLanguage":"tr","@id":"https:\/\/dinostorm.com\/tr\/oyun\/dinozor-implantasyonlari\/#primaryimage","url":"https:\/\/dinostorm.com\/wp-content\/uploads\/2012\/09\/ds_jungle_01.jpg","contentUrl":"https:\/\/dinostorm.com\/wp-content\/uploads\/2012\/09\/ds_jungle_01.jpg","width":1280,"height":720,"caption":"Beware of dangerous bandits in Mokon Woods are everywhere."},{"@type":"BreadcrumbList","@id":"https:\/\/dinostorm.com\/tr\/oyun\/dinozor-implantasyonlari\/#breadcrumb","itemListElement":[{"@type":"ListItem","position":1,"name":"Home","item":"https:\/\/dinostorm.com\/tr\/"},{"@type":"ListItem","position":2,"name":"Oyun","item":"https:\/\/dinostorm.com\/tr\/oyun\/"},{"@type":"ListItem","position":3,"name":"Dinozor \u0130mplantasyonlar\u0131"}]},{"@type":"WebSite","@id":"https:\/\/dinostorm.com\/tr\/#website","url":"https:\/\/dinostorm.com\/tr\/","name":"Dino Storm","description":"","potentialAction":[{"@type":"SearchAction","target":{"@type":"EntryPoint","urlTemplate":"https:\/\/dinostorm.com\/tr\/?s={search_term_string}"},"query-input":{"@type":"PropertyValueSpecification","valueRequired":true,"valueName":"search_term_string"}}],"inLanguage":"tr"}]}},"_links":{"self":[{"href":"https:\/\/dinostorm.com\/tr\/wp-json\/wp\/v2\/pages\/3716","targetHints":{"allow":["GET"]}}],"collection":[{"href":"https:\/\/dinostorm.com\/tr\/wp-json\/wp\/v2\/pages"}],"about":[{"href":"https:\/\/dinostorm.com\/tr\/wp-json\/wp\/v2\/types\/page"}],"author":[{"embeddable":true,"href":"https:\/\/dinostorm.com\/tr\/wp-json\/wp\/v2\/users\/26"}],"replies":[{"embeddable":true,"href":"https:\/\/dinostorm.com\/tr\/wp-json\/wp\/v2\/comments?post=3716"}],"version-history":[{"count":3,"href":"https:\/\/dinostorm.com\/tr\/wp-json\/wp\/v2\/pages\/3716\/revisions"}],"predecessor-version":[{"id":238467,"href":"https:\/\/dinostorm.com\/tr\/wp-json\/wp\/v2\/pages\/3716\/revisions\/238467"}],"up":[{"embeddable":true,"href":"https:\/\/dinostorm.com\/tr\/wp-json\/wp\/v2\/pages\/3706"}],"wp:featuredmedia":[{"embeddable":true,"href":"https:\/\/dinostorm.com\/tr\/wp-json\/wp\/v2\/media\/15052"}],"wp:attachment":[{"href":"https:\/\/dinostorm.com\/tr\/wp-json\/wp\/v2\/media?parent=3716"}],"curies":[{"name":"wp","href":"https:\/\/api.w.org\/{rel}","templated":true}]}}