{"id":3706,"date":"2012-10-18T09:05:45","date_gmt":"2012-10-18T07:05:45","guid":{"rendered":"http:\/\/dinostorm.com\/?page_id=3706"},"modified":"2018-02-01T15:07:14","modified_gmt":"2018-02-01T13:07:14","slug":"oyun","status":"publish","type":"page","link":"https:\/\/dinostorm.com\/tr\/oyun\/","title":{"rendered":"Oyun"},"content":{"rendered":"<div class=\"teaser\"><\/div>\n<h1 class=\"headline_page width_350\"><span>Dino Storm Tan\u0131t\u0131m\u0131<\/span><\/h1>\n<p class=\"back-button back-pos350\"><a class=\"back-block\" href=\"http:\/\/dinostorm.com\/tr\/\">Geri<\/a><\/p>\n<div class=\"one_half\">\n<p><img class=\"colorbox-3706\"  decoding=\"async\" src=\"\/wp-content\/themes\/arras\/images\/dinostorm\/Dino-Storm-Comic-1.png\" alt=\"The 3D multiplayer game DINO STORM\"><\/p>\n<h2>Dinozorlu, Kovboylu, Lazer Silahl\u0131 ve \u00e7ok oyunculu 3D oyun<\/h2>\n<p>Dino Storm \u00fccretsiz oynanan \u00e7ok oyunculu 3D bir oyundur. Tamamen dinozorlar, kovboylar ve lazer silahlar\u0131 \u00fczerinedir. Dinozor s\u00f6zl\u00fc\u011f\u00fcm\u00fcze ve lazer silah\u0131 teknolojisi mod\u00fcllerimize bir g\u00f6z at, veya harika t\u00fcyolar i\u00e7in SSS sayfam\u0131z\u0131 ziyaret et. Dino Storm hakk\u0131ndaki t\u00fcm ilgin\u00e7 bilgileri a\u015fa\u011f\u0131da bulabilirsin. \u0130yi e\u011flenceler.\n<\/p><\/div>\n<div class=\"one_half_last\">\n<p class=\"padding_left30\">\n<object width=\"400\" height=\"255\"><param name=\"movie\" value=\"http:\/\/www.youtube.com\/v\/li7edRhcBWQ&#038;hl=en&#038;fs=1&#038;showinfo=0\"><\/param><param name=\"allowFullScreen\" value=\"true\"><\/param><param name=\"allowscriptaccess\" value=\"always\"><\/param><embed src=\"http:\/\/www.youtube.com\/v\/li7edRhcBWQ&#038;hl=en&#038;fs=1&#038;showinfo=0\" type=\"application\/x-shockwave-flash\" allowscriptaccess=\"always\" allowfullscreen=\"true\" width=\"400\" height=\"255\"><\/embed><\/object>\n<\/p>\n<\/div>\n<div class=\"full\">\n<img decoding=\"async\" class=\"hr3 margin35 colorbox-3706\" src=\"\/wp-content\/themes\/arras\/images\/dinostorm\/seperator_small.png\" alt=\"separator dino storm\"><br \/>\n<a name=\"overview\"><\/a>\n<\/div>\n<div class=\"games_auswahl\">\n<a class=\"button1\" href=\"http:\/\/dinostorm.com\/tr\/oyun\/oyun-rehberi\/\"><span>Oyun Rehberi<\/span><\/a> <a class=\"button4\" href=\"http:\/\/dinostorm.com\/tr\/oyun\/dinozor-sozlugu\/\"><span>Dinozor S\u00f6zl\u00fc\u011f\u00fc<\/span><\/a><<a class=\"button3\" href=\"http:\/\/dinostorm.com\/tr\/oyun\/dinozor-implantasyonlari\/\"><span>Dinozor \u0130mplantasyonlar<\/span><\/a><a class=\"button2\" href=\"http:\/\/dinostorm.com\/tr\/oyun\/dino-storm-sss\/\"><span>SSS<\/span><\/a><a class=\"button5\" href=\"http:\/\/dinostorm.com\/tr\/oyun\/silah-sozlugu\/\"><span>Silah S\u00f6zl\u00fc\u011f\u00fc<\/span><\/a><a class=\"button6\" href=\"http:\/\/dinostorm.com\/tr\/oyun\/silah-teknolojisi-modulleri\/\"><span>Silah Teknolojisi Mod\u00fclleri<\/span><\/a>\/span><\/a>\/span><\/a>\/span><\/a>\/span><\/a>\/span><\/a>\/span><\/a>\/span><\/a>\/span><\/a>\/span><\/a>\n<\/div>\n<div class=full>\n<img decoding=\"async\" class=\"hr3 margin35 colorbox-3706\" src=\"\/wp-content\/themes\/arras\/images\/dinostorm\/seperator_big.png\" alt=\"separator dino storm\" \/>\n<\/div>\n","protected":false},"excerpt":{"rendered":"<p>Dino Storm Tan\u0131t\u0131m\u0131 Geri Dinozorlu, Kovboylu, Lazer Silahl\u0131 ve \u00e7ok oyunculu 3D oyun Dino Storm \u00fccretsiz oynanan \u00e7ok oyunculu 3D bir oyundur. Tamamen dinozorlar, kovboylar ve lazer silahlar\u0131 \u00fczerinedir. Dinozor s\u00f6zl\u00fc\u011f\u00fcm\u00fcze ve lazer silah\u0131 teknolojisi [&hellip;]<\/p>\n","protected":false},"author":26,"featured_media":-1,"parent":0,"menu_order":0,"comment_status":"closed","ping_status":"closed","template":"pagetpl-onecolumn.php","meta":{"footnotes":"","_links_to":"","_links_to_target":""},"class_list":["post-3706","page","type-page","status-publish","has-post-thumbnail","hentry"],"yoast_head":"<!-- This site is optimized with the Yoast SEO plugin v27.4 - https:\/\/yoast.com\/product\/yoast-seo-wordpress\/ -->\n<title>Dino Storm - \u00dccretsiz \u00c7evrimi\u00e7i Oyunumuza Genel Bir Bak\u0131\u015f<\/title>\n<meta name=\"description\" content=\"Her \u015fey dinozorlar, kovboylar ve lazer silahlar\u0131 \u00fczerine kurulu. Dinozor s\u00f6zl\u00fc\u011f\u00fcm\u00fcze ve lazer silah\u0131 teknolojisi mod\u00fcllerimize bir g\u00f6z at, veya harika t\u00fcyolar i\u00e7in SSS sayfam\u0131z\u0131 ziyaret et.\" \/>\n<meta name=\"robots\" content=\"index, follow, max-snippet:-1, max-image-preview:large, max-video-preview:-1\" \/>\n<link rel=\"canonical\" href=\"https:\/\/dinostorm.com\/tr\/oyun\/\" \/>\n<meta property=\"og:locale\" content=\"tr_TR\" \/>\n<meta property=\"og:type\" content=\"article\" \/>\n<meta property=\"og:title\" content=\"Dino Storm - \u00dccretsiz \u00c7evrimi\u00e7i Oyunumuza Genel Bir Bak\u0131\u015f\" \/>\n<meta property=\"og:description\" content=\"Her \u015fey dinozorlar, kovboylar ve lazer silahlar\u0131 \u00fczerine kurulu. Dinozor s\u00f6zl\u00fc\u011f\u00fcm\u00fcze ve lazer silah\u0131 teknolojisi mod\u00fcllerimize bir g\u00f6z at, veya harika t\u00fcyolar i\u00e7in SSS sayfam\u0131z\u0131 ziyaret et.\" \/>\n<meta property=\"og:url\" content=\"https:\/\/dinostorm.com\/tr\/oyun\/\" \/>\n<meta property=\"og:site_name\" content=\"Dino Storm\" \/>\n<meta property=\"article:modified_time\" content=\"2018-02-01T13:07:14+00:00\" \/>\n<script type=\"application\/ld+json\" class=\"yoast-schema-graph\">{\"@context\":\"https:\\\/\\\/schema.org\",\"@graph\":[{\"@type\":\"WebPage\",\"@id\":\"https:\\\/\\\/dinostorm.com\\\/tr\\\/oyun\\\/\",\"url\":\"https:\\\/\\\/dinostorm.com\\\/tr\\\/oyun\\\/\",\"name\":\"Dino Storm - \u00dccretsiz \u00c7evrimi\u00e7i Oyunumuza Genel Bir Bak\u0131\u015f\",\"isPartOf\":{\"@id\":\"https:\\\/\\\/dinostorm.com\\\/tr\\\/#website\"},\"datePublished\":\"2012-10-18T07:05:45+00:00\",\"dateModified\":\"2018-02-01T13:07:14+00:00\",\"description\":\"Her \u015fey dinozorlar, kovboylar ve lazer silahlar\u0131 \u00fczerine kurulu. Dinozor s\u00f6zl\u00fc\u011f\u00fcm\u00fcze ve lazer silah\u0131 teknolojisi mod\u00fcllerimize bir g\u00f6z at, veya harika t\u00fcyolar i\u00e7in SSS sayfam\u0131z\u0131 ziyaret et.\",\"breadcrumb\":{\"@id\":\"https:\\\/\\\/dinostorm.com\\\/tr\\\/oyun\\\/#breadcrumb\"},\"inLanguage\":\"tr\",\"potentialAction\":[{\"@type\":\"ReadAction\",\"target\":[\"https:\\\/\\\/dinostorm.com\\\/tr\\\/oyun\\\/\"]}]},{\"@type\":\"BreadcrumbList\",\"@id\":\"https:\\\/\\\/dinostorm.com\\\/tr\\\/oyun\\\/#breadcrumb\",\"itemListElement\":[{\"@type\":\"ListItem\",\"position\":1,\"name\":\"Home\",\"item\":\"https:\\\/\\\/dinostorm.com\\\/tr\\\/\"},{\"@type\":\"ListItem\",\"position\":2,\"name\":\"Oyun\"}]},{\"@type\":\"WebSite\",\"@id\":\"https:\\\/\\\/dinostorm.com\\\/tr\\\/#website\",\"url\":\"https:\\\/\\\/dinostorm.com\\\/tr\\\/\",\"name\":\"Dino Storm\",\"description\":\"\",\"potentialAction\":[{\"@type\":\"SearchAction\",\"target\":{\"@type\":\"EntryPoint\",\"urlTemplate\":\"https:\\\/\\\/dinostorm.com\\\/tr\\\/?s={search_term_string}\"},\"query-input\":{\"@type\":\"PropertyValueSpecification\",\"valueRequired\":true,\"valueName\":\"search_term_string\"}}],\"inLanguage\":\"tr\"}]}<\/script>\n<!-- \/ Yoast SEO plugin. -->","yoast_head_json":{"title":"Dino Storm - \u00dccretsiz \u00c7evrimi\u00e7i Oyunumuza Genel Bir Bak\u0131\u015f","description":"Her \u015fey dinozorlar, kovboylar ve lazer silahlar\u0131 \u00fczerine kurulu. Dinozor s\u00f6zl\u00fc\u011f\u00fcm\u00fcze ve lazer silah\u0131 teknolojisi mod\u00fcllerimize bir g\u00f6z at, veya harika t\u00fcyolar i\u00e7in SSS sayfam\u0131z\u0131 ziyaret et.","robots":{"index":"index","follow":"follow","max-snippet":"max-snippet:-1","max-image-preview":"max-image-preview:large","max-video-preview":"max-video-preview:-1"},"canonical":"https:\/\/dinostorm.com\/tr\/oyun\/","og_locale":"tr_TR","og_type":"article","og_title":"Dino Storm - \u00dccretsiz \u00c7evrimi\u00e7i Oyunumuza Genel Bir Bak\u0131\u015f","og_description":"Her \u015fey dinozorlar, kovboylar ve lazer silahlar\u0131 \u00fczerine kurulu. Dinozor s\u00f6zl\u00fc\u011f\u00fcm\u00fcze ve lazer silah\u0131 teknolojisi mod\u00fcllerimize bir g\u00f6z at, veya harika t\u00fcyolar i\u00e7in SSS sayfam\u0131z\u0131 ziyaret et.","og_url":"https:\/\/dinostorm.com\/tr\/oyun\/","og_site_name":"Dino Storm","article_modified_time":"2018-02-01T13:07:14+00:00","schema":{"@context":"https:\/\/schema.org","@graph":[{"@type":"WebPage","@id":"https:\/\/dinostorm.com\/tr\/oyun\/","url":"https:\/\/dinostorm.com\/tr\/oyun\/","name":"Dino Storm - \u00dccretsiz \u00c7evrimi\u00e7i Oyunumuza Genel Bir Bak\u0131\u015f","isPartOf":{"@id":"https:\/\/dinostorm.com\/tr\/#website"},"datePublished":"2012-10-18T07:05:45+00:00","dateModified":"2018-02-01T13:07:14+00:00","description":"Her \u015fey dinozorlar, kovboylar ve lazer silahlar\u0131 \u00fczerine kurulu. Dinozor s\u00f6zl\u00fc\u011f\u00fcm\u00fcze ve lazer silah\u0131 teknolojisi mod\u00fcllerimize bir g\u00f6z at, veya harika t\u00fcyolar i\u00e7in SSS sayfam\u0131z\u0131 ziyaret et.","breadcrumb":{"@id":"https:\/\/dinostorm.com\/tr\/oyun\/#breadcrumb"},"inLanguage":"tr","potentialAction":[{"@type":"ReadAction","target":["https:\/\/dinostorm.com\/tr\/oyun\/"]}]},{"@type":"BreadcrumbList","@id":"https:\/\/dinostorm.com\/tr\/oyun\/#breadcrumb","itemListElement":[{"@type":"ListItem","position":1,"name":"Home","item":"https:\/\/dinostorm.com\/tr\/"},{"@type":"ListItem","position":2,"name":"Oyun"}]},{"@type":"WebSite","@id":"https:\/\/dinostorm.com\/tr\/#website","url":"https:\/\/dinostorm.com\/tr\/","name":"Dino Storm","description":"","potentialAction":[{"@type":"SearchAction","target":{"@type":"EntryPoint","urlTemplate":"https:\/\/dinostorm.com\/tr\/?s={search_term_string}"},"query-input":{"@type":"PropertyValueSpecification","valueRequired":true,"valueName":"search_term_string"}}],"inLanguage":"tr"}]}},"_links":{"self":[{"href":"https:\/\/dinostorm.com\/tr\/wp-json\/wp\/v2\/pages\/3706","targetHints":{"allow":["GET"]}}],"collection":[{"href":"https:\/\/dinostorm.com\/tr\/wp-json\/wp\/v2\/pages"}],"about":[{"href":"https:\/\/dinostorm.com\/tr\/wp-json\/wp\/v2\/types\/page"}],"author":[{"embeddable":true,"href":"https:\/\/dinostorm.com\/tr\/wp-json\/wp\/v2\/users\/26"}],"replies":[{"embeddable":true,"href":"https:\/\/dinostorm.com\/tr\/wp-json\/wp\/v2\/comments?post=3706"}],"version-history":[{"count":0,"href":"https:\/\/dinostorm.com\/tr\/wp-json\/wp\/v2\/pages\/3706\/revisions"}],"wp:featuredmedia":[{"embeddable":true,"href":"https:\/\/dinostorm.com\/tr\/wp-json\/"}],"wp:attachment":[{"href":"https:\/\/dinostorm.com\/tr\/wp-json\/wp\/v2\/media?parent=3706"}],"curies":[{"name":"wp","href":"https:\/\/api.w.org\/{rel}","templated":true}]}}