{"id":237937,"date":"2021-07-08T12:05:32","date_gmt":"2021-07-08T10:05:32","guid":{"rendered":"https:\/\/dinostorm.com\/?page_id=237937"},"modified":"2021-07-08T18:06:51","modified_gmt":"2021-07-08T16:06:51","slug":"ankylosaurus","status":"publish","type":"page","link":"https:\/\/dinostorm.com\/tr\/oyun\/dinozor-sozlugu\/ankylosaurus\/","title":{"rendered":"Ankylosaurus"},"content":{"rendered":"<div class=\"teaser\"><\/div>\n<h1 class=\"headline_page width_500\"><span>Dinozor \u2014 Ankilozor<\/span><\/h1>\n<p class=\"back-button back-pos500\"><a class=\"back-block\" href=\"\/tr\/oyun\/dinozor-sozlugu\/\">Geri<\/a><\/p>\n<div class=\"two_thirds\">\n<h2 class=\"headline-lex\"><span>Dino Storm \u2014 Ankilozor<\/span><\/h2>\n<div class=\"banner_lex\">\n<p class=\"banner_text_lex text_lex\"><strong>Ankilozor<\/strong> tank g&#x00f6;revi g&#x00f6;ren olduk&#x00e7;a sa&#x011f;lam bir dinozordur. &#x00c7;ok y&#x00fc;ksek sa&#x011f;l&#x0131;k puan&#x0131;na sahiptir ve yak&#x0131;n d&#x00f6;v&#x00fc;&#x015f;te yerleri sarsan bir g&#x00fc;c&#x00fc; vard&#x0131;r. Ancak di&#x011f;er dinozorlara g&#x00f6;re olduk&#x00e7;a yava&#x015f;t&#x0131;r.<\/p>\n<div style=\"margin-right: 29px; float: left; width: 10px; text-align: left; position: relative; top: 40px; left: 30px\">\n<strong class=\"text_lex\" style=\"position: relative; top: 12px\">Canl&#x0131;l&#x0131;k:<\/strong><br \/>\n<strong class=\"text_lex\" style=\"position: relative; top: 30px\">G&#x00fc;&#x00e7;:<\/strong><br \/>\n<strong class=\"text_lex\" style=\"position: relative; top: 50px\">Dayan&#x0131;kl&#x0131;l&#x0131;k:<\/strong>\n<\/div>\n<div style=\"margin-right: 20px; float: left; width: 118px; text-align: left; position: relative; top: 70px; left: 10px\">\n<p><img decoding=\"async\" class=\"skill_image_lex colorbox-237937\" title=\"Temel Canl&#x0131;l&#x0131;k: 5\" src=\"\/wp-content\/themes\/arras\/images\/dinostorm\/Dinos\/bar_health_5.png\" alt=\"Ankilozor Temel Canl&#x0131;l&#x0131;k: 5.\" \/><br \/>\n<img decoding=\"async\" class=\"skill_image_lex colorbox-237937\" title=\"Temel Kuvvet: 2\" src=\"\/wp-content\/themes\/arras\/images\/dinostorm\/Dinos\/bar_strength_2.png\" alt=\"Ankilozor Temel Kuvvet: 2.\" \/><br \/>\n<img decoding=\"async\" class=\"skill_image_lex colorbox-237937\" title=\"Temel Dayan&#x0131;kl&#x0131;l&#x0131;k: 1\" src=\"\/wp-content\/themes\/arras\/images\/dinostorm\/Dinos\/bar_endurance_1.png\" alt=\"Ankilozor Temel Dayan&#x0131;kl&#x0131;l&#x0131;k: 1.\" \/>\n<\/div>\n<div class=\"icc_scale\">\n<img class=\"colorbox-237937\"  decoding=\"async\" src=\"\/wp-content\/themes\/arras\/images\/dinostorm\/Dinos\/icc_scale_pnn.png\" alt=\"\" title=\"\"\/><br \/>\n<a href=\"\/tr\/oyun\/dinozor-sozlugu\/brakiozorus\/\"><img decoding=\"async\" class=\"icc_dino colorbox-237937\" src=\"\/wp-content\/themes\/arras\/images\/dinostorm\/Dinos\/brachiosaurus_icon.png\" alt=\"\" title=\"\"\/><\/a><\/p>\n<div class=\"icc_text\">Tank alternatifi:<br \/>\n<strong>Brakiozorus<\/strong>\n<\/div>\n<\/div>\n<\/div>\n<div class=\"one_third\">\n<img decoding=\"async\" class=\"dino_lex_2 colorbox-237937\" src=\"\/wp-content\/themes\/arras\/images\/dinostorm\/Dinos\/Ankylosaurus.png\" alt=\"Ankilozor in Dino Storm\" \/>\n<\/div>\n<\/div>\n<div class=\"clear\"><\/div>\n<div class=\"one_third\">\n<h3 class=\"headlinelex2_1\">Ankilozor \u2014 Dinozor Becerileri<\/h3>\n<div class=\"banner_lex2\">\n<span class=\"icon_skill_top float-left\"><br \/>\n<img class=\"colorbox-237937\"  decoding=\"async\" src=\"\/wp-content\/themes\/arras\/images\/dinostorm\/Dinos\/ankylosaurus_skill_01.png\" \nonmouseover=\"for (let el of document.querySelectorAll('.anky_idle')) el.style.visibility = 'hidden'; for (let el of document.querySelectorAll('.anky_skill1')) el.style.visibility = 'visible';\"\nonmouseout=\"for (let el of document.querySelectorAll('.anky_idle')) el.style.visibility = 'visible'; for (let el of document.querySelectorAll('.anky_skill1')) el.style.visibility = 'hidden';\"\"\nalt=\"Ankilozor &#x00d6;zel Yetenek \u2014 Kuyruk Darbesi\" title=\"&#x00d6;zel Yetenek: Kuyruk Darbesi\"\/><\/span><\/p>\n<div class=\"skill-wrapper\"><span class=\"icon_skill_title\">Kuyruk Darbesi<\/span><\/p>\n<p class=\"icon_skill_text\">\n<\/div>\n<p><span class=\"clear\"><!-- --><\/span><span class=\"icon_skill_top float-left\"><br \/>\n<img class=\"colorbox-237937\"  decoding=\"async\" src=\"\/wp-content\/themes\/arras\/images\/dinostorm\/Dinos\/ankylosaurus_skill_02.png\" \nonmouseover=\"for (let el of document.querySelectorAll('.anky_idle')) el.style.visibility = 'hidden'; for (let el of document.querySelectorAll('.anky_skill2')) el.style.visibility = 'visible';\"\nonmouseout=\"for (let el of document.querySelectorAll('.anky_idle')) el.style.visibility = 'visible'; for (let el of document.querySelectorAll('.anky_skill2')) el.style.visibility = 'hidden';\"\"\nalt=\"Ankilozor &#x00d6;zel Yetenek \u2014 Yer Vuru&#x015f;u\" title=\"&#x00d6;zel Yetenek: Yer Vuru&#x015f;u\"\/><\/span><\/p>\n<div class=\"skill-wrapper-bottom\"><span class=\"icon_skill_title\">Yer Vuru&#x015f;u<\/span><\/p>\n<p class=\"icon_skill_text\">\n<\/div>\n<p><span class=\"clear\"><!-- --><\/span><\/p>\n<\/div>\n<\/div>\n<div class=\"one_third\">\n<h3 class=\"headlinelex2_2\">Ankilozor \u2014 Dinozor Ger&#x00e7;ekleri<\/h3>\n<div class=\"fact_lex\">\n<p>Ankylosaurus, yakla&#x015f;&#x0131;k 65 milyon y&#x0131;l &#x00f6;nce Kretase D&#x00f6;nemi&#8217;nin sonunda ve tyrannosaurus ile yakla&#x015f;&#x0131;k ayn&#x0131; zamanda ya&#x015f;am&#x0131;&#x015f; bir dinozordu.<\/p>\n<p>Bir ankylosaurus 25-35 fit uzunlu&#x011f;unda ve 13.000 pound civar&#x0131;ndayd&#x0131;, bu da onu bir okul otob&#x00fc;s&#x00fc;nden daha k&#x0131;sa ve b&#x00fc;y&#x00fc;k bir Afrika filiyle ayn&#x0131; a&#x011f;&#x0131;rl&#x0131;kta yap&#x0131;yordu. Ankylosaurus, uzunlu&#x011f;una k&#x0131;yasla &#x00e7;ok d&#x00fc;&#x015f;&#x00fc;k (kal&#x00e7;alarda sadece 5,5 fit) durdu&#x011f;u i&#x00e7;in d&#x00fc;&#x015f;&#x00fc;k bitkileri yerdi.<\/p>\n<\/div>\n<\/div>\n<div class=\"anky_animations\">\n<img decoding=\"async\" class=\"anky_idle colorbox-237937\" src=\"\/wp-content\/themes\/arras\/images\/dinostorm\/Dinos\/ankylosaurus_idle.gif\"\/><br \/>\n<img decoding=\"async\" class=\"anky_skill1 colorbox-237937\" style=\"bottom: 61px\" src=\"\/wp-content\/themes\/arras\/images\/dinostorm\/Dinos\/ankylosaurus_skill_01.gif\"\/><br \/>\n<img decoding=\"async\" class=\"anky_skill2 colorbox-237937\" style=\"bottom: 338px\" src=\"\/wp-content\/themes\/arras\/images\/dinostorm\/Dinos\/ankylosaurus_skill_02.gif\"\/>\n<\/div>\n","protected":false},"excerpt":{"rendered":"<p>Dinozor \u2014 Ankilozor Geri Dino Storm \u2014 Ankilozor Ankilozor tank g&#x00f6;revi g&#x00f6;ren olduk&#x00e7;a sa&#x011f;lam bir dinozordur. &#x00c7;ok y&#x00fc;ksek sa&#x011f;l&#x0131;k puan&#x0131;na sahiptir ve yak&#x0131;n d&#x00f6;v&#x00fc;&#x015f;te yerleri sarsan bir g&#x00fc;c&#x00fc; vard&#x0131;r. Ancak di&#x011f;er dinozorlara g&#x00f6;re olduk&#x00e7;a yava&#x015f;t&#x0131;r. [&hellip;]<\/p>\n","protected":false},"author":10,"featured_media":15052,"parent":1736,"menu_order":0,"comment_status":"closed","ping_status":"closed","template":"pagetpl-onecolumn.php","meta":{"footnotes":"","_links_to":"","_links_to_target":""},"class_list":["post-237937","page","type-page","status-publish","has-post-thumbnail","hentry"],"yoast_head":"<!-- This site is optimized with the Yoast SEO plugin v27.4 - https:\/\/yoast.com\/product\/yoast-seo-wordpress\/ -->\n<title>Ankylosaurus - Dino Storm<\/title>\n<meta name=\"robots\" content=\"index, follow, max-snippet:-1, max-image-preview:large, max-video-preview:-1\" \/>\n<link rel=\"canonical\" href=\"https:\/\/dinostorm.com\/tr\/oyun\/dinozor-sozlugu\/ankylosaurus\/\" \/>\n<meta property=\"og:locale\" content=\"tr_TR\" \/>\n<meta property=\"og:type\" content=\"article\" \/>\n<meta property=\"og:title\" content=\"Ankylosaurus - Dino Storm\" \/>\n<meta property=\"og:description\" content=\"Dinozor \u2014 Ankilozor Geri Dino Storm \u2014 Ankilozor Ankilozor tank g&#xf6;revi g&#xf6;ren olduk&#xe7;a sa&#x11f;lam bir dinozordur. &#xc7;ok y&#xfc;ksek sa&#x11f;l&#x131;k puan&#x131;na sahiptir ve yak&#x131;n d&#xf6;v&#xfc;&#x15f;te yerleri sarsan bir g&#xfc;c&#xfc; vard&#x131;r. Ancak di&#x11f;er dinozorlara g&#xf6;re olduk&#xe7;a yava&#x15f;t&#x131;r. [&hellip;]\" \/>\n<meta property=\"og:url\" content=\"https:\/\/dinostorm.com\/tr\/oyun\/dinozor-sozlugu\/ankylosaurus\/\" \/>\n<meta property=\"og:site_name\" content=\"Dino Storm\" \/>\n<meta property=\"article:modified_time\" content=\"2021-07-08T16:06:51+00:00\" \/>\n<meta property=\"og:image\" content=\"https:\/\/dinostorm.com\/wp-content\/uploads\/2012\/09\/ds_jungle_01.jpg\" \/>\n\t<meta property=\"og:image:width\" content=\"1280\" \/>\n\t<meta property=\"og:image:height\" content=\"720\" \/>\n\t<meta property=\"og:image:type\" content=\"image\/jpeg\" \/>\n<meta name=\"twitter:label1\" content=\"Est. reading time\" \/>\n\t<meta name=\"twitter:data1\" content=\"1 minute\" \/>\n<script type=\"application\/ld+json\" class=\"yoast-schema-graph\">{\"@context\":\"https:\\\/\\\/schema.org\",\"@graph\":[{\"@type\":\"WebPage\",\"@id\":\"https:\\\/\\\/dinostorm.com\\\/tr\\\/oyun\\\/dinozor-sozlugu\\\/ankylosaurus\\\/\",\"url\":\"https:\\\/\\\/dinostorm.com\\\/tr\\\/oyun\\\/dinozor-sozlugu\\\/ankylosaurus\\\/\",\"name\":\"Ankylosaurus - Dino Storm\",\"isPartOf\":{\"@id\":\"https:\\\/\\\/dinostorm.com\\\/tr\\\/#website\"},\"primaryImageOfPage\":{\"@id\":\"https:\\\/\\\/dinostorm.com\\\/tr\\\/oyun\\\/dinozor-sozlugu\\\/ankylosaurus\\\/#primaryimage\"},\"image\":{\"@id\":\"https:\\\/\\\/dinostorm.com\\\/tr\\\/oyun\\\/dinozor-sozlugu\\\/ankylosaurus\\\/#primaryimage\"},\"thumbnailUrl\":\"https:\\\/\\\/dinostorm.com\\\/wp-content\\\/uploads\\\/2012\\\/09\\\/ds_jungle_01.jpg\",\"datePublished\":\"2021-07-08T10:05:32+00:00\",\"dateModified\":\"2021-07-08T16:06:51+00:00\",\"breadcrumb\":{\"@id\":\"https:\\\/\\\/dinostorm.com\\\/tr\\\/oyun\\\/dinozor-sozlugu\\\/ankylosaurus\\\/#breadcrumb\"},\"inLanguage\":\"tr\",\"potentialAction\":[{\"@type\":\"ReadAction\",\"target\":[\"https:\\\/\\\/dinostorm.com\\\/tr\\\/oyun\\\/dinozor-sozlugu\\\/ankylosaurus\\\/\"]}]},{\"@type\":\"ImageObject\",\"inLanguage\":\"tr\",\"@id\":\"https:\\\/\\\/dinostorm.com\\\/tr\\\/oyun\\\/dinozor-sozlugu\\\/ankylosaurus\\\/#primaryimage\",\"url\":\"https:\\\/\\\/dinostorm.com\\\/wp-content\\\/uploads\\\/2012\\\/09\\\/ds_jungle_01.jpg\",\"contentUrl\":\"https:\\\/\\\/dinostorm.com\\\/wp-content\\\/uploads\\\/2012\\\/09\\\/ds_jungle_01.jpg\",\"width\":1280,\"height\":720,\"caption\":\"Beware of dangerous bandits in Mokon Woods are everywhere.\"},{\"@type\":\"BreadcrumbList\",\"@id\":\"https:\\\/\\\/dinostorm.com\\\/tr\\\/oyun\\\/dinozor-sozlugu\\\/ankylosaurus\\\/#breadcrumb\",\"itemListElement\":[{\"@type\":\"ListItem\",\"position\":1,\"name\":\"Home\",\"item\":\"https:\\\/\\\/dinostorm.com\\\/tr\\\/\"},{\"@type\":\"ListItem\",\"position\":2,\"name\":\"Oyun\",\"item\":\"https:\\\/\\\/dinostorm.com\\\/tr\\\/oyun\\\/\"},{\"@type\":\"ListItem\",\"position\":3,\"name\":\"Dinozor S\u00f6zl\u00fcg\u00fc\",\"item\":\"https:\\\/\\\/dinostorm.com\\\/tr\\\/oyun\\\/dinozor-sozlugu\\\/\"},{\"@type\":\"ListItem\",\"position\":4,\"name\":\"Ankylosaurus\"}]},{\"@type\":\"WebSite\",\"@id\":\"https:\\\/\\\/dinostorm.com\\\/tr\\\/#website\",\"url\":\"https:\\\/\\\/dinostorm.com\\\/tr\\\/\",\"name\":\"Dino Storm\",\"description\":\"\",\"potentialAction\":[{\"@type\":\"SearchAction\",\"target\":{\"@type\":\"EntryPoint\",\"urlTemplate\":\"https:\\\/\\\/dinostorm.com\\\/tr\\\/?s={search_term_string}\"},\"query-input\":{\"@type\":\"PropertyValueSpecification\",\"valueRequired\":true,\"valueName\":\"search_term_string\"}}],\"inLanguage\":\"tr\"}]}<\/script>\n<!-- \/ Yoast SEO plugin. -->","yoast_head_json":{"title":"Ankylosaurus - Dino Storm","robots":{"index":"index","follow":"follow","max-snippet":"max-snippet:-1","max-image-preview":"max-image-preview:large","max-video-preview":"max-video-preview:-1"},"canonical":"https:\/\/dinostorm.com\/tr\/oyun\/dinozor-sozlugu\/ankylosaurus\/","og_locale":"tr_TR","og_type":"article","og_title":"Ankylosaurus - Dino Storm","og_description":"Dinozor \u2014 Ankilozor Geri Dino Storm \u2014 Ankilozor Ankilozor tank g&#x00f6;revi g&#x00f6;ren olduk&#x00e7;a sa&#x011f;lam bir dinozordur. &#x00c7;ok y&#x00fc;ksek sa&#x011f;l&#x0131;k puan&#x0131;na sahiptir ve yak&#x0131;n d&#x00f6;v&#x00fc;&#x015f;te yerleri sarsan bir g&#x00fc;c&#x00fc; vard&#x0131;r. Ancak di&#x011f;er dinozorlara g&#x00f6;re olduk&#x00e7;a yava&#x015f;t&#x0131;r. [&hellip;]","og_url":"https:\/\/dinostorm.com\/tr\/oyun\/dinozor-sozlugu\/ankylosaurus\/","og_site_name":"Dino Storm","article_modified_time":"2021-07-08T16:06:51+00:00","og_image":[{"width":1280,"height":720,"url":"https:\/\/dinostorm.com\/wp-content\/uploads\/2012\/09\/ds_jungle_01.jpg","type":"image\/jpeg"}],"twitter_misc":{"Est. reading time":"1 minute"},"schema":{"@context":"https:\/\/schema.org","@graph":[{"@type":"WebPage","@id":"https:\/\/dinostorm.com\/tr\/oyun\/dinozor-sozlugu\/ankylosaurus\/","url":"https:\/\/dinostorm.com\/tr\/oyun\/dinozor-sozlugu\/ankylosaurus\/","name":"Ankylosaurus - Dino Storm","isPartOf":{"@id":"https:\/\/dinostorm.com\/tr\/#website"},"primaryImageOfPage":{"@id":"https:\/\/dinostorm.com\/tr\/oyun\/dinozor-sozlugu\/ankylosaurus\/#primaryimage"},"image":{"@id":"https:\/\/dinostorm.com\/tr\/oyun\/dinozor-sozlugu\/ankylosaurus\/#primaryimage"},"thumbnailUrl":"https:\/\/dinostorm.com\/wp-content\/uploads\/2012\/09\/ds_jungle_01.jpg","datePublished":"2021-07-08T10:05:32+00:00","dateModified":"2021-07-08T16:06:51+00:00","breadcrumb":{"@id":"https:\/\/dinostorm.com\/tr\/oyun\/dinozor-sozlugu\/ankylosaurus\/#breadcrumb"},"inLanguage":"tr","potentialAction":[{"@type":"ReadAction","target":["https:\/\/dinostorm.com\/tr\/oyun\/dinozor-sozlugu\/ankylosaurus\/"]}]},{"@type":"ImageObject","inLanguage":"tr","@id":"https:\/\/dinostorm.com\/tr\/oyun\/dinozor-sozlugu\/ankylosaurus\/#primaryimage","url":"https:\/\/dinostorm.com\/wp-content\/uploads\/2012\/09\/ds_jungle_01.jpg","contentUrl":"https:\/\/dinostorm.com\/wp-content\/uploads\/2012\/09\/ds_jungle_01.jpg","width":1280,"height":720,"caption":"Beware of dangerous bandits in Mokon Woods are everywhere."},{"@type":"BreadcrumbList","@id":"https:\/\/dinostorm.com\/tr\/oyun\/dinozor-sozlugu\/ankylosaurus\/#breadcrumb","itemListElement":[{"@type":"ListItem","position":1,"name":"Home","item":"https:\/\/dinostorm.com\/tr\/"},{"@type":"ListItem","position":2,"name":"Oyun","item":"https:\/\/dinostorm.com\/tr\/oyun\/"},{"@type":"ListItem","position":3,"name":"Dinozor S\u00f6zl\u00fcg\u00fc","item":"https:\/\/dinostorm.com\/tr\/oyun\/dinozor-sozlugu\/"},{"@type":"ListItem","position":4,"name":"Ankylosaurus"}]},{"@type":"WebSite","@id":"https:\/\/dinostorm.com\/tr\/#website","url":"https:\/\/dinostorm.com\/tr\/","name":"Dino Storm","description":"","potentialAction":[{"@type":"SearchAction","target":{"@type":"EntryPoint","urlTemplate":"https:\/\/dinostorm.com\/tr\/?s={search_term_string}"},"query-input":{"@type":"PropertyValueSpecification","valueRequired":true,"valueName":"search_term_string"}}],"inLanguage":"tr"}]}},"_links":{"self":[{"href":"https:\/\/dinostorm.com\/tr\/wp-json\/wp\/v2\/pages\/237937","targetHints":{"allow":["GET"]}}],"collection":[{"href":"https:\/\/dinostorm.com\/tr\/wp-json\/wp\/v2\/pages"}],"about":[{"href":"https:\/\/dinostorm.com\/tr\/wp-json\/wp\/v2\/types\/page"}],"author":[{"embeddable":true,"href":"https:\/\/dinostorm.com\/tr\/wp-json\/wp\/v2\/users\/10"}],"replies":[{"embeddable":true,"href":"https:\/\/dinostorm.com\/tr\/wp-json\/wp\/v2\/comments?post=237937"}],"version-history":[{"count":3,"href":"https:\/\/dinostorm.com\/tr\/wp-json\/wp\/v2\/pages\/237937\/revisions"}],"predecessor-version":[{"id":238105,"href":"https:\/\/dinostorm.com\/tr\/wp-json\/wp\/v2\/pages\/237937\/revisions\/238105"}],"up":[{"embeddable":true,"href":"https:\/\/dinostorm.com\/tr\/wp-json\/wp\/v2\/pages\/1736"}],"wp:featuredmedia":[{"embeddable":true,"href":"https:\/\/dinostorm.com\/tr\/wp-json\/wp\/v2\/media\/15052"}],"wp:attachment":[{"href":"https:\/\/dinostorm.com\/tr\/wp-json\/wp\/v2\/media?parent=237937"}],"curies":[{"name":"wp","href":"https:\/\/api.w.org\/{rel}","templated":true}]}}