{"id":235308,"date":"2021-07-01T12:59:03","date_gmt":"2021-07-01T10:59:03","guid":{"rendered":"https:\/\/dinostorm.com\/?page_id=235308"},"modified":"2021-07-01T13:11:08","modified_gmt":"2021-07-01T11:11:08","slug":"yager-rifle","status":"publish","type":"page","link":"https:\/\/dinostorm.com\/tr\/oyun\/silah-sozlugu\/yager-rifle\/","title":{"rendered":"Yager T\u00fcfe\u011fi"},"content":{"rendered":"<div class=\"teaser\"><\/div>\n<h1 class=\"headline_page width_350\"><span>Silah \u2014 Yager T&#x00fc;fe&#x011f;i<\/span><\/h1>\n<p class=\"back-button back-pos350\"><a class=\"back-block\" href=\"\/tr\/oyun\/silah-sozlugu\">Geri<\/a><\/p>\n<div class=\"two_thirds\">\n<h2 class=\"headline-lex\"><span>Yager T&#x00fc;fe&#x011f;i \u2014 Dino Storm&#8217;da Lazer Silah&#x0131;<\/span><\/h2>\n<div class=\"banner_lex\">\n<p class=\"banner_text_lex text_lex\"><strong>Yager T&#x00fc;fe&#x011f;i<\/strong> hedefleri yava&#x015f;latarak s&#x00fc;r&#x00fc;nd&#x00fc;ren uzak menzilli bir av t&#x00fc;fe&#x011f;idir!<\/p>\n<div style=\"margin-right: 29px; float: left; width: 10px; text-align: left; position: relative; top: 40px; left: 30px\">\n<strong class=\"text_lex\" style=\"position: relative; top: 12px\">Hasar:<\/strong><br \/>\n<strong class=\"text_lex\" style=\"position: relative; top: 30px\">At&#x0131;&#x015f; S&#x0131;kl&#x0131;&#x011f;&#x0131;:<\/strong><br \/>\n<strong class=\"text_lex\" style=\"position: relative; top: 50px\">Menzil:<\/strong>\n<\/div>\n<div style=\"margin-right: 20px; float: left; width: 118px; text-align: left; position: relative; top: 70px; left: 10px\">\n<img decoding=\"async\" class=\"skill_image_lex colorbox-235308\" src=\"\/wp-content\/themes\/arras\/images\/dinostorm\/Dinos\/bar_strength_4.png\" alt=\"Yager T&#x00fc;fe&#x011f;i \u2014 Temel hasar: 4.\" title=\"Temel hasar: 4\"\/><br \/>\n<img decoding=\"async\" class=\"skill_image_lex colorbox-235308\" src=\"\/wp-content\/themes\/arras\/images\/dinostorm\/Dinos\/bar_endurance_2.png\" alt=\"Yager T&#x00fc;fe&#x011f;i \u2014 Baz Frekans: 2.\" title=\"Baz Frekans: 2\"\/><br \/>\n<img decoding=\"async\" class=\"skill_image_lex colorbox-235308\" src=\"\/wp-content\/themes\/arras\/images\/dinostorm\/Dinos\/bar_health_4.png\" alt=\"Yager T&#x00fc;fe&#x011f;i \u2014 Temel Aral&#x0131;k: 4.\" title=\"Temel Aral&#x0131;k: 4\"\/>\n<\/div>\n<\/div>\n<div class=\"one_third\">\n<img decoding=\"async\" class=\"weapon_lex_2 colorbox-235308\" src=\"\/wp-content\/themes\/arras\/images\/dinostorm\/yagerrifle.png\" alt=\"Yager T&#x00fc;fe&#x011f;i \u2014 Dino Storm'da Lazer Silah&#x0131;\"\/>\n<\/div>\n<\/div>\n<div class=\"clear\"><\/div>\n<div class=\"one_third\">\n<h3 class=\"headlinelex2_1\">Yager T&#x00fc;fe&#x011f;i \u2014 Lazer Silah&#x0131; Becerileri<\/h3>\n<div class=\"banner_lex2\">\n<span class=\"icon_skill_top float-left\"><img class=\"colorbox-235308\"  decoding=\"async\" src=\"\/wp-content\/themes\/arras\/images\/dinostorm\/skill_yagerrifle_01.png\" alt=\"Patlama Ate&#x015f;i, Yager T&#x00fc;fe&#x011f;i &#x00d6;zel Beceri\" title=\"&#x00d6;zel Beceri: Patlama Ate&#x015f;i\"\/><\/span><\/p>\n<div class=\"skill-wrapper\"><span class=\"icon_skill_title\">Patlama Ate&#x015f;i<\/span><\/p>\n<p class=\"icon_skill_text\">Orta ve uzak menzilli sald&#x0131;r&#x0131;. <span style=\"color: #ff7200;\">Ek&nbsp;G&#x00fc;&#x00e7;:<\/span> Silah daha fazla hasar verir.<\/p>\n<\/p>\n<\/div>\n<p><span class=\"clear\"><!-- --><\/span><span class=\"icon_skill_top float-left\"><img class=\"colorbox-235308\"  decoding=\"async\" src=\"\/wp-content\/themes\/arras\/images\/dinostorm\/skill_yagerrifle_02.png\" alt=\"Sinsi At&#x0131;&#x015f;, Yager T&#x00fc;fe&#x011f;i &#x00d6;zel Beceri\" title=\"&#x00d6;zel Beceri: Sinsi At&#x0131;&#x015f;\"\/><\/span><\/p>\n<div class=\"skill-wrapper-bottom\"><span class=\"icon_skill_title\">Sinsi At&#x0131;&#x015f;<\/span><\/p>\n<p class=\"icon_skill_text\">Orta menzilli sald&#x0131;r&#x0131;. <span style=\"color: #ff7200;\">Ek&nbsp;G&#x00fc;&#x00e7;:<\/span> Hedefi yava&#x015f;lat&#x0131;r.<\/p>\n<\/p>\n<\/div>\n<p><span class=\"clear\"><!-- --><\/span><\/p>\n<\/div>\n<\/div>\n<div class=\"two_thirds\">\n<h3 class=\"headlinelex2_2\">Yager T&#x00fc;fe&#x011f;i \u2014 Lazer Silah&#x0131; Ger&#x00e7;ekleri<\/h3>\n<div class=\"fact_lex\">\n<p>Yager t&#x00fc;fe&#x011f;inin piyasaya s&#x00fc;r&#x00fc;lmesiyle, tutarl&#x0131; bir &#x015f;ekilde y&#x00fc;ksek &#x00e7;&#x0131;k&#x0131;&#x015f; ile y&#x00fc;ksek hassasiyetli ate&#x015f;lemeyi birle&#x015f;tirecek bir ate&#x015f;li silah talepleri nihayet kar&#x015f;&#x0131;land&#x0131;.<\/p>\n<p>Sadece So&#x011f;ukpen&#x00e7;e Vadisi&#8217;ndeki muhtemelen d&#x00fc;nya d&#x0131;&#x015f;&#x0131; bir geminin enkaz&#x0131;ndan toplanan deneysel devre kullan&#x0131;larak, bu ola&#x011f;an&#x00fc;st&#x00fc; t&#x00fc;fe&#x011f;in g&#x00fc;&#x00e7; d&#x00f6;ng&#x00fc;s&#x00fc; kontrol alt&#x0131;nda tutulabilirdi. S&#x0131;radan devre bile&#x015f;enleri, Yager prototipinin saniyeler i&#x00e7;inde a&#x015f;&#x0131;r&#x0131; &#x0131;s&#x0131;nmas&#x0131;na neden oldu!<\/p>\n<p>Deneysel teknolojinin sadece k&#x0131;smen anla&#x015f;&#x0131;ld&#x0131;&#x011f;&#x0131; s&#x00f6;ylenirken, Yager t&#x00fc;fe&#x011f;inin &#x00fc;reticisi yine de onu kopyalamay&#x0131; ba&#x015f;ard&#x0131; &#8211; sloganlar&#x0131; &#8220;&#x00f6;nemli k&#x0131;sm&#x0131; anl&#x0131;yoruz&#8221;. &#x015e;imdiye kadar m&#x00fc;&#x015f;teriler bu yakla&#x015f;&#x0131;mdan fazlas&#x0131;yla memnun kald&#x0131;lar!<\/p>\n<\/div>\n<\/div>\n<div class=\"full\">\n<img decoding=\"async\" class=\"hr3 margin35 colorbox-235308\" src=\"\/wp-content\/themes\/arras\/images\/dinostorm\/seperator_big.png\" alt=\"separator dino storm\" \/>\n<\/div>\n","protected":false},"excerpt":{"rendered":"<p>Silah \u2014 Yager T&#x00fc;fe&#x011f;i Geri Yager T&#x00fc;fe&#x011f;i \u2014 Dino Storm&#8217;da Lazer Silah&#x0131; Yager T&#x00fc;fe&#x011f;i hedefleri yava&#x015f;latarak s&#x00fc;r&#x00fc;nd&#x00fc;ren uzak menzilli bir av t&#x00fc;fe&#x011f;idir! Hasar: At&#x0131;&#x015f; S&#x0131;kl&#x0131;&#x011f;&#x0131;: Menzil: Yager T&#x00fc;fe&#x011f;i \u2014 Lazer Silah&#x0131; Becerileri Patlama Ate&#x015f;i Orta [&hellip;]<\/p>\n","protected":false},"author":10,"featured_media":15052,"parent":1738,"menu_order":0,"comment_status":"closed","ping_status":"closed","template":"pagetpl-onecolumn.php","meta":{"footnotes":"","_links_to":"","_links_to_target":""},"class_list":["post-235308","page","type-page","status-publish","has-post-thumbnail","hentry"],"yoast_head":"<!-- This site is optimized with the Yoast SEO plugin v27.3 - https:\/\/yoast.com\/product\/yoast-seo-wordpress\/ -->\n<title>Yager T\u00fcfe\u011fi - Dino Storm<\/title>\n<meta name=\"robots\" content=\"index, follow, max-snippet:-1, max-image-preview:large, max-video-preview:-1\" \/>\n<link rel=\"canonical\" href=\"https:\/\/dinostorm.com\/tr\/oyun\/silah-sozlugu\/yager-rifle\/\" \/>\n<meta property=\"og:locale\" content=\"tr_TR\" \/>\n<meta property=\"og:type\" content=\"article\" \/>\n<meta property=\"og:title\" content=\"Yager T\u00fcfe\u011fi - Dino Storm\" \/>\n<meta property=\"og:description\" content=\"Silah \u2014 Yager T&#xfc;fe&#x11f;i Geri Yager T&#xfc;fe&#x11f;i \u2014 Dino Storm&#8217;da Lazer Silah&#x131; Yager T&#xfc;fe&#x11f;i hedefleri yava&#x15f;latarak s&#xfc;r&#xfc;nd&#xfc;ren uzak menzilli bir av t&#xfc;fe&#x11f;idir! Hasar: At&#x131;&#x15f; S&#x131;kl&#x131;&#x11f;&#x131;: Menzil: Yager T&#xfc;fe&#x11f;i \u2014 Lazer Silah&#x131; Becerileri Patlama Ate&#x15f;i Orta [&hellip;]\" \/>\n<meta property=\"og:url\" content=\"https:\/\/dinostorm.com\/tr\/oyun\/silah-sozlugu\/yager-rifle\/\" \/>\n<meta property=\"og:site_name\" content=\"Dino Storm\" \/>\n<meta property=\"article:modified_time\" content=\"2021-07-01T11:11:08+00:00\" \/>\n<meta property=\"og:image\" content=\"https:\/\/dinostorm.com\/wp-content\/uploads\/2012\/09\/ds_jungle_01.jpg\" \/>\n\t<meta property=\"og:image:width\" content=\"1280\" \/>\n\t<meta property=\"og:image:height\" content=\"720\" \/>\n\t<meta property=\"og:image:type\" content=\"image\/jpeg\" \/>\n<meta name=\"twitter:label1\" content=\"Est. reading time\" \/>\n\t<meta name=\"twitter:data1\" content=\"2 minutes\" \/>\n<script type=\"application\/ld+json\" class=\"yoast-schema-graph\">{\"@context\":\"https:\\\/\\\/schema.org\",\"@graph\":[{\"@type\":\"WebPage\",\"@id\":\"https:\\\/\\\/dinostorm.com\\\/tr\\\/oyun\\\/silah-sozlugu\\\/yager-rifle\\\/\",\"url\":\"https:\\\/\\\/dinostorm.com\\\/tr\\\/oyun\\\/silah-sozlugu\\\/yager-rifle\\\/\",\"name\":\"Yager T\u00fcfe\u011fi - Dino Storm\",\"isPartOf\":{\"@id\":\"https:\\\/\\\/dinostorm.com\\\/tr\\\/#website\"},\"primaryImageOfPage\":{\"@id\":\"https:\\\/\\\/dinostorm.com\\\/tr\\\/oyun\\\/silah-sozlugu\\\/yager-rifle\\\/#primaryimage\"},\"image\":{\"@id\":\"https:\\\/\\\/dinostorm.com\\\/tr\\\/oyun\\\/silah-sozlugu\\\/yager-rifle\\\/#primaryimage\"},\"thumbnailUrl\":\"https:\\\/\\\/dinostorm.com\\\/wp-content\\\/uploads\\\/2012\\\/09\\\/ds_jungle_01.jpg\",\"datePublished\":\"2021-07-01T10:59:03+00:00\",\"dateModified\":\"2021-07-01T11:11:08+00:00\",\"breadcrumb\":{\"@id\":\"https:\\\/\\\/dinostorm.com\\\/tr\\\/oyun\\\/silah-sozlugu\\\/yager-rifle\\\/#breadcrumb\"},\"inLanguage\":\"tr\",\"potentialAction\":[{\"@type\":\"ReadAction\",\"target\":[\"https:\\\/\\\/dinostorm.com\\\/tr\\\/oyun\\\/silah-sozlugu\\\/yager-rifle\\\/\"]}]},{\"@type\":\"ImageObject\",\"inLanguage\":\"tr\",\"@id\":\"https:\\\/\\\/dinostorm.com\\\/tr\\\/oyun\\\/silah-sozlugu\\\/yager-rifle\\\/#primaryimage\",\"url\":\"https:\\\/\\\/dinostorm.com\\\/wp-content\\\/uploads\\\/2012\\\/09\\\/ds_jungle_01.jpg\",\"contentUrl\":\"https:\\\/\\\/dinostorm.com\\\/wp-content\\\/uploads\\\/2012\\\/09\\\/ds_jungle_01.jpg\",\"width\":1280,\"height\":720,\"caption\":\"Beware of dangerous bandits in Mokon Woods are everywhere.\"},{\"@type\":\"BreadcrumbList\",\"@id\":\"https:\\\/\\\/dinostorm.com\\\/tr\\\/oyun\\\/silah-sozlugu\\\/yager-rifle\\\/#breadcrumb\",\"itemListElement\":[{\"@type\":\"ListItem\",\"position\":1,\"name\":\"Home\",\"item\":\"https:\\\/\\\/dinostorm.com\\\/tr\\\/\"},{\"@type\":\"ListItem\",\"position\":2,\"name\":\"Oyun\",\"item\":\"https:\\\/\\\/dinostorm.com\\\/tr\\\/oyun\\\/\"},{\"@type\":\"ListItem\",\"position\":3,\"name\":\"Silah S\u00f6zl\u00fcg\u00fc\",\"item\":\"https:\\\/\\\/dinostorm.com\\\/tr\\\/oyun\\\/silah-sozlugu\\\/\"},{\"@type\":\"ListItem\",\"position\":4,\"name\":\"Yager T\u00fcfe\u011fi\"}]},{\"@type\":\"WebSite\",\"@id\":\"https:\\\/\\\/dinostorm.com\\\/tr\\\/#website\",\"url\":\"https:\\\/\\\/dinostorm.com\\\/tr\\\/\",\"name\":\"Dino Storm\",\"description\":\"\",\"potentialAction\":[{\"@type\":\"SearchAction\",\"target\":{\"@type\":\"EntryPoint\",\"urlTemplate\":\"https:\\\/\\\/dinostorm.com\\\/tr\\\/?s={search_term_string}\"},\"query-input\":{\"@type\":\"PropertyValueSpecification\",\"valueRequired\":true,\"valueName\":\"search_term_string\"}}],\"inLanguage\":\"tr\"}]}<\/script>\n<!-- \/ Yoast SEO plugin. -->","yoast_head_json":{"title":"Yager T\u00fcfe\u011fi - Dino Storm","robots":{"index":"index","follow":"follow","max-snippet":"max-snippet:-1","max-image-preview":"max-image-preview:large","max-video-preview":"max-video-preview:-1"},"canonical":"https:\/\/dinostorm.com\/tr\/oyun\/silah-sozlugu\/yager-rifle\/","og_locale":"tr_TR","og_type":"article","og_title":"Yager T\u00fcfe\u011fi - Dino Storm","og_description":"Silah \u2014 Yager T&#x00fc;fe&#x011f;i Geri Yager T&#x00fc;fe&#x011f;i \u2014 Dino Storm&#8217;da Lazer Silah&#x0131; Yager T&#x00fc;fe&#x011f;i hedefleri yava&#x015f;latarak s&#x00fc;r&#x00fc;nd&#x00fc;ren uzak menzilli bir av t&#x00fc;fe&#x011f;idir! Hasar: At&#x0131;&#x015f; S&#x0131;kl&#x0131;&#x011f;&#x0131;: Menzil: Yager T&#x00fc;fe&#x011f;i \u2014 Lazer Silah&#x0131; Becerileri Patlama Ate&#x015f;i Orta [&hellip;]","og_url":"https:\/\/dinostorm.com\/tr\/oyun\/silah-sozlugu\/yager-rifle\/","og_site_name":"Dino Storm","article_modified_time":"2021-07-01T11:11:08+00:00","og_image":[{"width":1280,"height":720,"url":"https:\/\/dinostorm.com\/wp-content\/uploads\/2012\/09\/ds_jungle_01.jpg","type":"image\/jpeg"}],"twitter_misc":{"Est. reading time":"2 minutes"},"schema":{"@context":"https:\/\/schema.org","@graph":[{"@type":"WebPage","@id":"https:\/\/dinostorm.com\/tr\/oyun\/silah-sozlugu\/yager-rifle\/","url":"https:\/\/dinostorm.com\/tr\/oyun\/silah-sozlugu\/yager-rifle\/","name":"Yager T\u00fcfe\u011fi - Dino Storm","isPartOf":{"@id":"https:\/\/dinostorm.com\/tr\/#website"},"primaryImageOfPage":{"@id":"https:\/\/dinostorm.com\/tr\/oyun\/silah-sozlugu\/yager-rifle\/#primaryimage"},"image":{"@id":"https:\/\/dinostorm.com\/tr\/oyun\/silah-sozlugu\/yager-rifle\/#primaryimage"},"thumbnailUrl":"https:\/\/dinostorm.com\/wp-content\/uploads\/2012\/09\/ds_jungle_01.jpg","datePublished":"2021-07-01T10:59:03+00:00","dateModified":"2021-07-01T11:11:08+00:00","breadcrumb":{"@id":"https:\/\/dinostorm.com\/tr\/oyun\/silah-sozlugu\/yager-rifle\/#breadcrumb"},"inLanguage":"tr","potentialAction":[{"@type":"ReadAction","target":["https:\/\/dinostorm.com\/tr\/oyun\/silah-sozlugu\/yager-rifle\/"]}]},{"@type":"ImageObject","inLanguage":"tr","@id":"https:\/\/dinostorm.com\/tr\/oyun\/silah-sozlugu\/yager-rifle\/#primaryimage","url":"https:\/\/dinostorm.com\/wp-content\/uploads\/2012\/09\/ds_jungle_01.jpg","contentUrl":"https:\/\/dinostorm.com\/wp-content\/uploads\/2012\/09\/ds_jungle_01.jpg","width":1280,"height":720,"caption":"Beware of dangerous bandits in Mokon Woods are everywhere."},{"@type":"BreadcrumbList","@id":"https:\/\/dinostorm.com\/tr\/oyun\/silah-sozlugu\/yager-rifle\/#breadcrumb","itemListElement":[{"@type":"ListItem","position":1,"name":"Home","item":"https:\/\/dinostorm.com\/tr\/"},{"@type":"ListItem","position":2,"name":"Oyun","item":"https:\/\/dinostorm.com\/tr\/oyun\/"},{"@type":"ListItem","position":3,"name":"Silah S\u00f6zl\u00fcg\u00fc","item":"https:\/\/dinostorm.com\/tr\/oyun\/silah-sozlugu\/"},{"@type":"ListItem","position":4,"name":"Yager T\u00fcfe\u011fi"}]},{"@type":"WebSite","@id":"https:\/\/dinostorm.com\/tr\/#website","url":"https:\/\/dinostorm.com\/tr\/","name":"Dino Storm","description":"","potentialAction":[{"@type":"SearchAction","target":{"@type":"EntryPoint","urlTemplate":"https:\/\/dinostorm.com\/tr\/?s={search_term_string}"},"query-input":{"@type":"PropertyValueSpecification","valueRequired":true,"valueName":"search_term_string"}}],"inLanguage":"tr"}]}},"_links":{"self":[{"href":"https:\/\/dinostorm.com\/tr\/wp-json\/wp\/v2\/pages\/235308","targetHints":{"allow":["GET"]}}],"collection":[{"href":"https:\/\/dinostorm.com\/tr\/wp-json\/wp\/v2\/pages"}],"about":[{"href":"https:\/\/dinostorm.com\/tr\/wp-json\/wp\/v2\/types\/page"}],"author":[{"embeddable":true,"href":"https:\/\/dinostorm.com\/tr\/wp-json\/wp\/v2\/users\/10"}],"replies":[{"embeddable":true,"href":"https:\/\/dinostorm.com\/tr\/wp-json\/wp\/v2\/comments?post=235308"}],"version-history":[{"count":2,"href":"https:\/\/dinostorm.com\/tr\/wp-json\/wp\/v2\/pages\/235308\/revisions"}],"predecessor-version":[{"id":235310,"href":"https:\/\/dinostorm.com\/tr\/wp-json\/wp\/v2\/pages\/235308\/revisions\/235310"}],"up":[{"embeddable":true,"href":"https:\/\/dinostorm.com\/tr\/wp-json\/wp\/v2\/pages\/1738"}],"wp:featuredmedia":[{"embeddable":true,"href":"https:\/\/dinostorm.com\/tr\/wp-json\/wp\/v2\/media\/15052"}],"wp:attachment":[{"href":"https:\/\/dinostorm.com\/tr\/wp-json\/wp\/v2\/media?parent=235308"}],"curies":[{"name":"wp","href":"https:\/\/api.w.org\/{rel}","templated":true}]}}