{"id":234814,"date":"2021-06-30T16:32:15","date_gmt":"2021-06-30T14:32:15","guid":{"rendered":"https:\/\/dinostorm.com\/?page_id=234814"},"modified":"2021-06-30T16:45:31","modified_gmt":"2021-06-30T14:45:31","slug":"showstopper","status":"publish","type":"page","link":"https:\/\/dinostorm.com\/tr\/oyun\/silah-sozlugu\/showstopper\/","title":{"rendered":"G\u00f6steri-Bozan"},"content":{"rendered":"<div class=\"teaser\"><\/div>\n<h1 class=\"headline_page width_350\"><span>Silah \u2014 G&#x00f6;steri-Bozan<\/span><\/h1>\n<p class=\"back-button back-pos350\"><a class=\"back-block\" href=\"\/tr\/oyun\/silah-sozlugu\">Geri<\/a><\/p>\n<div class=\"two_thirds\">\n<h2 class=\"headline-lex\"><span>G&#x00f6;steri-Bozan \u2014 Dino Storm&#8217;da Lazer Silah&#x0131;<\/span><\/h2>\n<div class=\"banner_lex\">\n<p class=\"banner_text_lex text_lex\"><strong>G&#x00f6;steri-Bozan<\/strong> &#x00f6;l&#x00fc;mc&#x00fc;l hasarlar veren yak&#x0131;n menzilli bir av t&#x00fc;fe&#x011f;idir!<\/p>\n<div style=\"margin-right: 29px; float: left; width: 10px; text-align: left; position: relative; top: 40px; left: 30px\">\n<strong class=\"text_lex\" style=\"position: relative; top: 12px\">Hasar:<\/strong><br \/>\n<strong class=\"text_lex\" style=\"position: relative; top: 30px\">At&#x0131;&#x015f; S&#x0131;kl&#x0131;&#x011f;&#x0131;:<\/strong><br \/>\n<strong class=\"text_lex\" style=\"position: relative; top: 50px\">Menzil:<\/strong>\n<\/div>\n<div style=\"margin-right: 20px; float: left; width: 118px; text-align: left; position: relative; top: 70px; left: 10px\">\n<img decoding=\"async\" class=\"skill_image_lex colorbox-234814\" src=\"\/wp-content\/themes\/arras\/images\/dinostorm\/Dinos\/bar_strength_5.png\" alt=\"G&#x00f6;steri-Bozan \u2014 Temel hasar: 5.\" title=\"Temel hasar: 5\"\/><br \/>\n<img decoding=\"async\" class=\"skill_image_lex colorbox-234814\" src=\"\/wp-content\/themes\/arras\/images\/dinostorm\/Dinos\/bar_endurance_1.png\" alt=\"G&#x00f6;steri-Bozan \u2014 Baz Frekans: 1.\" title=\"Baz Frekans: 1\"\/><br \/>\n<img decoding=\"async\" class=\"skill_image_lex colorbox-234814\" src=\"\/wp-content\/themes\/arras\/images\/dinostorm\/Dinos\/bar_health_1.png\" alt=\"G&#x00f6;steri-Bozan \u2014 Temel Aral&#x0131;k: 1.\" title=\"Temel Aral&#x0131;k: 1\"\/>\n<\/div>\n<\/div>\n<div class=\"one_third\">\n<img decoding=\"async\" class=\"weapon_lex_2 colorbox-234814\" src=\"\/wp-content\/themes\/arras\/images\/dinostorm\/showstopper.png\" alt=\"G&#x00f6;steri-Bozan \u2014 Dino Storm'da Lazer Silah&#x0131;\"\/>\n<\/div>\n<\/div>\n<div class=\"clear\"><\/div>\n<div class=\"one_third\">\n<h3 class=\"headlinelex2_1\">G&#x00f6;steri-Bozan \u2014 Lazer Silah&#x0131; Becerileri<\/h3>\n<div class=\"banner_lex2\">\n<span class=\"icon_skill_top float-left\"><img class=\"colorbox-234814\"  decoding=\"async\" src=\"\/wp-content\/themes\/arras\/images\/dinostorm\/skill_showstopper_01.png\" alt=\"G&#x00fc;&#x00e7; At&#x0131;&#x015f;&#x0131;, G&#x00f6;steri-Bozan &#x00d6;zel Beceri\" title=\"&#x00d6;zel Beceri: G&#x00fc;&#x00e7; At&#x0131;&#x015f;&#x0131;\"\/><\/span><\/p>\n<div class=\"skill-wrapper\"><span class=\"icon_skill_title\">G&#x00fc;&#x00e7; At&#x0131;&#x015f;&#x0131;<\/span><\/p>\n<p class=\"icon_skill_text\">Orta menzilli sald&#x0131;r&#x0131;ya yak&#x0131;n. <span style=\"color: #ff7200;\">Ek&nbsp;G&#x00fc;&#x00e7;:<\/span> Ek hedeflere ula&#x015f;&#x0131;r.<\/p>\n<\/p>\n<\/div>\n<p><span class=\"clear\"><!-- --><\/span><span class=\"icon_skill_top float-left\"><img class=\"colorbox-234814\"  decoding=\"async\" src=\"\/wp-content\/themes\/arras\/images\/dinostorm\/skill_showstopper_02.png\" alt=\"Mermi Ya&#x011f;muru, G&#x00f6;steri-Bozan &#x00d6;zel Beceri\" title=\"&#x00d6;zel Beceri: Mermi Ya&#x011f;muru\"\/><\/span><\/p>\n<div class=\"skill-wrapper-bottom\"><span class=\"icon_skill_title\">Mermi Ya&#x011f;muru<\/span><\/p>\n<p class=\"icon_skill_text\">Yak&#x0131;n mesafeden sald&#x0131;r&#x0131;. <span style=\"color: #ff7200;\">Ek&nbsp;G&#x00fc;&#x00e7;:<\/span> Hedefi sersemletir.<\/p>\n<\/p>\n<\/div>\n<p><span class=\"clear\"><!-- --><\/span><\/p>\n<\/div>\n<\/div>\n<div class=\"two_thirds\">\n<h3 class=\"headlinelex2_2\">G&#x00f6;steri-Bozan \u2014 Lazer Silah&#x0131; Ger&#x00e7;ekleri<\/h3>\n<div class=\"fact_lex\">\n<p>Showstopper piyasaya daha yeni &#x00e7;&#x0131;km&#x0131;&#x015f; olmas&#x0131;na ra&#x011f;men, kullan&#x0131;&#x015f;l&#x0131; bir pakette muazzam miktarda g&#x00fc;&#x00e7; sundu&#x011f;u i&#x00e7;in h&#x0131;zla pop&#x00fc;lerlik kazand&#x0131;.<\/p>\n<p>K&#x00fc;rk veya t&#x00fc;yle kapl&#x0131; olsun, insano&#x011f;lunun bildi&#x011f;i hemen hemen her oyunu torbalama yetene&#x011f;ine sahip bu silah, &#x015f;ehir s&#x0131;n&#x0131;rlar&#x0131; d&#x0131;&#x015f;&#x0131;nda bir pusu durumunda, &#x00f6;rne&#x011f;in, arabac&#x0131;lar i&#x00e7;in h&#x0131;zl&#x0131; bir &#x015f;ekilde yakaland&#x0131;&#x011f;&#x0131;ndan, m&#x00fc;kemmel bir savunma kolu olarak da kullan&#x0131;labilir.<\/p>\n<p>Hi&#x00e7;bir kovboy, bu &#x00e7;ok y&#x00f6;nl&#x00fc; ate&#x015f;li silah&#x0131;n durdurma g&#x00fc;c&#x00fc;n&#x00fc; asla k&#x00fc;&#x00e7;&#x00fc;msememelidir!<\/p>\n<\/div>\n<\/div>\n<div class=\"full\">\n<img decoding=\"async\" class=\"hr3 margin35 colorbox-234814\" src=\"\/wp-content\/themes\/arras\/images\/dinostorm\/seperator_big.png\" alt=\"separator dino storm\" \/>\n<\/div>\n","protected":false},"excerpt":{"rendered":"<p>Silah \u2014 G&#x00f6;steri-Bozan Geri G&#x00f6;steri-Bozan \u2014 Dino Storm&#8217;da Lazer Silah&#x0131; G&#x00f6;steri-Bozan &#x00f6;l&#x00fc;mc&#x00fc;l hasarlar veren yak&#x0131;n menzilli bir av t&#x00fc;fe&#x011f;idir! Hasar: At&#x0131;&#x015f; S&#x0131;kl&#x0131;&#x011f;&#x0131;: Menzil: G&#x00f6;steri-Bozan \u2014 Lazer Silah&#x0131; Becerileri G&#x00fc;&#x00e7; At&#x0131;&#x015f;&#x0131; Orta menzilli sald&#x0131;r&#x0131;ya yak&#x0131;n. Ek&nbsp;G&#x00fc;&#x00e7;: [&hellip;]<\/p>\n","protected":false},"author":10,"featured_media":15052,"parent":1738,"menu_order":0,"comment_status":"closed","ping_status":"closed","template":"pagetpl-onecolumn.php","meta":{"footnotes":"","_links_to":"","_links_to_target":""},"class_list":["post-234814","page","type-page","status-publish","has-post-thumbnail","hentry"],"yoast_head":"<!-- This site is optimized with the Yoast SEO plugin v27.3 - https:\/\/yoast.com\/product\/yoast-seo-wordpress\/ -->\n<title>G\u00f6steri-Bozan - Dino Storm<\/title>\n<meta name=\"robots\" content=\"index, follow, max-snippet:-1, max-image-preview:large, max-video-preview:-1\" \/>\n<link rel=\"canonical\" href=\"https:\/\/dinostorm.com\/tr\/oyun\/silah-sozlugu\/showstopper\/\" \/>\n<meta property=\"og:locale\" content=\"tr_TR\" \/>\n<meta property=\"og:type\" content=\"article\" \/>\n<meta property=\"og:title\" content=\"G\u00f6steri-Bozan - Dino Storm\" \/>\n<meta property=\"og:description\" content=\"Silah \u2014 G&#xf6;steri-Bozan Geri G&#xf6;steri-Bozan \u2014 Dino Storm&#8217;da Lazer Silah&#x131; G&#xf6;steri-Bozan &#xf6;l&#xfc;mc&#xfc;l hasarlar veren yak&#x131;n menzilli bir av t&#xfc;fe&#x11f;idir! Hasar: At&#x131;&#x15f; S&#x131;kl&#x131;&#x11f;&#x131;: Menzil: G&#xf6;steri-Bozan \u2014 Lazer Silah&#x131; Becerileri G&#xfc;&#xe7; At&#x131;&#x15f;&#x131; Orta menzilli sald&#x131;r&#x131;ya yak&#x131;n. Ek&nbsp;G&#xfc;&#xe7;: [&hellip;]\" \/>\n<meta property=\"og:url\" content=\"https:\/\/dinostorm.com\/tr\/oyun\/silah-sozlugu\/showstopper\/\" \/>\n<meta property=\"og:site_name\" content=\"Dino Storm\" \/>\n<meta property=\"article:modified_time\" content=\"2021-06-30T14:45:31+00:00\" \/>\n<meta property=\"og:image\" content=\"https:\/\/dinostorm.com\/wp-content\/uploads\/2012\/09\/ds_jungle_01.jpg\" \/>\n\t<meta property=\"og:image:width\" content=\"1280\" \/>\n\t<meta property=\"og:image:height\" content=\"720\" \/>\n\t<meta property=\"og:image:type\" content=\"image\/jpeg\" \/>\n<meta name=\"twitter:label1\" content=\"Est. reading time\" \/>\n\t<meta name=\"twitter:data1\" content=\"2 minutes\" \/>\n<script type=\"application\/ld+json\" class=\"yoast-schema-graph\">{\"@context\":\"https:\\\/\\\/schema.org\",\"@graph\":[{\"@type\":\"WebPage\",\"@id\":\"https:\\\/\\\/dinostorm.com\\\/tr\\\/oyun\\\/silah-sozlugu\\\/showstopper\\\/\",\"url\":\"https:\\\/\\\/dinostorm.com\\\/tr\\\/oyun\\\/silah-sozlugu\\\/showstopper\\\/\",\"name\":\"G\u00f6steri-Bozan - Dino Storm\",\"isPartOf\":{\"@id\":\"https:\\\/\\\/dinostorm.com\\\/tr\\\/#website\"},\"primaryImageOfPage\":{\"@id\":\"https:\\\/\\\/dinostorm.com\\\/tr\\\/oyun\\\/silah-sozlugu\\\/showstopper\\\/#primaryimage\"},\"image\":{\"@id\":\"https:\\\/\\\/dinostorm.com\\\/tr\\\/oyun\\\/silah-sozlugu\\\/showstopper\\\/#primaryimage\"},\"thumbnailUrl\":\"https:\\\/\\\/dinostorm.com\\\/wp-content\\\/uploads\\\/2012\\\/09\\\/ds_jungle_01.jpg\",\"datePublished\":\"2021-06-30T14:32:15+00:00\",\"dateModified\":\"2021-06-30T14:45:31+00:00\",\"breadcrumb\":{\"@id\":\"https:\\\/\\\/dinostorm.com\\\/tr\\\/oyun\\\/silah-sozlugu\\\/showstopper\\\/#breadcrumb\"},\"inLanguage\":\"tr\",\"potentialAction\":[{\"@type\":\"ReadAction\",\"target\":[\"https:\\\/\\\/dinostorm.com\\\/tr\\\/oyun\\\/silah-sozlugu\\\/showstopper\\\/\"]}]},{\"@type\":\"ImageObject\",\"inLanguage\":\"tr\",\"@id\":\"https:\\\/\\\/dinostorm.com\\\/tr\\\/oyun\\\/silah-sozlugu\\\/showstopper\\\/#primaryimage\",\"url\":\"https:\\\/\\\/dinostorm.com\\\/wp-content\\\/uploads\\\/2012\\\/09\\\/ds_jungle_01.jpg\",\"contentUrl\":\"https:\\\/\\\/dinostorm.com\\\/wp-content\\\/uploads\\\/2012\\\/09\\\/ds_jungle_01.jpg\",\"width\":1280,\"height\":720,\"caption\":\"Beware of dangerous bandits in Mokon Woods are everywhere.\"},{\"@type\":\"BreadcrumbList\",\"@id\":\"https:\\\/\\\/dinostorm.com\\\/tr\\\/oyun\\\/silah-sozlugu\\\/showstopper\\\/#breadcrumb\",\"itemListElement\":[{\"@type\":\"ListItem\",\"position\":1,\"name\":\"Home\",\"item\":\"https:\\\/\\\/dinostorm.com\\\/tr\\\/\"},{\"@type\":\"ListItem\",\"position\":2,\"name\":\"Oyun\",\"item\":\"https:\\\/\\\/dinostorm.com\\\/tr\\\/oyun\\\/\"},{\"@type\":\"ListItem\",\"position\":3,\"name\":\"Silah S\u00f6zl\u00fcg\u00fc\",\"item\":\"https:\\\/\\\/dinostorm.com\\\/tr\\\/oyun\\\/silah-sozlugu\\\/\"},{\"@type\":\"ListItem\",\"position\":4,\"name\":\"G\u00f6steri-Bozan\"}]},{\"@type\":\"WebSite\",\"@id\":\"https:\\\/\\\/dinostorm.com\\\/tr\\\/#website\",\"url\":\"https:\\\/\\\/dinostorm.com\\\/tr\\\/\",\"name\":\"Dino Storm\",\"description\":\"\",\"potentialAction\":[{\"@type\":\"SearchAction\",\"target\":{\"@type\":\"EntryPoint\",\"urlTemplate\":\"https:\\\/\\\/dinostorm.com\\\/tr\\\/?s={search_term_string}\"},\"query-input\":{\"@type\":\"PropertyValueSpecification\",\"valueRequired\":true,\"valueName\":\"search_term_string\"}}],\"inLanguage\":\"tr\"}]}<\/script>\n<!-- \/ Yoast SEO plugin. -->","yoast_head_json":{"title":"G\u00f6steri-Bozan - Dino Storm","robots":{"index":"index","follow":"follow","max-snippet":"max-snippet:-1","max-image-preview":"max-image-preview:large","max-video-preview":"max-video-preview:-1"},"canonical":"https:\/\/dinostorm.com\/tr\/oyun\/silah-sozlugu\/showstopper\/","og_locale":"tr_TR","og_type":"article","og_title":"G\u00f6steri-Bozan - Dino Storm","og_description":"Silah \u2014 G&#x00f6;steri-Bozan Geri G&#x00f6;steri-Bozan \u2014 Dino Storm&#8217;da Lazer Silah&#x0131; G&#x00f6;steri-Bozan &#x00f6;l&#x00fc;mc&#x00fc;l hasarlar veren yak&#x0131;n menzilli bir av t&#x00fc;fe&#x011f;idir! Hasar: At&#x0131;&#x015f; S&#x0131;kl&#x0131;&#x011f;&#x0131;: Menzil: G&#x00f6;steri-Bozan \u2014 Lazer Silah&#x0131; Becerileri G&#x00fc;&#x00e7; At&#x0131;&#x015f;&#x0131; Orta menzilli sald&#x0131;r&#x0131;ya yak&#x0131;n. Ek&nbsp;G&#x00fc;&#x00e7;: [&hellip;]","og_url":"https:\/\/dinostorm.com\/tr\/oyun\/silah-sozlugu\/showstopper\/","og_site_name":"Dino Storm","article_modified_time":"2021-06-30T14:45:31+00:00","og_image":[{"width":1280,"height":720,"url":"https:\/\/dinostorm.com\/wp-content\/uploads\/2012\/09\/ds_jungle_01.jpg","type":"image\/jpeg"}],"twitter_misc":{"Est. reading time":"2 minutes"},"schema":{"@context":"https:\/\/schema.org","@graph":[{"@type":"WebPage","@id":"https:\/\/dinostorm.com\/tr\/oyun\/silah-sozlugu\/showstopper\/","url":"https:\/\/dinostorm.com\/tr\/oyun\/silah-sozlugu\/showstopper\/","name":"G\u00f6steri-Bozan - Dino Storm","isPartOf":{"@id":"https:\/\/dinostorm.com\/tr\/#website"},"primaryImageOfPage":{"@id":"https:\/\/dinostorm.com\/tr\/oyun\/silah-sozlugu\/showstopper\/#primaryimage"},"image":{"@id":"https:\/\/dinostorm.com\/tr\/oyun\/silah-sozlugu\/showstopper\/#primaryimage"},"thumbnailUrl":"https:\/\/dinostorm.com\/wp-content\/uploads\/2012\/09\/ds_jungle_01.jpg","datePublished":"2021-06-30T14:32:15+00:00","dateModified":"2021-06-30T14:45:31+00:00","breadcrumb":{"@id":"https:\/\/dinostorm.com\/tr\/oyun\/silah-sozlugu\/showstopper\/#breadcrumb"},"inLanguage":"tr","potentialAction":[{"@type":"ReadAction","target":["https:\/\/dinostorm.com\/tr\/oyun\/silah-sozlugu\/showstopper\/"]}]},{"@type":"ImageObject","inLanguage":"tr","@id":"https:\/\/dinostorm.com\/tr\/oyun\/silah-sozlugu\/showstopper\/#primaryimage","url":"https:\/\/dinostorm.com\/wp-content\/uploads\/2012\/09\/ds_jungle_01.jpg","contentUrl":"https:\/\/dinostorm.com\/wp-content\/uploads\/2012\/09\/ds_jungle_01.jpg","width":1280,"height":720,"caption":"Beware of dangerous bandits in Mokon Woods are everywhere."},{"@type":"BreadcrumbList","@id":"https:\/\/dinostorm.com\/tr\/oyun\/silah-sozlugu\/showstopper\/#breadcrumb","itemListElement":[{"@type":"ListItem","position":1,"name":"Home","item":"https:\/\/dinostorm.com\/tr\/"},{"@type":"ListItem","position":2,"name":"Oyun","item":"https:\/\/dinostorm.com\/tr\/oyun\/"},{"@type":"ListItem","position":3,"name":"Silah S\u00f6zl\u00fcg\u00fc","item":"https:\/\/dinostorm.com\/tr\/oyun\/silah-sozlugu\/"},{"@type":"ListItem","position":4,"name":"G\u00f6steri-Bozan"}]},{"@type":"WebSite","@id":"https:\/\/dinostorm.com\/tr\/#website","url":"https:\/\/dinostorm.com\/tr\/","name":"Dino Storm","description":"","potentialAction":[{"@type":"SearchAction","target":{"@type":"EntryPoint","urlTemplate":"https:\/\/dinostorm.com\/tr\/?s={search_term_string}"},"query-input":{"@type":"PropertyValueSpecification","valueRequired":true,"valueName":"search_term_string"}}],"inLanguage":"tr"}]}},"_links":{"self":[{"href":"https:\/\/dinostorm.com\/tr\/wp-json\/wp\/v2\/pages\/234814","targetHints":{"allow":["GET"]}}],"collection":[{"href":"https:\/\/dinostorm.com\/tr\/wp-json\/wp\/v2\/pages"}],"about":[{"href":"https:\/\/dinostorm.com\/tr\/wp-json\/wp\/v2\/types\/page"}],"author":[{"embeddable":true,"href":"https:\/\/dinostorm.com\/tr\/wp-json\/wp\/v2\/users\/10"}],"replies":[{"embeddable":true,"href":"https:\/\/dinostorm.com\/tr\/wp-json\/wp\/v2\/comments?post=234814"}],"version-history":[{"count":2,"href":"https:\/\/dinostorm.com\/tr\/wp-json\/wp\/v2\/pages\/234814\/revisions"}],"predecessor-version":[{"id":234817,"href":"https:\/\/dinostorm.com\/tr\/wp-json\/wp\/v2\/pages\/234814\/revisions\/234817"}],"up":[{"embeddable":true,"href":"https:\/\/dinostorm.com\/tr\/wp-json\/wp\/v2\/pages\/1738"}],"wp:featuredmedia":[{"embeddable":true,"href":"https:\/\/dinostorm.com\/tr\/wp-json\/wp\/v2\/media\/15052"}],"wp:attachment":[{"href":"https:\/\/dinostorm.com\/tr\/wp-json\/wp\/v2\/media?parent=234814"}],"curies":[{"name":"wp","href":"https:\/\/api.w.org\/{rel}","templated":true}]}}