{"id":1738,"date":"2012-09-10T16:23:26","date_gmt":"2012-09-10T14:23:26","guid":{"rendered":"http:\/\/dinostorm.com\/?page_id=1738"},"modified":"2021-07-01T13:20:59","modified_gmt":"2021-07-01T11:20:59","slug":"silah-sozlugu","status":"publish","type":"page","link":"https:\/\/dinostorm.com\/tr\/oyun\/silah-sozlugu\/","title":{"rendered":"Silah S\u00f6zl\u00fcg\u00fc"},"content":{"rendered":"<div class=\"teaser\"><\/div>\n<h1 class=\"headline_page width_350\"><span>Silah S\u00f6zl\u00fcg\u00fc<\/span><\/h1>\n<p class=\"back-button back-pos350\"><a class=\"back-block\" href=\"\/tr\/oyun#overview\">Geri<\/a><\/p>\n<div class=\"full\">\n<img decoding=\"async\" class=\"wrapper_image_impl colorbox-1738\" src=\"\/wp-content\/themes\/arras\/images\/dinostorm\/laser-gun-cowgirl.png\" alt=Silah: Dino Storm\"\/><\/p>\n<div class=\"wrapper_impl\">\n<p class=\"text-impl\">Me\u015fru m\u00fcdafaa teknolojisinde en yenisi ve en iyisi. Zaman\u0131 geldi\u011finde en iyi ikinci olup da hayat\u0131n\u0131z\u0131 kaybetmeyin!<\/p>\n<\/div>\n<\/div>\n<div class=\"wrapper_dinolex\">\n<center><\/p>\n<h2>Yanan Colt<\/h2>\n<div class=\"dino_lex\">\n<a href=\"\/tr\/oyun\/silah-sozlugu\/yanan-colt\"><img class=\"colorbox-1738\"  decoding=\"async\" width=\"248\" src=\"\/wp-content\/themes\/arras\/images\/dinostorm\/burningcolt.png\"  onmouseover=\"this.width=268\" onmouseout=\"this.width=248\"><\/a>\n<\/div>\n<p><\/center>\n<\/div>\n<div class=\"wrapper_dinolex\">\n<center><\/p>\n<h2>\u00c7eki\u00e7<\/h2>\n<p><a href=\"\/tr\/oyun\/silah-sozlugu\/cekic\"><img class=\"colorbox-1738\"  decoding=\"async\" width=\"248\" src=\"\/wp-content\/themes\/arras\/images\/dinostorm\/hammer.png\"  onmouseover=\"this.width=268\" onmouseout=\"this.width=248\"><\/a><br \/>\n<\/center>\n<\/div>\n<div class=\"wrapper_dinolex\">\n<center><\/p>\n<h2>Bar\u0131\u015ft\u0131r\u0131c\u0131<\/h2>\n<p><a href=\"\/tr\/oyun\/silah-sozlugu\/baristirici\"><img class=\"colorbox-1738\"  decoding=\"async\" width=\"248\" src=\"\/wp-content\/themes\/arras\/images\/dinostorm\/peacemaker.png\"  onmouseover=\"this.width=268\" onmouseout=\"this.width=248\"><\/a><br \/>\n<\/center>\n<\/div>\n<div class=\"wrapper_dinolex\">\n<center><\/p>\n<h2>Mitraly\u00f6z<\/h2>\n<p><a href=\"\/tr\/oyun\/silah-sozlugu\/gatling\"><img class=\"colorbox-1738\"  decoding=\"async\" onmouseover=\"this.width=268\" onmouseout=\"this.width=248\" alt=\"\" src=\"\/wp-content\/themes\/arras\/images\/dinostorm\/gatling.png\" width=\"248\" \/><\/a><br \/>\n<\/center>\n<\/div>\n<div class=\"wrapper_dinolex\">\n<center><\/p>\n<h2>Yager T\u00fcfe\u011fi<\/h2>\n<p><a href=\"\/tr\/oyun\/silah-sozlugu\/yager-rifle\"><img class=\"colorbox-1738\"  decoding=\"async\" onmouseover=\"this.width=268\" onmouseout=\"this.width=248\" alt=\"\" src=\"\/wp-content\/themes\/arras\/images\/dinostorm\/yagerrifle.png\" width=\"248\" \/><\/a><br \/>\n<\/center>\n<\/div>\n<div class=\"wrapper_dinolex\">\n<center><\/p>\n<h2>G\u00f6steri-Bozan<\/h2>\n<p><a href=\"\/tr\/oyun\/silah-sozlugu\/showstopper\"><img class=\"colorbox-1738\"  decoding=\"async\" onmouseover=\"this.width=268\" onmouseout=\"this.width=248\" alt=\"\" src=\"\/wp-content\/themes\/arras\/images\/dinostorm\/showstopper.png\" width=\"248\" \/><\/a><br \/>\n<\/center>\n<\/div>\n<div class=full>\n<img decoding=\"async\" class=\"hr3 colorbox-1738\" src=\"\/wp-content\/themes\/arras\/images\/dinostorm\/seperator_big.png\" alt=\"separator dino storm\" \/>\n<\/div>\n","protected":false},"excerpt":{"rendered":"<p>Silah S\u00f6zl\u00fcg\u00fc Geri<\/p>\n","protected":false},"author":26,"featured_media":15052,"parent":3706,"menu_order":0,"comment_status":"closed","ping_status":"closed","template":"pagetpl-onecolumn.php","meta":{"footnotes":"","_links_to":"","_links_to_target":""},"class_list":["post-1738","page","type-page","status-publish","has-post-thumbnail","hentry"],"yoast_head":"<!-- This site is optimized with the Yoast SEO plugin v27.3 - https:\/\/yoast.com\/product\/yoast-seo-wordpress\/ -->\n<title>Silah S\u00f6zl\u00fcg\u00fc - Dino Storm<\/title>\n<meta name=\"description\" content=\"Dino Storm&#039;daki lazer silahlar\u0131 hakk\u0131nda daha fazla bilgi edinmek ister misin? \u0130ster lazer silahlar\u0131, isterse lazer t\u00fcfekleri olsun, her t\u00fcrl\u00fc bilgiye silah s\u00f6zl\u00fc\u011f\u00fcm\u00fczden eri\u015febilirsin.\" \/>\n<meta name=\"robots\" content=\"index, follow, max-snippet:-1, max-image-preview:large, max-video-preview:-1\" \/>\n<link rel=\"canonical\" href=\"https:\/\/dinostorm.com\/tr\/oyun\/silah-sozlugu\/\" \/>\n<meta property=\"og:locale\" content=\"tr_TR\" \/>\n<meta property=\"og:type\" content=\"article\" \/>\n<meta property=\"og:title\" content=\"Silah S\u00f6zl\u00fcg\u00fc - Dino Storm\" \/>\n<meta property=\"og:description\" content=\"Dino Storm&#039;daki lazer silahlar\u0131 hakk\u0131nda daha fazla bilgi edinmek ister misin? \u0130ster lazer silahlar\u0131, isterse lazer t\u00fcfekleri olsun, her t\u00fcrl\u00fc bilgiye silah s\u00f6zl\u00fc\u011f\u00fcm\u00fczden eri\u015febilirsin.\" \/>\n<meta property=\"og:url\" content=\"https:\/\/dinostorm.com\/tr\/oyun\/silah-sozlugu\/\" \/>\n<meta property=\"og:site_name\" content=\"Dino Storm\" \/>\n<meta property=\"article:modified_time\" content=\"2021-07-01T11:20:59+00:00\" \/>\n<meta property=\"og:image\" content=\"https:\/\/dinostorm.com\/wp-content\/uploads\/2012\/09\/ds_jungle_01.jpg\" \/>\n\t<meta property=\"og:image:width\" content=\"1280\" \/>\n\t<meta property=\"og:image:height\" content=\"720\" \/>\n\t<meta property=\"og:image:type\" content=\"image\/jpeg\" \/>\n<script type=\"application\/ld+json\" class=\"yoast-schema-graph\">{\"@context\":\"https:\\\/\\\/schema.org\",\"@graph\":[{\"@type\":\"WebPage\",\"@id\":\"https:\\\/\\\/dinostorm.com\\\/tr\\\/oyun\\\/silah-sozlugu\\\/\",\"url\":\"https:\\\/\\\/dinostorm.com\\\/tr\\\/oyun\\\/silah-sozlugu\\\/\",\"name\":\"Silah S\u00f6zl\u00fcg\u00fc - Dino Storm\",\"isPartOf\":{\"@id\":\"https:\\\/\\\/dinostorm.com\\\/tr\\\/#website\"},\"primaryImageOfPage\":{\"@id\":\"https:\\\/\\\/dinostorm.com\\\/tr\\\/oyun\\\/silah-sozlugu\\\/#primaryimage\"},\"image\":{\"@id\":\"https:\\\/\\\/dinostorm.com\\\/tr\\\/oyun\\\/silah-sozlugu\\\/#primaryimage\"},\"thumbnailUrl\":\"https:\\\/\\\/dinostorm.com\\\/wp-content\\\/uploads\\\/2012\\\/09\\\/ds_jungle_01.jpg\",\"datePublished\":\"2012-09-10T14:23:26+00:00\",\"dateModified\":\"2021-07-01T11:20:59+00:00\",\"description\":\"Dino Storm'daki lazer silahlar\u0131 hakk\u0131nda daha fazla bilgi edinmek ister misin? \u0130ster lazer silahlar\u0131, isterse lazer t\u00fcfekleri olsun, her t\u00fcrl\u00fc bilgiye silah s\u00f6zl\u00fc\u011f\u00fcm\u00fczden eri\u015febilirsin.\",\"breadcrumb\":{\"@id\":\"https:\\\/\\\/dinostorm.com\\\/tr\\\/oyun\\\/silah-sozlugu\\\/#breadcrumb\"},\"inLanguage\":\"tr\",\"potentialAction\":[{\"@type\":\"ReadAction\",\"target\":[\"https:\\\/\\\/dinostorm.com\\\/tr\\\/oyun\\\/silah-sozlugu\\\/\"]}]},{\"@type\":\"ImageObject\",\"inLanguage\":\"tr\",\"@id\":\"https:\\\/\\\/dinostorm.com\\\/tr\\\/oyun\\\/silah-sozlugu\\\/#primaryimage\",\"url\":\"https:\\\/\\\/dinostorm.com\\\/wp-content\\\/uploads\\\/2012\\\/09\\\/ds_jungle_01.jpg\",\"contentUrl\":\"https:\\\/\\\/dinostorm.com\\\/wp-content\\\/uploads\\\/2012\\\/09\\\/ds_jungle_01.jpg\",\"width\":1280,\"height\":720,\"caption\":\"Beware of dangerous bandits in Mokon Woods are everywhere.\"},{\"@type\":\"BreadcrumbList\",\"@id\":\"https:\\\/\\\/dinostorm.com\\\/tr\\\/oyun\\\/silah-sozlugu\\\/#breadcrumb\",\"itemListElement\":[{\"@type\":\"ListItem\",\"position\":1,\"name\":\"Home\",\"item\":\"https:\\\/\\\/dinostorm.com\\\/tr\\\/\"},{\"@type\":\"ListItem\",\"position\":2,\"name\":\"Oyun\",\"item\":\"https:\\\/\\\/dinostorm.com\\\/tr\\\/oyun\\\/\"},{\"@type\":\"ListItem\",\"position\":3,\"name\":\"Silah S\u00f6zl\u00fcg\u00fc\"}]},{\"@type\":\"WebSite\",\"@id\":\"https:\\\/\\\/dinostorm.com\\\/tr\\\/#website\",\"url\":\"https:\\\/\\\/dinostorm.com\\\/tr\\\/\",\"name\":\"Dino Storm\",\"description\":\"\",\"potentialAction\":[{\"@type\":\"SearchAction\",\"target\":{\"@type\":\"EntryPoint\",\"urlTemplate\":\"https:\\\/\\\/dinostorm.com\\\/tr\\\/?s={search_term_string}\"},\"query-input\":{\"@type\":\"PropertyValueSpecification\",\"valueRequired\":true,\"valueName\":\"search_term_string\"}}],\"inLanguage\":\"tr\"}]}<\/script>\n<!-- \/ Yoast SEO plugin. -->","yoast_head_json":{"title":"Silah S\u00f6zl\u00fcg\u00fc - Dino Storm","description":"Dino Storm'daki lazer silahlar\u0131 hakk\u0131nda daha fazla bilgi edinmek ister misin? \u0130ster lazer silahlar\u0131, isterse lazer t\u00fcfekleri olsun, her t\u00fcrl\u00fc bilgiye silah s\u00f6zl\u00fc\u011f\u00fcm\u00fczden eri\u015febilirsin.","robots":{"index":"index","follow":"follow","max-snippet":"max-snippet:-1","max-image-preview":"max-image-preview:large","max-video-preview":"max-video-preview:-1"},"canonical":"https:\/\/dinostorm.com\/tr\/oyun\/silah-sozlugu\/","og_locale":"tr_TR","og_type":"article","og_title":"Silah S\u00f6zl\u00fcg\u00fc - Dino Storm","og_description":"Dino Storm'daki lazer silahlar\u0131 hakk\u0131nda daha fazla bilgi edinmek ister misin? \u0130ster lazer silahlar\u0131, isterse lazer t\u00fcfekleri olsun, her t\u00fcrl\u00fc bilgiye silah s\u00f6zl\u00fc\u011f\u00fcm\u00fczden eri\u015febilirsin.","og_url":"https:\/\/dinostorm.com\/tr\/oyun\/silah-sozlugu\/","og_site_name":"Dino Storm","article_modified_time":"2021-07-01T11:20:59+00:00","og_image":[{"width":1280,"height":720,"url":"https:\/\/dinostorm.com\/wp-content\/uploads\/2012\/09\/ds_jungle_01.jpg","type":"image\/jpeg"}],"schema":{"@context":"https:\/\/schema.org","@graph":[{"@type":"WebPage","@id":"https:\/\/dinostorm.com\/tr\/oyun\/silah-sozlugu\/","url":"https:\/\/dinostorm.com\/tr\/oyun\/silah-sozlugu\/","name":"Silah S\u00f6zl\u00fcg\u00fc - Dino Storm","isPartOf":{"@id":"https:\/\/dinostorm.com\/tr\/#website"},"primaryImageOfPage":{"@id":"https:\/\/dinostorm.com\/tr\/oyun\/silah-sozlugu\/#primaryimage"},"image":{"@id":"https:\/\/dinostorm.com\/tr\/oyun\/silah-sozlugu\/#primaryimage"},"thumbnailUrl":"https:\/\/dinostorm.com\/wp-content\/uploads\/2012\/09\/ds_jungle_01.jpg","datePublished":"2012-09-10T14:23:26+00:00","dateModified":"2021-07-01T11:20:59+00:00","description":"Dino Storm'daki lazer silahlar\u0131 hakk\u0131nda daha fazla bilgi edinmek ister misin? \u0130ster lazer silahlar\u0131, isterse lazer t\u00fcfekleri olsun, her t\u00fcrl\u00fc bilgiye silah s\u00f6zl\u00fc\u011f\u00fcm\u00fczden eri\u015febilirsin.","breadcrumb":{"@id":"https:\/\/dinostorm.com\/tr\/oyun\/silah-sozlugu\/#breadcrumb"},"inLanguage":"tr","potentialAction":[{"@type":"ReadAction","target":["https:\/\/dinostorm.com\/tr\/oyun\/silah-sozlugu\/"]}]},{"@type":"ImageObject","inLanguage":"tr","@id":"https:\/\/dinostorm.com\/tr\/oyun\/silah-sozlugu\/#primaryimage","url":"https:\/\/dinostorm.com\/wp-content\/uploads\/2012\/09\/ds_jungle_01.jpg","contentUrl":"https:\/\/dinostorm.com\/wp-content\/uploads\/2012\/09\/ds_jungle_01.jpg","width":1280,"height":720,"caption":"Beware of dangerous bandits in Mokon Woods are everywhere."},{"@type":"BreadcrumbList","@id":"https:\/\/dinostorm.com\/tr\/oyun\/silah-sozlugu\/#breadcrumb","itemListElement":[{"@type":"ListItem","position":1,"name":"Home","item":"https:\/\/dinostorm.com\/tr\/"},{"@type":"ListItem","position":2,"name":"Oyun","item":"https:\/\/dinostorm.com\/tr\/oyun\/"},{"@type":"ListItem","position":3,"name":"Silah S\u00f6zl\u00fcg\u00fc"}]},{"@type":"WebSite","@id":"https:\/\/dinostorm.com\/tr\/#website","url":"https:\/\/dinostorm.com\/tr\/","name":"Dino Storm","description":"","potentialAction":[{"@type":"SearchAction","target":{"@type":"EntryPoint","urlTemplate":"https:\/\/dinostorm.com\/tr\/?s={search_term_string}"},"query-input":{"@type":"PropertyValueSpecification","valueRequired":true,"valueName":"search_term_string"}}],"inLanguage":"tr"}]}},"_links":{"self":[{"href":"https:\/\/dinostorm.com\/tr\/wp-json\/wp\/v2\/pages\/1738","targetHints":{"allow":["GET"]}}],"collection":[{"href":"https:\/\/dinostorm.com\/tr\/wp-json\/wp\/v2\/pages"}],"about":[{"href":"https:\/\/dinostorm.com\/tr\/wp-json\/wp\/v2\/types\/page"}],"author":[{"embeddable":true,"href":"https:\/\/dinostorm.com\/tr\/wp-json\/wp\/v2\/users\/26"}],"replies":[{"embeddable":true,"href":"https:\/\/dinostorm.com\/tr\/wp-json\/wp\/v2\/comments?post=1738"}],"version-history":[{"count":5,"href":"https:\/\/dinostorm.com\/tr\/wp-json\/wp\/v2\/pages\/1738\/revisions"}],"predecessor-version":[{"id":235329,"href":"https:\/\/dinostorm.com\/tr\/wp-json\/wp\/v2\/pages\/1738\/revisions\/235329"}],"up":[{"embeddable":true,"href":"https:\/\/dinostorm.com\/tr\/wp-json\/wp\/v2\/pages\/3706"}],"wp:featuredmedia":[{"embeddable":true,"href":"https:\/\/dinostorm.com\/tr\/wp-json\/wp\/v2\/media\/15052"}],"wp:attachment":[{"href":"https:\/\/dinostorm.com\/tr\/wp-json\/wp\/v2\/media?parent=1738"}],"curies":[{"name":"wp","href":"https:\/\/api.w.org\/{rel}","templated":true}]}}