{"id":1736,"date":"2012-09-10T16:23:12","date_gmt":"2012-09-10T14:23:12","guid":{"rendered":"http:\/\/dinostorm.com\/?page_id=1736"},"modified":"2021-07-08T13:51:42","modified_gmt":"2021-07-08T11:51:42","slug":"dinozor-sozlugu","status":"publish","type":"page","link":"https:\/\/dinostorm.com\/tr\/oyun\/dinozor-sozlugu\/","title":{"rendered":"Dinozor S\u00f6zl\u00fcg\u00fc"},"content":{"rendered":"<div class=\"teaser\"><\/div>\n<h1 class=\"headline_page width_350\"><span>Dinozor S\u00f6zl\u00fcg\u00fc<\/span><\/h1>\n<p class=\"back-button back-pos350\"><a class=\"back-block\" href=\"\/tr\/oyun#overview\">Geri<\/a><\/p>\n<div class=\"full\">\n<img decoding=\"async\" class=\"wrapper_image_impl colorbox-1736\" src=\"\/wp-content\/themes\/arras\/images\/dinostorm\/dinosaur-cowboy.png\" alt=\"Dinozor: Dino Storm\"\/><\/p>\n<div class=\"wrapper_impl\">\n<p class=\"text-impl\">Safkan etoburlar ve otoburlar! Her bir dinozor en sa\u011fl\u0131kl\u0131 \u015fekilde yeti\u015ftirilmi\u015ftir ve binmek i\u00e7in yeterince evcildir.<\/p>\n<\/div>\n<\/div>\n<div class=\"wrapper_dinolex\">\n<center><\/p>\n<h2>Koelofisis<\/h2>\n<div class=\"dino_lex\">\n<a class=\"dino_lex_uber\" href=\"\/tr\/oyun\/dinozor-sozlugu\/koelofisis\"><img class=\"colorbox-1736\"  decoding=\"async\" width=\"248\" src=\"\/wp-content\/themes\/arras\/images\/dinostorm\/Dinos\/Coelophysis.png\"  onmouseover=\"this.width=268\" onmouseout=\"this.width=248\"><\/a>\n<\/div>\n<p><\/center>\n<\/div>\n<div class=\"wrapper_dinolex\">\n<center><\/p>\n<h2>Pakisefalozorus<\/h2>\n<div class=\"dino_lex\">\n<a class=\"dino_lex_uber\" href=\"\/tr\/oyun\/dinozor-sozlugu\/pakisefalozorus\"><img class=\"colorbox-1736\"  decoding=\"async\" width=\"248\" src=\"\/wp-content\/themes\/arras\/images\/dinostorm\/Dinos\/Pachycephalosaurus.png\"  onmouseover=\"this.width=268\" onmouseout=\"this.width=248\"><\/a>\n<\/div>\n<p><\/center>\n<\/div>\n<div class=\"wrapper_dinolex\">\n<center><\/p>\n<h2>Parazorolofus<\/h2>\n<div class=\"dino_lex\">\n<a class=\"dino_lex_uber\" href=\"\/tr\/oyun\/dinozor-sozlugu\/parazorolofus\"><img class=\"colorbox-1736\"  decoding=\"async\" width=\"248\" src=\"\/wp-content\/themes\/arras\/images\/dinostorm\/Dinos\/Parasaurolophus.png\"  onmouseover=\"this.width=268\" onmouseout=\"this.width=248\"><\/a>\n<\/div>\n<p><\/center>\n<\/div>\n<div class=\"wrapper_dinolex\">\n<center><\/p>\n<h2>Santrozorus<\/h2>\n<div class=\"dino_lex\">\n<a class=\"dino_lex_uber\" href=\"\/tr\/oyun\/dinozor-sozlugu\/santrozorus\"><img class=\"colorbox-1736\"  decoding=\"async\" width=\"248\" src=\"\/wp-content\/themes\/arras\/images\/dinostorm\/Dinos\/Centrosaurus.png\"  onmouseover=\"this.width=268\" onmouseout=\"this.width=248\"><\/a>\n<\/div>\n<p><\/center>\n<\/div>\n<div class=\"wrapper_dinolex\">\n<center><\/p>\n<h2>Brakiozorus<\/h2>\n<p><a class=\"dino_lex_uber\" href=\"\/tr\/oyun\/dinozor-sozlugu\/brakiozorus\"><img class=\"colorbox-1736\"  decoding=\"async\" width=\"248\" src=\"\/wp-content\/themes\/arras\/images\/dinostorm\/Dinos\/Brachiosaurus.png\"  onmouseover=\"this.width=268\" onmouseout=\"this.width=248\"><\/a><br \/>\n<\/center>\n<\/div>\n<div class=\"wrapper_dinolex\">\n<center><\/p>\n<h2>Ankilozor<\/h2>\n<p><a class=\"dino_lex_uber\" href=\"\/tr\/oyun\/dinozor-sozlugu\/ankylosaurus\"><img class=\"colorbox-1736\"  decoding=\"async\" width=\"248\" src=\"\/wp-content\/themes\/arras\/images\/dinostorm\/Dinos\/Ankylosaurus.png\"  onmouseover=\"this.width=268\" onmouseout=\"this.width=248\"><\/a><br \/>\n<\/center>\n<\/div>\n<div class=\"wrapper_dinolex\">\n<center><\/p>\n<h2>Karnotorus<\/h2>\n<p><a class=\"dino_lex_uber\" href=\"\/tr\/oyun\/dinozor-sozlugu\/karnotorus\"><img class=\"colorbox-1736\"  decoding=\"async\" width=\"248\" src=\"\/wp-content\/themes\/arras\/images\/dinostorm\/Dinos\/Carnotaurus.png\"  onmouseover=\"this.width=268\" onmouseout=\"this.width=248\"><\/a><br \/>\n<\/center>\n<\/div>\n<div class=\"wrapper_dinolex\">\n<center><\/p>\n<h2>Tayranozorus<\/h2>\n<p><a class=\"dino_lex_uber\" href=\"\/tr\/oyun\/dinozor-sozlugu\/tayranozorus\"><img class=\"colorbox-1736\"  decoding=\"async\" width=\"248\" src=\"\/wp-content\/themes\/arras\/images\/dinostorm\/Dinos\/Tyrannosaurus Rex.png\"  onmouseover=\"this.width=268\" onmouseout=\"this.width=248\"><\/a><br \/>\n<\/center>\n<\/div>\n<div class=\"full\">\n<img decoding=\"async\" class=\"hr3 colorbox-1736\" src=\"\/wp-content\/themes\/arras\/images\/dinostorm\/seperator_big.png\" alt=\"separator dino storm\" \/>\n<\/div>\n","protected":false},"excerpt":{"rendered":"<p>Dinozor S\u00f6zl\u00fcg\u00fc Geri Safkan etoburlar ve otoburlar! Her bir dinozor en sa\u011fl\u0131kl\u0131 \u015fekilde yeti\u015ftirilmi\u015ftir ve binmek i\u00e7in yeterince evcildir. Koelofisis Pakisefalozorus Parazorolofus Santrozorus Brakiozorus Ankilozor Karnotorus Tayranozorus<\/p>\n","protected":false},"author":26,"featured_media":15052,"parent":3706,"menu_order":0,"comment_status":"closed","ping_status":"closed","template":"pagetpl-onecolumn.php","meta":{"footnotes":"","_links_to":"","_links_to_target":""},"class_list":["post-1736","page","type-page","status-publish","has-post-thumbnail","hentry"],"yoast_head":"<!-- This site is optimized with the Yoast SEO plugin v27.3 - https:\/\/yoast.com\/product\/yoast-seo-wordpress\/ -->\n<title>Dinozor S\u00f6zl\u00fcg\u00fc - Dino Storm<\/title>\n<meta name=\"description\" content=\"Dino Storm&#039;daki dinozorlar\u0131 tan\u0131yor musun? Dinozor s\u00f6zl\u00fc\u011f\u00fcm\u00fcze bir g\u00f6z at. Faydal\u0131 bilgiler, beceriler, yetenekler ve daha fazlas\u0131...\" \/>\n<meta name=\"robots\" content=\"index, follow, max-snippet:-1, max-image-preview:large, max-video-preview:-1\" \/>\n<link rel=\"canonical\" href=\"https:\/\/dinostorm.com\/tr\/oyun\/dinozor-sozlugu\/\" \/>\n<meta property=\"og:locale\" content=\"tr_TR\" \/>\n<meta property=\"og:type\" content=\"article\" \/>\n<meta property=\"og:title\" content=\"Dinozor S\u00f6zl\u00fcg\u00fc - Dino Storm\" \/>\n<meta property=\"og:description\" content=\"Dino Storm&#039;daki dinozorlar\u0131 tan\u0131yor musun? Dinozor s\u00f6zl\u00fc\u011f\u00fcm\u00fcze bir g\u00f6z at. Faydal\u0131 bilgiler, beceriler, yetenekler ve daha fazlas\u0131...\" \/>\n<meta property=\"og:url\" content=\"https:\/\/dinostorm.com\/tr\/oyun\/dinozor-sozlugu\/\" \/>\n<meta property=\"og:site_name\" content=\"Dino Storm\" \/>\n<meta property=\"article:modified_time\" content=\"2021-07-08T11:51:42+00:00\" \/>\n<meta property=\"og:image\" content=\"https:\/\/dinostorm.com\/wp-content\/uploads\/2012\/09\/ds_jungle_01.jpg\" \/>\n\t<meta property=\"og:image:width\" content=\"1280\" \/>\n\t<meta property=\"og:image:height\" content=\"720\" \/>\n\t<meta property=\"og:image:type\" content=\"image\/jpeg\" \/>\n<script type=\"application\/ld+json\" class=\"yoast-schema-graph\">{\"@context\":\"https:\\\/\\\/schema.org\",\"@graph\":[{\"@type\":\"WebPage\",\"@id\":\"https:\\\/\\\/dinostorm.com\\\/tr\\\/oyun\\\/dinozor-sozlugu\\\/\",\"url\":\"https:\\\/\\\/dinostorm.com\\\/tr\\\/oyun\\\/dinozor-sozlugu\\\/\",\"name\":\"Dinozor S\u00f6zl\u00fcg\u00fc - Dino Storm\",\"isPartOf\":{\"@id\":\"https:\\\/\\\/dinostorm.com\\\/tr\\\/#website\"},\"primaryImageOfPage\":{\"@id\":\"https:\\\/\\\/dinostorm.com\\\/tr\\\/oyun\\\/dinozor-sozlugu\\\/#primaryimage\"},\"image\":{\"@id\":\"https:\\\/\\\/dinostorm.com\\\/tr\\\/oyun\\\/dinozor-sozlugu\\\/#primaryimage\"},\"thumbnailUrl\":\"https:\\\/\\\/dinostorm.com\\\/wp-content\\\/uploads\\\/2012\\\/09\\\/ds_jungle_01.jpg\",\"datePublished\":\"2012-09-10T14:23:12+00:00\",\"dateModified\":\"2021-07-08T11:51:42+00:00\",\"description\":\"Dino Storm'daki dinozorlar\u0131 tan\u0131yor musun? Dinozor s\u00f6zl\u00fc\u011f\u00fcm\u00fcze bir g\u00f6z at. Faydal\u0131 bilgiler, beceriler, yetenekler ve daha fazlas\u0131...\",\"breadcrumb\":{\"@id\":\"https:\\\/\\\/dinostorm.com\\\/tr\\\/oyun\\\/dinozor-sozlugu\\\/#breadcrumb\"},\"inLanguage\":\"tr\",\"potentialAction\":[{\"@type\":\"ReadAction\",\"target\":[\"https:\\\/\\\/dinostorm.com\\\/tr\\\/oyun\\\/dinozor-sozlugu\\\/\"]}]},{\"@type\":\"ImageObject\",\"inLanguage\":\"tr\",\"@id\":\"https:\\\/\\\/dinostorm.com\\\/tr\\\/oyun\\\/dinozor-sozlugu\\\/#primaryimage\",\"url\":\"https:\\\/\\\/dinostorm.com\\\/wp-content\\\/uploads\\\/2012\\\/09\\\/ds_jungle_01.jpg\",\"contentUrl\":\"https:\\\/\\\/dinostorm.com\\\/wp-content\\\/uploads\\\/2012\\\/09\\\/ds_jungle_01.jpg\",\"width\":1280,\"height\":720,\"caption\":\"Beware of dangerous bandits in Mokon Woods are everywhere.\"},{\"@type\":\"BreadcrumbList\",\"@id\":\"https:\\\/\\\/dinostorm.com\\\/tr\\\/oyun\\\/dinozor-sozlugu\\\/#breadcrumb\",\"itemListElement\":[{\"@type\":\"ListItem\",\"position\":1,\"name\":\"Home\",\"item\":\"https:\\\/\\\/dinostorm.com\\\/tr\\\/\"},{\"@type\":\"ListItem\",\"position\":2,\"name\":\"Oyun\",\"item\":\"https:\\\/\\\/dinostorm.com\\\/tr\\\/oyun\\\/\"},{\"@type\":\"ListItem\",\"position\":3,\"name\":\"Dinozor S\u00f6zl\u00fcg\u00fc\"}]},{\"@type\":\"WebSite\",\"@id\":\"https:\\\/\\\/dinostorm.com\\\/tr\\\/#website\",\"url\":\"https:\\\/\\\/dinostorm.com\\\/tr\\\/\",\"name\":\"Dino Storm\",\"description\":\"\",\"potentialAction\":[{\"@type\":\"SearchAction\",\"target\":{\"@type\":\"EntryPoint\",\"urlTemplate\":\"https:\\\/\\\/dinostorm.com\\\/tr\\\/?s={search_term_string}\"},\"query-input\":{\"@type\":\"PropertyValueSpecification\",\"valueRequired\":true,\"valueName\":\"search_term_string\"}}],\"inLanguage\":\"tr\"}]}<\/script>\n<!-- \/ Yoast SEO plugin. -->","yoast_head_json":{"title":"Dinozor S\u00f6zl\u00fcg\u00fc - Dino Storm","description":"Dino Storm'daki dinozorlar\u0131 tan\u0131yor musun? Dinozor s\u00f6zl\u00fc\u011f\u00fcm\u00fcze bir g\u00f6z at. Faydal\u0131 bilgiler, beceriler, yetenekler ve daha fazlas\u0131...","robots":{"index":"index","follow":"follow","max-snippet":"max-snippet:-1","max-image-preview":"max-image-preview:large","max-video-preview":"max-video-preview:-1"},"canonical":"https:\/\/dinostorm.com\/tr\/oyun\/dinozor-sozlugu\/","og_locale":"tr_TR","og_type":"article","og_title":"Dinozor S\u00f6zl\u00fcg\u00fc - Dino Storm","og_description":"Dino Storm'daki dinozorlar\u0131 tan\u0131yor musun? Dinozor s\u00f6zl\u00fc\u011f\u00fcm\u00fcze bir g\u00f6z at. Faydal\u0131 bilgiler, beceriler, yetenekler ve daha fazlas\u0131...","og_url":"https:\/\/dinostorm.com\/tr\/oyun\/dinozor-sozlugu\/","og_site_name":"Dino Storm","article_modified_time":"2021-07-08T11:51:42+00:00","og_image":[{"width":1280,"height":720,"url":"https:\/\/dinostorm.com\/wp-content\/uploads\/2012\/09\/ds_jungle_01.jpg","type":"image\/jpeg"}],"schema":{"@context":"https:\/\/schema.org","@graph":[{"@type":"WebPage","@id":"https:\/\/dinostorm.com\/tr\/oyun\/dinozor-sozlugu\/","url":"https:\/\/dinostorm.com\/tr\/oyun\/dinozor-sozlugu\/","name":"Dinozor S\u00f6zl\u00fcg\u00fc - Dino Storm","isPartOf":{"@id":"https:\/\/dinostorm.com\/tr\/#website"},"primaryImageOfPage":{"@id":"https:\/\/dinostorm.com\/tr\/oyun\/dinozor-sozlugu\/#primaryimage"},"image":{"@id":"https:\/\/dinostorm.com\/tr\/oyun\/dinozor-sozlugu\/#primaryimage"},"thumbnailUrl":"https:\/\/dinostorm.com\/wp-content\/uploads\/2012\/09\/ds_jungle_01.jpg","datePublished":"2012-09-10T14:23:12+00:00","dateModified":"2021-07-08T11:51:42+00:00","description":"Dino Storm'daki dinozorlar\u0131 tan\u0131yor musun? Dinozor s\u00f6zl\u00fc\u011f\u00fcm\u00fcze bir g\u00f6z at. Faydal\u0131 bilgiler, beceriler, yetenekler ve daha fazlas\u0131...","breadcrumb":{"@id":"https:\/\/dinostorm.com\/tr\/oyun\/dinozor-sozlugu\/#breadcrumb"},"inLanguage":"tr","potentialAction":[{"@type":"ReadAction","target":["https:\/\/dinostorm.com\/tr\/oyun\/dinozor-sozlugu\/"]}]},{"@type":"ImageObject","inLanguage":"tr","@id":"https:\/\/dinostorm.com\/tr\/oyun\/dinozor-sozlugu\/#primaryimage","url":"https:\/\/dinostorm.com\/wp-content\/uploads\/2012\/09\/ds_jungle_01.jpg","contentUrl":"https:\/\/dinostorm.com\/wp-content\/uploads\/2012\/09\/ds_jungle_01.jpg","width":1280,"height":720,"caption":"Beware of dangerous bandits in Mokon Woods are everywhere."},{"@type":"BreadcrumbList","@id":"https:\/\/dinostorm.com\/tr\/oyun\/dinozor-sozlugu\/#breadcrumb","itemListElement":[{"@type":"ListItem","position":1,"name":"Home","item":"https:\/\/dinostorm.com\/tr\/"},{"@type":"ListItem","position":2,"name":"Oyun","item":"https:\/\/dinostorm.com\/tr\/oyun\/"},{"@type":"ListItem","position":3,"name":"Dinozor S\u00f6zl\u00fcg\u00fc"}]},{"@type":"WebSite","@id":"https:\/\/dinostorm.com\/tr\/#website","url":"https:\/\/dinostorm.com\/tr\/","name":"Dino Storm","description":"","potentialAction":[{"@type":"SearchAction","target":{"@type":"EntryPoint","urlTemplate":"https:\/\/dinostorm.com\/tr\/?s={search_term_string}"},"query-input":{"@type":"PropertyValueSpecification","valueRequired":true,"valueName":"search_term_string"}}],"inLanguage":"tr"}]}},"_links":{"self":[{"href":"https:\/\/dinostorm.com\/tr\/wp-json\/wp\/v2\/pages\/1736","targetHints":{"allow":["GET"]}}],"collection":[{"href":"https:\/\/dinostorm.com\/tr\/wp-json\/wp\/v2\/pages"}],"about":[{"href":"https:\/\/dinostorm.com\/tr\/wp-json\/wp\/v2\/types\/page"}],"author":[{"embeddable":true,"href":"https:\/\/dinostorm.com\/tr\/wp-json\/wp\/v2\/users\/26"}],"replies":[{"embeddable":true,"href":"https:\/\/dinostorm.com\/tr\/wp-json\/wp\/v2\/comments?post=1736"}],"version-history":[{"count":2,"href":"https:\/\/dinostorm.com\/tr\/wp-json\/wp\/v2\/pages\/1736\/revisions"}],"predecessor-version":[{"id":237960,"href":"https:\/\/dinostorm.com\/tr\/wp-json\/wp\/v2\/pages\/1736\/revisions\/237960"}],"up":[{"embeddable":true,"href":"https:\/\/dinostorm.com\/tr\/wp-json\/wp\/v2\/pages\/3706"}],"wp:featuredmedia":[{"embeddable":true,"href":"https:\/\/dinostorm.com\/tr\/wp-json\/wp\/v2\/media\/15052"}],"wp:attachment":[{"href":"https:\/\/dinostorm.com\/tr\/wp-json\/wp\/v2\/media?parent=1736"}],"curies":[{"name":"wp","href":"https:\/\/api.w.org\/{rel}","templated":true}]}}