{"id":1688,"date":"2012-09-05T14:50:11","date_gmt":"2012-09-05T12:50:11","guid":{"rendered":"http:\/\/dinostorm.com\/?page_id=1688"},"modified":"2022-11-24T17:21:12","modified_gmt":"2022-11-24T15:21:12","slug":"giris-sayfasi","status":"publish","type":"page","link":"https:\/\/dinostorm.com\/tr\/","title":{"rendered":"Giri\u015f Sayfas\u0131"},"content":{"rendered":"<div class=\"teaser-home\"><\/div>\n<!-- Start vSlider options -->\r\n<script type=\"text\/javascript\">\r\nvar $jq = jQuery.noConflict(); $jq(document).ready(function() { \r\n    $jq('#HomeTrkisch').coinslider({ width: 960,     height: 389, spw: 3, sph: 2, delay: 6000, sDelay: 60, opacity: 0.7, titleSpeed: 0, effect: 'fade', navigation: false, links : true, stickynav: false, hoverPause: 0 }); }); \r\n    <\/script>\r\n<!-- Begin vSlider options -->\r\n<style type=\"text\/css\" media=\"screen\">\r\n#HomeTrkischcontainer {\r\n    margin: 0px -5px -5px 4px;\r\n    float:none;\r\n    }\r\n#HomeTrkisch { \r\n    width: 960px; \r\n    height: 389px;\r\n    overflow: hidden; \r\n    position: relative; \r\n    }\r\n    \r\n\r\n    #HomeTrkisch a, #HomeTrkisch a img {\r\n        border: none !important; \r\n        text-decoration: none !important; \r\n        outline: none !important;\r\n        } \r\n        \r\n    #HomeTrkisch h4 {\r\n        color: #FFFFFF !important;\r\n        margin: 0px !important;padding: 0px !important;\r\n        font-family: Arial, Helvetica, sans-serif !important;\r\n        font-size: 16px !important;}\r\n        \r\n    #HomeTrkisch .cs-title {\r\n        background: #000;\r\n        color: #FFFFFF  !important;\r\n        font-family: Arial, Helvetica, sans-serif !important;\r\n        font-size: 12px !important;\r\n        letter-spacing: normal !important;line-height: normal !important;}\r\n        \r\n    #HomeTrkisch .cs-title{ position:absolute;\r\n    width: 949px; padding: 10px;        }\r\n        #HomeTrkischcontainer .cs-buttons {clear:both; font-size: 0px; margin: ; float: left; }\r\n       #cs-button-HomeTrkisch{ z-index:999;outline:none;}\r\n                #HomeTrkischcontainer .cs-buttons { font-size: 0px; padding: 10px; float: left; outline: none !important;}\r\n           #HomeTrkischcontainer .cs-buttons a { margin-left: 5px; height: 15px; width: 15px; float: left; \r\n                            background: url('https:\/\/dinostorm.com\/wp-content\/plugins\/vslider\/images\/default_style.png') no-repeat;background-position:top;\r\n                                                text-indent: -1000px;\r\n                                                outline: none !important;\r\n                             }\r\n             #HomeTrkischcontainer .cs-buttons a:hover  { background: url('https:\/\/dinostorm.com\/wp-content\/plugins\/vslider\/images\/default_style.png') no-repeat;background-position: bottom;top:15px;outline: none !important;}\r\n            #HomeTrkischcontainer  a.cs-active { background: url('https:\/\/dinostorm.com\/wp-content\/plugins\/vslider\/images\/default_style.png') no-repeat;background-position:bottom;outline: none !important;}          \r\n                                \r\n        \r\n                 #HomeTrkisch  .cs-prev,#HomeTrkisch  .cs-next { outline:none; }\r\n           #HomeTrkisch  .cs-prev {margin-left:8px; line-height: 30px;width: 30px;height:30px; background: url('https:\/\/dinostorm.com\/wp-content\/plugins\/vslider\/images\/nav_style2_arrows-prev.png')no-repeat; text-indent: -999px;}\r\n      #HomeTrkisch  .cs-next {margin-right: 5px; line-height: 30px;width: 30px;height:30px; background: url('https:\/\/dinostorm.com\/wp-content\/plugins\/vslider\/images\/nav_style2_arrows-next.png')no-repeat; text-indent: -999px;}\r\n         \r\n       #HomeTrkisch,#HomeTrkisch img {\r\n        border:1px solid #000; \r\n        border-radius:1px;\r\n        -moz-border-radius:1px;\r\n        -webkit-border-radius:1px;\r\n        }\r\n<\/style>\r\n<!-- End vSlider options -->\r\n    <div id=\"HomeTrkischcontainer\">\r\n    <div id=\"HomeTrkisch\">       <a href=\"\" style=\"background:#fff;\" target=\"\">\r\n              <img class=\"colorbox-1688\"  decoding=\"async\" src=\"https:\/\/dinostorm.com\/wp-content\/plugins\/vslider\/timthumb.php?src=http%3A%2F%2Fdinostorm.com%2Fwp-content%2Fuploads%2F2012%2F10%2FDinoville.jpg&amp;w=960&amp;h=389&amp;zc=1&amp;q=80\" style=\"width:960px;height:389px;\" alt=\"Dinoville\u2019e Ho\u015fgeldin\" \/>\r\n                    <span><h4>Dinoville\u2019e Ho\u015fgeldin<\/h4>Dinozor aksiyonunu 3D, \u00fccretsiz ve taray\u0131c\u0131nda deneyimle<\/span>\r\n                <\/a>\r\n           <a href=\"\" style=\"background:#fff;\" target=\"\">\r\n              <img class=\"colorbox-1688\"  decoding=\"async\" src=\"https:\/\/dinostorm.com\/wp-content\/plugins\/vslider\/timthumb.php?src=http%3A%2F%2Fdinostorm.com%2Fwp-content%2Fuploads%2F2012%2F10%2Ffemale_rider.jpg&amp;w=960&amp;h=389&amp;zc=1&amp;q=80\" style=\"width:960px;height:389px;\" alt=\"Tehlike her yerde\" \/>\r\n                    <span><h4>Tehlike her yerde<\/h4>Arkada\u015flar\u0131nla birlikte geni\u015f oyun d\u00fcnyas\u0131n\u0131 ke\u015ffet<\/span>\r\n                <\/a>\r\n           <a href=\"\" style=\"background:#fff;\" target=\"\">\r\n              <img class=\"colorbox-1688\"  decoding=\"async\" src=\"https:\/\/dinostorm.com\/wp-content\/plugins\/vslider\/timthumb.php?src=http%3A%2F%2Fdinostorm.com%2Fwp-content%2Fuploads%2F2012%2F10%2Fbadguy.jpg&amp;w=960&amp;h=389&amp;zc=1&amp;q=80\" style=\"width:960px;height:389px;\" alt=\"Kasabay\u0131 al\u00e7aklara kar\u015f\u0131 savun\" \/>\r\n                    <span><h4>Kasabay\u0131 al\u00e7aklara kar\u015f\u0131 savun<\/h4>Amans\u0131z haydutlarla sava\u015f ve heyecan verici maceralarda hak etti\u011fin paray\u0131 kazan<\/span>\r\n                <\/a>\r\n    <\/div><\/div>\n<h1 class=\"headline-home headlineh1tr\"><span style=\"font-size:17px\">KOVBOYLAR. D\u0130NOZORLAR. VE LAZER S\u0130LAHLARI. \u2014 \u00dcCRETS\u0130Z 3D \u00c7OK OYUNCULU \u00c7EVR\u0130M\u0130\u00c7\u0130 OYUN.<\/span><\/h1>\n<div class=\"one_third\">\n<div class=\"Banner\">\n<div class=\"BannerInn\">\n<p class=\"BannerHead\">\u00d6ZELL\u0130KLER<\/p>\n<h2 class=\"BannerH\"><strong>Dino Storm &#8211; Kovboylu, Dinozorlu ve Lazer Silahl\u0131 ilk MMO oyunu<\/strong><\/h2>\n<div class=\"BannerText2\">\n<ul>\n<li>Yeni nesil 3D Grafikler senin taray\u0131c\u0131nda<\/li>\n<li>Y\u00fczlerce ser\u00fcven<\/li>\n<li>Kendi Dinozoru&#8217;nu geli\u015ftir<\/li>\n<li>Haydutlar&#8217;a kar\u015f\u0131 kendini kan\u0131tla<\/li>\n<li>Yenilik\u00e7i \u015e\u00f6hret Sistemi<\/li>\n<\/ul>\n<\/div>\n<\/div>\n<\/div>\n<\/div>\n<div class=\"one_third_m\">\n<p class=\"headline-home2 headline-home2-pos\">FRAGMAN<\/p>\n<div class=\"lyte-wrapper fourthree\" style=\"width:480px;max-width:100%;margin:5px;\"><div class=\"lyMe\" id=\"WYL_gQCBOCoQhM4\"><div id=\"lyte_gQCBOCoQhM4\" data-src=\"https:\/\/dinostorm.com\/wp-content\/plugins\/wp-youtube-lyte\/lyteCache.php?origThumbUrl=%2F%2Fi.ytimg.com%2Fvi%2FgQCBOCoQhM4%2Fhqdefault.jpg\" class=\"pL\"><div class=\"tC\"><div class=\"tT\"><\/div><\/div><div class=\"play\"><\/div><div class=\"ctrl\"><div class=\"Lctrl\"><\/div><div class=\"Rctrl\"><\/div><\/div><\/div><noscript><a href=\"https:\/\/youtu.be\/gQCBOCoQhM4\" rel=\"nofollow\"><img class=\"colorbox-1688\"  loading=\"lazy\" decoding=\"async\" src=\"https:\/\/dinostorm.com\/wp-content\/plugins\/wp-youtube-lyte\/lyteCache.php?origThumbUrl=https%3A%2F%2Fi.ytimg.com%2Fvi%2FgQCBOCoQhM4%2F0.jpg\" alt=\"YouTube video thumbnail\" width=\"480\" height=\"340\" \/><br \/>Watch this video on YouTube<\/a><\/noscript><\/div><\/div><div class=\"lL\" style=\"max-width:100%;width:480px;margin:5px;\"><\/div><\/p>\n<\/div>\n<div class=\"one_third_last\">\n<div class=\"image7\">\n<a class=\"image-link\" href=\"\/tr\/oyun\/dinozor-sozlugu\">Dinozor Sozlugu<\/a><\/div>\n<\/div>\n<div class=\"full\">\n<img decoding=\"async\" class=\"hr-home2 colorbox-1688\" src=\"\/wp-content\/themes\/arras\/images\/dinostorm\/seperator_small.png\" alt=\"separator dino storm\"><\/div>\n<div class=\"one_third\">\n<p class=\"headline-home2 headline-home2-pos\">EKRAN G\u00d6R\u00dcNT\u00dcLER\u0130<\/p>\n<div class=\"gallery\"><dl class='gallery-item'>\n\t\t\t<dt class='gallery-icon landscape'>\n\t\t\t\t<a href='https:\/\/dinostorm.com\/wp-content\/uploads\/2012\/09\/dinostorm_08.jpg'><img loading=\"lazy\" decoding=\"async\" width=\"130\" height=\"80\" src=\"https:\/\/dinostorm.com\/wp-content\/uploads\/2012\/09\/dinostorm_08-130x80.jpg\" class=\"attachment-gallery_thumbnail size-gallery_thumbnail colorbox-1688 \" alt=\"Dino Storm - Dinoville\" aria-describedby=\"gallery-1-15049\" \/><\/a>\n\t\t\t<\/dt>\n\t\t\t\t<dd class='wp-caption-text gallery-caption' id='gallery-1-15049'>\n\t\t\t\tBeautiful panorama of the western town Dinoville.\n\t\t\t\t<\/dd><\/dl><dl class='gallery-item'>\n\t\t\t<dt class='gallery-icon landscape'>\n\t\t\t\t<a href='https:\/\/dinostorm.com\/wp-content\/uploads\/2012\/09\/dinostorm_09.jpg'><img loading=\"lazy\" decoding=\"async\" width=\"130\" height=\"80\" src=\"https:\/\/dinostorm.com\/wp-content\/uploads\/2012\/09\/dinostorm_09-130x80.jpg\" class=\"attachment-gallery_thumbnail size-gallery_thumbnail colorbox-1688 \" alt=\"Dino Storm - River of Dinoville\" aria-describedby=\"gallery-1-15050\" \/><\/a>\n\t\t\t<\/dt>\n\t\t\t\t<dd class='wp-caption-text gallery-caption' id='gallery-1-15050'>\n\t\t\t\tWhat a view &#8211;  The  major river running through Dinoville.\n\t\t\t\t<\/dd><\/dl><br style=\"clear: both\" \/><dl class='gallery-item'>\n\t\t\t<dt class='gallery-icon landscape'>\n\t\t\t\t<a href='https:\/\/dinostorm.com\/wp-content\/uploads\/2012\/09\/dinostorm_11.jpg'><img loading=\"lazy\" decoding=\"async\" width=\"130\" height=\"80\" src=\"https:\/\/dinostorm.com\/wp-content\/uploads\/2012\/09\/dinostorm_11-130x80.jpg\" class=\"attachment-gallery_thumbnail size-gallery_thumbnail colorbox-1688 \" alt=\"Dino Storm - Dinosaurs in Dinoville\" aria-describedby=\"gallery-1-15051\" \/><\/a>\n\t\t\t<\/dt>\n\t\t\t\t<dd class='wp-caption-text gallery-caption' id='gallery-1-15051'>\n\t\t\t\tBack from your goldmine the saloon in Dinoville is the right place to be.\n\t\t\t\t<\/dd><\/dl><dl class='gallery-item'>\n\t\t\t<dt class='gallery-icon landscape'>\n\t\t\t\t<a href='https:\/\/dinostorm.com\/wp-content\/uploads\/2012\/09\/ds_jungle_01.jpg'><img loading=\"lazy\" decoding=\"async\" width=\"130\" height=\"80\" src=\"https:\/\/dinostorm.com\/wp-content\/uploads\/2012\/09\/ds_jungle_01-130x80.jpg\" class=\"attachment-gallery_thumbnail size-gallery_thumbnail colorbox-1688 \" alt=\"Dino Storm - Bandit in Mokon Woods\" aria-describedby=\"gallery-1-15052\" \/><\/a>\n\t\t\t<\/dt>\n\t\t\t\t<dd class='wp-caption-text gallery-caption' id='gallery-1-15052'>\n\t\t\t\tBeware of dangerous bandits in Mokon Woods are everywhere.\n\t\t\t\t<\/dd><\/dl><br style=\"clear: both\" \/><dl class='gallery-item'>\n\t\t\t<dt class='gallery-icon landscape'>\n\t\t\t\t<a href='https:\/\/dinostorm.com\/wp-content\/uploads\/2012\/09\/dinostorm_mokonwoods_01.jpg'><img loading=\"lazy\" decoding=\"async\" width=\"130\" height=\"80\" src=\"https:\/\/dinostorm.com\/wp-content\/uploads\/2012\/09\/dinostorm_mokonwoods_01-130x80.jpg\" class=\"attachment-gallery_thumbnail size-gallery_thumbnail colorbox-1688 \" alt=\"Dino Storm - Trouble in Mokon Woods\" aria-describedby=\"gallery-1-15053\" \/><\/a>\n\t\t\t<\/dt>\n\t\t\t\t<dd class='wp-caption-text gallery-caption' id='gallery-1-15053'>\n\t\t\t\tBrave Cowboys of Dinoville don\u00b4t run away &#8211; tey fight till the end.\n\t\t\t\t<\/dd><\/dl><dl class='gallery-item'>\n\t\t\t<dt class='gallery-icon landscape'>\n\t\t\t\t<a href='https:\/\/dinostorm.com\/wp-content\/uploads\/2012\/09\/dinostorm_mokonwoods_02.jpg'><img loading=\"lazy\" decoding=\"async\" width=\"130\" height=\"80\" src=\"https:\/\/dinostorm.com\/wp-content\/uploads\/2012\/09\/dinostorm_mokonwoods_02-130x80.jpg\" class=\"attachment-gallery_thumbnail size-gallery_thumbnail colorbox-1688 \" alt=\"Dino Storm - Beware dangerous creatures\" aria-describedby=\"gallery-1-15054\" \/><\/a>\n\t\t\t<\/dt>\n\t\t\t\t<dd class='wp-caption-text gallery-caption' id='gallery-1-15054'>\n\t\t\t\tBeware of dangerous creatures in Dino Storm.\n\t\t\t\t<\/dd><\/dl><br style=\"clear: both\" \/>\n\t\t<\/div>\n\n<\/div>\n<div class=\"two_thirds\">\n<p class=\"headline-home2 headline-home2-pos\">H\u0130KAYE<\/p>\n<h2 class=\"Texth2\">Dino Storm &#8211; Kovboylar i\u00e7in dinozor oyunu<\/h2>\n<p>Tarihteki en b\u00fcy\u00fck dinozor aksiyonu olan yeni dinozor oyunumuz Dino Storm&#8217;u ke\u015ffet. Dino Storm &#8211; Dinozorlu, kovboylu ve lazer silahl\u0131 yepyeni \u00e7evrimi\u00e7i oyunumuz. En iyi oyuncu kasaban\u0131n \u015ferifi olmay\u0131 ba\u015faracak.<\/p>\n<h2 class=\"Texth2\">Dino Storm: Dinoville&#8217;in \u015fanl\u0131 \u015ferifi ol<\/h2>\n<p>Dino Storm&#8217;da alt\u0131na h\u00fccum havas\u0131! Bu n\u00fcfuz ve sayg\u0131nl\u0131k \u00fczerine kurulu muhte\u015fem dinozor oyununda herkes kasabadaki en iyi kovboy olmay\u0131 istiyor. Bu \u00fccretsiz dinozor oyunu Dino Storm&#8217;da sadece en iyi olan kasaban\u0131n \u015ferifi olmaya hak kazanacak. Dinozor binerek ve bir lazer silah\u0131 ile silahlanarak kendini devasa dinozor s\u00fcr\u00fclerine ve amans\u0131z soyguncu \u00e7etelerine kar\u015f\u0131 kan\u0131tlamak zorundas\u0131n. Dinozor oyunu Dino Storm&#8217;da kendi hakk\u0131n\u0131 ara ve g\u00fc\u00e7l\u00fc kabilelerle birlikte \u00e7al\u0131\u015f. Dev alt\u0131n madenlerini s\u00f6m\u00fcr ve bu \u00fccretsiz dinozor oyunumuzda \u015fan ve \u015f\u00f6hret sahibi ol. Bu harika MMO Dino Storm&#8217;da kendi dev dinozorunu ve lazer silah\u0131n\u0131 geli\u015ftir.<\/p>\n<h2 class=\"Texth2\">Dino Storm: \u015eimdi \u00fccretsiz oyna<\/h2>\n<p>\u015ean ve \u015f\u00f6hret kazan, ve bu taray\u0131c\u0131 oyununda Dino Storm \u015ferifi ol. Dino Storm fantastik 3D \u00e7okoyunculu bir taray\u0131c\u0131 (MMO) dinozor oyunudur. \u015eimdi \u00fccretsiz oyna.<\/p>\n<div style=\"left: 5px; relative; top: 15px; height: 75px\"><a id=\"playnow\" class=\"colorbox-link cboxElement\" href=\"https:\/\/api.dinostorm.com\/account.php\/start\/dinostorm?lang=tr&amp;affiliateId=0&amp;campaignId=0&amp;referrer=\"><img class=\"colorbox-1688\"  decoding=\"async\" src=\"\/wp-content\/themes\/arras\/images\/dinostorm\/playnow\/tr\/cta_playnow.gif\" alt=\"\"><\/a><\/div>\n<\/div>\n<div class=\"full\">\n<img decoding=\"async\" class=\"hr-home2 colorbox-1688\" src=\"\/wp-content\/themes\/arras\/images\/dinostorm\/seperator_small.png\" alt=\"separator dino storm\"><\/div>\n<div class=\"full\">\n<p class=\"headline-home2 headline-home2-ab headline-home2-ab2\">Son Haberler<\/p>\n<div class=\"home-newshr\"><\/div>\n<div class=\"news-home\"><a class=\"news-button\" href=\"\/tr\/haberler\"><span>Haber Ar\u015fivi<\/span><\/a><\/div>\n<\/div>\n<div class=\"full\">\n<img decoding=\"async\" class=\"hr-home colorbox-1688\" src=\"\/wp-content\/themes\/arras\/images\/dinostorm\/seperator_small.png\" alt=\"separator dino storm\"><\/div>\n<div class=\"one_fifth\">\n<h3 class=\"news home-buttons\"><a class=\"home-block\" href=\"\/tr\/oyun\">Tan\u0131t\u0131m\u0131<\/a><\/h3>\n<div class=\"FooterTextNews\">\nDino Storm \u00fccretsiz oynanan \u00e7ok oyunculu 3D bir oyundur. Tamamen dinozorlar, kovboylar ve lazer silahlar\u0131 \u00fczerinedir.<\/div>\n<\/div>\n<div class=\"one_fifth\">\n<h3 class=\"dinos home-buttons\"><a class=\"home-block\" href=\"\/tr\/oyun\/dinozor-sozlugu\">Dinozorlar<\/a><\/h3>\n<div class=\"FooterText\">\nDinozorlar\u0131m\u0131z\u0131 tan\u0131yor musun? Dinozor s\u00f6zl\u00fc\u011f\u00fcm\u00fcze bir g\u00f6z at.<\/div>\n<\/div>\n<div class=\"one_fifth\">\n<h3 class=\"weapons home-buttons\"><a class=\"home-block\" href=\"\/tr\/oyun\/silah-sozlugu\">Silahlar<\/a><\/h3>\n<div class=\"FooterText\">\nE\u011fer bu taray\u0131c\u0131 oyunundaki lazer silahlar\u0131 hakk\u0131nda daha fazlas\u0131n\u0131 bilmek istiyorsan silah s\u00f6zl\u00fc\u011f\u00fcm\u00fcze g\u00f6z at.<\/div>\n<\/div>\n<div class=\"one_fifth\">\n<h3 class=\"java home-buttons\"><a class=\"home-block\" href=\"http:\/\/forum.dinostorm.com\/viewforum.php?f=107\" target=\"_blank\" rel=\"noopener noreferrer\">Java<\/a><\/h3>\n<div class=\"FooterText\">\nKendi taray\u0131c\u0131na Java&#8217;n\u0131n nas\u0131l y\u00fcklendi\u011fini biliyor musun? E\u011fer gerekliyse <a href=\"http:\/\/forum.dinostorm.com\/viewforum.php?f=107\" target=\"_blank\" rel=\"noopener noreferrer\">burada<\/a> sana yard\u0131m edebiliriz.<\/div>\n<\/div>\n<div class=\"one_fifth\">\n<h3 class=\"games home-buttons\"><a class=\"home-block\" href=\"http:\/\/splitscreen-games.com\/en\/games\" target=\"_blank\" rel=\"noopener noreferrer\">Daha Fazla Oyun<\/a><\/h3>\n<div class=\"FooterText\">\nSplitscreen Games, Dino Storm&#8217;un yan\u0131s\u0131ra ba\u015fka fantastik 3D \u00e7okoyunculu \u00e7evrimi\u00e7i oyunlar da sunuyor.<\/div>\n<\/div>\n<div class=\"full\">\n<img decoding=\"async\" class=\"hr2_2 colorbox-1688\" src=\"\/wp-content\/themes\/arras\/images\/dinostorm\/seperator_big.png\" alt=\"separator dino storm\"><\/div>\n","protected":false},"excerpt":{"rendered":"<p>KOVBOYLAR. D\u0130NOZORLAR. VE LAZER S\u0130LAHLARI. \u2014 \u00dcCRETS\u0130Z 3D \u00c7OK OYUNCULU \u00c7EVR\u0130M\u0130\u00c7\u0130 OYUN. \u00d6ZELL\u0130KLER Dino Storm &#8211; Kovboylu, Dinozorlu ve Lazer Silahl\u0131 ilk MMO oyunu Yeni nesil 3D Grafikler senin taray\u0131c\u0131nda Y\u00fczlerce ser\u00fcven Kendi Dinozoru&#8217;nu geli\u015ftir [&hellip;]<\/p>\n","protected":false},"author":26,"featured_media":15052,"parent":0,"menu_order":0,"comment_status":"closed","ping_status":"closed","template":"pagetpl-onecolumn-home-ds2.php","meta":{"footnotes":"","_links_to":"","_links_to_target":""},"class_list":["post-1688","page","type-page","status-publish","has-post-thumbnail","hentry"],"yoast_head":"<!-- This site is optimized with the Yoast SEO plugin v27.3 - https:\/\/yoast.com\/product\/yoast-seo-wordpress\/ -->\n<title>Dino Storm - Kovboylu, Dinozorlu ve Lazer Silahl\u0131 3D \u00e7evrimi\u00e7i oyun<\/title>\n<meta name=\"description\" content=\"Dino Storm, \u00fccretsiz 3D \u00e7ok oyunculu \u00e7evrimi\u00e7i oyun. Dinozorunu eyerle, lazer silah\u0131n\u0131 doldur ve Dinoville&#039;in \u015ferifi ol. Hemen \u00fccretsiz oyna!\" \/>\n<meta name=\"robots\" content=\"index, follow, max-snippet:-1, max-image-preview:large, max-video-preview:-1\" \/>\n<link rel=\"canonical\" href=\"https:\/\/dinostorm.com\/tr\/\" \/>\n<meta property=\"og:locale\" content=\"tr_TR\" \/>\n<meta property=\"og:type\" content=\"article\" \/>\n<meta property=\"og:title\" content=\"Dino Storm - Kovboylu, Dinozorlu ve Lazer Silahl\u0131 3D \u00e7evrimi\u00e7i oyun\" \/>\n<meta property=\"og:description\" content=\"Dino Storm, \u00fccretsiz 3D \u00e7ok oyunculu \u00e7evrimi\u00e7i oyun. Dinozorunu eyerle, lazer silah\u0131n\u0131 doldur ve Dinoville&#039;in \u015ferifi ol. Hemen \u00fccretsiz oyna!\" \/>\n<meta property=\"og:url\" content=\"https:\/\/dinostorm.com\/tr\/\" \/>\n<meta property=\"og:site_name\" content=\"Dino Storm\" \/>\n<meta property=\"article:modified_time\" content=\"2022-11-24T15:21:12+00:00\" \/>\n<meta property=\"og:image\" content=\"https:\/\/dinostorm.com\/wp-content\/uploads\/2012\/09\/dinostorm_08-130x80.jpg\" \/>\n<meta name=\"twitter:label1\" content=\"Est. reading time\" \/>\n\t<meta name=\"twitter:data1\" content=\"3 minutes\" \/>\n<script type=\"application\/ld+json\" class=\"yoast-schema-graph\">{\"@context\":\"https:\\\/\\\/schema.org\",\"@graph\":[{\"@type\":\"WebPage\",\"@id\":\"https:\\\/\\\/dinostorm.com\\\/tr\\\/\",\"url\":\"https:\\\/\\\/dinostorm.com\\\/tr\\\/\",\"name\":\"Dino Storm - Kovboylu, Dinozorlu ve Lazer Silahl\u0131 3D \u00e7evrimi\u00e7i oyun\",\"isPartOf\":{\"@id\":\"https:\\\/\\\/dinostorm.com\\\/tr\\\/#website\"},\"primaryImageOfPage\":{\"@id\":\"https:\\\/\\\/dinostorm.com\\\/tr\\\/#primaryimage\"},\"image\":{\"@id\":\"https:\\\/\\\/dinostorm.com\\\/tr\\\/#primaryimage\"},\"thumbnailUrl\":\"https:\\\/\\\/dinostorm.com\\\/wp-content\\\/uploads\\\/2012\\\/09\\\/ds_jungle_01.jpg\",\"datePublished\":\"2012-09-05T12:50:11+00:00\",\"dateModified\":\"2022-11-24T15:21:12+00:00\",\"description\":\"Dino Storm, \u00fccretsiz 3D \u00e7ok oyunculu \u00e7evrimi\u00e7i oyun. Dinozorunu eyerle, lazer silah\u0131n\u0131 doldur ve Dinoville'in \u015ferifi ol. Hemen \u00fccretsiz oyna!\",\"breadcrumb\":{\"@id\":\"https:\\\/\\\/dinostorm.com\\\/tr\\\/#breadcrumb\"},\"inLanguage\":\"tr\",\"potentialAction\":[{\"@type\":\"ReadAction\",\"target\":[\"https:\\\/\\\/dinostorm.com\\\/tr\\\/\"]}]},{\"@type\":\"ImageObject\",\"inLanguage\":\"tr\",\"@id\":\"https:\\\/\\\/dinostorm.com\\\/tr\\\/#primaryimage\",\"url\":\"https:\\\/\\\/dinostorm.com\\\/wp-content\\\/uploads\\\/2012\\\/09\\\/ds_jungle_01.jpg\",\"contentUrl\":\"https:\\\/\\\/dinostorm.com\\\/wp-content\\\/uploads\\\/2012\\\/09\\\/ds_jungle_01.jpg\",\"width\":1280,\"height\":720,\"caption\":\"Beware of dangerous bandits in Mokon Woods are everywhere.\"},{\"@type\":\"BreadcrumbList\",\"@id\":\"https:\\\/\\\/dinostorm.com\\\/tr\\\/#breadcrumb\",\"itemListElement\":[{\"@type\":\"ListItem\",\"position\":1,\"name\":\"Home\",\"item\":\"https:\\\/\\\/dinostorm.com\\\/tr\\\/\"},{\"@type\":\"ListItem\",\"position\":2,\"name\":\"Giri\u015f Sayfas\u0131\"}]},{\"@type\":\"WebSite\",\"@id\":\"https:\\\/\\\/dinostorm.com\\\/tr\\\/#website\",\"url\":\"https:\\\/\\\/dinostorm.com\\\/tr\\\/\",\"name\":\"Dino Storm\",\"description\":\"\",\"potentialAction\":[{\"@type\":\"SearchAction\",\"target\":{\"@type\":\"EntryPoint\",\"urlTemplate\":\"https:\\\/\\\/dinostorm.com\\\/tr\\\/?s={search_term_string}\"},\"query-input\":{\"@type\":\"PropertyValueSpecification\",\"valueRequired\":true,\"valueName\":\"search_term_string\"}}],\"inLanguage\":\"tr\"}]}<\/script>\n<!-- \/ Yoast SEO plugin. -->","yoast_head_json":{"title":"Dino Storm - Kovboylu, Dinozorlu ve Lazer Silahl\u0131 3D \u00e7evrimi\u00e7i oyun","description":"Dino Storm, \u00fccretsiz 3D \u00e7ok oyunculu \u00e7evrimi\u00e7i oyun. Dinozorunu eyerle, lazer silah\u0131n\u0131 doldur ve Dinoville'in \u015ferifi ol. Hemen \u00fccretsiz oyna!","robots":{"index":"index","follow":"follow","max-snippet":"max-snippet:-1","max-image-preview":"max-image-preview:large","max-video-preview":"max-video-preview:-1"},"canonical":"https:\/\/dinostorm.com\/tr\/","og_locale":"tr_TR","og_type":"article","og_title":"Dino Storm - Kovboylu, Dinozorlu ve Lazer Silahl\u0131 3D \u00e7evrimi\u00e7i oyun","og_description":"Dino Storm, \u00fccretsiz 3D \u00e7ok oyunculu \u00e7evrimi\u00e7i oyun. Dinozorunu eyerle, lazer silah\u0131n\u0131 doldur ve Dinoville'in \u015ferifi ol. Hemen \u00fccretsiz oyna!","og_url":"https:\/\/dinostorm.com\/tr\/","og_site_name":"Dino Storm","article_modified_time":"2022-11-24T15:21:12+00:00","og_image":[{"url":"https:\/\/dinostorm.com\/wp-content\/uploads\/2012\/09\/dinostorm_08-130x80.jpg","type":"","width":"","height":""}],"twitter_misc":{"Est. reading time":"3 minutes"},"schema":{"@context":"https:\/\/schema.org","@graph":[{"@type":"WebPage","@id":"https:\/\/dinostorm.com\/tr\/","url":"https:\/\/dinostorm.com\/tr\/","name":"Dino Storm - Kovboylu, Dinozorlu ve Lazer Silahl\u0131 3D \u00e7evrimi\u00e7i oyun","isPartOf":{"@id":"https:\/\/dinostorm.com\/tr\/#website"},"primaryImageOfPage":{"@id":"https:\/\/dinostorm.com\/tr\/#primaryimage"},"image":{"@id":"https:\/\/dinostorm.com\/tr\/#primaryimage"},"thumbnailUrl":"https:\/\/dinostorm.com\/wp-content\/uploads\/2012\/09\/ds_jungle_01.jpg","datePublished":"2012-09-05T12:50:11+00:00","dateModified":"2022-11-24T15:21:12+00:00","description":"Dino Storm, \u00fccretsiz 3D \u00e7ok oyunculu \u00e7evrimi\u00e7i oyun. Dinozorunu eyerle, lazer silah\u0131n\u0131 doldur ve Dinoville'in \u015ferifi ol. Hemen \u00fccretsiz oyna!","breadcrumb":{"@id":"https:\/\/dinostorm.com\/tr\/#breadcrumb"},"inLanguage":"tr","potentialAction":[{"@type":"ReadAction","target":["https:\/\/dinostorm.com\/tr\/"]}]},{"@type":"ImageObject","inLanguage":"tr","@id":"https:\/\/dinostorm.com\/tr\/#primaryimage","url":"https:\/\/dinostorm.com\/wp-content\/uploads\/2012\/09\/ds_jungle_01.jpg","contentUrl":"https:\/\/dinostorm.com\/wp-content\/uploads\/2012\/09\/ds_jungle_01.jpg","width":1280,"height":720,"caption":"Beware of dangerous bandits in Mokon Woods are everywhere."},{"@type":"BreadcrumbList","@id":"https:\/\/dinostorm.com\/tr\/#breadcrumb","itemListElement":[{"@type":"ListItem","position":1,"name":"Home","item":"https:\/\/dinostorm.com\/tr\/"},{"@type":"ListItem","position":2,"name":"Giri\u015f Sayfas\u0131"}]},{"@type":"WebSite","@id":"https:\/\/dinostorm.com\/tr\/#website","url":"https:\/\/dinostorm.com\/tr\/","name":"Dino Storm","description":"","potentialAction":[{"@type":"SearchAction","target":{"@type":"EntryPoint","urlTemplate":"https:\/\/dinostorm.com\/tr\/?s={search_term_string}"},"query-input":{"@type":"PropertyValueSpecification","valueRequired":true,"valueName":"search_term_string"}}],"inLanguage":"tr"}]}},"_links":{"self":[{"href":"https:\/\/dinostorm.com\/tr\/wp-json\/wp\/v2\/pages\/1688","targetHints":{"allow":["GET"]}}],"collection":[{"href":"https:\/\/dinostorm.com\/tr\/wp-json\/wp\/v2\/pages"}],"about":[{"href":"https:\/\/dinostorm.com\/tr\/wp-json\/wp\/v2\/types\/page"}],"author":[{"embeddable":true,"href":"https:\/\/dinostorm.com\/tr\/wp-json\/wp\/v2\/users\/26"}],"replies":[{"embeddable":true,"href":"https:\/\/dinostorm.com\/tr\/wp-json\/wp\/v2\/comments?post=1688"}],"version-history":[{"count":4,"href":"https:\/\/dinostorm.com\/tr\/wp-json\/wp\/v2\/pages\/1688\/revisions"}],"predecessor-version":[{"id":362193,"href":"https:\/\/dinostorm.com\/tr\/wp-json\/wp\/v2\/pages\/1688\/revisions\/362193"}],"wp:featuredmedia":[{"embeddable":true,"href":"https:\/\/dinostorm.com\/tr\/wp-json\/wp\/v2\/media\/15052"}],"wp:attachment":[{"href":"https:\/\/dinostorm.com\/tr\/wp-json\/wp\/v2\/media?parent=1688"}],"curies":[{"name":"wp","href":"https:\/\/api.w.org\/{rel}","templated":true}]}}