{"id":1307,"date":"2012-02-29T15:16:35","date_gmt":"2012-02-29T13:16:35","guid":{"rendered":"http:\/\/dinostorm.com\/sorun-tanilama-araci"},"modified":"2018-02-01T13:45:35","modified_gmt":"2018-02-01T11:45:35","slug":"sorun-tanilama-araci","status":"publish","type":"page","link":"https:\/\/dinostorm.com\/tr\/sorun-tanilama-araci\/","title":{"rendered":"Sorun Tan\u0131lama Arac\u0131"},"content":{"rendered":"<div class=\"teaser\"><\/div>\n<h1 class=\"headline_page width_500\"><span>Sorun Tan\u0131lama Arac\u0131<\/span><\/h1>\n<p class=\"back-button back-pos500\"><a class=\"back-block\" href=\"http:\/\/dinostorm.com\/tr\/\">Home<\/a><\/p>\n<p><iframe src=\"http:\/\/medic.splitscreenstudios.com\/\" style=\"position: relative; left:173px\"width='615px' height='500px' frameborder=0 scrolling='no'><\/iframe><\/p>\n<div class=full>\n<img decoding=\"async\" class=\"hr3 margin35 colorbox-1307\" src=\"\/wp-content\/themes\/arras\/images\/dinostorm\/seperator_big.png\" alt=\"separator dino storm\" \/>\n<\/div>\n","protected":false},"excerpt":{"rendered":"<p>Sorun Tan\u0131lama Arac\u0131 Home<\/p>\n","protected":false},"author":26,"featured_media":-1,"parent":0,"menu_order":0,"comment_status":"closed","ping_status":"closed","template":"pagetpl-onecolumn.php","meta":{"footnotes":"","_links_to":"","_links_to_target":""},"class_list":["post-1307","page","type-page","status-publish","has-post-thumbnail","hentry"],"yoast_head":"<!-- This site is optimized with the Yoast SEO plugin v27.3 - https:\/\/yoast.com\/product\/yoast-seo-wordpress\/ -->\n<title>Sorun Tan\u0131lama Arac\u0131 - Dino Storm<\/title>\n<meta name=\"description\" content=\"Yanl\u0131\u015f giden bir \u015feyler olmas\u0131 durumunda Sorun Tan\u0131lama Arac\u0131&#039;n\u0131 kullan. \u00d6rne\u011fin, oyundan at\u0131lm\u0131\u015f isen.\" \/>\n<meta name=\"robots\" content=\"index, follow, max-snippet:-1, max-image-preview:large, max-video-preview:-1\" \/>\n<link rel=\"canonical\" href=\"https:\/\/dinostorm.com\/tr\/sorun-tanilama-araci\/\" \/>\n<meta property=\"og:locale\" content=\"tr_TR\" \/>\n<meta property=\"og:type\" content=\"article\" \/>\n<meta property=\"og:title\" content=\"Sorun Tan\u0131lama Arac\u0131 - Dino Storm\" \/>\n<meta property=\"og:description\" content=\"Yanl\u0131\u015f giden bir \u015feyler olmas\u0131 durumunda Sorun Tan\u0131lama Arac\u0131&#039;n\u0131 kullan. \u00d6rne\u011fin, oyundan at\u0131lm\u0131\u015f isen.\" \/>\n<meta property=\"og:url\" content=\"https:\/\/dinostorm.com\/tr\/sorun-tanilama-araci\/\" \/>\n<meta property=\"og:site_name\" content=\"Dino Storm\" \/>\n<meta property=\"article:modified_time\" content=\"2018-02-01T11:45:35+00:00\" \/>\n<script type=\"application\/ld+json\" class=\"yoast-schema-graph\">{\"@context\":\"https:\\\/\\\/schema.org\",\"@graph\":[{\"@type\":\"WebPage\",\"@id\":\"https:\\\/\\\/dinostorm.com\\\/tr\\\/sorun-tanilama-araci\\\/\",\"url\":\"https:\\\/\\\/dinostorm.com\\\/tr\\\/sorun-tanilama-araci\\\/\",\"name\":\"Sorun Tan\u0131lama Arac\u0131 - Dino Storm\",\"isPartOf\":{\"@id\":\"https:\\\/\\\/dinostorm.com\\\/tr\\\/#website\"},\"datePublished\":\"2012-02-29T13:16:35+00:00\",\"dateModified\":\"2018-02-01T11:45:35+00:00\",\"description\":\"Yanl\u0131\u015f giden bir \u015feyler olmas\u0131 durumunda Sorun Tan\u0131lama Arac\u0131'n\u0131 kullan. \u00d6rne\u011fin, oyundan at\u0131lm\u0131\u015f isen.\",\"breadcrumb\":{\"@id\":\"https:\\\/\\\/dinostorm.com\\\/tr\\\/sorun-tanilama-araci\\\/#breadcrumb\"},\"inLanguage\":\"tr\",\"potentialAction\":[{\"@type\":\"ReadAction\",\"target\":[\"https:\\\/\\\/dinostorm.com\\\/tr\\\/sorun-tanilama-araci\\\/\"]}]},{\"@type\":\"BreadcrumbList\",\"@id\":\"https:\\\/\\\/dinostorm.com\\\/tr\\\/sorun-tanilama-araci\\\/#breadcrumb\",\"itemListElement\":[{\"@type\":\"ListItem\",\"position\":1,\"name\":\"Home\",\"item\":\"https:\\\/\\\/dinostorm.com\\\/tr\\\/\"},{\"@type\":\"ListItem\",\"position\":2,\"name\":\"Sorun Tan\u0131lama Arac\u0131\"}]},{\"@type\":\"WebSite\",\"@id\":\"https:\\\/\\\/dinostorm.com\\\/tr\\\/#website\",\"url\":\"https:\\\/\\\/dinostorm.com\\\/tr\\\/\",\"name\":\"Dino Storm\",\"description\":\"\",\"potentialAction\":[{\"@type\":\"SearchAction\",\"target\":{\"@type\":\"EntryPoint\",\"urlTemplate\":\"https:\\\/\\\/dinostorm.com\\\/tr\\\/?s={search_term_string}\"},\"query-input\":{\"@type\":\"PropertyValueSpecification\",\"valueRequired\":true,\"valueName\":\"search_term_string\"}}],\"inLanguage\":\"tr\"}]}<\/script>\n<!-- \/ Yoast SEO plugin. -->","yoast_head_json":{"title":"Sorun Tan\u0131lama Arac\u0131 - Dino Storm","description":"Yanl\u0131\u015f giden bir \u015feyler olmas\u0131 durumunda Sorun Tan\u0131lama Arac\u0131'n\u0131 kullan. \u00d6rne\u011fin, oyundan at\u0131lm\u0131\u015f isen.","robots":{"index":"index","follow":"follow","max-snippet":"max-snippet:-1","max-image-preview":"max-image-preview:large","max-video-preview":"max-video-preview:-1"},"canonical":"https:\/\/dinostorm.com\/tr\/sorun-tanilama-araci\/","og_locale":"tr_TR","og_type":"article","og_title":"Sorun Tan\u0131lama Arac\u0131 - Dino Storm","og_description":"Yanl\u0131\u015f giden bir \u015feyler olmas\u0131 durumunda Sorun Tan\u0131lama Arac\u0131'n\u0131 kullan. \u00d6rne\u011fin, oyundan at\u0131lm\u0131\u015f isen.","og_url":"https:\/\/dinostorm.com\/tr\/sorun-tanilama-araci\/","og_site_name":"Dino Storm","article_modified_time":"2018-02-01T11:45:35+00:00","schema":{"@context":"https:\/\/schema.org","@graph":[{"@type":"WebPage","@id":"https:\/\/dinostorm.com\/tr\/sorun-tanilama-araci\/","url":"https:\/\/dinostorm.com\/tr\/sorun-tanilama-araci\/","name":"Sorun Tan\u0131lama Arac\u0131 - Dino Storm","isPartOf":{"@id":"https:\/\/dinostorm.com\/tr\/#website"},"datePublished":"2012-02-29T13:16:35+00:00","dateModified":"2018-02-01T11:45:35+00:00","description":"Yanl\u0131\u015f giden bir \u015feyler olmas\u0131 durumunda Sorun Tan\u0131lama Arac\u0131'n\u0131 kullan. \u00d6rne\u011fin, oyundan at\u0131lm\u0131\u015f isen.","breadcrumb":{"@id":"https:\/\/dinostorm.com\/tr\/sorun-tanilama-araci\/#breadcrumb"},"inLanguage":"tr","potentialAction":[{"@type":"ReadAction","target":["https:\/\/dinostorm.com\/tr\/sorun-tanilama-araci\/"]}]},{"@type":"BreadcrumbList","@id":"https:\/\/dinostorm.com\/tr\/sorun-tanilama-araci\/#breadcrumb","itemListElement":[{"@type":"ListItem","position":1,"name":"Home","item":"https:\/\/dinostorm.com\/tr\/"},{"@type":"ListItem","position":2,"name":"Sorun Tan\u0131lama Arac\u0131"}]},{"@type":"WebSite","@id":"https:\/\/dinostorm.com\/tr\/#website","url":"https:\/\/dinostorm.com\/tr\/","name":"Dino Storm","description":"","potentialAction":[{"@type":"SearchAction","target":{"@type":"EntryPoint","urlTemplate":"https:\/\/dinostorm.com\/tr\/?s={search_term_string}"},"query-input":{"@type":"PropertyValueSpecification","valueRequired":true,"valueName":"search_term_string"}}],"inLanguage":"tr"}]}},"_links":{"self":[{"href":"https:\/\/dinostorm.com\/tr\/wp-json\/wp\/v2\/pages\/1307","targetHints":{"allow":["GET"]}}],"collection":[{"href":"https:\/\/dinostorm.com\/tr\/wp-json\/wp\/v2\/pages"}],"about":[{"href":"https:\/\/dinostorm.com\/tr\/wp-json\/wp\/v2\/types\/page"}],"author":[{"embeddable":true,"href":"https:\/\/dinostorm.com\/tr\/wp-json\/wp\/v2\/users\/26"}],"replies":[{"embeddable":true,"href":"https:\/\/dinostorm.com\/tr\/wp-json\/wp\/v2\/comments?post=1307"}],"version-history":[{"count":0,"href":"https:\/\/dinostorm.com\/tr\/wp-json\/wp\/v2\/pages\/1307\/revisions"}],"wp:featuredmedia":[{"embeddable":true,"href":"https:\/\/dinostorm.com\/tr\/wp-json\/"}],"wp:attachment":[{"href":"https:\/\/dinostorm.com\/tr\/wp-json\/wp\/v2\/media?parent=1307"}],"curies":[{"name":"wp","href":"https:\/\/api.w.org\/{rel}","templated":true}]}}