{"id":1297,"date":"2011-02-15T23:52:31","date_gmt":"2011-02-15T21:52:31","guid":{"rendered":"http:\/\/dinostorm.com\/dino-storm-hakkinda"},"modified":"2018-02-01T13:51:50","modified_gmt":"2018-02-01T11:51:50","slug":"oyun-rehberi","status":"publish","type":"page","link":"https:\/\/dinostorm.com\/tr\/oyun\/oyun-rehberi\/","title":{"rendered":"Oyun Rehberi"},"content":{"rendered":"<div class=\"teaser\">&nbsp;<\/div>\n<h1 class=\"headline_page width_350\">Dino Storm Oyun Rehberi<\/h1>\n<p class=\"back-button back-pos350\"><a class=\"back-block\" href=\"\/tr\/oyun\/\">Geri<\/a><\/p>\n<div class=\"one_half\">\n<h2>Dino Storm, \u00c7evrimi\u00e7i 3D Oyun<\/h2>\n<p>\u00dccretsiz 3D oyun <a title=\"Dino Storm\" href=\"http:\/\/dinostorm.com\/tr\/\">Dino Storm<\/a>&#8216;da \u015fan ve \u015f\u00f6hret cesur maceraseverleri bekliyor. Sadece cebindeki birka\u00e7 dolar, biraz m\u00fchimmat, dolu bir lazer silah\u0131 ve k\u00fc\u00e7\u00fck dinozorunla Dinoville kasabas\u0131na do\u011fru yol al\u0131yorsun. Vah\u015fi bat\u0131n\u0131n devasa dinozor s\u00fcr\u00fcleri ve amans\u0131z haydutlar\u0131na kar\u015f\u0131 koy, ve de\u011ferli e\u015fyalar arayaca\u011f\u0131n heyecan verici maceralara at\u0131l. Tedarik kamplar\u0131, ileri karakollar ve alt\u0131n madenleri kur; onlar\u0131 di\u011fer oyunculara kar\u015f\u0131 savun; \u015fan ve \u015f\u00f6hret senin olsun. Sadece en iyi olan kasaban\u0131n \u015ferifi olacak.<\/p>\n<p><img class=\"colorbox-1297\"  decoding=\"async\" src=\"\/wp-content\/themes\/arras\/images\/dinostorm\/Dino-Storm-Comic3.png\" alt=\"The online 3d games Dino Storm\"><\/p>\n<\/div>\n<div class=\"one_half_last\">\n<h2>Vah\u015fi Bat\u0131ya Ho\u015fgeldin<\/h2>\n<p>Kuruldu\u011fu ilk g\u00fcnlerde Dinoville tipik, k\u00fc\u00e7\u00fck ve sakin bir \u00e7\u00f6l kasabas\u0131yd\u0131. \u00c7al\u0131\u015fkan kovboylar bir avu\u00e7 dolar kar\u015f\u0131l\u0131\u011f\u0131nda dinozorlar yeti\u015ftirdi, <a title=\"Silah S\u00f6zl\u00fc\u011f\u00fc\" href=\"\/tr\/silah-sozlugu\">lazer silahlar\u0131<\/a> in\u015fa etti, ve korkusuzca vah\u015fi dinozor s\u00fcr\u00fcleriyle m\u00fccadele etti. \u015eerif kasabay\u0131 kanun ve d\u00fczen i\u00e7inde tuttu. Fakat sonra Dinoville&#8217;de devasa alt\u0131n yataklar\u0131 bulundu.<\/p>\n<p>\u015eansl\u0131 alt\u0131n avc\u0131lar\u0131 servetleriyle meyhanede g\u00f6steri\u015f yapmaya ba\u015flad\u0131, ve kasaban\u0131n kuzeyindeki zengin alt\u0131n madenleri haberleri yang\u0131n gibi yay\u0131ld\u0131, \u00e7\u00f6l\u00fcn de \u00f6tesine. Maceraperestler k\u0131sa s\u00fcrede d\u00f6rt bir yandan Dinoville&#8217;e ak\u0131n etmeye ba\u015flay\u0131p hak taleplerinde bulundu ve alt\u0131n aramaya ba\u015flad\u0131lar. Becerikli olanlar muhte\u015fem bir servet elde ettiler.<\/p>\n<p>Ama sayg\u0131de\u011fer alt\u0131n avc\u0131lar\u0131 gibi, h\u0131rs\u0131z kabileleri de Dinoville&#8217;i \u00e7ekici bulmaya ba\u015flad\u0131. De\u011ferli alt\u0131n madenlerini savunmak alt\u0131n avc\u0131lar\u0131 i\u00e7in tam zamanl\u0131 bir i\u015f haline geldi, ve ba\u015far\u0131l\u0131 olanlar kasabada ve etraf\u0131nda b\u00fcy\u00fck sayg\u0131 kazand\u0131lar. Daha sonra kasabaya gelenler hi\u00e7bir hak iddia edemeyip ve ge\u00e7imlerini haydutlarla sava\u015farak kazand\u0131lar, ama alt\u0131n\u0131n cazibesine ancak bir yere kadar direnebildiler&#8230;<\/p>\n<\/div>\n<div class=\"full3\">\n<p><img class=\"colorbox-1297\"  decoding=\"async\" src=\"\/wp-content\/themes\/arras\/images\/dinostorm\/Dino-Storm-Header-1.png\" alt=\"Free 3d game Dino Storm\"><\/p>\n<\/div>\n<div class=\"one_half\">\n<h2>Dino Storm Oyun \u00d6zellikleri<\/h2>\n<h3>Vah\u015fi ve Zengin Bir \u00c7evrimi\u00e7i 3D Oyun D\u00fcnyas\u0131n\u0131 Ke\u015ffet<\/h3>\n<p>Dinoville ve \u00e7evresindeki zengin bir 3D oyun d\u00fcnyas\u0131 cesur maceraseverleri bekliyor, hem de \u00fccretsiz. <a title=\"Dinozaur\" href=\"\/tr\/dinozor-sozlugu\">Dinozor <\/a>s\u00fcr\u00fcleri vadilerin aras\u0131nda ba\u015f\u0131bo\u015f dola\u015f\u0131yor, haydut kabileleri serbest\u00e7e \u00e7al\u0131p \u00e7\u0131rp\u0131yor, ve de\u011ferli e\u015fyalar bulunmay\u0131 bekliyorlar. \u00c7evrimi\u00e7i 3D oyun d\u00fcnyas\u0131 hi\u00e7bir zaman ayn\u0131 de\u011fil, ve tehlike her yerde pusuya yatm\u0131\u015f durumda. Her bir g\u00f6reve dikkatle haz\u0131rlanmak gerek.<\/p>\n<h3>Ganimetini Dino Dolarlar\u0131 Kar\u015f\u0131l\u0131\u011f\u0131nda Sat<\/h3>\n<p>Say\u0131s\u0131z e\u015fya \u00e7evrimi\u00e7i 3D oyun d\u00fcnyas\u0131nda toplanmay\u0131 bekliyor. E\u011fer ganimetini Dinoville&#8217;e ba\u015far\u0131yla getirebilirsen, onu dolar kar\u015f\u0131l\u0131\u011f\u0131nda pazarda satabilirsin. Di\u011fer g\u00f6revler sana daha da fazla de\u011ferli e\u015fya ve alt\u0131n sikke \u00f6d\u00fcl\u00fc verecekler!<\/p>\n<h3>Oyun D\u00fcnyas\u0131n\u0131n Sundu\u011fu Maceralar\u0131 Deneyimle<\/h3>\n<p>Dinoville&#8217;de bir kovboy olarak i\u015fin ba\u015f\u0131ndan a\u015fk\u0131n olacak, ama tek ba\u015f\u0131na de\u011filsin: Kasaban\u0131n ba\u015f\u0131n\u0131n belas\u0131 haydut kabilelerine hayat\u0131 zehir ederken, fosil av\u0131na \u00e7\u0131karken, yiyecek toplarken ya da sadece vah\u015fi bir dinozor s\u00fcr\u00fcs\u00fcn\u00fc p\u00fcsk\u00fcrt\u00fcrken, elindeki i\u015fin \u00fcstesinden gelmek i\u00e7in her zaman di\u011fer oyuncularla birlikte \u00e7al\u0131\u015fabilirsin.<\/p>\n<h3>Tart\u0131\u015fmal\u0131 Binalar\u0131 Kontrol Et<\/h3>\n<p>Tedarik kamp\u0131, ileri karakol ya da alt\u0131n madeni gibi binalar Dinoville&#8217;in her yerinde bulunabilirler. Bu binalar\u0131n kontrol\u00fcn\u00fc ele ge\u00e7irebilirsin. \u00d6nemli binalar inan\u0131lmaz \u015f\u00f6hret ve servet biriktirmeni sa\u011flarlar. Ama dikkatli ol, binalar\u0131n onlar\u0131 senden almak isteyecek di\u011fer kovboylara kar\u015f\u0131 s\u00fcrekli tedarik edilmeli ve savunulmal\u0131d\u0131r. \u00d6nemli alt\u0131n madenlerini elinde tutmak isteyen herkes yan\u0131nda bolca m\u00fchimmat getirmelidir.<\/p>\n<\/div>\n<div class=\"one_half_last\">\n<h3>Kendi kabileni kur<\/h3>\n<p>Birlikten kuvvet do\u011far! Arkada\u015flar\u0131na kat\u0131l ve kendi kabileni kur. Bir kabilenin \u00fcyesi olarak, Dino Storm&#8217;un \u00e7evrimi\u00e7i d\u00fcnyas\u0131n\u0131n daha da derinlerine inebilir ve binalar\u0131n\u0131n savunmas\u0131n\u0131 daha iyi sa\u011flayabilirsin.<\/p>\n<h3>Ofisler elde et ve kasaban\u0131n \u015ferifi ol<\/h3>\n<p>Ser\u00fcvenlerde ve binalar\u0131 \u00e7al\u0131\u015ft\u0131rmada ba\u015far\u0131l\u0131 olarak giderek daha fazla tan\u0131n\u0131rl\u0131k elde edeceksin. Bu da sana kasabada bir ofise aday olmada yard\u0131mc\u0131 olacak. Bunun i\u00e7in di\u011fer oyunculara \u00fcst\u00fcn gelmelisin, sadece en iyi olan kariyer merdivenin \u00fcst basamaklar\u0131na ad\u0131m atabilecek.<\/p>\n<p>Ofisler, nadir dinozorlara ve g\u00fc\u00e7l\u00fc e\u015fyalara eri\u015fim gibi \u00f6zel ayr\u0131cal\u0131klar sunar.<\/p>\n<p>&nbsp;<\/p>\n<p><center><img class=\"colorbox-1297\"  decoding=\"async\" src=\"\/wp-content\/themes\/arras\/images\/dinostorm\/Dino-Storm-Comic-2.png\" alt=\"The 3d online game Dino Storm, play now for free\"><\/center><\/div>\n<div class=\"full\"><img decoding=\"async\" class=\"hr3 colorbox-1297\" src=\"\/wp-content\/themes\/arras\/images\/dinostorm\/Dino-Storm-Header-2.png\" alt=\"Dino Storm, 3d game online\"><br \/>\n<img decoding=\"async\" class=\"hr3 colorbox-1297\" src=\"\/wp-content\/themes\/arras\/images\/dinostorm\/seperator_big.png\" alt=\"separator dino storm\"><\/div>\n","protected":false},"excerpt":{"rendered":"<p>&nbsp; Dino Storm Oyun Rehberi Geri Dino Storm, \u00c7evrimi\u00e7i 3D Oyun \u00dccretsiz 3D oyun Dino Storm&#8216;da \u015fan ve \u015f\u00f6hret cesur maceraseverleri bekliyor. Sadece cebindeki birka\u00e7 dolar, biraz m\u00fchimmat, dolu bir lazer silah\u0131 ve k\u00fc\u00e7\u00fck dinozorunla [&hellip;]<\/p>\n","protected":false},"author":26,"featured_media":-1,"parent":3706,"menu_order":0,"comment_status":"closed","ping_status":"closed","template":"pagetpl-onecolumn.php","meta":{"footnotes":"","_links_to":"","_links_to_target":""},"class_list":["post-1297","page","type-page","status-publish","has-post-thumbnail","hentry"],"yoast_head":"<!-- This site is optimized with the Yoast SEO plugin v27.3 - https:\/\/yoast.com\/product\/yoast-seo-wordpress\/ -->\n<title>Oyun Rehberi - Dino Storm<\/title>\n<meta name=\"description\" content=\"Dino Storm kovboylu, dinozorlu ve lazer silahl\u0131 \u00e7evrimi\u00e7i bir 3D oyundur. Oyun rehberine bir g\u00f6z atarak Dino Storm hakk\u0131nda daha fazla bilgi edin.\" \/>\n<meta name=\"robots\" content=\"index, follow, max-snippet:-1, max-image-preview:large, max-video-preview:-1\" \/>\n<link rel=\"canonical\" href=\"https:\/\/dinostorm.com\/tr\/oyun\/oyun-rehberi\/\" \/>\n<meta property=\"og:locale\" content=\"tr_TR\" \/>\n<meta property=\"og:type\" content=\"article\" \/>\n<meta property=\"og:title\" content=\"Oyun Rehberi - Dino Storm\" \/>\n<meta property=\"og:description\" content=\"Dino Storm kovboylu, dinozorlu ve lazer silahl\u0131 \u00e7evrimi\u00e7i bir 3D oyundur. Oyun rehberine bir g\u00f6z atarak Dino Storm hakk\u0131nda daha fazla bilgi edin.\" \/>\n<meta property=\"og:url\" content=\"https:\/\/dinostorm.com\/tr\/oyun\/oyun-rehberi\/\" \/>\n<meta property=\"og:site_name\" content=\"Dino Storm\" \/>\n<meta property=\"article:modified_time\" content=\"2018-02-01T11:51:50+00:00\" \/>\n<meta name=\"twitter:label1\" content=\"Est. reading time\" \/>\n\t<meta name=\"twitter:data1\" content=\"4 minutes\" \/>\n<script type=\"application\/ld+json\" class=\"yoast-schema-graph\">{\"@context\":\"https:\\\/\\\/schema.org\",\"@graph\":[{\"@type\":\"WebPage\",\"@id\":\"https:\\\/\\\/dinostorm.com\\\/tr\\\/oyun\\\/oyun-rehberi\\\/\",\"url\":\"https:\\\/\\\/dinostorm.com\\\/tr\\\/oyun\\\/oyun-rehberi\\\/\",\"name\":\"Oyun Rehberi - Dino Storm\",\"isPartOf\":{\"@id\":\"https:\\\/\\\/dinostorm.com\\\/tr\\\/#website\"},\"datePublished\":\"2011-02-15T21:52:31+00:00\",\"dateModified\":\"2018-02-01T11:51:50+00:00\",\"description\":\"Dino Storm kovboylu, dinozorlu ve lazer silahl\u0131 \u00e7evrimi\u00e7i bir 3D oyundur. Oyun rehberine bir g\u00f6z atarak Dino Storm hakk\u0131nda daha fazla bilgi edin.\",\"breadcrumb\":{\"@id\":\"https:\\\/\\\/dinostorm.com\\\/tr\\\/oyun\\\/oyun-rehberi\\\/#breadcrumb\"},\"inLanguage\":\"tr\",\"potentialAction\":[{\"@type\":\"ReadAction\",\"target\":[\"https:\\\/\\\/dinostorm.com\\\/tr\\\/oyun\\\/oyun-rehberi\\\/\"]}]},{\"@type\":\"BreadcrumbList\",\"@id\":\"https:\\\/\\\/dinostorm.com\\\/tr\\\/oyun\\\/oyun-rehberi\\\/#breadcrumb\",\"itemListElement\":[{\"@type\":\"ListItem\",\"position\":1,\"name\":\"Home\",\"item\":\"https:\\\/\\\/dinostorm.com\\\/tr\\\/\"},{\"@type\":\"ListItem\",\"position\":2,\"name\":\"Oyun\",\"item\":\"https:\\\/\\\/dinostorm.com\\\/tr\\\/oyun\\\/\"},{\"@type\":\"ListItem\",\"position\":3,\"name\":\"Oyun Rehberi\"}]},{\"@type\":\"WebSite\",\"@id\":\"https:\\\/\\\/dinostorm.com\\\/tr\\\/#website\",\"url\":\"https:\\\/\\\/dinostorm.com\\\/tr\\\/\",\"name\":\"Dino Storm\",\"description\":\"\",\"potentialAction\":[{\"@type\":\"SearchAction\",\"target\":{\"@type\":\"EntryPoint\",\"urlTemplate\":\"https:\\\/\\\/dinostorm.com\\\/tr\\\/?s={search_term_string}\"},\"query-input\":{\"@type\":\"PropertyValueSpecification\",\"valueRequired\":true,\"valueName\":\"search_term_string\"}}],\"inLanguage\":\"tr\"}]}<\/script>\n<!-- \/ Yoast SEO plugin. -->","yoast_head_json":{"title":"Oyun Rehberi - Dino Storm","description":"Dino Storm kovboylu, dinozorlu ve lazer silahl\u0131 \u00e7evrimi\u00e7i bir 3D oyundur. Oyun rehberine bir g\u00f6z atarak Dino Storm hakk\u0131nda daha fazla bilgi edin.","robots":{"index":"index","follow":"follow","max-snippet":"max-snippet:-1","max-image-preview":"max-image-preview:large","max-video-preview":"max-video-preview:-1"},"canonical":"https:\/\/dinostorm.com\/tr\/oyun\/oyun-rehberi\/","og_locale":"tr_TR","og_type":"article","og_title":"Oyun Rehberi - Dino Storm","og_description":"Dino Storm kovboylu, dinozorlu ve lazer silahl\u0131 \u00e7evrimi\u00e7i bir 3D oyundur. Oyun rehberine bir g\u00f6z atarak Dino Storm hakk\u0131nda daha fazla bilgi edin.","og_url":"https:\/\/dinostorm.com\/tr\/oyun\/oyun-rehberi\/","og_site_name":"Dino Storm","article_modified_time":"2018-02-01T11:51:50+00:00","twitter_misc":{"Est. reading time":"4 minutes"},"schema":{"@context":"https:\/\/schema.org","@graph":[{"@type":"WebPage","@id":"https:\/\/dinostorm.com\/tr\/oyun\/oyun-rehberi\/","url":"https:\/\/dinostorm.com\/tr\/oyun\/oyun-rehberi\/","name":"Oyun Rehberi - Dino Storm","isPartOf":{"@id":"https:\/\/dinostorm.com\/tr\/#website"},"datePublished":"2011-02-15T21:52:31+00:00","dateModified":"2018-02-01T11:51:50+00:00","description":"Dino Storm kovboylu, dinozorlu ve lazer silahl\u0131 \u00e7evrimi\u00e7i bir 3D oyundur. Oyun rehberine bir g\u00f6z atarak Dino Storm hakk\u0131nda daha fazla bilgi edin.","breadcrumb":{"@id":"https:\/\/dinostorm.com\/tr\/oyun\/oyun-rehberi\/#breadcrumb"},"inLanguage":"tr","potentialAction":[{"@type":"ReadAction","target":["https:\/\/dinostorm.com\/tr\/oyun\/oyun-rehberi\/"]}]},{"@type":"BreadcrumbList","@id":"https:\/\/dinostorm.com\/tr\/oyun\/oyun-rehberi\/#breadcrumb","itemListElement":[{"@type":"ListItem","position":1,"name":"Home","item":"https:\/\/dinostorm.com\/tr\/"},{"@type":"ListItem","position":2,"name":"Oyun","item":"https:\/\/dinostorm.com\/tr\/oyun\/"},{"@type":"ListItem","position":3,"name":"Oyun Rehberi"}]},{"@type":"WebSite","@id":"https:\/\/dinostorm.com\/tr\/#website","url":"https:\/\/dinostorm.com\/tr\/","name":"Dino Storm","description":"","potentialAction":[{"@type":"SearchAction","target":{"@type":"EntryPoint","urlTemplate":"https:\/\/dinostorm.com\/tr\/?s={search_term_string}"},"query-input":{"@type":"PropertyValueSpecification","valueRequired":true,"valueName":"search_term_string"}}],"inLanguage":"tr"}]}},"_links":{"self":[{"href":"https:\/\/dinostorm.com\/tr\/wp-json\/wp\/v2\/pages\/1297","targetHints":{"allow":["GET"]}}],"collection":[{"href":"https:\/\/dinostorm.com\/tr\/wp-json\/wp\/v2\/pages"}],"about":[{"href":"https:\/\/dinostorm.com\/tr\/wp-json\/wp\/v2\/types\/page"}],"author":[{"embeddable":true,"href":"https:\/\/dinostorm.com\/tr\/wp-json\/wp\/v2\/users\/26"}],"replies":[{"embeddable":true,"href":"https:\/\/dinostorm.com\/tr\/wp-json\/wp\/v2\/comments?post=1297"}],"version-history":[{"count":0,"href":"https:\/\/dinostorm.com\/tr\/wp-json\/wp\/v2\/pages\/1297\/revisions"}],"up":[{"embeddable":true,"href":"https:\/\/dinostorm.com\/tr\/wp-json\/wp\/v2\/pages\/3706"}],"wp:featuredmedia":[{"embeddable":true,"href":"https:\/\/dinostorm.com\/tr\/wp-json\/"}],"wp:attachment":[{"href":"https:\/\/dinostorm.com\/tr\/wp-json\/wp\/v2\/media?parent=1297"}],"curies":[{"name":"wp","href":"https:\/\/api.w.org\/{rel}","templated":true}]}}