{"id":1293,"date":"2011-02-07T15:51:52","date_gmt":"2011-02-07T13:51:52","guid":{"rendered":"http:\/\/dinostorm.com\/imprint-2"},"modified":"2019-07-08T16:24:37","modified_gmt":"2019-07-08T14:24:37","slug":"kunye","status":"publish","type":"page","link":"https:\/\/dinostorm.com\/tr\/kunye\/","title":{"rendered":"K\u00fcnye"},"content":{"rendered":"<div class=\"teaser\"><\/div>\n<h1 class=\"headline_page width_500\">Splitscreen Games Damga<\/h1>\n<p class=\"back-button back-pos500\"><a class=\"back-block\" href=\"http:\/\/dinostorm.com\/tr\/\">Home<\/a><\/p>\n<div class=\"one_half\">\n<div class=\"Banner\">\n<div class=\"BannerInn\">\n<p class=\"BannerHead\">ADRES<\/p>\n<h2 class=\"BannerH\">Splitscreen Studios GmbH<br \/>\nBlumenau 138<br \/>\n22089 Hamburg<br \/>\nGermany<\/h2>\n<div class=\"BannerText2\" style=\"left: 2px;\"><a title=\"www.splitscreen-games.com\" href=\"http:\/\/splitscreen-games.com\">www.splitscreen-games.com<\/a><br \/>\nCEO: Alexandre Miguel Maia<\/p>\n<p>USt-IdNr.: DE259607791<\/p>\n<p>HRB 105028<\/p>\n<p>(Amtsgericht Hamburg)<\/p>\n<\/div>\n<\/div>\n<\/div>\n<\/div>\n<div class=\"one_half_last\">\n<p class=\"headline-home2 headline-home2-pos\">\u0130LET\u0130\u015e\u0130M<\/p>\n<p><strong>\u0130\u015f ili\u015fkileri i\u00e7in l\u00fctfen ileti\u015fime ge\u00e7iniz:<\/strong><br \/>\ninfo [at] splitscreenstudios.com<\/p>\n<p><strong>M\u00fc\u015fteri deste\u011fi i\u00e7i l\u00fctfen ileti\u015fime ge\u00e7iniz:<\/strong><br \/>\nsupport [at] splitscreenstudios.com<\/p>\n<p><strong>Gen\u00e7lik Koruma G\u00f6revlisi:<\/strong><br \/>\nWiebke Kirchhoff<br \/>\njugendschutz [at] splitscreenstudios.com<\/p>\n<\/div>\n","protected":false},"excerpt":{"rendered":"<p>Splitscreen Games Damga Home ADRES Splitscreen Studios GmbH Blumenau 138 22089 Hamburg Germany www.splitscreen-games.com CEO: Alexandre Miguel Maia USt-IdNr.: DE259607791 HRB 105028 (Amtsgericht Hamburg) \u0130LET\u0130\u015e\u0130M \u0130\u015f ili\u015fkileri i\u00e7in l\u00fctfen ileti\u015fime ge\u00e7iniz: info [at] splitscreenstudios.com M\u00fc\u015fteri [&hellip;]<\/p>\n","protected":false},"author":26,"featured_media":-1,"parent":0,"menu_order":0,"comment_status":"closed","ping_status":"closed","template":"pagetpl-onecolumn.php","meta":{"footnotes":"","_links_to":"","_links_to_target":""},"class_list":["post-1293","page","type-page","status-publish","has-post-thumbnail","hentry"],"yoast_head":"<!-- This site is optimized with the Yoast SEO plugin v27.3 - https:\/\/yoast.com\/product\/yoast-seo-wordpress\/ -->\n<title>Damga - Dino Storm<\/title>\n<meta name=\"description\" content=\"Damga. Splitscreen Studios GmbH. Standort: Planckstrasse 13, 22765 Hamburg Germany\" \/>\n<meta name=\"robots\" content=\"index, follow, max-snippet:-1, max-image-preview:large, max-video-preview:-1\" \/>\n<link rel=\"canonical\" href=\"https:\/\/dinostorm.com\/tr\/kunye\/\" \/>\n<meta property=\"og:locale\" content=\"tr_TR\" \/>\n<meta property=\"og:type\" content=\"article\" \/>\n<meta property=\"og:title\" content=\"Damga - Dino Storm\" \/>\n<meta property=\"og:description\" content=\"Damga. Splitscreen Studios GmbH. Standort: Planckstrasse 13, 22765 Hamburg Germany\" \/>\n<meta property=\"og:url\" content=\"https:\/\/dinostorm.com\/tr\/kunye\/\" \/>\n<meta property=\"og:site_name\" content=\"Dino Storm\" \/>\n<meta property=\"article:modified_time\" content=\"2019-07-08T14:24:37+00:00\" \/>\n<script type=\"application\/ld+json\" class=\"yoast-schema-graph\">{\"@context\":\"https:\\\/\\\/schema.org\",\"@graph\":[{\"@type\":\"WebPage\",\"@id\":\"https:\\\/\\\/dinostorm.com\\\/tr\\\/kunye\\\/\",\"url\":\"https:\\\/\\\/dinostorm.com\\\/tr\\\/kunye\\\/\",\"name\":\"Damga - Dino Storm\",\"isPartOf\":{\"@id\":\"https:\\\/\\\/dinostorm.com\\\/tr\\\/#website\"},\"datePublished\":\"2011-02-07T13:51:52+00:00\",\"dateModified\":\"2019-07-08T14:24:37+00:00\",\"description\":\"Damga. Splitscreen Studios GmbH. Standort: Planckstrasse 13, 22765 Hamburg Germany\",\"breadcrumb\":{\"@id\":\"https:\\\/\\\/dinostorm.com\\\/tr\\\/kunye\\\/#breadcrumb\"},\"inLanguage\":\"tr\",\"potentialAction\":[{\"@type\":\"ReadAction\",\"target\":[\"https:\\\/\\\/dinostorm.com\\\/tr\\\/kunye\\\/\"]}]},{\"@type\":\"BreadcrumbList\",\"@id\":\"https:\\\/\\\/dinostorm.com\\\/tr\\\/kunye\\\/#breadcrumb\",\"itemListElement\":[{\"@type\":\"ListItem\",\"position\":1,\"name\":\"Home\",\"item\":\"https:\\\/\\\/dinostorm.com\\\/tr\\\/\"},{\"@type\":\"ListItem\",\"position\":2,\"name\":\"K\u00fcnye\"}]},{\"@type\":\"WebSite\",\"@id\":\"https:\\\/\\\/dinostorm.com\\\/tr\\\/#website\",\"url\":\"https:\\\/\\\/dinostorm.com\\\/tr\\\/\",\"name\":\"Dino Storm\",\"description\":\"\",\"potentialAction\":[{\"@type\":\"SearchAction\",\"target\":{\"@type\":\"EntryPoint\",\"urlTemplate\":\"https:\\\/\\\/dinostorm.com\\\/tr\\\/?s={search_term_string}\"},\"query-input\":{\"@type\":\"PropertyValueSpecification\",\"valueRequired\":true,\"valueName\":\"search_term_string\"}}],\"inLanguage\":\"tr\"}]}<\/script>\n<!-- \/ Yoast SEO plugin. -->","yoast_head_json":{"title":"Damga - Dino Storm","description":"Damga. Splitscreen Studios GmbH. Standort: Planckstrasse 13, 22765 Hamburg Germany","robots":{"index":"index","follow":"follow","max-snippet":"max-snippet:-1","max-image-preview":"max-image-preview:large","max-video-preview":"max-video-preview:-1"},"canonical":"https:\/\/dinostorm.com\/tr\/kunye\/","og_locale":"tr_TR","og_type":"article","og_title":"Damga - Dino Storm","og_description":"Damga. Splitscreen Studios GmbH. Standort: Planckstrasse 13, 22765 Hamburg Germany","og_url":"https:\/\/dinostorm.com\/tr\/kunye\/","og_site_name":"Dino Storm","article_modified_time":"2019-07-08T14:24:37+00:00","schema":{"@context":"https:\/\/schema.org","@graph":[{"@type":"WebPage","@id":"https:\/\/dinostorm.com\/tr\/kunye\/","url":"https:\/\/dinostorm.com\/tr\/kunye\/","name":"Damga - Dino Storm","isPartOf":{"@id":"https:\/\/dinostorm.com\/tr\/#website"},"datePublished":"2011-02-07T13:51:52+00:00","dateModified":"2019-07-08T14:24:37+00:00","description":"Damga. Splitscreen Studios GmbH. Standort: Planckstrasse 13, 22765 Hamburg Germany","breadcrumb":{"@id":"https:\/\/dinostorm.com\/tr\/kunye\/#breadcrumb"},"inLanguage":"tr","potentialAction":[{"@type":"ReadAction","target":["https:\/\/dinostorm.com\/tr\/kunye\/"]}]},{"@type":"BreadcrumbList","@id":"https:\/\/dinostorm.com\/tr\/kunye\/#breadcrumb","itemListElement":[{"@type":"ListItem","position":1,"name":"Home","item":"https:\/\/dinostorm.com\/tr\/"},{"@type":"ListItem","position":2,"name":"K\u00fcnye"}]},{"@type":"WebSite","@id":"https:\/\/dinostorm.com\/tr\/#website","url":"https:\/\/dinostorm.com\/tr\/","name":"Dino Storm","description":"","potentialAction":[{"@type":"SearchAction","target":{"@type":"EntryPoint","urlTemplate":"https:\/\/dinostorm.com\/tr\/?s={search_term_string}"},"query-input":{"@type":"PropertyValueSpecification","valueRequired":true,"valueName":"search_term_string"}}],"inLanguage":"tr"}]}},"_links":{"self":[{"href":"https:\/\/dinostorm.com\/tr\/wp-json\/wp\/v2\/pages\/1293","targetHints":{"allow":["GET"]}}],"collection":[{"href":"https:\/\/dinostorm.com\/tr\/wp-json\/wp\/v2\/pages"}],"about":[{"href":"https:\/\/dinostorm.com\/tr\/wp-json\/wp\/v2\/types\/page"}],"author":[{"embeddable":true,"href":"https:\/\/dinostorm.com\/tr\/wp-json\/wp\/v2\/users\/26"}],"replies":[{"embeddable":true,"href":"https:\/\/dinostorm.com\/tr\/wp-json\/wp\/v2\/comments?post=1293"}],"version-history":[{"count":0,"href":"https:\/\/dinostorm.com\/tr\/wp-json\/wp\/v2\/pages\/1293\/revisions"}],"wp:featuredmedia":[{"embeddable":true,"href":"https:\/\/dinostorm.com\/tr\/wp-json\/"}],"wp:attachment":[{"href":"https:\/\/dinostorm.com\/tr\/wp-json\/wp\/v2\/media?parent=1293"}],"curies":[{"name":"wp","href":"https:\/\/api.w.org\/{rel}","templated":true}]}}