{"id":1285,"date":"2011-01-12T22:09:13","date_gmt":"2011-01-12T20:09:13","guid":{"rendered":"http:\/\/dinostorm.com\/sss"},"modified":"2018-02-01T14:11:09","modified_gmt":"2018-02-01T12:11:09","slug":"dino-storm-sss","status":"publish","type":"page","link":"https:\/\/dinostorm.com\/tr\/oyun\/dino-storm-sss\/","title":{"rendered":"SSS"},"content":{"rendered":"<div class=\"teaser\"><\/div>\n<h1 class=\"headline_page width_350\"><span>Dino Storm &#8211; SSS<\/span><\/h1>\n<p class=\"back-button back-pos350\"><a class=\"back-block\" href=\"\/tr\/oyun#overview\">Geri<\/a><\/p>\n<div class=\"one_half\">\n<h2>Dino Storm Hakk\u0131nda Genel Sorular<\/h2>\n<h3>Dino Storm nedir?<\/h3>\n<p>Dino Storm, zengin 3D g\u00f6rsellere sahip, \u00fccretsiz ve \u00e7ok oyunculu bir taray\u0131c\u0131 tabanl\u0131 oyundur. Zengin alt\u0131n yataklar\u0131n\u0131n ke\u015ffedildi\u011fi Dinoville&#8217;e do\u011fru yola \u00e7\u0131kan cesur bir korucu olarak oyuna ba\u015fl\u0131yorsun. Dino Storm&#8217;u oynamak i\u00e7in temel bilgiler ve tam bir \u00f6zet i\u00e7in <a href=\"\/tr\/oyun\">oyun rehberine<\/a> g\u00f6z at.<\/p>\n<h3>Dino Storm&#8217;u Oynaman\u0131n Maliyeti Nedir?<\/h3>\n<p>Kay\u0131t olmak ve oyunu oynamak tamamen \u00fccretsiz. Kay\u0131t i\u015flemi ka\u015fla g\u00f6z aras\u0131nda herhangi bir y\u00fck\u00fcml\u00fcl\u00fck gerektirmeden tamamlan\u0131r, ve saniyeler i\u00e7inde oyuna ba\u015flamaya haz\u0131r olunur. Ki\u015fisel bilgiler girmek de gerekmiyor. Tek yapman gereken \u015fey yapmay\u0131 istedi\u011fin tek \u015fey olacak, sadece oyunu oynamak.<\/p>\n<h3>Dino Storm Nas\u0131l Ba\u015flad\u0131?<\/h3>\n<p>Peki, Dino Storm asl\u0131nda tam olarak oyun \u015firketlerinin standart projelerinden de\u011fildir. Her \u015fey geli\u015ftiricilerimizin masa\u00fcst\u00fc arka plan resmi olarak kulland\u0131\u011f\u0131 bir karikat\u00fcr dizisinin \u00e7izimiyle ba\u015flad\u0131: <a href=\"http:\/\/dinostorm.com\/tr\/oyun\/dinozor-sozlugu\/\">dinozor<\/a> s\u0131rt\u0131nda birbirine ate\u015f eden insanlar. Acayip ho\u015fumuza gitti. O kadar ho\u015ftu ki, birka\u00e7 g\u00fcn bir s\u00fcr\u00fc pizza ve kola ile bu \u00e7izimleri bir oyuna \u00e7evirmeye karar verdik. Birka\u00e7 g\u00fcn do\u011fumundan sonra inan\u0131lmaz e\u011flenceli bir prototip \u00e7\u0131kt\u0131 ortaya, ve biraz uyuduktan sonra daha fazla kaynak bulup bu oyundan tam \u00f6l\u00e7ekli bir MMO yaratmaya karar verdik.<\/p>\n<h3>\u00dccretsiz Oynarken Ne Gibi \u00d6zelliklerden Faydalanabilirim?<\/h3>\n<p>Her \u015feyden. Herhangi bir limit veya deneme s\u00fcr\u00fcm\u00fc olmadan t\u00fcm oyuna eri\u015fim \u00fccretsizdir. T\u00fcm g\u00fcncellemeler, yeni i\u00e7erikler ve d\u00fczeltmeler (hata yapt\u0131\u011f\u0131m\u0131z nadir durumlarda) otomatik ve \u00fccretsiz olarak gelir. Oyunun t\u00fcm i\u00e7eri\u011fi \u00fccretsiz olarak mevcuttur. Tabi ki, ekibimiz ara s\u0131ra bir \u015feyler de i\u00e7mek istiyor. Bu y\u00fczden k\u00fc\u00e7\u00fck bir \u00fccret kar\u015f\u0131l\u0131\u011f\u0131nda h\u0131zla ve rahat\u00e7a hesab\u0131n\u0131 doldurabilir, b\u00f6ylece Dino Storm&#8217;un tehlikeli d\u00fcnyas\u0131nda seni bekleyen t\u00fcrl\u00fc t\u00fcrl\u00fc tehdide kar\u015f\u0131 asla savunmas\u0131z kalmam\u0131\u015f olursun.<\/p>\n<h3>DinoVille mi? Bu bir t\u00fcr \u015faka m\u0131?<\/h3>\n<p>Evet.<\/p>\n<\/div>\n<div class=\"one_half_last\">\n<h2>Splitscreen Games hakk\u0131nda genel sorular<\/h2>\n<h3>Ka\u00e7 GB veri y\u00fcklemek zorunday\u0131m?<\/h3>\n<p>Ac\u0131n\u0131 payla\u015f\u0131yoruz. Her kim ki bir g\u00fcn boyu bir oyunu indirip \u00fc\u00e7 saat onu y\u00fcklemekle u\u011fra\u015f\u0131p sonunda hi\u00e7 de anlat\u0131ld\u0131\u011f\u0131 gibi olmad\u0131\u011f\u0131n\u0131 \u00f6\u011frenirse mutlaka tepesi atar. <a title=\"Dino Storm\" href=\"http:\/\/dinostorm.com\/tr\/\">Dino Storm&#8217;un<\/a> bir taray\u0131c\u0131 tabanl\u0131 oyun olmas\u0131 sayesinde sadece saniyeler s\u00fcren birka\u00e7 MBl\u0131k veri gereksinimini ile bu sorundan kurtulursun. Taray\u0131c\u0131nda ilk kez oyunu ba\u015flatmak i\u00e7in sadece 10 MB&#8217;a ihtiyac\u0131m\u0131z var. Arka planda as\u0131l oyun i\u00e7eri\u011fi i\u00e7in biraz daha veri aktar\u0131m\u0131 laz\u0131m, ama yine sadece birka\u00e7 MB. Ayr\u0131ca, bu 3D \u00e7evrimi\u00e7i oyun kendisini otomatik olarak tam zaman\u0131nda g\u00fcncelleyece\u011fi i\u00e7in, oyun d\u00fcnyas\u0131n\u0131 geni\u015fletti\u011fimizde, veya pek muhtemel olmayan bug varl\u0131\u011f\u0131 durumunda onlar\u0131 kald\u0131rmam\u0131z gerekti\u011finde bile dakikalarca beklemek zorunda kalmayacaks\u0131n.<\/p>\n<h3>Taray\u0131c\u0131 Oyunlar\u0131 Benim i\u00e7i De\u011fil! Ben \u00c7iftlikleri Sevmem.<\/h3>\n<p>Tamamen anl\u0131yoruz. Biz asl\u0131nda \u00e7iftlikleri severiz, ama ba\u015fka bir tane daha in\u015fa edecek kadar de\u011fil. Dino Storm bildi\u011fin taray\u0131c\u0131 oyunlar\u0131ndan de\u011fildir. Pahal\u0131 ve CD i\u00e7erisindeki oyunlar gibi ger\u00e7ek zamanl\u0131 bir 3D d\u00fcnya sunan bu oyun t\u00fcm \u00f6zellikleriyle bir MMO.<\/p>\n<h3>Hangi \u0130\u015fletim Sistemlerini Destekliyorsunuz?<\/h3>\n<p>Dinozorlar karma\u015f\u0131k hayvanlard\u0131r, ve biz de onlar\u0131 \u015fu anda sadece Windows PCler&#8217;de destekleyebiliyoruz.<\/p>\n<p>&nbsp;<\/p>\n<p><img class=\"colorbox-1285\"  decoding=\"async\" alt=\"The browser based game Dino Storm\" src=\"\/wp-content\/themes\/arras\/images\/dinostorm\/Dino-Storm-Comic-4.png\" \/><\/p>\n<\/div>\n<div class=\"full\"><img decoding=\"async\" class=\"hr3 colorbox-1285\" alt=\"Play now the free browser based game\" src=\"\/wp-content\/themes\/arras\/images\/dinostorm\/Dino-Storm-Header-1.png\" \/><br \/>\n<img decoding=\"async\" class=\"hr3 colorbox-1285\" alt=\"separator dino storm\" src=\"\/wp-content\/themes\/arras\/images\/dinostorm\/seperator_big.png\" \/><\/div>\n","protected":false},"excerpt":{"rendered":"<p>Dino Storm &#8211; SSS Geri Dino Storm Hakk\u0131nda Genel Sorular Dino Storm nedir? Dino Storm, zengin 3D g\u00f6rsellere sahip, \u00fccretsiz ve \u00e7ok oyunculu bir taray\u0131c\u0131 tabanl\u0131 oyundur. Zengin alt\u0131n yataklar\u0131n\u0131n ke\u015ffedildi\u011fi Dinoville&#8217;e do\u011fru yola \u00e7\u0131kan [&hellip;]<\/p>\n","protected":false},"author":26,"featured_media":-1,"parent":3706,"menu_order":0,"comment_status":"closed","ping_status":"closed","template":"pagetpl-onecolumn.php","meta":{"footnotes":"","_links_to":"","_links_to_target":""},"class_list":["post-1285","page","type-page","status-publish","has-post-thumbnail","hentry"],"yoast_head":"<!-- This site is optimized with the Yoast SEO plugin v27.4 - https:\/\/yoast.com\/product\/yoast-seo-wordpress\/ -->\n<title>S\u0131k\u00e7a Sorulan Sorular - Dino Storm<\/title>\n<meta name=\"description\" content=\"Dino Storm hakk\u0131nda s\u0131k\u00e7a sorulan sorular (SSS).\" \/>\n<meta name=\"robots\" content=\"index, follow, max-snippet:-1, max-image-preview:large, max-video-preview:-1\" \/>\n<link rel=\"canonical\" href=\"https:\/\/dinostorm.com\/tr\/oyun\/dino-storm-sss\/\" \/>\n<meta property=\"og:locale\" content=\"tr_TR\" \/>\n<meta property=\"og:type\" content=\"article\" \/>\n<meta property=\"og:title\" content=\"S\u0131k\u00e7a Sorulan Sorular - Dino Storm\" \/>\n<meta property=\"og:description\" content=\"Dino Storm hakk\u0131nda s\u0131k\u00e7a sorulan sorular (SSS).\" \/>\n<meta property=\"og:url\" content=\"https:\/\/dinostorm.com\/tr\/oyun\/dino-storm-sss\/\" \/>\n<meta property=\"og:site_name\" content=\"Dino Storm\" \/>\n<meta property=\"article:modified_time\" content=\"2018-02-01T12:11:09+00:00\" \/>\n<meta name=\"twitter:label1\" content=\"Est. reading time\" \/>\n\t<meta name=\"twitter:data1\" content=\"3 minutes\" \/>\n<script type=\"application\/ld+json\" class=\"yoast-schema-graph\">{\"@context\":\"https:\\\/\\\/schema.org\",\"@graph\":[{\"@type\":\"WebPage\",\"@id\":\"https:\\\/\\\/dinostorm.com\\\/tr\\\/oyun\\\/dino-storm-sss\\\/\",\"url\":\"https:\\\/\\\/dinostorm.com\\\/tr\\\/oyun\\\/dino-storm-sss\\\/\",\"name\":\"S\u0131k\u00e7a Sorulan Sorular - Dino Storm\",\"isPartOf\":{\"@id\":\"https:\\\/\\\/dinostorm.com\\\/tr\\\/#website\"},\"datePublished\":\"2011-01-12T20:09:13+00:00\",\"dateModified\":\"2018-02-01T12:11:09+00:00\",\"description\":\"Dino Storm hakk\u0131nda s\u0131k\u00e7a sorulan sorular (SSS).\",\"breadcrumb\":{\"@id\":\"https:\\\/\\\/dinostorm.com\\\/tr\\\/oyun\\\/dino-storm-sss\\\/#breadcrumb\"},\"inLanguage\":\"tr\",\"potentialAction\":[{\"@type\":\"ReadAction\",\"target\":[\"https:\\\/\\\/dinostorm.com\\\/tr\\\/oyun\\\/dino-storm-sss\\\/\"]}]},{\"@type\":\"BreadcrumbList\",\"@id\":\"https:\\\/\\\/dinostorm.com\\\/tr\\\/oyun\\\/dino-storm-sss\\\/#breadcrumb\",\"itemListElement\":[{\"@type\":\"ListItem\",\"position\":1,\"name\":\"Home\",\"item\":\"https:\\\/\\\/dinostorm.com\\\/tr\\\/\"},{\"@type\":\"ListItem\",\"position\":2,\"name\":\"Oyun\",\"item\":\"https:\\\/\\\/dinostorm.com\\\/tr\\\/oyun\\\/\"},{\"@type\":\"ListItem\",\"position\":3,\"name\":\"SSS\"}]},{\"@type\":\"WebSite\",\"@id\":\"https:\\\/\\\/dinostorm.com\\\/tr\\\/#website\",\"url\":\"https:\\\/\\\/dinostorm.com\\\/tr\\\/\",\"name\":\"Dino Storm\",\"description\":\"\",\"potentialAction\":[{\"@type\":\"SearchAction\",\"target\":{\"@type\":\"EntryPoint\",\"urlTemplate\":\"https:\\\/\\\/dinostorm.com\\\/tr\\\/?s={search_term_string}\"},\"query-input\":{\"@type\":\"PropertyValueSpecification\",\"valueRequired\":true,\"valueName\":\"search_term_string\"}}],\"inLanguage\":\"tr\"}]}<\/script>\n<!-- \/ Yoast SEO plugin. -->","yoast_head_json":{"title":"S\u0131k\u00e7a Sorulan Sorular - Dino Storm","description":"Dino Storm hakk\u0131nda s\u0131k\u00e7a sorulan sorular (SSS).","robots":{"index":"index","follow":"follow","max-snippet":"max-snippet:-1","max-image-preview":"max-image-preview:large","max-video-preview":"max-video-preview:-1"},"canonical":"https:\/\/dinostorm.com\/tr\/oyun\/dino-storm-sss\/","og_locale":"tr_TR","og_type":"article","og_title":"S\u0131k\u00e7a Sorulan Sorular - Dino Storm","og_description":"Dino Storm hakk\u0131nda s\u0131k\u00e7a sorulan sorular (SSS).","og_url":"https:\/\/dinostorm.com\/tr\/oyun\/dino-storm-sss\/","og_site_name":"Dino Storm","article_modified_time":"2018-02-01T12:11:09+00:00","twitter_misc":{"Est. reading time":"3 minutes"},"schema":{"@context":"https:\/\/schema.org","@graph":[{"@type":"WebPage","@id":"https:\/\/dinostorm.com\/tr\/oyun\/dino-storm-sss\/","url":"https:\/\/dinostorm.com\/tr\/oyun\/dino-storm-sss\/","name":"S\u0131k\u00e7a Sorulan Sorular - Dino Storm","isPartOf":{"@id":"https:\/\/dinostorm.com\/tr\/#website"},"datePublished":"2011-01-12T20:09:13+00:00","dateModified":"2018-02-01T12:11:09+00:00","description":"Dino Storm hakk\u0131nda s\u0131k\u00e7a sorulan sorular (SSS).","breadcrumb":{"@id":"https:\/\/dinostorm.com\/tr\/oyun\/dino-storm-sss\/#breadcrumb"},"inLanguage":"tr","potentialAction":[{"@type":"ReadAction","target":["https:\/\/dinostorm.com\/tr\/oyun\/dino-storm-sss\/"]}]},{"@type":"BreadcrumbList","@id":"https:\/\/dinostorm.com\/tr\/oyun\/dino-storm-sss\/#breadcrumb","itemListElement":[{"@type":"ListItem","position":1,"name":"Home","item":"https:\/\/dinostorm.com\/tr\/"},{"@type":"ListItem","position":2,"name":"Oyun","item":"https:\/\/dinostorm.com\/tr\/oyun\/"},{"@type":"ListItem","position":3,"name":"SSS"}]},{"@type":"WebSite","@id":"https:\/\/dinostorm.com\/tr\/#website","url":"https:\/\/dinostorm.com\/tr\/","name":"Dino Storm","description":"","potentialAction":[{"@type":"SearchAction","target":{"@type":"EntryPoint","urlTemplate":"https:\/\/dinostorm.com\/tr\/?s={search_term_string}"},"query-input":{"@type":"PropertyValueSpecification","valueRequired":true,"valueName":"search_term_string"}}],"inLanguage":"tr"}]}},"_links":{"self":[{"href":"https:\/\/dinostorm.com\/tr\/wp-json\/wp\/v2\/pages\/1285","targetHints":{"allow":["GET"]}}],"collection":[{"href":"https:\/\/dinostorm.com\/tr\/wp-json\/wp\/v2\/pages"}],"about":[{"href":"https:\/\/dinostorm.com\/tr\/wp-json\/wp\/v2\/types\/page"}],"author":[{"embeddable":true,"href":"https:\/\/dinostorm.com\/tr\/wp-json\/wp\/v2\/users\/26"}],"replies":[{"embeddable":true,"href":"https:\/\/dinostorm.com\/tr\/wp-json\/wp\/v2\/comments?post=1285"}],"version-history":[{"count":0,"href":"https:\/\/dinostorm.com\/tr\/wp-json\/wp\/v2\/pages\/1285\/revisions"}],"up":[{"embeddable":true,"href":"https:\/\/dinostorm.com\/tr\/wp-json\/wp\/v2\/pages\/3706"}],"wp:featuredmedia":[{"embeddable":true,"href":"https:\/\/dinostorm.com\/tr\/wp-json\/"}],"wp:attachment":[{"href":"https:\/\/dinostorm.com\/tr\/wp-json\/wp\/v2\/media?parent=1285"}],"curies":[{"name":"wp","href":"https:\/\/api.w.org\/{rel}","templated":true}]}}