{"id":12305,"date":"2017-01-04T16:31:09","date_gmt":"2017-01-04T14:31:09","guid":{"rendered":"http:\/\/dinostorm.com\/tr\/oyun\/silah-sozlugu\/gatling"},"modified":"2021-06-24T14:41:18","modified_gmt":"2021-06-24T12:41:18","slug":"gatling","status":"publish","type":"page","link":"https:\/\/dinostorm.com\/tr\/oyun\/silah-sozlugu\/gatling\/","title":{"rendered":"Mitraly\u00f6z"},"content":{"rendered":"<div class=\"teaser\"><\/div>\n<h1 class=\"headline_page width_350\"><span>Lazer silah&#x0131; \u2014 Mitraly&#x00f6;z<\/span><\/h1>\n<p class=\"back-button back-pos350\"><a class=\"back-block\" href=\"\/tr\/oyun\/silah-sozlugu\">Geri<\/a><\/p>\n<div class=\"two_thirds\">\n<h2 class=\"headline-lex\"><span>Mitraly&#x00f6;z \u2014 Dino Storm&#8217;da Lazer Silah&#x0131;<\/span><\/h2>\n<div class=\"banner_lex\">\n<p class=\"banner_text_lex text_lex\"><strong>Mitraly&#x00f6;z<\/strong> d&#x00fc;&#x015f;manlara ac&#x0131; &#x00e7;ektirmek i&#x00e7;in birka&#x00e7; numaras&#x0131; olan ve her t&#x00fc;rl&#x00fc; ko&#x015f;ula haz&#x0131;r orta menzilli bir silaht&#x0131;r!<\/p>\n<div style=\"margin-right: 29px; float: left; width: 10px; text-align: left; position: relative; top: 40px; left: 30px\">\n<strong class=\"text_lex\" style=\"position: relative; top: 12px\">Hasar:<\/strong><br \/>\n<strong class=\"text_lex\" style=\"position: relative; top: 30px\">At&#x0131;&#x015f; S&#x0131;kl&#x0131;&#x011f;&#x0131;:<\/strong><br \/>\n<strong class=\"text_lex\" style=\"position: relative; top: 50px\">Menzil:<\/strong>\n<\/div>\n<div style=\"margin-right: 20px; float: left; width: 118px; text-align: left; position: relative; top: 70px; left: 10px\">\n<img decoding=\"async\" class=\"skill_image_lex colorbox-12305\" src=\"\/wp-content\/themes\/arras\/images\/dinostorm\/Dinos\/bar_strength_1.png\" alt=\"Mitraly&#x00f6;z \u2014 Base Damage: 1.\" title=\"Base Damage: 1\"\/><br \/>\n<img decoding=\"async\" class=\"skill_image_lex colorbox-12305\" src=\"\/wp-content\/themes\/arras\/images\/dinostorm\/Dinos\/bar_endurance_5.png\" alt=\"Mitraly&#x00f6;z \u2014 Base Frequency: 5.\" title=\"Base Frequency: 5\"\/><br \/>\n<img decoding=\"async\" class=\"skill_image_lex colorbox-12305\" src=\"\/wp-content\/themes\/arras\/images\/dinostorm\/Dinos\/bar_health_3.png\" alt=\"Mitraly&#x00f6;z \u2014 Base Range: 3.\" title=\"Base Range: 3\"\/>\n<\/div>\n<\/div>\n<div class=\"one_third\">\n<img decoding=\"async\" class=\"weapon_lex_2 colorbox-12305\" src=\"\/wp-content\/themes\/arras\/images\/dinostorm\/gatling.png\" alt=\"Mitraly&#x00f6;z \u2014 Dino Storm'da Lazer Silah&#x0131;\"\/>\n<\/div>\n<\/div>\n<div class=\"clear\"><\/div>\n<div class=\"one_third\">\n<h3 class=\"headlinelex2_1\">Mitraly&#x00f6;z \u2014 Lazer Silah&#x0131; Becerileri<\/h3>\n<div class=\"banner_lex2\">\n<span class=\"icon_skill_top float-left\"><img class=\"colorbox-12305\"  decoding=\"async\" src=\"\/wp-content\/uploads\/2016\/08\/newgun_skill01.png\" alt=\"Perde Ate&#x015f;i, Mitraly&#x00f6;z &#x00d6;zel Beceri\" title=\"&#x00d6;zel Beceri: Perde Ate&#x015f;i\"\/><\/span><\/p>\n<div class=\"skill-wrapper\"><span class=\"icon_skill_title\">Perde Ate&#x015f;i<\/span><\/p>\n<p class=\"icon_skill_text\">Orta menzilli sald&#x0131;r&#x0131;. <span style=\"color: #ff7200;\">Ek&nbsp;G&#x00fc;&#x00e7;:<\/span> Hedefi savunmas&#x0131;z hale getirir.<\/p>\n<\/p>\n<\/div>\n<p><span class=\"clear\"><!-- --><\/span><span class=\"icon_skill_top float-left\"><img class=\"colorbox-12305\"  decoding=\"async\" src=\"\/wp-content\/uploads\/2016\/08\/newgun_skill02.png\" alt=\"Nokta At&#x0131;&#x015f;&#x0131;, Mitraly&#x00f6;z &#x00d6;zel Beceri\" title=\"&#x00d6;zel Beceri: Nokta At&#x0131;&#x015f;&#x0131;\"\/><\/span><\/p>\n<div class=\"skill-wrapper-bottom\"><span class=\"icon_skill_title\">Nokta At&#x0131;&#x015f;&#x0131;<\/span><\/p>\n<p class=\"icon_skill_text\">Orta menzilli sald&#x0131;r&#x0131;ya yak&#x0131;n. <span style=\"color: #ff7200;\">Ek&nbsp;G&#x00fc;&#x00e7;:<\/span> Hedefi kar&#x0131;&#x015f;t&#x0131;r&#x0131;r.<\/p>\n<\/p>\n<\/div>\n<p><span class=\"clear\"><!-- --><\/span><\/p>\n<\/div>\n<\/div>\n<div class=\"two_thirds\">\n<h3 class=\"headlinelex2_2\">Mitraly&#x00f6;z \u2014 Lazer Silah&#x0131; Ger&#x00e7;ekleri<\/h3>\n<div class=\"fact_lex\">\n<p>Gatling, lazer silah&#x0131; pazar&#x0131;nda daha yeni bir rakip, ancak piyasaya s&#x00fc;r&#x00fc;lmesinden bu yana bir&#x00e7;ok takip&#x00e7;i buldu.<\/p>\n<p>Mucitleri, haydutlar aras&#x0131;nda s&#x00fc;r&#x00fc;nen sert bir iklime sahip So&#x011f;ukpen&#x00e7;e Vadisi&#8217;nin uzak b&#x00f6;lgelerinin &#x00f6;tesinden geliyor. Makineler, oradaki zorlu s&#x0131;cakl&#x0131;klara dayanacak &#x015f;ekilde &#x00f6;zellikle sa&#x011f;lam bir yap&#x0131;da olmal&#x0131;d&#x0131;r ve ilk Gatling prototipi, son versiyonun orijinal tahminleri &#x00fc;&#x00e7; kat&#x0131;na &#x00e7;&#x0131;karacak kadar &#x00e7;ok performans pay&#x0131; sunmu&#x015f;tur; ba&#x015f;ka bir deyi&#x015f;le, Gatling&#8217;in in&#x015f;as&#x0131; b&#x00fc;y&#x00fc;k bir ba&#x015f;ar&#x0131;yd&#x0131;.<\/p>\n<p>D&#x00fc;nyan&#x0131;n her yerindeki silah ustalar&#x0131;, o zamandan beri bu son derece g&#x00fc;&#x00e7;l&#x00fc; lazer silah tasar&#x0131;m&#x0131;n&#x0131;n t&#x00fc;m potansiyelini ortaya &#x00e7;&#x0131;karmak i&#x00e7;in rekabet ediyor.<\/p>\n<\/div>\n<\/div>\n<div class=\"full\">\n<img decoding=\"async\" class=\"hr3 margin35 colorbox-12305\" src=\"\/wp-content\/themes\/arras\/images\/dinostorm\/seperator_big.png\" alt=\"separator dino storm\" \/>\n<\/div>\n","protected":false},"excerpt":{"rendered":"<p>Lazer silah&#x0131; \u2014 Mitraly&#x00f6;z Geri Mitraly&#x00f6;z \u2014 Dino Storm&#8217;da Lazer Silah&#x0131; Mitraly&#x00f6;z d&#x00fc;&#x015f;manlara ac&#x0131; &#x00e7;ektirmek i&#x00e7;in birka&#x00e7; numaras&#x0131; olan ve her t&#x00fc;rl&#x00fc; ko&#x015f;ula haz&#x0131;r orta menzilli bir silaht&#x0131;r! Hasar: At&#x0131;&#x015f; S&#x0131;kl&#x0131;&#x011f;&#x0131;: Menzil: Mitraly&#x00f6;z \u2014 Lazer [&hellip;]<\/p>\n","protected":false},"author":10,"featured_media":15052,"parent":1738,"menu_order":0,"comment_status":"closed","ping_status":"closed","template":"pagetpl-onecolumn.php","meta":{"footnotes":"","_links_to":"","_links_to_target":""},"class_list":["post-12305","page","type-page","status-publish","has-post-thumbnail","hentry"],"yoast_head":"<!-- This site is optimized with the Yoast SEO plugin v27.3 - https:\/\/yoast.com\/product\/yoast-seo-wordpress\/ -->\n<title>Mitraly\u00f6z - Dino Storm<\/title>\n<meta name=\"robots\" content=\"index, follow, max-snippet:-1, max-image-preview:large, max-video-preview:-1\" \/>\n<link rel=\"canonical\" href=\"https:\/\/dinostorm.com\/tr\/oyun\/silah-sozlugu\/gatling\/\" \/>\n<meta property=\"og:locale\" content=\"tr_TR\" \/>\n<meta property=\"og:type\" content=\"article\" \/>\n<meta property=\"og:title\" content=\"Mitraly\u00f6z - Dino Storm\" \/>\n<meta property=\"og:description\" content=\"Lazer silah&#x131; \u2014 Mitraly&#xf6;z Geri Mitraly&#xf6;z \u2014 Dino Storm&#8217;da Lazer Silah&#x131; Mitraly&#xf6;z d&#xfc;&#x15f;manlara ac&#x131; &#xe7;ektirmek i&#xe7;in birka&#xe7; numaras&#x131; olan ve her t&#xfc;rl&#xfc; ko&#x15f;ula haz&#x131;r orta menzilli bir silaht&#x131;r! Hasar: At&#x131;&#x15f; S&#x131;kl&#x131;&#x11f;&#x131;: Menzil: Mitraly&#xf6;z \u2014 Lazer [&hellip;]\" \/>\n<meta property=\"og:url\" content=\"https:\/\/dinostorm.com\/tr\/oyun\/silah-sozlugu\/gatling\/\" \/>\n<meta property=\"og:site_name\" content=\"Dino Storm\" \/>\n<meta property=\"article:modified_time\" content=\"2021-06-24T12:41:18+00:00\" \/>\n<meta property=\"og:image\" content=\"https:\/\/dinostorm.com\/wp-content\/uploads\/2012\/09\/ds_jungle_01.jpg\" \/>\n\t<meta property=\"og:image:width\" content=\"1280\" \/>\n\t<meta property=\"og:image:height\" content=\"720\" \/>\n\t<meta property=\"og:image:type\" content=\"image\/jpeg\" \/>\n<meta name=\"twitter:label1\" content=\"Est. reading time\" \/>\n\t<meta name=\"twitter:data1\" content=\"2 minutes\" \/>\n<script type=\"application\/ld+json\" class=\"yoast-schema-graph\">{\"@context\":\"https:\\\/\\\/schema.org\",\"@graph\":[{\"@type\":\"WebPage\",\"@id\":\"https:\\\/\\\/dinostorm.com\\\/tr\\\/oyun\\\/silah-sozlugu\\\/gatling\\\/\",\"url\":\"https:\\\/\\\/dinostorm.com\\\/tr\\\/oyun\\\/silah-sozlugu\\\/gatling\\\/\",\"name\":\"Mitraly\u00f6z - Dino Storm\",\"isPartOf\":{\"@id\":\"https:\\\/\\\/dinostorm.com\\\/tr\\\/#website\"},\"primaryImageOfPage\":{\"@id\":\"https:\\\/\\\/dinostorm.com\\\/tr\\\/oyun\\\/silah-sozlugu\\\/gatling\\\/#primaryimage\"},\"image\":{\"@id\":\"https:\\\/\\\/dinostorm.com\\\/tr\\\/oyun\\\/silah-sozlugu\\\/gatling\\\/#primaryimage\"},\"thumbnailUrl\":\"https:\\\/\\\/dinostorm.com\\\/wp-content\\\/uploads\\\/2012\\\/09\\\/ds_jungle_01.jpg\",\"datePublished\":\"2017-01-04T14:31:09+00:00\",\"dateModified\":\"2021-06-24T12:41:18+00:00\",\"breadcrumb\":{\"@id\":\"https:\\\/\\\/dinostorm.com\\\/tr\\\/oyun\\\/silah-sozlugu\\\/gatling\\\/#breadcrumb\"},\"inLanguage\":\"tr\",\"potentialAction\":[{\"@type\":\"ReadAction\",\"target\":[\"https:\\\/\\\/dinostorm.com\\\/tr\\\/oyun\\\/silah-sozlugu\\\/gatling\\\/\"]}]},{\"@type\":\"ImageObject\",\"inLanguage\":\"tr\",\"@id\":\"https:\\\/\\\/dinostorm.com\\\/tr\\\/oyun\\\/silah-sozlugu\\\/gatling\\\/#primaryimage\",\"url\":\"https:\\\/\\\/dinostorm.com\\\/wp-content\\\/uploads\\\/2012\\\/09\\\/ds_jungle_01.jpg\",\"contentUrl\":\"https:\\\/\\\/dinostorm.com\\\/wp-content\\\/uploads\\\/2012\\\/09\\\/ds_jungle_01.jpg\",\"width\":1280,\"height\":720,\"caption\":\"Beware of dangerous bandits in Mokon Woods are everywhere.\"},{\"@type\":\"BreadcrumbList\",\"@id\":\"https:\\\/\\\/dinostorm.com\\\/tr\\\/oyun\\\/silah-sozlugu\\\/gatling\\\/#breadcrumb\",\"itemListElement\":[{\"@type\":\"ListItem\",\"position\":1,\"name\":\"Home\",\"item\":\"https:\\\/\\\/dinostorm.com\\\/tr\\\/\"},{\"@type\":\"ListItem\",\"position\":2,\"name\":\"Oyun\",\"item\":\"https:\\\/\\\/dinostorm.com\\\/tr\\\/oyun\\\/\"},{\"@type\":\"ListItem\",\"position\":3,\"name\":\"Silah S\u00f6zl\u00fcg\u00fc\",\"item\":\"https:\\\/\\\/dinostorm.com\\\/tr\\\/oyun\\\/silah-sozlugu\\\/\"},{\"@type\":\"ListItem\",\"position\":4,\"name\":\"Mitraly\u00f6z\"}]},{\"@type\":\"WebSite\",\"@id\":\"https:\\\/\\\/dinostorm.com\\\/tr\\\/#website\",\"url\":\"https:\\\/\\\/dinostorm.com\\\/tr\\\/\",\"name\":\"Dino Storm\",\"description\":\"\",\"potentialAction\":[{\"@type\":\"SearchAction\",\"target\":{\"@type\":\"EntryPoint\",\"urlTemplate\":\"https:\\\/\\\/dinostorm.com\\\/tr\\\/?s={search_term_string}\"},\"query-input\":{\"@type\":\"PropertyValueSpecification\",\"valueRequired\":true,\"valueName\":\"search_term_string\"}}],\"inLanguage\":\"tr\"}]}<\/script>\n<!-- \/ Yoast SEO plugin. -->","yoast_head_json":{"title":"Mitraly\u00f6z - Dino Storm","robots":{"index":"index","follow":"follow","max-snippet":"max-snippet:-1","max-image-preview":"max-image-preview:large","max-video-preview":"max-video-preview:-1"},"canonical":"https:\/\/dinostorm.com\/tr\/oyun\/silah-sozlugu\/gatling\/","og_locale":"tr_TR","og_type":"article","og_title":"Mitraly\u00f6z - Dino Storm","og_description":"Lazer silah&#x0131; \u2014 Mitraly&#x00f6;z Geri Mitraly&#x00f6;z \u2014 Dino Storm&#8217;da Lazer Silah&#x0131; Mitraly&#x00f6;z d&#x00fc;&#x015f;manlara ac&#x0131; &#x00e7;ektirmek i&#x00e7;in birka&#x00e7; numaras&#x0131; olan ve her t&#x00fc;rl&#x00fc; ko&#x015f;ula haz&#x0131;r orta menzilli bir silaht&#x0131;r! Hasar: At&#x0131;&#x015f; S&#x0131;kl&#x0131;&#x011f;&#x0131;: Menzil: Mitraly&#x00f6;z \u2014 Lazer [&hellip;]","og_url":"https:\/\/dinostorm.com\/tr\/oyun\/silah-sozlugu\/gatling\/","og_site_name":"Dino Storm","article_modified_time":"2021-06-24T12:41:18+00:00","og_image":[{"width":1280,"height":720,"url":"https:\/\/dinostorm.com\/wp-content\/uploads\/2012\/09\/ds_jungle_01.jpg","type":"image\/jpeg"}],"twitter_misc":{"Est. reading time":"2 minutes"},"schema":{"@context":"https:\/\/schema.org","@graph":[{"@type":"WebPage","@id":"https:\/\/dinostorm.com\/tr\/oyun\/silah-sozlugu\/gatling\/","url":"https:\/\/dinostorm.com\/tr\/oyun\/silah-sozlugu\/gatling\/","name":"Mitraly\u00f6z - Dino Storm","isPartOf":{"@id":"https:\/\/dinostorm.com\/tr\/#website"},"primaryImageOfPage":{"@id":"https:\/\/dinostorm.com\/tr\/oyun\/silah-sozlugu\/gatling\/#primaryimage"},"image":{"@id":"https:\/\/dinostorm.com\/tr\/oyun\/silah-sozlugu\/gatling\/#primaryimage"},"thumbnailUrl":"https:\/\/dinostorm.com\/wp-content\/uploads\/2012\/09\/ds_jungle_01.jpg","datePublished":"2017-01-04T14:31:09+00:00","dateModified":"2021-06-24T12:41:18+00:00","breadcrumb":{"@id":"https:\/\/dinostorm.com\/tr\/oyun\/silah-sozlugu\/gatling\/#breadcrumb"},"inLanguage":"tr","potentialAction":[{"@type":"ReadAction","target":["https:\/\/dinostorm.com\/tr\/oyun\/silah-sozlugu\/gatling\/"]}]},{"@type":"ImageObject","inLanguage":"tr","@id":"https:\/\/dinostorm.com\/tr\/oyun\/silah-sozlugu\/gatling\/#primaryimage","url":"https:\/\/dinostorm.com\/wp-content\/uploads\/2012\/09\/ds_jungle_01.jpg","contentUrl":"https:\/\/dinostorm.com\/wp-content\/uploads\/2012\/09\/ds_jungle_01.jpg","width":1280,"height":720,"caption":"Beware of dangerous bandits in Mokon Woods are everywhere."},{"@type":"BreadcrumbList","@id":"https:\/\/dinostorm.com\/tr\/oyun\/silah-sozlugu\/gatling\/#breadcrumb","itemListElement":[{"@type":"ListItem","position":1,"name":"Home","item":"https:\/\/dinostorm.com\/tr\/"},{"@type":"ListItem","position":2,"name":"Oyun","item":"https:\/\/dinostorm.com\/tr\/oyun\/"},{"@type":"ListItem","position":3,"name":"Silah S\u00f6zl\u00fcg\u00fc","item":"https:\/\/dinostorm.com\/tr\/oyun\/silah-sozlugu\/"},{"@type":"ListItem","position":4,"name":"Mitraly\u00f6z"}]},{"@type":"WebSite","@id":"https:\/\/dinostorm.com\/tr\/#website","url":"https:\/\/dinostorm.com\/tr\/","name":"Dino Storm","description":"","potentialAction":[{"@type":"SearchAction","target":{"@type":"EntryPoint","urlTemplate":"https:\/\/dinostorm.com\/tr\/?s={search_term_string}"},"query-input":{"@type":"PropertyValueSpecification","valueRequired":true,"valueName":"search_term_string"}}],"inLanguage":"tr"}]}},"_links":{"self":[{"href":"https:\/\/dinostorm.com\/tr\/wp-json\/wp\/v2\/pages\/12305","targetHints":{"allow":["GET"]}}],"collection":[{"href":"https:\/\/dinostorm.com\/tr\/wp-json\/wp\/v2\/pages"}],"about":[{"href":"https:\/\/dinostorm.com\/tr\/wp-json\/wp\/v2\/types\/page"}],"author":[{"embeddable":true,"href":"https:\/\/dinostorm.com\/tr\/wp-json\/wp\/v2\/users\/10"}],"replies":[{"embeddable":true,"href":"https:\/\/dinostorm.com\/tr\/wp-json\/wp\/v2\/comments?post=12305"}],"version-history":[{"count":6,"href":"https:\/\/dinostorm.com\/tr\/wp-json\/wp\/v2\/pages\/12305\/revisions"}],"predecessor-version":[{"id":232754,"href":"https:\/\/dinostorm.com\/tr\/wp-json\/wp\/v2\/pages\/12305\/revisions\/232754"}],"up":[{"embeddable":true,"href":"https:\/\/dinostorm.com\/tr\/wp-json\/wp\/v2\/pages\/1738"}],"wp:featuredmedia":[{"embeddable":true,"href":"https:\/\/dinostorm.com\/tr\/wp-json\/wp\/v2\/media\/15052"}],"wp:attachment":[{"href":"https:\/\/dinostorm.com\/tr\/wp-json\/wp\/v2\/media?parent=12305"}],"curies":[{"name":"wp","href":"https:\/\/api.w.org\/{rel}","templated":true}]}}