{"id":4729,"date":"2012-10-18T09:13:48","date_gmt":"2012-10-18T07:13:48","guid":{"rendered":"http:\/\/dinostorm.com\/?page_id=4729"},"modified":"2021-06-17T14:10:55","modified_gmt":"2021-06-17T12:10:55","slug":"arma-burning-colt","status":"publish","type":"page","link":"https:\/\/dinostorm.com\/pt-br\/jogo\/manual-de-arma\/arma-burning-colt\/","title":{"rendered":"Arma &#8211; Burning Colt"},"content":{"rendered":"<div class=\"teaser\"><\/div>\n<h1 class=\"headline_page width_500\"><span>Arma &#8211; Burning Colt<\/span><\/h1>\n<p class=\"back-button back-pos500\"><a class=\"back-block\" href=\"http:\/\/dinostorm.com\/pt-br\/jogo\/manual-de-arma\/\">Voltar<\/a><\/p>\n<div class=\"two_thirds\">\n<h2 class=\"headline-lex\"><span>Burning Colt em Dino Storm<\/span><\/h2>\n<div class=\"banner_lex\">\n<p class=\"banner_text_lex text_lex\">O <strong>Burning Colt<\/strong> destina-se a definir um fluxo control\u00e1vel de fogo. Sua vantagem na taxa de inc\u00eandio, em compara\u00e7\u00e3o a outras armas fica maior a cada novo n\u00edvel.<\/p>\n<div style=\"margin-right: 29px; float: left; width: 10px; text-align: left; position: relative; top: 40px; left: 30px\">\n<strong class=\"text_lex\" style=\"position: relative; top: 12px\">Danos:<\/strong><br \/>\n<strong class=\"text_lex\" style=\"position: relative; top: 30px\">Rel\u00f3gio:<\/strong><br \/>\n<strong class=\"text_lex\" style=\"position: relative; top: 50px\">Alcance:<\/strong>\n<\/div>\n<div style=\"margin-right: 20px; float: left; width: 118px; text-align: left; position: relative; top: 70px; left: 10px\">\n<img decoding=\"async\" class=\"skill_image_lex colorbox-4729\" src=\"\/wp-content\/themes\/arras\/images\/dinostorm\/Dinos\/bar_strength_2.png\" title=\"N\u00edvel base do danos: 2\" alt=\"N\u00edvel b\u00e1sico do danos do Burning Colt em Dino Storm \u00e9 2.\"\/><br \/>\n<img decoding=\"async\" class=\"skill_image_lex colorbox-4729\" src=\"\/wp-content\/themes\/arras\/images\/dinostorm\/Dinos\/bar_endurance_4.png\" title=\"N\u00edvel base do rel\u00f3gio: 4\" alt=\"N\u00edvel b\u00e1sico do rel\u00f3gio do Burning Colt em Dino Storm \u00e9 4.\"\/><br \/>\n<img decoding=\"async\" class=\"skill_image_lex colorbox-4729\" src=\"\/wp-content\/themes\/arras\/images\/dinostorm\/Dinos\/bar_health_2.png\" title=\"N\u00edvel base do alcance: 2\" alt=\"N\u00edvel b\u00e1sico do alcance do Burning Colt em Dino Storm \u00e9 2.\"\/>\n<\/div>\n<\/div>\n<div class=\"one_third\">\n<img decoding=\"async\" class=\"weapon_lex_2 colorbox-4729\" src=\"\/wp-content\/themes\/arras\/images\/dinostorm\/burningcolt.png\" alt=\"Dino Storm: Burning Colt\"\/>\n<\/div>\n<\/div>\n<div class=\"clear\"><\/div>\n<div class=\"one_third\">\n<h3 class=\"headlinelex2_1\">Habilidades de arma laser do &#8220;Burning Colt&#8221;<\/h3>\n<div class=\"banner_lex2\">\n<span class=\"icon_skill_top float-left\"><img class=\"colorbox-4729\"  decoding=\"async\" src=\"\/wp-content\/themes\/arras\/images\/dinostorm\/skill_colt_01.png\" alt=\"Explos\u00e3o de fogo \u00e9 uma habilidade de arma especial do Burning Colt em Dino Storm.\" title=\"Per\u00edcia: Explos\u00e3o de fogo\"\/><\/span><\/p>\n<div class=\"skill-wrapper\"><span class=\"icon_skill_title\">Explos\u00e3o de fogo<\/span><\/p>\n<p class=\"icon_skill_text\">Ataque a curta dist\u00e2ncia. <span style=\"color: #ff7200;\">Poder&nbsp;extra:<\/span> Penetra armadura.<\/p>\n<\/p>\n<\/div>\n<p><span class=\"clear\"><!-- --><\/span><span class=\"icon_skill_top float-left\"><img class=\"colorbox-4729\"  decoding=\"async\" src=\"\/wp-content\/themes\/arras\/images\/dinostorm\/skill_colt_02.png\" alt=\"Detonador de fogo \u00e9 uma habilidade de arma especial do Burning Colt em Dino Storm.\" title=\"Per\u00edcia: Detonador de fogo\"\/><\/span><\/p>\n<div class=\"skill-wrapper-bottom\"><span class=\"icon_skill_title\">Detonador de fogo<\/span><\/p>\n<p class=\"icon_skill_text\">Ataque pr\u00f3ximo a m\u00e9dio alcance. <span style=\"color: #ff7200;\">Poder&nbsp;extra:<\/span> Queimadura de inflig\u00eancias.<\/p>\n<\/p>\n<\/div>\n<p><span class=\"clear\"><!-- --><\/span><\/p>\n<\/div>\n<\/div>\n<div class=\"two_thirds\">\n<h3 class=\"headlinelex2_2\">Fatos de arma laser sobre &#8220;Burning Colt&#8221;<\/h3>\n<div class=\"fact_lex\">\n<p>Foi inentado para profundos corredores no meio de Mokon Woods, Burning Colt rapidamente se tornou a arma de curto alcance de escolha entre os Cowboys, devido \u00e0 sua extraordin\u00e1ria taxa de inc\u00eandio.<\/p>\n<p>O segredo de Burning Colt est\u00e1 na press\u00e3o extremamente alta com que uma mistura secreta de subst\u00e2ncias inflam\u00e1veis \u00e9 disparada. Alguns usam gordura de dinossauro mais barato para encher o tanque, mas seu criador desencoraja fortemente esta pr\u00e1tica porque ele pode entupir o duto do difusor.<\/p>\n<p>A tecnologia patenteada de alta press\u00e3o oferece uma clara vantagem do Burning Colt ja que n\u00e3o precisa dos enormes tanques de combust\u00edvel exigidos pelos  lan\u00e7a-chamas convencionais. N\u00e3o surpreende, ent\u00e3o, que o Burning Colt tem sido vendido como p\u00e3o quente, desde a sua introdu\u00e7\u00e3o ao mercado.<\/p>\n<\/div>\n<\/div>\n<div class=\"full\">\n<img decoding=\"async\" class=\"hr3 margin35 colorbox-4729\" src=\"\/wp-content\/themes\/arras\/images\/dinostorm\/seperator_big.png\" alt=\"separator dino storm\" \/>\n<\/div>\n","protected":false},"excerpt":{"rendered":"<p>Arma &#8211; Burning Colt Voltar Burning Colt em Dino Storm O Burning Colt destina-se a definir um fluxo control\u00e1vel de fogo. Sua vantagem na taxa de inc\u00eandio, em compara\u00e7\u00e3o a outras armas fica maior a [&hellip;]<\/p>\n","protected":false},"author":26,"featured_media":15052,"parent":4726,"menu_order":0,"comment_status":"closed","ping_status":"closed","template":"pagetpl-onecolumn.php","meta":{"footnotes":"","_links_to":"","_links_to_target":""},"class_list":["post-4729","page","type-page","status-publish","has-post-thumbnail","hentry"],"yoast_head":"<!-- This site is optimized with the Yoast SEO plugin v27.3 - https:\/\/yoast.com\/product\/yoast-seo-wordpress\/ -->\n<title>Arma - Burning Colt - Dino Storm<\/title>\n<meta name=\"description\" content=\"O Burning Colt serve para definir um fluxo control\u00e1vel de fogo. Aqui voc\u00ea pode encontrar todos os fatos e habilidades sobre Burning Colt em Dino Storm.\" \/>\n<meta name=\"robots\" content=\"index, follow, max-snippet:-1, max-image-preview:large, max-video-preview:-1\" \/>\n<link rel=\"canonical\" href=\"https:\/\/dinostorm.com\/pt-br\/jogo\/manual-de-arma\/arma-burning-colt\/\" \/>\n<meta property=\"og:locale\" content=\"pt_PT\" \/>\n<meta property=\"og:type\" content=\"article\" \/>\n<meta property=\"og:title\" content=\"Arma - Burning Colt - Dino Storm\" \/>\n<meta property=\"og:description\" content=\"O Burning Colt serve para definir um fluxo control\u00e1vel de fogo. Aqui voc\u00ea pode encontrar todos os fatos e habilidades sobre Burning Colt em Dino Storm.\" \/>\n<meta property=\"og:url\" content=\"https:\/\/dinostorm.com\/pt-br\/jogo\/manual-de-arma\/arma-burning-colt\/\" \/>\n<meta property=\"og:site_name\" content=\"Dino Storm\" \/>\n<meta property=\"article:modified_time\" content=\"2021-06-17T12:10:55+00:00\" \/>\n<meta property=\"og:image\" content=\"https:\/\/dinostorm.com\/wp-content\/uploads\/2012\/09\/ds_jungle_01.jpg\" \/>\n\t<meta property=\"og:image:width\" content=\"1280\" \/>\n\t<meta property=\"og:image:height\" content=\"720\" \/>\n\t<meta property=\"og:image:type\" content=\"image\/jpeg\" \/>\n<meta name=\"twitter:label1\" content=\"Est. reading time\" \/>\n\t<meta name=\"twitter:data1\" content=\"1 minute\" \/>\n<script type=\"application\/ld+json\" class=\"yoast-schema-graph\">{\"@context\":\"https:\\\/\\\/schema.org\",\"@graph\":[{\"@type\":\"WebPage\",\"@id\":\"https:\\\/\\\/dinostorm.com\\\/pt-br\\\/jogo\\\/manual-de-arma\\\/arma-burning-colt\\\/\",\"url\":\"https:\\\/\\\/dinostorm.com\\\/pt-br\\\/jogo\\\/manual-de-arma\\\/arma-burning-colt\\\/\",\"name\":\"Arma - Burning Colt - Dino Storm\",\"isPartOf\":{\"@id\":\"https:\\\/\\\/dinostorm.com\\\/pt-br\\\/#website\"},\"primaryImageOfPage\":{\"@id\":\"https:\\\/\\\/dinostorm.com\\\/pt-br\\\/jogo\\\/manual-de-arma\\\/arma-burning-colt\\\/#primaryimage\"},\"image\":{\"@id\":\"https:\\\/\\\/dinostorm.com\\\/pt-br\\\/jogo\\\/manual-de-arma\\\/arma-burning-colt\\\/#primaryimage\"},\"thumbnailUrl\":\"https:\\\/\\\/dinostorm.com\\\/wp-content\\\/uploads\\\/2012\\\/09\\\/ds_jungle_01.jpg\",\"datePublished\":\"2012-10-18T07:13:48+00:00\",\"dateModified\":\"2021-06-17T12:10:55+00:00\",\"description\":\"O Burning Colt serve para definir um fluxo control\u00e1vel de fogo. Aqui voc\u00ea pode encontrar todos os fatos e habilidades sobre Burning Colt em Dino Storm.\",\"breadcrumb\":{\"@id\":\"https:\\\/\\\/dinostorm.com\\\/pt-br\\\/jogo\\\/manual-de-arma\\\/arma-burning-colt\\\/#breadcrumb\"},\"inLanguage\":\"pt-br\",\"potentialAction\":[{\"@type\":\"ReadAction\",\"target\":[\"https:\\\/\\\/dinostorm.com\\\/pt-br\\\/jogo\\\/manual-de-arma\\\/arma-burning-colt\\\/\"]}]},{\"@type\":\"ImageObject\",\"inLanguage\":\"pt-br\",\"@id\":\"https:\\\/\\\/dinostorm.com\\\/pt-br\\\/jogo\\\/manual-de-arma\\\/arma-burning-colt\\\/#primaryimage\",\"url\":\"https:\\\/\\\/dinostorm.com\\\/wp-content\\\/uploads\\\/2012\\\/09\\\/ds_jungle_01.jpg\",\"contentUrl\":\"https:\\\/\\\/dinostorm.com\\\/wp-content\\\/uploads\\\/2012\\\/09\\\/ds_jungle_01.jpg\",\"width\":1280,\"height\":720,\"caption\":\"Beware of dangerous bandits in Mokon Woods are everywhere.\"},{\"@type\":\"BreadcrumbList\",\"@id\":\"https:\\\/\\\/dinostorm.com\\\/pt-br\\\/jogo\\\/manual-de-arma\\\/arma-burning-colt\\\/#breadcrumb\",\"itemListElement\":[{\"@type\":\"ListItem\",\"position\":1,\"name\":\"Home\",\"item\":\"https:\\\/\\\/dinostorm.com\\\/pt-br\\\/\"},{\"@type\":\"ListItem\",\"position\":2,\"name\":\"Jogo\",\"item\":\"https:\\\/\\\/dinostorm.com\\\/pt-br\\\/jogo\\\/\"},{\"@type\":\"ListItem\",\"position\":3,\"name\":\"Manual de arma\",\"item\":\"https:\\\/\\\/dinostorm.com\\\/pt-br\\\/jogo\\\/manual-de-arma\\\/\"},{\"@type\":\"ListItem\",\"position\":4,\"name\":\"Arma &#8211; Burning Colt\"}]},{\"@type\":\"WebSite\",\"@id\":\"https:\\\/\\\/dinostorm.com\\\/pt-br\\\/#website\",\"url\":\"https:\\\/\\\/dinostorm.com\\\/pt-br\\\/\",\"name\":\"Dino Storm\",\"description\":\"\",\"potentialAction\":[{\"@type\":\"SearchAction\",\"target\":{\"@type\":\"EntryPoint\",\"urlTemplate\":\"https:\\\/\\\/dinostorm.com\\\/pt-br\\\/?s={search_term_string}\"},\"query-input\":{\"@type\":\"PropertyValueSpecification\",\"valueRequired\":true,\"valueName\":\"search_term_string\"}}],\"inLanguage\":\"pt-br\"}]}<\/script>\n<!-- \/ Yoast SEO plugin. -->","yoast_head_json":{"title":"Arma - Burning Colt - Dino Storm","description":"O Burning Colt serve para definir um fluxo control\u00e1vel de fogo. Aqui voc\u00ea pode encontrar todos os fatos e habilidades sobre Burning Colt em Dino Storm.","robots":{"index":"index","follow":"follow","max-snippet":"max-snippet:-1","max-image-preview":"max-image-preview:large","max-video-preview":"max-video-preview:-1"},"canonical":"https:\/\/dinostorm.com\/pt-br\/jogo\/manual-de-arma\/arma-burning-colt\/","og_locale":"pt_PT","og_type":"article","og_title":"Arma - Burning Colt - Dino Storm","og_description":"O Burning Colt serve para definir um fluxo control\u00e1vel de fogo. Aqui voc\u00ea pode encontrar todos os fatos e habilidades sobre Burning Colt em Dino Storm.","og_url":"https:\/\/dinostorm.com\/pt-br\/jogo\/manual-de-arma\/arma-burning-colt\/","og_site_name":"Dino Storm","article_modified_time":"2021-06-17T12:10:55+00:00","og_image":[{"width":1280,"height":720,"url":"https:\/\/dinostorm.com\/wp-content\/uploads\/2012\/09\/ds_jungle_01.jpg","type":"image\/jpeg"}],"twitter_misc":{"Est. reading time":"1 minute"},"schema":{"@context":"https:\/\/schema.org","@graph":[{"@type":"WebPage","@id":"https:\/\/dinostorm.com\/pt-br\/jogo\/manual-de-arma\/arma-burning-colt\/","url":"https:\/\/dinostorm.com\/pt-br\/jogo\/manual-de-arma\/arma-burning-colt\/","name":"Arma - Burning Colt - Dino Storm","isPartOf":{"@id":"https:\/\/dinostorm.com\/pt-br\/#website"},"primaryImageOfPage":{"@id":"https:\/\/dinostorm.com\/pt-br\/jogo\/manual-de-arma\/arma-burning-colt\/#primaryimage"},"image":{"@id":"https:\/\/dinostorm.com\/pt-br\/jogo\/manual-de-arma\/arma-burning-colt\/#primaryimage"},"thumbnailUrl":"https:\/\/dinostorm.com\/wp-content\/uploads\/2012\/09\/ds_jungle_01.jpg","datePublished":"2012-10-18T07:13:48+00:00","dateModified":"2021-06-17T12:10:55+00:00","description":"O Burning Colt serve para definir um fluxo control\u00e1vel de fogo. Aqui voc\u00ea pode encontrar todos os fatos e habilidades sobre Burning Colt em Dino Storm.","breadcrumb":{"@id":"https:\/\/dinostorm.com\/pt-br\/jogo\/manual-de-arma\/arma-burning-colt\/#breadcrumb"},"inLanguage":"pt-br","potentialAction":[{"@type":"ReadAction","target":["https:\/\/dinostorm.com\/pt-br\/jogo\/manual-de-arma\/arma-burning-colt\/"]}]},{"@type":"ImageObject","inLanguage":"pt-br","@id":"https:\/\/dinostorm.com\/pt-br\/jogo\/manual-de-arma\/arma-burning-colt\/#primaryimage","url":"https:\/\/dinostorm.com\/wp-content\/uploads\/2012\/09\/ds_jungle_01.jpg","contentUrl":"https:\/\/dinostorm.com\/wp-content\/uploads\/2012\/09\/ds_jungle_01.jpg","width":1280,"height":720,"caption":"Beware of dangerous bandits in Mokon Woods are everywhere."},{"@type":"BreadcrumbList","@id":"https:\/\/dinostorm.com\/pt-br\/jogo\/manual-de-arma\/arma-burning-colt\/#breadcrumb","itemListElement":[{"@type":"ListItem","position":1,"name":"Home","item":"https:\/\/dinostorm.com\/pt-br\/"},{"@type":"ListItem","position":2,"name":"Jogo","item":"https:\/\/dinostorm.com\/pt-br\/jogo\/"},{"@type":"ListItem","position":3,"name":"Manual de arma","item":"https:\/\/dinostorm.com\/pt-br\/jogo\/manual-de-arma\/"},{"@type":"ListItem","position":4,"name":"Arma &#8211; Burning Colt"}]},{"@type":"WebSite","@id":"https:\/\/dinostorm.com\/pt-br\/#website","url":"https:\/\/dinostorm.com\/pt-br\/","name":"Dino Storm","description":"","potentialAction":[{"@type":"SearchAction","target":{"@type":"EntryPoint","urlTemplate":"https:\/\/dinostorm.com\/pt-br\/?s={search_term_string}"},"query-input":{"@type":"PropertyValueSpecification","valueRequired":true,"valueName":"search_term_string"}}],"inLanguage":"pt-br"}]}},"_links":{"self":[{"href":"https:\/\/dinostorm.com\/pt-br\/wp-json\/wp\/v2\/pages\/4729","targetHints":{"allow":["GET"]}}],"collection":[{"href":"https:\/\/dinostorm.com\/pt-br\/wp-json\/wp\/v2\/pages"}],"about":[{"href":"https:\/\/dinostorm.com\/pt-br\/wp-json\/wp\/v2\/types\/page"}],"author":[{"embeddable":true,"href":"https:\/\/dinostorm.com\/pt-br\/wp-json\/wp\/v2\/users\/26"}],"replies":[{"embeddable":true,"href":"https:\/\/dinostorm.com\/pt-br\/wp-json\/wp\/v2\/comments?post=4729"}],"version-history":[{"count":2,"href":"https:\/\/dinostorm.com\/pt-br\/wp-json\/wp\/v2\/pages\/4729\/revisions"}],"predecessor-version":[{"id":230102,"href":"https:\/\/dinostorm.com\/pt-br\/wp-json\/wp\/v2\/pages\/4729\/revisions\/230102"}],"up":[{"embeddable":true,"href":"https:\/\/dinostorm.com\/pt-br\/wp-json\/wp\/v2\/pages\/4726"}],"wp:featuredmedia":[{"embeddable":true,"href":"https:\/\/dinostorm.com\/pt-br\/wp-json\/wp\/v2\/media\/15052"}],"wp:attachment":[{"href":"https:\/\/dinostorm.com\/pt-br\/wp-json\/wp\/v2\/media?parent=4729"}],"curies":[{"name":"wp","href":"https:\/\/api.w.org\/{rel}","templated":true}]}}