{"id":4726,"date":"2012-09-10T16:23:26","date_gmt":"2012-09-10T14:23:26","guid":{"rendered":"http:\/\/dinostorm.com\/?page_id=4726"},"modified":"2021-07-01T13:18:18","modified_gmt":"2021-07-01T11:18:18","slug":"manual-de-arma","status":"publish","type":"page","link":"https:\/\/dinostorm.com\/pt-br\/jogo\/manual-de-arma\/","title":{"rendered":"Manual de arma"},"content":{"rendered":"<div class=\"teaser\"><\/div>\n<h1 class=\"headline_page width_350\"><span>Manual de arma<\/span><\/h1>\n<p class=\"back-button back-pos350\"><a class=\"back-block\" href=\"\/pt-br\/jogo#overview\">Voltar<\/a><\/p>\n<div class=\"full\">\n<img decoding=\"async\" class=\"wrapper_image_impl colorbox-4726\" src=\"\/wp-content\/themes\/arras\/images\/dinostorm\/laser-gun-cowgirl.png\" alt=\"Armas: Dino Storm\"\/><\/p>\n<div class=\"wrapper_impl\">\n<p class=\"text-impl\">O mais novo e melhor em tecnologia de auto-defesa. N\u00e3o seja o segundo melhor em uma situa\u00e7\u00e3o comprometedora!<\/p>\n<\/div>\n<\/div>\n<div class=\"wrapper_dinolex\">\n<center><\/p>\n<h2>Burning Colt<\/h2>\n<div class=\"dino_lex\">\n<a href=\"\/pt-br\/jogo\/manual-de-arma\/arma-burning-colt\"><img class=\"colorbox-4726\"  decoding=\"async\" width=\"248\" src=\"\/wp-content\/themes\/arras\/images\/dinostorm\/burningcolt.png\"  onmouseover=\"this.width=268\" onmouseout=\"this.width=248\"><\/a>\n<\/div>\n<p><\/center>\n<\/div>\n<div class=\"wrapper_dinolex\">\n<center><\/p>\n<h2>Hammer<\/h2>\n<p><a href=\"\/pt-br\/jogo\/manual-de-arma\/arma-hammer\"><img class=\"colorbox-4726\"  decoding=\"async\" width=\"248\" src=\"\/wp-content\/themes\/arras\/images\/dinostorm\/hammer.png\"  onmouseover=\"this.width=268\" onmouseout=\"this.width=248\"><\/a><br \/>\n<\/center>\n<\/div>\n<div class=\"wrapper_dinolex\">\n<center><\/p>\n<h2>Pacificador<\/h2>\n<p><a href=\"\/pt-br\/jogo\/manual-de-arma\/arma-pacificador\"><img class=\"colorbox-4726\"  decoding=\"async\" width=\"248\" src=\"\/wp-content\/themes\/arras\/images\/dinostorm\/peacemaker.png\"  onmouseover=\"this.width=268\" onmouseout=\"this.width=248\"><\/a><br \/>\n<\/center>\n<\/div>\n<div class=\"wrapper_dinolex\">\n<center><\/p>\n<h2>Gatling<\/h2>\n<p><a href=\"\/pt-br\/jogo\/manual-de-arma\/gatling\"><img class=\"colorbox-4726\"  decoding=\"async\" onmouseover=\"this.width=268\" onmouseout=\"this.width=248\" alt=\"\" src=\"\/wp-content\/themes\/arras\/images\/dinostorm\/gatling.png\" width=\"248\" \/><\/a><br \/>\n<\/center>\n<\/div>\n<div class=\"wrapper_dinolex\">\n<center><\/p>\n<h2>Espingarda Yager<\/h2>\n<p><a href=\"\/pt-br\/jogo\/manual-de-arma\/yager-rifle\"><img class=\"colorbox-4726\"  decoding=\"async\" onmouseover=\"this.width=268\" onmouseout=\"this.width=248\" alt=\"\" src=\"\/wp-content\/themes\/arras\/images\/dinostorm\/yagerrifle.png\" width=\"248\" \/><\/a><br \/>\n<\/center>\n<\/div>\n<div class=\"wrapper_dinolex\">\n<center><\/p>\n<h2>Showstopper<\/h2>\n<p><a href=\"\/pt-br\/jogo\/manual-de-arma\/showstopper\"><img class=\"colorbox-4726\"  decoding=\"async\" onmouseover=\"this.width=268\" onmouseout=\"this.width=248\" alt=\"\" src=\"\/wp-content\/themes\/arras\/images\/dinostorm\/showstopper.png\" width=\"248\" \/><\/a><br \/>\n<\/center>\n<\/div>\n<div class=full>\n<img decoding=\"async\" class=\"hr3 colorbox-4726\" src=\"\/wp-content\/themes\/arras\/images\/dinostorm\/seperator_big.png\" alt=\"separator dino storm\" \/>\n<\/div>\n","protected":false},"excerpt":{"rendered":"<p>Manual de arma Voltar O mais novo e melhor em tecnologia de auto-defesa. N\u00e3o seja o segundo melhor em uma situa\u00e7\u00e3o comprometedora! Burning Colt Hammer Pacificador Gatling Espingarda Yager Showstopper<\/p>\n","protected":false},"author":26,"featured_media":15052,"parent":4188,"menu_order":0,"comment_status":"closed","ping_status":"closed","template":"pagetpl-onecolumn.php","meta":{"footnotes":"","_links_to":"","_links_to_target":""},"class_list":["post-4726","page","type-page","status-publish","has-post-thumbnail","hentry"],"yoast_head":"<!-- This site is optimized with the Yoast SEO plugin v27.4 - https:\/\/yoast.com\/product\/yoast-seo-wordpress\/ -->\n<title>Manual de arma - Dino Storm<\/title>\n<meta name=\"description\" content=\"Voc\u00ea quer saber mais sobre as armas laser em Dino Storm? Se quizer saber sobre armas laser ou laser fuzis voc\u00ea obt\u00e9m todas as informa\u00e7\u00f5es no nosso de arma.\" \/>\n<meta name=\"robots\" content=\"index, follow, max-snippet:-1, max-image-preview:large, max-video-preview:-1\" \/>\n<link rel=\"canonical\" href=\"https:\/\/dinostorm.com\/pt-br\/jogo\/manual-de-arma\/\" \/>\n<meta property=\"og:locale\" content=\"pt_PT\" \/>\n<meta property=\"og:type\" content=\"article\" \/>\n<meta property=\"og:title\" content=\"Manual de arma - Dino Storm\" \/>\n<meta property=\"og:description\" content=\"Voc\u00ea quer saber mais sobre as armas laser em Dino Storm? Se quizer saber sobre armas laser ou laser fuzis voc\u00ea obt\u00e9m todas as informa\u00e7\u00f5es no nosso de arma.\" \/>\n<meta property=\"og:url\" content=\"https:\/\/dinostorm.com\/pt-br\/jogo\/manual-de-arma\/\" \/>\n<meta property=\"og:site_name\" content=\"Dino Storm\" \/>\n<meta property=\"article:modified_time\" content=\"2021-07-01T11:18:18+00:00\" \/>\n<meta property=\"og:image\" content=\"https:\/\/dinostorm.com\/wp-content\/uploads\/2012\/09\/ds_jungle_01.jpg\" \/>\n\t<meta property=\"og:image:width\" content=\"1280\" \/>\n\t<meta property=\"og:image:height\" content=\"720\" \/>\n\t<meta property=\"og:image:type\" content=\"image\/jpeg\" \/>\n<script type=\"application\/ld+json\" class=\"yoast-schema-graph\">{\"@context\":\"https:\\\/\\\/schema.org\",\"@graph\":[{\"@type\":\"WebPage\",\"@id\":\"https:\\\/\\\/dinostorm.com\\\/pt-br\\\/jogo\\\/manual-de-arma\\\/\",\"url\":\"https:\\\/\\\/dinostorm.com\\\/pt-br\\\/jogo\\\/manual-de-arma\\\/\",\"name\":\"Manual de arma - Dino Storm\",\"isPartOf\":{\"@id\":\"https:\\\/\\\/dinostorm.com\\\/pt-br\\\/#website\"},\"primaryImageOfPage\":{\"@id\":\"https:\\\/\\\/dinostorm.com\\\/pt-br\\\/jogo\\\/manual-de-arma\\\/#primaryimage\"},\"image\":{\"@id\":\"https:\\\/\\\/dinostorm.com\\\/pt-br\\\/jogo\\\/manual-de-arma\\\/#primaryimage\"},\"thumbnailUrl\":\"https:\\\/\\\/dinostorm.com\\\/wp-content\\\/uploads\\\/2012\\\/09\\\/ds_jungle_01.jpg\",\"datePublished\":\"2012-09-10T14:23:26+00:00\",\"dateModified\":\"2021-07-01T11:18:18+00:00\",\"description\":\"Voc\u00ea quer saber mais sobre as armas laser em Dino Storm? Se quizer saber sobre armas laser ou laser fuzis voc\u00ea obt\u00e9m todas as informa\u00e7\u00f5es no nosso de arma.\",\"breadcrumb\":{\"@id\":\"https:\\\/\\\/dinostorm.com\\\/pt-br\\\/jogo\\\/manual-de-arma\\\/#breadcrumb\"},\"inLanguage\":\"pt-br\",\"potentialAction\":[{\"@type\":\"ReadAction\",\"target\":[\"https:\\\/\\\/dinostorm.com\\\/pt-br\\\/jogo\\\/manual-de-arma\\\/\"]}]},{\"@type\":\"ImageObject\",\"inLanguage\":\"pt-br\",\"@id\":\"https:\\\/\\\/dinostorm.com\\\/pt-br\\\/jogo\\\/manual-de-arma\\\/#primaryimage\",\"url\":\"https:\\\/\\\/dinostorm.com\\\/wp-content\\\/uploads\\\/2012\\\/09\\\/ds_jungle_01.jpg\",\"contentUrl\":\"https:\\\/\\\/dinostorm.com\\\/wp-content\\\/uploads\\\/2012\\\/09\\\/ds_jungle_01.jpg\",\"width\":1280,\"height\":720,\"caption\":\"Beware of dangerous bandits in Mokon Woods are everywhere.\"},{\"@type\":\"BreadcrumbList\",\"@id\":\"https:\\\/\\\/dinostorm.com\\\/pt-br\\\/jogo\\\/manual-de-arma\\\/#breadcrumb\",\"itemListElement\":[{\"@type\":\"ListItem\",\"position\":1,\"name\":\"Home\",\"item\":\"https:\\\/\\\/dinostorm.com\\\/pt-br\\\/\"},{\"@type\":\"ListItem\",\"position\":2,\"name\":\"Jogo\",\"item\":\"https:\\\/\\\/dinostorm.com\\\/pt-br\\\/jogo\\\/\"},{\"@type\":\"ListItem\",\"position\":3,\"name\":\"Manual de arma\"}]},{\"@type\":\"WebSite\",\"@id\":\"https:\\\/\\\/dinostorm.com\\\/pt-br\\\/#website\",\"url\":\"https:\\\/\\\/dinostorm.com\\\/pt-br\\\/\",\"name\":\"Dino Storm\",\"description\":\"\",\"potentialAction\":[{\"@type\":\"SearchAction\",\"target\":{\"@type\":\"EntryPoint\",\"urlTemplate\":\"https:\\\/\\\/dinostorm.com\\\/pt-br\\\/?s={search_term_string}\"},\"query-input\":{\"@type\":\"PropertyValueSpecification\",\"valueRequired\":true,\"valueName\":\"search_term_string\"}}],\"inLanguage\":\"pt-br\"}]}<\/script>\n<!-- \/ Yoast SEO plugin. -->","yoast_head_json":{"title":"Manual de arma - Dino Storm","description":"Voc\u00ea quer saber mais sobre as armas laser em Dino Storm? Se quizer saber sobre armas laser ou laser fuzis voc\u00ea obt\u00e9m todas as informa\u00e7\u00f5es no nosso de arma.","robots":{"index":"index","follow":"follow","max-snippet":"max-snippet:-1","max-image-preview":"max-image-preview:large","max-video-preview":"max-video-preview:-1"},"canonical":"https:\/\/dinostorm.com\/pt-br\/jogo\/manual-de-arma\/","og_locale":"pt_PT","og_type":"article","og_title":"Manual de arma - Dino Storm","og_description":"Voc\u00ea quer saber mais sobre as armas laser em Dino Storm? Se quizer saber sobre armas laser ou laser fuzis voc\u00ea obt\u00e9m todas as informa\u00e7\u00f5es no nosso de arma.","og_url":"https:\/\/dinostorm.com\/pt-br\/jogo\/manual-de-arma\/","og_site_name":"Dino Storm","article_modified_time":"2021-07-01T11:18:18+00:00","og_image":[{"width":1280,"height":720,"url":"https:\/\/dinostorm.com\/wp-content\/uploads\/2012\/09\/ds_jungle_01.jpg","type":"image\/jpeg"}],"schema":{"@context":"https:\/\/schema.org","@graph":[{"@type":"WebPage","@id":"https:\/\/dinostorm.com\/pt-br\/jogo\/manual-de-arma\/","url":"https:\/\/dinostorm.com\/pt-br\/jogo\/manual-de-arma\/","name":"Manual de arma - Dino Storm","isPartOf":{"@id":"https:\/\/dinostorm.com\/pt-br\/#website"},"primaryImageOfPage":{"@id":"https:\/\/dinostorm.com\/pt-br\/jogo\/manual-de-arma\/#primaryimage"},"image":{"@id":"https:\/\/dinostorm.com\/pt-br\/jogo\/manual-de-arma\/#primaryimage"},"thumbnailUrl":"https:\/\/dinostorm.com\/wp-content\/uploads\/2012\/09\/ds_jungle_01.jpg","datePublished":"2012-09-10T14:23:26+00:00","dateModified":"2021-07-01T11:18:18+00:00","description":"Voc\u00ea quer saber mais sobre as armas laser em Dino Storm? Se quizer saber sobre armas laser ou laser fuzis voc\u00ea obt\u00e9m todas as informa\u00e7\u00f5es no nosso de arma.","breadcrumb":{"@id":"https:\/\/dinostorm.com\/pt-br\/jogo\/manual-de-arma\/#breadcrumb"},"inLanguage":"pt-br","potentialAction":[{"@type":"ReadAction","target":["https:\/\/dinostorm.com\/pt-br\/jogo\/manual-de-arma\/"]}]},{"@type":"ImageObject","inLanguage":"pt-br","@id":"https:\/\/dinostorm.com\/pt-br\/jogo\/manual-de-arma\/#primaryimage","url":"https:\/\/dinostorm.com\/wp-content\/uploads\/2012\/09\/ds_jungle_01.jpg","contentUrl":"https:\/\/dinostorm.com\/wp-content\/uploads\/2012\/09\/ds_jungle_01.jpg","width":1280,"height":720,"caption":"Beware of dangerous bandits in Mokon Woods are everywhere."},{"@type":"BreadcrumbList","@id":"https:\/\/dinostorm.com\/pt-br\/jogo\/manual-de-arma\/#breadcrumb","itemListElement":[{"@type":"ListItem","position":1,"name":"Home","item":"https:\/\/dinostorm.com\/pt-br\/"},{"@type":"ListItem","position":2,"name":"Jogo","item":"https:\/\/dinostorm.com\/pt-br\/jogo\/"},{"@type":"ListItem","position":3,"name":"Manual de arma"}]},{"@type":"WebSite","@id":"https:\/\/dinostorm.com\/pt-br\/#website","url":"https:\/\/dinostorm.com\/pt-br\/","name":"Dino Storm","description":"","potentialAction":[{"@type":"SearchAction","target":{"@type":"EntryPoint","urlTemplate":"https:\/\/dinostorm.com\/pt-br\/?s={search_term_string}"},"query-input":{"@type":"PropertyValueSpecification","valueRequired":true,"valueName":"search_term_string"}}],"inLanguage":"pt-br"}]}},"_links":{"self":[{"href":"https:\/\/dinostorm.com\/pt-br\/wp-json\/wp\/v2\/pages\/4726","targetHints":{"allow":["GET"]}}],"collection":[{"href":"https:\/\/dinostorm.com\/pt-br\/wp-json\/wp\/v2\/pages"}],"about":[{"href":"https:\/\/dinostorm.com\/pt-br\/wp-json\/wp\/v2\/types\/page"}],"author":[{"embeddable":true,"href":"https:\/\/dinostorm.com\/pt-br\/wp-json\/wp\/v2\/users\/26"}],"replies":[{"embeddable":true,"href":"https:\/\/dinostorm.com\/pt-br\/wp-json\/wp\/v2\/comments?post=4726"}],"version-history":[{"count":4,"href":"https:\/\/dinostorm.com\/pt-br\/wp-json\/wp\/v2\/pages\/4726\/revisions"}],"predecessor-version":[{"id":235326,"href":"https:\/\/dinostorm.com\/pt-br\/wp-json\/wp\/v2\/pages\/4726\/revisions\/235326"}],"up":[{"embeddable":true,"href":"https:\/\/dinostorm.com\/pt-br\/wp-json\/wp\/v2\/pages\/4188"}],"wp:featuredmedia":[{"embeddable":true,"href":"https:\/\/dinostorm.com\/pt-br\/wp-json\/wp\/v2\/media\/15052"}],"wp:attachment":[{"href":"https:\/\/dinostorm.com\/pt-br\/wp-json\/wp\/v2\/media?parent=4726"}],"curies":[{"name":"wp","href":"https:\/\/api.w.org\/{rel}","templated":true}]}}