{"id":4724,"date":"2012-10-18T09:12:31","date_gmt":"2012-10-18T07:12:31","guid":{"rendered":"http:\/\/dinostorm.com\/?page_id=4724"},"modified":"2021-07-08T11:30:39","modified_gmt":"2021-07-08T09:30:39","slug":"dinossauro-tiranossauro","status":"publish","type":"page","link":"https:\/\/dinostorm.com\/pt-br\/jogo\/dicionario-de-dinossauro\/dinossauro-tiranossauro\/","title":{"rendered":"Dinossauro &#8211; Tiranossauro"},"content":{"rendered":"<div class=\"teaser\"><\/div>\n<h1 class=\"headline_page width_500\"><span>Dinossauro \u2014 Tiranossauro<\/span><\/h1>\n<p class=\"back-button back-pos500\"><a class=\"back-block\" href=\"\/pt-br\/jogo\/dicionario-de-dinossauro\/\">Voltar<\/a><\/p>\n<div class=\"two_thirds\">\n<h2 class=\"headline-lex\"><span>Dino Storm Tiranossauro<\/span><\/h2>\n<div class=\"banner_lex\">\n<p class=\"banner_text_lex text_lex\"><strong>Tiranossauro<\/strong> \u00e9 excepcionalmente forte e, como tal, se classifica como um revendedor de danos. Este carn\u00edvoro pode correr r\u00e1pido e far\u00e1 todos os outros dinossauros tremerem de medo e terror-literalmente!<\/p>\n<div style=\"margin-right: 29px; float: left; width: 10px; text-align: left; position: relative; top: 40px; left: 30px\">\n<strong class=\"text_lex\" style=\"position: relative; top: 12px\">Vitalidade:<\/strong><br \/>\n<strong class=\"text_lex\" style=\"position: relative; top: 30px\">For\u00e7a:<\/strong><br \/>\n<strong class=\"text_lex\" style=\"position: relative; top: 50px\">Resist\u00eancia:<\/strong>\n<\/div>\n<div style=\"margin-right: 20px; float: left; width: 118px; text-align: left; position: relative; top: 70px; left: 10px\">\n<img decoding=\"async\" class=\"skill_image_lex colorbox-4724\" title=\"Vitalidade b\u00e1sica: 1\" src=\"\/wp-content\/themes\/arras\/images\/dinostorm\/Dinos\/bar_health_1.png\" alt=\"Base n\u00edvel de vitalidade de um Tiranossauro em Dino Storm \u00e9 1.\" \/><br \/>\n<img decoding=\"async\" class=\"skill_image_lex colorbox-4724\" title=\"For\u00e7a b\u00e1sica: 5\" src=\"\/wp-content\/themes\/arras\/images\/dinostorm\/Dinos\/bar_strength_5.png\" alt=\"Base n\u00edvel de for\u00e7a de um Tiranossauro em Dino Storm \u00e9 5.\" \/><br \/>\n<img decoding=\"async\" class=\"skill_image_lex colorbox-4724\" title=\"Resist\u00eancia b\u00e1sica: 4\" src=\"\/wp-content\/themes\/arras\/images\/dinostorm\/Dinos\/bar_endurance_4.png\" alt=\"Base n\u00edvel de resist\u00eancia de um Tiranossauro em Dino Storm \u00e9 4.\" \/>\n<\/div>\n<div class=\"icc_scale\">\n<img class=\"colorbox-4724\"  decoding=\"async\" src=\"\/wp-content\/themes\/arras\/images\/dinostorm\/Dinos\/icc_scale_pnn.png\" alt=\"\" title=\"\"\/><br \/>\n<a href=\"\/pt-br\/jogo\/dicionario-de-dinossauro\/dinossauro-carnotaurus\/\"><img decoding=\"async\" class=\"icc_dino colorbox-4724\" src=\"\/wp-content\/themes\/arras\/images\/dinostorm\/Dinos\/carnotaurus_icon.png\" alt=\"\" title=\"\"\/><\/a><\/p>\n<div class=\"icc_text\">Revendedor de danos alternativo:<br \/>\n<strong>Carnotaurus<\/strong>\n<\/div>\n<\/div>\n<\/div>\n<div class=\"one_third\">\n<img decoding=\"async\" class=\"dino_lex_2 colorbox-4724\" src=\"\/wp-content\/themes\/arras\/images\/dinostorm\/Dinos\/Tyrannosaurus Rex.png\" alt=\"Dino Storm Tiranossauro\" \/>\n<\/div>\n<\/div>\n<div class=\"clear\"><\/div>\n<div class=\"one_third\">\n<h3 class=\"headlinelex2_1\">Tiranossauro \u2014 Habilidades do dinossauro<\/h3>\n<div class=\"banner_lex2\">\n<span class=\"icon_skill_top float-left\"><br \/>\n<img class=\"colorbox-4724\"  decoding=\"async\" src=\"\/wp-content\/themes\/arras\/images\/dinostorm\/Dinos\/Trex_skill_01.png\" \nonmouseover=\"for (let el of document.querySelectorAll('.trex_idle')) el.style.visibility = 'hidden'; for (let el of document.querySelectorAll('.trex_skill1')) el.style.visibility = 'visible';\"\nonmouseout=\"for (let el of document.querySelectorAll('.trex_idle')) el.style.visibility = 'visible'; for (let el of document.querySelectorAll('.trex_skill1')) el.style.visibility = 'hidden';\"\"\nalt=\"Tiranossauro Habilidade Especial \u2014 Mordida brutal\" title=\"Habilidade Especial: Mordida brutal\"\/><\/span><\/p>\n<div class=\"skill-wrapper\"><span class=\"icon_skill_title\">Mordida brutal<\/span><\/p>\n<p class=\"icon_skill_text\">\n<\/div>\n<p><span class=\"clear\"><!-- --><\/span><span class=\"icon_skill_top float-left\"><br \/>\n<img class=\"colorbox-4724\"  decoding=\"async\" src=\"\/wp-content\/themes\/arras\/images\/dinostorm\/Dinos\/Trex_skill_02.png\" \nonmouseover=\"for (let el of document.querySelectorAll('.trex_idle')) el.style.visibility = 'hidden'; for (let el of document.querySelectorAll('.trex_skill2')) el.style.visibility = 'visible';\"\nonmouseout=\"for (let el of document.querySelectorAll('.trex_idle')) el.style.visibility = 'visible'; for (let el of document.querySelectorAll('.trex_skill2')) el.style.visibility = 'hidden';\"\"\nalt=\"Tiranossauro Habilidade Especial \u2014 Grito de guerra\" title=\"Habilidade Especial: Grito de guerra\"\/><\/span><\/p>\n<div class=\"skill-wrapper-bottom\"><span class=\"icon_skill_title\">Grito de guerra<\/span><\/p>\n<p class=\"icon_skill_text\">\n<\/div>\n<p><span class=\"clear\"><!-- --><\/span><\/p>\n<\/div>\n<\/div>\n<div class=\"one_third\">\n<h3 class=\"headlinelex2_2\">Tiranossauro \u2014 Fatos sobre dinossauros<\/h3>\n<div class=\"fact_lex\">\n<p>Tiranossauro Rex, em latim rei dos saurians tir&#x00e2;no,  &#x00e9; um dos maiores carn&#x00ed;voros na hist&#x00f3;ria. Este dinossauro viveu durante o Cret&#x00e1;ceo no que &#x00e9; hoje a Am&#x00e9;rica do Norte.<\/p>\n<p>Tiranossauro andava sobre duas pernas e tinha uma cabe&#x00e7;a enorme. A cauda deste dinossauro foi usada para manter o equil&#x00ed;brio. Os dentes do T-Rex tinham cerca de 20 cm (~ 8 polegadas) de comprimento e extremamente afiadas. Pesquisadores acreditam que este dinossauro poderia exercer uma for&#x00e7;a de mordida de at&#x00e9; 52.000 Newtons, que se significa 5 toneladas por dente.<\/p>\n<\/div>\n<\/div>\n<div class=\"dino_animations\">\n<img decoding=\"async\" class=\"trex_idle colorbox-4724\" src=\"\/wp-content\/themes\/arras\/images\/dinostorm\/Dinos\/tyrannosaurus_idle.gif\"\/><br \/>\n<img decoding=\"async\" class=\"trex_skill1 colorbox-4724\" style=\"bottom:186px\" src=\"\/wp-content\/themes\/arras\/images\/dinostorm\/Dinos\/tyrannosaurus_skill_01.gif\"\/><br \/>\n<img decoding=\"async\" class=\"trex_skill2 colorbox-4724\" style=\"bottom:504px\" src=\"\/wp-content\/themes\/arras\/images\/dinostorm\/Dinos\/tyrannosaurus_skill_02.gif\"\/>\n<\/div>\n<div class=\"full\">\n<img decoding=\"async\" class=\"hr3 margin35 colorbox-4724\" src=\"\/wp-content\/themes\/arras\/images\/dinostorm\/seperator_big.png\" alt=\"separator dino storm\" \/>\n<\/div>\n","protected":false},"excerpt":{"rendered":"<p>Dinossauro \u2014 Tiranossauro Voltar Dino Storm Tiranossauro Tiranossauro \u00e9 excepcionalmente forte e, como tal, se classifica como um revendedor de danos. Este carn\u00edvoro pode correr r\u00e1pido e far\u00e1 todos os outros dinossauros tremerem de medo [&hellip;]<\/p>\n","protected":false},"author":26,"featured_media":15052,"parent":4223,"menu_order":0,"comment_status":"closed","ping_status":"closed","template":"pagetpl-onecolumn.php","meta":{"footnotes":"","_links_to":"","_links_to_target":""},"class_list":["post-4724","page","type-page","status-publish","has-post-thumbnail","hentry"],"yoast_head":"<!-- This site is optimized with the Yoast SEO plugin v27.4 - https:\/\/yoast.com\/product\/yoast-seo-wordpress\/ -->\n<title>Dinossauro - Tiranossauro - Dino Storm<\/title>\n<meta name=\"description\" content=\"Tiranossauro Rex \u00e9 um carn\u00edvoro excepcionalmente forte que espalha medo e terror em de Dino Storm. Tudo que voc\u00ea precisa saber sobre T-Rex: fatos ...\" \/>\n<meta name=\"robots\" content=\"index, follow, max-snippet:-1, max-image-preview:large, max-video-preview:-1\" \/>\n<link rel=\"canonical\" href=\"https:\/\/dinostorm.com\/pt-br\/jogo\/dicionario-de-dinossauro\/dinossauro-tiranossauro\/\" \/>\n<meta property=\"og:locale\" content=\"pt_PT\" \/>\n<meta property=\"og:type\" content=\"article\" \/>\n<meta property=\"og:title\" content=\"Dinossauro - Tiranossauro - Dino Storm\" \/>\n<meta property=\"og:description\" content=\"Tiranossauro Rex \u00e9 um carn\u00edvoro excepcionalmente forte que espalha medo e terror em de Dino Storm. Tudo que voc\u00ea precisa saber sobre T-Rex: fatos ...\" \/>\n<meta property=\"og:url\" content=\"https:\/\/dinostorm.com\/pt-br\/jogo\/dicionario-de-dinossauro\/dinossauro-tiranossauro\/\" \/>\n<meta property=\"og:site_name\" content=\"Dino Storm\" \/>\n<meta property=\"article:modified_time\" content=\"2021-07-08T09:30:39+00:00\" \/>\n<meta property=\"og:image\" content=\"https:\/\/dinostorm.com\/wp-content\/uploads\/2012\/09\/ds_jungle_01.jpg\" \/>\n\t<meta property=\"og:image:width\" content=\"1280\" \/>\n\t<meta property=\"og:image:height\" content=\"720\" \/>\n\t<meta property=\"og:image:type\" content=\"image\/jpeg\" \/>\n<script type=\"application\/ld+json\" class=\"yoast-schema-graph\">{\"@context\":\"https:\\\/\\\/schema.org\",\"@graph\":[{\"@type\":\"WebPage\",\"@id\":\"https:\\\/\\\/dinostorm.com\\\/pt-br\\\/jogo\\\/dicionario-de-dinossauro\\\/dinossauro-tiranossauro\\\/\",\"url\":\"https:\\\/\\\/dinostorm.com\\\/pt-br\\\/jogo\\\/dicionario-de-dinossauro\\\/dinossauro-tiranossauro\\\/\",\"name\":\"Dinossauro - Tiranossauro - Dino Storm\",\"isPartOf\":{\"@id\":\"https:\\\/\\\/dinostorm.com\\\/pt-br\\\/#website\"},\"primaryImageOfPage\":{\"@id\":\"https:\\\/\\\/dinostorm.com\\\/pt-br\\\/jogo\\\/dicionario-de-dinossauro\\\/dinossauro-tiranossauro\\\/#primaryimage\"},\"image\":{\"@id\":\"https:\\\/\\\/dinostorm.com\\\/pt-br\\\/jogo\\\/dicionario-de-dinossauro\\\/dinossauro-tiranossauro\\\/#primaryimage\"},\"thumbnailUrl\":\"https:\\\/\\\/dinostorm.com\\\/wp-content\\\/uploads\\\/2012\\\/09\\\/ds_jungle_01.jpg\",\"datePublished\":\"2012-10-18T07:12:31+00:00\",\"dateModified\":\"2021-07-08T09:30:39+00:00\",\"description\":\"Tiranossauro Rex \u00e9 um carn\u00edvoro excepcionalmente forte que espalha medo e terror em de Dino Storm. Tudo que voc\u00ea precisa saber sobre T-Rex: fatos ...\",\"breadcrumb\":{\"@id\":\"https:\\\/\\\/dinostorm.com\\\/pt-br\\\/jogo\\\/dicionario-de-dinossauro\\\/dinossauro-tiranossauro\\\/#breadcrumb\"},\"inLanguage\":\"pt-br\",\"potentialAction\":[{\"@type\":\"ReadAction\",\"target\":[\"https:\\\/\\\/dinostorm.com\\\/pt-br\\\/jogo\\\/dicionario-de-dinossauro\\\/dinossauro-tiranossauro\\\/\"]}]},{\"@type\":\"ImageObject\",\"inLanguage\":\"pt-br\",\"@id\":\"https:\\\/\\\/dinostorm.com\\\/pt-br\\\/jogo\\\/dicionario-de-dinossauro\\\/dinossauro-tiranossauro\\\/#primaryimage\",\"url\":\"https:\\\/\\\/dinostorm.com\\\/wp-content\\\/uploads\\\/2012\\\/09\\\/ds_jungle_01.jpg\",\"contentUrl\":\"https:\\\/\\\/dinostorm.com\\\/wp-content\\\/uploads\\\/2012\\\/09\\\/ds_jungle_01.jpg\",\"width\":1280,\"height\":720,\"caption\":\"Beware of dangerous bandits in Mokon Woods are everywhere.\"},{\"@type\":\"BreadcrumbList\",\"@id\":\"https:\\\/\\\/dinostorm.com\\\/pt-br\\\/jogo\\\/dicionario-de-dinossauro\\\/dinossauro-tiranossauro\\\/#breadcrumb\",\"itemListElement\":[{\"@type\":\"ListItem\",\"position\":1,\"name\":\"Home\",\"item\":\"https:\\\/\\\/dinostorm.com\\\/pt-br\\\/\"},{\"@type\":\"ListItem\",\"position\":2,\"name\":\"Jogo\",\"item\":\"https:\\\/\\\/dinostorm.com\\\/pt-br\\\/jogo\\\/\"},{\"@type\":\"ListItem\",\"position\":3,\"name\":\"Dicion\u00e1rio de dinossauro\",\"item\":\"https:\\\/\\\/dinostorm.com\\\/pt-br\\\/jogo\\\/dicionario-de-dinossauro\\\/\"},{\"@type\":\"ListItem\",\"position\":4,\"name\":\"Dinossauro &#8211; Tiranossauro\"}]},{\"@type\":\"WebSite\",\"@id\":\"https:\\\/\\\/dinostorm.com\\\/pt-br\\\/#website\",\"url\":\"https:\\\/\\\/dinostorm.com\\\/pt-br\\\/\",\"name\":\"Dino Storm\",\"description\":\"\",\"potentialAction\":[{\"@type\":\"SearchAction\",\"target\":{\"@type\":\"EntryPoint\",\"urlTemplate\":\"https:\\\/\\\/dinostorm.com\\\/pt-br\\\/?s={search_term_string}\"},\"query-input\":{\"@type\":\"PropertyValueSpecification\",\"valueRequired\":true,\"valueName\":\"search_term_string\"}}],\"inLanguage\":\"pt-br\"}]}<\/script>\n<!-- \/ Yoast SEO plugin. -->","yoast_head_json":{"title":"Dinossauro - Tiranossauro - Dino Storm","description":"Tiranossauro Rex \u00e9 um carn\u00edvoro excepcionalmente forte que espalha medo e terror em de Dino Storm. Tudo que voc\u00ea precisa saber sobre T-Rex: fatos ...","robots":{"index":"index","follow":"follow","max-snippet":"max-snippet:-1","max-image-preview":"max-image-preview:large","max-video-preview":"max-video-preview:-1"},"canonical":"https:\/\/dinostorm.com\/pt-br\/jogo\/dicionario-de-dinossauro\/dinossauro-tiranossauro\/","og_locale":"pt_PT","og_type":"article","og_title":"Dinossauro - Tiranossauro - Dino Storm","og_description":"Tiranossauro Rex \u00e9 um carn\u00edvoro excepcionalmente forte que espalha medo e terror em de Dino Storm. Tudo que voc\u00ea precisa saber sobre T-Rex: fatos ...","og_url":"https:\/\/dinostorm.com\/pt-br\/jogo\/dicionario-de-dinossauro\/dinossauro-tiranossauro\/","og_site_name":"Dino Storm","article_modified_time":"2021-07-08T09:30:39+00:00","og_image":[{"width":1280,"height":720,"url":"https:\/\/dinostorm.com\/wp-content\/uploads\/2012\/09\/ds_jungle_01.jpg","type":"image\/jpeg"}],"schema":{"@context":"https:\/\/schema.org","@graph":[{"@type":"WebPage","@id":"https:\/\/dinostorm.com\/pt-br\/jogo\/dicionario-de-dinossauro\/dinossauro-tiranossauro\/","url":"https:\/\/dinostorm.com\/pt-br\/jogo\/dicionario-de-dinossauro\/dinossauro-tiranossauro\/","name":"Dinossauro - Tiranossauro - Dino Storm","isPartOf":{"@id":"https:\/\/dinostorm.com\/pt-br\/#website"},"primaryImageOfPage":{"@id":"https:\/\/dinostorm.com\/pt-br\/jogo\/dicionario-de-dinossauro\/dinossauro-tiranossauro\/#primaryimage"},"image":{"@id":"https:\/\/dinostorm.com\/pt-br\/jogo\/dicionario-de-dinossauro\/dinossauro-tiranossauro\/#primaryimage"},"thumbnailUrl":"https:\/\/dinostorm.com\/wp-content\/uploads\/2012\/09\/ds_jungle_01.jpg","datePublished":"2012-10-18T07:12:31+00:00","dateModified":"2021-07-08T09:30:39+00:00","description":"Tiranossauro Rex \u00e9 um carn\u00edvoro excepcionalmente forte que espalha medo e terror em de Dino Storm. Tudo que voc\u00ea precisa saber sobre T-Rex: fatos ...","breadcrumb":{"@id":"https:\/\/dinostorm.com\/pt-br\/jogo\/dicionario-de-dinossauro\/dinossauro-tiranossauro\/#breadcrumb"},"inLanguage":"pt-br","potentialAction":[{"@type":"ReadAction","target":["https:\/\/dinostorm.com\/pt-br\/jogo\/dicionario-de-dinossauro\/dinossauro-tiranossauro\/"]}]},{"@type":"ImageObject","inLanguage":"pt-br","@id":"https:\/\/dinostorm.com\/pt-br\/jogo\/dicionario-de-dinossauro\/dinossauro-tiranossauro\/#primaryimage","url":"https:\/\/dinostorm.com\/wp-content\/uploads\/2012\/09\/ds_jungle_01.jpg","contentUrl":"https:\/\/dinostorm.com\/wp-content\/uploads\/2012\/09\/ds_jungle_01.jpg","width":1280,"height":720,"caption":"Beware of dangerous bandits in Mokon Woods are everywhere."},{"@type":"BreadcrumbList","@id":"https:\/\/dinostorm.com\/pt-br\/jogo\/dicionario-de-dinossauro\/dinossauro-tiranossauro\/#breadcrumb","itemListElement":[{"@type":"ListItem","position":1,"name":"Home","item":"https:\/\/dinostorm.com\/pt-br\/"},{"@type":"ListItem","position":2,"name":"Jogo","item":"https:\/\/dinostorm.com\/pt-br\/jogo\/"},{"@type":"ListItem","position":3,"name":"Dicion\u00e1rio de dinossauro","item":"https:\/\/dinostorm.com\/pt-br\/jogo\/dicionario-de-dinossauro\/"},{"@type":"ListItem","position":4,"name":"Dinossauro &#8211; Tiranossauro"}]},{"@type":"WebSite","@id":"https:\/\/dinostorm.com\/pt-br\/#website","url":"https:\/\/dinostorm.com\/pt-br\/","name":"Dino Storm","description":"","potentialAction":[{"@type":"SearchAction","target":{"@type":"EntryPoint","urlTemplate":"https:\/\/dinostorm.com\/pt-br\/?s={search_term_string}"},"query-input":{"@type":"PropertyValueSpecification","valueRequired":true,"valueName":"search_term_string"}}],"inLanguage":"pt-br"}]}},"_links":{"self":[{"href":"https:\/\/dinostorm.com\/pt-br\/wp-json\/wp\/v2\/pages\/4724","targetHints":{"allow":["GET"]}}],"collection":[{"href":"https:\/\/dinostorm.com\/pt-br\/wp-json\/wp\/v2\/pages"}],"about":[{"href":"https:\/\/dinostorm.com\/pt-br\/wp-json\/wp\/v2\/types\/page"}],"author":[{"embeddable":true,"href":"https:\/\/dinostorm.com\/pt-br\/wp-json\/wp\/v2\/users\/26"}],"replies":[{"embeddable":true,"href":"https:\/\/dinostorm.com\/pt-br\/wp-json\/wp\/v2\/comments?post=4724"}],"version-history":[{"count":4,"href":"https:\/\/dinostorm.com\/pt-br\/wp-json\/wp\/v2\/pages\/4724\/revisions"}],"predecessor-version":[{"id":237861,"href":"https:\/\/dinostorm.com\/pt-br\/wp-json\/wp\/v2\/pages\/4724\/revisions\/237861"}],"up":[{"embeddable":true,"href":"https:\/\/dinostorm.com\/pt-br\/wp-json\/wp\/v2\/pages\/4223"}],"wp:featuredmedia":[{"embeddable":true,"href":"https:\/\/dinostorm.com\/pt-br\/wp-json\/wp\/v2\/media\/15052"}],"wp:attachment":[{"href":"https:\/\/dinostorm.com\/pt-br\/wp-json\/wp\/v2\/media?parent=4724"}],"curies":[{"name":"wp","href":"https:\/\/api.w.org\/{rel}","templated":true}]}}