{"id":4722,"date":"2012-10-18T09:12:22","date_gmt":"2012-10-18T07:12:22","guid":{"rendered":"http:\/\/dinostorm.com\/?page_id=4722"},"modified":"2021-07-08T10:07:32","modified_gmt":"2021-07-08T08:07:32","slug":"dinossauro-pachycephalosaurus","status":"publish","type":"page","link":"https:\/\/dinostorm.com\/pt-br\/jogo\/dicionario-de-dinossauro\/dinossauro-pachycephalosaurus\/","title":{"rendered":"Dinossauro &#8211; Pachycephalosaurus"},"content":{"rendered":"<div class=\"teaser\"><\/div>\n<h1 class=\"headline_page width_500\"><span>Dinossauro \u2014 Pachycephalosaurus<\/span><\/h1>\n<p class=\"back-button back-pos500\"><a class=\"back-block\" href=\"http:\/\/dinostorm.com\/pt-br\/jogo\/dicionario-de-dinossauro\/\">Voltar<\/a><\/p>\n<div class=\"two_thirds\">\n<h2 class=\"headline-lex\"><span>Dino Storm Pachycephalosaurus<\/span><\/h2>\n<div class=\"banner_lex\">\n<p class=\"banner_text_lex text_lex\"><strong>Pachycephalosaurus<\/strong> est\u00e1 entre os dinossauros mais r\u00e1pidos do mundo e \u00e9 um dos mais adequados para o combate em estilo &#8220;atropelamento e fuga&#8221;. Ele vir\u00e1 como uma bola de demoli\u00e7\u00e3o, mas \u00e9 melhor n\u00e3o gastar muito tempo em combate pr\u00f3ximo.<\/p>\n<div style=\"margin-right: 29px; float: left; width: 10px; text-align: left; position: relative; top: 40px; left: 30px\">\n<strong class=\"text_lex\" style=\"position: relative; top: 12px\">Vitalidade:<\/strong><br \/>\n<strong class=\"text_lex\" style=\"position: relative; top: 30px\">For\u00e7a:<\/strong><br \/>\n<strong class=\"text_lex\" style=\"position: relative; top: 50px\">Resist\u00eancia:<\/strong>\n<\/div>\n<div style=\"margin-right: 20px; float: left; width: 118px; text-align: left; position: relative; top: 70px; left: 10px\">\n<img decoding=\"async\" class=\"skill_image_lex colorbox-4722\" title=\"Vitalidade b\u00e1sica: 2\" src=\"\/wp-content\/themes\/arras\/images\/dinostorm\/Dinos\/bar_health_2.png\" alt=\"Base n\u00edvel de vitalidade de um Pachycephalosaurus em Dino Storm \u00e9 2.\" \/><br \/>\n<img decoding=\"async\" class=\"skill_image_lex colorbox-4722\" title=\"For\u00e7a b\u00e1sica: 4\" src=\"\/wp-content\/themes\/arras\/images\/dinostorm\/Dinos\/bar_strength_4.png\" alt=\"Base n\u00edvel de for\u00e7a de um Pachycephalosaurus em Dino Storm \u00e9 4.\" \/><br \/>\n<img decoding=\"async\" class=\"skill_image_lex colorbox-4722\" title=\"Resist\u00eancia b\u00e1sica: 5\" src=\"\/wp-content\/themes\/arras\/images\/dinostorm\/Dinos\/bar_endurance_5.png\" alt=\"Base n\u00edvel de resist\u00eancia de um Pachycephalosaurus em Dino Storm \u00e9 5.\" \/>\n<\/div>\n<div class=\"icc_scale\">\n<img class=\"colorbox-4722\"  decoding=\"async\" src=\"\/wp-content\/themes\/arras\/images\/dinostorm\/Dinos\/icc_scale_npp.png\" alt=\"\" title=\"\"\/><br \/>\n<a href=\"\/pt-br\/jogo\/dicionario-de-dinossauro\/dinossauro-coelophysis\/\"><img decoding=\"async\" class=\"icc_dino colorbox-4722\" src=\"\/wp-content\/themes\/arras\/images\/dinostorm\/Dinos\/coelophysis_icon.png\" alt=\"\" title=\"\"\/><\/a><\/p>\n<div class=\"icc_text\">Alternativa de \u201catropelamento e fuga\u201d:<br \/>\n<strong>Coelophysis<\/strong>\n<\/div>\n<\/div>\n<\/div>\n<div class=\"one_third\">\n<img decoding=\"async\" class=\"dino_lex_2 colorbox-4722\" src=\"\/wp-content\/themes\/arras\/images\/dinostorm\/Dinos\/Pachycephalosaurus.png\" alt=\"Dino Storm Pachycephalosaurus\" \/>\n<\/div>\n<\/div>\n<div class=\"clear\"><\/div>\n<div class=\"one_third\">\n<h3 class=\"headlinelex2_1\">Pachycephalosaurus \u2014 Habilidades do dinossauro<\/h3>\n<div class=\"banner_lex2\">\n<span class=\"icon_skill_top float-left\"><br \/>\n<img class=\"colorbox-4722\"  decoding=\"async\" src=\"\/wp-content\/themes\/arras\/images\/dinostorm\/Dinos\/Pachycephalosaurus_skill_01.png\" \nonmouseover=\"for (let el of document.querySelectorAll('.patchy_idle')) el.style.visibility = 'hidden'; for (let el of document.querySelectorAll('.patchy_skill1')) el.style.visibility = 'visible';\"\nonmouseout=\"for (let el of document.querySelectorAll('.patchy_idle')) el.style.visibility = 'visible'; for (let el of document.querySelectorAll('.patchy_skill1')) el.style.visibility = 'hidden';\"\"\nalt=\"Pachycephalosaurus Habilidade Especial \u2014 Butt-Head voador\" title=\"Habilidade Especial: Butt-Head voador\"\/><\/span><\/p>\n<div class=\"skill-wrapper\"><span class=\"icon_skill_title\">Butt-Head voador<\/span><\/p>\n<p class=\"icon_skill_text\">\n<\/div>\n<p><span class=\"clear\"><!-- --><\/span><span class=\"icon_skill_top float-left\"><br \/>\n<img class=\"colorbox-4722\"  decoding=\"async\" src=\"\/wp-content\/themes\/arras\/images\/dinostorm\/Dinos\/Pachycephalosaurus_skill_02.png\" \nonmouseover=\"for (let el of document.querySelectorAll('.patchy_idle')) el.style.visibility = 'hidden'; for (let el of document.querySelectorAll('.patchy_skill2')) el.style.visibility = 'visible';\"\nonmouseout=\"for (let el of document.querySelectorAll('.patchy_idle')) el.style.visibility = 'visible'; for (let el of document.querySelectorAll('.patchy_skill2')) el.style.visibility = 'hidden';\"\"\nalt=\"Pachycephalosaurus Habilidade Especial \u2014 Evitar ataque\" title=\"Habilidade Especial: Evitar ataque\"\/><\/span><\/p>\n<div class=\"skill-wrapper-bottom\"><span class=\"icon_skill_title\">Evitar ataque<\/span><\/p>\n<p class=\"icon_skill_text\">\n<\/div>\n<p><span class=\"clear\"><!-- --><\/span><\/p>\n<\/div>\n<\/div>\n<div class=\"one_third\">\n<h3 class=\"headlinelex2_2\">Pachycephalosaurus \u2014 Fatos sobre dinossauros<\/h3>\n<div class=\"fact_lex\">\n<p>Pachycephalosaurus viveu h&#x00e1; 68-65 milh&#x00f5;es de anos atr&#x00e1;s durante o per&#x00ed;odo Cret&#x00e1;ceo na regi&#x00e3;o que hoje &#x00e9; Am&#x00e9;rica do Norte. O dino pertence ao g&#x00ea;nero de ornithischia do Grupo: pachycephalosauria.<\/p>\n<p>Especialmente a estrutura do cr&#x00e2;nio &#x00e9; caracter&#x00ed;stico deste Dino. A placa &#x00f3;ssea da cabe&#x00e7;a do Pachycephalosaurus poderia ser at&#x00e9; 25cm de espessura (~ 10 polegadas). Era capaz de suportar muitas pancadas, especialmente em batalhas contra outros machos. Tamb&#x00e9;m sup&#x00f5;e-se que este dinossauro usava sua cabe&#x00e7;a para auto-defesa.<\/p>\n<\/div>\n<\/div>\n<div class=\"dino_animations\">\n<img decoding=\"async\" class=\"patchy_idle colorbox-4722\" src=\"\/wp-content\/themes\/arras\/images\/dinostorm\/Dinos\/pachycephalosaurus_idle.gif\"\/><br \/>\n<img decoding=\"async\" class=\"patchy_skill1 colorbox-4722\" src=\"\/wp-content\/themes\/arras\/images\/dinostorm\/Dinos\/pachycephalosaurus_skill_01.gif\"\/><br \/>\n<img decoding=\"async\" class=\"patchy_skill2 colorbox-4722\" src=\"\/wp-content\/themes\/arras\/images\/dinostorm\/Dinos\/pachycephalosaurus_skill_02.gif\"\/>\n<\/div>\n<div class=\"full\">\n<img decoding=\"async\" class=\"hr3 margin35 colorbox-4722\" src=\"\/wp-content\/themes\/arras\/images\/dinostorm\/seperator_big.png\" alt=\"separator dino storm\" \/>\n<\/div>\n","protected":false},"excerpt":{"rendered":"<p>Dinossauro \u2014 Pachycephalosaurus Voltar Dino Storm Pachycephalosaurus Pachycephalosaurus est\u00e1 entre os dinossauros mais r\u00e1pidos do mundo e \u00e9 um dos mais adequados para o combate em estilo &#8220;atropelamento e fuga&#8221;. Ele vir\u00e1 como uma bola [&hellip;]<\/p>\n","protected":false},"author":26,"featured_media":15052,"parent":4223,"menu_order":0,"comment_status":"closed","ping_status":"closed","template":"pagetpl-onecolumn.php","meta":{"footnotes":"","_links_to":"","_links_to_target":""},"class_list":["post-4722","page","type-page","status-publish","has-post-thumbnail","hentry"],"yoast_head":"<!-- This site is optimized with the Yoast SEO plugin v27.4 - https:\/\/yoast.com\/product\/yoast-seo-wordpress\/ -->\n<title>Dinossauro - Pachycephalosaurus - Dino Storm<\/title>\n<meta name=\"description\" content=\"Pachycephalosaurus n\u00e3o \u00e9 somente mais r\u00e1pido do que a maioria dos dinossauros em Dino Storm, ele tamb\u00e9m pode atordoar o oponente. Pachycephalosaurus ...\" \/>\n<meta name=\"robots\" content=\"index, follow, max-snippet:-1, max-image-preview:large, max-video-preview:-1\" \/>\n<link rel=\"canonical\" href=\"https:\/\/dinostorm.com\/pt-br\/jogo\/dicionario-de-dinossauro\/dinossauro-pachycephalosaurus\/\" \/>\n<meta property=\"og:locale\" content=\"pt_PT\" \/>\n<meta property=\"og:type\" content=\"article\" \/>\n<meta property=\"og:title\" content=\"Dinossauro - Pachycephalosaurus - Dino Storm\" \/>\n<meta property=\"og:description\" content=\"Pachycephalosaurus n\u00e3o \u00e9 somente mais r\u00e1pido do que a maioria dos dinossauros em Dino Storm, ele tamb\u00e9m pode atordoar o oponente. Pachycephalosaurus ...\" \/>\n<meta property=\"og:url\" content=\"https:\/\/dinostorm.com\/pt-br\/jogo\/dicionario-de-dinossauro\/dinossauro-pachycephalosaurus\/\" \/>\n<meta property=\"og:site_name\" content=\"Dino Storm\" \/>\n<meta property=\"article:modified_time\" content=\"2021-07-08T08:07:32+00:00\" \/>\n<meta property=\"og:image\" content=\"https:\/\/dinostorm.com\/wp-content\/uploads\/2012\/09\/ds_jungle_01.jpg\" \/>\n\t<meta property=\"og:image:width\" content=\"1280\" \/>\n\t<meta property=\"og:image:height\" content=\"720\" \/>\n\t<meta property=\"og:image:type\" content=\"image\/jpeg\" \/>\n<script type=\"application\/ld+json\" class=\"yoast-schema-graph\">{\"@context\":\"https:\\\/\\\/schema.org\",\"@graph\":[{\"@type\":\"WebPage\",\"@id\":\"https:\\\/\\\/dinostorm.com\\\/pt-br\\\/jogo\\\/dicionario-de-dinossauro\\\/dinossauro-pachycephalosaurus\\\/\",\"url\":\"https:\\\/\\\/dinostorm.com\\\/pt-br\\\/jogo\\\/dicionario-de-dinossauro\\\/dinossauro-pachycephalosaurus\\\/\",\"name\":\"Dinossauro - Pachycephalosaurus - Dino Storm\",\"isPartOf\":{\"@id\":\"https:\\\/\\\/dinostorm.com\\\/pt-br\\\/#website\"},\"primaryImageOfPage\":{\"@id\":\"https:\\\/\\\/dinostorm.com\\\/pt-br\\\/jogo\\\/dicionario-de-dinossauro\\\/dinossauro-pachycephalosaurus\\\/#primaryimage\"},\"image\":{\"@id\":\"https:\\\/\\\/dinostorm.com\\\/pt-br\\\/jogo\\\/dicionario-de-dinossauro\\\/dinossauro-pachycephalosaurus\\\/#primaryimage\"},\"thumbnailUrl\":\"https:\\\/\\\/dinostorm.com\\\/wp-content\\\/uploads\\\/2012\\\/09\\\/ds_jungle_01.jpg\",\"datePublished\":\"2012-10-18T07:12:22+00:00\",\"dateModified\":\"2021-07-08T08:07:32+00:00\",\"description\":\"Pachycephalosaurus n\u00e3o \u00e9 somente mais r\u00e1pido do que a maioria dos dinossauros em Dino Storm, ele tamb\u00e9m pode atordoar o oponente. Pachycephalosaurus ...\",\"breadcrumb\":{\"@id\":\"https:\\\/\\\/dinostorm.com\\\/pt-br\\\/jogo\\\/dicionario-de-dinossauro\\\/dinossauro-pachycephalosaurus\\\/#breadcrumb\"},\"inLanguage\":\"pt-br\",\"potentialAction\":[{\"@type\":\"ReadAction\",\"target\":[\"https:\\\/\\\/dinostorm.com\\\/pt-br\\\/jogo\\\/dicionario-de-dinossauro\\\/dinossauro-pachycephalosaurus\\\/\"]}]},{\"@type\":\"ImageObject\",\"inLanguage\":\"pt-br\",\"@id\":\"https:\\\/\\\/dinostorm.com\\\/pt-br\\\/jogo\\\/dicionario-de-dinossauro\\\/dinossauro-pachycephalosaurus\\\/#primaryimage\",\"url\":\"https:\\\/\\\/dinostorm.com\\\/wp-content\\\/uploads\\\/2012\\\/09\\\/ds_jungle_01.jpg\",\"contentUrl\":\"https:\\\/\\\/dinostorm.com\\\/wp-content\\\/uploads\\\/2012\\\/09\\\/ds_jungle_01.jpg\",\"width\":1280,\"height\":720,\"caption\":\"Beware of dangerous bandits in Mokon Woods are everywhere.\"},{\"@type\":\"BreadcrumbList\",\"@id\":\"https:\\\/\\\/dinostorm.com\\\/pt-br\\\/jogo\\\/dicionario-de-dinossauro\\\/dinossauro-pachycephalosaurus\\\/#breadcrumb\",\"itemListElement\":[{\"@type\":\"ListItem\",\"position\":1,\"name\":\"Home\",\"item\":\"https:\\\/\\\/dinostorm.com\\\/pt-br\\\/\"},{\"@type\":\"ListItem\",\"position\":2,\"name\":\"Jogo\",\"item\":\"https:\\\/\\\/dinostorm.com\\\/pt-br\\\/jogo\\\/\"},{\"@type\":\"ListItem\",\"position\":3,\"name\":\"Dicion\u00e1rio de dinossauro\",\"item\":\"https:\\\/\\\/dinostorm.com\\\/pt-br\\\/jogo\\\/dicionario-de-dinossauro\\\/\"},{\"@type\":\"ListItem\",\"position\":4,\"name\":\"Dinossauro &#8211; Pachycephalosaurus\"}]},{\"@type\":\"WebSite\",\"@id\":\"https:\\\/\\\/dinostorm.com\\\/pt-br\\\/#website\",\"url\":\"https:\\\/\\\/dinostorm.com\\\/pt-br\\\/\",\"name\":\"Dino Storm\",\"description\":\"\",\"potentialAction\":[{\"@type\":\"SearchAction\",\"target\":{\"@type\":\"EntryPoint\",\"urlTemplate\":\"https:\\\/\\\/dinostorm.com\\\/pt-br\\\/?s={search_term_string}\"},\"query-input\":{\"@type\":\"PropertyValueSpecification\",\"valueRequired\":true,\"valueName\":\"search_term_string\"}}],\"inLanguage\":\"pt-br\"}]}<\/script>\n<!-- \/ Yoast SEO plugin. -->","yoast_head_json":{"title":"Dinossauro - Pachycephalosaurus - Dino Storm","description":"Pachycephalosaurus n\u00e3o \u00e9 somente mais r\u00e1pido do que a maioria dos dinossauros em Dino Storm, ele tamb\u00e9m pode atordoar o oponente. Pachycephalosaurus ...","robots":{"index":"index","follow":"follow","max-snippet":"max-snippet:-1","max-image-preview":"max-image-preview:large","max-video-preview":"max-video-preview:-1"},"canonical":"https:\/\/dinostorm.com\/pt-br\/jogo\/dicionario-de-dinossauro\/dinossauro-pachycephalosaurus\/","og_locale":"pt_PT","og_type":"article","og_title":"Dinossauro - Pachycephalosaurus - Dino Storm","og_description":"Pachycephalosaurus n\u00e3o \u00e9 somente mais r\u00e1pido do que a maioria dos dinossauros em Dino Storm, ele tamb\u00e9m pode atordoar o oponente. Pachycephalosaurus ...","og_url":"https:\/\/dinostorm.com\/pt-br\/jogo\/dicionario-de-dinossauro\/dinossauro-pachycephalosaurus\/","og_site_name":"Dino Storm","article_modified_time":"2021-07-08T08:07:32+00:00","og_image":[{"width":1280,"height":720,"url":"https:\/\/dinostorm.com\/wp-content\/uploads\/2012\/09\/ds_jungle_01.jpg","type":"image\/jpeg"}],"schema":{"@context":"https:\/\/schema.org","@graph":[{"@type":"WebPage","@id":"https:\/\/dinostorm.com\/pt-br\/jogo\/dicionario-de-dinossauro\/dinossauro-pachycephalosaurus\/","url":"https:\/\/dinostorm.com\/pt-br\/jogo\/dicionario-de-dinossauro\/dinossauro-pachycephalosaurus\/","name":"Dinossauro - Pachycephalosaurus - Dino Storm","isPartOf":{"@id":"https:\/\/dinostorm.com\/pt-br\/#website"},"primaryImageOfPage":{"@id":"https:\/\/dinostorm.com\/pt-br\/jogo\/dicionario-de-dinossauro\/dinossauro-pachycephalosaurus\/#primaryimage"},"image":{"@id":"https:\/\/dinostorm.com\/pt-br\/jogo\/dicionario-de-dinossauro\/dinossauro-pachycephalosaurus\/#primaryimage"},"thumbnailUrl":"https:\/\/dinostorm.com\/wp-content\/uploads\/2012\/09\/ds_jungle_01.jpg","datePublished":"2012-10-18T07:12:22+00:00","dateModified":"2021-07-08T08:07:32+00:00","description":"Pachycephalosaurus n\u00e3o \u00e9 somente mais r\u00e1pido do que a maioria dos dinossauros em Dino Storm, ele tamb\u00e9m pode atordoar o oponente. Pachycephalosaurus ...","breadcrumb":{"@id":"https:\/\/dinostorm.com\/pt-br\/jogo\/dicionario-de-dinossauro\/dinossauro-pachycephalosaurus\/#breadcrumb"},"inLanguage":"pt-br","potentialAction":[{"@type":"ReadAction","target":["https:\/\/dinostorm.com\/pt-br\/jogo\/dicionario-de-dinossauro\/dinossauro-pachycephalosaurus\/"]}]},{"@type":"ImageObject","inLanguage":"pt-br","@id":"https:\/\/dinostorm.com\/pt-br\/jogo\/dicionario-de-dinossauro\/dinossauro-pachycephalosaurus\/#primaryimage","url":"https:\/\/dinostorm.com\/wp-content\/uploads\/2012\/09\/ds_jungle_01.jpg","contentUrl":"https:\/\/dinostorm.com\/wp-content\/uploads\/2012\/09\/ds_jungle_01.jpg","width":1280,"height":720,"caption":"Beware of dangerous bandits in Mokon Woods are everywhere."},{"@type":"BreadcrumbList","@id":"https:\/\/dinostorm.com\/pt-br\/jogo\/dicionario-de-dinossauro\/dinossauro-pachycephalosaurus\/#breadcrumb","itemListElement":[{"@type":"ListItem","position":1,"name":"Home","item":"https:\/\/dinostorm.com\/pt-br\/"},{"@type":"ListItem","position":2,"name":"Jogo","item":"https:\/\/dinostorm.com\/pt-br\/jogo\/"},{"@type":"ListItem","position":3,"name":"Dicion\u00e1rio de dinossauro","item":"https:\/\/dinostorm.com\/pt-br\/jogo\/dicionario-de-dinossauro\/"},{"@type":"ListItem","position":4,"name":"Dinossauro &#8211; Pachycephalosaurus"}]},{"@type":"WebSite","@id":"https:\/\/dinostorm.com\/pt-br\/#website","url":"https:\/\/dinostorm.com\/pt-br\/","name":"Dino Storm","description":"","potentialAction":[{"@type":"SearchAction","target":{"@type":"EntryPoint","urlTemplate":"https:\/\/dinostorm.com\/pt-br\/?s={search_term_string}"},"query-input":{"@type":"PropertyValueSpecification","valueRequired":true,"valueName":"search_term_string"}}],"inLanguage":"pt-br"}]}},"_links":{"self":[{"href":"https:\/\/dinostorm.com\/pt-br\/wp-json\/wp\/v2\/pages\/4722","targetHints":{"allow":["GET"]}}],"collection":[{"href":"https:\/\/dinostorm.com\/pt-br\/wp-json\/wp\/v2\/pages"}],"about":[{"href":"https:\/\/dinostorm.com\/pt-br\/wp-json\/wp\/v2\/types\/page"}],"author":[{"embeddable":true,"href":"https:\/\/dinostorm.com\/pt-br\/wp-json\/wp\/v2\/users\/26"}],"replies":[{"embeddable":true,"href":"https:\/\/dinostorm.com\/pt-br\/wp-json\/wp\/v2\/comments?post=4722"}],"version-history":[{"count":4,"href":"https:\/\/dinostorm.com\/pt-br\/wp-json\/wp\/v2\/pages\/4722\/revisions"}],"predecessor-version":[{"id":237766,"href":"https:\/\/dinostorm.com\/pt-br\/wp-json\/wp\/v2\/pages\/4722\/revisions\/237766"}],"up":[{"embeddable":true,"href":"https:\/\/dinostorm.com\/pt-br\/wp-json\/wp\/v2\/pages\/4223"}],"wp:featuredmedia":[{"embeddable":true,"href":"https:\/\/dinostorm.com\/pt-br\/wp-json\/wp\/v2\/media\/15052"}],"wp:attachment":[{"href":"https:\/\/dinostorm.com\/pt-br\/wp-json\/wp\/v2\/media?parent=4722"}],"curies":[{"name":"wp","href":"https:\/\/api.w.org\/{rel}","templated":true}]}}