{"id":4721,"date":"2012-10-18T09:12:00","date_gmt":"2012-10-18T07:12:00","guid":{"rendered":"http:\/\/dinostorm.com\/?page_id=4721"},"modified":"2022-04-25T09:56:20","modified_gmt":"2022-04-25T07:56:20","slug":"dinossauro-coelophysis","status":"publish","type":"page","link":"https:\/\/dinostorm.com\/pt-br\/jogo\/dicionario-de-dinossauro\/dinossauro-coelophysis\/","title":{"rendered":"Dinossauro &#8211; Coelophysis"},"content":{"rendered":"<div class=\"teaser\"><\/div>\n<h1 class=\"headline_page width_500\"><span>Dinossauro \u2014 Coelophysis<\/span><\/h1>\n<p class=\"back-button back-pos500\"><a class=\"back-block\" href=\"http:\/\/dinostorm.com\/pt-br\/jogo\/dicionario-de-dinossauro\/\">Voltar<\/a><\/p>\n<div class=\"two_thirds\">\n<h2 class=\"headline-lex\"><span>Dino Storm Coelophysis<\/span><\/h2>\n<div class=\"banner_lex\">\n<p class=\"banner_text_lex text_lex\"><strong>Coelophysis<\/strong> \u00e9 constru\u00edda para a velocidade, favorecendo um estilo de combate de &#8220;atropelamento e fuga&#8221;. Ela n\u00e3o exigir\u00e1 muitos golpes em combate pr\u00f3ximo, por isso \u00e9 de vital import\u00e2ncia fazer uso de suas incompar\u00e1veis habilidades de corrida!<\/p>\n<div style=\"margin-right: 29px; float: left; width: 10px; text-align: left; position: relative; top: 40px; left: 30px\">\n<strong class=\"text_lex\" style=\"position: relative; top: 12px\">Vitalidade:<\/strong><br \/>\n<strong class=\"text_lex\" style=\"position: relative; top: 30px\">For\u00e7a:<\/strong><br \/>\n<strong class=\"text_lex\" style=\"position: relative; top: 50px\">Resist\u00eancia:<\/strong>\n<\/div>\n<div style=\"margin-right: 20px; float: left; width: 118px; text-align: left; position: relative; top: 70px; left: 10px\">\n<img decoding=\"async\" class=\"skill_image_lex colorbox-4721\" title=\"Vitalidade b\u00e1sica: 2\" src=\"\/wp-content\/themes\/arras\/images\/dinostorm\/Dinos\/bar_health_2.png\" alt=\"Base n\u00edvel de vitalidade de um Coelophysis em Dino Storm \u00e9 2.\" \/><br \/>\n<img decoding=\"async\" class=\"skill_image_lex colorbox-4721\" title=\"For\u00e7a b\u00e1sica: 4\" src=\"\/wp-content\/themes\/arras\/images\/dinostorm\/Dinos\/bar_strength_4.png\" alt=\"Base n\u00edvel de for\u00e7a de um Coelophysis em Dino Storm \u00e9 4.\" \/><br \/>\n<img decoding=\"async\" class=\"skill_image_lex colorbox-4721\" title=\"Resist\u00eancia b\u00e1sica: 5\" src=\"\/wp-content\/themes\/arras\/images\/dinostorm\/Dinos\/bar_endurance_5.png\" alt=\"Base n\u00edvel de resist\u00eancia de um Coelophysis em Dino Storm \u00e9 5.\" \/>\n<\/div>\n<div class=\"icc_scale\">\n<img class=\"colorbox-4721\"  decoding=\"async\" src=\"\/wp-content\/themes\/arras\/images\/dinostorm\/Dinos\/icc_scale_pnn.png\" alt=\"\" title=\"\"\/><br \/>\n<a href=\"\/pt-br\/jogo\/dicionario-de-dinossauro\/dinossauro-pachycephalosaurus\/\"><img decoding=\"async\" class=\"icc_dino colorbox-4721\" src=\"\/wp-content\/themes\/arras\/images\/dinostorm\/Dinos\/pachycephalosaurus_icon.png\" alt=\"\" title=\"\"\/><\/a><\/p>\n<div class=\"icc_text\">Alternativa de &#8220;atropelamento e fuga&#8221;:<br \/>\n<strong>Pachycephalosaurus<\/strong>\n<\/div>\n<\/div>\n<\/div>\n<div class=\"one_third\">\n<img decoding=\"async\" class=\"dino_lex_2 colorbox-4721\" src=\"\/wp-content\/themes\/arras\/images\/dinostorm\/Dinos\/Coelophysis.png\" alt=\"Dino Storm Coelophysis\" \/>\n<\/div>\n<\/div>\n<div class=\"clear\"><\/div>\n<div class=\"one_third\">\n<h3 class=\"headlinelex2_1\">Coelophysis \u2014 Habilidades do dinossauro<\/h3>\n<div class=\"banner_lex2\">\n<span class=\"icon_skill_top float-left\"><br \/>\n<img class=\"colorbox-4721\"  decoding=\"async\" src=\"\/wp-content\/themes\/arras\/images\/dinostorm\/Dinos\/coelophysis_skill_01.png\" \nonmouseover=\"for (let el of document.querySelectorAll('.dino_idle')) el.style.visibility = 'hidden'; for (let el of document.querySelectorAll('.dino_skill1')) el.style.visibility = 'visible';\"\nonmouseout=\"for (let el of document.querySelectorAll('.dino_idle')) el.style.visibility = 'visible'; for (let el of document.querySelectorAll('.dino_skill1')) el.style.visibility = 'hidden';\"\"\nalt=\"Coelophysis Habilidade Especial \u2014 Golpes r\u00e1pidos\" title=\"Habilidade Especial: Golpes r\u00e1pidos\"\/><\/span><\/p>\n<div class=\"skill-wrapper\"><span class=\"icon_skill_title\">Golpes r\u00e1pidos<\/span><\/p>\n<p class=\"icon_skill_text\">\n<\/div>\n<p><span class=\"clear\"><!-- --><\/span><span class=\"icon_skill_top float-left\"><br \/>\n<img class=\"colorbox-4721\"  decoding=\"async\" src=\"\/wp-content\/themes\/arras\/images\/dinostorm\/Dinos\/coelophysis_skill_02.png\" \nonmouseover=\"for (let el of document.querySelectorAll('.dino_idle')) el.style.visibility = 'hidden'; for (let el of document.querySelectorAll('.dino_skill2')) el.style.visibility = 'visible';\"\nonmouseout=\"for (let el of document.querySelectorAll('.dino_idle')) el.style.visibility = 'visible'; for (let el of document.querySelectorAll('.dino_skill2')) el.style.visibility = 'hidden';\"\"\nalt=\"Coelophysis Habilidade Especial \u2014 Ataque de salto\" title=\"Habilidade Especial: Ataque de salto\"\/><\/span><\/p>\n<div class=\"skill-wrapper-bottom\"><span class=\"icon_skill_title\">Ataque de salto<\/span><\/p>\n<p class=\"icon_skill_text\">\n<\/div>\n<p><span class=\"clear\"><!-- --><\/span><\/p>\n<\/div>\n<\/div>\n<div class=\"one_third\">\n<h3 class=\"headlinelex2_2\">Coelophysis \u2014 Fatos sobre dinossauros<\/h3>\n<div class=\"fact_lex\">\n<p>O dinossauro Coelophysis viveu durante o Tri&#x00e1;ssico onde fica hoje a parte sudoeste da Am&#x00e9;rica do Norte. Ele pertence ao grupo theropoda.<\/p>\n<p>O f&#x00ed;sico deste dinossauro foi extremamente eficiente e projetado para altas velocidades. Os ossos de Coelophysis eram ocos longos e estreitos. Ele tinha dentes afiados, e seus dedos tinham garras afiadas.<\/p>\n<\/div>\n<\/div>\n<div class=\"dino_animations\">\n<img decoding=\"async\" class=\"dino_idle colorbox-4721\" src=\"\/wp-content\/themes\/arras\/images\/dinostorm\/Dinos\/coelophysis_idle.gif\"\/><br \/>\n<img decoding=\"async\" class=\"dino_skill1 colorbox-4721\" src=\"\/wp-content\/themes\/arras\/images\/dinostorm\/Dinos\/coelophysis_skill_01.gif\"\/><br \/>\n<img decoding=\"async\" class=\"dino_skill2 colorbox-4721\" src=\"\/wp-content\/themes\/arras\/images\/dinostorm\/Dinos\/coelophysis_skill_02.gif\"\/>\n<\/div>\n<\/div>\n<\/div>\n<div class=\"full\">\n<img decoding=\"async\" class=\"hr3 margin35 colorbox-4721\" src=\"\/wp-content\/themes\/arras\/images\/dinostorm\/seperator_big.png\" alt=\"separator dino storm\" \/>\n<\/div>\n","protected":false},"excerpt":{"rendered":"<p>Dinossauro \u2014 Coelophysis Voltar Dino Storm Coelophysis Coelophysis \u00e9 constru\u00edda para a velocidade, favorecendo um estilo de combate de &#8220;atropelamento e fuga&#8221;. Ela n\u00e3o exigir\u00e1 muitos golpes em combate pr\u00f3ximo, por isso \u00e9 de vital [&hellip;]<\/p>\n","protected":false},"author":26,"featured_media":15052,"parent":4223,"menu_order":0,"comment_status":"closed","ping_status":"closed","template":"pagetpl-onecolumn.php","meta":{"footnotes":"","_links_to":"","_links_to_target":""},"class_list":["post-4721","page","type-page","status-publish","has-post-thumbnail","hentry"],"yoast_head":"<!-- This site is optimized with the Yoast SEO plugin v27.3 - https:\/\/yoast.com\/product\/yoast-seo-wordpress\/ -->\n<title>Dinossauro - Coelophysis - Dino Storm<\/title>\n<meta name=\"description\" content=\"Coelophysis \u00e9 constru\u00eddo para a velocidade. Suas fortes patas tornam-o um grande corredor em Dino Storm. Tudo que voc\u00ea precisa saber sobre Coelophysis...\" \/>\n<meta name=\"robots\" content=\"index, follow, max-snippet:-1, max-image-preview:large, max-video-preview:-1\" \/>\n<link rel=\"canonical\" href=\"https:\/\/dinostorm.com\/pt-br\/jogo\/dicionario-de-dinossauro\/dinossauro-coelophysis\/\" \/>\n<meta property=\"og:locale\" content=\"pt_PT\" \/>\n<meta property=\"og:type\" content=\"article\" \/>\n<meta property=\"og:title\" content=\"Dinossauro - Coelophysis - Dino Storm\" \/>\n<meta property=\"og:description\" content=\"Coelophysis \u00e9 constru\u00eddo para a velocidade. Suas fortes patas tornam-o um grande corredor em Dino Storm. Tudo que voc\u00ea precisa saber sobre Coelophysis...\" \/>\n<meta property=\"og:url\" content=\"https:\/\/dinostorm.com\/pt-br\/jogo\/dicionario-de-dinossauro\/dinossauro-coelophysis\/\" \/>\n<meta property=\"og:site_name\" content=\"Dino Storm\" \/>\n<meta property=\"article:modified_time\" content=\"2022-04-25T07:56:20+00:00\" \/>\n<script type=\"application\/ld+json\" class=\"yoast-schema-graph\">{\"@context\":\"https:\\\/\\\/schema.org\",\"@graph\":[{\"@type\":\"WebPage\",\"@id\":\"https:\\\/\\\/dinostorm.com\\\/pt-br\\\/jogo\\\/dicionario-de-dinossauro\\\/dinossauro-coelophysis\\\/\",\"url\":\"https:\\\/\\\/dinostorm.com\\\/pt-br\\\/jogo\\\/dicionario-de-dinossauro\\\/dinossauro-coelophysis\\\/\",\"name\":\"Dinossauro - Coelophysis - Dino Storm\",\"isPartOf\":{\"@id\":\"https:\\\/\\\/dinostorm.com\\\/pt-br\\\/#website\"},\"primaryImageOfPage\":{\"@id\":\"https:\\\/\\\/dinostorm.com\\\/pt-br\\\/jogo\\\/dicionario-de-dinossauro\\\/dinossauro-coelophysis\\\/#primaryimage\"},\"image\":{\"@id\":\"https:\\\/\\\/dinostorm.com\\\/pt-br\\\/jogo\\\/dicionario-de-dinossauro\\\/dinossauro-coelophysis\\\/#primaryimage\"},\"thumbnailUrl\":\"https:\\\/\\\/dinostorm.com\\\/wp-content\\\/uploads\\\/2012\\\/09\\\/ds_jungle_01.jpg\",\"datePublished\":\"2012-10-18T07:12:00+00:00\",\"dateModified\":\"2022-04-25T07:56:20+00:00\",\"description\":\"Coelophysis \u00e9 constru\u00eddo para a velocidade. Suas fortes patas tornam-o um grande corredor em Dino Storm. Tudo que voc\u00ea precisa saber sobre Coelophysis...\",\"breadcrumb\":{\"@id\":\"https:\\\/\\\/dinostorm.com\\\/pt-br\\\/jogo\\\/dicionario-de-dinossauro\\\/dinossauro-coelophysis\\\/#breadcrumb\"},\"inLanguage\":\"pt-br\",\"potentialAction\":[{\"@type\":\"ReadAction\",\"target\":[\"https:\\\/\\\/dinostorm.com\\\/pt-br\\\/jogo\\\/dicionario-de-dinossauro\\\/dinossauro-coelophysis\\\/\"]}]},{\"@type\":\"ImageObject\",\"inLanguage\":\"pt-br\",\"@id\":\"https:\\\/\\\/dinostorm.com\\\/pt-br\\\/jogo\\\/dicionario-de-dinossauro\\\/dinossauro-coelophysis\\\/#primaryimage\",\"url\":\"https:\\\/\\\/dinostorm.com\\\/wp-content\\\/uploads\\\/2012\\\/09\\\/ds_jungle_01.jpg\",\"contentUrl\":\"https:\\\/\\\/dinostorm.com\\\/wp-content\\\/uploads\\\/2012\\\/09\\\/ds_jungle_01.jpg\",\"width\":1280,\"height\":720,\"caption\":\"Beware of dangerous bandits in Mokon Woods are everywhere.\"},{\"@type\":\"BreadcrumbList\",\"@id\":\"https:\\\/\\\/dinostorm.com\\\/pt-br\\\/jogo\\\/dicionario-de-dinossauro\\\/dinossauro-coelophysis\\\/#breadcrumb\",\"itemListElement\":[{\"@type\":\"ListItem\",\"position\":1,\"name\":\"Home\",\"item\":\"https:\\\/\\\/dinostorm.com\\\/pt-br\\\/\"},{\"@type\":\"ListItem\",\"position\":2,\"name\":\"Jogo\",\"item\":\"https:\\\/\\\/dinostorm.com\\\/pt-br\\\/jogo\\\/\"},{\"@type\":\"ListItem\",\"position\":3,\"name\":\"Dicion\u00e1rio de dinossauro\",\"item\":\"https:\\\/\\\/dinostorm.com\\\/pt-br\\\/jogo\\\/dicionario-de-dinossauro\\\/\"},{\"@type\":\"ListItem\",\"position\":4,\"name\":\"Dinossauro &#8211; Coelophysis\"}]},{\"@type\":\"WebSite\",\"@id\":\"https:\\\/\\\/dinostorm.com\\\/pt-br\\\/#website\",\"url\":\"https:\\\/\\\/dinostorm.com\\\/pt-br\\\/\",\"name\":\"Dino Storm\",\"description\":\"\",\"potentialAction\":[{\"@type\":\"SearchAction\",\"target\":{\"@type\":\"EntryPoint\",\"urlTemplate\":\"https:\\\/\\\/dinostorm.com\\\/pt-br\\\/?s={search_term_string}\"},\"query-input\":{\"@type\":\"PropertyValueSpecification\",\"valueRequired\":true,\"valueName\":\"search_term_string\"}}],\"inLanguage\":\"pt-br\"}]}<\/script>\n<!-- \/ Yoast SEO plugin. -->","yoast_head_json":{"title":"Dinossauro - Coelophysis - Dino Storm","description":"Coelophysis \u00e9 constru\u00eddo para a velocidade. Suas fortes patas tornam-o um grande corredor em Dino Storm. Tudo que voc\u00ea precisa saber sobre Coelophysis...","robots":{"index":"index","follow":"follow","max-snippet":"max-snippet:-1","max-image-preview":"max-image-preview:large","max-video-preview":"max-video-preview:-1"},"canonical":"https:\/\/dinostorm.com\/pt-br\/jogo\/dicionario-de-dinossauro\/dinossauro-coelophysis\/","og_locale":"pt_PT","og_type":"article","og_title":"Dinossauro - Coelophysis - Dino Storm","og_description":"Coelophysis \u00e9 constru\u00eddo para a velocidade. Suas fortes patas tornam-o um grande corredor em Dino Storm. Tudo que voc\u00ea precisa saber sobre Coelophysis...","og_url":"https:\/\/dinostorm.com\/pt-br\/jogo\/dicionario-de-dinossauro\/dinossauro-coelophysis\/","og_site_name":"Dino Storm","article_modified_time":"2022-04-25T07:56:20+00:00","schema":{"@context":"https:\/\/schema.org","@graph":[{"@type":"WebPage","@id":"https:\/\/dinostorm.com\/pt-br\/jogo\/dicionario-de-dinossauro\/dinossauro-coelophysis\/","url":"https:\/\/dinostorm.com\/pt-br\/jogo\/dicionario-de-dinossauro\/dinossauro-coelophysis\/","name":"Dinossauro - Coelophysis - Dino Storm","isPartOf":{"@id":"https:\/\/dinostorm.com\/pt-br\/#website"},"primaryImageOfPage":{"@id":"https:\/\/dinostorm.com\/pt-br\/jogo\/dicionario-de-dinossauro\/dinossauro-coelophysis\/#primaryimage"},"image":{"@id":"https:\/\/dinostorm.com\/pt-br\/jogo\/dicionario-de-dinossauro\/dinossauro-coelophysis\/#primaryimage"},"thumbnailUrl":"https:\/\/dinostorm.com\/wp-content\/uploads\/2012\/09\/ds_jungle_01.jpg","datePublished":"2012-10-18T07:12:00+00:00","dateModified":"2022-04-25T07:56:20+00:00","description":"Coelophysis \u00e9 constru\u00eddo para a velocidade. Suas fortes patas tornam-o um grande corredor em Dino Storm. Tudo que voc\u00ea precisa saber sobre Coelophysis...","breadcrumb":{"@id":"https:\/\/dinostorm.com\/pt-br\/jogo\/dicionario-de-dinossauro\/dinossauro-coelophysis\/#breadcrumb"},"inLanguage":"pt-br","potentialAction":[{"@type":"ReadAction","target":["https:\/\/dinostorm.com\/pt-br\/jogo\/dicionario-de-dinossauro\/dinossauro-coelophysis\/"]}]},{"@type":"ImageObject","inLanguage":"pt-br","@id":"https:\/\/dinostorm.com\/pt-br\/jogo\/dicionario-de-dinossauro\/dinossauro-coelophysis\/#primaryimage","url":"https:\/\/dinostorm.com\/wp-content\/uploads\/2012\/09\/ds_jungle_01.jpg","contentUrl":"https:\/\/dinostorm.com\/wp-content\/uploads\/2012\/09\/ds_jungle_01.jpg","width":1280,"height":720,"caption":"Beware of dangerous bandits in Mokon Woods are everywhere."},{"@type":"BreadcrumbList","@id":"https:\/\/dinostorm.com\/pt-br\/jogo\/dicionario-de-dinossauro\/dinossauro-coelophysis\/#breadcrumb","itemListElement":[{"@type":"ListItem","position":1,"name":"Home","item":"https:\/\/dinostorm.com\/pt-br\/"},{"@type":"ListItem","position":2,"name":"Jogo","item":"https:\/\/dinostorm.com\/pt-br\/jogo\/"},{"@type":"ListItem","position":3,"name":"Dicion\u00e1rio de dinossauro","item":"https:\/\/dinostorm.com\/pt-br\/jogo\/dicionario-de-dinossauro\/"},{"@type":"ListItem","position":4,"name":"Dinossauro &#8211; Coelophysis"}]},{"@type":"WebSite","@id":"https:\/\/dinostorm.com\/pt-br\/#website","url":"https:\/\/dinostorm.com\/pt-br\/","name":"Dino Storm","description":"","potentialAction":[{"@type":"SearchAction","target":{"@type":"EntryPoint","urlTemplate":"https:\/\/dinostorm.com\/pt-br\/?s={search_term_string}"},"query-input":{"@type":"PropertyValueSpecification","valueRequired":true,"valueName":"search_term_string"}}],"inLanguage":"pt-br"}]}},"_links":{"self":[{"href":"https:\/\/dinostorm.com\/pt-br\/wp-json\/wp\/v2\/pages\/4721","targetHints":{"allow":["GET"]}}],"collection":[{"href":"https:\/\/dinostorm.com\/pt-br\/wp-json\/wp\/v2\/pages"}],"about":[{"href":"https:\/\/dinostorm.com\/pt-br\/wp-json\/wp\/v2\/types\/page"}],"author":[{"embeddable":true,"href":"https:\/\/dinostorm.com\/pt-br\/wp-json\/wp\/v2\/users\/26"}],"replies":[{"embeddable":true,"href":"https:\/\/dinostorm.com\/pt-br\/wp-json\/wp\/v2\/comments?post=4721"}],"version-history":[{"count":5,"href":"https:\/\/dinostorm.com\/pt-br\/wp-json\/wp\/v2\/pages\/4721\/revisions"}],"predecessor-version":[{"id":311219,"href":"https:\/\/dinostorm.com\/pt-br\/wp-json\/wp\/v2\/pages\/4721\/revisions\/311219"}],"up":[{"embeddable":true,"href":"https:\/\/dinostorm.com\/pt-br\/wp-json\/wp\/v2\/pages\/4223"}],"wp:featuredmedia":[{"embeddable":true,"href":"https:\/\/dinostorm.com\/pt-br\/wp-json\/wp\/v2\/media\/15052"}],"wp:attachment":[{"href":"https:\/\/dinostorm.com\/pt-br\/wp-json\/wp\/v2\/media?parent=4721"}],"curies":[{"name":"wp","href":"https:\/\/api.w.org\/{rel}","templated":true}]}}