{"id":4719,"date":"2012-10-18T09:11:53","date_gmt":"2012-10-18T07:11:53","guid":{"rendered":"http:\/\/dinostorm.com\/?page_id=4719"},"modified":"2021-07-08T11:13:42","modified_gmt":"2021-07-08T09:13:42","slug":"dinossauro-carnotaurus","status":"publish","type":"page","link":"https:\/\/dinostorm.com\/pt-br\/jogo\/dicionario-de-dinossauro\/dinossauro-carnotaurus\/","title":{"rendered":"Dinossauro &#8211; Carnotaurus"},"content":{"rendered":"<div class=\"teaser\"><\/div>\n<h1 class=\"headline_page width_500\"><span>Dinossauro \u2014 Carnotaurus<\/span><\/h1>\n<p class=\"back-button back-pos500\"><a class=\"back-block\" href=\"http:\/\/dinostorm.com\/pt-br\/jogo\/dicionario-de-dinossauro\/\">Voltar<\/a><\/p>\n<div class=\"two_thirds\">\n<h2 class=\"headline-lex\"><span>Dino Storm Carnotaurus<\/span><\/h2>\n<div class=\"banner_lex\">\n<p class=\"banner_text_lex text_lex\"><strong>Carnotaurus<\/strong> \u00e9 um carn\u00edvoro de apar\u00eancia feroz que se classifica como revendedor de danos. \u00c9 mais r\u00e1pido que o dinossauro m\u00e9dio, e uma vez em combate pr\u00f3ximo, sua grande vantagem em for\u00e7a compensa em muito.<\/p>\n<div style=\"margin-right: 29px; float: left; width: 10px; text-align: left; position: relative; top: 40px; left: 30px\">\n<strong class=\"text_lex\" style=\"position: relative; top: 12px\">Vitalidade:<\/strong><br \/>\n<strong class=\"text_lex\" style=\"position: relative; top: 30px\">For\u00e7a:<\/strong><br \/>\n<strong class=\"text_lex\" style=\"position: relative; top: 50px\">Resist\u00eancia:<\/strong>\n<\/div>\n<div style=\"margin-right: 20px; float: left; width: 118px; text-align: left; position: relative; top: 70px; left: 10px\">\n<img decoding=\"async\" class=\"skill_image_lex colorbox-4719\" title=\"Vitalidade b\u00e1sica: 1\" src=\"\/wp-content\/themes\/arras\/images\/dinostorm\/Dinos\/bar_health_1.png\" alt=\"Base n\u00edvel de vitalidade de um Carnotaurus em Dino Storm \u00e9 1.\" \/><br \/>\n<img decoding=\"async\" class=\"skill_image_lex colorbox-4719\" title=\"For\u00e7a b\u00e1sica: 5\" src=\"\/wp-content\/themes\/arras\/images\/dinostorm\/Dinos\/bar_strength_5.png\" alt=\"Base n\u00edvel de for\u00e7a de um Carnotaurus em Dino Storm \u00e9 5.\" \/><br \/>\n<img decoding=\"async\" class=\"skill_image_lex colorbox-4719\" title=\"Resist\u00eancia b\u00e1sica: 4\" src=\"\/wp-content\/themes\/arras\/images\/dinostorm\/Dinos\/bar_endurance_4.png\" alt=\"Base n\u00edvel de resist\u00eancia de um Carnotaurus em Dino Storm \u00e9 4.\" \/>\n<\/div>\n<div class=\"icc_scale\">\n<img class=\"colorbox-4719\"  decoding=\"async\" src=\"\/wp-content\/themes\/arras\/images\/dinostorm\/Dinos\/icc_scale_npp.png\" alt=\"\" title=\"\"\/><br \/>\n<a href=\"\/pt-br\/jogo\/dicionario-de-dinossauro\/dinossauro-tiranossauro\/\"><img decoding=\"async\" class=\"icc_dino colorbox-4719\" src=\"\/wp-content\/themes\/arras\/images\/dinostorm\/Dinos\/tyrannosaurus_icon.png\" alt=\"\" title=\"\"\/><\/a><\/p>\n<div class=\"icc_text\">Revendedor de danos alternativo:<br \/>\n<strong>Tiranossauro<\/strong>\n<\/div>\n<\/div>\n<\/div>\n<div class=\"one_third\">\n<img decoding=\"async\" class=\"dino_lex_2 colorbox-4719\" src=\"\/wp-content\/themes\/arras\/images\/dinostorm\/Dinos\/Carnotaurus.png\" alt=\"Dino Storm Carnotaurus\" \/>\n<\/div>\n<\/div>\n<div class=\"clear\"><\/div>\n<div class=\"one_third\">\n<h3 class=\"headlinelex2_1\">Carnotaurus \u2014 Habilidades do dinossauro<\/h3>\n<div class=\"banner_lex2\">\n<span class=\"icon_skill_top float-left\"><br \/>\n<img class=\"colorbox-4719\"  decoding=\"async\" src=\"\/wp-content\/themes\/arras\/images\/dinostorm\/Dinos\/Carnotaurus_skill_01.png\" \nonmouseover=\"for (let el of document.querySelectorAll('.carno_idle')) el.style.visibility = 'hidden'; for (let el of document.querySelectorAll('.carno_skill1')) el.style.visibility = 'visible';\"\nonmouseout=\"for (let el of document.querySelectorAll('.carno_idle')) el.style.visibility = 'visible'; for (let el of document.querySelectorAll('.carno_skill1')) el.style.visibility = 'hidden';\"\"\nalt=\"Carnotaurus Habilidade Especial \u2014 Ataque de carne\" title=\"Habilidade Especial: Ataque de carne\"\/><\/span><\/p>\n<div class=\"skill-wrapper\"><span class=\"icon_skill_title\">Ataque de carne<\/span><\/p>\n<p class=\"icon_skill_text\">\n<\/div>\n<p><span class=\"clear\"><!-- --><\/span><span class=\"icon_skill_top float-left\"><br \/>\n<img class=\"colorbox-4719\"  decoding=\"async\" src=\"\/wp-content\/themes\/arras\/images\/dinostorm\/Dinos\/Carnotaurus_skill_02.png\" \nonmouseover=\"for (let el of document.querySelectorAll('.carno_idle')) el.style.visibility = 'hidden'; for (let el of document.querySelectorAll('.carno_skill2')) el.style.visibility = 'visible';\"\nonmouseout=\"for (let el of document.querySelectorAll('.carno_idle')) el.style.visibility = 'visible'; for (let el of document.querySelectorAll('.carno_skill2')) el.style.visibility = 'hidden';\"\"\nalt=\"Carnotaurus Habilidade Especial \u2014 Ataque carnificina\" title=\"Habilidade Especial: Ataque carnificina\"\/><\/span><\/p>\n<div class=\"skill-wrapper-bottom\"><span class=\"icon_skill_title\">Ataque carnificina<\/span><\/p>\n<p class=\"icon_skill_text\">\n<\/div>\n<p><span class=\"clear\"><!-- --><\/span><\/p>\n<\/div>\n<\/div>\n<div class=\"one_third\">\n<h3 class=\"headlinelex2_2\">Carnotaurus \u2014 Fatos sobre dinossauros<\/h3>\n<div class=\"fact_lex\">\n<p>Carnotaurus foi um grande predador que viveu no que &#x00e9; hoje a Am&#x00e9;rica do Sul. Caracter&#x00ed;stica deste dinossauro foram dois grandes chifres na sua testa, um cr&#x00e2;nio curto profundo e duas patas dianteiras extremamente pequenas. Estes eram ainda menores do que as pernas dianteiras j&#x00e1; curtas do Tyrannosaurus Rex.<\/p>\n<p>O que &#x00e9; at&#x00ed;pico para os dinossauros s&#x00e3;o os olhos apontando pra frente. Isso pode indicar que o Carnotauro tinha vis&#x00e3;o espacial. Al&#x00e9;m disso, as impress&#x00f5;es da pele deste dinossauro foram encontradas, por isso sabemos que sua pele era principalmente constitu&#x00ed;da por escamas em forma de ta&#x00e7;a.<\/p>\n<\/div>\n<\/div>\n<div class=\"dino_animations\">\n<img decoding=\"async\" class=\"carno_idle colorbox-4719\" src=\"\/wp-content\/themes\/arras\/images\/dinostorm\/Dinos\/carnotaurus_idle.gif\"\/><br \/>\n<img decoding=\"async\" class=\"carno_skill1 colorbox-4719\" src=\"\/wp-content\/themes\/arras\/images\/dinostorm\/Dinos\/carnotaurus_skill_01.gif\"\/><br \/>\n<img decoding=\"async\" class=\"carno_skill2 colorbox-4719\" src=\"\/wp-content\/themes\/arras\/images\/dinostorm\/Dinos\/carnotaurus_skill_02.gif\"\/>\n<\/div>\n<div class=\"full\"><img decoding=\"async\" class=\"hr3 margin35 colorbox-4719\" src=\"\/wp-content\/themes\/arras\/images\/dinostorm\/seperator_big.png\" alt=\"separator dino storm\" \/><\/div>\n","protected":false},"excerpt":{"rendered":"<p>Dinossauro \u2014 Carnotaurus Voltar Dino Storm Carnotaurus Carnotaurus \u00e9 um carn\u00edvoro de apar\u00eancia feroz que se classifica como revendedor de danos. \u00c9 mais r\u00e1pido que o dinossauro m\u00e9dio, e uma vez em combate pr\u00f3ximo, sua [&hellip;]<\/p>\n","protected":false},"author":26,"featured_media":15052,"parent":4223,"menu_order":0,"comment_status":"closed","ping_status":"closed","template":"pagetpl-onecolumn.php","meta":{"footnotes":"","_links_to":"","_links_to_target":""},"class_list":["post-4719","page","type-page","status-publish","has-post-thumbnail","hentry"],"yoast_head":"<!-- This site is optimized with the Yoast SEO plugin v27.3 - https:\/\/yoast.com\/product\/yoast-seo-wordpress\/ -->\n<title>Dinossauro - Carnotaurus - Dino Storm<\/title>\n<meta name=\"description\" content=\"Carnotaurus \u00e9 um carn\u00edvoro de apar\u00eancia feroz em Dino Storm. Tudo que voc\u00ea precisa saber sobre Carnotaurus: fatos, habilidades...\" \/>\n<meta name=\"robots\" content=\"index, follow, max-snippet:-1, max-image-preview:large, max-video-preview:-1\" \/>\n<link rel=\"canonical\" href=\"https:\/\/dinostorm.com\/pt-br\/jogo\/dicionario-de-dinossauro\/dinossauro-carnotaurus\/\" \/>\n<meta property=\"og:locale\" content=\"pt_PT\" \/>\n<meta property=\"og:type\" content=\"article\" \/>\n<meta property=\"og:title\" content=\"Dinossauro - Carnotaurus - Dino Storm\" \/>\n<meta property=\"og:description\" content=\"Carnotaurus \u00e9 um carn\u00edvoro de apar\u00eancia feroz em Dino Storm. Tudo que voc\u00ea precisa saber sobre Carnotaurus: fatos, habilidades...\" \/>\n<meta property=\"og:url\" content=\"https:\/\/dinostorm.com\/pt-br\/jogo\/dicionario-de-dinossauro\/dinossauro-carnotaurus\/\" \/>\n<meta property=\"og:site_name\" content=\"Dino Storm\" \/>\n<meta property=\"article:modified_time\" content=\"2021-07-08T09:13:42+00:00\" \/>\n<meta property=\"og:image\" content=\"https:\/\/dinostorm.com\/wp-content\/uploads\/2012\/09\/ds_jungle_01.jpg\" \/>\n\t<meta property=\"og:image:width\" content=\"1280\" \/>\n\t<meta property=\"og:image:height\" content=\"720\" \/>\n\t<meta property=\"og:image:type\" content=\"image\/jpeg\" \/>\n<script type=\"application\/ld+json\" class=\"yoast-schema-graph\">{\"@context\":\"https:\\\/\\\/schema.org\",\"@graph\":[{\"@type\":\"WebPage\",\"@id\":\"https:\\\/\\\/dinostorm.com\\\/pt-br\\\/jogo\\\/dicionario-de-dinossauro\\\/dinossauro-carnotaurus\\\/\",\"url\":\"https:\\\/\\\/dinostorm.com\\\/pt-br\\\/jogo\\\/dicionario-de-dinossauro\\\/dinossauro-carnotaurus\\\/\",\"name\":\"Dinossauro - Carnotaurus - Dino Storm\",\"isPartOf\":{\"@id\":\"https:\\\/\\\/dinostorm.com\\\/pt-br\\\/#website\"},\"primaryImageOfPage\":{\"@id\":\"https:\\\/\\\/dinostorm.com\\\/pt-br\\\/jogo\\\/dicionario-de-dinossauro\\\/dinossauro-carnotaurus\\\/#primaryimage\"},\"image\":{\"@id\":\"https:\\\/\\\/dinostorm.com\\\/pt-br\\\/jogo\\\/dicionario-de-dinossauro\\\/dinossauro-carnotaurus\\\/#primaryimage\"},\"thumbnailUrl\":\"https:\\\/\\\/dinostorm.com\\\/wp-content\\\/uploads\\\/2012\\\/09\\\/ds_jungle_01.jpg\",\"datePublished\":\"2012-10-18T07:11:53+00:00\",\"dateModified\":\"2021-07-08T09:13:42+00:00\",\"description\":\"Carnotaurus \u00e9 um carn\u00edvoro de apar\u00eancia feroz em Dino Storm. Tudo que voc\u00ea precisa saber sobre Carnotaurus: fatos, habilidades...\",\"breadcrumb\":{\"@id\":\"https:\\\/\\\/dinostorm.com\\\/pt-br\\\/jogo\\\/dicionario-de-dinossauro\\\/dinossauro-carnotaurus\\\/#breadcrumb\"},\"inLanguage\":\"pt-br\",\"potentialAction\":[{\"@type\":\"ReadAction\",\"target\":[\"https:\\\/\\\/dinostorm.com\\\/pt-br\\\/jogo\\\/dicionario-de-dinossauro\\\/dinossauro-carnotaurus\\\/\"]}]},{\"@type\":\"ImageObject\",\"inLanguage\":\"pt-br\",\"@id\":\"https:\\\/\\\/dinostorm.com\\\/pt-br\\\/jogo\\\/dicionario-de-dinossauro\\\/dinossauro-carnotaurus\\\/#primaryimage\",\"url\":\"https:\\\/\\\/dinostorm.com\\\/wp-content\\\/uploads\\\/2012\\\/09\\\/ds_jungle_01.jpg\",\"contentUrl\":\"https:\\\/\\\/dinostorm.com\\\/wp-content\\\/uploads\\\/2012\\\/09\\\/ds_jungle_01.jpg\",\"width\":1280,\"height\":720,\"caption\":\"Beware of dangerous bandits in Mokon Woods are everywhere.\"},{\"@type\":\"BreadcrumbList\",\"@id\":\"https:\\\/\\\/dinostorm.com\\\/pt-br\\\/jogo\\\/dicionario-de-dinossauro\\\/dinossauro-carnotaurus\\\/#breadcrumb\",\"itemListElement\":[{\"@type\":\"ListItem\",\"position\":1,\"name\":\"Home\",\"item\":\"https:\\\/\\\/dinostorm.com\\\/pt-br\\\/\"},{\"@type\":\"ListItem\",\"position\":2,\"name\":\"Jogo\",\"item\":\"https:\\\/\\\/dinostorm.com\\\/pt-br\\\/jogo\\\/\"},{\"@type\":\"ListItem\",\"position\":3,\"name\":\"Dicion\u00e1rio de dinossauro\",\"item\":\"https:\\\/\\\/dinostorm.com\\\/pt-br\\\/jogo\\\/dicionario-de-dinossauro\\\/\"},{\"@type\":\"ListItem\",\"position\":4,\"name\":\"Dinossauro &#8211; Carnotaurus\"}]},{\"@type\":\"WebSite\",\"@id\":\"https:\\\/\\\/dinostorm.com\\\/pt-br\\\/#website\",\"url\":\"https:\\\/\\\/dinostorm.com\\\/pt-br\\\/\",\"name\":\"Dino Storm\",\"description\":\"\",\"potentialAction\":[{\"@type\":\"SearchAction\",\"target\":{\"@type\":\"EntryPoint\",\"urlTemplate\":\"https:\\\/\\\/dinostorm.com\\\/pt-br\\\/?s={search_term_string}\"},\"query-input\":{\"@type\":\"PropertyValueSpecification\",\"valueRequired\":true,\"valueName\":\"search_term_string\"}}],\"inLanguage\":\"pt-br\"}]}<\/script>\n<!-- \/ Yoast SEO plugin. -->","yoast_head_json":{"title":"Dinossauro - Carnotaurus - Dino Storm","description":"Carnotaurus \u00e9 um carn\u00edvoro de apar\u00eancia feroz em Dino Storm. Tudo que voc\u00ea precisa saber sobre Carnotaurus: fatos, habilidades...","robots":{"index":"index","follow":"follow","max-snippet":"max-snippet:-1","max-image-preview":"max-image-preview:large","max-video-preview":"max-video-preview:-1"},"canonical":"https:\/\/dinostorm.com\/pt-br\/jogo\/dicionario-de-dinossauro\/dinossauro-carnotaurus\/","og_locale":"pt_PT","og_type":"article","og_title":"Dinossauro - Carnotaurus - Dino Storm","og_description":"Carnotaurus \u00e9 um carn\u00edvoro de apar\u00eancia feroz em Dino Storm. Tudo que voc\u00ea precisa saber sobre Carnotaurus: fatos, habilidades...","og_url":"https:\/\/dinostorm.com\/pt-br\/jogo\/dicionario-de-dinossauro\/dinossauro-carnotaurus\/","og_site_name":"Dino Storm","article_modified_time":"2021-07-08T09:13:42+00:00","og_image":[{"width":1280,"height":720,"url":"https:\/\/dinostorm.com\/wp-content\/uploads\/2012\/09\/ds_jungle_01.jpg","type":"image\/jpeg"}],"schema":{"@context":"https:\/\/schema.org","@graph":[{"@type":"WebPage","@id":"https:\/\/dinostorm.com\/pt-br\/jogo\/dicionario-de-dinossauro\/dinossauro-carnotaurus\/","url":"https:\/\/dinostorm.com\/pt-br\/jogo\/dicionario-de-dinossauro\/dinossauro-carnotaurus\/","name":"Dinossauro - Carnotaurus - Dino Storm","isPartOf":{"@id":"https:\/\/dinostorm.com\/pt-br\/#website"},"primaryImageOfPage":{"@id":"https:\/\/dinostorm.com\/pt-br\/jogo\/dicionario-de-dinossauro\/dinossauro-carnotaurus\/#primaryimage"},"image":{"@id":"https:\/\/dinostorm.com\/pt-br\/jogo\/dicionario-de-dinossauro\/dinossauro-carnotaurus\/#primaryimage"},"thumbnailUrl":"https:\/\/dinostorm.com\/wp-content\/uploads\/2012\/09\/ds_jungle_01.jpg","datePublished":"2012-10-18T07:11:53+00:00","dateModified":"2021-07-08T09:13:42+00:00","description":"Carnotaurus \u00e9 um carn\u00edvoro de apar\u00eancia feroz em Dino Storm. Tudo que voc\u00ea precisa saber sobre Carnotaurus: fatos, habilidades...","breadcrumb":{"@id":"https:\/\/dinostorm.com\/pt-br\/jogo\/dicionario-de-dinossauro\/dinossauro-carnotaurus\/#breadcrumb"},"inLanguage":"pt-br","potentialAction":[{"@type":"ReadAction","target":["https:\/\/dinostorm.com\/pt-br\/jogo\/dicionario-de-dinossauro\/dinossauro-carnotaurus\/"]}]},{"@type":"ImageObject","inLanguage":"pt-br","@id":"https:\/\/dinostorm.com\/pt-br\/jogo\/dicionario-de-dinossauro\/dinossauro-carnotaurus\/#primaryimage","url":"https:\/\/dinostorm.com\/wp-content\/uploads\/2012\/09\/ds_jungle_01.jpg","contentUrl":"https:\/\/dinostorm.com\/wp-content\/uploads\/2012\/09\/ds_jungle_01.jpg","width":1280,"height":720,"caption":"Beware of dangerous bandits in Mokon Woods are everywhere."},{"@type":"BreadcrumbList","@id":"https:\/\/dinostorm.com\/pt-br\/jogo\/dicionario-de-dinossauro\/dinossauro-carnotaurus\/#breadcrumb","itemListElement":[{"@type":"ListItem","position":1,"name":"Home","item":"https:\/\/dinostorm.com\/pt-br\/"},{"@type":"ListItem","position":2,"name":"Jogo","item":"https:\/\/dinostorm.com\/pt-br\/jogo\/"},{"@type":"ListItem","position":3,"name":"Dicion\u00e1rio de dinossauro","item":"https:\/\/dinostorm.com\/pt-br\/jogo\/dicionario-de-dinossauro\/"},{"@type":"ListItem","position":4,"name":"Dinossauro &#8211; Carnotaurus"}]},{"@type":"WebSite","@id":"https:\/\/dinostorm.com\/pt-br\/#website","url":"https:\/\/dinostorm.com\/pt-br\/","name":"Dino Storm","description":"","potentialAction":[{"@type":"SearchAction","target":{"@type":"EntryPoint","urlTemplate":"https:\/\/dinostorm.com\/pt-br\/?s={search_term_string}"},"query-input":{"@type":"PropertyValueSpecification","valueRequired":true,"valueName":"search_term_string"}}],"inLanguage":"pt-br"}]}},"_links":{"self":[{"href":"https:\/\/dinostorm.com\/pt-br\/wp-json\/wp\/v2\/pages\/4719","targetHints":{"allow":["GET"]}}],"collection":[{"href":"https:\/\/dinostorm.com\/pt-br\/wp-json\/wp\/v2\/pages"}],"about":[{"href":"https:\/\/dinostorm.com\/pt-br\/wp-json\/wp\/v2\/types\/page"}],"author":[{"embeddable":true,"href":"https:\/\/dinostorm.com\/pt-br\/wp-json\/wp\/v2\/users\/26"}],"replies":[{"embeddable":true,"href":"https:\/\/dinostorm.com\/pt-br\/wp-json\/wp\/v2\/comments?post=4719"}],"version-history":[{"count":3,"href":"https:\/\/dinostorm.com\/pt-br\/wp-json\/wp\/v2\/pages\/4719\/revisions"}],"predecessor-version":[{"id":237837,"href":"https:\/\/dinostorm.com\/pt-br\/wp-json\/wp\/v2\/pages\/4719\/revisions\/237837"}],"up":[{"embeddable":true,"href":"https:\/\/dinostorm.com\/pt-br\/wp-json\/wp\/v2\/pages\/4223"}],"wp:featuredmedia":[{"embeddable":true,"href":"https:\/\/dinostorm.com\/pt-br\/wp-json\/wp\/v2\/media\/15052"}],"wp:attachment":[{"href":"https:\/\/dinostorm.com\/pt-br\/wp-json\/wp\/v2\/media?parent=4719"}],"curies":[{"name":"wp","href":"https:\/\/api.w.org\/{rel}","templated":true}]}}