{"id":4718,"date":"2012-10-18T09:09:45","date_gmt":"2012-10-18T07:09:45","guid":{"rendered":"http:\/\/dinostorm.com\/?page_id=4718"},"modified":"2021-07-08T14:00:51","modified_gmt":"2021-07-08T12:00:51","slug":"dinossauro-brachiosaurus","status":"publish","type":"page","link":"https:\/\/dinostorm.com\/pt-br\/jogo\/dicionario-de-dinossauro\/dinossauro-brachiosaurus\/","title":{"rendered":"Dinossauro &#8211; Brachiosaurus"},"content":{"rendered":"<div class=\"teaser\"><\/div>\n<h1 class=\"headline_page width_500\"><span>Dinossauro \u2014 Brachiosaurus<\/span><\/h1>\n<p class=\"back-button back-pos500\"><a class=\"back-block\" href=\"\/pt-br\/jogo\/dicionario-de-dinossauro\/\">Voltar<\/a><\/p>\n<div class=\"two_thirds\">\n<h2 class=\"headline-lex\"><span>Dino Storm Brachiosaurus<\/span><\/h2>\n<div class=\"banner_lex\">\n<p class=\"banner_text_lex text_lex\"><strong>Brachiosaurus<\/strong> \u00e9 um dinossauro altamente robusto que se classifica como tanque. Sua constru\u00e7\u00e3o robusta ajuda a sobreviver mesmo na batalha mais longa, e pode lutar tamb\u00e9m em combate pr\u00f3ximo. Sua velocidade de marcha \u00e9 bastante baixa.<\/p>\n<div style=\"margin-right: 29px; float: left; width: 10px; text-align: left; position: relative; top: 40px; left: 30px\">\n<strong class=\"text_lex\" style=\"position: relative; top: 12px\">Vitalidade:<\/strong><br \/>\n<strong class=\"text_lex\" style=\"position: relative; top: 30px\">For\u00e7a:<\/strong><br \/>\n<strong class=\"text_lex\" style=\"position: relative; top: 50px\">Resist\u00eancia:<\/strong>\n<\/div>\n<div style=\"margin-right: 20px; float: left; width: 118px; text-align: left; position: relative; top: 70px; left: 10px\">\n<img decoding=\"async\" class=\"skill_image_lex colorbox-4718\" title=\"Vitalidade b\u00e1sica: 5\" src=\"\/wp-content\/themes\/arras\/images\/dinostorm\/Dinos\/bar_health_5.png\" alt=\"Base n\u00edvel de vitalidade de um Brachiosaurus em Dino Storm \u00e9 5.\" \/><br \/>\n<img decoding=\"async\" class=\"skill_image_lex colorbox-4718\" title=\"For\u00e7a b\u00e1sica: 2\" src=\"\/wp-content\/themes\/arras\/images\/dinostorm\/Dinos\/bar_strength_2.png\" alt=\"Base n\u00edvel de for\u00e7a de um Brachiosaurus em Dino Storm \u00e9 2.\" \/><br \/>\n<img decoding=\"async\" class=\"skill_image_lex colorbox-4718\" title=\"Resist\u00eancia b\u00e1sica: 1\" src=\"\/wp-content\/themes\/arras\/images\/dinostorm\/Dinos\/bar_endurance_1.png\" alt=\"Base n\u00edvel de resist\u00eancia de um Brachiosaurus em Dino Storm \u00e9 1.\" \/><\/p>\n<\/div>\n<div class=\"icc_scale\">\n<img class=\"colorbox-4718\"  decoding=\"async\" src=\"\/wp-content\/themes\/arras\/images\/dinostorm\/Dinos\/icc_scale_npp.png\" alt=\"\" title=\"\"\/><br \/>\n<a href=\"\/pt-br\/jogo\/dicionario-de-dinossauro\/ankylosaurus\/\"><img decoding=\"async\" class=\"icc_dino colorbox-4718\" src=\"\/wp-content\/themes\/arras\/images\/dinostorm\/Dinos\/ankylosaurus_icon.png\" alt=\"\" title=\"\"\/><\/a><\/p>\n<div class=\"icc_text\">Alternativa para tanques:<br \/>\n<strong>Ankylosaurus<\/strong>\n<\/div>\n<\/div>\n<\/div>\n<div class=\"one_third\">\n<img decoding=\"async\" class=\"dino_lex_2 colorbox-4718\" src=\"\/wp-content\/themes\/arras\/images\/dinostorm\/Dinos\/Brachiosaurus.png\" alt=\"Dino Storm Brachiosaurus\" \/>\n<\/div>\n<\/div>\n<div class=\"clear\"><\/div>\n<div class=\"one_third\">\n<h3 class=\"headlinelex2_1\">Brachiosaurus \u2014 Habilidades do dinossauro<\/h3>\n<div class=\"banner_lex2\">\n<span class=\"icon_skill_top float-left\"><br \/>\n<img class=\"colorbox-4718\"  decoding=\"async\" src=\"\/wp-content\/themes\/arras\/images\/dinostorm\/Dinos\/Brachiosaurus_skill_01.png\" \nonmouseover=\"for (let el of document.querySelectorAll('.brachi_idle')) el.style.visibility = 'hidden'; for (let el of document.querySelectorAll('.brachi_skill1')) el.style.visibility = 'visible';\"\nonmouseout=\"for (let el of document.querySelectorAll('.brachi_idle')) el.style.visibility = 'visible'; for (let el of document.querySelectorAll('.brachi_skill1')) el.style.visibility = 'hidden';\"\"\nalt=\"Brachiosaurus Habilidade Especial \u2014 Ataque de peito\" title=\"Habilidade Especial: Ataque de peito\"\/><\/span><\/p>\n<div class=\"skill-wrapper\"><span class=\"icon_skill_title\">Ataque de peito<\/span><\/p>\n<p class=\"icon_skill_text\">\n<\/div>\n<p><span class=\"clear\"><!-- --><\/span><span class=\"icon_skill_top float-left\"><br \/>\n<img class=\"colorbox-4718\"  decoding=\"async\" src=\"\/wp-content\/themes\/arras\/images\/dinostorm\/Dinos\/Brachiosaurus_skill_02.png\" \nonmouseover=\"for (let el of document.querySelectorAll('.brachi_idle')) el.style.visibility = 'hidden'; for (let el of document.querySelectorAll('.brachi_skill2')) el.style.visibility = 'visible';\"\nonmouseout=\"for (let el of document.querySelectorAll('.brachi_idle')) el.style.visibility = 'visible'; for (let el of document.querySelectorAll('.brachi_skill2')) el.style.visibility = 'hidden';\"\"\nalt=\"Brachiosaurus Habilidade Especial \u2014 Ground Stomp\" title=\"Habilidade Especial: Ground Stomp\"\/><\/span><\/p>\n<div class=\"skill-wrapper-bottom\"><span class=\"icon_skill_title\">Ground Stomp<\/span><\/p>\n<p class=\"icon_skill_text\">\n<\/div>\n<p><span class=\"clear\"><!-- --><\/span><\/p>\n<\/div>\n<\/div>\n<div class=\"one_third\">\n<h3 class=\"headlinelex2_2\">Brachiosaurus \u2014 Fatos sobre dinossauros<\/h3>\n<div class=\"fact_lex\">\n<p>Brachiosaurus viveu na Am&#x00e9;rica do Norte durante o final da era Jur&#x00e1;ssica. Este dinossauro, juntamente com muitos outros saur&#x00f3;podes, &#x00e9; conhecido por ser um dos maiores animais que j&#x00e1; caminharam sobre a terra.<\/p>\n<p>Caracter&#x00ed;stica de Brachiosaurus &#x00e9;, evidentemente, seu longo pesco&#x00e7;o, que responde por mais da metade seu comprimento. Um fato surpreendente &#x00e9; que as v&#x00e9;rtebras cervicais deste dinossauro n&#x00e3;o eram maiores do que a de outros saur&#x00f3;podes, por&#x00e9;m tr&#x00ea;s vezes mais compridas. Em compara&#x00e7;&#x00e3;o com seu longo pesco&#x00e7;o, a cabe&#x00e7;a do Brachiosaurus era min&#x00fa;scula.<\/p>\n<\/div>\n<\/div>\n<div class=\"dino_animations\">\n<img decoding=\"async\" class=\"brachi_idle colorbox-4718\" src=\"\/wp-content\/themes\/arras\/images\/dinostorm\/Dinos\/brachiosaurus_idle.gif\"\/><br \/>\n<img decoding=\"async\" class=\"brachi_skill1 colorbox-4718\" src=\"\/wp-content\/themes\/arras\/images\/dinostorm\/Dinos\/brachiosaurus_skill_01.gif\"\/><br \/>\n<img decoding=\"async\" class=\"brachi_skill2 colorbox-4718\" src=\"\/wp-content\/themes\/arras\/images\/dinostorm\/Dinos\/brachiosaurus_skill_02.gif\"\/>\n<\/div>\n<div class=\"full\"><img decoding=\"async\" class=\"hr3 margin35 colorbox-4718\" src=\"\/wp-content\/themes\/arras\/images\/dinostorm\/seperator_big.png\" alt=\"separator dino storm\" \/><\/div>\n","protected":false},"excerpt":{"rendered":"<p>Dinossauro \u2014 Brachiosaurus Voltar Dino Storm Brachiosaurus Brachiosaurus \u00e9 um dinossauro altamente robusto que se classifica como tanque. Sua constru\u00e7\u00e3o robusta ajuda a sobreviver mesmo na batalha mais longa, e pode lutar tamb\u00e9m em combate [&hellip;]<\/p>\n","protected":false},"author":26,"featured_media":15052,"parent":4223,"menu_order":0,"comment_status":"closed","ping_status":"closed","template":"pagetpl-onecolumn.php","meta":{"footnotes":"","_links_to":"","_links_to_target":""},"class_list":["post-4718","page","type-page","status-publish","has-post-thumbnail","hentry"],"yoast_head":"<!-- This site is optimized with the Yoast SEO plugin v27.4 - https:\/\/yoast.com\/product\/yoast-seo-wordpress\/ -->\n<title>Dinossauro - Brachiosaurus - Dino Storm<\/title>\n<meta name=\"description\" content=\"Brachiosaurus tem uma pele grossa e uma constru\u00e7\u00e3o maci\u00e7a. \u00c9 altamente robusto, mas um pouco lento. Tudo que voc\u00ea precisa saber sobre Brachiosaurus: fatos ...\" \/>\n<meta name=\"robots\" content=\"index, follow, max-snippet:-1, max-image-preview:large, max-video-preview:-1\" \/>\n<link rel=\"canonical\" href=\"https:\/\/dinostorm.com\/pt-br\/jogo\/dicionario-de-dinossauro\/dinossauro-brachiosaurus\/\" \/>\n<meta property=\"og:locale\" content=\"pt_PT\" \/>\n<meta property=\"og:type\" content=\"article\" \/>\n<meta property=\"og:title\" content=\"Dinossauro - Brachiosaurus - Dino Storm\" \/>\n<meta property=\"og:description\" content=\"Brachiosaurus tem uma pele grossa e uma constru\u00e7\u00e3o maci\u00e7a. \u00c9 altamente robusto, mas um pouco lento. Tudo que voc\u00ea precisa saber sobre Brachiosaurus: fatos ...\" \/>\n<meta property=\"og:url\" content=\"https:\/\/dinostorm.com\/pt-br\/jogo\/dicionario-de-dinossauro\/dinossauro-brachiosaurus\/\" \/>\n<meta property=\"og:site_name\" content=\"Dino Storm\" \/>\n<meta property=\"article:modified_time\" content=\"2021-07-08T12:00:51+00:00\" \/>\n<meta property=\"og:image\" content=\"https:\/\/dinostorm.com\/wp-content\/uploads\/2012\/09\/ds_jungle_01.jpg\" \/>\n\t<meta property=\"og:image:width\" content=\"1280\" \/>\n\t<meta property=\"og:image:height\" content=\"720\" \/>\n\t<meta property=\"og:image:type\" content=\"image\/jpeg\" \/>\n<script type=\"application\/ld+json\" class=\"yoast-schema-graph\">{\"@context\":\"https:\\\/\\\/schema.org\",\"@graph\":[{\"@type\":\"WebPage\",\"@id\":\"https:\\\/\\\/dinostorm.com\\\/pt-br\\\/jogo\\\/dicionario-de-dinossauro\\\/dinossauro-brachiosaurus\\\/\",\"url\":\"https:\\\/\\\/dinostorm.com\\\/pt-br\\\/jogo\\\/dicionario-de-dinossauro\\\/dinossauro-brachiosaurus\\\/\",\"name\":\"Dinossauro - Brachiosaurus - Dino Storm\",\"isPartOf\":{\"@id\":\"https:\\\/\\\/dinostorm.com\\\/pt-br\\\/#website\"},\"primaryImageOfPage\":{\"@id\":\"https:\\\/\\\/dinostorm.com\\\/pt-br\\\/jogo\\\/dicionario-de-dinossauro\\\/dinossauro-brachiosaurus\\\/#primaryimage\"},\"image\":{\"@id\":\"https:\\\/\\\/dinostorm.com\\\/pt-br\\\/jogo\\\/dicionario-de-dinossauro\\\/dinossauro-brachiosaurus\\\/#primaryimage\"},\"thumbnailUrl\":\"https:\\\/\\\/dinostorm.com\\\/wp-content\\\/uploads\\\/2012\\\/09\\\/ds_jungle_01.jpg\",\"datePublished\":\"2012-10-18T07:09:45+00:00\",\"dateModified\":\"2021-07-08T12:00:51+00:00\",\"description\":\"Brachiosaurus tem uma pele grossa e uma constru\u00e7\u00e3o maci\u00e7a. \u00c9 altamente robusto, mas um pouco lento. Tudo que voc\u00ea precisa saber sobre Brachiosaurus: fatos ...\",\"breadcrumb\":{\"@id\":\"https:\\\/\\\/dinostorm.com\\\/pt-br\\\/jogo\\\/dicionario-de-dinossauro\\\/dinossauro-brachiosaurus\\\/#breadcrumb\"},\"inLanguage\":\"pt-br\",\"potentialAction\":[{\"@type\":\"ReadAction\",\"target\":[\"https:\\\/\\\/dinostorm.com\\\/pt-br\\\/jogo\\\/dicionario-de-dinossauro\\\/dinossauro-brachiosaurus\\\/\"]}]},{\"@type\":\"ImageObject\",\"inLanguage\":\"pt-br\",\"@id\":\"https:\\\/\\\/dinostorm.com\\\/pt-br\\\/jogo\\\/dicionario-de-dinossauro\\\/dinossauro-brachiosaurus\\\/#primaryimage\",\"url\":\"https:\\\/\\\/dinostorm.com\\\/wp-content\\\/uploads\\\/2012\\\/09\\\/ds_jungle_01.jpg\",\"contentUrl\":\"https:\\\/\\\/dinostorm.com\\\/wp-content\\\/uploads\\\/2012\\\/09\\\/ds_jungle_01.jpg\",\"width\":1280,\"height\":720,\"caption\":\"Beware of dangerous bandits in Mokon Woods are everywhere.\"},{\"@type\":\"BreadcrumbList\",\"@id\":\"https:\\\/\\\/dinostorm.com\\\/pt-br\\\/jogo\\\/dicionario-de-dinossauro\\\/dinossauro-brachiosaurus\\\/#breadcrumb\",\"itemListElement\":[{\"@type\":\"ListItem\",\"position\":1,\"name\":\"Home\",\"item\":\"https:\\\/\\\/dinostorm.com\\\/pt-br\\\/\"},{\"@type\":\"ListItem\",\"position\":2,\"name\":\"Jogo\",\"item\":\"https:\\\/\\\/dinostorm.com\\\/pt-br\\\/jogo\\\/\"},{\"@type\":\"ListItem\",\"position\":3,\"name\":\"Dicion\u00e1rio de dinossauro\",\"item\":\"https:\\\/\\\/dinostorm.com\\\/pt-br\\\/jogo\\\/dicionario-de-dinossauro\\\/\"},{\"@type\":\"ListItem\",\"position\":4,\"name\":\"Dinossauro &#8211; Brachiosaurus\"}]},{\"@type\":\"WebSite\",\"@id\":\"https:\\\/\\\/dinostorm.com\\\/pt-br\\\/#website\",\"url\":\"https:\\\/\\\/dinostorm.com\\\/pt-br\\\/\",\"name\":\"Dino Storm\",\"description\":\"\",\"potentialAction\":[{\"@type\":\"SearchAction\",\"target\":{\"@type\":\"EntryPoint\",\"urlTemplate\":\"https:\\\/\\\/dinostorm.com\\\/pt-br\\\/?s={search_term_string}\"},\"query-input\":{\"@type\":\"PropertyValueSpecification\",\"valueRequired\":true,\"valueName\":\"search_term_string\"}}],\"inLanguage\":\"pt-br\"}]}<\/script>\n<!-- \/ Yoast SEO plugin. -->","yoast_head_json":{"title":"Dinossauro - Brachiosaurus - Dino Storm","description":"Brachiosaurus tem uma pele grossa e uma constru\u00e7\u00e3o maci\u00e7a. \u00c9 altamente robusto, mas um pouco lento. Tudo que voc\u00ea precisa saber sobre Brachiosaurus: fatos ...","robots":{"index":"index","follow":"follow","max-snippet":"max-snippet:-1","max-image-preview":"max-image-preview:large","max-video-preview":"max-video-preview:-1"},"canonical":"https:\/\/dinostorm.com\/pt-br\/jogo\/dicionario-de-dinossauro\/dinossauro-brachiosaurus\/","og_locale":"pt_PT","og_type":"article","og_title":"Dinossauro - Brachiosaurus - Dino Storm","og_description":"Brachiosaurus tem uma pele grossa e uma constru\u00e7\u00e3o maci\u00e7a. \u00c9 altamente robusto, mas um pouco lento. Tudo que voc\u00ea precisa saber sobre Brachiosaurus: fatos ...","og_url":"https:\/\/dinostorm.com\/pt-br\/jogo\/dicionario-de-dinossauro\/dinossauro-brachiosaurus\/","og_site_name":"Dino Storm","article_modified_time":"2021-07-08T12:00:51+00:00","og_image":[{"width":1280,"height":720,"url":"https:\/\/dinostorm.com\/wp-content\/uploads\/2012\/09\/ds_jungle_01.jpg","type":"image\/jpeg"}],"schema":{"@context":"https:\/\/schema.org","@graph":[{"@type":"WebPage","@id":"https:\/\/dinostorm.com\/pt-br\/jogo\/dicionario-de-dinossauro\/dinossauro-brachiosaurus\/","url":"https:\/\/dinostorm.com\/pt-br\/jogo\/dicionario-de-dinossauro\/dinossauro-brachiosaurus\/","name":"Dinossauro - Brachiosaurus - Dino Storm","isPartOf":{"@id":"https:\/\/dinostorm.com\/pt-br\/#website"},"primaryImageOfPage":{"@id":"https:\/\/dinostorm.com\/pt-br\/jogo\/dicionario-de-dinossauro\/dinossauro-brachiosaurus\/#primaryimage"},"image":{"@id":"https:\/\/dinostorm.com\/pt-br\/jogo\/dicionario-de-dinossauro\/dinossauro-brachiosaurus\/#primaryimage"},"thumbnailUrl":"https:\/\/dinostorm.com\/wp-content\/uploads\/2012\/09\/ds_jungle_01.jpg","datePublished":"2012-10-18T07:09:45+00:00","dateModified":"2021-07-08T12:00:51+00:00","description":"Brachiosaurus tem uma pele grossa e uma constru\u00e7\u00e3o maci\u00e7a. \u00c9 altamente robusto, mas um pouco lento. Tudo que voc\u00ea precisa saber sobre Brachiosaurus: fatos ...","breadcrumb":{"@id":"https:\/\/dinostorm.com\/pt-br\/jogo\/dicionario-de-dinossauro\/dinossauro-brachiosaurus\/#breadcrumb"},"inLanguage":"pt-br","potentialAction":[{"@type":"ReadAction","target":["https:\/\/dinostorm.com\/pt-br\/jogo\/dicionario-de-dinossauro\/dinossauro-brachiosaurus\/"]}]},{"@type":"ImageObject","inLanguage":"pt-br","@id":"https:\/\/dinostorm.com\/pt-br\/jogo\/dicionario-de-dinossauro\/dinossauro-brachiosaurus\/#primaryimage","url":"https:\/\/dinostorm.com\/wp-content\/uploads\/2012\/09\/ds_jungle_01.jpg","contentUrl":"https:\/\/dinostorm.com\/wp-content\/uploads\/2012\/09\/ds_jungle_01.jpg","width":1280,"height":720,"caption":"Beware of dangerous bandits in Mokon Woods are everywhere."},{"@type":"BreadcrumbList","@id":"https:\/\/dinostorm.com\/pt-br\/jogo\/dicionario-de-dinossauro\/dinossauro-brachiosaurus\/#breadcrumb","itemListElement":[{"@type":"ListItem","position":1,"name":"Home","item":"https:\/\/dinostorm.com\/pt-br\/"},{"@type":"ListItem","position":2,"name":"Jogo","item":"https:\/\/dinostorm.com\/pt-br\/jogo\/"},{"@type":"ListItem","position":3,"name":"Dicion\u00e1rio de dinossauro","item":"https:\/\/dinostorm.com\/pt-br\/jogo\/dicionario-de-dinossauro\/"},{"@type":"ListItem","position":4,"name":"Dinossauro &#8211; Brachiosaurus"}]},{"@type":"WebSite","@id":"https:\/\/dinostorm.com\/pt-br\/#website","url":"https:\/\/dinostorm.com\/pt-br\/","name":"Dino Storm","description":"","potentialAction":[{"@type":"SearchAction","target":{"@type":"EntryPoint","urlTemplate":"https:\/\/dinostorm.com\/pt-br\/?s={search_term_string}"},"query-input":{"@type":"PropertyValueSpecification","valueRequired":true,"valueName":"search_term_string"}}],"inLanguage":"pt-br"}]}},"_links":{"self":[{"href":"https:\/\/dinostorm.com\/pt-br\/wp-json\/wp\/v2\/pages\/4718","targetHints":{"allow":["GET"]}}],"collection":[{"href":"https:\/\/dinostorm.com\/pt-br\/wp-json\/wp\/v2\/pages"}],"about":[{"href":"https:\/\/dinostorm.com\/pt-br\/wp-json\/wp\/v2\/types\/page"}],"author":[{"embeddable":true,"href":"https:\/\/dinostorm.com\/pt-br\/wp-json\/wp\/v2\/users\/26"}],"replies":[{"embeddable":true,"href":"https:\/\/dinostorm.com\/pt-br\/wp-json\/wp\/v2\/comments?post=4718"}],"version-history":[{"count":5,"href":"https:\/\/dinostorm.com\/pt-br\/wp-json\/wp\/v2\/pages\/4718\/revisions"}],"predecessor-version":[{"id":237970,"href":"https:\/\/dinostorm.com\/pt-br\/wp-json\/wp\/v2\/pages\/4718\/revisions\/237970"}],"up":[{"embeddable":true,"href":"https:\/\/dinostorm.com\/pt-br\/wp-json\/wp\/v2\/pages\/4223"}],"wp:featuredmedia":[{"embeddable":true,"href":"https:\/\/dinostorm.com\/pt-br\/wp-json\/wp\/v2\/media\/15052"}],"wp:attachment":[{"href":"https:\/\/dinostorm.com\/pt-br\/wp-json\/wp\/v2\/media?parent=4718"}],"curies":[{"name":"wp","href":"https:\/\/api.w.org\/{rel}","templated":true}]}}