{"id":4223,"date":"2012-09-10T16:23:12","date_gmt":"2012-09-10T14:23:12","guid":{"rendered":"http:\/\/dinostorm.com\/?page_id=4223"},"modified":"2021-07-08T13:48:34","modified_gmt":"2021-07-08T11:48:34","slug":"dicionario-de-dinossauro","status":"publish","type":"page","link":"https:\/\/dinostorm.com\/pt-br\/jogo\/dicionario-de-dinossauro\/","title":{"rendered":"Dicion\u00e1rio de dinossauro"},"content":{"rendered":"<div class=\"teaser\"><\/div>\n<h1 class=\"headline_page width_350\"><span>Dicion\u00e1rio de dinossauro<\/span><\/h1>\n<p class=\"back-button back-pos350\"><a class=\"back-block\" href=\"\/pt-br\/jogo#overview\">voltar<\/a><\/p>\n<div class=\"full\">\n<img decoding=\"async\" class=\"wrapper_image_impl colorbox-4223\" src=\"\/wp-content\/themes\/arras\/images\/dinostorm\/dinosaur-cowboy.png\" alt=\"dinossauro de Dino Storm\"\/><\/p>\n<div class=\"wrapper_impl\">\n<p class=\"text-impl\">Ra\u00e7a puros carn\u00edvoros e herb\u00edvoros! Cada dinossauro foi elevado a melhor sa\u00fade e foi domado o suficiente para poder ser manipulado.<\/p>\n<\/div>\n<\/div>\n<div class=\"full\">\n<div class=\"wrapper_dinolex\">\n<center><\/p>\n<h2>Coelophysis<\/h2>\n<div class=\"dino_lex\">\n<a class=\"dino_lex_uber\" href=\"\/pt-br\/jogo\/dicionario-de-dinossauro\/dinossauro-coelophysis\"><img class=\"colorbox-4223\"  decoding=\"async\" width=\"248\" src=\"\/wp-content\/themes\/arras\/images\/dinostorm\/Dinos\/Coelophysis.png\"  onmouseover=\"this.width=268\" onmouseout=\"this.width=248\"><\/a>\n<\/div>\n<p><\/center>\n<\/div>\n<div class=\"wrapper_dinolex\">\n<center><\/p>\n<h2>Pachycephalosaurus<\/h2>\n<div class=\"dino_lex\">\n<a class=\"dino_lex_uber\" href=\"\/pt-br\/jogo\/dicionario-de-dinossauro\/dinossauro-pachycephalosaurus\"><img class=\"colorbox-4223\"  decoding=\"async\" width=\"248\" src=\"\/wp-content\/themes\/arras\/images\/dinostorm\/Dinos\/Pachycephalosaurus.png\"  onmouseover=\"this.width=268\" onmouseout=\"this.width=248\"><\/a>\n<\/div>\n<p><\/center>\n<\/div>\n<div class=\"wrapper_dinolex\">\n<center><\/p>\n<h2>Parasaurolophus<\/h2>\n<div class=\"dino_lex\">\n<a class=\"dino_lex_uber\" href=\"\/pt-br\/jogo\/dicionario-de-dinossauro\/dinossauro-parasaurolophus\"><img class=\"colorbox-4223\"  decoding=\"async\" width=\"248\" src=\"\/wp-content\/themes\/arras\/images\/dinostorm\/Dinos\/Parasaurolophus.png\"  onmouseover=\"this.width=268\" onmouseout=\"this.width=248\"><\/a>\n<\/div>\n<p><\/center>\n<\/div>\n<div class=\"wrapper_dinolex\">\n<center><\/p>\n<h2>Centrosaurus<\/h2>\n<div class=\"dino_lex\">\n<a class=\"dino_lex_uber\" href=\"\/pt-br\/jogo\/dicionario-de-dinossauro\/dinossauro-centrosaurus\"><img class=\"colorbox-4223\"  decoding=\"async\" width=\"248\" src=\"\/wp-content\/themes\/arras\/images\/dinostorm\/Dinos\/Centrosaurus.png\"  onmouseover=\"this.width=268\" onmouseout=\"this.width=248\"><\/a>\n<\/div>\n<p><\/center>\n<\/div>\n<div class=\"wrapper_dinolex\">\n<center><\/p>\n<h2>Brachiosaurus<\/h2>\n<p><a class=\"dino_lex_uber\" href=\"\/pt-br\/jogo\/dicionario-de-dinossauro\/dinossauro-brachiosaurus\"><img class=\"colorbox-4223\"  decoding=\"async\" width=\"248\" src=\"\/wp-content\/themes\/arras\/images\/dinostorm\/Dinos\/Brachiosaurus.png\"  onmouseover=\"this.width=268\" onmouseout=\"this.width=248\"><\/a><br \/>\n<\/center>\n<\/div>\n<div class=\"wrapper_dinolex\">\n<center><\/p>\n<h2>Ankylosaurus<\/h2>\n<p><a class=\"dino_lex_uber\" href=\"\/pt-br\/jogo\/dicionario-de-dinossauro\/ankylosaurus\"><img class=\"colorbox-4223\"  decoding=\"async\" width=\"248\" src=\"\/wp-content\/themes\/arras\/images\/dinostorm\/Dinos\/Ankylosaurus.png\"  onmouseover=\"this.width=268\" onmouseout=\"this.width=248\"><\/a><br \/>\n<\/center>\n<\/div>\n<div class=\"wrapper_dinolex\">\n<center><\/p>\n<h2>Carnotaurus<\/h2>\n<p><a class=\"dino_lex_uber\" href=\"\/pt-br\/jogo\/dicionario-de-dinossauro\/dinossauro-carnotaurus\"><img class=\"colorbox-4223\"  decoding=\"async\" width=\"248\" src=\"\/wp-content\/themes\/arras\/images\/dinostorm\/Dinos\/Carnotaurus.png\"  onmouseover=\"this.width=268\" onmouseout=\"this.width=248\"><\/a><br \/>\n<\/center>\n<\/div>\n<div class=\"wrapper_dinolex\">\n<center><\/p>\n<h2>Tiranossauro<\/h2>\n<p><a class=\"dino_lex_uber\" href=\"\/pt-br\/jogo\/dicionario-de-dinossauro\/dinossauro-tiranossauro\"><img class=\"colorbox-4223\"  decoding=\"async\" width=\"248\" src=\"\/wp-content\/themes\/arras\/images\/dinostorm\/Dinos\/Tyrannosaurus Rex.png\"  onmouseover=\"this.width=268\" onmouseout=\"this.width=248\"><\/a><br \/>\n<\/center>\n<\/div>\n<\/div>\n<div class=full>\n<img decoding=\"async\" class=\"hr3 colorbox-4223\" src=\"\/wp-content\/themes\/arras\/images\/dinostorm\/seperator_big.png\" alt=\"separator dino storm\" \/>\n<\/div>\n","protected":false},"excerpt":{"rendered":"<p>Dicion\u00e1rio de dinossauro voltar Ra\u00e7a puros carn\u00edvoros e herb\u00edvoros! Cada dinossauro foi elevado a melhor sa\u00fade e foi domado o suficiente para poder ser manipulado. Coelophysis Pachycephalosaurus Parasaurolophus Centrosaurus Brachiosaurus Ankylosaurus Carnotaurus Tiranossauro<\/p>\n","protected":false},"author":26,"featured_media":15052,"parent":4188,"menu_order":0,"comment_status":"closed","ping_status":"closed","template":"pagetpl-onecolumn.php","meta":{"footnotes":"","_links_to":"","_links_to_target":""},"class_list":["post-4223","page","type-page","status-publish","has-post-thumbnail","hentry"],"yoast_head":"<!-- This site is optimized with the Yoast SEO plugin v27.4 - https:\/\/yoast.com\/product\/yoast-seo-wordpress\/ -->\n<title>Dicion\u00e1rio de dinossauro - Dino Storm<\/title>\n<meta name=\"description\" content=\"Voc\u00ea est\u00e1 familiarizado com os dinossauros de Dino Storm? D\u00ea uma olhada no nosso manual de dinossauro. Fatos, compet\u00eancias, habilidades e muito mais...\" \/>\n<meta name=\"robots\" content=\"index, follow, max-snippet:-1, max-image-preview:large, max-video-preview:-1\" \/>\n<link rel=\"canonical\" href=\"https:\/\/dinostorm.com\/pt-br\/jogo\/dicionario-de-dinossauro\/\" \/>\n<meta property=\"og:locale\" content=\"pt_PT\" \/>\n<meta property=\"og:type\" content=\"article\" \/>\n<meta property=\"og:title\" content=\"Dicion\u00e1rio de dinossauro - Dino Storm\" \/>\n<meta property=\"og:description\" content=\"Voc\u00ea est\u00e1 familiarizado com os dinossauros de Dino Storm? D\u00ea uma olhada no nosso manual de dinossauro. Fatos, compet\u00eancias, habilidades e muito mais...\" \/>\n<meta property=\"og:url\" content=\"https:\/\/dinostorm.com\/pt-br\/jogo\/dicionario-de-dinossauro\/\" \/>\n<meta property=\"og:site_name\" content=\"Dino Storm\" \/>\n<meta property=\"article:modified_time\" content=\"2021-07-08T11:48:34+00:00\" \/>\n<meta property=\"og:image\" content=\"https:\/\/dinostorm.com\/wp-content\/uploads\/2012\/09\/ds_jungle_01.jpg\" \/>\n\t<meta property=\"og:image:width\" content=\"1280\" \/>\n\t<meta property=\"og:image:height\" content=\"720\" \/>\n\t<meta property=\"og:image:type\" content=\"image\/jpeg\" \/>\n<script type=\"application\/ld+json\" class=\"yoast-schema-graph\">{\"@context\":\"https:\\\/\\\/schema.org\",\"@graph\":[{\"@type\":\"WebPage\",\"@id\":\"https:\\\/\\\/dinostorm.com\\\/pt-br\\\/jogo\\\/dicionario-de-dinossauro\\\/\",\"url\":\"https:\\\/\\\/dinostorm.com\\\/pt-br\\\/jogo\\\/dicionario-de-dinossauro\\\/\",\"name\":\"Dicion\u00e1rio de dinossauro - Dino Storm\",\"isPartOf\":{\"@id\":\"https:\\\/\\\/dinostorm.com\\\/pt-br\\\/#website\"},\"primaryImageOfPage\":{\"@id\":\"https:\\\/\\\/dinostorm.com\\\/pt-br\\\/jogo\\\/dicionario-de-dinossauro\\\/#primaryimage\"},\"image\":{\"@id\":\"https:\\\/\\\/dinostorm.com\\\/pt-br\\\/jogo\\\/dicionario-de-dinossauro\\\/#primaryimage\"},\"thumbnailUrl\":\"https:\\\/\\\/dinostorm.com\\\/wp-content\\\/uploads\\\/2012\\\/09\\\/ds_jungle_01.jpg\",\"datePublished\":\"2012-09-10T14:23:12+00:00\",\"dateModified\":\"2021-07-08T11:48:34+00:00\",\"description\":\"Voc\u00ea est\u00e1 familiarizado com os dinossauros de Dino Storm? D\u00ea uma olhada no nosso manual de dinossauro. Fatos, compet\u00eancias, habilidades e muito mais...\",\"breadcrumb\":{\"@id\":\"https:\\\/\\\/dinostorm.com\\\/pt-br\\\/jogo\\\/dicionario-de-dinossauro\\\/#breadcrumb\"},\"inLanguage\":\"pt-br\",\"potentialAction\":[{\"@type\":\"ReadAction\",\"target\":[\"https:\\\/\\\/dinostorm.com\\\/pt-br\\\/jogo\\\/dicionario-de-dinossauro\\\/\"]}]},{\"@type\":\"ImageObject\",\"inLanguage\":\"pt-br\",\"@id\":\"https:\\\/\\\/dinostorm.com\\\/pt-br\\\/jogo\\\/dicionario-de-dinossauro\\\/#primaryimage\",\"url\":\"https:\\\/\\\/dinostorm.com\\\/wp-content\\\/uploads\\\/2012\\\/09\\\/ds_jungle_01.jpg\",\"contentUrl\":\"https:\\\/\\\/dinostorm.com\\\/wp-content\\\/uploads\\\/2012\\\/09\\\/ds_jungle_01.jpg\",\"width\":1280,\"height\":720,\"caption\":\"Beware of dangerous bandits in Mokon Woods are everywhere.\"},{\"@type\":\"BreadcrumbList\",\"@id\":\"https:\\\/\\\/dinostorm.com\\\/pt-br\\\/jogo\\\/dicionario-de-dinossauro\\\/#breadcrumb\",\"itemListElement\":[{\"@type\":\"ListItem\",\"position\":1,\"name\":\"Home\",\"item\":\"https:\\\/\\\/dinostorm.com\\\/pt-br\\\/\"},{\"@type\":\"ListItem\",\"position\":2,\"name\":\"Jogo\",\"item\":\"https:\\\/\\\/dinostorm.com\\\/pt-br\\\/jogo\\\/\"},{\"@type\":\"ListItem\",\"position\":3,\"name\":\"Dicion\u00e1rio de dinossauro\"}]},{\"@type\":\"WebSite\",\"@id\":\"https:\\\/\\\/dinostorm.com\\\/pt-br\\\/#website\",\"url\":\"https:\\\/\\\/dinostorm.com\\\/pt-br\\\/\",\"name\":\"Dino Storm\",\"description\":\"\",\"potentialAction\":[{\"@type\":\"SearchAction\",\"target\":{\"@type\":\"EntryPoint\",\"urlTemplate\":\"https:\\\/\\\/dinostorm.com\\\/pt-br\\\/?s={search_term_string}\"},\"query-input\":{\"@type\":\"PropertyValueSpecification\",\"valueRequired\":true,\"valueName\":\"search_term_string\"}}],\"inLanguage\":\"pt-br\"}]}<\/script>\n<!-- \/ Yoast SEO plugin. -->","yoast_head_json":{"title":"Dicion\u00e1rio de dinossauro - Dino Storm","description":"Voc\u00ea est\u00e1 familiarizado com os dinossauros de Dino Storm? D\u00ea uma olhada no nosso manual de dinossauro. Fatos, compet\u00eancias, habilidades e muito mais...","robots":{"index":"index","follow":"follow","max-snippet":"max-snippet:-1","max-image-preview":"max-image-preview:large","max-video-preview":"max-video-preview:-1"},"canonical":"https:\/\/dinostorm.com\/pt-br\/jogo\/dicionario-de-dinossauro\/","og_locale":"pt_PT","og_type":"article","og_title":"Dicion\u00e1rio de dinossauro - Dino Storm","og_description":"Voc\u00ea est\u00e1 familiarizado com os dinossauros de Dino Storm? D\u00ea uma olhada no nosso manual de dinossauro. Fatos, compet\u00eancias, habilidades e muito mais...","og_url":"https:\/\/dinostorm.com\/pt-br\/jogo\/dicionario-de-dinossauro\/","og_site_name":"Dino Storm","article_modified_time":"2021-07-08T11:48:34+00:00","og_image":[{"width":1280,"height":720,"url":"https:\/\/dinostorm.com\/wp-content\/uploads\/2012\/09\/ds_jungle_01.jpg","type":"image\/jpeg"}],"schema":{"@context":"https:\/\/schema.org","@graph":[{"@type":"WebPage","@id":"https:\/\/dinostorm.com\/pt-br\/jogo\/dicionario-de-dinossauro\/","url":"https:\/\/dinostorm.com\/pt-br\/jogo\/dicionario-de-dinossauro\/","name":"Dicion\u00e1rio de dinossauro - Dino Storm","isPartOf":{"@id":"https:\/\/dinostorm.com\/pt-br\/#website"},"primaryImageOfPage":{"@id":"https:\/\/dinostorm.com\/pt-br\/jogo\/dicionario-de-dinossauro\/#primaryimage"},"image":{"@id":"https:\/\/dinostorm.com\/pt-br\/jogo\/dicionario-de-dinossauro\/#primaryimage"},"thumbnailUrl":"https:\/\/dinostorm.com\/wp-content\/uploads\/2012\/09\/ds_jungle_01.jpg","datePublished":"2012-09-10T14:23:12+00:00","dateModified":"2021-07-08T11:48:34+00:00","description":"Voc\u00ea est\u00e1 familiarizado com os dinossauros de Dino Storm? D\u00ea uma olhada no nosso manual de dinossauro. Fatos, compet\u00eancias, habilidades e muito mais...","breadcrumb":{"@id":"https:\/\/dinostorm.com\/pt-br\/jogo\/dicionario-de-dinossauro\/#breadcrumb"},"inLanguage":"pt-br","potentialAction":[{"@type":"ReadAction","target":["https:\/\/dinostorm.com\/pt-br\/jogo\/dicionario-de-dinossauro\/"]}]},{"@type":"ImageObject","inLanguage":"pt-br","@id":"https:\/\/dinostorm.com\/pt-br\/jogo\/dicionario-de-dinossauro\/#primaryimage","url":"https:\/\/dinostorm.com\/wp-content\/uploads\/2012\/09\/ds_jungle_01.jpg","contentUrl":"https:\/\/dinostorm.com\/wp-content\/uploads\/2012\/09\/ds_jungle_01.jpg","width":1280,"height":720,"caption":"Beware of dangerous bandits in Mokon Woods are everywhere."},{"@type":"BreadcrumbList","@id":"https:\/\/dinostorm.com\/pt-br\/jogo\/dicionario-de-dinossauro\/#breadcrumb","itemListElement":[{"@type":"ListItem","position":1,"name":"Home","item":"https:\/\/dinostorm.com\/pt-br\/"},{"@type":"ListItem","position":2,"name":"Jogo","item":"https:\/\/dinostorm.com\/pt-br\/jogo\/"},{"@type":"ListItem","position":3,"name":"Dicion\u00e1rio de dinossauro"}]},{"@type":"WebSite","@id":"https:\/\/dinostorm.com\/pt-br\/#website","url":"https:\/\/dinostorm.com\/pt-br\/","name":"Dino Storm","description":"","potentialAction":[{"@type":"SearchAction","target":{"@type":"EntryPoint","urlTemplate":"https:\/\/dinostorm.com\/pt-br\/?s={search_term_string}"},"query-input":{"@type":"PropertyValueSpecification","valueRequired":true,"valueName":"search_term_string"}}],"inLanguage":"pt-br"}]}},"_links":{"self":[{"href":"https:\/\/dinostorm.com\/pt-br\/wp-json\/wp\/v2\/pages\/4223","targetHints":{"allow":["GET"]}}],"collection":[{"href":"https:\/\/dinostorm.com\/pt-br\/wp-json\/wp\/v2\/pages"}],"about":[{"href":"https:\/\/dinostorm.com\/pt-br\/wp-json\/wp\/v2\/types\/page"}],"author":[{"embeddable":true,"href":"https:\/\/dinostorm.com\/pt-br\/wp-json\/wp\/v2\/users\/26"}],"replies":[{"embeddable":true,"href":"https:\/\/dinostorm.com\/pt-br\/wp-json\/wp\/v2\/comments?post=4223"}],"version-history":[{"count":2,"href":"https:\/\/dinostorm.com\/pt-br\/wp-json\/wp\/v2\/pages\/4223\/revisions"}],"predecessor-version":[{"id":237954,"href":"https:\/\/dinostorm.com\/pt-br\/wp-json\/wp\/v2\/pages\/4223\/revisions\/237954"}],"up":[{"embeddable":true,"href":"https:\/\/dinostorm.com\/pt-br\/wp-json\/wp\/v2\/pages\/4188"}],"wp:featuredmedia":[{"embeddable":true,"href":"https:\/\/dinostorm.com\/pt-br\/wp-json\/wp\/v2\/media\/15052"}],"wp:attachment":[{"href":"https:\/\/dinostorm.com\/pt-br\/wp-json\/wp\/v2\/media?parent=4223"}],"curies":[{"name":"wp","href":"https:\/\/api.w.org\/{rel}","templated":true}]}}