{"id":4201,"date":"2012-10-18T09:18:35","date_gmt":"2012-10-18T07:18:35","guid":{"rendered":"http:\/\/dinostorm.com\/?page_id=4201"},"modified":"2021-07-23T14:28:42","modified_gmt":"2021-07-23T12:28:42","slug":"modulos-de-tecnologia-de-armas","status":"publish","type":"page","link":"https:\/\/dinostorm.com\/pt-br\/jogo\/modulos-de-tecnologia-de-armas\/","title":{"rendered":"M\u00f3dulos de tecnologia de armas"},"content":{"rendered":"<div class=\"teaser\"><\/div>\n<h1 class=\"headline_page width_600\"><span>M\u00f3dulos de tecnologia de armas<\/span><\/h1>\n<p class=\"back-button back-pos600\"><a class=\"back-block\" href=\"http:\/\/dinostorm.com\/pt-br\/jogo\/\">Voltar<\/a><\/p>\n<div class=\"full\">\n<img decoding=\"async\" class=\"wrapper_image_impl colorbox-4201\" src=\"\/wp-content\/themes\/arras\/images\/dinostorm\/tech-Cowboy.png\" alt=\"Dino Storm - M\u00f3dulos de tecnologia de armas\"\/><\/p>\n<div class=\"wrapper_impl\">\n<p class=\"text-impl\">Permane\u00e7a \u00e0 frente da concorr\u00eancia com nossos m\u00f3dulos de tecnologia de ponta de alto desempenho, para suas armas de laser. F\u00e1cil de montar, funciona fora da caixa.<\/p>\n<\/div>\n<div class=\"wrapper_impl2\">\n<div class=\"slot-list\">\n<div class=\"clear-after\">\n                      <span class=\"icon-frame-gloss float-left\"><br \/>\n            <img class=\"colorbox-4201\"  decoding=\"async\" src=\"\/wp-content\/themes\/arras\/images\/dinostorm\/module_damage.png\" alt=\"M\u00f3dulos de tecnologia de armas - Tecnologia de danos\"\/><br \/>\n                       <\/span><\/p>\n<div class=\"slot-wrapper\">\n\t\t\t    <span class=\"slot-item-title\">Tecnologia de danos<\/span><\/p>\n<p class=\"feature-slot-desc\">O que \u00e9 uma arma a laser quando ele n\u00e3o tem pot\u00eancia. atinja pra valer, cowboy, n\u00e3o d\u00ea chance a seus inimigos de fugir. Obtenha o m\u00f3dulo de tecnologia de danos e aumente o seu dano da <a href=\"http:\/\/dinostorm.com\/pt-br\/jogo\/manual-de-arma\/\">arma laser<\/a>.<\/p>\n<\/p><\/div>\n<p>\t<span class=\"clear\"><!-- --><\/span>\n\t         <\/div>\n<\/p><\/div>\n<\/p><\/div>\n<div class=\"wrapper_impl2\">\n<div class=\"slot-list\">\n<div class=\"clear-after\">\n                      <span class=\"icon-frame-gloss float-left\"><br \/>\n            <img class=\"colorbox-4201\"  decoding=\"async\" src=\"\/wp-content\/themes\/arras\/images\/dinostorm\/module_focus.png\" alt=\"Tecnologia de Focus\"\/><br \/>\n                       <\/span><\/p>\n<div class=\"slot-wrapper\">\n\t\t\t    <span class=\"slot-item-title\">Tecnologia de Focus<\/span><\/p>\n<p class=\"feature-slot-desc\">Foco, Cowboy, foco. Acerte todos os tiros. Irrealista? N\u00e3o com nosso incr\u00edvel m\u00f3dulo de focus Cowboys em Dino Storm. Este m\u00f3dulo aumenta a taxa de acerto de sua arma laser e dinossauro.<\/p>\n<\/p><\/div>\n<p>\t<span class=\"clear\"><!-- --><\/span>\n\t         <\/div>\n<\/p><\/div>\n<\/p><\/div>\n<div class=\"wrapper_impl2\">\n<div class=\"slot-list\">\n<div class=\"clear-after\">\n                      <span class=\"icon-frame-gloss float-left\"><br \/>\n            <img class=\"colorbox-4201\"  decoding=\"async\" src=\"\/wp-content\/themes\/arras\/images\/dinostorm\/module_frequency.png\" alt=\"Tecnologia de Rel\u00f3gio\"\/><br \/>\n                       <\/span><\/p>\n<div class=\"slot-wrapper\">\n\t\t\t    <span class=\"slot-item-title\">Tecnologia de Rel\u00f3gio<\/span><\/p>\n<p class=\"feature-slot-desc\">For\u00e7a n\u00e3o \u00e9 tudo, voc\u00ea diz? Voc\u00ea est\u00e1 absolutamente certo. Engenheiros de arma Dino Storm inventaram m\u00f3dulos de tecnologia &#8220;rel\u00f3gio&#8221; para aumentar a taxa de sua arma de fogo. Experimente isso Cowboy.<\/p>\n<\/p><\/div>\n<p>\t<span class=\"clear\"><!-- --><\/span>\n\t         <\/div>\n<\/p><\/div>\n<\/p><\/div>\n<div class=\"wrapper_impl2\">\n<div class=\"slot-list\">\n<div class=\"clear-after\">\n                      <span class=\"icon-frame-gloss float-left\"><br \/>\n            <img class=\"colorbox-4201\"  decoding=\"async\" src=\"\/wp-content\/themes\/arras\/images\/dinostorm\/module_penetration.png\" alt=\"M\u00f3dulos de tecnologia de armas - Tecnologia de perfura\u00e7\u00e3o\"\/><br \/>\n                       <\/span><\/p>\n<div class=\"slot-wrapper\">\n\t\t\t    <span class=\"slot-item-title\">Tecnologia de perfura\u00e7\u00e3o<\/span><\/p>\n<p class=\"feature-slot-desc\">Acerte seu inimigo pra valer com este m\u00f3dulo tecnologia em Dino Storm. Por que \u00e9 chamado de tecnologia de perfura\u00e7\u00e3o? Porque este m\u00f3dulo de arma permite perfurar a blindagem do alvo mais eficazmente.<\/p>\n<\/p><\/div>\n<p>\t<span class=\"clear\"><!-- --><\/span>\n\t         <\/div>\n<\/p><\/div>\n<\/p><\/div>\n<div class=\"wrapper_impl2\">\n<div class=\"slot-list\">\n<div class=\"clear-after\">\n                      <span class=\"icon-frame-gloss float-left\"><br \/>\n            <img class=\"colorbox-4201\"  decoding=\"async\" src=\"\/wp-content\/themes\/arras\/images\/dinostorm\/module_precision.png\" alt=\"M\u00f3dulos de tecnologia de armas - Tecnologia de Precis\u00e3o\"\/><br \/>\n                       <\/span><\/p>\n<div class=\"slot-wrapper\">\n\t\t\t    <span class=\"slot-item-title\">Tecnologia de Precis\u00e3o<\/span><\/p>\n<p class=\"feature-slot-desc\">Voc\u00ea quer terminar uma luta logo ap\u00f3s o in\u00edcio? Aqui est\u00e1 sua chance cowboy. Obtenha o m\u00f3dulo de tecnologia de precis\u00e3o para aumentar a chance de um golpe cr\u00edtico de sua arma laser e dinossauro.<\/p>\n<\/p><\/div>\n<p>\t<span class=\"clear\"><!-- --><\/span>\n\t         <\/div>\n<\/p><\/div>\n<\/p><\/div>\n<div class=\"wrapper_impl2\">\n<div class=\"slot-list\">\n<div class=\"clear-after\">\n                      <span class=\"icon-frame-gloss float-left\"><br \/>\n            <img class=\"colorbox-4201\"  decoding=\"async\" src=\"\/wp-content\/themes\/arras\/images\/dinostorm\/module_range.png\" alt=\"Tecnologia de Intervalo\"\/><br \/>\n                       <\/span><\/p>\n<div class=\"slot-wrapper\">\n\t\t\t    <span class=\"slot-item-title\">Tecnologia de Intervalo<\/span><\/p>\n<p class=\"feature-slot-desc\">O m\u00f3dulo de tecnologia de dist\u00e2ncia \u00e9 a escolha perfeita para todos os atiradores de pricis\u00e3o. Este m\u00f3dulo de tecnologia aumenta o alcance de ataque da sua arma laser. Surpreendido? Nada mais a acrescentar, Cowboy.<\/p>\n<\/p><\/div>\n<p>\t<span class=\"clear\"><!-- --><\/span>\n\t         <\/div>\n<\/p><\/div>\n<\/div>\n<div class=\"wrapper_impl2\">\n<div class=\"slot-list\">\n<div class=\"clear-after\">\n                      <span class=\"icon-frame-gloss float-left\"><br \/>\n            <img class=\"colorbox-4201\"  decoding=\"async\" src=\"\/wp-content\/themes\/arras\/images\/dinostorm\/module_aim.png\" alt=\"Tecnologia Ponto de Mira\"\/><br \/>\n                       <\/span><\/p>\n<div class=\"slot-wrapper\">\n\t\t\t    <span class=\"slot-item-title\">Tecnologia Ponto de Mira<\/span><\/p>\n<p class=\"feature-slot-desc\">Aumenta o dano provocado pela sua arma quanto mais longe estiver do alvo. Precisa ser instalado numa slot para Tecnologias de Arma para funcionar.<\/p>\n<\/p><\/div>\n<p>\t<span class=\"clear\"><!-- --><\/span>\n\t         <\/div>\n<\/p><\/div>\n<\/div>\n<div class=\"wrapper_impl2\">\n<div class=\"slot-list\">\n<div class=\"clear-after\">\n                      <span class=\"icon-frame-gloss float-left\"><br \/>\n            <img class=\"colorbox-4201\"  decoding=\"async\" src=\"\/wp-content\/themes\/arras\/images\/dinostorm\/module_dinodefense.png\" alt=\"Tecnologia de Defesa Dino\"\/><br \/>\n                       <\/span><\/p>\n<div class=\"slot-wrapper\">\n\t\t\t    <span class=\"slot-item-title\">Tecnologia de Defesa Dino<\/span><\/p>\n<p class=\"feature-slot-desc\">Aumenta a resist&#x00ea;ncia aos danos provocados por outros dinossauros. Precisa ser instalado numa slot para tecnologias de arma para funcionar.<\/p>\n<\/p><\/div>\n<p>\t<span class=\"clear\"><!-- --><\/span>\n\t         <\/div>\n<\/p><\/div>\n<\/div>\n<div class=\"wrapper_impl2\">\n<div class=\"slot-list\">\n<div class=\"clear-after\">\n                      <span class=\"icon-frame-gloss float-left\"><br \/>\n            <img class=\"colorbox-4201\"  decoding=\"async\" src=\"\/wp-content\/themes\/arras\/images\/dinostorm\/module_shock.png\" alt=\"Tecnologia de Choque\"\/><br \/>\n                       <\/span><\/p>\n<div class=\"slot-wrapper\">\n\t\t\t    <span class=\"slot-item-title\">Tecnologia de Choque<\/span><\/p>\n<p class=\"feature-slot-desc\">Oferece a possibilidade de esgotar a pot&#x00ea;ncia extra de outro jogador num impacto bem sucedido. Precisa ser instalado numa slot de Tecnologia de Arma, para funcionar.<\/p>\n<\/p><\/div>\n<p>\t<span class=\"clear\"><!-- --><\/span>\n\t         <\/div>\n<\/p><\/div>\n<\/div>\n<div class=\"wrapper_impl2\">\n<div class=\"slot-list\">\n<div class=\"clear-after\">\n                      <span class=\"icon-frame-gloss float-left\"><br \/>\n            <img class=\"colorbox-4201\"  decoding=\"async\" src=\"\/wp-content\/themes\/arras\/images\/dinostorm\/module_dinoreflector.png\" alt=\"Tecnologia Refletora de Dinos\"\/><br \/>\n                       <\/span><\/p>\n<div class=\"slot-wrapper\">\n\t\t\t    <span class=\"slot-item-title\">Tecnologia Refletora de Dinos<\/span><\/p>\n<p class=\"feature-slot-desc\">Confere a possibilidade de temporariamente refletir algum dano de Dino.nDeve ser instalado numa slot de tecnologia de arma para funcionar.<\/p>\n<\/p><\/div>\n<p>\t<span class=\"clear\"><!-- --><\/span>\n\t         <\/div>\n<\/p><\/div>\n<\/div>\n<div class=\"wrapper_impl2\">\n<div class=\"slot-list\">\n<div class=\"clear-after\">\n                      <span class=\"icon-frame-gloss float-left\"><br \/>\n            <img class=\"colorbox-4201\"  decoding=\"async\" src=\"\/wp-content\/themes\/arras\/images\/dinostorm\/module_freezer.png\" alt=\"Tecnologia de Congelamento\"\/><br \/>\n                       <\/span><\/p>\n<div class=\"slot-wrapper\">\n\t\t\t    <span class=\"slot-item-title\">Tecnologia de Congelamento<\/span><\/p>\n<p class=\"feature-slot-desc\">Confere a possibilidade para aplicar um efeito de camara lenta ao seu alvo num tiro certeiro.nDeve ser instalado numa slot de tecnologia de arma para funcionar.<\/p>\n<\/p><\/div>\n<p>\t<span class=\"clear\"><!-- --><\/span>\n\t         <\/div>\n<\/p><\/div>\n<\/div>\n<\/div>\n<\/div>\n<div class=full>\n<img decoding=\"async\" class=\"hr3 colorbox-4201\" src=\"\/wp-content\/themes\/arras\/images\/dinostorm\/seperator_big.png\" alt=\"separator dino storm\" \/>\n<\/div>\n","protected":false},"excerpt":{"rendered":"<p>M\u00f3dulos de tecnologia de armas Voltar Permane\u00e7a \u00e0 frente da concorr\u00eancia com nossos m\u00f3dulos de tecnologia de ponta de alto desempenho, para suas armas de laser. F\u00e1cil de montar, funciona fora da caixa. Tecnologia de [&hellip;]<\/p>\n","protected":false},"author":26,"featured_media":15052,"parent":4188,"menu_order":0,"comment_status":"closed","ping_status":"closed","template":"pagetpl-onecolumn.php","meta":{"footnotes":"","_links_to":"","_links_to_target":""},"class_list":["post-4201","page","type-page","status-publish","has-post-thumbnail","hentry"],"yoast_head":"<!-- This site is optimized with the Yoast SEO plugin v27.4 - https:\/\/yoast.com\/product\/yoast-seo-wordpress\/ -->\n<title>M\u00f3dulos de tecnologia de armas - Dino Storm<\/title>\n<meta name=\"description\" content=\"Fique a frente da concorr\u00eancia com nossos m\u00f3dulos de tecnologia de ponta de alto desempenho, para suas armas laser. F\u00e1cil de montar, funciona fora da caixa.\" \/>\n<meta name=\"robots\" content=\"index, follow, max-snippet:-1, max-image-preview:large, max-video-preview:-1\" \/>\n<link rel=\"canonical\" href=\"https:\/\/dinostorm.com\/pt-br\/jogo\/modulos-de-tecnologia-de-armas\/\" \/>\n<meta property=\"og:locale\" content=\"pt_PT\" \/>\n<meta property=\"og:type\" content=\"article\" \/>\n<meta property=\"og:title\" content=\"M\u00f3dulos de tecnologia de armas - Dino Storm\" \/>\n<meta property=\"og:description\" content=\"Fique a frente da concorr\u00eancia com nossos m\u00f3dulos de tecnologia de ponta de alto desempenho, para suas armas laser. F\u00e1cil de montar, funciona fora da caixa.\" \/>\n<meta property=\"og:url\" content=\"https:\/\/dinostorm.com\/pt-br\/jogo\/modulos-de-tecnologia-de-armas\/\" \/>\n<meta property=\"og:site_name\" content=\"Dino Storm\" \/>\n<meta property=\"article:modified_time\" content=\"2021-07-23T12:28:42+00:00\" \/>\n<meta property=\"og:image\" content=\"https:\/\/dinostorm.com\/wp-content\/uploads\/2012\/09\/ds_jungle_01.jpg\" \/>\n\t<meta property=\"og:image:width\" content=\"1280\" \/>\n\t<meta property=\"og:image:height\" content=\"720\" \/>\n\t<meta property=\"og:image:type\" content=\"image\/jpeg\" \/>\n<meta name=\"twitter:label1\" content=\"Est. reading time\" \/>\n\t<meta name=\"twitter:data1\" content=\"2 minutes\" \/>\n<script type=\"application\/ld+json\" class=\"yoast-schema-graph\">{\"@context\":\"https:\\\/\\\/schema.org\",\"@graph\":[{\"@type\":\"WebPage\",\"@id\":\"https:\\\/\\\/dinostorm.com\\\/pt-br\\\/jogo\\\/modulos-de-tecnologia-de-armas\\\/\",\"url\":\"https:\\\/\\\/dinostorm.com\\\/pt-br\\\/jogo\\\/modulos-de-tecnologia-de-armas\\\/\",\"name\":\"M\u00f3dulos de tecnologia de armas - Dino Storm\",\"isPartOf\":{\"@id\":\"https:\\\/\\\/dinostorm.com\\\/pt-br\\\/#website\"},\"primaryImageOfPage\":{\"@id\":\"https:\\\/\\\/dinostorm.com\\\/pt-br\\\/jogo\\\/modulos-de-tecnologia-de-armas\\\/#primaryimage\"},\"image\":{\"@id\":\"https:\\\/\\\/dinostorm.com\\\/pt-br\\\/jogo\\\/modulos-de-tecnologia-de-armas\\\/#primaryimage\"},\"thumbnailUrl\":\"https:\\\/\\\/dinostorm.com\\\/wp-content\\\/uploads\\\/2012\\\/09\\\/ds_jungle_01.jpg\",\"datePublished\":\"2012-10-18T07:18:35+00:00\",\"dateModified\":\"2021-07-23T12:28:42+00:00\",\"description\":\"Fique a frente da concorr\u00eancia com nossos m\u00f3dulos de tecnologia de ponta de alto desempenho, para suas armas laser. F\u00e1cil de montar, funciona fora da caixa.\",\"breadcrumb\":{\"@id\":\"https:\\\/\\\/dinostorm.com\\\/pt-br\\\/jogo\\\/modulos-de-tecnologia-de-armas\\\/#breadcrumb\"},\"inLanguage\":\"pt-br\",\"potentialAction\":[{\"@type\":\"ReadAction\",\"target\":[\"https:\\\/\\\/dinostorm.com\\\/pt-br\\\/jogo\\\/modulos-de-tecnologia-de-armas\\\/\"]}]},{\"@type\":\"ImageObject\",\"inLanguage\":\"pt-br\",\"@id\":\"https:\\\/\\\/dinostorm.com\\\/pt-br\\\/jogo\\\/modulos-de-tecnologia-de-armas\\\/#primaryimage\",\"url\":\"https:\\\/\\\/dinostorm.com\\\/wp-content\\\/uploads\\\/2012\\\/09\\\/ds_jungle_01.jpg\",\"contentUrl\":\"https:\\\/\\\/dinostorm.com\\\/wp-content\\\/uploads\\\/2012\\\/09\\\/ds_jungle_01.jpg\",\"width\":1280,\"height\":720,\"caption\":\"Beware of dangerous bandits in Mokon Woods are everywhere.\"},{\"@type\":\"BreadcrumbList\",\"@id\":\"https:\\\/\\\/dinostorm.com\\\/pt-br\\\/jogo\\\/modulos-de-tecnologia-de-armas\\\/#breadcrumb\",\"itemListElement\":[{\"@type\":\"ListItem\",\"position\":1,\"name\":\"Home\",\"item\":\"https:\\\/\\\/dinostorm.com\\\/pt-br\\\/\"},{\"@type\":\"ListItem\",\"position\":2,\"name\":\"Jogo\",\"item\":\"https:\\\/\\\/dinostorm.com\\\/pt-br\\\/jogo\\\/\"},{\"@type\":\"ListItem\",\"position\":3,\"name\":\"M\u00f3dulos de tecnologia de armas\"}]},{\"@type\":\"WebSite\",\"@id\":\"https:\\\/\\\/dinostorm.com\\\/pt-br\\\/#website\",\"url\":\"https:\\\/\\\/dinostorm.com\\\/pt-br\\\/\",\"name\":\"Dino Storm\",\"description\":\"\",\"potentialAction\":[{\"@type\":\"SearchAction\",\"target\":{\"@type\":\"EntryPoint\",\"urlTemplate\":\"https:\\\/\\\/dinostorm.com\\\/pt-br\\\/?s={search_term_string}\"},\"query-input\":{\"@type\":\"PropertyValueSpecification\",\"valueRequired\":true,\"valueName\":\"search_term_string\"}}],\"inLanguage\":\"pt-br\"}]}<\/script>\n<!-- \/ Yoast SEO plugin. -->","yoast_head_json":{"title":"M\u00f3dulos de tecnologia de armas - Dino Storm","description":"Fique a frente da concorr\u00eancia com nossos m\u00f3dulos de tecnologia de ponta de alto desempenho, para suas armas laser. F\u00e1cil de montar, funciona fora da caixa.","robots":{"index":"index","follow":"follow","max-snippet":"max-snippet:-1","max-image-preview":"max-image-preview:large","max-video-preview":"max-video-preview:-1"},"canonical":"https:\/\/dinostorm.com\/pt-br\/jogo\/modulos-de-tecnologia-de-armas\/","og_locale":"pt_PT","og_type":"article","og_title":"M\u00f3dulos de tecnologia de armas - Dino Storm","og_description":"Fique a frente da concorr\u00eancia com nossos m\u00f3dulos de tecnologia de ponta de alto desempenho, para suas armas laser. F\u00e1cil de montar, funciona fora da caixa.","og_url":"https:\/\/dinostorm.com\/pt-br\/jogo\/modulos-de-tecnologia-de-armas\/","og_site_name":"Dino Storm","article_modified_time":"2021-07-23T12:28:42+00:00","og_image":[{"width":1280,"height":720,"url":"https:\/\/dinostorm.com\/wp-content\/uploads\/2012\/09\/ds_jungle_01.jpg","type":"image\/jpeg"}],"twitter_misc":{"Est. reading time":"2 minutes"},"schema":{"@context":"https:\/\/schema.org","@graph":[{"@type":"WebPage","@id":"https:\/\/dinostorm.com\/pt-br\/jogo\/modulos-de-tecnologia-de-armas\/","url":"https:\/\/dinostorm.com\/pt-br\/jogo\/modulos-de-tecnologia-de-armas\/","name":"M\u00f3dulos de tecnologia de armas - Dino Storm","isPartOf":{"@id":"https:\/\/dinostorm.com\/pt-br\/#website"},"primaryImageOfPage":{"@id":"https:\/\/dinostorm.com\/pt-br\/jogo\/modulos-de-tecnologia-de-armas\/#primaryimage"},"image":{"@id":"https:\/\/dinostorm.com\/pt-br\/jogo\/modulos-de-tecnologia-de-armas\/#primaryimage"},"thumbnailUrl":"https:\/\/dinostorm.com\/wp-content\/uploads\/2012\/09\/ds_jungle_01.jpg","datePublished":"2012-10-18T07:18:35+00:00","dateModified":"2021-07-23T12:28:42+00:00","description":"Fique a frente da concorr\u00eancia com nossos m\u00f3dulos de tecnologia de ponta de alto desempenho, para suas armas laser. F\u00e1cil de montar, funciona fora da caixa.","breadcrumb":{"@id":"https:\/\/dinostorm.com\/pt-br\/jogo\/modulos-de-tecnologia-de-armas\/#breadcrumb"},"inLanguage":"pt-br","potentialAction":[{"@type":"ReadAction","target":["https:\/\/dinostorm.com\/pt-br\/jogo\/modulos-de-tecnologia-de-armas\/"]}]},{"@type":"ImageObject","inLanguage":"pt-br","@id":"https:\/\/dinostorm.com\/pt-br\/jogo\/modulos-de-tecnologia-de-armas\/#primaryimage","url":"https:\/\/dinostorm.com\/wp-content\/uploads\/2012\/09\/ds_jungle_01.jpg","contentUrl":"https:\/\/dinostorm.com\/wp-content\/uploads\/2012\/09\/ds_jungle_01.jpg","width":1280,"height":720,"caption":"Beware of dangerous bandits in Mokon Woods are everywhere."},{"@type":"BreadcrumbList","@id":"https:\/\/dinostorm.com\/pt-br\/jogo\/modulos-de-tecnologia-de-armas\/#breadcrumb","itemListElement":[{"@type":"ListItem","position":1,"name":"Home","item":"https:\/\/dinostorm.com\/pt-br\/"},{"@type":"ListItem","position":2,"name":"Jogo","item":"https:\/\/dinostorm.com\/pt-br\/jogo\/"},{"@type":"ListItem","position":3,"name":"M\u00f3dulos de tecnologia de armas"}]},{"@type":"WebSite","@id":"https:\/\/dinostorm.com\/pt-br\/#website","url":"https:\/\/dinostorm.com\/pt-br\/","name":"Dino Storm","description":"","potentialAction":[{"@type":"SearchAction","target":{"@type":"EntryPoint","urlTemplate":"https:\/\/dinostorm.com\/pt-br\/?s={search_term_string}"},"query-input":{"@type":"PropertyValueSpecification","valueRequired":true,"valueName":"search_term_string"}}],"inLanguage":"pt-br"}]}},"_links":{"self":[{"href":"https:\/\/dinostorm.com\/pt-br\/wp-json\/wp\/v2\/pages\/4201","targetHints":{"allow":["GET"]}}],"collection":[{"href":"https:\/\/dinostorm.com\/pt-br\/wp-json\/wp\/v2\/pages"}],"about":[{"href":"https:\/\/dinostorm.com\/pt-br\/wp-json\/wp\/v2\/types\/page"}],"author":[{"embeddable":true,"href":"https:\/\/dinostorm.com\/pt-br\/wp-json\/wp\/v2\/users\/26"}],"replies":[{"embeddable":true,"href":"https:\/\/dinostorm.com\/pt-br\/wp-json\/wp\/v2\/comments?post=4201"}],"version-history":[{"count":4,"href":"https:\/\/dinostorm.com\/pt-br\/wp-json\/wp\/v2\/pages\/4201\/revisions"}],"predecessor-version":[{"id":242122,"href":"https:\/\/dinostorm.com\/pt-br\/wp-json\/wp\/v2\/pages\/4201\/revisions\/242122"}],"up":[{"embeddable":true,"href":"https:\/\/dinostorm.com\/pt-br\/wp-json\/wp\/v2\/pages\/4188"}],"wp:featuredmedia":[{"embeddable":true,"href":"https:\/\/dinostorm.com\/pt-br\/wp-json\/wp\/v2\/media\/15052"}],"wp:attachment":[{"href":"https:\/\/dinostorm.com\/pt-br\/wp-json\/wp\/v2\/media?parent=4201"}],"curies":[{"name":"wp","href":"https:\/\/api.w.org\/{rel}","templated":true}]}}