{"id":4195,"date":"2012-10-18T09:18:05","date_gmt":"2012-10-18T07:18:05","guid":{"rendered":"http:\/\/dinostorm.com\/?page_id=4195"},"modified":"2021-07-09T14:47:41","modified_gmt":"2021-07-09T12:47:41","slug":"implantes-de-dinossauro","status":"publish","type":"page","link":"https:\/\/dinostorm.com\/pt-br\/jogo\/implantes-de-dinossauro\/","title":{"rendered":"Implantes de dinossauro"},"content":{"rendered":"<div class=\"teaser\"><\/div>\n<h1 class=\"headline_page width_500\"><span>Implantes de dinossauro<\/span><\/h1>\n<p class=\"back-button back-pos500\"><a class=\"back-block\" href=\"\/pt-br\/jogo\/\">Voltar<\/a><\/p>\n<div class=\"full\">\n<img decoding=\"async\" class=\"wrapper_image_impl colorbox-4195\" src=\"\/wp-content\/themes\/arras\/images\/dinostorm\/Implantate-Cowboy.png\" alt=\"Dino Storm - Implantes de dinossauro\"\/><\/p>\n<div class=\"wrapper_impl\">\n<p class=\"text-impl\">Fique \u00e0 frente da concorr\u00eancia com esse implante de alta performance bio para seu Dino. Isso do\u00ed s\u00f3 um pouquinho!<\/p>\n<\/div>\n<div class=\"wrapper_impl2\">\n<div class=\"slot-list\">\n<div class=\"clear-after\">\n                      <span class=\"icon-frame-gloss float-left\"><br \/>\n            <img class=\"colorbox-4195\"  decoding=\"async\" src=\"\/wp-content\/themes\/arras\/images\/dinostorm\/implant_armor.png\" alt=\"Dinossauro - Implante de armadura\"\/><br \/>\n                       <\/span><\/p>\n<div class=\"slot-wrapper\">\n\t\t\t    <span class=\"slot-item-title\">Implante de armadura<\/span><\/p>\n<p class=\"feature-slot-desc\">Seu dinossauro est\u00e1 sempre no meio da batalha? Ent\u00e3o nossos implantes de armadura devem ser sua primeira escolha. Aumenta a armadura de seu dinossauro ent\u00e3o ele toma menos dano.<\/p>\n<\/p><\/div>\n<p>\t<span class=\"clear\"><!-- --><\/span>\n\t         <\/div>\n<\/p><\/div>\n<\/p><\/div>\n<div class=\"wrapper_impl2\">\n<div class=\"slot-list\">\n<div class=\"clear-after\">\n                      <span class=\"icon-frame-gloss float-left\"><br \/>\n            <img class=\"colorbox-4195\"  decoding=\"async\" src=\"\/wp-content\/themes\/arras\/images\/dinostorm\/implant_vitality.png\" alt=\"Dinossauro - Implante de vitalidade\"\/><br \/>\n                       <\/span><\/p>\n<div class=\"slot-wrapper\">\n\t\t\t    <span class=\"slot-item-title\">Implante de vitalidade<\/span><\/p>\n<p class=\"feature-slot-desc\">Proucupado que seu dino luta muito? Usando um monte de po\u00e7\u00f5es de cura ? Neste caso, nossos implantes de vitalidade podem ser interessantes para voc\u00ea. Compre nossos implantes de vitalidade e aumente os pontos de vida do seu dinossauro.<\/p>\n<\/p><\/div>\n<p>\t<span class=\"clear\"><!-- --><\/span>\n\t         <\/div>\n<\/p><\/div>\n<\/p><\/div>\n<div class=\"wrapper_impl2\">\n<div class=\"slot-list\">\n<div class=\"clear-after\">\n                      <span class=\"icon-frame-gloss float-left\"><br \/>\n            <img class=\"colorbox-4195\"  decoding=\"async\" src=\"\/wp-content\/themes\/arras\/images\/dinostorm\/implant_strength.png\" alt=\"Dinossauro - Implante de for\u00e7a\"\/><br \/>\n                       <\/span><\/p>\n<div class=\"slot-wrapper\">\n\t\t\t    <span class=\"slot-item-title\">Implante de for\u00e7a<\/span><\/p>\n<p class=\"feature-slot-desc\">Mais m\u00fasculos para seu dino, nada mais a dizer. Sim, surpreendentemente, ele aumenta o dano de que seu dinossauro causa nos inimigos. Mas seja advertido, for\u00e7a n\u00e3o \u00e9 tudo, cowboy&#8230;<\/p>\n<\/p><\/div>\n<p>\t<span class=\"clear\"><!-- --><\/span>\n\t         <\/div>\n<\/p><\/div>\n<\/p><\/div>\n<div class=\"wrapper_impl2\">\n<div class=\"slot-list\">\n<div class=\"clear-after\">\n                      <span class=\"icon-frame-gloss float-left\"><br \/>\n            <img class=\"colorbox-4195\"  decoding=\"async\" src=\"\/wp-content\/themes\/arras\/images\/dinostorm\/implant_recovery.png\" alt=\"Dinossauro -Implante de recupera\u00e7\u00e3o\"\/><br \/>\n                       <\/span><\/p>\n<div class=\"slot-wrapper\">\n\t\t\t    <span class=\"slot-item-title\">Implante de recupera\u00e7\u00e3o<\/span><\/p>\n<p class=\"feature-slot-desc\">Ap\u00f3s anos de pesquisa nosso m\u00e9dico dino finalmente conseguiu. Nosso novo implante de recupera\u00e7\u00e3o aumenta taxa de recupera\u00e7\u00e3o ao ponto onde seu dinossauro foi atingido. Experiment\u00e1-lo e viva mais, cowboy.<\/p>\n<\/p><\/div>\n<p>\t<span class=\"clear\"><!-- --><\/span>\n\t         <\/div>\n<\/p><\/div>\n<\/p><\/div>\n<div class=\"wrapper_impl2\">\n<div class=\"slot-list\">\n<div class=\"clear-after\">\n                      <span class=\"icon-frame-gloss float-left\"><br \/>\n            <img class=\"colorbox-4195\"  decoding=\"async\" src=\"\/wp-content\/themes\/arras\/images\/dinostorm\/implant_agility.png\" alt=\"Dinossauro - Implante de agilidades\"\/><br \/>\n                       <\/span><\/p>\n<div class=\"slot-wrapper\">\n\t\t\t    <span class=\"slot-item-title\">Implante de agilidade<\/span><\/p>\n<p class=\"feature-slot-desc\">Voc\u00ea pode pensar que seu dino reage muito lentamente. Neste caso, recomendamos nosso novo implantes de agilidade  para os <a href=\"\/pt-br\/jogo\/dicionario-de-dinossauro\">dinossauros<\/a>. Estes implantes fant\u00e1sticos aumentam a capacidade do dinossauro de esquivar de ataques.<\/p>\n<\/p><\/div>\n<p>\t<span class=\"clear\"><!-- --><\/span>\n\t         <\/div>\n<\/p><\/div>\n<\/p><\/div>\n<div class=\"wrapper_impl2\">\n<div class=\"slot-list\">\n<div class=\"clear-after\">\n                      <span class=\"icon-frame-gloss float-left\"><br \/>\n            <img class=\"colorbox-4195\"  decoding=\"async\" src=\"\/wp-content\/themes\/arras\/images\/dinostorm\/implant_endurance.png\" alt=\"Dinossauro -Implante de resist\u00eancia\"\/><br \/>\n                       <\/span><\/p>\n<div class=\"slot-wrapper\">\n\t\t\t    <span class=\"slot-item-title\">Implante de resist\u00eancia<\/span><\/p>\n<p class=\"feature-slot-desc\">Velocidade pode ser um fator vital para cada dinossauro. Ningu\u00e9m pode peg\u00e1-lo se seu dino \u00e9 mais r\u00e1pido que os outros. Fa\u00e7a o implante de resist\u00eancia: este grande kit aumenta a velocidade do seu dinossauro.<\/p>\n<\/p><\/div>\n<p>\t<span class=\"clear\"><!-- --><\/span>\n\t         <\/div>\n<\/p><\/div>\n<\/p><\/div>\n<div class=\"wrapper_impl2\">\n<div class=\"slot-list\">\n<div class=\"clear-after\">\n                      <span class=\"icon-frame-gloss float-left\"><br \/>\n            <img class=\"colorbox-4195\"  decoding=\"async\" src=\"\/wp-content\/themes\/arras\/images\/dinostorm\/implant_stability.png\" alt=\"Dinossauro - Implante de estabilidade\"\/><br \/>\n                       <\/span><\/p>\n<div class=\"slot-wrapper\">\n\t\t\t    <span class=\"slot-item-title\">Implante de estabilidade<\/span><\/p>\n<p class=\"feature-slot-desc\">Voc\u00ea e seu dino est\u00e3o sempre correndo? Teste nosso novo implante estabilidade e ningu\u00e9m poder\u00e1 impedi-lo. Diminui a dura&ccedil;&atilde;o das condi&ccedil;&otilde;es de atordoamento, confus&atilde;o e medo.<\/p>\n<\/p><\/div>\n<p>\t<span class=\"clear\"><!-- --><\/span>\n\t         <\/div>\n<\/p><\/div>\n<\/p><\/div>\n<div class=\"wrapper_impl2\">\n<div class=\"slot-list\">\n<div class=\"clear-after\">\n                      <span class=\"icon-frame-gloss float-left\"><br \/>\n            <img class=\"colorbox-4195\"  decoding=\"async\" src=\"\/wp-content\/themes\/arras\/images\/dinostorm\/implant_rage.png\" alt=\"Implante C&#x00f3;lera\"\/><br \/>\n                       <\/span><\/p>\n<div class=\"slot-wrapper\">\n\t\t\t    <span class=\"slot-item-title\">Implante C&#x00f3;lera<\/span><\/p>\n<p class=\"feature-slot-desc\">Aumenta o &#x00ed;ndice de energia resultante da convers&#x00e3;o do dano recibido. Precisa ser instalado numa slot de implantes para funcionar.<\/p>\n<\/p><\/div>\n<p>\t<span class=\"clear\"><!-- --><\/span>\n\t         <\/div>\n<\/p><\/div>\n<\/p><\/div>\n<div class=\"wrapper_impl2\">\n<div class=\"slot-list\">\n<div class=\"clear-after\">\n                      <span class=\"icon-frame-gloss float-left\"><br \/>\n            <img class=\"colorbox-4195\"  decoding=\"async\" src=\"\/wp-content\/themes\/arras\/images\/dinostorm\/implant_shield.png\" alt=\"Implante de Escudo\"\/><br \/>\n                       <\/span><\/p>\n<div class=\"slot-wrapper\">\n\t\t\t    <span class=\"slot-item-title\">Implante de Escudo<\/span><\/p>\n<p class=\"feature-slot-desc\">Aumenta o &#x00ed;ndice de resist&#x00ea;ncia do seu dinossauro. Precisa ser instalado numa slot para implantes para funcionar.<\/p>\n<\/p><\/div>\n<p>\t<span class=\"clear\"><!-- --><\/span>\n\t         <\/div>\n<\/p><\/div>\n<\/p><\/div>\n<div class=\"wrapper_impl2\">\n<div class=\"slot-list\">\n<div class=\"clear-after\">\n                      <span class=\"icon-frame-gloss float-left\"><br \/>\n            <img class=\"colorbox-4195\"  decoding=\"async\" src=\"\/wp-content\/themes\/arras\/images\/dinostorm\/implant_claws.png\" alt=\"Implante Garras\"\/><br \/>\n                       <\/span><\/p>\n<div class=\"slot-wrapper\">\n\t\t\t    <span class=\"slot-item-title\">Implante Garras<\/span><\/p>\n<p class=\"feature-slot-desc\">Confere a possibilidade ao seu dinossauro de atingir alvos adicionais &#x00e1; queima-roupa. Precisa ser instalado numa slot de implantes para funcionar.<\/p>\n<\/p><\/div>\n<p>\t<span class=\"clear\"><!-- --><\/span>\n\t         <\/div>\n<\/p><\/div>\n<\/p><\/div>\n<div class=\"wrapper_impl2\">\n<div class=\"slot-list\">\n<div class=\"clear-after\">\n                      <span class=\"icon-frame-gloss float-left\"><br \/>\n            <img class=\"colorbox-4195\"  decoding=\"async\" src=\"\/wp-content\/themes\/arras\/images\/dinostorm\/implant_weaponreflector.png\" alt=\"Implante Refletor de Danos\"\/><br \/>\n                       <\/span><\/p>\n<div class=\"slot-wrapper\">\n\t\t\t    <span class=\"slot-item-title\">Implante Refletor de Danos<\/span><\/p>\n<p class=\"feature-slot-desc\">Possibilita que o seu dinossauro possa defletir temporariamente algum do dano recibido de qualquer arma. Deve ser instalado num slot de implante de Dino para funcionar.<\/p>\n<\/p><\/div>\n<p>\t<span class=\"clear\"><!-- --><\/span>\n\t         <\/div>\n<\/p><\/div>\n<\/p><\/div>\n<div class=\"wrapper_impl2\">\n<div class=\"slot-list\">\n<div class=\"clear-after\">\n                      <span class=\"icon-frame-gloss float-left\"><br \/>\n            <img class=\"colorbox-4195\"  decoding=\"async\" src=\"\/wp-content\/themes\/arras\/images\/dinostorm\/implant_heatregulator.png\" alt=\"Implante Regulador de Calor\"\/><br \/>\n                       <\/span><\/p>\n<div class=\"slot-wrapper\">\n\t\t\t    <span class=\"slot-item-title\">Implante Regulador de Calor<\/span><\/p>\n<p class=\"feature-slot-desc\">Diminui a dura&#x00e7;&#x00e3;o das condi&#x00e7;&#x00f5;es de paralisa&#x00e7;&#x00e3;o e desacelera&#x00e7;&#x00e3;o. Precisa ser instalado em um slot de Implante Dino para poder trabalhar.<\/p>\n<\/p><\/div>\n<p>\t<span class=\"clear\"><!-- --><\/span>\n\t         <\/div>\n<\/p><\/div>\n<\/p><\/div>\n<\/div>\n<\/div>\n<div class=full>\n<img decoding=\"async\" class=\"hr3 colorbox-4195\" src=\"\/wp-content\/themes\/arras\/images\/dinostorm\/seperator_big.png\" alt=\"separator dino storm\" \/>\n<\/div>\n","protected":false},"excerpt":{"rendered":"<p>Implantes de dinossauro Voltar Fique \u00e0 frente da concorr\u00eancia com esse implante de alta performance bio para seu Dino. Isso do\u00ed s\u00f3 um pouquinho! Implante de armadura Seu dinossauro est\u00e1 sempre no meio da batalha? [&hellip;]<\/p>\n","protected":false},"author":26,"featured_media":15052,"parent":4188,"menu_order":0,"comment_status":"closed","ping_status":"closed","template":"pagetpl-onecolumn.php","meta":{"footnotes":"","_links_to":"","_links_to_target":""},"class_list":["post-4195","page","type-page","status-publish","has-post-thumbnail","hentry"],"yoast_head":"<!-- This site is optimized with the Yoast SEO plugin v27.3 - https:\/\/yoast.com\/product\/yoast-seo-wordpress\/ -->\n<title>Implantes de dinossauro - Dino Storm<\/title>\n<meta name=\"description\" content=\"Fique \u00e0 frente da concorr\u00eancia com esse implante de alta performance bio para seu Dino. Isso do\u00ed s\u00f3 um pouquinho!\" \/>\n<meta name=\"robots\" content=\"index, follow, max-snippet:-1, max-image-preview:large, max-video-preview:-1\" \/>\n<link rel=\"canonical\" href=\"https:\/\/dinostorm.com\/pt-br\/jogo\/implantes-de-dinossauro\/\" \/>\n<meta property=\"og:locale\" content=\"pt_PT\" \/>\n<meta property=\"og:type\" content=\"article\" \/>\n<meta property=\"og:title\" content=\"Implantes de dinossauro - Dino Storm\" \/>\n<meta property=\"og:description\" content=\"Fique \u00e0 frente da concorr\u00eancia com esse implante de alta performance bio para seu Dino. Isso do\u00ed s\u00f3 um pouquinho!\" \/>\n<meta property=\"og:url\" content=\"https:\/\/dinostorm.com\/pt-br\/jogo\/implantes-de-dinossauro\/\" \/>\n<meta property=\"og:site_name\" content=\"Dino Storm\" \/>\n<meta property=\"article:modified_time\" content=\"2021-07-09T12:47:41+00:00\" \/>\n<meta property=\"og:image\" content=\"https:\/\/dinostorm.com\/wp-content\/uploads\/2012\/09\/ds_jungle_01.jpg\" \/>\n\t<meta property=\"og:image:width\" content=\"1280\" \/>\n\t<meta property=\"og:image:height\" content=\"720\" \/>\n\t<meta property=\"og:image:type\" content=\"image\/jpeg\" \/>\n<meta name=\"twitter:label1\" content=\"Est. reading time\" \/>\n\t<meta name=\"twitter:data1\" content=\"2 minutes\" \/>\n<script type=\"application\/ld+json\" class=\"yoast-schema-graph\">{\"@context\":\"https:\\\/\\\/schema.org\",\"@graph\":[{\"@type\":\"WebPage\",\"@id\":\"https:\\\/\\\/dinostorm.com\\\/pt-br\\\/jogo\\\/implantes-de-dinossauro\\\/\",\"url\":\"https:\\\/\\\/dinostorm.com\\\/pt-br\\\/jogo\\\/implantes-de-dinossauro\\\/\",\"name\":\"Implantes de dinossauro - Dino Storm\",\"isPartOf\":{\"@id\":\"https:\\\/\\\/dinostorm.com\\\/pt-br\\\/#website\"},\"primaryImageOfPage\":{\"@id\":\"https:\\\/\\\/dinostorm.com\\\/pt-br\\\/jogo\\\/implantes-de-dinossauro\\\/#primaryimage\"},\"image\":{\"@id\":\"https:\\\/\\\/dinostorm.com\\\/pt-br\\\/jogo\\\/implantes-de-dinossauro\\\/#primaryimage\"},\"thumbnailUrl\":\"https:\\\/\\\/dinostorm.com\\\/wp-content\\\/uploads\\\/2012\\\/09\\\/ds_jungle_01.jpg\",\"datePublished\":\"2012-10-18T07:18:05+00:00\",\"dateModified\":\"2021-07-09T12:47:41+00:00\",\"description\":\"Fique \u00e0 frente da concorr\u00eancia com esse implante de alta performance bio para seu Dino. Isso do\u00ed s\u00f3 um pouquinho!\",\"breadcrumb\":{\"@id\":\"https:\\\/\\\/dinostorm.com\\\/pt-br\\\/jogo\\\/implantes-de-dinossauro\\\/#breadcrumb\"},\"inLanguage\":\"pt-br\",\"potentialAction\":[{\"@type\":\"ReadAction\",\"target\":[\"https:\\\/\\\/dinostorm.com\\\/pt-br\\\/jogo\\\/implantes-de-dinossauro\\\/\"]}]},{\"@type\":\"ImageObject\",\"inLanguage\":\"pt-br\",\"@id\":\"https:\\\/\\\/dinostorm.com\\\/pt-br\\\/jogo\\\/implantes-de-dinossauro\\\/#primaryimage\",\"url\":\"https:\\\/\\\/dinostorm.com\\\/wp-content\\\/uploads\\\/2012\\\/09\\\/ds_jungle_01.jpg\",\"contentUrl\":\"https:\\\/\\\/dinostorm.com\\\/wp-content\\\/uploads\\\/2012\\\/09\\\/ds_jungle_01.jpg\",\"width\":1280,\"height\":720,\"caption\":\"Beware of dangerous bandits in Mokon Woods are everywhere.\"},{\"@type\":\"BreadcrumbList\",\"@id\":\"https:\\\/\\\/dinostorm.com\\\/pt-br\\\/jogo\\\/implantes-de-dinossauro\\\/#breadcrumb\",\"itemListElement\":[{\"@type\":\"ListItem\",\"position\":1,\"name\":\"Home\",\"item\":\"https:\\\/\\\/dinostorm.com\\\/pt-br\\\/\"},{\"@type\":\"ListItem\",\"position\":2,\"name\":\"Jogo\",\"item\":\"https:\\\/\\\/dinostorm.com\\\/pt-br\\\/jogo\\\/\"},{\"@type\":\"ListItem\",\"position\":3,\"name\":\"Implantes de dinossauro\"}]},{\"@type\":\"WebSite\",\"@id\":\"https:\\\/\\\/dinostorm.com\\\/pt-br\\\/#website\",\"url\":\"https:\\\/\\\/dinostorm.com\\\/pt-br\\\/\",\"name\":\"Dino Storm\",\"description\":\"\",\"potentialAction\":[{\"@type\":\"SearchAction\",\"target\":{\"@type\":\"EntryPoint\",\"urlTemplate\":\"https:\\\/\\\/dinostorm.com\\\/pt-br\\\/?s={search_term_string}\"},\"query-input\":{\"@type\":\"PropertyValueSpecification\",\"valueRequired\":true,\"valueName\":\"search_term_string\"}}],\"inLanguage\":\"pt-br\"}]}<\/script>\n<!-- \/ Yoast SEO plugin. -->","yoast_head_json":{"title":"Implantes de dinossauro - Dino Storm","description":"Fique \u00e0 frente da concorr\u00eancia com esse implante de alta performance bio para seu Dino. Isso do\u00ed s\u00f3 um pouquinho!","robots":{"index":"index","follow":"follow","max-snippet":"max-snippet:-1","max-image-preview":"max-image-preview:large","max-video-preview":"max-video-preview:-1"},"canonical":"https:\/\/dinostorm.com\/pt-br\/jogo\/implantes-de-dinossauro\/","og_locale":"pt_PT","og_type":"article","og_title":"Implantes de dinossauro - Dino Storm","og_description":"Fique \u00e0 frente da concorr\u00eancia com esse implante de alta performance bio para seu Dino. Isso do\u00ed s\u00f3 um pouquinho!","og_url":"https:\/\/dinostorm.com\/pt-br\/jogo\/implantes-de-dinossauro\/","og_site_name":"Dino Storm","article_modified_time":"2021-07-09T12:47:41+00:00","og_image":[{"width":1280,"height":720,"url":"https:\/\/dinostorm.com\/wp-content\/uploads\/2012\/09\/ds_jungle_01.jpg","type":"image\/jpeg"}],"twitter_misc":{"Est. reading time":"2 minutes"},"schema":{"@context":"https:\/\/schema.org","@graph":[{"@type":"WebPage","@id":"https:\/\/dinostorm.com\/pt-br\/jogo\/implantes-de-dinossauro\/","url":"https:\/\/dinostorm.com\/pt-br\/jogo\/implantes-de-dinossauro\/","name":"Implantes de dinossauro - Dino Storm","isPartOf":{"@id":"https:\/\/dinostorm.com\/pt-br\/#website"},"primaryImageOfPage":{"@id":"https:\/\/dinostorm.com\/pt-br\/jogo\/implantes-de-dinossauro\/#primaryimage"},"image":{"@id":"https:\/\/dinostorm.com\/pt-br\/jogo\/implantes-de-dinossauro\/#primaryimage"},"thumbnailUrl":"https:\/\/dinostorm.com\/wp-content\/uploads\/2012\/09\/ds_jungle_01.jpg","datePublished":"2012-10-18T07:18:05+00:00","dateModified":"2021-07-09T12:47:41+00:00","description":"Fique \u00e0 frente da concorr\u00eancia com esse implante de alta performance bio para seu Dino. Isso do\u00ed s\u00f3 um pouquinho!","breadcrumb":{"@id":"https:\/\/dinostorm.com\/pt-br\/jogo\/implantes-de-dinossauro\/#breadcrumb"},"inLanguage":"pt-br","potentialAction":[{"@type":"ReadAction","target":["https:\/\/dinostorm.com\/pt-br\/jogo\/implantes-de-dinossauro\/"]}]},{"@type":"ImageObject","inLanguage":"pt-br","@id":"https:\/\/dinostorm.com\/pt-br\/jogo\/implantes-de-dinossauro\/#primaryimage","url":"https:\/\/dinostorm.com\/wp-content\/uploads\/2012\/09\/ds_jungle_01.jpg","contentUrl":"https:\/\/dinostorm.com\/wp-content\/uploads\/2012\/09\/ds_jungle_01.jpg","width":1280,"height":720,"caption":"Beware of dangerous bandits in Mokon Woods are everywhere."},{"@type":"BreadcrumbList","@id":"https:\/\/dinostorm.com\/pt-br\/jogo\/implantes-de-dinossauro\/#breadcrumb","itemListElement":[{"@type":"ListItem","position":1,"name":"Home","item":"https:\/\/dinostorm.com\/pt-br\/"},{"@type":"ListItem","position":2,"name":"Jogo","item":"https:\/\/dinostorm.com\/pt-br\/jogo\/"},{"@type":"ListItem","position":3,"name":"Implantes de dinossauro"}]},{"@type":"WebSite","@id":"https:\/\/dinostorm.com\/pt-br\/#website","url":"https:\/\/dinostorm.com\/pt-br\/","name":"Dino Storm","description":"","potentialAction":[{"@type":"SearchAction","target":{"@type":"EntryPoint","urlTemplate":"https:\/\/dinostorm.com\/pt-br\/?s={search_term_string}"},"query-input":{"@type":"PropertyValueSpecification","valueRequired":true,"valueName":"search_term_string"}}],"inLanguage":"pt-br"}]}},"_links":{"self":[{"href":"https:\/\/dinostorm.com\/pt-br\/wp-json\/wp\/v2\/pages\/4195","targetHints":{"allow":["GET"]}}],"collection":[{"href":"https:\/\/dinostorm.com\/pt-br\/wp-json\/wp\/v2\/pages"}],"about":[{"href":"https:\/\/dinostorm.com\/pt-br\/wp-json\/wp\/v2\/types\/page"}],"author":[{"embeddable":true,"href":"https:\/\/dinostorm.com\/pt-br\/wp-json\/wp\/v2\/users\/26"}],"replies":[{"embeddable":true,"href":"https:\/\/dinostorm.com\/pt-br\/wp-json\/wp\/v2\/comments?post=4195"}],"version-history":[{"count":5,"href":"https:\/\/dinostorm.com\/pt-br\/wp-json\/wp\/v2\/pages\/4195\/revisions"}],"predecessor-version":[{"id":238464,"href":"https:\/\/dinostorm.com\/pt-br\/wp-json\/wp\/v2\/pages\/4195\/revisions\/238464"}],"up":[{"embeddable":true,"href":"https:\/\/dinostorm.com\/pt-br\/wp-json\/wp\/v2\/pages\/4188"}],"wp:featuredmedia":[{"embeddable":true,"href":"https:\/\/dinostorm.com\/pt-br\/wp-json\/wp\/v2\/media\/15052"}],"wp:attachment":[{"href":"https:\/\/dinostorm.com\/pt-br\/wp-json\/wp\/v2\/media?parent=4195"}],"curies":[{"name":"wp","href":"https:\/\/api.w.org\/{rel}","templated":true}]}}