{"id":4193,"date":"2011-01-12T22:09:13","date_gmt":"2011-01-12T20:09:13","guid":{"rendered":"http:\/\/dinostorm.com\/?page_id=4193"},"modified":"2018-02-01T14:44:20","modified_gmt":"2018-02-01T12:44:20","slug":"faq","status":"publish","type":"page","link":"https:\/\/dinostorm.com\/pt-br\/jogo\/faq\/","title":{"rendered":"FAQ"},"content":{"rendered":"<div class=\"teaser\"><\/div>\n<h1 class=\"headline_page width_350\"><span>Dino Storm &#8211; FAQ<\/span><\/h1>\n<p class=\"back-button back-pos350\"><a class=\"back-block\" href=\"http:\/\/dinostorm.com\/pt-br\/jogo\/\">Voltar<\/a><\/p>\n<div class=\"one_half\">\n<h2>Perguntas gerais sobre o jogo de navegador Dino Storm<\/h2>\n<h3>O que \u00e9 Dino Storm?<\/h3>\n<p>Dino Storm \u00e9 um jogo de browser gr\u00e1tis multiplayer, com \u00f3timos efeitos visuais 3D. Voc\u00ea \u00e9 um corajoso ranger, que est\u00e1 de partida para Dinoville, onde muito ouro foi descoberto. D\u00ea uma olhada no nosso guia de jogo para um Resumo completo e dicas para jogar Dino Storm.<\/p>\n<h3>Quanto custa jogar para jogar Dino Storm?<\/h3>\n<p>O Registo e o jogo browser \u00e9 completamente gr\u00e1tis. O registo \u00e9 conclu\u00eddo de forma r\u00e1pida, sem qualquer obriga\u00e7\u00e3o e dentro de segundos voc\u00ea est\u00e1 pronto para jogar o jogo. N\u00f3s n\u00e3o vamos pedir informa\u00e7\u00f5es pessoais. Voc\u00ea apenas tem que se concentrar para jogar.<\/p>\n<h2>Como \u00e9 que Dino Storm come\u00e7a?<\/h2>\n<p>Ok, Dino Storm n\u00e3o \u00e9 exatamente um jogo padr\u00e3o que empresas de jogos fazem. Tudo come\u00e7ou com um desenho de uma s\u00e9rie de desenhos animados, muitos de seus desenvolvedores usando sua imagem como fundo de tela do desktop\\: homens montando sobre dinossauros e atirando uns aos outros. N\u00f3s simplesmente adoramos isso. Tanto que decidimos sentar-nos por alguns dias com muita pizza e Coca-Cola zero para transformar esse desenho em um jogo. Alguns dias mais tarde completamos um prot\u00f3tipo que era impressionante e era muito divertido, ent\u00e3o depois de recuperar o sono atrasado decidimos reunir recursos adicionais e fazer uma escala completa MMO.<\/p>\n<h3>O que eu ganho ao jogar gratuitamente?<\/h3>\n<p>Tudo. Acesso ao jogo diretamente no navegador , sem restri\u00e7\u00f5es, sem limita\u00e7\u00f5es por tempo. Voc\u00ea vai receber todas as atualiza\u00e7\u00f5es, incluindo novos conte\u00fados e corre\u00e7\u00f5es (muito raro cometer-mos um erro) automaticamente e tudo de gra\u00e7a. Todos os elementos do jogo est\u00e3o dispon\u00edveis gratuitamente. Claro, nossa equipe, por vezes, gostaria de pedir uma cerveja. Que por uma pequena taxa voc\u00ea pode confortavelmente recarregar sua conta do jogo, ent\u00e3o voc\u00ea nunca estar\u00e1 desprotegido contra as diversas amea\u00e7as que te esperam no perigoso mundo de Dino Storm.<\/p>\n<h3>DinoVille? \u00c9 que algum tipo de piada?<\/h3>\n<p>Sim.<\/p>\n<\/div>\n<div class=\"one_half_last\">\n<h2>Perguntas gerais sobre Splitscreen Games<\/h2>\n<h3>Quantos Gigabytes eu tenho que instalar?<\/h3>\n<p>Sentimos sua dor. Qualquer um que baixa um jogo por um dia e leva 3 horas pra instalar para ent\u00e3o perceber que ele n\u00e3o cumpre as promessas e percebe que o jogo \u00e9 ruim fica frustrado. Com o jogo de navegador Dino Storm, voc\u00ea tem que baixar apenas um par de megabytes, que levar\u00e1 apenas alguns segundos. Para abrir em seu navegador, pela primeira vez, o jogo precisa somente de cerca de 10 megabytes. No fundo, o jogo vai transmitir mais um pouco para o conte\u00fado real do jogo. Al\u00e9m disso, o jogo online 3D ir\u00e1 atualizar automaticamente na hora, assim que voc\u00ea n\u00e3o tem que esperar nenhum minuto, mesmo se expandirmos o mundo on-line ou remove-lo.<\/p>\n<h3>Jogos de Navegador n\u00e3o s\u00e3o para mim! Eu n\u00e3o gosto de  fazendas.<\/h3>\n<p>Compreendemos perfeitamente. N\u00f3s realmente gostamos de fazendas, mas n\u00e3o tanto que queremos construir mais uma. Dino Storm n\u00e3o \u00e9 seu tipo de jogo. Ele fornece o mundo 3D em tempo real, como voc\u00ea ve em t\u00edtulos que cust\u00e3o muito dinheiro. O jogo \u00e9 um inteiramente MMO.<\/p>\n<h3>Quais plataformas s\u00e3o suportadas?<\/h3>\n<p>Dinossauros s\u00e3o animais complexos e atualmente apenas suportamos-los em PC Windows. Estamos trabalhando em uma vers\u00e3o do sistema operacional Mac e \u00e9 absolutamente poss\u00edvel que at\u00e9 o Natal a vers\u00e3o para Mac seja liberada.<\/p>\n<p><\/br><\/br><\/br><\/br><\/br><\/p>\n<p><img class=\"colorbox-4193\"  decoding=\"async\" src=\"\/wp-content\/themes\/arras\/images\/dinostorm\/Dino-Storm-Comic-4.png\" alt=\"The browser based game Dino Storm\"><\/p>\n<\/div>\n<div class=full>\n<img decoding=\"async\" class=\"hr3 colorbox-4193\" src=\"\/wp-content\/themes\/arras\/images\/dinostorm\/seperator_big.png\" alt=\"separator dino storm\" \/>\n<\/div>\n","protected":false},"excerpt":{"rendered":"<p>Dino Storm &#8211; FAQ Voltar Perguntas gerais sobre o jogo de navegador Dino Storm O que \u00e9 Dino Storm? Dino Storm \u00e9 um jogo de browser gr\u00e1tis multiplayer, com \u00f3timos efeitos visuais 3D. Voc\u00ea \u00e9 [&hellip;]<\/p>\n","protected":false},"author":26,"featured_media":-1,"parent":4188,"menu_order":0,"comment_status":"closed","ping_status":"closed","template":"pagetpl-onecolumn.php","meta":{"footnotes":"","_links_to":"","_links_to_target":""},"class_list":["post-4193","page","type-page","status-publish","has-post-thumbnail","hentry"],"yoast_head":"<!-- This site is optimized with the Yoast SEO plugin v27.3 - https:\/\/yoast.com\/product\/yoast-seo-wordpress\/ -->\n<title>FAQ - Dino Storm<\/title>\n<meta name=\"description\" content=\"Perguntas freq\u00fcentes sobre Dino Storm.\" \/>\n<meta name=\"robots\" content=\"index, follow, max-snippet:-1, max-image-preview:large, max-video-preview:-1\" \/>\n<link rel=\"canonical\" href=\"https:\/\/dinostorm.com\/pt-br\/jogo\/faq\/\" \/>\n<meta property=\"og:locale\" content=\"pt_PT\" \/>\n<meta property=\"og:type\" content=\"article\" \/>\n<meta property=\"og:title\" content=\"FAQ - Dino Storm\" \/>\n<meta property=\"og:description\" content=\"Perguntas freq\u00fcentes sobre Dino Storm.\" \/>\n<meta property=\"og:url\" content=\"https:\/\/dinostorm.com\/pt-br\/jogo\/faq\/\" \/>\n<meta property=\"og:site_name\" content=\"Dino Storm\" \/>\n<meta property=\"article:modified_time\" content=\"2018-02-01T12:44:20+00:00\" \/>\n<meta name=\"twitter:label1\" content=\"Est. reading time\" \/>\n\t<meta name=\"twitter:data1\" content=\"3 minutes\" \/>\n<script type=\"application\/ld+json\" class=\"yoast-schema-graph\">{\"@context\":\"https:\\\/\\\/schema.org\",\"@graph\":[{\"@type\":\"WebPage\",\"@id\":\"https:\\\/\\\/dinostorm.com\\\/pt-br\\\/jogo\\\/faq\\\/\",\"url\":\"https:\\\/\\\/dinostorm.com\\\/pt-br\\\/jogo\\\/faq\\\/\",\"name\":\"FAQ - Dino Storm\",\"isPartOf\":{\"@id\":\"https:\\\/\\\/dinostorm.com\\\/pt-br\\\/#website\"},\"datePublished\":\"2011-01-12T20:09:13+00:00\",\"dateModified\":\"2018-02-01T12:44:20+00:00\",\"description\":\"Perguntas freq\u00fcentes sobre Dino Storm.\",\"breadcrumb\":{\"@id\":\"https:\\\/\\\/dinostorm.com\\\/pt-br\\\/jogo\\\/faq\\\/#breadcrumb\"},\"inLanguage\":\"pt-br\",\"potentialAction\":[{\"@type\":\"ReadAction\",\"target\":[\"https:\\\/\\\/dinostorm.com\\\/pt-br\\\/jogo\\\/faq\\\/\"]}]},{\"@type\":\"BreadcrumbList\",\"@id\":\"https:\\\/\\\/dinostorm.com\\\/pt-br\\\/jogo\\\/faq\\\/#breadcrumb\",\"itemListElement\":[{\"@type\":\"ListItem\",\"position\":1,\"name\":\"Home\",\"item\":\"https:\\\/\\\/dinostorm.com\\\/pt-br\\\/\"},{\"@type\":\"ListItem\",\"position\":2,\"name\":\"Jogo\",\"item\":\"https:\\\/\\\/dinostorm.com\\\/pt-br\\\/jogo\\\/\"},{\"@type\":\"ListItem\",\"position\":3,\"name\":\"FAQ\"}]},{\"@type\":\"WebSite\",\"@id\":\"https:\\\/\\\/dinostorm.com\\\/pt-br\\\/#website\",\"url\":\"https:\\\/\\\/dinostorm.com\\\/pt-br\\\/\",\"name\":\"Dino Storm\",\"description\":\"\",\"potentialAction\":[{\"@type\":\"SearchAction\",\"target\":{\"@type\":\"EntryPoint\",\"urlTemplate\":\"https:\\\/\\\/dinostorm.com\\\/pt-br\\\/?s={search_term_string}\"},\"query-input\":{\"@type\":\"PropertyValueSpecification\",\"valueRequired\":true,\"valueName\":\"search_term_string\"}}],\"inLanguage\":\"pt-br\"}]}<\/script>\n<!-- \/ Yoast SEO plugin. -->","yoast_head_json":{"title":"FAQ - Dino Storm","description":"Perguntas freq\u00fcentes sobre Dino Storm.","robots":{"index":"index","follow":"follow","max-snippet":"max-snippet:-1","max-image-preview":"max-image-preview:large","max-video-preview":"max-video-preview:-1"},"canonical":"https:\/\/dinostorm.com\/pt-br\/jogo\/faq\/","og_locale":"pt_PT","og_type":"article","og_title":"FAQ - Dino Storm","og_description":"Perguntas freq\u00fcentes sobre Dino Storm.","og_url":"https:\/\/dinostorm.com\/pt-br\/jogo\/faq\/","og_site_name":"Dino Storm","article_modified_time":"2018-02-01T12:44:20+00:00","twitter_misc":{"Est. reading time":"3 minutes"},"schema":{"@context":"https:\/\/schema.org","@graph":[{"@type":"WebPage","@id":"https:\/\/dinostorm.com\/pt-br\/jogo\/faq\/","url":"https:\/\/dinostorm.com\/pt-br\/jogo\/faq\/","name":"FAQ - Dino Storm","isPartOf":{"@id":"https:\/\/dinostorm.com\/pt-br\/#website"},"datePublished":"2011-01-12T20:09:13+00:00","dateModified":"2018-02-01T12:44:20+00:00","description":"Perguntas freq\u00fcentes sobre Dino Storm.","breadcrumb":{"@id":"https:\/\/dinostorm.com\/pt-br\/jogo\/faq\/#breadcrumb"},"inLanguage":"pt-br","potentialAction":[{"@type":"ReadAction","target":["https:\/\/dinostorm.com\/pt-br\/jogo\/faq\/"]}]},{"@type":"BreadcrumbList","@id":"https:\/\/dinostorm.com\/pt-br\/jogo\/faq\/#breadcrumb","itemListElement":[{"@type":"ListItem","position":1,"name":"Home","item":"https:\/\/dinostorm.com\/pt-br\/"},{"@type":"ListItem","position":2,"name":"Jogo","item":"https:\/\/dinostorm.com\/pt-br\/jogo\/"},{"@type":"ListItem","position":3,"name":"FAQ"}]},{"@type":"WebSite","@id":"https:\/\/dinostorm.com\/pt-br\/#website","url":"https:\/\/dinostorm.com\/pt-br\/","name":"Dino Storm","description":"","potentialAction":[{"@type":"SearchAction","target":{"@type":"EntryPoint","urlTemplate":"https:\/\/dinostorm.com\/pt-br\/?s={search_term_string}"},"query-input":{"@type":"PropertyValueSpecification","valueRequired":true,"valueName":"search_term_string"}}],"inLanguage":"pt-br"}]}},"_links":{"self":[{"href":"https:\/\/dinostorm.com\/pt-br\/wp-json\/wp\/v2\/pages\/4193","targetHints":{"allow":["GET"]}}],"collection":[{"href":"https:\/\/dinostorm.com\/pt-br\/wp-json\/wp\/v2\/pages"}],"about":[{"href":"https:\/\/dinostorm.com\/pt-br\/wp-json\/wp\/v2\/types\/page"}],"author":[{"embeddable":true,"href":"https:\/\/dinostorm.com\/pt-br\/wp-json\/wp\/v2\/users\/26"}],"replies":[{"embeddable":true,"href":"https:\/\/dinostorm.com\/pt-br\/wp-json\/wp\/v2\/comments?post=4193"}],"version-history":[{"count":0,"href":"https:\/\/dinostorm.com\/pt-br\/wp-json\/wp\/v2\/pages\/4193\/revisions"}],"up":[{"embeddable":true,"href":"https:\/\/dinostorm.com\/pt-br\/wp-json\/wp\/v2\/pages\/4188"}],"wp:featuredmedia":[{"embeddable":true,"href":"https:\/\/dinostorm.com\/pt-br\/wp-json\/"}],"wp:attachment":[{"href":"https:\/\/dinostorm.com\/pt-br\/wp-json\/wp\/v2\/media?parent=4193"}],"curies":[{"name":"wp","href":"https:\/\/api.w.org\/{rel}","templated":true}]}}