{"id":4190,"date":"2011-02-15T23:52:31","date_gmt":"2011-02-15T21:52:31","guid":{"rendered":"http:\/\/dinostorm.com\/?page_id=4190"},"modified":"2018-02-01T15:08:52","modified_gmt":"2018-02-01T13:08:52","slug":"guia-do-jogo","status":"publish","type":"page","link":"https:\/\/dinostorm.com\/pt-br\/jogo\/guia-do-jogo\/","title":{"rendered":"Guia do jogo"},"content":{"rendered":"<div class=\"teaser\"><\/div>\n<h1 class=\"headline_page width_500\"><span>Guia do jogo Dino Storm<\/span><\/h1>\n<p class=\"back-button back-pos500\"><a class=\"back-block\" href=\"http:\/\/dinostorm.com\/pt-br\/jogo\/\">Voltar<\/a><\/p>\n<div class=\"one_half\">\n<h2>Dino Storm, Jogo Online 3D<\/h2>\n<p>Fama e fortuna esperam por bravos aventureiros no jogo <a href=\"http:\/\/dinostorm.com\/pt-br\/\">Dino Storm<\/a> 3D gratuito. Com apenas alguns d\u00f3lares em seu bolso, pouca muni\u00e7\u00e3o e um canh\u00e3o de laser montado em seu pequeno dinossauro, voc\u00ea faz o seu caminho para a cidade de Dinoville. Gigantescas manadas de dinossauros e bandos de impiedosos bandidos no velho oeste e voc\u00ea come\u00e7a sua busca emocionante por itens valiosos. Defina campos de abastecimento, postos avan\u00e7ados e minas de ouro e defend\u00ea-los contra outros jogadores e ganhe fama e respeito. S\u00f3 o melhor vai conseguir se tornar o xerife da cidade.<\/p>\n<p><img class=\"colorbox-4190\"  decoding=\"async\" src=\"\/wp-content\/themes\/arras\/images\/dinostorm\/Dino-Storm-Comic3.png\" alt=\"The online 3d games Dino Storm\"><\/p>\n<\/div>\n<div class=\"one_half_last\">\n<\/div>\n<div class=\"full3\">\n<p><img class=\"colorbox-4190\"  decoding=\"async\" src=\"\/wp-content\/themes\/arras\/images\/dinostorm\/Dino-Storm-Header-1.png\" alt=\"Free 3d game Dino Storm\"><\/p>\n<\/div>\n<div class=\"one_half\">\n<h2>Caracter\u00edsticas Dino Storm<\/h2>\n<h3>Explore um mundo selvagem de jogos online Online 3D<\/h3>\n<p>Um mundo de jogos 3D gratuitos aguardam bravos aventureiros em torno de Dinoville. Rebanhos de <a href=\"http:\/\/dinostorm.com\/pt-br\/jogo\/dicionario-de-dinossauro\/\">dinossauro<\/a> vagueiam atrav\u00e9s de canyons. Cl\u00e3s de bandidos est\u00e3o \u00e0 solta, e o lugar est\u00e1 cheio de itens valiosos. O mundo de jogo 3D online nunca \u00e9 o mesmo, e o perigo espreita em todos os lugares. Cada expedi\u00e7\u00e3o deve ser cuidadosamente preparada.<\/p>\n<h3>Vender seu saque por d\u00f3lares de Dino<\/h3>\n<p>In\u00fameros itens podem ser coletados no mundo 3d do jogo online. Se voc\u00ea levar seu saque de volta para Dinoville, com \u00eaxito, voc\u00ea pode vend\u00ea-lo no mercado por d\u00f3lares. Outras tarefas ir\u00e3o recompens\u00e1-lo com ainda mais valiosos itens e moedas de ouro!<\/p>\n<h3>Aventuras de experi\u00eancia ao ar livre<\/h3>\n<p>Como cowboy em Dinoville, voc\u00ea vai ter suas m\u00e3os cheias de coisas pra fazer, mas voc\u00ea n\u00e3o est\u00e1 sozinho: se voc\u00ea est\u00e1 fazendo vida dif\u00edcil para os bandidos as cidade , vil\u00f5es e cl\u00e3s, \u00e0 procura de f\u00f3sseis, coleta de alimento, ou apenas na condu\u00e7\u00e3o de uma manada de dinossauros selvagens, voc\u00ea pode sempre trabalhar em conjunto com outros jogadores para resolver sua tarefa.<\/p>\n<h3>Controle os edif\u00edcios contestados<\/h3>\n<p>Edif\u00edcios tais como fornecedores de acamoamento, postos ou as minas de ouro podem ser encontradas em todos os lugares ao redor de Dinoville. Voc\u00ea pode assumir o controle desses edif\u00edcios. Importantes edif\u00edcios permitem acumular fortuna e fama enorme. Mas cuidado, que seus edif\u00edcios t\u00eam que ser regularmente fornecido e defendidos contra outros Cowboys que v\u00e3o tentar tir\u00e1-los de voc\u00ea. Quem quiser manter importantes minas de ouro, deve trazer muita muni\u00e7\u00e3o.\n<\/p><\/div>\n<div class=\"one_half_last\">\n<\/br><\/br><\/br><\/p>\n<h3>Encontrou seu pr\u00f3prio cl\u00e3<\/h3>\n<p>Juntos, voc\u00eas s\u00e3o fortes! Junte-se a seus amigos e formen seu pr\u00f3prio cl\u00e3. Em uma equipe, voc\u00ea pode avan\u00e7ar ainda mais no mundo on-line 3D de Dino Storm.Assim \u00e9 mais f\u00e1cil controlar e dar suporte a defesa a seus edif\u00edcios.<\/p>\n<h3>Obter escrit\u00f3rios e se tornar o xerife de s da cidade<\/h3>\n<p>Por terminar aventuras com sucesso edif\u00edcios, voc\u00ea vai ganhar cada vez mais reconhecimento. Este reconhecimento ir\u00e1 ajud\u00e1-lo se voc\u00ea for concorrer para o escrit\u00f3rio na cidade.<\/p>\n<p>Aqui, voc\u00ea ter\u00e1 que prevalecer sobre outros jogadores, e apenas o melhor ir\u00e1 chegar ao topo da carreira. Escrit\u00f3rios oferecem privil\u00e9gios especiais, tais como o acesso a itens poderosos e raros dinossauros.<br \/>\n<\/br><\/br><br \/>\n<center><img class=\"colorbox-4190\"  decoding=\"async\" src=\"\/wp-content\/themes\/arras\/images\/dinostorm\/Dino-Storm-Comic-2.png\" alt=\"The 3d online game Dino Storm, play now for free\"><\/center><\/p>\n<\/div>\n<div class=full>\n<img decoding=\"async\" class=\"hr3 colorbox-4190\" src=\"\/wp-content\/themes\/arras\/images\/dinostorm\/seperator_big.png\" alt=\"separator dino storm\" \/>\n<\/div>\n","protected":false},"excerpt":{"rendered":"<p>Guia do jogo Dino Storm Voltar Dino Storm, Jogo Online 3D Fama e fortuna esperam por bravos aventureiros no jogo Dino Storm 3D gratuito. Com apenas alguns d\u00f3lares em seu bolso, pouca muni\u00e7\u00e3o e um [&hellip;]<\/p>\n","protected":false},"author":26,"featured_media":-1,"parent":4188,"menu_order":0,"comment_status":"closed","ping_status":"closed","template":"pagetpl-onecolumn.php","meta":{"footnotes":"","_links_to":"","_links_to_target":""},"class_list":["post-4190","page","type-page","status-publish","has-post-thumbnail","hentry"],"yoast_head":"<!-- This site is optimized with the Yoast SEO plugin v27.4 - https:\/\/yoast.com\/product\/yoast-seo-wordpress\/ -->\n<title>Guia do jogo - Dino Storm<\/title>\n<meta name=\"description\" content=\"Dino Storm \u00e9 um jogo 3D online com cowboys, dinossauros e armas laser. Saiba mais sobre Dino Storm, dando um olhar para o guia do jogo.\" \/>\n<meta name=\"robots\" content=\"index, follow, max-snippet:-1, max-image-preview:large, max-video-preview:-1\" \/>\n<link rel=\"canonical\" href=\"https:\/\/dinostorm.com\/pt-br\/jogo\/guia-do-jogo\/\" \/>\n<meta property=\"og:locale\" content=\"pt_PT\" \/>\n<meta property=\"og:type\" content=\"article\" \/>\n<meta property=\"og:title\" content=\"Guia do jogo - Dino Storm\" \/>\n<meta property=\"og:description\" content=\"Dino Storm \u00e9 um jogo 3D online com cowboys, dinossauros e armas laser. Saiba mais sobre Dino Storm, dando um olhar para o guia do jogo.\" \/>\n<meta property=\"og:url\" content=\"https:\/\/dinostorm.com\/pt-br\/jogo\/guia-do-jogo\/\" \/>\n<meta property=\"og:site_name\" content=\"Dino Storm\" \/>\n<meta property=\"article:modified_time\" content=\"2018-02-01T13:08:52+00:00\" \/>\n<meta name=\"twitter:label1\" content=\"Est. reading time\" \/>\n\t<meta name=\"twitter:data1\" content=\"3 minutes\" \/>\n<script type=\"application\/ld+json\" class=\"yoast-schema-graph\">{\"@context\":\"https:\\\/\\\/schema.org\",\"@graph\":[{\"@type\":\"WebPage\",\"@id\":\"https:\\\/\\\/dinostorm.com\\\/pt-br\\\/jogo\\\/guia-do-jogo\\\/\",\"url\":\"https:\\\/\\\/dinostorm.com\\\/pt-br\\\/jogo\\\/guia-do-jogo\\\/\",\"name\":\"Guia do jogo - Dino Storm\",\"isPartOf\":{\"@id\":\"https:\\\/\\\/dinostorm.com\\\/pt-br\\\/#website\"},\"datePublished\":\"2011-02-15T21:52:31+00:00\",\"dateModified\":\"2018-02-01T13:08:52+00:00\",\"description\":\"Dino Storm \u00e9 um jogo 3D online com cowboys, dinossauros e armas laser. Saiba mais sobre Dino Storm, dando um olhar para o guia do jogo.\",\"breadcrumb\":{\"@id\":\"https:\\\/\\\/dinostorm.com\\\/pt-br\\\/jogo\\\/guia-do-jogo\\\/#breadcrumb\"},\"inLanguage\":\"pt-br\",\"potentialAction\":[{\"@type\":\"ReadAction\",\"target\":[\"https:\\\/\\\/dinostorm.com\\\/pt-br\\\/jogo\\\/guia-do-jogo\\\/\"]}]},{\"@type\":\"BreadcrumbList\",\"@id\":\"https:\\\/\\\/dinostorm.com\\\/pt-br\\\/jogo\\\/guia-do-jogo\\\/#breadcrumb\",\"itemListElement\":[{\"@type\":\"ListItem\",\"position\":1,\"name\":\"Home\",\"item\":\"https:\\\/\\\/dinostorm.com\\\/pt-br\\\/\"},{\"@type\":\"ListItem\",\"position\":2,\"name\":\"Jogo\",\"item\":\"https:\\\/\\\/dinostorm.com\\\/pt-br\\\/jogo\\\/\"},{\"@type\":\"ListItem\",\"position\":3,\"name\":\"Guia do jogo\"}]},{\"@type\":\"WebSite\",\"@id\":\"https:\\\/\\\/dinostorm.com\\\/pt-br\\\/#website\",\"url\":\"https:\\\/\\\/dinostorm.com\\\/pt-br\\\/\",\"name\":\"Dino Storm\",\"description\":\"\",\"potentialAction\":[{\"@type\":\"SearchAction\",\"target\":{\"@type\":\"EntryPoint\",\"urlTemplate\":\"https:\\\/\\\/dinostorm.com\\\/pt-br\\\/?s={search_term_string}\"},\"query-input\":{\"@type\":\"PropertyValueSpecification\",\"valueRequired\":true,\"valueName\":\"search_term_string\"}}],\"inLanguage\":\"pt-br\"}]}<\/script>\n<!-- \/ Yoast SEO plugin. -->","yoast_head_json":{"title":"Guia do jogo - Dino Storm","description":"Dino Storm \u00e9 um jogo 3D online com cowboys, dinossauros e armas laser. Saiba mais sobre Dino Storm, dando um olhar para o guia do jogo.","robots":{"index":"index","follow":"follow","max-snippet":"max-snippet:-1","max-image-preview":"max-image-preview:large","max-video-preview":"max-video-preview:-1"},"canonical":"https:\/\/dinostorm.com\/pt-br\/jogo\/guia-do-jogo\/","og_locale":"pt_PT","og_type":"article","og_title":"Guia do jogo - Dino Storm","og_description":"Dino Storm \u00e9 um jogo 3D online com cowboys, dinossauros e armas laser. Saiba mais sobre Dino Storm, dando um olhar para o guia do jogo.","og_url":"https:\/\/dinostorm.com\/pt-br\/jogo\/guia-do-jogo\/","og_site_name":"Dino Storm","article_modified_time":"2018-02-01T13:08:52+00:00","twitter_misc":{"Est. reading time":"3 minutes"},"schema":{"@context":"https:\/\/schema.org","@graph":[{"@type":"WebPage","@id":"https:\/\/dinostorm.com\/pt-br\/jogo\/guia-do-jogo\/","url":"https:\/\/dinostorm.com\/pt-br\/jogo\/guia-do-jogo\/","name":"Guia do jogo - Dino Storm","isPartOf":{"@id":"https:\/\/dinostorm.com\/pt-br\/#website"},"datePublished":"2011-02-15T21:52:31+00:00","dateModified":"2018-02-01T13:08:52+00:00","description":"Dino Storm \u00e9 um jogo 3D online com cowboys, dinossauros e armas laser. Saiba mais sobre Dino Storm, dando um olhar para o guia do jogo.","breadcrumb":{"@id":"https:\/\/dinostorm.com\/pt-br\/jogo\/guia-do-jogo\/#breadcrumb"},"inLanguage":"pt-br","potentialAction":[{"@type":"ReadAction","target":["https:\/\/dinostorm.com\/pt-br\/jogo\/guia-do-jogo\/"]}]},{"@type":"BreadcrumbList","@id":"https:\/\/dinostorm.com\/pt-br\/jogo\/guia-do-jogo\/#breadcrumb","itemListElement":[{"@type":"ListItem","position":1,"name":"Home","item":"https:\/\/dinostorm.com\/pt-br\/"},{"@type":"ListItem","position":2,"name":"Jogo","item":"https:\/\/dinostorm.com\/pt-br\/jogo\/"},{"@type":"ListItem","position":3,"name":"Guia do jogo"}]},{"@type":"WebSite","@id":"https:\/\/dinostorm.com\/pt-br\/#website","url":"https:\/\/dinostorm.com\/pt-br\/","name":"Dino Storm","description":"","potentialAction":[{"@type":"SearchAction","target":{"@type":"EntryPoint","urlTemplate":"https:\/\/dinostorm.com\/pt-br\/?s={search_term_string}"},"query-input":{"@type":"PropertyValueSpecification","valueRequired":true,"valueName":"search_term_string"}}],"inLanguage":"pt-br"}]}},"_links":{"self":[{"href":"https:\/\/dinostorm.com\/pt-br\/wp-json\/wp\/v2\/pages\/4190","targetHints":{"allow":["GET"]}}],"collection":[{"href":"https:\/\/dinostorm.com\/pt-br\/wp-json\/wp\/v2\/pages"}],"about":[{"href":"https:\/\/dinostorm.com\/pt-br\/wp-json\/wp\/v2\/types\/page"}],"author":[{"embeddable":true,"href":"https:\/\/dinostorm.com\/pt-br\/wp-json\/wp\/v2\/users\/26"}],"replies":[{"embeddable":true,"href":"https:\/\/dinostorm.com\/pt-br\/wp-json\/wp\/v2\/comments?post=4190"}],"version-history":[{"count":0,"href":"https:\/\/dinostorm.com\/pt-br\/wp-json\/wp\/v2\/pages\/4190\/revisions"}],"up":[{"embeddable":true,"href":"https:\/\/dinostorm.com\/pt-br\/wp-json\/wp\/v2\/pages\/4188"}],"wp:featuredmedia":[{"embeddable":true,"href":"https:\/\/dinostorm.com\/pt-br\/wp-json\/"}],"wp:attachment":[{"href":"https:\/\/dinostorm.com\/pt-br\/wp-json\/wp\/v2\/media?parent=4190"}],"curies":[{"name":"wp","href":"https:\/\/api.w.org\/{rel}","templated":true}]}}