{"id":4188,"date":"2012-10-18T09:05:45","date_gmt":"2012-10-18T07:05:45","guid":{"rendered":"http:\/\/dinostorm.com\/?page_id=4188"},"modified":"2018-02-01T15:09:04","modified_gmt":"2018-02-01T13:09:04","slug":"jogo","status":"publish","type":"page","link":"https:\/\/dinostorm.com\/pt-br\/jogo\/","title":{"rendered":"Jogo"},"content":{"rendered":"<div class=\"teaser\"><\/div>\n<h1 class=\"headline_page width_500\"><span>Dino Storm &#8211; introdu\u00e7\u00e3o<\/span><\/h1>\n<p class=\"back-button back-pos500\"><a class=\"back-block\" href=\"http:\/\/dinostorm.com\/pt-br\/\">Home<\/a><\/p>\n<div class=\"one_half\">\n<p><img class=\"colorbox-4188\"  decoding=\"async\" src=\"\/wp-content\/themes\/arras\/images\/dinostorm\/Dino-Storm-Comic-1.png\" alt=\"C\u00f4mico DINO STORM\"><\/p>\n<h2>O jogo multiplayer 3D com Dinos, Cowboys und armas Laser<\/h2>\n<p>Dino Storm \u00e9 um jogo gr\u00e1tis multiplayer 3D. \u00c9 sobre dinossauros, cowboys e armas laser. D\u00ea uma olhada em nossos manuais sobre dinossauro, m\u00f3dulos de tecnologia arma a laser ou visite a nossa p\u00e1gina de FAQ para obter mais informa\u00e7\u00f5es e dicas.Abaixo voc\u00ea encontra todo sobre Dino Storm. Diverta-se.\n<\/p><\/div>\n<div class=\"one_half_last\">\n<p class=\"padding_left30\">\n<object width=\"400\" height=\"255\"><param name=\"movie\" value=\"http:\/\/www.youtube.com\/v\/li7edRhcBWQ&#038;hl=en&#038;fs=1&#038;showinfo=0\"><\/param><param name=\"allowFullScreen\" value=\"true\"><\/param><param name=\"allowscriptaccess\" value=\"always\"><\/param><embed src=\"http:\/\/www.youtube.com\/v\/li7edRhcBWQ&#038;hl=en&#038;fs=1&#038;showinfo=0\" type=\"application\/x-shockwave-flash\" allowscriptaccess=\"always\" allowfullscreen=\"true\" width=\"400\" height=\"255\"><\/embed><\/object>\n<\/p>\n<\/div>\n<div class=\"full\">\n<img decoding=\"async\" class=\"hr3 margin35 colorbox-4188\" src=\"\/wp-content\/themes\/arras\/images\/dinostorm\/seperator_small.png\" alt=\"separator dino storm\">\n<\/div>\n<p><a name=\"overview\"><\/a><\/p>\n<div class=\"games_auswahl\">\n<a class=\"button1\" href=\"http:\/\/dinostorm.com\/pt-br\/jogo\/guia-do-jogo\/\"><span>Guia do jogo<\/span><\/a> <a class=\"button4\" href=\"http:\/\/dinostorm.com\/pt-br\/jogo\/dicionario-de-dinossauro\/\"><span>Dicion\u00e1rio de dinossauro<br \/>\n<\/span><\/a>><a class=\"button3\" href=\"http:\/\/dinostorm.com\/pt-br\/jogo\/implantes-de-dinossauro\/\"><span>Implantes de dinossauro<\/span><\/a><a class=\"button2\" href=\"\/pt-br\/jogo\/faq\"><span>FAQ<\/span><\/a><a class=\"button5\" href=\"http:\/\/dinostorm.com\/pt-br\/jogo\/manual-de-arma\/\"><span>Manual de arma<\/span><\/a><a class=\"button6\" href=\"http:\/\/dinostorm.com\/pt-br\/jogo\/modulos-de-tecnologia-de-armas\/\"><span>M\u00f3dulos de tecnologia de armas<\/span><\/a>a>a>a>a>a>a>a>a>a>a>a>\n<\/div>\n<div class=full>\n<img decoding=\"async\" class=\"hr3 margin35 colorbox-4188\" src=\"\/wp-content\/themes\/arras\/images\/dinostorm\/seperator_big.png\" alt=\"separator dino storm\" \/>\n<\/div>\n","protected":false},"excerpt":{"rendered":"<p>Dino Storm &#8211; introdu\u00e7\u00e3o Home O jogo multiplayer 3D com Dinos, Cowboys und armas Laser Dino Storm \u00e9 um jogo gr\u00e1tis multiplayer 3D. \u00c9 sobre dinossauros, cowboys e armas laser. D\u00ea uma olhada em nossos [&hellip;]<\/p>\n","protected":false},"author":26,"featured_media":-1,"parent":0,"menu_order":0,"comment_status":"closed","ping_status":"closed","template":"pagetpl-onecolumn.php","meta":{"footnotes":"","_links_to":"","_links_to_target":""},"class_list":["post-4188","page","type-page","status-publish","has-post-thumbnail","hentry"],"yoast_head":"<!-- This site is optimized with the Yoast SEO plugin v27.4 - https:\/\/yoast.com\/product\/yoast-seo-wordpress\/ -->\n<title>Dino Storm - vis\u00e3o geral sobre nosso jogo Online gratuito<\/title>\n<meta name=\"description\" content=\"\u00c9 sobre dinossauros, Cowboyz e armas laser. D\u00ea uma olhada no nosso manual de dinossauro, m\u00f3dulos de tecnologia de arma a laser ou visite a nossa p\u00e1gina ...\" \/>\n<meta name=\"robots\" content=\"index, follow, max-snippet:-1, max-image-preview:large, max-video-preview:-1\" \/>\n<link rel=\"canonical\" href=\"https:\/\/dinostorm.com\/pt-br\/jogo\/\" \/>\n<meta property=\"og:locale\" content=\"pt_PT\" \/>\n<meta property=\"og:type\" content=\"article\" \/>\n<meta property=\"og:title\" content=\"Dino Storm - vis\u00e3o geral sobre nosso jogo Online gratuito\" \/>\n<meta property=\"og:description\" content=\"\u00c9 sobre dinossauros, Cowboyz e armas laser. D\u00ea uma olhada no nosso manual de dinossauro, m\u00f3dulos de tecnologia de arma a laser ou visite a nossa p\u00e1gina ...\" \/>\n<meta property=\"og:url\" content=\"https:\/\/dinostorm.com\/pt-br\/jogo\/\" \/>\n<meta property=\"og:site_name\" content=\"Dino Storm\" \/>\n<meta property=\"article:modified_time\" content=\"2018-02-01T13:09:04+00:00\" \/>\n<script type=\"application\/ld+json\" class=\"yoast-schema-graph\">{\"@context\":\"https:\\\/\\\/schema.org\",\"@graph\":[{\"@type\":\"WebPage\",\"@id\":\"https:\\\/\\\/dinostorm.com\\\/pt-br\\\/jogo\\\/\",\"url\":\"https:\\\/\\\/dinostorm.com\\\/pt-br\\\/jogo\\\/\",\"name\":\"Dino Storm - vis\u00e3o geral sobre nosso jogo Online gratuito\",\"isPartOf\":{\"@id\":\"https:\\\/\\\/dinostorm.com\\\/pt-br\\\/#website\"},\"datePublished\":\"2012-10-18T07:05:45+00:00\",\"dateModified\":\"2018-02-01T13:09:04+00:00\",\"description\":\"\u00c9 sobre dinossauros, Cowboyz e armas laser. D\u00ea uma olhada no nosso manual de dinossauro, m\u00f3dulos de tecnologia de arma a laser ou visite a nossa p\u00e1gina ...\",\"breadcrumb\":{\"@id\":\"https:\\\/\\\/dinostorm.com\\\/pt-br\\\/jogo\\\/#breadcrumb\"},\"inLanguage\":\"pt-br\",\"potentialAction\":[{\"@type\":\"ReadAction\",\"target\":[\"https:\\\/\\\/dinostorm.com\\\/pt-br\\\/jogo\\\/\"]}]},{\"@type\":\"BreadcrumbList\",\"@id\":\"https:\\\/\\\/dinostorm.com\\\/pt-br\\\/jogo\\\/#breadcrumb\",\"itemListElement\":[{\"@type\":\"ListItem\",\"position\":1,\"name\":\"Home\",\"item\":\"https:\\\/\\\/dinostorm.com\\\/pt-br\\\/\"},{\"@type\":\"ListItem\",\"position\":2,\"name\":\"Jogo\"}]},{\"@type\":\"WebSite\",\"@id\":\"https:\\\/\\\/dinostorm.com\\\/pt-br\\\/#website\",\"url\":\"https:\\\/\\\/dinostorm.com\\\/pt-br\\\/\",\"name\":\"Dino Storm\",\"description\":\"\",\"potentialAction\":[{\"@type\":\"SearchAction\",\"target\":{\"@type\":\"EntryPoint\",\"urlTemplate\":\"https:\\\/\\\/dinostorm.com\\\/pt-br\\\/?s={search_term_string}\"},\"query-input\":{\"@type\":\"PropertyValueSpecification\",\"valueRequired\":true,\"valueName\":\"search_term_string\"}}],\"inLanguage\":\"pt-br\"}]}<\/script>\n<!-- \/ Yoast SEO plugin. -->","yoast_head_json":{"title":"Dino Storm - vis\u00e3o geral sobre nosso jogo Online gratuito","description":"\u00c9 sobre dinossauros, Cowboyz e armas laser. D\u00ea uma olhada no nosso manual de dinossauro, m\u00f3dulos de tecnologia de arma a laser ou visite a nossa p\u00e1gina ...","robots":{"index":"index","follow":"follow","max-snippet":"max-snippet:-1","max-image-preview":"max-image-preview:large","max-video-preview":"max-video-preview:-1"},"canonical":"https:\/\/dinostorm.com\/pt-br\/jogo\/","og_locale":"pt_PT","og_type":"article","og_title":"Dino Storm - vis\u00e3o geral sobre nosso jogo Online gratuito","og_description":"\u00c9 sobre dinossauros, Cowboyz e armas laser. D\u00ea uma olhada no nosso manual de dinossauro, m\u00f3dulos de tecnologia de arma a laser ou visite a nossa p\u00e1gina ...","og_url":"https:\/\/dinostorm.com\/pt-br\/jogo\/","og_site_name":"Dino Storm","article_modified_time":"2018-02-01T13:09:04+00:00","schema":{"@context":"https:\/\/schema.org","@graph":[{"@type":"WebPage","@id":"https:\/\/dinostorm.com\/pt-br\/jogo\/","url":"https:\/\/dinostorm.com\/pt-br\/jogo\/","name":"Dino Storm - vis\u00e3o geral sobre nosso jogo Online gratuito","isPartOf":{"@id":"https:\/\/dinostorm.com\/pt-br\/#website"},"datePublished":"2012-10-18T07:05:45+00:00","dateModified":"2018-02-01T13:09:04+00:00","description":"\u00c9 sobre dinossauros, Cowboyz e armas laser. D\u00ea uma olhada no nosso manual de dinossauro, m\u00f3dulos de tecnologia de arma a laser ou visite a nossa p\u00e1gina ...","breadcrumb":{"@id":"https:\/\/dinostorm.com\/pt-br\/jogo\/#breadcrumb"},"inLanguage":"pt-br","potentialAction":[{"@type":"ReadAction","target":["https:\/\/dinostorm.com\/pt-br\/jogo\/"]}]},{"@type":"BreadcrumbList","@id":"https:\/\/dinostorm.com\/pt-br\/jogo\/#breadcrumb","itemListElement":[{"@type":"ListItem","position":1,"name":"Home","item":"https:\/\/dinostorm.com\/pt-br\/"},{"@type":"ListItem","position":2,"name":"Jogo"}]},{"@type":"WebSite","@id":"https:\/\/dinostorm.com\/pt-br\/#website","url":"https:\/\/dinostorm.com\/pt-br\/","name":"Dino Storm","description":"","potentialAction":[{"@type":"SearchAction","target":{"@type":"EntryPoint","urlTemplate":"https:\/\/dinostorm.com\/pt-br\/?s={search_term_string}"},"query-input":{"@type":"PropertyValueSpecification","valueRequired":true,"valueName":"search_term_string"}}],"inLanguage":"pt-br"}]}},"_links":{"self":[{"href":"https:\/\/dinostorm.com\/pt-br\/wp-json\/wp\/v2\/pages\/4188","targetHints":{"allow":["GET"]}}],"collection":[{"href":"https:\/\/dinostorm.com\/pt-br\/wp-json\/wp\/v2\/pages"}],"about":[{"href":"https:\/\/dinostorm.com\/pt-br\/wp-json\/wp\/v2\/types\/page"}],"author":[{"embeddable":true,"href":"https:\/\/dinostorm.com\/pt-br\/wp-json\/wp\/v2\/users\/26"}],"replies":[{"embeddable":true,"href":"https:\/\/dinostorm.com\/pt-br\/wp-json\/wp\/v2\/comments?post=4188"}],"version-history":[{"count":0,"href":"https:\/\/dinostorm.com\/pt-br\/wp-json\/wp\/v2\/pages\/4188\/revisions"}],"wp:featuredmedia":[{"embeddable":true,"href":"https:\/\/dinostorm.com\/pt-br\/wp-json\/"}],"wp:attachment":[{"href":"https:\/\/dinostorm.com\/pt-br\/wp-json\/wp\/v2\/media?parent=4188"}],"curies":[{"name":"wp","href":"https:\/\/api.w.org\/{rel}","templated":true}]}}