{"id":11688,"date":"2013-08-21T14:00:33","date_gmt":"2013-08-21T12:00:33","guid":{"rendered":"http:\/\/dinostorm.com\/jogo\/perfil"},"modified":"2018-02-01T13:59:50","modified_gmt":"2018-02-01T11:59:50","slug":"perfil","status":"publish","type":"page","link":"https:\/\/dinostorm.com\/pt-br\/jogo\/perfil\/","title":{"rendered":"Janela do perfil"},"content":{"rendered":"<div class=\"teaser\"><\/div>\n<h1 class=\"headline_page width_350\"><span>Janela do perfil<\/span><\/h1>\n<p class=\"back-button back-pos350\"><a class=\"back-block\" href=\"http:\/\/dinostorm.com\/pt-br\/jogo#overview\">Voltar<\/a><\/p>\n<div class=\"full\" style=\"margin-bottom: -64px;\">\n<p><img loading=\"lazy\" decoding=\"async\" class=\"wrapper_image_impl colorbox-11688\" alt=\"Fame: Dino Storm\" src=\"http:\/\/dinostorm.com\/wp-content\/uploads\/2014\/05\/fame-dude.png\" width=\"225\" height=\"140\" \/><\/p>\n<div class=\"wrapper_impl\">\n<p class=\"text-impl\">Tudo est\u00e1 vindo junto no Perfil poderoso.<br \/>\nTodo o seu equipamento, a qualquer hora.<\/p>\n<\/div>\n<\/div>\n<h2 style=\"clear: both; font-size: 27px; padding-top: 20px; margin-left: 39px;\">O perfil do Ranger<\/h2>\n<div style=\"margin-left: 46px; float: left; width: 231px; text-align: left;\">\n<div style=\"padding-top: 14px; color: #e18003; font-size: 18px; text-indent: -7px; float: left;\">\u2780<\/div>\n<h3 style=\"padding-left: 17px; color: #888888; line-height: 19px; font-size: 16px;\">Escolha entre d\u00fazias de \u00edtens de decora\u00e7\u00e3o para melhorar a apar\u00eancia do seu Ranger e se tornar mais famoso.<\/h3>\n<div style=\"padding-top: -3px; color: #e18003; font-size: 18px; text-indent: -7px; float: left;\">\u2781<\/div>\n<h3 style=\"padding-top: 2px; padding-left: 17px; color: #808080; line-height: 19px; font-size: 16px;\">Use a tecla de atalho para visualizar seu dinossauro e suas armas.<\/h3>\n<div style=\"padding-top: -3px; color: #e18003; font-size: 18px; text-indent: -7px; float: left;\">\u2782<\/div>\n<h3 style=\"padding-top: 2px; padding-left: 17px; color: #737373; line-height: 19px; font-size: 16px;\">Visualize os detalhes do seu Ranger, como n\u00edvel, quantidade de fama, t\u00edtulo e membros do clan.<\/h3>\n<div style=\"padding-top: -3px; color: #e18003; font-size: 18px; text-indent: -7px; float: left;\">\u2783<\/div>\n<h3 style=\"padding-top: 2px; padding-left: 17px; color: #737373; line-height: 19px; font-size: 16px;\">Veja seu Ranger com a vista 3D incorporada.<\/h3>\n<\/div>\n<p><img loading=\"lazy\" decoding=\"async\" class=\"alignright size-full wp-image-8734 colorbox-11688\" style=\"margin-top: -77px; margin-right: 46px;\" alt=\"Dino Storm \u2013 O perfil do Ranger\" src=\"http:\/\/dinostorm.com\/wp-content\/uploads\/2014\/05\/dino.storm_.ranger.profile.png\" width=\"612\" height=\"430\" srcset=\"https:\/\/dinostorm.com\/wp-content\/uploads\/2014\/05\/dino.storm_.ranger.profile.png 612w, https:\/\/dinostorm.com\/wp-content\/uploads\/2014\/05\/dino.storm_.ranger.profile-300x211.png 300w\" sizes=\"auto, (max-width: 612px) 100vw, 612px\" \/><\/p>\n<h2 style=\"clear: both; font-size: 25px; padding-top: 20px; margin-right: 46px; text-align: right;\">Perfil de armas e de Dinossauro<\/h2>\n<p><img loading=\"lazy\" decoding=\"async\" class=\"alignleft size-full wp-image-8733 colorbox-11688\" style=\"margin-top: -37px; margin-left: 46px;\" alt=\"Dino Storm \u2013 Perfil de armas e de Dinossauro\" src=\"http:\/\/dinostorm.com\/wp-content\/uploads\/2014\/05\/dino.storm_.dino_.profile.jpg\" width=\"612\" height=\"440\" srcset=\"https:\/\/dinostorm.com\/wp-content\/uploads\/2014\/05\/dino.storm_.dino_.profile.jpg 612w, https:\/\/dinostorm.com\/wp-content\/uploads\/2014\/05\/dino.storm_.dino_.profile-300x216.jpg 300w\" sizes=\"auto, (max-width: 612px) 100vw, 612px\" \/><\/p>\n<div style=\"margin-right: 46px; float: right; width: 231px; text-align: left;\">\n<div style=\"padding-top: 14px; color: #e18003; font-size: 18px; text-indent: -7px; float: left;\">\u2780<\/div>\n<h3 style=\"padding-left: 17px; color: #737373; line-height: 19px; font-size: 16px;\">Alterne entre todos os seus dinos, armas e add-ons com facilidade.<\/h3>\n<div style=\"padding-top: -3px; color: #e18003; font-size: 18px; text-indent: -7px; float: left;\">\u2781<\/div>\n<h3 style=\"padding-top: 2px; padding-left: 17px; color: #737373; line-height: 19px; font-size: 16px;\">Gerencie e compare todos os seus equipamentos, at\u00e9 mesmo \u00edtens que ainda est\u00e3o bloqueados.<\/h3>\n<div style=\"padding-top: -3px; color: #e18003; font-size: 18px; text-indent: -7px; float: left;\">\u2782<\/div>\n<h3 style=\"padding-top: 2px; padding-left: 17px; color: #737373; line-height: 19px; font-size: 16px;\">Inspecionar as habilidades dos seus dinossauros e armas.<\/h3>\n<div style=\"padding-top: -3px; color: #e18003; font-size: 18px; text-indent: -7px; float: left;\">\u2783<\/div>\n<h3 style=\"padding-top: 2px; padding-left: 17px; color: #737373; line-height: 19px; font-size: 16px;\">Melhore os seus dinossauros e armas com poderosos add-ons.<\/h3>\n<div style=\"padding-top: -3px; color: #e18003; font-size: 18px; text-indent: -7px; float: left;\">\u2784<\/div>\n<h3 style=\"padding-top: 2px; padding-left: 17px; color: #737373; line-height: 19px; font-size: 16px;\">Organize todas as atualiza\u00e7\u00f5es dos seus equipamentos em um mesmo lugar &#8212; mude simplesmente para a vista de atualiza\u00e7\u00e3o.<\/h3>\n<\/div>\n<h2 style=\"clear: both; font-size: 27px; padding-top: 20px; margin-left: 39px;\">Vista de atualiza\u00e7\u00f5es<\/h2>\n<div style=\"margin-left: 46px; float: left; width: 231px; text-align: left;\">\n<div style=\"padding-top: 14px; color: #e18003; font-size: 18px; text-indent: -7px; float: left;\">\u2780<\/div>\n<h3 style=\"padding-left: 17px; color: #737373; line-height: 19px; font-size: 16px;\">D\u00ea uma olhada na lista de ingredientes para a atualiza\u00e7\u00e3o atual. Clique no bot\u00e3o + ao lado de cada objeto para receber informa\u00e7\u00f5es de como encontrar-los.<\/h3>\n<div style=\"padding-top: -3px; color: #e18003; font-size: 18px; text-indent: -7px; float: left;\">\u2781<\/div>\n<h3 style=\"padding-top: 2px; padding-left: 17px; color: #737373; line-height: 19px; font-size: 16px;\">Veja os valores melhorados de cada atributo os quais, proporcionam a melhora atual.<\/h3>\n<div style=\"padding-top: -3px; color: #e18003; font-size: 18px; text-indent: -7px; float: left;\">\u2782<\/div>\n<h3 style=\"padding-top: 2px; padding-left: 17px; color: #737373; line-height: 19px; font-size: 16px;\">Inicie o processo de atualiza\u00e7\u00e3o mesmo quando estiverem faltando ingredientes, \u00edtens que estejam faltando podem ser comprados pelo caminho.<\/h3>\n<\/div>\n<p><img loading=\"lazy\" decoding=\"async\" class=\"alignright size-full wp-image-8735 colorbox-11688\" style=\"margin-top: -57px; margin-right: 46px;\" alt=\"Dino Storm \u2013 Vista de atualiza\u00e7\u00f5es\" src=\"http:\/\/dinostorm.com\/wp-content\/uploads\/2014\/05\/dino.storm_.upgrade.window.jpg\" width=\"612\" height=\"440\" srcset=\"https:\/\/dinostorm.com\/wp-content\/uploads\/2014\/05\/dino.storm_.upgrade.window.jpg 612w, https:\/\/dinostorm.com\/wp-content\/uploads\/2014\/05\/dino.storm_.upgrade.window-300x216.jpg 300w\" sizes=\"auto, (max-width: 612px) 100vw, 612px\" \/><\/p>\n<div class=\"full\"><img decoding=\"async\" class=\"hr3 colorbox-11688\" alt=\"separator dino storm\" src=\"\/wp-content\/themes\/arras\/images\/dinostorm\/seperator_big.png\" \/><\/div>\n","protected":false},"excerpt":{"rendered":"<p>Janela do perfil Voltar Tudo est\u00e1 vindo junto no Perfil poderoso. Todo o seu equipamento, a qualquer hora. O perfil do Ranger \u2780 Escolha entre d\u00fazias de \u00edtens de decora\u00e7\u00e3o para melhorar a apar\u00eancia do [&hellip;]<\/p>\n","protected":false},"author":10,"featured_media":-1,"parent":4188,"menu_order":0,"comment_status":"closed","ping_status":"closed","template":"pagetpl-onecolumn.php","meta":{"footnotes":"","_links_to":"","_links_to_target":""},"class_list":["post-11688","page","type-page","status-publish","has-post-thumbnail","hentry"],"yoast_head":"<!-- This site is optimized with the Yoast SEO plugin v27.4 - https:\/\/yoast.com\/product\/yoast-seo-wordpress\/ -->\n<title>Janela do perfil - Dino Storm<\/title>\n<meta name=\"description\" content=\"Tudo est\u00e1 vindo junto no Perfil poderoso.nTodo o seu equipamento, a qualquer hora.\" \/>\n<meta name=\"robots\" content=\"index, follow, max-snippet:-1, max-image-preview:large, max-video-preview:-1\" \/>\n<link rel=\"canonical\" href=\"https:\/\/dinostorm.com\/pt-br\/jogo\/perfil\/\" \/>\n<meta property=\"og:locale\" content=\"pt_PT\" \/>\n<meta property=\"og:type\" content=\"article\" \/>\n<meta property=\"og:title\" content=\"Janela do perfil - Dino Storm\" \/>\n<meta property=\"og:description\" content=\"Tudo est\u00e1 vindo junto no Perfil poderoso.nTodo o seu equipamento, a qualquer hora.\" \/>\n<meta property=\"og:url\" content=\"https:\/\/dinostorm.com\/pt-br\/jogo\/perfil\/\" \/>\n<meta property=\"og:site_name\" content=\"Dino Storm\" \/>\n<meta property=\"article:modified_time\" content=\"2018-02-01T11:59:50+00:00\" \/>\n<meta name=\"twitter:label1\" content=\"Est. reading time\" \/>\n\t<meta name=\"twitter:data1\" content=\"1 minute\" \/>\n<script type=\"application\/ld+json\" class=\"yoast-schema-graph\">{\"@context\":\"https:\\\/\\\/schema.org\",\"@graph\":[{\"@type\":\"WebPage\",\"@id\":\"https:\\\/\\\/dinostorm.com\\\/pt-br\\\/jogo\\\/perfil\\\/\",\"url\":\"https:\\\/\\\/dinostorm.com\\\/pt-br\\\/jogo\\\/perfil\\\/\",\"name\":\"Janela do perfil - Dino Storm\",\"isPartOf\":{\"@id\":\"https:\\\/\\\/dinostorm.com\\\/pt-br\\\/#website\"},\"primaryImageOfPage\":{\"@id\":\"https:\\\/\\\/dinostorm.com\\\/pt-br\\\/jogo\\\/perfil\\\/#primaryimage\"},\"image\":{\"@id\":\"https:\\\/\\\/dinostorm.com\\\/pt-br\\\/jogo\\\/perfil\\\/#primaryimage\"},\"thumbnailUrl\":\"http:\\\/\\\/dinostorm.com\\\/wp-content\\\/uploads\\\/2014\\\/05\\\/fame-dude.png\",\"datePublished\":\"2013-08-21T12:00:33+00:00\",\"dateModified\":\"2018-02-01T11:59:50+00:00\",\"description\":\"Tudo est\u00e1 vindo junto no Perfil poderoso.nTodo o seu equipamento, a qualquer hora.\",\"breadcrumb\":{\"@id\":\"https:\\\/\\\/dinostorm.com\\\/pt-br\\\/jogo\\\/perfil\\\/#breadcrumb\"},\"inLanguage\":\"pt-br\",\"potentialAction\":[{\"@type\":\"ReadAction\",\"target\":[\"https:\\\/\\\/dinostorm.com\\\/pt-br\\\/jogo\\\/perfil\\\/\"]}]},{\"@type\":\"ImageObject\",\"inLanguage\":\"pt-br\",\"@id\":\"https:\\\/\\\/dinostorm.com\\\/pt-br\\\/jogo\\\/perfil\\\/#primaryimage\",\"url\":\"http:\\\/\\\/dinostorm.com\\\/wp-content\\\/uploads\\\/2014\\\/05\\\/fame-dude.png\",\"contentUrl\":\"http:\\\/\\\/dinostorm.com\\\/wp-content\\\/uploads\\\/2014\\\/05\\\/fame-dude.png\"},{\"@type\":\"BreadcrumbList\",\"@id\":\"https:\\\/\\\/dinostorm.com\\\/pt-br\\\/jogo\\\/perfil\\\/#breadcrumb\",\"itemListElement\":[{\"@type\":\"ListItem\",\"position\":1,\"name\":\"Home\",\"item\":\"https:\\\/\\\/dinostorm.com\\\/pt-br\\\/\"},{\"@type\":\"ListItem\",\"position\":2,\"name\":\"Jogo\",\"item\":\"https:\\\/\\\/dinostorm.com\\\/pt-br\\\/jogo\\\/\"},{\"@type\":\"ListItem\",\"position\":3,\"name\":\"Janela do perfil\"}]},{\"@type\":\"WebSite\",\"@id\":\"https:\\\/\\\/dinostorm.com\\\/pt-br\\\/#website\",\"url\":\"https:\\\/\\\/dinostorm.com\\\/pt-br\\\/\",\"name\":\"Dino Storm\",\"description\":\"\",\"potentialAction\":[{\"@type\":\"SearchAction\",\"target\":{\"@type\":\"EntryPoint\",\"urlTemplate\":\"https:\\\/\\\/dinostorm.com\\\/pt-br\\\/?s={search_term_string}\"},\"query-input\":{\"@type\":\"PropertyValueSpecification\",\"valueRequired\":true,\"valueName\":\"search_term_string\"}}],\"inLanguage\":\"pt-br\"}]}<\/script>\n<!-- \/ Yoast SEO plugin. -->","yoast_head_json":{"title":"Janela do perfil - Dino Storm","description":"Tudo est\u00e1 vindo junto no Perfil poderoso.nTodo o seu equipamento, a qualquer hora.","robots":{"index":"index","follow":"follow","max-snippet":"max-snippet:-1","max-image-preview":"max-image-preview:large","max-video-preview":"max-video-preview:-1"},"canonical":"https:\/\/dinostorm.com\/pt-br\/jogo\/perfil\/","og_locale":"pt_PT","og_type":"article","og_title":"Janela do perfil - Dino Storm","og_description":"Tudo est\u00e1 vindo junto no Perfil poderoso.nTodo o seu equipamento, a qualquer hora.","og_url":"https:\/\/dinostorm.com\/pt-br\/jogo\/perfil\/","og_site_name":"Dino Storm","article_modified_time":"2018-02-01T11:59:50+00:00","twitter_misc":{"Est. reading time":"1 minute"},"schema":{"@context":"https:\/\/schema.org","@graph":[{"@type":"WebPage","@id":"https:\/\/dinostorm.com\/pt-br\/jogo\/perfil\/","url":"https:\/\/dinostorm.com\/pt-br\/jogo\/perfil\/","name":"Janela do perfil - Dino Storm","isPartOf":{"@id":"https:\/\/dinostorm.com\/pt-br\/#website"},"primaryImageOfPage":{"@id":"https:\/\/dinostorm.com\/pt-br\/jogo\/perfil\/#primaryimage"},"image":{"@id":"https:\/\/dinostorm.com\/pt-br\/jogo\/perfil\/#primaryimage"},"thumbnailUrl":"http:\/\/dinostorm.com\/wp-content\/uploads\/2014\/05\/fame-dude.png","datePublished":"2013-08-21T12:00:33+00:00","dateModified":"2018-02-01T11:59:50+00:00","description":"Tudo est\u00e1 vindo junto no Perfil poderoso.nTodo o seu equipamento, a qualquer hora.","breadcrumb":{"@id":"https:\/\/dinostorm.com\/pt-br\/jogo\/perfil\/#breadcrumb"},"inLanguage":"pt-br","potentialAction":[{"@type":"ReadAction","target":["https:\/\/dinostorm.com\/pt-br\/jogo\/perfil\/"]}]},{"@type":"ImageObject","inLanguage":"pt-br","@id":"https:\/\/dinostorm.com\/pt-br\/jogo\/perfil\/#primaryimage","url":"http:\/\/dinostorm.com\/wp-content\/uploads\/2014\/05\/fame-dude.png","contentUrl":"http:\/\/dinostorm.com\/wp-content\/uploads\/2014\/05\/fame-dude.png"},{"@type":"BreadcrumbList","@id":"https:\/\/dinostorm.com\/pt-br\/jogo\/perfil\/#breadcrumb","itemListElement":[{"@type":"ListItem","position":1,"name":"Home","item":"https:\/\/dinostorm.com\/pt-br\/"},{"@type":"ListItem","position":2,"name":"Jogo","item":"https:\/\/dinostorm.com\/pt-br\/jogo\/"},{"@type":"ListItem","position":3,"name":"Janela do perfil"}]},{"@type":"WebSite","@id":"https:\/\/dinostorm.com\/pt-br\/#website","url":"https:\/\/dinostorm.com\/pt-br\/","name":"Dino Storm","description":"","potentialAction":[{"@type":"SearchAction","target":{"@type":"EntryPoint","urlTemplate":"https:\/\/dinostorm.com\/pt-br\/?s={search_term_string}"},"query-input":{"@type":"PropertyValueSpecification","valueRequired":true,"valueName":"search_term_string"}}],"inLanguage":"pt-br"}]}},"_links":{"self":[{"href":"https:\/\/dinostorm.com\/pt-br\/wp-json\/wp\/v2\/pages\/11688","targetHints":{"allow":["GET"]}}],"collection":[{"href":"https:\/\/dinostorm.com\/pt-br\/wp-json\/wp\/v2\/pages"}],"about":[{"href":"https:\/\/dinostorm.com\/pt-br\/wp-json\/wp\/v2\/types\/page"}],"author":[{"embeddable":true,"href":"https:\/\/dinostorm.com\/pt-br\/wp-json\/wp\/v2\/users\/10"}],"replies":[{"embeddable":true,"href":"https:\/\/dinostorm.com\/pt-br\/wp-json\/wp\/v2\/comments?post=11688"}],"version-history":[{"count":0,"href":"https:\/\/dinostorm.com\/pt-br\/wp-json\/wp\/v2\/pages\/11688\/revisions"}],"up":[{"embeddable":true,"href":"https:\/\/dinostorm.com\/pt-br\/wp-json\/wp\/v2\/pages\/4188"}],"wp:featuredmedia":[{"embeddable":true,"href":"https:\/\/dinostorm.com\/pt-br\/wp-json\/"}],"wp:attachment":[{"href":"https:\/\/dinostorm.com\/pt-br\/wp-json\/wp\/v2\/media?parent=11688"}],"curies":[{"name":"wp","href":"https:\/\/api.w.org\/{rel}","templated":true}]}}