{"id":11686,"date":"2013-08-21T13:00:14","date_gmt":"2013-08-21T11:00:14","guid":{"rendered":"http:\/\/dinostorm.com\/?page_id=11686"},"modified":"2018-02-01T13:59:49","modified_gmt":"2018-02-01T11:59:49","slug":"sua-fama","status":"publish","type":"page","link":"https:\/\/dinostorm.com\/pt-br\/jogo\/sua-fama\/","title":{"rendered":"Sua Fama"},"content":{"rendered":"<div class=\"teaser\"><\/div>\n<h1 class=\"headline_page width_200\"><span>Sua Fama<\/span><\/h1>\n<p class=\"back-button back-pos200\"><a class=\"back-block\" href=\"http:\/\/dinostorm.com\/pt-br\/jogo#overview\">Voltar<\/a><\/p>\n<div class=\"full\">\n<p><img loading=\"lazy\" decoding=\"async\" class=\"wrapper_image_impl colorbox-11686\" alt=\"Fame: Dino Storm\" src=\"http:\/\/dinostorm.com\/wp-content\/uploads\/2014\/05\/fame-dude.png\" width=\"225\" height=\"140\" \/><\/p>\n<div class=\"wrapper_impl\">\n<p class=\"text-impl\">Continue juntando fama at\u00e9 voc\u00ea se tornar o maior her\u00f3i:<br \/>\nO Xerife de Dinoville!<\/p>\n<\/div>\n<\/div>\n<div class=\"wrapper_dinolex\" style=\"float: left; width: 414px; max-height: 220px; margin-left: 40px; margin-right: 10px;\">\n<p><img loading=\"lazy\" decoding=\"async\" class=\"alignnone size-full wp-image-8725 colorbox-11686\" style=\"float: left; margin-right: 21px;\" alt=\"Dino Storm \u2013 O que \u00e9 fama?\" src=\"http:\/\/dinostorm.com\/wp-content\/uploads\/2014\/05\/dino.storm_.what_.is_.fame_.png\" width=\"140\" height=\"140\" srcset=\"https:\/\/dinostorm.com\/wp-content\/uploads\/2014\/05\/dino.storm_.what_.is_.fame_.png 140w, https:\/\/dinostorm.com\/wp-content\/uploads\/2014\/05\/dino.storm_.what_.is_.fame_-36x36.png 36w\" sizes=\"auto, (max-width: 140px) 100vw, 140px\" \/><\/p>\n<h3 style=\"margin-bottom: 6px; margin-top: -24px;\">O que \u00e9 fama?<\/h3>\n<p><span style=\"line-height: 18px;\">Fama \u00e9 a moeda de Honra e import\u00e2ncia em Dinoville. Mostre \u00e0 todos o quanto voc\u00ea \u00e9 honroso, importante e famoso!<\/span><\/p>\n<\/div>\n<div class=\"wrapper_dinolex\" style=\"width: 414px; max-height: 220px;\">\n<p><img loading=\"lazy\" decoding=\"async\" class=\"alignnone size-full wp-image-8724 colorbox-11686\" style=\"float: left; margin-right: 21px;\" alt=\"Dino Storm \u2013 Como eu consigo fama?\" src=\"http:\/\/dinostorm.com\/wp-content\/uploads\/2014\/05\/dino.storm_.how_.do_.i.earn_.fame_.png\" width=\"140\" height=\"140\" srcset=\"https:\/\/dinostorm.com\/wp-content\/uploads\/2014\/05\/dino.storm_.how_.do_.i.earn_.fame_.png 140w, https:\/\/dinostorm.com\/wp-content\/uploads\/2014\/05\/dino.storm_.how_.do_.i.earn_.fame_-36x36.png 36w\" sizes=\"auto, (max-width: 140px) 100vw, 140px\" \/><\/p>\n<h3 style=\"margin-bottom: 6px; margin-top: -24px;\">Como eu consigo fama?<\/h3>\n<p><span style=\"line-height: 18px;\">Ganhe fama vestindo \u00edtens de decora\u00e7\u00e3o que lhe d\u00e3o B\u00f4nus de fama di\u00e1rios.nCompletar miss\u00f5es tamb\u00e9m lhe proporciona fama. Operar campos de Repara\u00e7\u00e3o, port\u00f5es de Teletransportes ou produza \u00edtens que voc\u00ea pode trocar por fama.<\/span><\/p>\n<\/div>\n<div class=\"wrapper_dinolex\" style=\"float: left; width: 414px; max-height: 160px; margin-left: 40px; margin-right: 10px;\">\n<p><img loading=\"lazy\" decoding=\"async\" class=\"alignnone size-full wp-image-8723 colorbox-11686\" style=\"float: left; margin-right: 21px;\" alt=\"Dino Storm \u2013 Por qu\u00ea estou perdendo fama?\" src=\"http:\/\/dinostorm.com\/wp-content\/uploads\/2014\/05\/dino.storm_.why_.am_.i.losing.fame_.png\" width=\"140\" height=\"140\" srcset=\"https:\/\/dinostorm.com\/wp-content\/uploads\/2014\/05\/dino.storm_.why_.am_.i.losing.fame_.png 140w, https:\/\/dinostorm.com\/wp-content\/uploads\/2014\/05\/dino.storm_.why_.am_.i.losing.fame_-36x36.png 36w\" sizes=\"auto, (max-width: 140px) 100vw, 140px\" \/><\/p>\n<h3 style=\"margin-bottom: 6px; margin-top: -24px;\">Por qu\u00ea estou perdendo fama?<\/h3>\n<p><span style=\"line-height: 18px;\">Fama \u00e9 uma virtude fugaz, por isso que todos perdem um pouco de fama todos os dias. Quanto mais fama voc\u00ea ganha, mais voc\u00ea perde todos os dias e voc\u00ea ter\u00e1 que trabalhar muito para aumentar e manter sua fama!<\/span><\/p>\n<\/div>\n<div class=\"wrapper_dinolex\" style=\"width: 414px; max-height: 160px;\">\n<p><img loading=\"lazy\" decoding=\"async\" class=\"alignnone size-full wp-image-8722 colorbox-11686\" style=\"float: left; margin-right: 21px;\" alt=\"Dino Storm \u2013 O que posso fazer com fama?\" src=\"http:\/\/dinostorm.com\/wp-content\/uploads\/2014\/05\/dino.storm_.what_.can_.i.do_.with_.fame_.png\" width=\"140\" height=\"140\" srcset=\"https:\/\/dinostorm.com\/wp-content\/uploads\/2014\/05\/dino.storm_.what_.can_.i.do_.with_.fame_.png 140w, https:\/\/dinostorm.com\/wp-content\/uploads\/2014\/05\/dino.storm_.what_.can_.i.do_.with_.fame_-36x36.png 36w\" sizes=\"auto, (max-width: 140px) 100vw, 140px\" \/><\/p>\n<h3 style=\"margin-bottom: 6px; margin-top: -24px;\">O que posso fazer com fama?<\/h3>\n<p><span style=\"line-height: 18px;\">As eleic\u00f5es da Cidade s\u00e3o movidas por fama: O candidato mais famoso ganha, e apenas quando voc\u00ea ganhar o T-Rex ser\u00e1 desbloqueado!<\/span><\/p>\n<\/div>\n<div class=\"full\"><img decoding=\"async\" class=\"hr3 colorbox-11686\" alt=\"separator dino storm\" src=\"\/wp-content\/themes\/arras\/images\/dinostorm\/seperator_big.png\" \/><\/div>\n","protected":false},"excerpt":{"rendered":"<p>Sua Fama Voltar Continue juntando fama at\u00e9 voc\u00ea se tornar o maior her\u00f3i: O Xerife de Dinoville! O que \u00e9 fama? Fama \u00e9 a moeda de Honra e import\u00e2ncia em Dinoville. Mostre \u00e0 todos o [&hellip;]<\/p>\n","protected":false},"author":22,"featured_media":-1,"parent":4188,"menu_order":0,"comment_status":"closed","ping_status":"closed","template":"pagetpl-onecolumn.php","meta":{"footnotes":"","_links_to":"","_links_to_target":""},"class_list":["post-11686","page","type-page","status-publish","has-post-thumbnail","hentry"],"yoast_head":"<!-- This site is optimized with the Yoast SEO plugin v27.3 - https:\/\/yoast.com\/product\/yoast-seo-wordpress\/ -->\n<title>Sua Fama - Dino Storm<\/title>\n<meta name=\"description\" content=\"Continue juntando fama at\u00e9 voc\u00ea se tornar o maior her\u00f3i: O Xerife de Dinoville!\" \/>\n<meta name=\"robots\" content=\"index, follow, max-snippet:-1, max-image-preview:large, max-video-preview:-1\" \/>\n<link rel=\"canonical\" href=\"https:\/\/dinostorm.com\/pt-br\/jogo\/sua-fama\/\" \/>\n<meta property=\"og:locale\" content=\"pt_PT\" \/>\n<meta property=\"og:type\" content=\"article\" \/>\n<meta property=\"og:title\" content=\"Sua Fama - Dino Storm\" \/>\n<meta property=\"og:description\" content=\"Continue juntando fama at\u00e9 voc\u00ea se tornar o maior her\u00f3i: O Xerife de Dinoville!\" \/>\n<meta property=\"og:url\" content=\"https:\/\/dinostorm.com\/pt-br\/jogo\/sua-fama\/\" \/>\n<meta property=\"og:site_name\" content=\"Dino Storm\" \/>\n<meta property=\"article:modified_time\" content=\"2018-02-01T11:59:49+00:00\" \/>\n<meta name=\"twitter:label1\" content=\"Est. reading time\" \/>\n\t<meta name=\"twitter:data1\" content=\"1 minute\" \/>\n<script type=\"application\/ld+json\" class=\"yoast-schema-graph\">{\"@context\":\"https:\\\/\\\/schema.org\",\"@graph\":[{\"@type\":\"WebPage\",\"@id\":\"https:\\\/\\\/dinostorm.com\\\/pt-br\\\/jogo\\\/sua-fama\\\/\",\"url\":\"https:\\\/\\\/dinostorm.com\\\/pt-br\\\/jogo\\\/sua-fama\\\/\",\"name\":\"Sua Fama - Dino Storm\",\"isPartOf\":{\"@id\":\"https:\\\/\\\/dinostorm.com\\\/pt-br\\\/#website\"},\"primaryImageOfPage\":{\"@id\":\"https:\\\/\\\/dinostorm.com\\\/pt-br\\\/jogo\\\/sua-fama\\\/#primaryimage\"},\"image\":{\"@id\":\"https:\\\/\\\/dinostorm.com\\\/pt-br\\\/jogo\\\/sua-fama\\\/#primaryimage\"},\"thumbnailUrl\":\"http:\\\/\\\/dinostorm.com\\\/wp-content\\\/uploads\\\/2014\\\/05\\\/fame-dude.png\",\"datePublished\":\"2013-08-21T11:00:14+00:00\",\"dateModified\":\"2018-02-01T11:59:49+00:00\",\"description\":\"Continue juntando fama at\u00e9 voc\u00ea se tornar o maior her\u00f3i: O Xerife de Dinoville!\",\"breadcrumb\":{\"@id\":\"https:\\\/\\\/dinostorm.com\\\/pt-br\\\/jogo\\\/sua-fama\\\/#breadcrumb\"},\"inLanguage\":\"pt-br\",\"potentialAction\":[{\"@type\":\"ReadAction\",\"target\":[\"https:\\\/\\\/dinostorm.com\\\/pt-br\\\/jogo\\\/sua-fama\\\/\"]}]},{\"@type\":\"ImageObject\",\"inLanguage\":\"pt-br\",\"@id\":\"https:\\\/\\\/dinostorm.com\\\/pt-br\\\/jogo\\\/sua-fama\\\/#primaryimage\",\"url\":\"http:\\\/\\\/dinostorm.com\\\/wp-content\\\/uploads\\\/2014\\\/05\\\/fame-dude.png\",\"contentUrl\":\"http:\\\/\\\/dinostorm.com\\\/wp-content\\\/uploads\\\/2014\\\/05\\\/fame-dude.png\"},{\"@type\":\"BreadcrumbList\",\"@id\":\"https:\\\/\\\/dinostorm.com\\\/pt-br\\\/jogo\\\/sua-fama\\\/#breadcrumb\",\"itemListElement\":[{\"@type\":\"ListItem\",\"position\":1,\"name\":\"Home\",\"item\":\"https:\\\/\\\/dinostorm.com\\\/pt-br\\\/\"},{\"@type\":\"ListItem\",\"position\":2,\"name\":\"Jogo\",\"item\":\"https:\\\/\\\/dinostorm.com\\\/pt-br\\\/jogo\\\/\"},{\"@type\":\"ListItem\",\"position\":3,\"name\":\"Sua Fama\"}]},{\"@type\":\"WebSite\",\"@id\":\"https:\\\/\\\/dinostorm.com\\\/pt-br\\\/#website\",\"url\":\"https:\\\/\\\/dinostorm.com\\\/pt-br\\\/\",\"name\":\"Dino Storm\",\"description\":\"\",\"potentialAction\":[{\"@type\":\"SearchAction\",\"target\":{\"@type\":\"EntryPoint\",\"urlTemplate\":\"https:\\\/\\\/dinostorm.com\\\/pt-br\\\/?s={search_term_string}\"},\"query-input\":{\"@type\":\"PropertyValueSpecification\",\"valueRequired\":true,\"valueName\":\"search_term_string\"}}],\"inLanguage\":\"pt-br\"}]}<\/script>\n<!-- \/ Yoast SEO plugin. -->","yoast_head_json":{"title":"Sua Fama - Dino Storm","description":"Continue juntando fama at\u00e9 voc\u00ea se tornar o maior her\u00f3i: O Xerife de Dinoville!","robots":{"index":"index","follow":"follow","max-snippet":"max-snippet:-1","max-image-preview":"max-image-preview:large","max-video-preview":"max-video-preview:-1"},"canonical":"https:\/\/dinostorm.com\/pt-br\/jogo\/sua-fama\/","og_locale":"pt_PT","og_type":"article","og_title":"Sua Fama - Dino Storm","og_description":"Continue juntando fama at\u00e9 voc\u00ea se tornar o maior her\u00f3i: O Xerife de Dinoville!","og_url":"https:\/\/dinostorm.com\/pt-br\/jogo\/sua-fama\/","og_site_name":"Dino Storm","article_modified_time":"2018-02-01T11:59:49+00:00","twitter_misc":{"Est. reading time":"1 minute"},"schema":{"@context":"https:\/\/schema.org","@graph":[{"@type":"WebPage","@id":"https:\/\/dinostorm.com\/pt-br\/jogo\/sua-fama\/","url":"https:\/\/dinostorm.com\/pt-br\/jogo\/sua-fama\/","name":"Sua Fama - Dino Storm","isPartOf":{"@id":"https:\/\/dinostorm.com\/pt-br\/#website"},"primaryImageOfPage":{"@id":"https:\/\/dinostorm.com\/pt-br\/jogo\/sua-fama\/#primaryimage"},"image":{"@id":"https:\/\/dinostorm.com\/pt-br\/jogo\/sua-fama\/#primaryimage"},"thumbnailUrl":"http:\/\/dinostorm.com\/wp-content\/uploads\/2014\/05\/fame-dude.png","datePublished":"2013-08-21T11:00:14+00:00","dateModified":"2018-02-01T11:59:49+00:00","description":"Continue juntando fama at\u00e9 voc\u00ea se tornar o maior her\u00f3i: O Xerife de Dinoville!","breadcrumb":{"@id":"https:\/\/dinostorm.com\/pt-br\/jogo\/sua-fama\/#breadcrumb"},"inLanguage":"pt-br","potentialAction":[{"@type":"ReadAction","target":["https:\/\/dinostorm.com\/pt-br\/jogo\/sua-fama\/"]}]},{"@type":"ImageObject","inLanguage":"pt-br","@id":"https:\/\/dinostorm.com\/pt-br\/jogo\/sua-fama\/#primaryimage","url":"http:\/\/dinostorm.com\/wp-content\/uploads\/2014\/05\/fame-dude.png","contentUrl":"http:\/\/dinostorm.com\/wp-content\/uploads\/2014\/05\/fame-dude.png"},{"@type":"BreadcrumbList","@id":"https:\/\/dinostorm.com\/pt-br\/jogo\/sua-fama\/#breadcrumb","itemListElement":[{"@type":"ListItem","position":1,"name":"Home","item":"https:\/\/dinostorm.com\/pt-br\/"},{"@type":"ListItem","position":2,"name":"Jogo","item":"https:\/\/dinostorm.com\/pt-br\/jogo\/"},{"@type":"ListItem","position":3,"name":"Sua Fama"}]},{"@type":"WebSite","@id":"https:\/\/dinostorm.com\/pt-br\/#website","url":"https:\/\/dinostorm.com\/pt-br\/","name":"Dino Storm","description":"","potentialAction":[{"@type":"SearchAction","target":{"@type":"EntryPoint","urlTemplate":"https:\/\/dinostorm.com\/pt-br\/?s={search_term_string}"},"query-input":{"@type":"PropertyValueSpecification","valueRequired":true,"valueName":"search_term_string"}}],"inLanguage":"pt-br"}]}},"_links":{"self":[{"href":"https:\/\/dinostorm.com\/pt-br\/wp-json\/wp\/v2\/pages\/11686","targetHints":{"allow":["GET"]}}],"collection":[{"href":"https:\/\/dinostorm.com\/pt-br\/wp-json\/wp\/v2\/pages"}],"about":[{"href":"https:\/\/dinostorm.com\/pt-br\/wp-json\/wp\/v2\/types\/page"}],"author":[{"embeddable":true,"href":"https:\/\/dinostorm.com\/pt-br\/wp-json\/wp\/v2\/users\/22"}],"replies":[{"embeddable":true,"href":"https:\/\/dinostorm.com\/pt-br\/wp-json\/wp\/v2\/comments?post=11686"}],"version-history":[{"count":0,"href":"https:\/\/dinostorm.com\/pt-br\/wp-json\/wp\/v2\/pages\/11686\/revisions"}],"up":[{"embeddable":true,"href":"https:\/\/dinostorm.com\/pt-br\/wp-json\/wp\/v2\/pages\/4188"}],"wp:featuredmedia":[{"embeddable":true,"href":"https:\/\/dinostorm.com\/pt-br\/wp-json\/"}],"wp:attachment":[{"href":"https:\/\/dinostorm.com\/pt-br\/wp-json\/wp\/v2\/media?parent=11686"}],"curies":[{"name":"wp","href":"https:\/\/api.w.org\/{rel}","templated":true}]}}