{"id":8744,"date":"2013-08-21T13:00:14","date_gmt":"2013-08-21T11:00:14","guid":{"rendered":"http:\/\/dinostorm.com\/gra\/fame"},"modified":"2014-02-18T18:58:44","modified_gmt":"2014-02-18T16:58:44","slug":"slawa","status":"publish","type":"page","link":"https:\/\/dinostorm.com\/pl\/gra\/slawa\/","title":{"rendered":"S\u0142awa"},"content":{"rendered":"<div class=\"teaser\"><\/div>\n<h1 class=\"headline_page width_350\"><span>Twoja S\u0142awa<\/span><\/h1>\n<p class=\"back-button back-pos350\"><a class=\"back-block\" href=\"\/pl\/gra#overview\">Powr\u00f3t<\/a><\/p>\n<div class=\"full\">\n<p><img loading=\"lazy\" decoding=\"async\" class=\"wrapper_image_impl colorbox-8744\" alt=\"Fame: Dino Storm\" src=\"http:\/\/dinostorm.com\/wp-content\/uploads\/2014\/05\/fame-dude.png\" width=\"225\" height=\"140\" \/><\/p>\n<div class=\"wrapper_impl\">\n<p class=\"text-impl\">Kontynuuj zwi\u0119kszanie swojego poziomu S\u0142awy a\u017c do momentu, w kt\u00f3rym staniesz si\u0119 najwi\u0119kszym bohaterem miasta: Szeryfem Dinoville!<\/p>\n<\/div>\n<\/div>\n<div class=\"wrapper_dinolex\" style=\"float: left; width: 414px; max-height: 220px; margin-left: 40px; margin-right: 10px; text-align: left;\">\n<p><img loading=\"lazy\" decoding=\"async\" class=\"alignnone size-full wp-image-8725 colorbox-8744\" style=\"float: left; margin-right: 21px;\" alt=\"Dino Storm \u2013 Czym jest S\u0142awa?\" src=\"http:\/\/dinostorm.com\/wp-content\/uploads\/2014\/05\/dino.storm_.what_.is_.fame_.png\" width=\"140\" height=\"140\" srcset=\"https:\/\/dinostorm.com\/wp-content\/uploads\/2014\/05\/dino.storm_.what_.is_.fame_.png 140w, https:\/\/dinostorm.com\/wp-content\/uploads\/2014\/05\/dino.storm_.what_.is_.fame_-36x36.png 36w\" sizes=\"auto, (max-width: 140px) 100vw, 140px\" \/><\/p>\n<h3 style=\"margin-bottom: 6px; margin-top: -24px;\">Czym jest S\u0142awa?<\/h3>\n<p><span style=\"line-height: 17px;\">S\u0142awa to jakby waluta obrazuj\u0105ca nasz status spo\u0142eczny w Dinoville. Poka\u017c wszystkim jaki jeste\u015b honorowy, powa\u017cany i s\u0142awny!<\/span><\/p>\n<\/div>\n<div class=\"wrapper_dinolex\" style=\"width: 414px; max-height: 220px; text-align: left;\">\n<p><img loading=\"lazy\" decoding=\"async\" class=\"alignnone size-full wp-image-8724 colorbox-8744\" style=\"float: left; margin-right: 21px;\" alt=\"Dino Storm \u2013 Jak mog\u0119 zdoby\u0107 S\u0142aw\u0119?\" src=\"http:\/\/dinostorm.com\/wp-content\/uploads\/2014\/05\/dino.storm_.how_.do_.i.earn_.fame_.png\" width=\"140\" height=\"140\" srcset=\"https:\/\/dinostorm.com\/wp-content\/uploads\/2014\/05\/dino.storm_.how_.do_.i.earn_.fame_.png 140w, https:\/\/dinostorm.com\/wp-content\/uploads\/2014\/05\/dino.storm_.how_.do_.i.earn_.fame_-36x36.png 36w\" sizes=\"auto, (max-width: 140px) 100vw, 140px\" \/><\/p>\n<h3 style=\"margin-bottom: 6px; margin-top: -24px;\">Jak mog\u0119 zdoby\u0107 S\u0142aw\u0119?<\/h3>\n<p><span style=\"line-height: 17px;\">Zdobywaj s\u0142aw\u0119 poprzez noszenie modnych element\u00f3w ubioru, kt\u00f3re zapewniaj\u0105 codzienny bonus do S\u0142awy. Zdobywanie osi\u0105gni\u0119\u0107 r\u00f3wnie\u017c zapewnia punkty S\u0142awy. Zarz\u0105dzanie Obozami Odrodzenia, Bramami Teleport\u00f3w lub Dzia\u0142kami G\u00f3rniczymi dostarcza przedmiot\u00f3w, kt\u00f3re mo\u017cna wymieni\u0107 na punkty S\u0142awy.<\/span><\/p>\n<\/div>\n<div class=\"wrapper_dinolex\" style=\"float: left; width: 414px; max-height: 160px; margin-left: 40px; margin-right: 10px; text-align: left;\">\n<p><img loading=\"lazy\" decoding=\"async\" class=\"alignnone size-full wp-image-8723 colorbox-8744\" style=\"float: left; margin-right: 21px;\" alt=\"Dino Storm \u2013 Dlaczego trac\u0119 S\u0142aw\u0119?\" src=\"http:\/\/dinostorm.com\/wp-content\/uploads\/2014\/05\/dino.storm_.why_.am_.i.losing.fame_.png\" width=\"140\" height=\"140\" srcset=\"https:\/\/dinostorm.com\/wp-content\/uploads\/2014\/05\/dino.storm_.why_.am_.i.losing.fame_.png 140w, https:\/\/dinostorm.com\/wp-content\/uploads\/2014\/05\/dino.storm_.why_.am_.i.losing.fame_-36x36.png 36w\" sizes=\"auto, (max-width: 140px) 100vw, 140px\" \/><\/p>\n<h3 style=\"margin-bottom: 6px; margin-top: -24px;\">Dlaczego trac\u0119 S\u0142aw\u0119?<\/h3>\n<p><span style=\"line-height: 17px;\">S\u0142awa jest ulotn\u0105 warto\u015bci\u0105, wi\u0119c ka\u017cdy gracz traci cz\u0119\u015b\u0107 swojej S\u0142awy ka\u017cdego dnia. Im wi\u0119cej punkt\u00f3w S\u0142awy posiadasz, tym wi\u0119cej ich tracisz, tak wi\u0119c musisz pracowa\u0107 naprawd\u0119 ci\u0119\u017cko, aby zrekompensowa\u0107 straty i stawa\u0107 si\u0119 jeszcze bardziej s\u0142awnym!<\/span><\/p>\n<\/div>\n<div class=\"wrapper_dinolex\" style=\"width: 414px; max-height: 160px; text-align: left;\">\n<p><img loading=\"lazy\" decoding=\"async\" class=\"alignnone size-full wp-image-8722 colorbox-8744\" style=\"float: left; margin-right: 21px;\" alt=\"Dino Storm \u2013 Co mog\u0119 zrobi\u0107 z punktami S\u0142awy?\" src=\"http:\/\/dinostorm.com\/wp-content\/uploads\/2014\/05\/dino.storm_.what_.can_.i.do_.with_.fame_.png\" width=\"140\" height=\"140\" srcset=\"https:\/\/dinostorm.com\/wp-content\/uploads\/2014\/05\/dino.storm_.what_.can_.i.do_.with_.fame_.png 140w, https:\/\/dinostorm.com\/wp-content\/uploads\/2014\/05\/dino.storm_.what_.can_.i.do_.with_.fame_-36x36.png 36w\" sizes=\"auto, (max-width: 140px) 100vw, 140px\" \/><\/p>\n<h3 style=\"margin-bottom: 6px; margin-top: -24px;\">Co mog\u0119 zrobi\u0107 z punktami S\u0142awy?<\/h3>\n<p><span style=\"line-height: 17px;\">Wyniki wybor\u00f3w w ratuszu s\u0105 determinowane punktami S\u0142awy: najbardziej s\u0142awny aplikant na dane stanowisko wygrywa dane wybory. Gdy dotrzesz na sam szczyt i zostaniesz szeryfem Dinoville, odblokujesz najfajniejsze-<br \/>\ngo z dinozaur\u00f3w &#8211; T-Rexa!<\/span><\/p>\n<\/div>\n<div class=\"full\"><img decoding=\"async\" class=\"hr3 colorbox-8744\" alt=\"separator dino storm\" src=\"\/wp-content\/themes\/arras\/images\/dinostorm\/seperator_big.png\" \/><\/div>\n","protected":false},"excerpt":{"rendered":"<p>Twoja S\u0142awa Powr\u00f3t Kontynuuj zwi\u0119kszanie swojego poziomu S\u0142awy a\u017c do momentu, w kt\u00f3rym staniesz si\u0119 najwi\u0119kszym bohaterem miasta: Szeryfem Dinoville! Czym jest S\u0142awa? S\u0142awa to jakby waluta obrazuj\u0105ca nasz status spo\u0142eczny w Dinoville. Poka\u017c wszystkim [&hellip;]<\/p>\n","protected":false},"author":10,"featured_media":-1,"parent":3061,"menu_order":0,"comment_status":"closed","ping_status":"closed","template":"pagetpl-onecolumn.php","meta":{"footnotes":"","_links_to":"","_links_to_target":""},"class_list":["post-8744","page","type-page","status-publish","has-post-thumbnail","hentry"],"yoast_head":"<!-- This site is optimized with the Yoast SEO plugin v27.4 - https:\/\/yoast.com\/product\/yoast-seo-wordpress\/ -->\n<title>Twoja S\u0142awa - Dino Storm<\/title>\n<meta name=\"description\" content=\"Kontynuuj zwi\u0119kszanie swojego poziomu S\u0142awy a\u017c do momentu, w kt\u00f3rym staniesz si\u0119 najwi\u0119kszym bohaterem miasta: Szeryfem Dinoville!\" \/>\n<meta name=\"robots\" content=\"index, follow, max-snippet:-1, max-image-preview:large, max-video-preview:-1\" \/>\n<link rel=\"canonical\" href=\"https:\/\/dinostorm.com\/pl\/gra\/slawa\/\" \/>\n<meta property=\"og:locale\" content=\"pl_PL\" \/>\n<meta property=\"og:type\" content=\"article\" \/>\n<meta property=\"og:title\" content=\"Twoja S\u0142awa - Dino Storm\" \/>\n<meta property=\"og:description\" content=\"Kontynuuj zwi\u0119kszanie swojego poziomu S\u0142awy a\u017c do momentu, w kt\u00f3rym staniesz si\u0119 najwi\u0119kszym bohaterem miasta: Szeryfem Dinoville!\" \/>\n<meta property=\"og:url\" content=\"https:\/\/dinostorm.com\/pl\/gra\/slawa\/\" \/>\n<meta property=\"og:site_name\" content=\"Dino Storm\" \/>\n<meta property=\"article:modified_time\" content=\"2014-02-18T16:58:44+00:00\" \/>\n<meta name=\"twitter:label1\" content=\"Szacowany czas czytania\" \/>\n\t<meta name=\"twitter:data1\" content=\"1 minuta\" \/>\n<script type=\"application\/ld+json\" class=\"yoast-schema-graph\">{\"@context\":\"https:\\\/\\\/schema.org\",\"@graph\":[{\"@type\":\"WebPage\",\"@id\":\"https:\\\/\\\/dinostorm.com\\\/pl\\\/gra\\\/slawa\\\/\",\"url\":\"https:\\\/\\\/dinostorm.com\\\/pl\\\/gra\\\/slawa\\\/\",\"name\":\"Twoja S\u0142awa - Dino Storm\",\"isPartOf\":{\"@id\":\"https:\\\/\\\/dinostorm.com\\\/pl\\\/#website\"},\"primaryImageOfPage\":{\"@id\":\"https:\\\/\\\/dinostorm.com\\\/pl\\\/gra\\\/slawa\\\/#primaryimage\"},\"image\":{\"@id\":\"https:\\\/\\\/dinostorm.com\\\/pl\\\/gra\\\/slawa\\\/#primaryimage\"},\"thumbnailUrl\":\"http:\\\/\\\/dinostorm.com\\\/wp-content\\\/uploads\\\/2014\\\/05\\\/fame-dude.png\",\"datePublished\":\"2013-08-21T11:00:14+00:00\",\"dateModified\":\"2014-02-18T16:58:44+00:00\",\"description\":\"Kontynuuj zwi\u0119kszanie swojego poziomu S\u0142awy a\u017c do momentu, w kt\u00f3rym staniesz si\u0119 najwi\u0119kszym bohaterem miasta: Szeryfem Dinoville!\",\"breadcrumb\":{\"@id\":\"https:\\\/\\\/dinostorm.com\\\/pl\\\/gra\\\/slawa\\\/#breadcrumb\"},\"inLanguage\":\"pl-PL\",\"potentialAction\":[{\"@type\":\"ReadAction\",\"target\":[\"https:\\\/\\\/dinostorm.com\\\/pl\\\/gra\\\/slawa\\\/\"]}]},{\"@type\":\"ImageObject\",\"inLanguage\":\"pl-PL\",\"@id\":\"https:\\\/\\\/dinostorm.com\\\/pl\\\/gra\\\/slawa\\\/#primaryimage\",\"url\":\"http:\\\/\\\/dinostorm.com\\\/wp-content\\\/uploads\\\/2014\\\/05\\\/fame-dude.png\",\"contentUrl\":\"http:\\\/\\\/dinostorm.com\\\/wp-content\\\/uploads\\\/2014\\\/05\\\/fame-dude.png\"},{\"@type\":\"BreadcrumbList\",\"@id\":\"https:\\\/\\\/dinostorm.com\\\/pl\\\/gra\\\/slawa\\\/#breadcrumb\",\"itemListElement\":[{\"@type\":\"ListItem\",\"position\":1,\"name\":\"Home\",\"item\":\"https:\\\/\\\/dinostorm.com\\\/pl\\\/\"},{\"@type\":\"ListItem\",\"position\":2,\"name\":\"Gra\",\"item\":\"https:\\\/\\\/dinostorm.com\\\/pl\\\/gra\\\/\"},{\"@type\":\"ListItem\",\"position\":3,\"name\":\"S\u0142awa\"}]},{\"@type\":\"WebSite\",\"@id\":\"https:\\\/\\\/dinostorm.com\\\/pl\\\/#website\",\"url\":\"https:\\\/\\\/dinostorm.com\\\/pl\\\/\",\"name\":\"Dino Storm\",\"description\":\"\",\"potentialAction\":[{\"@type\":\"SearchAction\",\"target\":{\"@type\":\"EntryPoint\",\"urlTemplate\":\"https:\\\/\\\/dinostorm.com\\\/pl\\\/?s={search_term_string}\"},\"query-input\":{\"@type\":\"PropertyValueSpecification\",\"valueRequired\":true,\"valueName\":\"search_term_string\"}}],\"inLanguage\":\"pl-PL\"}]}<\/script>\n<!-- \/ Yoast SEO plugin. -->","yoast_head_json":{"title":"Twoja S\u0142awa - Dino Storm","description":"Kontynuuj zwi\u0119kszanie swojego poziomu S\u0142awy a\u017c do momentu, w kt\u00f3rym staniesz si\u0119 najwi\u0119kszym bohaterem miasta: Szeryfem Dinoville!","robots":{"index":"index","follow":"follow","max-snippet":"max-snippet:-1","max-image-preview":"max-image-preview:large","max-video-preview":"max-video-preview:-1"},"canonical":"https:\/\/dinostorm.com\/pl\/gra\/slawa\/","og_locale":"pl_PL","og_type":"article","og_title":"Twoja S\u0142awa - Dino Storm","og_description":"Kontynuuj zwi\u0119kszanie swojego poziomu S\u0142awy a\u017c do momentu, w kt\u00f3rym staniesz si\u0119 najwi\u0119kszym bohaterem miasta: Szeryfem Dinoville!","og_url":"https:\/\/dinostorm.com\/pl\/gra\/slawa\/","og_site_name":"Dino Storm","article_modified_time":"2014-02-18T16:58:44+00:00","twitter_misc":{"Szacowany czas czytania":"1 minuta"},"schema":{"@context":"https:\/\/schema.org","@graph":[{"@type":"WebPage","@id":"https:\/\/dinostorm.com\/pl\/gra\/slawa\/","url":"https:\/\/dinostorm.com\/pl\/gra\/slawa\/","name":"Twoja S\u0142awa - Dino Storm","isPartOf":{"@id":"https:\/\/dinostorm.com\/pl\/#website"},"primaryImageOfPage":{"@id":"https:\/\/dinostorm.com\/pl\/gra\/slawa\/#primaryimage"},"image":{"@id":"https:\/\/dinostorm.com\/pl\/gra\/slawa\/#primaryimage"},"thumbnailUrl":"http:\/\/dinostorm.com\/wp-content\/uploads\/2014\/05\/fame-dude.png","datePublished":"2013-08-21T11:00:14+00:00","dateModified":"2014-02-18T16:58:44+00:00","description":"Kontynuuj zwi\u0119kszanie swojego poziomu S\u0142awy a\u017c do momentu, w kt\u00f3rym staniesz si\u0119 najwi\u0119kszym bohaterem miasta: Szeryfem Dinoville!","breadcrumb":{"@id":"https:\/\/dinostorm.com\/pl\/gra\/slawa\/#breadcrumb"},"inLanguage":"pl-PL","potentialAction":[{"@type":"ReadAction","target":["https:\/\/dinostorm.com\/pl\/gra\/slawa\/"]}]},{"@type":"ImageObject","inLanguage":"pl-PL","@id":"https:\/\/dinostorm.com\/pl\/gra\/slawa\/#primaryimage","url":"http:\/\/dinostorm.com\/wp-content\/uploads\/2014\/05\/fame-dude.png","contentUrl":"http:\/\/dinostorm.com\/wp-content\/uploads\/2014\/05\/fame-dude.png"},{"@type":"BreadcrumbList","@id":"https:\/\/dinostorm.com\/pl\/gra\/slawa\/#breadcrumb","itemListElement":[{"@type":"ListItem","position":1,"name":"Home","item":"https:\/\/dinostorm.com\/pl\/"},{"@type":"ListItem","position":2,"name":"Gra","item":"https:\/\/dinostorm.com\/pl\/gra\/"},{"@type":"ListItem","position":3,"name":"S\u0142awa"}]},{"@type":"WebSite","@id":"https:\/\/dinostorm.com\/pl\/#website","url":"https:\/\/dinostorm.com\/pl\/","name":"Dino Storm","description":"","potentialAction":[{"@type":"SearchAction","target":{"@type":"EntryPoint","urlTemplate":"https:\/\/dinostorm.com\/pl\/?s={search_term_string}"},"query-input":{"@type":"PropertyValueSpecification","valueRequired":true,"valueName":"search_term_string"}}],"inLanguage":"pl-PL"}]}},"_links":{"self":[{"href":"https:\/\/dinostorm.com\/pl\/wp-json\/wp\/v2\/pages\/8744","targetHints":{"allow":["GET"]}}],"collection":[{"href":"https:\/\/dinostorm.com\/pl\/wp-json\/wp\/v2\/pages"}],"about":[{"href":"https:\/\/dinostorm.com\/pl\/wp-json\/wp\/v2\/types\/page"}],"author":[{"embeddable":true,"href":"https:\/\/dinostorm.com\/pl\/wp-json\/wp\/v2\/users\/10"}],"replies":[{"embeddable":true,"href":"https:\/\/dinostorm.com\/pl\/wp-json\/wp\/v2\/comments?post=8744"}],"version-history":[{"count":0,"href":"https:\/\/dinostorm.com\/pl\/wp-json\/wp\/v2\/pages\/8744\/revisions"}],"up":[{"embeddable":true,"href":"https:\/\/dinostorm.com\/pl\/wp-json\/wp\/v2\/pages\/3061"}],"wp:featuredmedia":[{"embeddable":true,"href":"https:\/\/dinostorm.com\/pl\/wp-json\/"}],"wp:attachment":[{"href":"https:\/\/dinostorm.com\/pl\/wp-json\/wp\/v2\/media?parent=8744"}],"curies":[{"name":"wp","href":"https:\/\/api.w.org\/{rel}","templated":true}]}}