{"id":3179,"date":"2012-11-07T16:57:47","date_gmt":"2012-11-07T14:57:47","guid":{"rendered":"http:\/\/dinostorm.com\/?page_id=3179"},"modified":"2018-02-01T13:46:57","modified_gmt":"2018-02-01T11:46:57","slug":"multimedia","status":"publish","type":"page","link":"https:\/\/dinostorm.com\/pl\/multimedia\/","title":{"rendered":"Multimedia"},"content":{"rendered":"<div class=\"teaser\"><\/div>\n<h1 class=\"headline_page width_500\"><span>DINO STORM &#8211; Multimedia<\/span><\/h1>\n<p class=\"back-button back-pos500\"><a class=\"back-block\" href=\"http:\/\/dinostorm.com\/pl\/\">Powr\u00f3t<\/a>><\/p>\n<div class=\"full\">\n<h2 class=\"headline_page_2\">Trailer<\/h2>\n<p><object style=\"padding-left: 40px;\" width=\"400\" height=\"255\" classid=\"clsid:d27cdb6e-ae6d-11cf-96b8-444553540000\" codebase=\"http:\/\/download.macromedia.com\/pub\/shockwave\/cabs\/flash\/swflash.cab#version=6,0,40,0\"><param name=\"allowFullScreen\" value=\"true\" \/><param name=\"allowscriptaccess\" value=\"always\" \/><param name=\"src\" value=\"http:\/\/www.youtube.com\/v\/li7edRhcBWQ&amp;hl=en&amp;fs=1&amp;showinfo=0\" \/><param name=\"allowfullscreen\" value=\"true\" \/><embed style=\"padding-left: 40px;\" width=\"400\" height=\"255\" type=\"application\/x-shockwave-flash\" src=\"http:\/\/www.youtube.com\/v\/li7edRhcBWQ&amp;hl=en&amp;fs=1&amp;showinfo=0\" allowFullScreen=\"true\" allowscriptaccess=\"always\" allowfullscreen=\"true\" \/><\/object><\/p>\n<\/div>\n<div class=\"full\"><img decoding=\"async\" class=\"hr-home2 colorbox-3179\" alt=\"separator dino storm\" src=\"\/wp-content\/themes\/arras\/images\/dinostorm\/seperator_small.png\" \/><\/p>\n<h2 class=\"headline_page_2\">Screenshoty<\/h2>\n<\/div>\n<div class=\"one_fourth\">\n<p><a href=\"\/wp-content\/gallery\/screenshots\/dinostorm_08.jpg\"><img decoding=\"async\" class=\"aligncenter size-medium wp-image-1925 colorbox-3179\" title=\"Dino Storm - Witamy w Dinoville\" alt=\"Dino Storm - Witamy w Dinoville\" src=\"\/wp-content\/gallery\/screenshots\/thumbs\/thumbs_dinostorm_08.jpg\" width=\"131\" border=\"none\" \/><\/a>><\/p>\n<p><a href=\"\/wp-content\/gallery\/screenshots\/dinostorm_11.jpg\"><img decoding=\"async\" class=\"aligncenter size-medium wp-image-1925 colorbox-3179\" title=\"Dino Storm - Rzeka w Dinoville\" alt=\"Dino Storm - Rzeka w Dinoville\" src=\"\/wp-content\/gallery\/screenshots\/thumbs\/thumbs_dinostorm_11.jpg\" width=\"131\" border=\"none\" \/><\/a>><\/p>\n<\/div>\n<div class=\"one_fourth\">\n<p><a href=\"\/wp-content\/gallery\/screenshots\/dinostorm_mokonwoods_01.jpg\"><img decoding=\"async\" class=\"aligncenter size-medium wp-image-1925 colorbox-3179\" title=\"Dino Storm - Problem w Mokon Woods\" alt=\"Dino Storm - Problem w Mokon Woods\" src=\"\/wp-content\/gallery\/screenshots\/thumbs\/thumbs_dinostorm_mokonwoods_01.jpg\" width=\"131\" border=\"none\" \/><\/a>><\/p>\n<p><a href=\"\/wp-content\/gallery\/screenshots\/dinostorm_mokonwoods_02.jpg\"><img decoding=\"async\" class=\"aligncenter size-medium wp-image-1925 colorbox-3179\" title=\"Dino Storm - b\u0105d\u017a ostro\u017cny! Niebezpieczne stworzenia!\" alt=\"Dino Storm - b\u0105d\u017a ostro\u017cny! Niebezpieczne stworzenia!\" src=\"\/wp-content\/gallery\/screenshots\/thumbs\/thumbs_dinostorm_mokonwoods_02.jpg\" width=\"131\" border=\"none\" \/><\/a> \/><\/a><\/p>\n<\/div>\n<div class=\"one_f<a href=\"\/wp-content\/gallery\/screenshots\/dinostorm_09.jpg\"><img decoding=\"async\" class=\"aligncenter size-medium wp-image-1925 colorbox-3179\" title=\"Dino Storm - Dinozaury w Dino Storm\" alt=\"Dino Storm - Dinozaury w Dino Storm\" src=\"\/wp-content\/gallery\/screenshots\/thumbs\/thumbs_dinostorm_09.jpg\" width=\"131\" border=\"none\" \/><\/a><a href=\"\/wp-content\/gallery\/screenshots\/ds_jungle_01.jpg\"><img decoding=\"async\" class=\"aligncenter size-medium wp-image-1925 colorbox-3179\" title=\"Dino Storm - Bandyta w Mokon Woods\" alt=\"Dino Storm - Bandyta w Mokon Woods\" src=\"\/wp-content\/gallery\/screenshots\/thumbs\/thumbs_ds_jungle_01.jpg\" width=\"131\" border=\"none\" \/><\/a> \/><\/a><\/p>\n<\/div>\n<div class=\"one_f<a href=\"\/wp-content\/gallery\/dino-storm-screenshots_1\/pr_splitscreen-studios_dino-storm_closed-beta_start_bandits.jpg\"><img decoding=\"async\" class=\"aligncenter size-medium wp-image-1925 colorbox-3179\" title=\"Dino Storm - Bandyta w Dinoville\" alt=\"Dino Storm - Bandyta w Dinoville\" src=\"\/wp-content\/gallery\/dino-storm-screenshots_1\/thumbs\/thumbs_pr_splitscreen-studios_dino-storm_closed-beta_start_bandits.jpg\" width=\"131\" border=\"none\" \/><\/a><a href=\"\/wp-content\/gallery\/dino-storm-screenshots_1\/pr_splitscreen-studios_dino-storm_closed-beta_start_trex.jpg\"><img decoding=\"async\" class=\"aligncenter size-medium wp-image-1925 colorbox-3179\" title=\"Dino Storm - Walka z T-Rexem\" alt=\"Dino Storm - Walka z T-Rexem\" src=\"\/wp-content\/gallery\/dino-storm-screenshots_1\/thumbs\/thumbs_pr_splitscreen-studios_dino-storm_closed-beta_t-rex.jpg\" width=\"131\" border=\"none\" \/><\/a> \/><\/a><\/p>\n<\/div>\n<div class=\"full\"><img decoding=\"async\" class=\"hr-home2 colorbox-3179\" alt=\"separator dino storm\" src=\"\/wp-content\/themes\/arras\/images\/dinostorm\/seperator_small.png\" \/><\/p>\n<h2 class=\"headline_page_2 right20\">Tapeta<\/h2>\n<\/div>\n<div class=\"one_third_<a href=\"\/wp-content\/media\/wallpaper\/Dino%20Storm%20-%20Wallpaper%2001.jpg\"><img decoding=\"async\" class=\"aligncenter size-medium wp-image-1925 colorbox-3179\" style=\"padding-left: 25px;\" title=\"Dino Storm - Tapeta\" alt=\"Dino Storm - Tapeta\" src=\"\/wp-content\/media\/wallpaper\/thumbs\/Dino%20Storm%20-%20Wallpaper%2001s.jpg\" width=\"261\" border=\"none\" \/><\/a> \/<a class=\"aligncenter textcenter\" href=\"http:\/\/dinostorm.com\/wp-content\/media\/wallpaper\/Dino%20Storm%20-%20Wallpaper%2001.jpg\">1920&#215;1080<\/a>080<<a href=\"\/wp-content\/media\/wallpaper\/Dino%20Storm%20-%20Wallpaper%2002.jpg\"><img decoding=\"async\" class=\"aligncenter size-medium wp-image-1925 colorbox-3179\" style=\"padding-left: 25px;\" title=\"Tapeta Dino Storm - centrozaur\" alt=\"Tapeta Dino Storm - centrozaur\" src=\"\/wp-content\/media\/wallpaper\/thumbs\/Dino%20Storm%20-%20Wallpaper%2002s.jpg\" width=\"261\" border=\"none\" \/><\/a> \/<a class=\"aligncenter textcenter\" href=\"http:\/\/dinostorm.com\/wp-content\/media\/wallpaper\/Dino%20Storm%20-%20Wallpaper%2002.jpg\">1920&#215;1080<\/a>080<<a href=\"\/wp-content\/media\/wallpaper\/Dino%20Storm%20-%20Rudolph%20the%20red%20little%20Dinosaur.jpg\"><img decoding=\"async\" class=\"aligncenter size-medium wp-image-1925 colorbox-3179\" style=\"padding-left: 25px;\" title=\"Dino Storm Wallpaper - Centrosaurus\" alt=\"Dino Storm Wallpaper - Centrosaurus\" src=\"\/wp-content\/media\/wallpaper\/thumbs\/Dino%20Storm%20-%20Rudolph%20the%20red%20little%20Dinosaur_thumb.jpg\" width=\"261\" border=\"none\" \/><\/a> \/<a class=\"aligncenter textcenter\" href=\"http:\/\/dinostorm.com\/wp-content\/media\/wallpaper\/Dino%20Storm%20-%20Rudolph%20the%20red%20little%20Dinosaur.jpg\">1920&#215;1080<\/a>080<\/a><\/p>\n<\/div>\n<div class=\"one_third_<a href=\"\/wp-content\/media\/wallpaper\/Dino%20Storm%20-%20Wallpaper%2003.jpg\"><img decoding=\"async\" class=\"aligncenter size-medium wp-image-1925  colorbox-3179\" title=\"Tapeta Dino Storm - celofyz\" alt=\"Tapeta Dino Storm - celofyz\" src=\"\/wp-content\/media\/wallpaper\/thumbs\/Dino%20Storm%20-%20Wallpaper%2003s.jpg\" width=\"261\" border=\"none\" \/><\/a> \/<a class=\"aligncenter textcenter\" href=\"http:\/\/dinostorm.com\/wp-content\/media\/wallpaper\/Dino%20Storm%20-%20Wallpaper%2003.jpg\">1920&#215;1080<\/a>080<<a href=\"\/wp-content\/media\/wallpaper\/Dino%20Storm%20-%20Wallpaper%2004.jpg\"><img decoding=\"async\" class=\"aligncenter size-medium wp-image-1925 colorbox-3179\" title=\"Tapeta Dino Storm - parazaurolof\" alt=\"Tapeta Dino Storm - parazaurolof\" src=\"\/wp-content\/media\/wallpaper\/thumbs\/Dino%20Storm%20-%20Wallpaper%2004s.jpg\" width=\"261\" border=\"none\" \/><\/a> \/<a class=\"aligncenter textcenter\" href=\"http:\/\/dinostorm.com\/wp-content\/media\/wallpaper\/Dino%20Storm%20-%20Wallpaper%2004.jpg\">1920&#215;1080<\/a>080<\/a><\/p>\n<\/div>\n<div class=\"one_thir<a href=\"\/wp-content\/media\/wallpaper\/Dino%20Storm%20-%20Wallpaper%2005.jpg\"><img decoding=\"async\" class=\"aligncenter size-medium wp-image-1925 colorbox-3179\" title=\"Tapeta Dino Storm - tyranozaur rex\" alt=\"Tapeta Dino Storm - tyranozaur rex\" src=\"\/wp-content\/media\/wallpaper\/thumbs\/Dino%20Storm%20-%20Wallpaper%2005s.jpg\" width=\"261\" border=\"none\" \/><\/a> \/<a class=\"aligncenter textcenter\" href=\"http:\/\/dinostorm.com\/wp-content\/media\/wallpaper\/Dino%20Storm%20-%20Wallpaper%2005.jpg\">1920&#215;1080<\/a>080<<a href=\"\/wp-content\/media\/wallpaper\/Dino%20Storm%20-%20Wallpaper%2006.jpg\"><img decoding=\"async\" class=\"aligncenter size-medium wp-image-1925 colorbox-3179\" title=\"Tapeta Dino Storm - brachiozaur\" alt=\"Tapeta Dino Storm - brachiozaur\" src=\"\/wp-content\/media\/wallpaper\/thumbs\/Dino%20Storm%20-%20Wallpaper%2006s.jpg\" width=\"261\" border=\"none\" \/><\/a> \/<a class=\"aligncenter textcenter\" href=\"http:\/\/dinostorm.com\/wp-content\/media\/wallpaper\/Dino%20Storm%20-%20Wallpaper%2006.jpg\">1920&#215;1080<\/a>080<\/a><\/p>\n<\/div>\n<div class=\"full\"><img decoding=\"async\" class=\"hr-home2 colorbox-3179\" alt=\"separator dino storm\" src=\"\/wp-content\/themes\/arras\/images\/dinostorm\/seperator_small.png\" \/><\/p>\n<h2 class=\"headline_page_2 right20\">Concept Art<\/h2>\n<\/div>\n<div class=\"one_fourt<a href=\"\/wp-content\/gallery\/concept-art\/dino-storm-concept-art-13.png\"><img decoding=\"async\" class=\"aligncenter size-medium wp-image-1925 colorbox-3179\" title=\"Dino Storm - Concept Art 13\" alt=\"Dino Storm - Concept Art 13\" src=\"\/wp-content\/gallery\/concept-art\/thumbs\/thumbs_dino-storm-concept-art-13.png\" width=\"131\" border=\"none\" \/><\/a> \/><<a href=\"\/wp-content\/gallery\/concept-art\/dino-storm-concept-art-09.jpg\"><img decoding=\"async\" class=\"aligncenter size-medium wp-image-1925 colorbox-3179\" title=\"Dino Storm - Concept Art 09\" alt=\"Dino Storm - Concept Art 09\" src=\"\/wp-content\/gallery\/concept-art\/thumbs\/thumbs_dino-storm-concept-art-09.jpg\" width=\"131\" border=\"none\" \/><\/a> \/><<a href=\"\/wp-content\/gallery\/concept-art\/dino-storm-concept-art-04.jpg\"><img decoding=\"async\" class=\"aligncenter size-medium wp-image-1925 colorbox-3179\" title=\"Dino Storm - Concept Art 04\" alt=\"Dino Storm - Concept Art 04\" src=\"\/wp-content\/gallery\/concept-art\/thumbs\/thumbs_dino-storm-concept-art-04.jpg\" width=\"131\" border=\"none\" \/><\/a> \/><\/a><\/p>\n<\/div>\n<div class=\"one_fourt<a href=\"\/wp-content\/gallery\/concept-art\/dino-storm-concept-art-12.jpg\"><img decoding=\"async\" class=\"aligncenter size-medium wp-image-1925 colorbox-3179\" title=\"Dino Storm - Concept Art 12\" alt=\"Dino Storm - Concept Art 12\" src=\"\/wp-content\/gallery\/concept-art\/thumbs\/thumbs_dino-storm-concept-art-12.jpg\" width=\"131\" border=\"none\" \/><\/a> \/><<a href=\"\/wp-content\/gallery\/concept-art\/dino-storm-concept-art-18.jpg\"><img decoding=\"async\" class=\"aligncenter size-medium wp-image-1925 colorbox-3179\" title=\"Dino Storm - Concept Art 08\" alt=\"Dino Storm - Concept Art 18\" src=\"\/wp-content\/gallery\/concept-art\/thumbs\/thumbs_dino-storm-concept-art-18.jpg\" width=\"131\" border=\"none\" \/><\/a> \/><<a href=\"\/wp-content\/gallery\/concept-art\/dino-storm-concept-art-03.jpg\"><img decoding=\"async\" class=\"aligncenter size-medium wp-image-1925 colorbox-3179\" title=\"Dino Storm - Concept Art 03\" alt=\"\" src=\"\/wp-content\/gallery\/concept-art\/thumbs\/thumbs_dino-storm-concept-art-03.jpg\" width=\"131\" border=\"none\" \/><\/a> \/><\/a><\/p>\n<\/div>\n<div class=\"one_f<a href=\"\/wp-content\/gallery\/concept-art\/dino-storm-concept-art-11.jpg\"><img decoding=\"async\" class=\"aligncenter size-medium wp-image-1925 colorbox-3179\" title=\"Dino Storm - Concept Art 11\" alt=\"Dino Storm - Concept Art 11\" src=\"\/wp-content\/gallery\/concept-art\/thumbs\/thumbs_dino-storm-concept-art-11.jpg\" width=\"131\" border=\"none\" \/><\/a><a href=\"\/wp-content\/gallery\/concept-art\/dino-storm-concept-art-06.jpg\"><img decoding=\"async\" class=\"aligncenter size-medium wp-image-1925 colorbox-3179\" title=\"Dino Storm - Concept Art 06\" alt=\"Dino Storm - Concept Art 06\" src=\"\/wp-content\/gallery\/concept-art\/thumbs\/thumbs_dino-storm-concept-art-06.jpg\" width=\"131\" border=\"none\" \/><\/a> \/><<a href=\"\/wp-content\/gallery\/concept-art\/dino-storm-concept-art-02.jpg\"><img decoding=\"async\" class=\"aligncenter size-medium wp-image-1925 colorbox-3179\" title=\"Dino Storm - Concept Art 02\" alt=\"Dino Storm - Concept Art 02\" src=\"\/wp-content\/gallery\/concept-art\/thumbs\/thumbs_dino-storm-concept-art-02.jpg\" width=\"131\" border=\"none\" \/><\/a> \/><\/a><\/p>\n<\/div>\n<div class=\"one_f<a href=\"\/wp-content\/gallery\/concept-art\/dino-storm-concept-art-10.jpg\"><img decoding=\"async\" class=\"aligncenter size-medium wp-image-1925 colorbox-3179\" title=\"Dino Storm - Concept Art 10\" alt=\"Dino Storm - Concept Art 10\" src=\"\/wp-content\/gallery\/concept-art\/thumbs\/thumbs_dino-storm-concept-art-10.jpg\" width=\"131\" border=\"none\" \/><\/a><a href=\"\/wp-content\/gallery\/concept-art\/dino-storm-concept-art-05.jpg\"><img decoding=\"async\" class=\"aligncenter size-medium wp-image-1925 colorbox-3179\" title=\"Dino Storm - Concept Art 05\" alt=\"Dino Storm - Concept Art 05\" src=\"\/wp-content\/gallery\/concept-art\/thumbs\/thumbs_dino-storm-concept-art-05.jpg\" width=\"131\" border=\"none\" \/><\/a> \/><<a href=\"\/wp-content\/gallery\/concept-art\/dino-storm-concept-art-01.jpg\"><img decoding=\"async\" class=\"aligncenter size-medium wp-image-1925 colorbox-3179\" title=\"Dino Storm - Concept Art 01\" alt=\"Dino Storm - Concept Art 01\" src=\"\/wp-content\/gallery\/concept-art\/thumbs\/thumbs_dino-storm-concept-art-01.jpg\" width=\"131\" border=\"none\" \/><\/a> \/><\/a><\/p>\n<\/div>\n<div class=\"full\"><img decoding=\"async\" class=\"hr3 margin35 colorbox-3179\" alt=\"separator dino storm\" src=\"\/wp-content\/themes\/arras\/images\/dinostorm\/seperator_big.png\" \/><\/div>\n","protected":false},"excerpt":{"rendered":"<p>DINO STORM &#8211; Multimedia Powr\u00f3t> Trailer Screenshoty > > > \/> Tapeta<\/p>\n","protected":false},"author":26,"featured_media":-1,"parent":0,"menu_order":0,"comment_status":"closed","ping_status":"closed","template":"pagetpl-onecolumn.php","meta":{"footnotes":"","_links_to":"","_links_to_target":""},"class_list":["post-3179","page","type-page","status-publish","has-post-thumbnail","hentry"],"yoast_head":"<!-- This site is optimized with the Yoast SEO plugin v27.3 - https:\/\/yoast.com\/product\/yoast-seo-wordpress\/ -->\n<title>Multimedia - Dino Storm<\/title>\n<meta name=\"description\" content=\"Dino Storm Media - Trailer, Screenshoty, Tapety\" \/>\n<meta name=\"robots\" content=\"index, follow, max-snippet:-1, max-image-preview:large, max-video-preview:-1\" \/>\n<link rel=\"canonical\" href=\"https:\/\/dinostorm.com\/pl\/multimedia\/\" \/>\n<meta property=\"og:locale\" content=\"pl_PL\" \/>\n<meta property=\"og:type\" content=\"article\" \/>\n<meta property=\"og:title\" content=\"Multimedia - Dino Storm\" \/>\n<meta property=\"og:description\" content=\"Dino Storm Media - Trailer, Screenshoty, Tapety\" \/>\n<meta property=\"og:url\" content=\"https:\/\/dinostorm.com\/pl\/multimedia\/\" \/>\n<meta property=\"og:site_name\" content=\"Dino Storm\" \/>\n<meta property=\"article:modified_time\" content=\"2018-02-01T11:46:57+00:00\" \/>\n<script type=\"application\/ld+json\" class=\"yoast-schema-graph\">{\"@context\":\"https:\\\/\\\/schema.org\",\"@graph\":[{\"@type\":\"WebPage\",\"@id\":\"https:\\\/\\\/dinostorm.com\\\/pl\\\/multimedia\\\/\",\"url\":\"https:\\\/\\\/dinostorm.com\\\/pl\\\/multimedia\\\/\",\"name\":\"Multimedia - Dino Storm\",\"isPartOf\":{\"@id\":\"https:\\\/\\\/dinostorm.com\\\/pl\\\/#website\"},\"datePublished\":\"2012-11-07T14:57:47+00:00\",\"dateModified\":\"2018-02-01T11:46:57+00:00\",\"description\":\"Dino Storm Media - Trailer, Screenshoty, Tapety\",\"breadcrumb\":{\"@id\":\"https:\\\/\\\/dinostorm.com\\\/pl\\\/multimedia\\\/#breadcrumb\"},\"inLanguage\":\"pl-PL\",\"potentialAction\":[{\"@type\":\"ReadAction\",\"target\":[\"https:\\\/\\\/dinostorm.com\\\/pl\\\/multimedia\\\/\"]}]},{\"@type\":\"BreadcrumbList\",\"@id\":\"https:\\\/\\\/dinostorm.com\\\/pl\\\/multimedia\\\/#breadcrumb\",\"itemListElement\":[{\"@type\":\"ListItem\",\"position\":1,\"name\":\"Home\",\"item\":\"https:\\\/\\\/dinostorm.com\\\/pl\\\/\"},{\"@type\":\"ListItem\",\"position\":2,\"name\":\"Multimedia\"}]},{\"@type\":\"WebSite\",\"@id\":\"https:\\\/\\\/dinostorm.com\\\/pl\\\/#website\",\"url\":\"https:\\\/\\\/dinostorm.com\\\/pl\\\/\",\"name\":\"Dino Storm\",\"description\":\"\",\"potentialAction\":[{\"@type\":\"SearchAction\",\"target\":{\"@type\":\"EntryPoint\",\"urlTemplate\":\"https:\\\/\\\/dinostorm.com\\\/pl\\\/?s={search_term_string}\"},\"query-input\":{\"@type\":\"PropertyValueSpecification\",\"valueRequired\":true,\"valueName\":\"search_term_string\"}}],\"inLanguage\":\"pl-PL\"}]}<\/script>\n<!-- \/ Yoast SEO plugin. -->","yoast_head_json":{"title":"Multimedia - Dino Storm","description":"Dino Storm Media - Trailer, Screenshoty, Tapety","robots":{"index":"index","follow":"follow","max-snippet":"max-snippet:-1","max-image-preview":"max-image-preview:large","max-video-preview":"max-video-preview:-1"},"canonical":"https:\/\/dinostorm.com\/pl\/multimedia\/","og_locale":"pl_PL","og_type":"article","og_title":"Multimedia - Dino Storm","og_description":"Dino Storm Media - Trailer, Screenshoty, Tapety","og_url":"https:\/\/dinostorm.com\/pl\/multimedia\/","og_site_name":"Dino Storm","article_modified_time":"2018-02-01T11:46:57+00:00","schema":{"@context":"https:\/\/schema.org","@graph":[{"@type":"WebPage","@id":"https:\/\/dinostorm.com\/pl\/multimedia\/","url":"https:\/\/dinostorm.com\/pl\/multimedia\/","name":"Multimedia - Dino Storm","isPartOf":{"@id":"https:\/\/dinostorm.com\/pl\/#website"},"datePublished":"2012-11-07T14:57:47+00:00","dateModified":"2018-02-01T11:46:57+00:00","description":"Dino Storm Media - Trailer, Screenshoty, Tapety","breadcrumb":{"@id":"https:\/\/dinostorm.com\/pl\/multimedia\/#breadcrumb"},"inLanguage":"pl-PL","potentialAction":[{"@type":"ReadAction","target":["https:\/\/dinostorm.com\/pl\/multimedia\/"]}]},{"@type":"BreadcrumbList","@id":"https:\/\/dinostorm.com\/pl\/multimedia\/#breadcrumb","itemListElement":[{"@type":"ListItem","position":1,"name":"Home","item":"https:\/\/dinostorm.com\/pl\/"},{"@type":"ListItem","position":2,"name":"Multimedia"}]},{"@type":"WebSite","@id":"https:\/\/dinostorm.com\/pl\/#website","url":"https:\/\/dinostorm.com\/pl\/","name":"Dino Storm","description":"","potentialAction":[{"@type":"SearchAction","target":{"@type":"EntryPoint","urlTemplate":"https:\/\/dinostorm.com\/pl\/?s={search_term_string}"},"query-input":{"@type":"PropertyValueSpecification","valueRequired":true,"valueName":"search_term_string"}}],"inLanguage":"pl-PL"}]}},"_links":{"self":[{"href":"https:\/\/dinostorm.com\/pl\/wp-json\/wp\/v2\/pages\/3179","targetHints":{"allow":["GET"]}}],"collection":[{"href":"https:\/\/dinostorm.com\/pl\/wp-json\/wp\/v2\/pages"}],"about":[{"href":"https:\/\/dinostorm.com\/pl\/wp-json\/wp\/v2\/types\/page"}],"author":[{"embeddable":true,"href":"https:\/\/dinostorm.com\/pl\/wp-json\/wp\/v2\/users\/26"}],"replies":[{"embeddable":true,"href":"https:\/\/dinostorm.com\/pl\/wp-json\/wp\/v2\/comments?post=3179"}],"version-history":[{"count":0,"href":"https:\/\/dinostorm.com\/pl\/wp-json\/wp\/v2\/pages\/3179\/revisions"}],"wp:featuredmedia":[{"embeddable":true,"href":"https:\/\/dinostorm.com\/pl\/wp-json\/"}],"wp:attachment":[{"href":"https:\/\/dinostorm.com\/pl\/wp-json\/wp\/v2\/media?parent=3179"}],"curies":[{"name":"wp","href":"https:\/\/api.w.org\/{rel}","templated":true}]}}