{"id":3140,"date":"2012-10-18T09:18:35","date_gmt":"2012-10-18T07:18:35","guid":{"rendered":"http:\/\/dinostorm.com\/?page_id=3140"},"modified":"2021-07-23T14:27:56","modified_gmt":"2021-07-23T12:27:56","slug":"moduly-technologii","status":"publish","type":"page","link":"https:\/\/dinostorm.com\/pl\/gra\/moduly-technologii\/","title":{"rendered":"Moduly technologii"},"content":{"rendered":"<div class=\"teaser\"><\/div>\n<h1 class=\"headline_page width_350\"><span>Moduly technologii<\/span><\/h1>\n<p class=\"back-button back-pos350\"><a class=\"back-block\" href=\"\/pl\/gra#overview\">Powr\u00f3t<\/a><\/p>\n<div class=\"full\">\n<img decoding=\"async\" class=\"wrapper_image_impl colorbox-3140\" src=\"\/wp-content\/themes\/arras\/images\/dinostorm\/tech-Cowboy.png\" alt=\"Moduly technologii b Dino Storm\"\/><\/p>\n<div class=\"wrapper_impl\">\n<p class=\"text-impl\">Badz o krok przed konkurencja z pomoca naszych wysoce wydajnych i nowoczesnych modul\u00f3w technologii dla twojej broni laserowej. Latwe w instalacji, niezawodne w dzialaniu.<\/p>\n<\/div>\n<div class=\"wrapper_impl2\">\n<div class=\"slot-list\">\n<div class=\"clear-after\">\n                      <span class=\"icon-frame-gloss float-left\"><br \/>\n            <img class=\"colorbox-3140\"  decoding=\"async\" src=\"\/wp-content\/themes\/arras\/images\/dinostorm\/module_damage.png\" alt=\"Modul obrazen\"\/><br \/>\n                       <\/span><\/p>\n<div class=\"slot-wrapper\">\n\t\t\t    <span class=\"slot-item-title\">Modu\u0142 obra\u017ce\u0144<\/span><\/p>\n<p class=\"feature-slot-desc\">Czym jest pistolet laserowy bez prawdziwej mocy. Atakuj z moca, kowboju. Nie daj swoim przeciwnikom szansy na ucieczke. Zdobadz modul obrazen i zwieksz obrazenia zadawane przez sw\u00f3j laser.<\/p>\n<\/p><\/div>\n<p>\t<span class=\"clear\"><!-- --><\/span>\n\t         <\/div>\n<\/p><\/div>\n<\/p><\/div>\n<div class=\"wrapper_impl2\">\n<div class=\"slot-list\">\n<div class=\"clear-after\">\n                      <span class=\"icon-frame-gloss float-left\"><br \/>\n            <img class=\"colorbox-3140\"  decoding=\"async\" src=\"\/wp-content\/themes\/arras\/images\/dinostorm\/module_focus.png\" alt=\"Modul koncentracji\"\/><br \/>\n                       <\/span><\/p>\n<div class=\"slot-wrapper\">\n\t\t\t    <span class=\"slot-item-title\">Modu\u0142 koncentracji<\/span><\/p>\n<p class=\"feature-slot-desc\">Skup si\u0119 kowboju, skup si\u0119. Ka\u017cdy strza\u0142 mo\u017ce dotrze\u0107 do celu. Niemo\u017cliwe? Mo\u017cliwe z naszym niesamowitym modu\u0142em koncentracji dla kowboj\u00f3w z Dino Storm. Modu\u0142 ten zwi\u0119ksza prawdopodobie\u0144stwo trafienia przez tw\u00f3j laser lub przez ataki twojego dinozaura.<\/p>\n<\/p><\/div>\n<p>\t<span class=\"clear\"><!-- --><\/span>\n\t         <\/div>\n<\/p><\/div>\n<\/p><\/div>\n<div class=\"wrapper_impl2\">\n<div class=\"slot-list\">\n<div class=\"clear-after\">\n                      <span class=\"icon-frame-gloss float-left\"><br \/>\n            <img class=\"colorbox-3140\"  decoding=\"async\" src=\"\/wp-content\/themes\/arras\/images\/dinostorm\/module_frequency.png\" alt=\"Modul szybko\u015bci\"\/><br \/>\n                       <\/span><\/p>\n<div class=\"slot-wrapper\">\n\t\t\t    <span class=\"slot-item-title\">Modu\u0142 szybko\u015bci<\/span><\/p>\n<p class=\"feature-slot-desc\">Moc to nie wszystko, powiadasz? Masz ca\u0142kowit\u0105 racj\u0119. Dlatego in\u017cynierowie w Dino Storm wynale\u017ali modu\u0142 szybko\u015bci, kt\u00f3ry zwi\u0119ksza tempo strza\u0142u twojej broni. Wypr\u00f3buj go kowboju!<\/p>\n<\/p><\/div>\n<p>\t<span class=\"clear\"><!-- --><\/span>\n\t         <\/div>\n<\/p><\/div>\n<\/p><\/div>\n<div class=\"wrapper_impl2\">\n<div class=\"slot-list\">\n<div class=\"clear-after\">\n                      <span class=\"icon-frame-gloss float-left\"><br \/>\n            <img class=\"colorbox-3140\"  decoding=\"async\" src=\"\/wp-content\/themes\/arras\/images\/dinostorm\/module_penetration.png\" alt=\"Modul perforacji\"\/><br \/>\n                       <\/span><\/p>\n<div class=\"slot-wrapper\">\n\t\t\t    <span class=\"slot-item-title\">Modu\u0142 perforacji<\/span><\/p>\n<p class=\"feature-slot-desc\">Traf swoich wrog\u00f3w naprawd\u0119 mocno z pomoc\u0105 tego modu\u0142u technologii. Dlaczego nazywa si\u0119 modu\u0142em perforacji? Poniewa\u017c pozwala ci na skuteczniejsze przebicie pancerza twojego celu.<\/p>\n<\/p><\/div>\n<p>\t<span class=\"clear\"><!-- --><\/span>\n\t         <\/div>\n<\/p><\/div>\n<\/p><\/div>\n<div class=\"wrapper_impl2\">\n<div class=\"slot-list\">\n<div class=\"clear-after\">\n                      <span class=\"icon-frame-gloss float-left\"><br \/>\n            <img class=\"colorbox-3140\"  decoding=\"async\" src=\"\/wp-content\/themes\/arras\/images\/dinostorm\/module_precision.png\" alt=\"Modul precyzji\"\/><br \/>\n                       <\/span><\/p>\n<div class=\"slot-wrapper\">\n\t\t\t    <span class=\"slot-item-title\">Modu\u0142 precyzji<\/span><\/p>\n<p class=\"feature-slot-desc\">Chcesz rozstrzygn\u0105\u0107 walk\u0119 zaraz po jej rozpocz\u0119ciu? Oto twoja szansa kowboju. Zdob\u0105d\u017a modu\u0142 precyzji, kt\u00f3ry zwi\u0119ksza szans\u0119 na trafienie krytyczne zar\u00f3wno twojego lasera, jak i dinozaura.<\/p>\n<\/p><\/div>\n<p>\t<span class=\"clear\"><!-- --><\/span>\n\t         <\/div>\n<\/p><\/div>\n<\/p><\/div>\n<div class=\"wrapper_impl2\">\n<div class=\"slot-list\">\n<div class=\"clear-after\">\n                      <span class=\"icon-frame-gloss float-left\"><br \/>\n            <img class=\"colorbox-3140\"  decoding=\"async\" src=\"\/wp-content\/themes\/arras\/images\/dinostorm\/module_range.png\" alt=\"Modul zasiegu\"\/><br \/>\n                       <\/span><\/p>\n<div class=\"slot-wrapper\">\n\t\t\t    <span class=\"slot-item-title\">Modu\u0142 zasi\u0119gu<\/span><\/p>\n<p class=\"feature-slot-desc\">Modu\u0142 zasi\u0119gu to doskona\u0142y wyb\u00f3r dla wszystkich snajper\u00f3w z zami\u0142owania. Ten modu\u0142 technologii zwi\u0119ksza maksymalny zasi\u0119g strza\u0142u twojej broni laserowej. Zaskoczony? Przeciwnicy b\u0119d\u0105 jeszcze bardziej.<\/p>\n<\/p><\/div>\n<p>\t<span class=\"clear\"><!-- --><\/span>\n\t         <\/div>\n<\/p><\/div>\n<\/div>\n<div class=\"wrapper_impl2\">\n<div class=\"slot-list\">\n<div class=\"clear-after\">\n                      <span class=\"icon-frame-gloss float-left\"><br \/>\n            <img class=\"colorbox-3140\"  decoding=\"async\" src=\"\/wp-content\/themes\/arras\/images\/dinostorm\/module_aim.png\" alt=\"Modu&#x0142; Celowania\"\/><br \/>\n                       <\/span><\/p>\n<div class=\"slot-wrapper\">\n\t\t\t    <span class=\"slot-item-title\">Modu&#x0142; Celowania<\/span><\/p>\n<p class=\"feature-slot-desc\">Zwi&#x0119;ksza obra&#x017c;enia Twojej broni w zale&#x017c;no&#x015b;ci od odleg&#x0142;o&#x015b;ci Twojego celu. Musi zosta&#x0107; zainstalowany w gnie&#x017a;dzie technologicznym broni, aby m&#x00f3;g&#x0142; dzia&#x0142;a&#x0107;.<\/p>\n<\/p><\/div>\n<p>\t<span class=\"clear\"><!-- --><\/span>\n\t         <\/div>\n<\/p><\/div>\n<\/div>\n<div class=\"wrapper_impl2\">\n<div class=\"slot-list\">\n<div class=\"clear-after\">\n                      <span class=\"icon-frame-gloss float-left\"><br \/>\n            <img class=\"colorbox-3140\"  decoding=\"async\" src=\"\/wp-content\/themes\/arras\/images\/dinostorm\/module_dinodefense.png\" alt=\"Modu&#x0142; Ochrony Od Dinozaur&#x00f3;w\"\/><br \/>\n                       <\/span><\/p>\n<div class=\"slot-wrapper\">\n\t\t\t    <span class=\"slot-item-title\">Modu&#x0142; Ochrony Od Dinozaur&#x00f3;w<\/span><\/p>\n<p class=\"feature-slot-desc\">Zwi&#x0119;ksza Twoj&#x0105; odporno&#x015b;&#x0107; przeciwko obra&#x017c;eniom dinozaura. Musi zosta&#x0107; zainstalowany w gnie&#x017a;dzie technologicznym broni, aby m&#x00f3;g&#x0142; dzia&#x0142;a&#x0107;.<\/p>\n<\/p><\/div>\n<p>\t<span class=\"clear\"><!-- --><\/span>\n\t         <\/div>\n<\/p><\/div>\n<\/div>\n<div class=\"wrapper_impl2\">\n<div class=\"slot-list\">\n<div class=\"clear-after\">\n                      <span class=\"icon-frame-gloss float-left\"><br \/>\n            <img class=\"colorbox-3140\"  decoding=\"async\" src=\"\/wp-content\/themes\/arras\/images\/dinostorm\/module_shock.png\" alt=\"Modu&#x0142; Pora&#x017c;enia\"\/><br \/>\n                       <\/span><\/p>\n<div class=\"slot-wrapper\">\n\t\t\t    <span class=\"slot-item-title\">Modu&#x0142; Pora&#x017c;enia<\/span><\/p>\n<p class=\"feature-slot-desc\">Zapewnia szans&#x0119; na usuni&#x0119;cie innemu graczowi paska pe&#x0142;nej mocy po udanym strzale. Musi zosta&#x0107; zainstalowany w gnie&#x017a;dzie technologicznym broni, aby m&#x00f3;g&#x0142; dzia&#x0142;a&#x0107;.<\/p>\n<\/p><\/div>\n<p>\t<span class=\"clear\"><!-- --><\/span>\n\t         <\/div>\n<\/p><\/div>\n<\/div>\n<div class=\"wrapper_impl2\">\n<div class=\"slot-list\">\n<div class=\"clear-after\">\n                      <span class=\"icon-frame-gloss float-left\"><br \/>\n            <img class=\"colorbox-3140\"  decoding=\"async\" src=\"\/wp-content\/themes\/arras\/images\/dinostorm\/module_dinoreflector.png\" alt=\"Modu&#x0142; Odbicia Dino\"\/><br \/>\n                       <\/span><\/p>\n<div class=\"slot-wrapper\">\n\t\t\t    <span class=\"slot-item-title\">Modu&#x0142; Odbicia Dino<\/span><\/p>\n<p class=\"feature-slot-desc\">Zapewnia szans&#x0119; na chwilowe odbicie niekt&#x00f3;rych z nadchodz&#x0105;cych obra&#x017c;e&#x0144; zadawanych przez dino. Musi zosta&#x0107; zainstalowany w gnie&#x017a;dzie technologicznym broni, aby m&#x00f3;g&#x0142; dzia&#x0142;a&#x0107;.<\/p>\n<\/p><\/div>\n<p>\t<span class=\"clear\"><!-- --><\/span>\n\t         <\/div>\n<\/p><\/div>\n<\/div>\n<div class=\"wrapper_impl2\">\n<div class=\"slot-list\">\n<div class=\"clear-after\">\n                      <span class=\"icon-frame-gloss float-left\"><br \/>\n            <img class=\"colorbox-3140\"  decoding=\"async\" src=\"\/wp-content\/themes\/arras\/images\/dinostorm\/module_freezer.png\" alt=\"Modu&#x0142; Zamro&#x017c;enia\"\/><br \/>\n                       <\/span><\/p>\n<div class=\"slot-wrapper\">\n\t\t\t    <span class=\"slot-item-title\">Modu&#x0142; Zamro&#x017c;enia<\/span><\/p>\n<p class=\"feature-slot-desc\">Zapewnia szans&#x0119; na zastosowanie efektu spowolnienia celu po udanym trafieniu. Musi zosta&#x0107; zainstalowany w gnie&#x017a;dzie technologicznym broni, aby m&#x00f3;g&#x0142; dzia&#x0142;a&#x0107;.<\/p>\n<\/p><\/div>\n<p>\t<span class=\"clear\"><!-- --><\/span>\n\t         <\/div>\n<\/p><\/div>\n<\/div>\n<\/div>\n<\/div>\n<div class=full>\n<img decoding=\"async\" class=\"hr3 colorbox-3140\" src=\"\/wp-content\/themes\/arras\/images\/dinostorm\/seperator_big.png\" alt=\"separator dino storm\" \/>\n<\/div>\n","protected":false},"excerpt":{"rendered":"<p>Moduly technologii Powr\u00f3t Badz o krok przed konkurencja z pomoca naszych wysoce wydajnych i nowoczesnych modul\u00f3w technologii dla twojej broni laserowej. Latwe w instalacji, niezawodne w dzialaniu. Modu\u0142 obra\u017ce\u0144 Czym jest pistolet laserowy bez prawdziwej [&hellip;]<\/p>\n","protected":false},"author":26,"featured_media":15052,"parent":3061,"menu_order":0,"comment_status":"closed","ping_status":"closed","template":"pagetpl-onecolumn.php","meta":{"footnotes":"","_links_to":"","_links_to_target":""},"class_list":["post-3140","page","type-page","status-publish","has-post-thumbnail","hentry"],"yoast_head":"<!-- This site is optimized with the Yoast SEO plugin v27.4 - https:\/\/yoast.com\/product\/yoast-seo-wordpress\/ -->\n<title>Moduly technologii - Dino Storm<\/title>\n<meta name=\"description\" content=\"B\u0105d\u017a o krok przed konkurencj\u0105 z pomoc\u0105 naszych wysoce wydajnych i nowoczesnych modu\u0142\u00f3w technologii dla twojej broni laserowej. \u0141atwe w instalacji, niezawodne w dzia\u0142aniu.\" \/>\n<meta name=\"robots\" content=\"index, follow, max-snippet:-1, max-image-preview:large, max-video-preview:-1\" \/>\n<link rel=\"canonical\" href=\"https:\/\/dinostorm.com\/pl\/gra\/moduly-technologii\/\" \/>\n<meta property=\"og:locale\" content=\"pl_PL\" \/>\n<meta property=\"og:type\" content=\"article\" \/>\n<meta property=\"og:title\" content=\"Moduly technologii - Dino Storm\" \/>\n<meta property=\"og:description\" content=\"B\u0105d\u017a o krok przed konkurencj\u0105 z pomoc\u0105 naszych wysoce wydajnych i nowoczesnych modu\u0142\u00f3w technologii dla twojej broni laserowej. \u0141atwe w instalacji, niezawodne w dzia\u0142aniu.\" \/>\n<meta property=\"og:url\" content=\"https:\/\/dinostorm.com\/pl\/gra\/moduly-technologii\/\" \/>\n<meta property=\"og:site_name\" content=\"Dino Storm\" \/>\n<meta property=\"article:modified_time\" content=\"2021-07-23T12:27:56+00:00\" \/>\n<meta property=\"og:image\" content=\"https:\/\/dinostorm.com\/wp-content\/uploads\/2012\/09\/ds_jungle_01.jpg\" \/>\n\t<meta property=\"og:image:width\" content=\"1280\" \/>\n\t<meta property=\"og:image:height\" content=\"720\" \/>\n\t<meta property=\"og:image:type\" content=\"image\/jpeg\" \/>\n<meta name=\"twitter:label1\" content=\"Szacowany czas czytania\" \/>\n\t<meta name=\"twitter:data1\" content=\"2 minuty\" \/>\n<script type=\"application\/ld+json\" class=\"yoast-schema-graph\">{\"@context\":\"https:\\\/\\\/schema.org\",\"@graph\":[{\"@type\":\"WebPage\",\"@id\":\"https:\\\/\\\/dinostorm.com\\\/pl\\\/gra\\\/moduly-technologii\\\/\",\"url\":\"https:\\\/\\\/dinostorm.com\\\/pl\\\/gra\\\/moduly-technologii\\\/\",\"name\":\"Moduly technologii - Dino Storm\",\"isPartOf\":{\"@id\":\"https:\\\/\\\/dinostorm.com\\\/pl\\\/#website\"},\"primaryImageOfPage\":{\"@id\":\"https:\\\/\\\/dinostorm.com\\\/pl\\\/gra\\\/moduly-technologii\\\/#primaryimage\"},\"image\":{\"@id\":\"https:\\\/\\\/dinostorm.com\\\/pl\\\/gra\\\/moduly-technologii\\\/#primaryimage\"},\"thumbnailUrl\":\"https:\\\/\\\/dinostorm.com\\\/wp-content\\\/uploads\\\/2012\\\/09\\\/ds_jungle_01.jpg\",\"datePublished\":\"2012-10-18T07:18:35+00:00\",\"dateModified\":\"2021-07-23T12:27:56+00:00\",\"description\":\"B\u0105d\u017a o krok przed konkurencj\u0105 z pomoc\u0105 naszych wysoce wydajnych i nowoczesnych modu\u0142\u00f3w technologii dla twojej broni laserowej. \u0141atwe w instalacji, niezawodne w dzia\u0142aniu.\",\"breadcrumb\":{\"@id\":\"https:\\\/\\\/dinostorm.com\\\/pl\\\/gra\\\/moduly-technologii\\\/#breadcrumb\"},\"inLanguage\":\"pl-PL\",\"potentialAction\":[{\"@type\":\"ReadAction\",\"target\":[\"https:\\\/\\\/dinostorm.com\\\/pl\\\/gra\\\/moduly-technologii\\\/\"]}]},{\"@type\":\"ImageObject\",\"inLanguage\":\"pl-PL\",\"@id\":\"https:\\\/\\\/dinostorm.com\\\/pl\\\/gra\\\/moduly-technologii\\\/#primaryimage\",\"url\":\"https:\\\/\\\/dinostorm.com\\\/wp-content\\\/uploads\\\/2012\\\/09\\\/ds_jungle_01.jpg\",\"contentUrl\":\"https:\\\/\\\/dinostorm.com\\\/wp-content\\\/uploads\\\/2012\\\/09\\\/ds_jungle_01.jpg\",\"width\":1280,\"height\":720,\"caption\":\"Beware of dangerous bandits in Mokon Woods are everywhere.\"},{\"@type\":\"BreadcrumbList\",\"@id\":\"https:\\\/\\\/dinostorm.com\\\/pl\\\/gra\\\/moduly-technologii\\\/#breadcrumb\",\"itemListElement\":[{\"@type\":\"ListItem\",\"position\":1,\"name\":\"Home\",\"item\":\"https:\\\/\\\/dinostorm.com\\\/pl\\\/\"},{\"@type\":\"ListItem\",\"position\":2,\"name\":\"Gra\",\"item\":\"https:\\\/\\\/dinostorm.com\\\/pl\\\/gra\\\/\"},{\"@type\":\"ListItem\",\"position\":3,\"name\":\"Moduly technologii\"}]},{\"@type\":\"WebSite\",\"@id\":\"https:\\\/\\\/dinostorm.com\\\/pl\\\/#website\",\"url\":\"https:\\\/\\\/dinostorm.com\\\/pl\\\/\",\"name\":\"Dino Storm\",\"description\":\"\",\"potentialAction\":[{\"@type\":\"SearchAction\",\"target\":{\"@type\":\"EntryPoint\",\"urlTemplate\":\"https:\\\/\\\/dinostorm.com\\\/pl\\\/?s={search_term_string}\"},\"query-input\":{\"@type\":\"PropertyValueSpecification\",\"valueRequired\":true,\"valueName\":\"search_term_string\"}}],\"inLanguage\":\"pl-PL\"}]}<\/script>\n<!-- \/ Yoast SEO plugin. -->","yoast_head_json":{"title":"Moduly technologii - Dino Storm","description":"B\u0105d\u017a o krok przed konkurencj\u0105 z pomoc\u0105 naszych wysoce wydajnych i nowoczesnych modu\u0142\u00f3w technologii dla twojej broni laserowej. \u0141atwe w instalacji, niezawodne w dzia\u0142aniu.","robots":{"index":"index","follow":"follow","max-snippet":"max-snippet:-1","max-image-preview":"max-image-preview:large","max-video-preview":"max-video-preview:-1"},"canonical":"https:\/\/dinostorm.com\/pl\/gra\/moduly-technologii\/","og_locale":"pl_PL","og_type":"article","og_title":"Moduly technologii - Dino Storm","og_description":"B\u0105d\u017a o krok przed konkurencj\u0105 z pomoc\u0105 naszych wysoce wydajnych i nowoczesnych modu\u0142\u00f3w technologii dla twojej broni laserowej. \u0141atwe w instalacji, niezawodne w dzia\u0142aniu.","og_url":"https:\/\/dinostorm.com\/pl\/gra\/moduly-technologii\/","og_site_name":"Dino Storm","article_modified_time":"2021-07-23T12:27:56+00:00","og_image":[{"width":1280,"height":720,"url":"https:\/\/dinostorm.com\/wp-content\/uploads\/2012\/09\/ds_jungle_01.jpg","type":"image\/jpeg"}],"twitter_misc":{"Szacowany czas czytania":"2 minuty"},"schema":{"@context":"https:\/\/schema.org","@graph":[{"@type":"WebPage","@id":"https:\/\/dinostorm.com\/pl\/gra\/moduly-technologii\/","url":"https:\/\/dinostorm.com\/pl\/gra\/moduly-technologii\/","name":"Moduly technologii - Dino Storm","isPartOf":{"@id":"https:\/\/dinostorm.com\/pl\/#website"},"primaryImageOfPage":{"@id":"https:\/\/dinostorm.com\/pl\/gra\/moduly-technologii\/#primaryimage"},"image":{"@id":"https:\/\/dinostorm.com\/pl\/gra\/moduly-technologii\/#primaryimage"},"thumbnailUrl":"https:\/\/dinostorm.com\/wp-content\/uploads\/2012\/09\/ds_jungle_01.jpg","datePublished":"2012-10-18T07:18:35+00:00","dateModified":"2021-07-23T12:27:56+00:00","description":"B\u0105d\u017a o krok przed konkurencj\u0105 z pomoc\u0105 naszych wysoce wydajnych i nowoczesnych modu\u0142\u00f3w technologii dla twojej broni laserowej. \u0141atwe w instalacji, niezawodne w dzia\u0142aniu.","breadcrumb":{"@id":"https:\/\/dinostorm.com\/pl\/gra\/moduly-technologii\/#breadcrumb"},"inLanguage":"pl-PL","potentialAction":[{"@type":"ReadAction","target":["https:\/\/dinostorm.com\/pl\/gra\/moduly-technologii\/"]}]},{"@type":"ImageObject","inLanguage":"pl-PL","@id":"https:\/\/dinostorm.com\/pl\/gra\/moduly-technologii\/#primaryimage","url":"https:\/\/dinostorm.com\/wp-content\/uploads\/2012\/09\/ds_jungle_01.jpg","contentUrl":"https:\/\/dinostorm.com\/wp-content\/uploads\/2012\/09\/ds_jungle_01.jpg","width":1280,"height":720,"caption":"Beware of dangerous bandits in Mokon Woods are everywhere."},{"@type":"BreadcrumbList","@id":"https:\/\/dinostorm.com\/pl\/gra\/moduly-technologii\/#breadcrumb","itemListElement":[{"@type":"ListItem","position":1,"name":"Home","item":"https:\/\/dinostorm.com\/pl\/"},{"@type":"ListItem","position":2,"name":"Gra","item":"https:\/\/dinostorm.com\/pl\/gra\/"},{"@type":"ListItem","position":3,"name":"Moduly technologii"}]},{"@type":"WebSite","@id":"https:\/\/dinostorm.com\/pl\/#website","url":"https:\/\/dinostorm.com\/pl\/","name":"Dino Storm","description":"","potentialAction":[{"@type":"SearchAction","target":{"@type":"EntryPoint","urlTemplate":"https:\/\/dinostorm.com\/pl\/?s={search_term_string}"},"query-input":{"@type":"PropertyValueSpecification","valueRequired":true,"valueName":"search_term_string"}}],"inLanguage":"pl-PL"}]}},"_links":{"self":[{"href":"https:\/\/dinostorm.com\/pl\/wp-json\/wp\/v2\/pages\/3140","targetHints":{"allow":["GET"]}}],"collection":[{"href":"https:\/\/dinostorm.com\/pl\/wp-json\/wp\/v2\/pages"}],"about":[{"href":"https:\/\/dinostorm.com\/pl\/wp-json\/wp\/v2\/types\/page"}],"author":[{"embeddable":true,"href":"https:\/\/dinostorm.com\/pl\/wp-json\/wp\/v2\/users\/26"}],"replies":[{"embeddable":true,"href":"https:\/\/dinostorm.com\/pl\/wp-json\/wp\/v2\/comments?post=3140"}],"version-history":[{"count":4,"href":"https:\/\/dinostorm.com\/pl\/wp-json\/wp\/v2\/pages\/3140\/revisions"}],"predecessor-version":[{"id":242121,"href":"https:\/\/dinostorm.com\/pl\/wp-json\/wp\/v2\/pages\/3140\/revisions\/242121"}],"up":[{"embeddable":true,"href":"https:\/\/dinostorm.com\/pl\/wp-json\/wp\/v2\/pages\/3061"}],"wp:featuredmedia":[{"embeddable":true,"href":"https:\/\/dinostorm.com\/pl\/wp-json\/wp\/v2\/media\/15052"}],"wp:attachment":[{"href":"https:\/\/dinostorm.com\/pl\/wp-json\/wp\/v2\/media?parent=3140"}],"curies":[{"name":"wp","href":"https:\/\/api.w.org\/{rel}","templated":true}]}}