{"id":3134,"date":"2012-10-18T09:14:03","date_gmt":"2012-10-18T07:14:03","guid":{"rendered":"http:\/\/dinostorm.com\/?page_id=3134"},"modified":"2021-06-17T14:50:51","modified_gmt":"2021-06-17T12:50:51","slug":"peacemaker","status":"publish","type":"page","link":"https:\/\/dinostorm.com\/pl\/gra\/leksykon-broni\/peacemaker\/","title":{"rendered":"Peacemaker"},"content":{"rendered":"<div class=\"teaser\"><\/div>\n<h1 class=\"headline_page width_350\"><span>Peacemaker<\/span><\/h1>\n<p class=\"back-button back-pos350\"><a class=\"back-block\" href=\"\/pl\/gra\/leksykon-broni\">Z POWROTEM<\/a><\/p>\n<div class=\"two_thirds\">\n<h2 class=\"headline-lex\"><span>&#8222;Peacemaker&#8221; w Dino Storm<\/span><\/h2>\n<div class=\"banner_lex\">\n<p class=\"banner_text_lex text_lex\"><strong>Peacemaker<\/strong> to laser dalekiego zasi\u0119gu, kt\u00f3ry zadaje wysokie obra\u017cenia pojedy\u0144czemu celowi. Jego zasi\u0119g dodatkowo zwi\u0119ksza si\u0119 z ka\u017cdym kolejnym poziomem.<\/p>\n<div style=\"margin-right: 29px; float: left; width: 10px; text-align: left; position: relative; top: 40px; left: 30px\">\n<strong class=\"text_lex\" style=\"position: relative; top: 12px\">Obrazenia:<\/strong><br \/>\n<strong class=\"text_lex\" style=\"position: relative; top: 30px\">Zegar:<\/strong><br \/>\n<strong class=\"text_lex\" style=\"position: relative; top: 50px\">Zasieg:<\/strong>\n<\/div>\n<div style=\"margin-right: 20px; float: left; width: 118px; text-align: left; position: relative; top: 70px; left: 10px\">\n<img decoding=\"async\" class=\"skill_image_lex colorbox-3134\" src=\"\/wp-content\/themes\/arras\/images\/dinostorm\/Dinos\/bar_strength_3.png\" alt=\"Podstawowy poziom Obrazenia Hammer w Dino Storm wynosi 3.\" title=\"Podstawowa Obrazenia: 3\"\/><br \/>\n<img decoding=\"async\" class=\"skill_image_lex colorbox-3134\" src=\"\/wp-content\/themes\/arras\/images\/dinostorm\/Dinos\/bar_endurance_3.png\" alt=\"Podstawowy poziom Zegar Hammer w Dino Storm wynosi 3.\" title=\"Podstawowa Zegar: 3\"\/><br \/>\n<img decoding=\"async\" class=\"skill_image_lex colorbox-3134\" src=\"\/wp-content\/themes\/arras\/images\/dinostorm\/Dinos\/bar_health_5.png\" alt=\"Podstawowy poziom Zasieg Hammer w Dino Storm wynosi 5.\" title=\"Podstawowa Zasieg: 5\"\/>\n<\/div>\n<\/div>\n<div class=\"one_third\">\n<img decoding=\"async\" class=\"weapon_lex_2 colorbox-3134\" src=\"\/wp-content\/themes\/arras\/images\/dinostorm\/peacemaker.png\" alt=\"Peacemaker w Dino Storm\"\/>\n<\/div>\n<\/div>\n<div class=\"clear\"><\/div>\n<div class=\"one_third\">\n<h3 class=\"headlinelex2_1\">Mozliwosci lasera o nazwie &#8222;Peacemaker&#8221;<\/h3>\n<div class=\"banner_lex2\">\n<span class=\"icon_skill_top float-left\"><img class=\"colorbox-3134\"  decoding=\"async\" src=\"\/wp-content\/themes\/arras\/images\/dinostorm\/skill_peacemaker_01.png\" alt=\"Umiejetnosc: Promie\u0144 kanionu\" title=\"Promie\u0144 kanionu to rodzaj specjalnego ataku mozliwy do wykonania przy pomocy Peacemaker.\"\/><\/span><\/p>\n<div class=\"skill-wrapper\"><span class=\"icon_skill_title\">Promie\u0144 kanionu<\/span><\/p>\n<p class=\"icon_skill_text\">Atak dalekiego zasi\u0119gu. <span style=\"color: #ff7200;\">Pe\u0142na&nbsp;moc:<\/span> Zwi\u0119ksza zasi\u0119g.\n<\/p>\n<\/div>\n<p><span class=\"clear\"><!-- --><\/span><span class=\"icon_skill_top float-left\"><img class=\"colorbox-3134\"  decoding=\"async\" src=\"\/wp-content\/themes\/arras\/images\/dinostorm\/skill_peacemaker_02.png\" alt=\"Modlitewnik to rodzaj specjalnego ataku mozliwy do wykonania przy pomocy Peacemaker.\" title=\"Weapon Skill: Modlitewnik\"\/><\/span><\/p>\n<div class=\"skill-wrapper-bottom\"><span class=\"icon_skill_title\">Modlitewnik<\/span><\/p>\n<p class=\"icon_skill_text\">Atak o \u015brednim lub dalekim zasi\u0119gu. <span style=\"color: #ff7200;\">Pe\u0142na&nbsp;moc:<\/span> Parali\u017cuje cel.\n<\/p>\n<\/div>\n<p><span class=\"clear\"><!-- --><\/span><\/p>\n<\/div>\n<\/div>\n<div class=\"two_thirds\">\n<h3 class=\"headlinelex2_2\">Fakty o laserze &#8222;Peacemaker&#8221;<\/h3>\n<div class=\"fact_lex\">\n<p>Te niezwykle precyzyjne karabiny maj\u0105 swoje korzenie w pierwszych shotgunach, kt\u00f3rych z powodzeniem u\u017cywali pierwsi osadnicy tych rejon\u00f3w. <\/p>\n<p>Modlitewnik zosta\u0142 zaprojektowany tak, aby trafia\u0107 cele z dalekiego zasi\u0119gu. Jego mo\u017cliwo\u015bci penetracji zapewniaj\u0105 powalenie celu przy pomocy zaledwie kilku, lecz skutecznych strza\u0142\u00f3w.<\/p>\n<p>Gdy zosta\u0142 u\u017cyty po raz pierwszy w walce o Kanion Dinoville, gdzie przechyli\u0142 szal\u0119 zwyci\u0119stwa na korzy\u015b\u0107 osadnik\u00f3w, od razu na sta\u0142e wpisa\u0142 si\u0119 w histori\u0119 Dinoville. Obecnie ten karabin laserowy jest cz\u0119sto pierwszym wyborem do obrony dzia\u0142ek g\u00f3rniczych, a tak\u017ce mo\u017ce on odegra\u0107 wa\u017cn\u0105 rol\u0119 w walkach klan\u00f3w.<\/p>\n<\/div>\n<\/div>\n<div class=\"full\">\n<img decoding=\"async\" class=\"hr3 margin35 colorbox-3134\" src=\"\/wp-content\/themes\/arras\/images\/dinostorm\/seperator_big.png\" alt=\"separator dino storm\" \/>\n<\/div>\n","protected":false},"excerpt":{"rendered":"<p>Peacemaker Z POWROTEM &#8222;Peacemaker&#8221; w Dino Storm Peacemaker to laser dalekiego zasi\u0119gu, kt\u00f3ry zadaje wysokie obra\u017cenia pojedy\u0144czemu celowi. Jego zasi\u0119g dodatkowo zwi\u0119ksza si\u0119 z ka\u017cdym kolejnym poziomem. Obrazenia: Zegar: Zasieg: Mozliwosci lasera o nazwie &#8222;Peacemaker&#8221; [&hellip;]<\/p>\n","protected":false},"author":26,"featured_media":15052,"parent":3123,"menu_order":0,"comment_status":"closed","ping_status":"closed","template":"pagetpl-onecolumn.php","meta":{"footnotes":"","_links_to":"","_links_to_target":""},"class_list":["post-3134","page","type-page","status-publish","has-post-thumbnail","hentry"],"yoast_head":"<!-- This site is optimized with the Yoast SEO plugin v27.4 - https:\/\/yoast.com\/product\/yoast-seo-wordpress\/ -->\n<title>Peacemaker - Dino Storm<\/title>\n<meta name=\"description\" content=\"Peacemaker to unikatowy laser dalekiego zasi\u0119gu w Dino Storm. Znajdziesz tu fakty i opis funkcji tej\u017ce broni.\" \/>\n<meta name=\"robots\" content=\"index, follow, max-snippet:-1, max-image-preview:large, max-video-preview:-1\" \/>\n<link rel=\"canonical\" href=\"https:\/\/dinostorm.com\/pl\/gra\/leksykon-broni\/peacemaker\/\" \/>\n<meta property=\"og:locale\" content=\"pl_PL\" \/>\n<meta property=\"og:type\" content=\"article\" \/>\n<meta property=\"og:title\" content=\"Peacemaker - Dino Storm\" \/>\n<meta property=\"og:description\" content=\"Peacemaker to unikatowy laser dalekiego zasi\u0119gu w Dino Storm. Znajdziesz tu fakty i opis funkcji tej\u017ce broni.\" \/>\n<meta property=\"og:url\" content=\"https:\/\/dinostorm.com\/pl\/gra\/leksykon-broni\/peacemaker\/\" \/>\n<meta property=\"og:site_name\" content=\"Dino Storm\" \/>\n<meta property=\"article:modified_time\" content=\"2021-06-17T12:50:51+00:00\" \/>\n<meta property=\"og:image\" content=\"https:\/\/dinostorm.com\/wp-content\/uploads\/2012\/09\/ds_jungle_01.jpg\" \/>\n\t<meta property=\"og:image:width\" content=\"1280\" \/>\n\t<meta property=\"og:image:height\" content=\"720\" \/>\n\t<meta property=\"og:image:type\" content=\"image\/jpeg\" \/>\n<meta name=\"twitter:label1\" content=\"Szacowany czas czytania\" \/>\n\t<meta name=\"twitter:data1\" content=\"1 minuta\" \/>\n<script type=\"application\/ld+json\" class=\"yoast-schema-graph\">{\"@context\":\"https:\\\/\\\/schema.org\",\"@graph\":[{\"@type\":\"WebPage\",\"@id\":\"https:\\\/\\\/dinostorm.com\\\/pl\\\/gra\\\/leksykon-broni\\\/peacemaker\\\/\",\"url\":\"https:\\\/\\\/dinostorm.com\\\/pl\\\/gra\\\/leksykon-broni\\\/peacemaker\\\/\",\"name\":\"Peacemaker - Dino Storm\",\"isPartOf\":{\"@id\":\"https:\\\/\\\/dinostorm.com\\\/pl\\\/#website\"},\"primaryImageOfPage\":{\"@id\":\"https:\\\/\\\/dinostorm.com\\\/pl\\\/gra\\\/leksykon-broni\\\/peacemaker\\\/#primaryimage\"},\"image\":{\"@id\":\"https:\\\/\\\/dinostorm.com\\\/pl\\\/gra\\\/leksykon-broni\\\/peacemaker\\\/#primaryimage\"},\"thumbnailUrl\":\"https:\\\/\\\/dinostorm.com\\\/wp-content\\\/uploads\\\/2012\\\/09\\\/ds_jungle_01.jpg\",\"datePublished\":\"2012-10-18T07:14:03+00:00\",\"dateModified\":\"2021-06-17T12:50:51+00:00\",\"description\":\"Peacemaker to unikatowy laser dalekiego zasi\u0119gu w Dino Storm. Znajdziesz tu fakty i opis funkcji tej\u017ce broni.\",\"breadcrumb\":{\"@id\":\"https:\\\/\\\/dinostorm.com\\\/pl\\\/gra\\\/leksykon-broni\\\/peacemaker\\\/#breadcrumb\"},\"inLanguage\":\"pl-PL\",\"potentialAction\":[{\"@type\":\"ReadAction\",\"target\":[\"https:\\\/\\\/dinostorm.com\\\/pl\\\/gra\\\/leksykon-broni\\\/peacemaker\\\/\"]}]},{\"@type\":\"ImageObject\",\"inLanguage\":\"pl-PL\",\"@id\":\"https:\\\/\\\/dinostorm.com\\\/pl\\\/gra\\\/leksykon-broni\\\/peacemaker\\\/#primaryimage\",\"url\":\"https:\\\/\\\/dinostorm.com\\\/wp-content\\\/uploads\\\/2012\\\/09\\\/ds_jungle_01.jpg\",\"contentUrl\":\"https:\\\/\\\/dinostorm.com\\\/wp-content\\\/uploads\\\/2012\\\/09\\\/ds_jungle_01.jpg\",\"width\":1280,\"height\":720,\"caption\":\"Beware of dangerous bandits in Mokon Woods are everywhere.\"},{\"@type\":\"BreadcrumbList\",\"@id\":\"https:\\\/\\\/dinostorm.com\\\/pl\\\/gra\\\/leksykon-broni\\\/peacemaker\\\/#breadcrumb\",\"itemListElement\":[{\"@type\":\"ListItem\",\"position\":1,\"name\":\"Home\",\"item\":\"https:\\\/\\\/dinostorm.com\\\/pl\\\/\"},{\"@type\":\"ListItem\",\"position\":2,\"name\":\"Gra\",\"item\":\"https:\\\/\\\/dinostorm.com\\\/pl\\\/gra\\\/\"},{\"@type\":\"ListItem\",\"position\":3,\"name\":\"Leksykon Broni\",\"item\":\"https:\\\/\\\/dinostorm.com\\\/pl\\\/gra\\\/leksykon-broni\\\/\"},{\"@type\":\"ListItem\",\"position\":4,\"name\":\"Peacemaker\"}]},{\"@type\":\"WebSite\",\"@id\":\"https:\\\/\\\/dinostorm.com\\\/pl\\\/#website\",\"url\":\"https:\\\/\\\/dinostorm.com\\\/pl\\\/\",\"name\":\"Dino Storm\",\"description\":\"\",\"potentialAction\":[{\"@type\":\"SearchAction\",\"target\":{\"@type\":\"EntryPoint\",\"urlTemplate\":\"https:\\\/\\\/dinostorm.com\\\/pl\\\/?s={search_term_string}\"},\"query-input\":{\"@type\":\"PropertyValueSpecification\",\"valueRequired\":true,\"valueName\":\"search_term_string\"}}],\"inLanguage\":\"pl-PL\"}]}<\/script>\n<!-- \/ Yoast SEO plugin. -->","yoast_head_json":{"title":"Peacemaker - Dino Storm","description":"Peacemaker to unikatowy laser dalekiego zasi\u0119gu w Dino Storm. Znajdziesz tu fakty i opis funkcji tej\u017ce broni.","robots":{"index":"index","follow":"follow","max-snippet":"max-snippet:-1","max-image-preview":"max-image-preview:large","max-video-preview":"max-video-preview:-1"},"canonical":"https:\/\/dinostorm.com\/pl\/gra\/leksykon-broni\/peacemaker\/","og_locale":"pl_PL","og_type":"article","og_title":"Peacemaker - Dino Storm","og_description":"Peacemaker to unikatowy laser dalekiego zasi\u0119gu w Dino Storm. Znajdziesz tu fakty i opis funkcji tej\u017ce broni.","og_url":"https:\/\/dinostorm.com\/pl\/gra\/leksykon-broni\/peacemaker\/","og_site_name":"Dino Storm","article_modified_time":"2021-06-17T12:50:51+00:00","og_image":[{"width":1280,"height":720,"url":"https:\/\/dinostorm.com\/wp-content\/uploads\/2012\/09\/ds_jungle_01.jpg","type":"image\/jpeg"}],"twitter_misc":{"Szacowany czas czytania":"1 minuta"},"schema":{"@context":"https:\/\/schema.org","@graph":[{"@type":"WebPage","@id":"https:\/\/dinostorm.com\/pl\/gra\/leksykon-broni\/peacemaker\/","url":"https:\/\/dinostorm.com\/pl\/gra\/leksykon-broni\/peacemaker\/","name":"Peacemaker - Dino Storm","isPartOf":{"@id":"https:\/\/dinostorm.com\/pl\/#website"},"primaryImageOfPage":{"@id":"https:\/\/dinostorm.com\/pl\/gra\/leksykon-broni\/peacemaker\/#primaryimage"},"image":{"@id":"https:\/\/dinostorm.com\/pl\/gra\/leksykon-broni\/peacemaker\/#primaryimage"},"thumbnailUrl":"https:\/\/dinostorm.com\/wp-content\/uploads\/2012\/09\/ds_jungle_01.jpg","datePublished":"2012-10-18T07:14:03+00:00","dateModified":"2021-06-17T12:50:51+00:00","description":"Peacemaker to unikatowy laser dalekiego zasi\u0119gu w Dino Storm. Znajdziesz tu fakty i opis funkcji tej\u017ce broni.","breadcrumb":{"@id":"https:\/\/dinostorm.com\/pl\/gra\/leksykon-broni\/peacemaker\/#breadcrumb"},"inLanguage":"pl-PL","potentialAction":[{"@type":"ReadAction","target":["https:\/\/dinostorm.com\/pl\/gra\/leksykon-broni\/peacemaker\/"]}]},{"@type":"ImageObject","inLanguage":"pl-PL","@id":"https:\/\/dinostorm.com\/pl\/gra\/leksykon-broni\/peacemaker\/#primaryimage","url":"https:\/\/dinostorm.com\/wp-content\/uploads\/2012\/09\/ds_jungle_01.jpg","contentUrl":"https:\/\/dinostorm.com\/wp-content\/uploads\/2012\/09\/ds_jungle_01.jpg","width":1280,"height":720,"caption":"Beware of dangerous bandits in Mokon Woods are everywhere."},{"@type":"BreadcrumbList","@id":"https:\/\/dinostorm.com\/pl\/gra\/leksykon-broni\/peacemaker\/#breadcrumb","itemListElement":[{"@type":"ListItem","position":1,"name":"Home","item":"https:\/\/dinostorm.com\/pl\/"},{"@type":"ListItem","position":2,"name":"Gra","item":"https:\/\/dinostorm.com\/pl\/gra\/"},{"@type":"ListItem","position":3,"name":"Leksykon Broni","item":"https:\/\/dinostorm.com\/pl\/gra\/leksykon-broni\/"},{"@type":"ListItem","position":4,"name":"Peacemaker"}]},{"@type":"WebSite","@id":"https:\/\/dinostorm.com\/pl\/#website","url":"https:\/\/dinostorm.com\/pl\/","name":"Dino Storm","description":"","potentialAction":[{"@type":"SearchAction","target":{"@type":"EntryPoint","urlTemplate":"https:\/\/dinostorm.com\/pl\/?s={search_term_string}"},"query-input":{"@type":"PropertyValueSpecification","valueRequired":true,"valueName":"search_term_string"}}],"inLanguage":"pl-PL"}]}},"_links":{"self":[{"href":"https:\/\/dinostorm.com\/pl\/wp-json\/wp\/v2\/pages\/3134","targetHints":{"allow":["GET"]}}],"collection":[{"href":"https:\/\/dinostorm.com\/pl\/wp-json\/wp\/v2\/pages"}],"about":[{"href":"https:\/\/dinostorm.com\/pl\/wp-json\/wp\/v2\/types\/page"}],"author":[{"embeddable":true,"href":"https:\/\/dinostorm.com\/pl\/wp-json\/wp\/v2\/users\/26"}],"replies":[{"embeddable":true,"href":"https:\/\/dinostorm.com\/pl\/wp-json\/wp\/v2\/comments?post=3134"}],"version-history":[{"count":2,"href":"https:\/\/dinostorm.com\/pl\/wp-json\/wp\/v2\/pages\/3134\/revisions"}],"predecessor-version":[{"id":230152,"href":"https:\/\/dinostorm.com\/pl\/wp-json\/wp\/v2\/pages\/3134\/revisions\/230152"}],"up":[{"embeddable":true,"href":"https:\/\/dinostorm.com\/pl\/wp-json\/wp\/v2\/pages\/3123"}],"wp:featuredmedia":[{"embeddable":true,"href":"https:\/\/dinostorm.com\/pl\/wp-json\/wp\/v2\/media\/15052"}],"wp:attachment":[{"href":"https:\/\/dinostorm.com\/pl\/wp-json\/wp\/v2\/media?parent=3134"}],"curies":[{"name":"wp","href":"https:\/\/api.w.org\/{rel}","templated":true}]}}