{"id":3130,"date":"2012-10-18T09:13:55","date_gmt":"2012-10-18T07:13:55","guid":{"rendered":"http:\/\/dinostorm.com\/?page_id=3130"},"modified":"2021-06-17T14:27:54","modified_gmt":"2021-06-17T12:27:54","slug":"hammer","status":"publish","type":"page","link":"https:\/\/dinostorm.com\/pl\/gra\/leksykon-broni\/hammer\/","title":{"rendered":"Hammer"},"content":{"rendered":"<div class=\"teaser\"><\/div>\n<h1 class=\"headline_page width_350\"><span>Hammer<\/span><\/h1>\n<p class=\"back-button back-pos350\"><a class=\"back-block\" href=\"\/pl\/gra\/leksykon-broni\">Z POWROTEM<\/a><\/p>\n<div class=\"two_thirds\">\n<h2 class=\"headline-lex\"><span>&#8222;Hammer&#8221; w Dino Storm<\/span><\/h2>\n<div class=\"banner_lex\">\n<p class=\"banner_text_lex text_lex\"><strong>Hammer<\/strong> to wyrzutnia rakiet, lecz jest wystarczaj\u0105co ma\u0142a, aby mog\u0142a si\u0119 ni\u0105 pos\u0142ugiwa\u0107 jedna osoba. Nie potrzebuje ona wcale strzela\u0107 szybko, aby zadawa\u0107 ca\u0142\u0105 mas\u0119 obra\u017ce\u0144 na \u015bredni i daleki zasi\u0119g.<\/p>\n<div style=\"margin-right: 29px; float: left; width: 10px; text-align: left; position: relative; top: 40px; left: 30px\">\n<strong class=\"text_lex\" style=\"position: relative; top: 12px\">Obrazenia:<\/strong><br \/>\n<strong class=\"text_lex\" style=\"position: relative; top: 30px\">Zegar:<\/strong><br \/>\n<strong class=\"text_lex\" style=\"position: relative; top: 50px\">Zasieg:<\/strong>\n<\/div>\n<div style=\"margin-right: 20px; float: left; width: 118px; text-align: left; position: relative; top: 70px; left: 10px\">\n<img decoding=\"async\" class=\"skill_image_lex colorbox-3130\" src=\"\/wp-content\/themes\/arras\/images\/dinostorm\/Dinos\/bar_strength_5.png\" alt=\"Podstawowy poziom Obrazenia Hammer w Dino Storm wynosi 5.\" title=\"Podstawowa Obrazenia: 5\"\/><br \/>\n<img decoding=\"async\" class=\"skill_image_lex colorbox-3130\" src=\"\/wp-content\/themes\/arras\/images\/dinostorm\/Dinos\/bar_endurance_1.png\" alt=\"Podstawowy poziom Zegar Hammer w Dino Storm wynosi 1.\" title=\"Podstawowa Zegar: 1\"\/><br \/>\n<img decoding=\"async\" class=\"skill_image_lex colorbox-3130\" src=\"\/wp-content\/themes\/arras\/images\/dinostorm\/Dinos\/bar_health_2.png\" alt=\"Podstawowy poziom Zasieg Hammer w Dino Storm wynosi 2.\" title=\"Podstawowa Zasieg: 2\"\/>\n<\/div>\n<\/div>\n<div class=\"one_third\">\n<img decoding=\"async\" class=\"weapon_lex_2 colorbox-3130\" src=\"\/wp-content\/themes\/arras\/images\/dinostorm\/hammer.png\" alt=\"Hammer w Dino Storm\"\/>\n<\/div>\n<\/div>\n<div class=\"clear\"><\/div>\n<div class=\"one_third\">\n<h3 class=\"headlinelex2_1\">Mozliwosci lasera o nazwie &#8222;Hammer&#8221;<\/h3>\n<div class=\"banner_lex2\">\n<span class=\"icon_skill_top float-left\"><img class=\"colorbox-3130\"  decoding=\"async\" src=\"\/wp-content\/themes\/arras\/images\/dinostorm\/skill_hammer_01.png\" alt=\"Umiejetnosc: Wyrzutnia rakiet\" title=\"Wyrzutnia rakiet to rodzaj specjalnego ataku mozliwy do wykonania przy pomocy Hammer.\"\/><\/span><\/p>\n<div class=\"skill-wrapper\"><span class=\"icon_skill_title\">Wyrzutnia rakiet<\/span><\/p>\n<p class=\"icon_skill_text\">Atak \u015bredniego zasi\u0119gu. <span style=\"color: #ff7200;\">Pe\u0142na&nbsp;moc:<\/span> Zwi\u0119ksza szans\u0119 trafienia.\n<\/p>\n<\/div>\n<p><span class=\"clear\"><!-- --><\/span><span class=\"icon_skill_top float-left\"><img class=\"colorbox-3130\"  decoding=\"async\" src=\"\/wp-content\/themes\/arras\/images\/dinostorm\/skill_hammer_02.png\" alt=\"S\u0142aby pocisk miejscowy to rodzaj specjalnego ataku mozliwy do wykonania przy pomocy Hammer.\" title=\"Weapon Skill: S\u0142aby pocisk miejscowy\"\/><\/span><\/p>\n<div class=\"skill-wrapper-bottom\"><span class=\"icon_skill_title\">S\u0142aby pocisk miejscowy<\/span><\/p>\n<p class=\"icon_skill_text\">Atak na bliski lub \u015bredni zasi\u0119g. <span style=\"color: #ff7200;\">Pe\u0142na&nbsp;moc:<\/span> Zmniejsza obra\u017cenia zadawane przez cel.\n<\/p>\n<\/div>\n<p><span class=\"clear\"><!-- --><\/span><\/p>\n<\/div>\n<\/div>\n<div class=\"two_thirds\">\n<h3 class=\"headlinelex2_2\">Fakty o laserze &#8222;Hammer&#8221;<\/h3>\n<div class=\"fact_lex\">\n<p>Wdro\u017cony na rynek ponad 40 lat temu Hammer szybko sta\u0142 si\u0119 ulubie\u0144cem kowboj\u00f3w, a jego popularno\u015b\u0107 trwa do dzi\u015b.\\nW tamtych czasach jego modu\u0142owa konstrukcja by\u0142a ca\u0142kowit\u0105 nowo\u015bci\u0105, a pierwsi w\u0142a\u015bciciele do\u0142\u0105czali do niego wszelkiego rodzaju dziwne modu\u0142y.<\/p>\n<p>Ze wzgl\u0119du na du\u017c\u0105 ilo\u015b\u0107 wypadk\u00f3w, kt\u00f3re to powodowa\u0142o wkr\u00f3tce zosta\u0142y wprowadzone surowe przepisy dotycz\u0105ce ulepszania Hammera, kt\u00f3re doprowadzi\u0142y do powstania ustandardyzowanych modu\u0142\u00f3w ulepszenia dla broni laserowych.\\nJednak poniewa\u017c obowi\u0105zkowy proces rejestracji zosta\u0142 wprowadzony dopiero kilka lat p\u00f3\u017aniej, to ograniczenia te by\u0142y z pocz\u0105tku pomijane.<\/p>\n<p>Dobrym przyk\u0142adem na to by\u0142 jedyny w swoim rodzaju laser legendarnego podr\u00f3\u017cnika Saula &#8222;Zjawy&#8221; Jacksona. Od czasu jego znikni\u0119cia 5 lat temu ludzie wci\u0105\u017c przeszukuj\u0105 Mokon Woods w poszukiwaniu tego niezwyk\u0142ego Hammera.<\/p>\n<\/div>\n<\/div>\n<div class=\"full\">\n<img decoding=\"async\" class=\"hr3 margin35 colorbox-3130\" src=\"\/wp-content\/themes\/arras\/images\/dinostorm\/seperator_big.png\" alt=\"separator dino storm\" \/>\n<\/div>\n","protected":false},"excerpt":{"rendered":"<p>Hammer Z POWROTEM &#8222;Hammer&#8221; w Dino Storm Hammer to wyrzutnia rakiet, lecz jest wystarczaj\u0105co ma\u0142a, aby mog\u0142a si\u0119 ni\u0105 pos\u0142ugiwa\u0107 jedna osoba. Nie potrzebuje ona wcale strzela\u0107 szybko, aby zadawa\u0107 ca\u0142\u0105 mas\u0119 obra\u017ce\u0144 na \u015bredni [&hellip;]<\/p>\n","protected":false},"author":26,"featured_media":15052,"parent":3123,"menu_order":0,"comment_status":"closed","ping_status":"closed","template":"pagetpl-onecolumn.php","meta":{"footnotes":"","_links_to":"","_links_to_target":""},"class_list":["post-3130","page","type-page","status-publish","has-post-thumbnail","hentry"],"yoast_head":"<!-- This site is optimized with the Yoast SEO plugin v27.3 - https:\/\/yoast.com\/product\/yoast-seo-wordpress\/ -->\n<title>Hammer - Dino Storm<\/title>\n<meta name=\"description\" content=\"Hammer to wyrzutnia rakiet w Dino Storm, kt\u00f3ra jest wystarczaj\u0105co ma\u0142a, aby mog\u0142a byc obs\u0142ugiwana przez jedn\u0105 osob\u0119. Tutaj znajdziesz wszelkie informacje o nim:\" \/>\n<meta name=\"robots\" content=\"index, follow, max-snippet:-1, max-image-preview:large, max-video-preview:-1\" \/>\n<link rel=\"canonical\" href=\"https:\/\/dinostorm.com\/pl\/gra\/leksykon-broni\/hammer\/\" \/>\n<meta property=\"og:locale\" content=\"pl_PL\" \/>\n<meta property=\"og:type\" content=\"article\" \/>\n<meta property=\"og:title\" content=\"Hammer - Dino Storm\" \/>\n<meta property=\"og:description\" content=\"Hammer to wyrzutnia rakiet w Dino Storm, kt\u00f3ra jest wystarczaj\u0105co ma\u0142a, aby mog\u0142a byc obs\u0142ugiwana przez jedn\u0105 osob\u0119. Tutaj znajdziesz wszelkie informacje o nim:\" \/>\n<meta property=\"og:url\" content=\"https:\/\/dinostorm.com\/pl\/gra\/leksykon-broni\/hammer\/\" \/>\n<meta property=\"og:site_name\" content=\"Dino Storm\" \/>\n<meta property=\"article:modified_time\" content=\"2021-06-17T12:27:54+00:00\" \/>\n<meta property=\"og:image\" content=\"https:\/\/dinostorm.com\/wp-content\/uploads\/2012\/09\/ds_jungle_01.jpg\" \/>\n\t<meta property=\"og:image:width\" content=\"1280\" \/>\n\t<meta property=\"og:image:height\" content=\"720\" \/>\n\t<meta property=\"og:image:type\" content=\"image\/jpeg\" \/>\n<meta name=\"twitter:label1\" content=\"Szacowany czas czytania\" \/>\n\t<meta name=\"twitter:data1\" content=\"1 minuta\" \/>\n<script type=\"application\/ld+json\" class=\"yoast-schema-graph\">{\"@context\":\"https:\\\/\\\/schema.org\",\"@graph\":[{\"@type\":\"WebPage\",\"@id\":\"https:\\\/\\\/dinostorm.com\\\/pl\\\/gra\\\/leksykon-broni\\\/hammer\\\/\",\"url\":\"https:\\\/\\\/dinostorm.com\\\/pl\\\/gra\\\/leksykon-broni\\\/hammer\\\/\",\"name\":\"Hammer - Dino Storm\",\"isPartOf\":{\"@id\":\"https:\\\/\\\/dinostorm.com\\\/pl\\\/#website\"},\"primaryImageOfPage\":{\"@id\":\"https:\\\/\\\/dinostorm.com\\\/pl\\\/gra\\\/leksykon-broni\\\/hammer\\\/#primaryimage\"},\"image\":{\"@id\":\"https:\\\/\\\/dinostorm.com\\\/pl\\\/gra\\\/leksykon-broni\\\/hammer\\\/#primaryimage\"},\"thumbnailUrl\":\"https:\\\/\\\/dinostorm.com\\\/wp-content\\\/uploads\\\/2012\\\/09\\\/ds_jungle_01.jpg\",\"datePublished\":\"2012-10-18T07:13:55+00:00\",\"dateModified\":\"2021-06-17T12:27:54+00:00\",\"description\":\"Hammer to wyrzutnia rakiet w Dino Storm, kt\u00f3ra jest wystarczaj\u0105co ma\u0142a, aby mog\u0142a byc obs\u0142ugiwana przez jedn\u0105 osob\u0119. Tutaj znajdziesz wszelkie informacje o nim:\",\"breadcrumb\":{\"@id\":\"https:\\\/\\\/dinostorm.com\\\/pl\\\/gra\\\/leksykon-broni\\\/hammer\\\/#breadcrumb\"},\"inLanguage\":\"pl-PL\",\"potentialAction\":[{\"@type\":\"ReadAction\",\"target\":[\"https:\\\/\\\/dinostorm.com\\\/pl\\\/gra\\\/leksykon-broni\\\/hammer\\\/\"]}]},{\"@type\":\"ImageObject\",\"inLanguage\":\"pl-PL\",\"@id\":\"https:\\\/\\\/dinostorm.com\\\/pl\\\/gra\\\/leksykon-broni\\\/hammer\\\/#primaryimage\",\"url\":\"https:\\\/\\\/dinostorm.com\\\/wp-content\\\/uploads\\\/2012\\\/09\\\/ds_jungle_01.jpg\",\"contentUrl\":\"https:\\\/\\\/dinostorm.com\\\/wp-content\\\/uploads\\\/2012\\\/09\\\/ds_jungle_01.jpg\",\"width\":1280,\"height\":720,\"caption\":\"Beware of dangerous bandits in Mokon Woods are everywhere.\"},{\"@type\":\"BreadcrumbList\",\"@id\":\"https:\\\/\\\/dinostorm.com\\\/pl\\\/gra\\\/leksykon-broni\\\/hammer\\\/#breadcrumb\",\"itemListElement\":[{\"@type\":\"ListItem\",\"position\":1,\"name\":\"Home\",\"item\":\"https:\\\/\\\/dinostorm.com\\\/pl\\\/\"},{\"@type\":\"ListItem\",\"position\":2,\"name\":\"Gra\",\"item\":\"https:\\\/\\\/dinostorm.com\\\/pl\\\/gra\\\/\"},{\"@type\":\"ListItem\",\"position\":3,\"name\":\"Leksykon Broni\",\"item\":\"https:\\\/\\\/dinostorm.com\\\/pl\\\/gra\\\/leksykon-broni\\\/\"},{\"@type\":\"ListItem\",\"position\":4,\"name\":\"Hammer\"}]},{\"@type\":\"WebSite\",\"@id\":\"https:\\\/\\\/dinostorm.com\\\/pl\\\/#website\",\"url\":\"https:\\\/\\\/dinostorm.com\\\/pl\\\/\",\"name\":\"Dino Storm\",\"description\":\"\",\"potentialAction\":[{\"@type\":\"SearchAction\",\"target\":{\"@type\":\"EntryPoint\",\"urlTemplate\":\"https:\\\/\\\/dinostorm.com\\\/pl\\\/?s={search_term_string}\"},\"query-input\":{\"@type\":\"PropertyValueSpecification\",\"valueRequired\":true,\"valueName\":\"search_term_string\"}}],\"inLanguage\":\"pl-PL\"}]}<\/script>\n<!-- \/ Yoast SEO plugin. -->","yoast_head_json":{"title":"Hammer - Dino Storm","description":"Hammer to wyrzutnia rakiet w Dino Storm, kt\u00f3ra jest wystarczaj\u0105co ma\u0142a, aby mog\u0142a byc obs\u0142ugiwana przez jedn\u0105 osob\u0119. Tutaj znajdziesz wszelkie informacje o nim:","robots":{"index":"index","follow":"follow","max-snippet":"max-snippet:-1","max-image-preview":"max-image-preview:large","max-video-preview":"max-video-preview:-1"},"canonical":"https:\/\/dinostorm.com\/pl\/gra\/leksykon-broni\/hammer\/","og_locale":"pl_PL","og_type":"article","og_title":"Hammer - Dino Storm","og_description":"Hammer to wyrzutnia rakiet w Dino Storm, kt\u00f3ra jest wystarczaj\u0105co ma\u0142a, aby mog\u0142a byc obs\u0142ugiwana przez jedn\u0105 osob\u0119. Tutaj znajdziesz wszelkie informacje o nim:","og_url":"https:\/\/dinostorm.com\/pl\/gra\/leksykon-broni\/hammer\/","og_site_name":"Dino Storm","article_modified_time":"2021-06-17T12:27:54+00:00","og_image":[{"width":1280,"height":720,"url":"https:\/\/dinostorm.com\/wp-content\/uploads\/2012\/09\/ds_jungle_01.jpg","type":"image\/jpeg"}],"twitter_misc":{"Szacowany czas czytania":"1 minuta"},"schema":{"@context":"https:\/\/schema.org","@graph":[{"@type":"WebPage","@id":"https:\/\/dinostorm.com\/pl\/gra\/leksykon-broni\/hammer\/","url":"https:\/\/dinostorm.com\/pl\/gra\/leksykon-broni\/hammer\/","name":"Hammer - Dino Storm","isPartOf":{"@id":"https:\/\/dinostorm.com\/pl\/#website"},"primaryImageOfPage":{"@id":"https:\/\/dinostorm.com\/pl\/gra\/leksykon-broni\/hammer\/#primaryimage"},"image":{"@id":"https:\/\/dinostorm.com\/pl\/gra\/leksykon-broni\/hammer\/#primaryimage"},"thumbnailUrl":"https:\/\/dinostorm.com\/wp-content\/uploads\/2012\/09\/ds_jungle_01.jpg","datePublished":"2012-10-18T07:13:55+00:00","dateModified":"2021-06-17T12:27:54+00:00","description":"Hammer to wyrzutnia rakiet w Dino Storm, kt\u00f3ra jest wystarczaj\u0105co ma\u0142a, aby mog\u0142a byc obs\u0142ugiwana przez jedn\u0105 osob\u0119. Tutaj znajdziesz wszelkie informacje o nim:","breadcrumb":{"@id":"https:\/\/dinostorm.com\/pl\/gra\/leksykon-broni\/hammer\/#breadcrumb"},"inLanguage":"pl-PL","potentialAction":[{"@type":"ReadAction","target":["https:\/\/dinostorm.com\/pl\/gra\/leksykon-broni\/hammer\/"]}]},{"@type":"ImageObject","inLanguage":"pl-PL","@id":"https:\/\/dinostorm.com\/pl\/gra\/leksykon-broni\/hammer\/#primaryimage","url":"https:\/\/dinostorm.com\/wp-content\/uploads\/2012\/09\/ds_jungle_01.jpg","contentUrl":"https:\/\/dinostorm.com\/wp-content\/uploads\/2012\/09\/ds_jungle_01.jpg","width":1280,"height":720,"caption":"Beware of dangerous bandits in Mokon Woods are everywhere."},{"@type":"BreadcrumbList","@id":"https:\/\/dinostorm.com\/pl\/gra\/leksykon-broni\/hammer\/#breadcrumb","itemListElement":[{"@type":"ListItem","position":1,"name":"Home","item":"https:\/\/dinostorm.com\/pl\/"},{"@type":"ListItem","position":2,"name":"Gra","item":"https:\/\/dinostorm.com\/pl\/gra\/"},{"@type":"ListItem","position":3,"name":"Leksykon Broni","item":"https:\/\/dinostorm.com\/pl\/gra\/leksykon-broni\/"},{"@type":"ListItem","position":4,"name":"Hammer"}]},{"@type":"WebSite","@id":"https:\/\/dinostorm.com\/pl\/#website","url":"https:\/\/dinostorm.com\/pl\/","name":"Dino Storm","description":"","potentialAction":[{"@type":"SearchAction","target":{"@type":"EntryPoint","urlTemplate":"https:\/\/dinostorm.com\/pl\/?s={search_term_string}"},"query-input":{"@type":"PropertyValueSpecification","valueRequired":true,"valueName":"search_term_string"}}],"inLanguage":"pl-PL"}]}},"_links":{"self":[{"href":"https:\/\/dinostorm.com\/pl\/wp-json\/wp\/v2\/pages\/3130","targetHints":{"allow":["GET"]}}],"collection":[{"href":"https:\/\/dinostorm.com\/pl\/wp-json\/wp\/v2\/pages"}],"about":[{"href":"https:\/\/dinostorm.com\/pl\/wp-json\/wp\/v2\/types\/page"}],"author":[{"embeddable":true,"href":"https:\/\/dinostorm.com\/pl\/wp-json\/wp\/v2\/users\/26"}],"replies":[{"embeddable":true,"href":"https:\/\/dinostorm.com\/pl\/wp-json\/wp\/v2\/comments?post=3130"}],"version-history":[{"count":2,"href":"https:\/\/dinostorm.com\/pl\/wp-json\/wp\/v2\/pages\/3130\/revisions"}],"predecessor-version":[{"id":230118,"href":"https:\/\/dinostorm.com\/pl\/wp-json\/wp\/v2\/pages\/3130\/revisions\/230118"}],"up":[{"embeddable":true,"href":"https:\/\/dinostorm.com\/pl\/wp-json\/wp\/v2\/pages\/3123"}],"wp:featuredmedia":[{"embeddable":true,"href":"https:\/\/dinostorm.com\/pl\/wp-json\/wp\/v2\/media\/15052"}],"wp:attachment":[{"href":"https:\/\/dinostorm.com\/pl\/wp-json\/wp\/v2\/media?parent=3130"}],"curies":[{"name":"wp","href":"https:\/\/api.w.org\/{rel}","templated":true}]}}