{"id":3127,"date":"2012-10-18T09:13:48","date_gmt":"2012-10-18T07:13:48","guid":{"rendered":"http:\/\/dinostorm.com\/?page_id=3127"},"modified":"2021-06-17T14:08:27","modified_gmt":"2021-06-17T12:08:27","slug":"plonacy-kolt","status":"publish","type":"page","link":"https:\/\/dinostorm.com\/pl\/gra\/leksykon-broni\/plonacy-kolt\/","title":{"rendered":"Plonacy Kolt"},"content":{"rendered":"<div class=\"teaser\"><\/div>\n<h1 class=\"headline_page width_350\"><span>Plonacy Kolt<\/span><\/h1>\n<p class=\"back-button back-pos350\"><a class=\"back-block\" href=\"\/pl\/gra\/leksykon-broni\">Z POWROTEM<\/a><\/p>\n<div class=\"two_thirds\">\n<h2 class=\"headline-lex\"><span>&#8222;Plonacy kolt&#8221; w Dino Storm<\/span><\/h2>\n<div class=\"banner_lex\">\n<p class=\"banner_text_lex text_lex\"><strong>Plonacy kolt<\/strong> jest zaprojektowany tak, aby m\u00f3gl strzelac ciaglym ogniem. Jego przewaga w tempie strzalu w por\u00f3wnaniu do innych broni dodatkowo zwieksza sie z kazdym poziomem.<\/p>\n<div style=\"margin-right: 29px; float: left; width: 10px; text-align: left; position: relative; top: 40px; left: 30px\">\n<strong class=\"text_lex\" style=\"position: relative; top: 12px\">Obrazenia:<\/strong><br \/>\n<strong class=\"text_lex\" style=\"position: relative; top: 30px\">Zegar:<\/strong><br \/>\n<strong class=\"text_lex\" style=\"position: relative; top: 50px\">Zasieg:<\/strong>\n<\/div>\n<div style=\"margin-right: 20px; float: left; width: 118px; text-align: left; position: relative; top: 70px; left: 10px\">\n<img decoding=\"async\" class=\"skill_image_lex colorbox-3127\" src=\"\/wp-content\/themes\/arras\/images\/dinostorm\/Dinos\/bar_strength_2.png\" alt=\"Podstawowy poziom Obrazenia Plonacy kolt w Dino Storm wynosi 2.\" title=\"Podstawowa Obrazenia: 2\"\/><br \/>\n<img decoding=\"async\" class=\"skill_image_lex colorbox-3127\" src=\"\/wp-content\/themes\/arras\/images\/dinostorm\/Dinos\/bar_endurance_4.png\" alt=\"Podstawowy poziom Zegar Plonacy kolt w Dino Storm wynosi 4.\" title=\"Podstawowa Zegar: 4\"\/><br \/>\n<img decoding=\"async\" class=\"skill_image_lex colorbox-3127\" src=\"\/wp-content\/themes\/arras\/images\/dinostorm\/Dinos\/bar_health_2.png\" alt=\"Podstawowy poziom Zasieg Plonacy kolt w Dino Storm wynosi 2.\" title=\"Podstawowa Zasieg: 2\"\/>\n<\/div>\n<\/div>\n<div class=\"one_third\">\n<img decoding=\"async\" class=\"weapon_lex_2 colorbox-3127\" src=\"\/wp-content\/themes\/arras\/images\/dinostorm\/burningcolt.png\" alt=\"Plonacy kolt w Dino Storm\"\/>\n<\/div>\n<\/div>\n<div class=\"clear\"><\/div>\n<div class=\"one_third\">\n<h3 class=\"headlinelex2_1\">Mozliwosci lasera o nazwie &#8222;Plonacy kolt&#8221;<\/h3>\n<div class=\"banner_lex2\">\n<span class=\"icon_skill_top float-left\"><img class=\"colorbox-3127\"  decoding=\"async\" src=\"\/wp-content\/themes\/arras\/images\/dinostorm\/skill_colt_01.png\" alt=\"Umiejetnosc: Seria strzal\u00f3w\" title=\"Seria strzal\u00f3w to rodzaj specjalnego ataku mozliwy do wykonania przy pomocy Plonacego Kolta.\"\/><\/span><\/p>\n<div class=\"skill-wrapper\"><span class=\"icon_skill_title\">Seria strzal\u00f3w<\/span><\/p>\n<p class=\"icon_skill_text\">Atak na bliski dystans. <span style=\"color: #ff7200;\">Pe\u0142na&nbsp;moc:<\/span> Penetruje pancerz.<\/p>\n<\/div>\n<p><span class=\"clear\"><!-- --><\/span><span class=\"icon_skill_top float-left\"><img class=\"colorbox-3127\"  decoding=\"async\" src=\"\/wp-content\/themes\/arras\/images\/dinostorm\/skill_colt_02.png\" alt=\"Detonator ognia to rodzaj specjalnego ataku mozliwy do wykonania przy pomocy Plonacego Kolta.\" title=\"Weapon Skill: Detonator ognia\"\/><\/span><\/p>\n<div class=\"skill-wrapper-bottom\"><span class=\"icon_skill_title\">Detonator ognia<\/span><\/p>\n<p class=\"icon_skill_text\">Atak na bliski lub \u015bredni dystans. <span style=\"color: #ff7200;\">Pe\u0142na&nbsp;moc:<\/span> Zadaje poparzenia.<\/p>\n<\/div>\n<p><span class=\"clear\"><!-- --><\/span><\/p>\n<\/div>\n<\/div>\n<div class=\"two_thirds\">\n<h3 class=\"headlinelex2_2\">Fakty o laserze &#8222;Plonacy kolt&#8221;<\/h3>\n<div class=\"fact_lex\">\n<p>Wynaleziony z mysla o drazeniu sciezek w gestych zaroslach w Mokon Woods, Plonacy Kolt szybko stal sie ulubiona bronia kr\u00f3tkiego zasiegu wsr\u00f3d kowboj\u00f3w ze wzgledu na swoje niezwykle szybkie tempo strzalu.<\/p>\n<p>Sekret Plonacego Kolta tkwi w niezwykle wysokim cisnieniu kt\u00f3re w nim panuje i za pomoca kt\u00f3rego w kierunku celu zostaje wystrzeliwana mieszanka latwopalnych substancji. Niekt\u00f3rzy uzywaja taniego tluszczu dinozaur\u00f3w, aby zaladowac bron, lecz jest to bardzo odradzana praktyka przez producenta broni, gdyz moze doprowadzic do zapchania sie przewodu dyfuzora.<\/p>\n<p>Ta opatentowana technologia wysokiego cisnienia oferuje wyrazna przewage, gdyz Plonacy Kolt moze dzialac bez potrzeby targania ogromnych zbiornik\u00f3w paliwa jak ma to miejsce w przypadku zwyklych miotaczy ognia. Nie jest wiec dziwne, ze bron ta sprzedaje sie jak swieze buleczki odkad zostala wprowadzona na rynek.<\/p>\n<\/div>\n<\/div>\n<div class=\"full\">\n<img decoding=\"async\" class=\"hr3 margin35 colorbox-3127\" src=\"\/wp-content\/themes\/arras\/images\/dinostorm\/seperator_big.png\" alt=\"separator dino storm\" \/>\n<\/div>\n","protected":false},"excerpt":{"rendered":"<p>Plonacy Kolt Z POWROTEM &#8222;Plonacy kolt&#8221; w Dino Storm Plonacy kolt jest zaprojektowany tak, aby m\u00f3gl strzelac ciaglym ogniem. Jego przewaga w tempie strzalu w por\u00f3wnaniu do innych broni dodatkowo zwieksza sie z kazdym poziomem. [&hellip;]<\/p>\n","protected":false},"author":26,"featured_media":15052,"parent":3123,"menu_order":0,"comment_status":"closed","ping_status":"closed","template":"pagetpl-onecolumn.php","meta":{"footnotes":"","_links_to":"","_links_to_target":""},"class_list":["post-3127","page","type-page","status-publish","has-post-thumbnail","hentry"],"yoast_head":"<!-- This site is optimized with the Yoast SEO plugin v27.4 - https:\/\/yoast.com\/product\/yoast-seo-wordpress\/ -->\n<title>Plonacy Kolt - Dino Storm<\/title>\n<meta name=\"robots\" content=\"index, follow, max-snippet:-1, max-image-preview:large, max-video-preview:-1\" \/>\n<link rel=\"canonical\" href=\"https:\/\/dinostorm.com\/pl\/gra\/leksykon-broni\/plonacy-kolt\/\" \/>\n<meta property=\"og:locale\" content=\"pl_PL\" \/>\n<meta property=\"og:type\" content=\"article\" \/>\n<meta property=\"og:title\" content=\"Plonacy Kolt - Dino Storm\" \/>\n<meta property=\"og:description\" content=\"Plonacy Kolt Z POWROTEM &#8222;Plonacy kolt&#8221; w Dino Storm Plonacy kolt jest zaprojektowany tak, aby m\u00f3gl strzelac ciaglym ogniem. Jego przewaga w tempie strzalu w por\u00f3wnaniu do innych broni dodatkowo zwieksza sie z kazdym poziomem. [&hellip;]\" \/>\n<meta property=\"og:url\" content=\"https:\/\/dinostorm.com\/pl\/gra\/leksykon-broni\/plonacy-kolt\/\" \/>\n<meta property=\"og:site_name\" content=\"Dino Storm\" \/>\n<meta property=\"article:modified_time\" content=\"2021-06-17T12:08:27+00:00\" \/>\n<meta property=\"og:image\" content=\"https:\/\/dinostorm.com\/wp-content\/uploads\/2012\/09\/ds_jungle_01.jpg\" \/>\n\t<meta property=\"og:image:width\" content=\"1280\" \/>\n\t<meta property=\"og:image:height\" content=\"720\" \/>\n\t<meta property=\"og:image:type\" content=\"image\/jpeg\" \/>\n<meta name=\"twitter:label1\" content=\"Szacowany czas czytania\" \/>\n\t<meta name=\"twitter:data1\" content=\"1 minuta\" \/>\n<script type=\"application\/ld+json\" class=\"yoast-schema-graph\">{\"@context\":\"https:\\\/\\\/schema.org\",\"@graph\":[{\"@type\":\"WebPage\",\"@id\":\"https:\\\/\\\/dinostorm.com\\\/pl\\\/gra\\\/leksykon-broni\\\/plonacy-kolt\\\/\",\"url\":\"https:\\\/\\\/dinostorm.com\\\/pl\\\/gra\\\/leksykon-broni\\\/plonacy-kolt\\\/\",\"name\":\"Plonacy Kolt - Dino Storm\",\"isPartOf\":{\"@id\":\"https:\\\/\\\/dinostorm.com\\\/pl\\\/#website\"},\"primaryImageOfPage\":{\"@id\":\"https:\\\/\\\/dinostorm.com\\\/pl\\\/gra\\\/leksykon-broni\\\/plonacy-kolt\\\/#primaryimage\"},\"image\":{\"@id\":\"https:\\\/\\\/dinostorm.com\\\/pl\\\/gra\\\/leksykon-broni\\\/plonacy-kolt\\\/#primaryimage\"},\"thumbnailUrl\":\"https:\\\/\\\/dinostorm.com\\\/wp-content\\\/uploads\\\/2012\\\/09\\\/ds_jungle_01.jpg\",\"datePublished\":\"2012-10-18T07:13:48+00:00\",\"dateModified\":\"2021-06-17T12:08:27+00:00\",\"breadcrumb\":{\"@id\":\"https:\\\/\\\/dinostorm.com\\\/pl\\\/gra\\\/leksykon-broni\\\/plonacy-kolt\\\/#breadcrumb\"},\"inLanguage\":\"pl-PL\",\"potentialAction\":[{\"@type\":\"ReadAction\",\"target\":[\"https:\\\/\\\/dinostorm.com\\\/pl\\\/gra\\\/leksykon-broni\\\/plonacy-kolt\\\/\"]}]},{\"@type\":\"ImageObject\",\"inLanguage\":\"pl-PL\",\"@id\":\"https:\\\/\\\/dinostorm.com\\\/pl\\\/gra\\\/leksykon-broni\\\/plonacy-kolt\\\/#primaryimage\",\"url\":\"https:\\\/\\\/dinostorm.com\\\/wp-content\\\/uploads\\\/2012\\\/09\\\/ds_jungle_01.jpg\",\"contentUrl\":\"https:\\\/\\\/dinostorm.com\\\/wp-content\\\/uploads\\\/2012\\\/09\\\/ds_jungle_01.jpg\",\"width\":1280,\"height\":720,\"caption\":\"Beware of dangerous bandits in Mokon Woods are everywhere.\"},{\"@type\":\"BreadcrumbList\",\"@id\":\"https:\\\/\\\/dinostorm.com\\\/pl\\\/gra\\\/leksykon-broni\\\/plonacy-kolt\\\/#breadcrumb\",\"itemListElement\":[{\"@type\":\"ListItem\",\"position\":1,\"name\":\"Home\",\"item\":\"https:\\\/\\\/dinostorm.com\\\/pl\\\/\"},{\"@type\":\"ListItem\",\"position\":2,\"name\":\"Gra\",\"item\":\"https:\\\/\\\/dinostorm.com\\\/pl\\\/gra\\\/\"},{\"@type\":\"ListItem\",\"position\":3,\"name\":\"Leksykon Broni\",\"item\":\"https:\\\/\\\/dinostorm.com\\\/pl\\\/gra\\\/leksykon-broni\\\/\"},{\"@type\":\"ListItem\",\"position\":4,\"name\":\"Plonacy Kolt\"}]},{\"@type\":\"WebSite\",\"@id\":\"https:\\\/\\\/dinostorm.com\\\/pl\\\/#website\",\"url\":\"https:\\\/\\\/dinostorm.com\\\/pl\\\/\",\"name\":\"Dino Storm\",\"description\":\"\",\"potentialAction\":[{\"@type\":\"SearchAction\",\"target\":{\"@type\":\"EntryPoint\",\"urlTemplate\":\"https:\\\/\\\/dinostorm.com\\\/pl\\\/?s={search_term_string}\"},\"query-input\":{\"@type\":\"PropertyValueSpecification\",\"valueRequired\":true,\"valueName\":\"search_term_string\"}}],\"inLanguage\":\"pl-PL\"}]}<\/script>\n<!-- \/ Yoast SEO plugin. -->","yoast_head_json":{"title":"Plonacy Kolt - Dino Storm","robots":{"index":"index","follow":"follow","max-snippet":"max-snippet:-1","max-image-preview":"max-image-preview:large","max-video-preview":"max-video-preview:-1"},"canonical":"https:\/\/dinostorm.com\/pl\/gra\/leksykon-broni\/plonacy-kolt\/","og_locale":"pl_PL","og_type":"article","og_title":"Plonacy Kolt - Dino Storm","og_description":"Plonacy Kolt Z POWROTEM &#8222;Plonacy kolt&#8221; w Dino Storm Plonacy kolt jest zaprojektowany tak, aby m\u00f3gl strzelac ciaglym ogniem. Jego przewaga w tempie strzalu w por\u00f3wnaniu do innych broni dodatkowo zwieksza sie z kazdym poziomem. [&hellip;]","og_url":"https:\/\/dinostorm.com\/pl\/gra\/leksykon-broni\/plonacy-kolt\/","og_site_name":"Dino Storm","article_modified_time":"2021-06-17T12:08:27+00:00","og_image":[{"width":1280,"height":720,"url":"https:\/\/dinostorm.com\/wp-content\/uploads\/2012\/09\/ds_jungle_01.jpg","type":"image\/jpeg"}],"twitter_misc":{"Szacowany czas czytania":"1 minuta"},"schema":{"@context":"https:\/\/schema.org","@graph":[{"@type":"WebPage","@id":"https:\/\/dinostorm.com\/pl\/gra\/leksykon-broni\/plonacy-kolt\/","url":"https:\/\/dinostorm.com\/pl\/gra\/leksykon-broni\/plonacy-kolt\/","name":"Plonacy Kolt - Dino Storm","isPartOf":{"@id":"https:\/\/dinostorm.com\/pl\/#website"},"primaryImageOfPage":{"@id":"https:\/\/dinostorm.com\/pl\/gra\/leksykon-broni\/plonacy-kolt\/#primaryimage"},"image":{"@id":"https:\/\/dinostorm.com\/pl\/gra\/leksykon-broni\/plonacy-kolt\/#primaryimage"},"thumbnailUrl":"https:\/\/dinostorm.com\/wp-content\/uploads\/2012\/09\/ds_jungle_01.jpg","datePublished":"2012-10-18T07:13:48+00:00","dateModified":"2021-06-17T12:08:27+00:00","breadcrumb":{"@id":"https:\/\/dinostorm.com\/pl\/gra\/leksykon-broni\/plonacy-kolt\/#breadcrumb"},"inLanguage":"pl-PL","potentialAction":[{"@type":"ReadAction","target":["https:\/\/dinostorm.com\/pl\/gra\/leksykon-broni\/plonacy-kolt\/"]}]},{"@type":"ImageObject","inLanguage":"pl-PL","@id":"https:\/\/dinostorm.com\/pl\/gra\/leksykon-broni\/plonacy-kolt\/#primaryimage","url":"https:\/\/dinostorm.com\/wp-content\/uploads\/2012\/09\/ds_jungle_01.jpg","contentUrl":"https:\/\/dinostorm.com\/wp-content\/uploads\/2012\/09\/ds_jungle_01.jpg","width":1280,"height":720,"caption":"Beware of dangerous bandits in Mokon Woods are everywhere."},{"@type":"BreadcrumbList","@id":"https:\/\/dinostorm.com\/pl\/gra\/leksykon-broni\/plonacy-kolt\/#breadcrumb","itemListElement":[{"@type":"ListItem","position":1,"name":"Home","item":"https:\/\/dinostorm.com\/pl\/"},{"@type":"ListItem","position":2,"name":"Gra","item":"https:\/\/dinostorm.com\/pl\/gra\/"},{"@type":"ListItem","position":3,"name":"Leksykon Broni","item":"https:\/\/dinostorm.com\/pl\/gra\/leksykon-broni\/"},{"@type":"ListItem","position":4,"name":"Plonacy Kolt"}]},{"@type":"WebSite","@id":"https:\/\/dinostorm.com\/pl\/#website","url":"https:\/\/dinostorm.com\/pl\/","name":"Dino Storm","description":"","potentialAction":[{"@type":"SearchAction","target":{"@type":"EntryPoint","urlTemplate":"https:\/\/dinostorm.com\/pl\/?s={search_term_string}"},"query-input":{"@type":"PropertyValueSpecification","valueRequired":true,"valueName":"search_term_string"}}],"inLanguage":"pl-PL"}]}},"_links":{"self":[{"href":"https:\/\/dinostorm.com\/pl\/wp-json\/wp\/v2\/pages\/3127","targetHints":{"allow":["GET"]}}],"collection":[{"href":"https:\/\/dinostorm.com\/pl\/wp-json\/wp\/v2\/pages"}],"about":[{"href":"https:\/\/dinostorm.com\/pl\/wp-json\/wp\/v2\/types\/page"}],"author":[{"embeddable":true,"href":"https:\/\/dinostorm.com\/pl\/wp-json\/wp\/v2\/users\/26"}],"replies":[{"embeddable":true,"href":"https:\/\/dinostorm.com\/pl\/wp-json\/wp\/v2\/comments?post=3127"}],"version-history":[{"count":3,"href":"https:\/\/dinostorm.com\/pl\/wp-json\/wp\/v2\/pages\/3127\/revisions"}],"predecessor-version":[{"id":230100,"href":"https:\/\/dinostorm.com\/pl\/wp-json\/wp\/v2\/pages\/3127\/revisions\/230100"}],"up":[{"embeddable":true,"href":"https:\/\/dinostorm.com\/pl\/wp-json\/wp\/v2\/pages\/3123"}],"wp:featuredmedia":[{"embeddable":true,"href":"https:\/\/dinostorm.com\/pl\/wp-json\/wp\/v2\/media\/15052"}],"wp:attachment":[{"href":"https:\/\/dinostorm.com\/pl\/wp-json\/wp\/v2\/media?parent=3127"}],"curies":[{"name":"wp","href":"https:\/\/api.w.org\/{rel}","templated":true}]}}