{"id":3123,"date":"2012-09-10T16:23:26","date_gmt":"2012-09-10T14:23:26","guid":{"rendered":"http:\/\/dinostorm.com\/?page_id=3123"},"modified":"2021-07-01T13:17:26","modified_gmt":"2021-07-01T11:17:26","slug":"leksykon-broni","status":"publish","type":"page","link":"https:\/\/dinostorm.com\/pl\/gra\/leksykon-broni\/","title":{"rendered":"Leksykon Broni"},"content":{"rendered":"<div class=\"teaser\"><\/div>\n<h1 class=\"headline_page width_350\"><span>Leksykon Broni<\/span><\/h1>\n<p class=\"back-button back-pos350\"><a class=\"back-block\" href=\"\/pl\/gra#overview\">Powr\u00f3t<\/a><\/p>\n<div class=\"full\">\n<img decoding=\"async\" class=\"wrapper_image_impl colorbox-3123\" src=\"\/wp-content\/themes\/arras\/images\/dinostorm\/laser-gun-cowgirl.png\" alt=\"Broni: Dino Storm\"\/><\/p>\n<div class=\"wrapper_impl\">\n<p class=\"text-impl\">Najnowsze i najlepsze produkty s\u0142u\u017c\u0105ce do siania postrachu w\u015br\u00f3d wrog\u00f3w. Nie pozw\u00f3l, aby\u015b by\u0142 tylko drugi najlepszy gdy dojdzie do niebezpiecznej sytuacji!<\/p>\n<\/div>\n<\/div>\n<div class=\"wrapper_dinolex\">\n<center><\/p>\n<h2>Plonacy Kolt<\/h2>\n<div class=\"dino_lex\">\n<a href=\"\/pl\/gra\/leksykon-broni\/plonacy-kolt\"><img class=\"colorbox-3123\"  decoding=\"async\" width=\"248\" src=\"\/wp-content\/themes\/arras\/images\/dinostorm\/burningcolt.png\"  onmouseover=\"this.width=268\" onmouseout=\"this.width=248\"><\/a>\n<\/div>\n<p><\/center>\n<\/div>\n<div class=\"wrapper_dinolex\">\n<center><\/p>\n<h2>Hammer<\/h2>\n<p><a href=\"\/pl\/gra\/leksykon-broni\/hammer\"><img class=\"colorbox-3123\"  decoding=\"async\" width=\"248\" src=\"\/wp-content\/themes\/arras\/images\/dinostorm\/hammer.png\"  onmouseover=\"this.width=268\" onmouseout=\"this.width=248\"><\/a><br \/>\n<\/center>\n<\/div>\n<div class=\"wrapper_dinolex\">\n<center><\/p>\n<h2>Peacemaker<\/h2>\n<p><a href=\"\/pl\/gra\/leksykon-broni\/peacemaker\"><img class=\"colorbox-3123\"  decoding=\"async\" width=\"248\" src=\"\/wp-content\/themes\/arras\/images\/dinostorm\/peacemaker.png\"  onmouseover=\"this.width=268\" onmouseout=\"this.width=248\"><\/a><br \/>\n<\/center>\n<\/div>\n<div class=\"wrapper_dinolex\">\n<center><\/p>\n<h2>Gatling<\/h2>\n<p><a href=\"\/pl\/gra\/leksykon-broni\/gatling\"><img class=\"colorbox-3123\"  decoding=\"async\" onmouseover=\"this.width=268\" onmouseout=\"this.width=248\" alt=\"\" src=\"\/wp-content\/themes\/arras\/images\/dinostorm\/gatling.png\" width=\"248\" \/><\/a><br \/>\n<\/center>\n<\/div>\n<div class=\"wrapper_dinolex\">\n<center><\/p>\n<h2>Karabin Jager<\/h2>\n<p><a href=\"\/pl\/gra\/leksykon-broni\/yager-rifle\"><img class=\"colorbox-3123\"  decoding=\"async\" onmouseover=\"this.width=268\" onmouseout=\"this.width=248\" alt=\"\" src=\"\/wp-content\/themes\/arras\/images\/dinostorm\/yagerrifle.png\" width=\"248\" \/><\/a><br \/>\n<\/center>\n<\/div>\n<div class=\"wrapper_dinolex\">\n<center><\/p>\n<h2>Showstopper<\/h2>\n<p><a href=\"\/pl\/gra\/leksykon-broni\/showstopper\"><img class=\"colorbox-3123\"  decoding=\"async\" onmouseover=\"this.width=268\" onmouseout=\"this.width=248\" alt=\"\" src=\"\/wp-content\/themes\/arras\/images\/dinostorm\/showstopper.png\" width=\"248\" \/><\/a><br \/>\n<\/center>\n<\/div>\n<div class=full>\n<img decoding=\"async\" class=\"hr3 colorbox-3123\" src=\"\/wp-content\/themes\/arras\/images\/dinostorm\/seperator_big.png\" alt=\"separator dino storm\" \/>\n<\/div>\n","protected":false},"excerpt":{"rendered":"<p>Leksykon Broni Powr\u00f3t Najnowsze i najlepsze produkty s\u0142u\u017c\u0105ce do siania postrachu w\u015br\u00f3d wrog\u00f3w. Nie pozw\u00f3l, aby\u015b by\u0142 tylko drugi najlepszy gdy dojdzie do niebezpiecznej sytuacji! Plonacy Kolt Hammer Peacemaker Gatling Karabin Jager Showstopper<\/p>\n","protected":false},"author":26,"featured_media":15052,"parent":3061,"menu_order":0,"comment_status":"closed","ping_status":"closed","template":"pagetpl-onecolumn.php","meta":{"footnotes":"","_links_to":"","_links_to_target":""},"class_list":["post-3123","page","type-page","status-publish","has-post-thumbnail","hentry"],"yoast_head":"<!-- This site is optimized with the Yoast SEO plugin v27.4 - https:\/\/yoast.com\/product\/yoast-seo-wordpress\/ -->\n<title>Leksykon Broni - Dino Storm<\/title>\n<meta name=\"description\" content=\"Chcesz dowiedzie\u0107 si\u0119 wi\u0119cej o laserach w Dino Storm? Niewa\u017cne czy chodzi ci o pistolety czy karabiny, w naszym leksykonie broni znajdziesz wszystkie potrzebne informacje.\" \/>\n<meta name=\"robots\" content=\"index, follow, max-snippet:-1, max-image-preview:large, max-video-preview:-1\" \/>\n<link rel=\"canonical\" href=\"https:\/\/dinostorm.com\/pl\/gra\/leksykon-broni\/\" \/>\n<meta property=\"og:locale\" content=\"pl_PL\" \/>\n<meta property=\"og:type\" content=\"article\" \/>\n<meta property=\"og:title\" content=\"Leksykon Broni - Dino Storm\" \/>\n<meta property=\"og:description\" content=\"Chcesz dowiedzie\u0107 si\u0119 wi\u0119cej o laserach w Dino Storm? Niewa\u017cne czy chodzi ci o pistolety czy karabiny, w naszym leksykonie broni znajdziesz wszystkie potrzebne informacje.\" \/>\n<meta property=\"og:url\" content=\"https:\/\/dinostorm.com\/pl\/gra\/leksykon-broni\/\" \/>\n<meta property=\"og:site_name\" content=\"Dino Storm\" \/>\n<meta property=\"article:modified_time\" content=\"2021-07-01T11:17:26+00:00\" \/>\n<meta property=\"og:image\" content=\"https:\/\/dinostorm.com\/wp-content\/uploads\/2012\/09\/ds_jungle_01.jpg\" \/>\n\t<meta property=\"og:image:width\" content=\"1280\" \/>\n\t<meta property=\"og:image:height\" content=\"720\" \/>\n\t<meta property=\"og:image:type\" content=\"image\/jpeg\" \/>\n<script type=\"application\/ld+json\" class=\"yoast-schema-graph\">{\"@context\":\"https:\\\/\\\/schema.org\",\"@graph\":[{\"@type\":\"WebPage\",\"@id\":\"https:\\\/\\\/dinostorm.com\\\/pl\\\/gra\\\/leksykon-broni\\\/\",\"url\":\"https:\\\/\\\/dinostorm.com\\\/pl\\\/gra\\\/leksykon-broni\\\/\",\"name\":\"Leksykon Broni - Dino Storm\",\"isPartOf\":{\"@id\":\"https:\\\/\\\/dinostorm.com\\\/pl\\\/#website\"},\"primaryImageOfPage\":{\"@id\":\"https:\\\/\\\/dinostorm.com\\\/pl\\\/gra\\\/leksykon-broni\\\/#primaryimage\"},\"image\":{\"@id\":\"https:\\\/\\\/dinostorm.com\\\/pl\\\/gra\\\/leksykon-broni\\\/#primaryimage\"},\"thumbnailUrl\":\"https:\\\/\\\/dinostorm.com\\\/wp-content\\\/uploads\\\/2012\\\/09\\\/ds_jungle_01.jpg\",\"datePublished\":\"2012-09-10T14:23:26+00:00\",\"dateModified\":\"2021-07-01T11:17:26+00:00\",\"description\":\"Chcesz dowiedzie\u0107 si\u0119 wi\u0119cej o laserach w Dino Storm? Niewa\u017cne czy chodzi ci o pistolety czy karabiny, w naszym leksykonie broni znajdziesz wszystkie potrzebne informacje.\",\"breadcrumb\":{\"@id\":\"https:\\\/\\\/dinostorm.com\\\/pl\\\/gra\\\/leksykon-broni\\\/#breadcrumb\"},\"inLanguage\":\"pl-PL\",\"potentialAction\":[{\"@type\":\"ReadAction\",\"target\":[\"https:\\\/\\\/dinostorm.com\\\/pl\\\/gra\\\/leksykon-broni\\\/\"]}]},{\"@type\":\"ImageObject\",\"inLanguage\":\"pl-PL\",\"@id\":\"https:\\\/\\\/dinostorm.com\\\/pl\\\/gra\\\/leksykon-broni\\\/#primaryimage\",\"url\":\"https:\\\/\\\/dinostorm.com\\\/wp-content\\\/uploads\\\/2012\\\/09\\\/ds_jungle_01.jpg\",\"contentUrl\":\"https:\\\/\\\/dinostorm.com\\\/wp-content\\\/uploads\\\/2012\\\/09\\\/ds_jungle_01.jpg\",\"width\":1280,\"height\":720,\"caption\":\"Beware of dangerous bandits in Mokon Woods are everywhere.\"},{\"@type\":\"BreadcrumbList\",\"@id\":\"https:\\\/\\\/dinostorm.com\\\/pl\\\/gra\\\/leksykon-broni\\\/#breadcrumb\",\"itemListElement\":[{\"@type\":\"ListItem\",\"position\":1,\"name\":\"Home\",\"item\":\"https:\\\/\\\/dinostorm.com\\\/pl\\\/\"},{\"@type\":\"ListItem\",\"position\":2,\"name\":\"Gra\",\"item\":\"https:\\\/\\\/dinostorm.com\\\/pl\\\/gra\\\/\"},{\"@type\":\"ListItem\",\"position\":3,\"name\":\"Leksykon Broni\"}]},{\"@type\":\"WebSite\",\"@id\":\"https:\\\/\\\/dinostorm.com\\\/pl\\\/#website\",\"url\":\"https:\\\/\\\/dinostorm.com\\\/pl\\\/\",\"name\":\"Dino Storm\",\"description\":\"\",\"potentialAction\":[{\"@type\":\"SearchAction\",\"target\":{\"@type\":\"EntryPoint\",\"urlTemplate\":\"https:\\\/\\\/dinostorm.com\\\/pl\\\/?s={search_term_string}\"},\"query-input\":{\"@type\":\"PropertyValueSpecification\",\"valueRequired\":true,\"valueName\":\"search_term_string\"}}],\"inLanguage\":\"pl-PL\"}]}<\/script>\n<!-- \/ Yoast SEO plugin. -->","yoast_head_json":{"title":"Leksykon Broni - Dino Storm","description":"Chcesz dowiedzie\u0107 si\u0119 wi\u0119cej o laserach w Dino Storm? Niewa\u017cne czy chodzi ci o pistolety czy karabiny, w naszym leksykonie broni znajdziesz wszystkie potrzebne informacje.","robots":{"index":"index","follow":"follow","max-snippet":"max-snippet:-1","max-image-preview":"max-image-preview:large","max-video-preview":"max-video-preview:-1"},"canonical":"https:\/\/dinostorm.com\/pl\/gra\/leksykon-broni\/","og_locale":"pl_PL","og_type":"article","og_title":"Leksykon Broni - Dino Storm","og_description":"Chcesz dowiedzie\u0107 si\u0119 wi\u0119cej o laserach w Dino Storm? Niewa\u017cne czy chodzi ci o pistolety czy karabiny, w naszym leksykonie broni znajdziesz wszystkie potrzebne informacje.","og_url":"https:\/\/dinostorm.com\/pl\/gra\/leksykon-broni\/","og_site_name":"Dino Storm","article_modified_time":"2021-07-01T11:17:26+00:00","og_image":[{"width":1280,"height":720,"url":"https:\/\/dinostorm.com\/wp-content\/uploads\/2012\/09\/ds_jungle_01.jpg","type":"image\/jpeg"}],"schema":{"@context":"https:\/\/schema.org","@graph":[{"@type":"WebPage","@id":"https:\/\/dinostorm.com\/pl\/gra\/leksykon-broni\/","url":"https:\/\/dinostorm.com\/pl\/gra\/leksykon-broni\/","name":"Leksykon Broni - Dino Storm","isPartOf":{"@id":"https:\/\/dinostorm.com\/pl\/#website"},"primaryImageOfPage":{"@id":"https:\/\/dinostorm.com\/pl\/gra\/leksykon-broni\/#primaryimage"},"image":{"@id":"https:\/\/dinostorm.com\/pl\/gra\/leksykon-broni\/#primaryimage"},"thumbnailUrl":"https:\/\/dinostorm.com\/wp-content\/uploads\/2012\/09\/ds_jungle_01.jpg","datePublished":"2012-09-10T14:23:26+00:00","dateModified":"2021-07-01T11:17:26+00:00","description":"Chcesz dowiedzie\u0107 si\u0119 wi\u0119cej o laserach w Dino Storm? Niewa\u017cne czy chodzi ci o pistolety czy karabiny, w naszym leksykonie broni znajdziesz wszystkie potrzebne informacje.","breadcrumb":{"@id":"https:\/\/dinostorm.com\/pl\/gra\/leksykon-broni\/#breadcrumb"},"inLanguage":"pl-PL","potentialAction":[{"@type":"ReadAction","target":["https:\/\/dinostorm.com\/pl\/gra\/leksykon-broni\/"]}]},{"@type":"ImageObject","inLanguage":"pl-PL","@id":"https:\/\/dinostorm.com\/pl\/gra\/leksykon-broni\/#primaryimage","url":"https:\/\/dinostorm.com\/wp-content\/uploads\/2012\/09\/ds_jungle_01.jpg","contentUrl":"https:\/\/dinostorm.com\/wp-content\/uploads\/2012\/09\/ds_jungle_01.jpg","width":1280,"height":720,"caption":"Beware of dangerous bandits in Mokon Woods are everywhere."},{"@type":"BreadcrumbList","@id":"https:\/\/dinostorm.com\/pl\/gra\/leksykon-broni\/#breadcrumb","itemListElement":[{"@type":"ListItem","position":1,"name":"Home","item":"https:\/\/dinostorm.com\/pl\/"},{"@type":"ListItem","position":2,"name":"Gra","item":"https:\/\/dinostorm.com\/pl\/gra\/"},{"@type":"ListItem","position":3,"name":"Leksykon Broni"}]},{"@type":"WebSite","@id":"https:\/\/dinostorm.com\/pl\/#website","url":"https:\/\/dinostorm.com\/pl\/","name":"Dino Storm","description":"","potentialAction":[{"@type":"SearchAction","target":{"@type":"EntryPoint","urlTemplate":"https:\/\/dinostorm.com\/pl\/?s={search_term_string}"},"query-input":{"@type":"PropertyValueSpecification","valueRequired":true,"valueName":"search_term_string"}}],"inLanguage":"pl-PL"}]}},"_links":{"self":[{"href":"https:\/\/dinostorm.com\/pl\/wp-json\/wp\/v2\/pages\/3123","targetHints":{"allow":["GET"]}}],"collection":[{"href":"https:\/\/dinostorm.com\/pl\/wp-json\/wp\/v2\/pages"}],"about":[{"href":"https:\/\/dinostorm.com\/pl\/wp-json\/wp\/v2\/types\/page"}],"author":[{"embeddable":true,"href":"https:\/\/dinostorm.com\/pl\/wp-json\/wp\/v2\/users\/26"}],"replies":[{"embeddable":true,"href":"https:\/\/dinostorm.com\/pl\/wp-json\/wp\/v2\/comments?post=3123"}],"version-history":[{"count":4,"href":"https:\/\/dinostorm.com\/pl\/wp-json\/wp\/v2\/pages\/3123\/revisions"}],"predecessor-version":[{"id":235324,"href":"https:\/\/dinostorm.com\/pl\/wp-json\/wp\/v2\/pages\/3123\/revisions\/235324"}],"up":[{"embeddable":true,"href":"https:\/\/dinostorm.com\/pl\/wp-json\/wp\/v2\/pages\/3061"}],"wp:featuredmedia":[{"embeddable":true,"href":"https:\/\/dinostorm.com\/pl\/wp-json\/wp\/v2\/media\/15052"}],"wp:attachment":[{"href":"https:\/\/dinostorm.com\/pl\/wp-json\/wp\/v2\/media?parent=3123"}],"curies":[{"name":"wp","href":"https:\/\/api.w.org\/{rel}","templated":true}]}}