{"id":3120,"date":"2012-10-18T09:11:56","date_gmt":"2012-10-18T07:11:56","guid":{"rendered":"http:\/\/dinostorm.com\/?page_id=3120"},"modified":"2021-07-08T10:45:26","modified_gmt":"2021-07-08T08:45:26","slug":"centrozaur","status":"publish","type":"page","link":"https:\/\/dinostorm.com\/pl\/gra\/leksykon-dinozaurow\/centrozaur\/","title":{"rendered":"Centrozaur"},"content":{"rendered":"<div class=\"teaser\"><\/div>\n<h1 class=\"headline_page width_500\"><span>Dinozaur Centrozaur<\/span><\/h1>\n<p class=\"back-button back-pos500\"><a class=\"back-block\" href=\"\/pl\/gra\/leksykon-dinozaurow\">z powrotem<\/a><\/p>\n<div class=\"two_thirds\">\n<h2 class=\"headline-lex\"><span>Centrozaur w Dino Storm<\/span><\/h2>\n<div class=\"banner_lex\">\n<p class=\"banner_text_lex text_lex\"><strong>Centrozaur<\/strong> jest wszechstronnym dinozaurem, co oznacza, \u017ce odnajduje si\u0119 on zar\u00f3wno w walce na odleg\u0142o\u015b\u0107 jak i tej w zwarciu, jednak nie przoduje on w \u017cadnej z nich. Jego pr\u0119dko\u015b\u0107 jest zdecydowanie mniejsza w por\u00f3wnaniu do pozosta\u0142ych wierzchowc\u00f3w.<\/p>\n<div style=\"margin-right: 29px; float: left; width: 10px; text-align: left; position: relative; top: 40px; left: 30px\">\n<strong class=\"text_lex\" style=\"position: relative; top: 12px\">Witalnosc:<\/strong><br \/>\n<strong class=\"text_lex\" style=\"position: relative; top: 30px\">Sila:<\/strong><br \/>\n<strong class=\"text_lex\" style=\"position: relative; top: 50px\">Wytrzymalosc:<\/strong>\n<\/div>\n<div style=\"margin-right: 20px; float: left; width: 118px; text-align: left; position: relative; top: 70px; left: 10px\">\n<img decoding=\"async\" class=\"skill_image_lex colorbox-3120\" title=\"Podstawowa witalnosc: 3\" src=\"\/wp-content\/themes\/arras\/images\/dinostorm\/Dinos\/bar_health_3.png\" alt=\"Podstawowy poziom witalnosci Centrozaur w Dino Storm wynosi 3.\" \/><br \/>\n<img decoding=\"async\" class=\"skill_image_lex colorbox-3120\" title=\"Podstawowa sila: 3\" src=\"\/wp-content\/themes\/arras\/images\/dinostorm\/Dinos\/bar_strength_3.png\" alt=\"Podstawowy poziom sila Centrozaur w Dino Storm wynosi 3.\" \/><br \/>\n<img decoding=\"async\" class=\"skill_image_lex colorbox-3120\" title=\"Podstawowa wytrzymalosc: 2\" src=\"\/wp-content\/themes\/arras\/images\/dinostorm\/Dinos\/bar_endurance_2.png\" alt=\"Podstawowy poziom wytrzymalosci Centrozaur w Dino Storm wynosi 2.\" \/>\n<\/div>\n<div class=\"icc_scale\">\n<img class=\"colorbox-3120\"  decoding=\"async\" src=\"\/wp-content\/themes\/arras\/images\/dinostorm\/Dinos\/icc_scale_npp.png\" alt=\"\" title=\"\"\/><br \/>\n<a href=\"\/pl\/gra\/leksykon-dinozaurow\/parazaurolof\/\"><img decoding=\"async\" class=\"icc_dino colorbox-3120\" src=\"\/wp-content\/themes\/arras\/images\/dinostorm\/Dinos\/parasaurolophus_icon.png\" alt=\"\" title=\"\"\/><\/a><\/p>\n<div class=\"icc_text\">Wszechstronna alternatywa:<br \/>\n<strong>Parazaurolof<\/strong>\n<\/div>\n<\/div>\n<\/div>\n<div class=\"one_third\">\n<img decoding=\"async\" class=\"dino_lex_2 colorbox-3120\" src=\"\/wp-content\/themes\/arras\/images\/dinostorm\/Dinos\/Centrosaurus.png\" alt=\"Centrozaur\" \/>\n<\/div>\n<\/div>\n<div class=\"clear\"><\/div>\n<div class=\"one_third\">\n<h3 class=\"headlinelex2_1\">Centrozaur \u2014 Umiej&#x0119;tno&#x015b;ci dinozaura<\/h3>\n<div class=\"banner_lex2\">\n<span class=\"icon_skill_top float-left\"><br \/>\n<img class=\"colorbox-3120\"  decoding=\"async\" src=\"\/wp-content\/themes\/arras\/images\/dinostorm\/Dinos\/Centrosaurus_skill_01.png\" \nonmouseover=\"for (let el of document.querySelectorAll('.centro_idle')) el.style.visibility = 'hidden'; for (let el of document.querySelectorAll('.centro_skill1')) el.style.visibility = 'visible';\"\nonmouseout=\"for (let el of document.querySelectorAll('.centro_idle')) el.style.visibility = 'visible'; for (let el of document.querySelectorAll('.centro_skill1')) el.style.visibility = 'hidden';\"\"\nalt=\"Centrozaur Zdolno&#x015b;&#x0107; specjalna \u2014 Atak z rozp&#x0119;du\" title=\"Zdolno&#x015b;&#x0107; specjalna: Atak z rozp&#x0119;du\"\/><\/span><\/p>\n<div class=\"skill-wrapper\"><span class=\"icon_skill_title\">Atak z rozp&#x0119;du<\/span><\/p>\n<p class=\"icon_skill_text\">\n<\/div>\n<p><span class=\"clear\"><!-- --><\/span><span class=\"icon_skill_top float-left\"><br \/>\n<img class=\"colorbox-3120\"  decoding=\"async\" src=\"\/wp-content\/themes\/arras\/images\/dinostorm\/Dinos\/Centrosaurus_skill_02.png\" \nonmouseover=\"for (let el of document.querySelectorAll('.centro_idle')) el.style.visibility = 'hidden'; for (let el of document.querySelectorAll('.centro_skill2')) el.style.visibility = 'visible';\"\nonmouseout=\"for (let el of document.querySelectorAll('.centro_idle')) el.style.visibility = 'visible'; for (let el of document.querySelectorAll('.centro_skill2')) el.style.visibility = 'hidden';\"\"\nalt=\"Centrozaur Zdolno&#x015b;&#x0107; specjalna \u2014 Atak odbijaj&#x0105;cy\" title=\"Zdolno&#x015b;&#x0107; specjalna: Atak odbijaj&#x0105;cy\"\/><\/span><\/p>\n<div class=\"skill-wrapper-bottom\"><span class=\"icon_skill_title\">Atak odbijaj&#x0105;cy<\/span><\/p>\n<p class=\"icon_skill_text\">\n<\/div>\n<p><span class=\"clear\"><!-- --><\/span><\/p>\n<\/div>\n<\/div>\n<div class=\"one_third\">\n<h3 class=\"headlinelex2_2\">Centrozaur \u2014 Fakty o dinozaurze<\/h3>\n<div class=\"fact_lex\">\n<p>Centrozaur nale&#x017c;y do rodziny ceratops&#x00f3;w. &#x017b;y&#x0142; on w okresie g&#x00f3;rnej kredy na terenie obecnej Ameryki P&#x00f3;&#x0142;nocnej.<\/p>\n<p>Centrozaur posiada&#x0142; bardzo silny i wytrzyma&#x0142;y organizm. Cechami charakterystycznymi tego dinozaura by&#x0142;y wielki r&#x00f3;g na jego g&#x0142;owie oraz masywna tarcza z ko&#x015b;ci na jego szyi. Jego tylne nogi by&#x0142;y wyra&#x017a;nie d&#x0142;u&#x017c;sze ni&#x017c; przednie ko&#x0144;czyny. Badacze uwa&#x017c;aj&#x0105;, i&#x017c; centrozaur by&#x0142; zwierz&#x0119;ciem stadnym i prawdopodobnie &#x017c;y&#x0142; w grupach.<\/p>\n<\/div>\n<\/div>\n<div class=\"dino_animations\">\n<img decoding=\"async\" class=\"centro_idle colorbox-3120\" src=\"\/wp-content\/themes\/arras\/images\/dinostorm\/Dinos\/centrosaurus_idle.gif\"\/><br \/>\n<img decoding=\"async\" class=\"centro_skill1 colorbox-3120\" style=\"bottom: 182px\" src=\"\/wp-content\/themes\/arras\/images\/dinostorm\/Dinos\/centrosaurus_skill_01.gif\"\/><br \/>\n<img decoding=\"async\" class=\"centro_skill2 colorbox-3120\"  style=\"bottom: 343px\" src=\"\/wp-content\/themes\/arras\/images\/dinostorm\/Dinos\/centrosaurus_skill_02.gif\"\/>\n<\/div>\n<div class=\"full\">\n<img decoding=\"async\" class=\"hr3 margin35 colorbox-3120\" src=\"\/wp-content\/themes\/arras\/images\/dinostorm\/seperator_big.png\" alt=\"separator dino storm\" \/>\n<\/div>\n","protected":false},"excerpt":{"rendered":"<p>Dinozaur Centrozaur z powrotem Centrozaur w Dino Storm Centrozaur jest wszechstronnym dinozaurem, co oznacza, \u017ce odnajduje si\u0119 on zar\u00f3wno w walce na odleg\u0142o\u015b\u0107 jak i tej w zwarciu, jednak nie przoduje on w \u017cadnej z [&hellip;]<\/p>\n","protected":false},"author":26,"featured_media":15052,"parent":3060,"menu_order":0,"comment_status":"closed","ping_status":"closed","template":"pagetpl-onecolumn.php","meta":{"footnotes":"","_links_to":"","_links_to_target":""},"class_list":["post-3120","page","type-page","status-publish","has-post-thumbnail","hentry"],"yoast_head":"<!-- This site is optimized with the Yoast SEO plugin v27.3 - https:\/\/yoast.com\/product\/yoast-seo-wordpress\/ -->\n<title>Centrozaur - Dino Storm<\/title>\n<meta name=\"description\" content=\"Centrozaur ma mocn\u0105 budow\u0119 cia\u0142a co sprawia, i\u017c jest bardziej wytrzyma\u0142y ni\u017c wi\u0119kszo\u015b\u0107 innych dinozaur\u00f3w w Dino Storm.\" \/>\n<meta name=\"robots\" content=\"index, follow, max-snippet:-1, max-image-preview:large, max-video-preview:-1\" \/>\n<link rel=\"canonical\" href=\"https:\/\/dinostorm.com\/pl\/gra\/leksykon-dinozaurow\/centrozaur\/\" \/>\n<meta property=\"og:locale\" content=\"pl_PL\" \/>\n<meta property=\"og:type\" content=\"article\" \/>\n<meta property=\"og:title\" content=\"Centrozaur - Dino Storm\" \/>\n<meta property=\"og:description\" content=\"Centrozaur ma mocn\u0105 budow\u0119 cia\u0142a co sprawia, i\u017c jest bardziej wytrzyma\u0142y ni\u017c wi\u0119kszo\u015b\u0107 innych dinozaur\u00f3w w Dino Storm.\" \/>\n<meta property=\"og:url\" content=\"https:\/\/dinostorm.com\/pl\/gra\/leksykon-dinozaurow\/centrozaur\/\" \/>\n<meta property=\"og:site_name\" content=\"Dino Storm\" \/>\n<meta property=\"article:modified_time\" content=\"2021-07-08T08:45:26+00:00\" \/>\n<meta property=\"og:image\" content=\"https:\/\/dinostorm.com\/wp-content\/uploads\/2012\/09\/ds_jungle_01.jpg\" \/>\n\t<meta property=\"og:image:width\" content=\"1280\" \/>\n\t<meta property=\"og:image:height\" content=\"720\" \/>\n\t<meta property=\"og:image:type\" content=\"image\/jpeg\" \/>\n<script type=\"application\/ld+json\" class=\"yoast-schema-graph\">{\"@context\":\"https:\\\/\\\/schema.org\",\"@graph\":[{\"@type\":\"WebPage\",\"@id\":\"https:\\\/\\\/dinostorm.com\\\/pl\\\/gra\\\/leksykon-dinozaurow\\\/centrozaur\\\/\",\"url\":\"https:\\\/\\\/dinostorm.com\\\/pl\\\/gra\\\/leksykon-dinozaurow\\\/centrozaur\\\/\",\"name\":\"Centrozaur - Dino Storm\",\"isPartOf\":{\"@id\":\"https:\\\/\\\/dinostorm.com\\\/pl\\\/#website\"},\"primaryImageOfPage\":{\"@id\":\"https:\\\/\\\/dinostorm.com\\\/pl\\\/gra\\\/leksykon-dinozaurow\\\/centrozaur\\\/#primaryimage\"},\"image\":{\"@id\":\"https:\\\/\\\/dinostorm.com\\\/pl\\\/gra\\\/leksykon-dinozaurow\\\/centrozaur\\\/#primaryimage\"},\"thumbnailUrl\":\"https:\\\/\\\/dinostorm.com\\\/wp-content\\\/uploads\\\/2012\\\/09\\\/ds_jungle_01.jpg\",\"datePublished\":\"2012-10-18T07:11:56+00:00\",\"dateModified\":\"2021-07-08T08:45:26+00:00\",\"description\":\"Centrozaur ma mocn\u0105 budow\u0119 cia\u0142a co sprawia, i\u017c jest bardziej wytrzyma\u0142y ni\u017c wi\u0119kszo\u015b\u0107 innych dinozaur\u00f3w w Dino Storm.\",\"breadcrumb\":{\"@id\":\"https:\\\/\\\/dinostorm.com\\\/pl\\\/gra\\\/leksykon-dinozaurow\\\/centrozaur\\\/#breadcrumb\"},\"inLanguage\":\"pl-PL\",\"potentialAction\":[{\"@type\":\"ReadAction\",\"target\":[\"https:\\\/\\\/dinostorm.com\\\/pl\\\/gra\\\/leksykon-dinozaurow\\\/centrozaur\\\/\"]}]},{\"@type\":\"ImageObject\",\"inLanguage\":\"pl-PL\",\"@id\":\"https:\\\/\\\/dinostorm.com\\\/pl\\\/gra\\\/leksykon-dinozaurow\\\/centrozaur\\\/#primaryimage\",\"url\":\"https:\\\/\\\/dinostorm.com\\\/wp-content\\\/uploads\\\/2012\\\/09\\\/ds_jungle_01.jpg\",\"contentUrl\":\"https:\\\/\\\/dinostorm.com\\\/wp-content\\\/uploads\\\/2012\\\/09\\\/ds_jungle_01.jpg\",\"width\":1280,\"height\":720,\"caption\":\"Beware of dangerous bandits in Mokon Woods are everywhere.\"},{\"@type\":\"BreadcrumbList\",\"@id\":\"https:\\\/\\\/dinostorm.com\\\/pl\\\/gra\\\/leksykon-dinozaurow\\\/centrozaur\\\/#breadcrumb\",\"itemListElement\":[{\"@type\":\"ListItem\",\"position\":1,\"name\":\"Home\",\"item\":\"https:\\\/\\\/dinostorm.com\\\/pl\\\/\"},{\"@type\":\"ListItem\",\"position\":2,\"name\":\"Gra\",\"item\":\"https:\\\/\\\/dinostorm.com\\\/pl\\\/gra\\\/\"},{\"@type\":\"ListItem\",\"position\":3,\"name\":\"Leksykon dinozaur\u00f3w\",\"item\":\"https:\\\/\\\/dinostorm.com\\\/pl\\\/gra\\\/leksykon-dinozaurow\\\/\"},{\"@type\":\"ListItem\",\"position\":4,\"name\":\"Centrozaur\"}]},{\"@type\":\"WebSite\",\"@id\":\"https:\\\/\\\/dinostorm.com\\\/pl\\\/#website\",\"url\":\"https:\\\/\\\/dinostorm.com\\\/pl\\\/\",\"name\":\"Dino Storm\",\"description\":\"\",\"potentialAction\":[{\"@type\":\"SearchAction\",\"target\":{\"@type\":\"EntryPoint\",\"urlTemplate\":\"https:\\\/\\\/dinostorm.com\\\/pl\\\/?s={search_term_string}\"},\"query-input\":{\"@type\":\"PropertyValueSpecification\",\"valueRequired\":true,\"valueName\":\"search_term_string\"}}],\"inLanguage\":\"pl-PL\"}]}<\/script>\n<!-- \/ Yoast SEO plugin. -->","yoast_head_json":{"title":"Centrozaur - Dino Storm","description":"Centrozaur ma mocn\u0105 budow\u0119 cia\u0142a co sprawia, i\u017c jest bardziej wytrzyma\u0142y ni\u017c wi\u0119kszo\u015b\u0107 innych dinozaur\u00f3w w Dino Storm.","robots":{"index":"index","follow":"follow","max-snippet":"max-snippet:-1","max-image-preview":"max-image-preview:large","max-video-preview":"max-video-preview:-1"},"canonical":"https:\/\/dinostorm.com\/pl\/gra\/leksykon-dinozaurow\/centrozaur\/","og_locale":"pl_PL","og_type":"article","og_title":"Centrozaur - Dino Storm","og_description":"Centrozaur ma mocn\u0105 budow\u0119 cia\u0142a co sprawia, i\u017c jest bardziej wytrzyma\u0142y ni\u017c wi\u0119kszo\u015b\u0107 innych dinozaur\u00f3w w Dino Storm.","og_url":"https:\/\/dinostorm.com\/pl\/gra\/leksykon-dinozaurow\/centrozaur\/","og_site_name":"Dino Storm","article_modified_time":"2021-07-08T08:45:26+00:00","og_image":[{"width":1280,"height":720,"url":"https:\/\/dinostorm.com\/wp-content\/uploads\/2012\/09\/ds_jungle_01.jpg","type":"image\/jpeg"}],"schema":{"@context":"https:\/\/schema.org","@graph":[{"@type":"WebPage","@id":"https:\/\/dinostorm.com\/pl\/gra\/leksykon-dinozaurow\/centrozaur\/","url":"https:\/\/dinostorm.com\/pl\/gra\/leksykon-dinozaurow\/centrozaur\/","name":"Centrozaur - Dino Storm","isPartOf":{"@id":"https:\/\/dinostorm.com\/pl\/#website"},"primaryImageOfPage":{"@id":"https:\/\/dinostorm.com\/pl\/gra\/leksykon-dinozaurow\/centrozaur\/#primaryimage"},"image":{"@id":"https:\/\/dinostorm.com\/pl\/gra\/leksykon-dinozaurow\/centrozaur\/#primaryimage"},"thumbnailUrl":"https:\/\/dinostorm.com\/wp-content\/uploads\/2012\/09\/ds_jungle_01.jpg","datePublished":"2012-10-18T07:11:56+00:00","dateModified":"2021-07-08T08:45:26+00:00","description":"Centrozaur ma mocn\u0105 budow\u0119 cia\u0142a co sprawia, i\u017c jest bardziej wytrzyma\u0142y ni\u017c wi\u0119kszo\u015b\u0107 innych dinozaur\u00f3w w Dino Storm.","breadcrumb":{"@id":"https:\/\/dinostorm.com\/pl\/gra\/leksykon-dinozaurow\/centrozaur\/#breadcrumb"},"inLanguage":"pl-PL","potentialAction":[{"@type":"ReadAction","target":["https:\/\/dinostorm.com\/pl\/gra\/leksykon-dinozaurow\/centrozaur\/"]}]},{"@type":"ImageObject","inLanguage":"pl-PL","@id":"https:\/\/dinostorm.com\/pl\/gra\/leksykon-dinozaurow\/centrozaur\/#primaryimage","url":"https:\/\/dinostorm.com\/wp-content\/uploads\/2012\/09\/ds_jungle_01.jpg","contentUrl":"https:\/\/dinostorm.com\/wp-content\/uploads\/2012\/09\/ds_jungle_01.jpg","width":1280,"height":720,"caption":"Beware of dangerous bandits in Mokon Woods are everywhere."},{"@type":"BreadcrumbList","@id":"https:\/\/dinostorm.com\/pl\/gra\/leksykon-dinozaurow\/centrozaur\/#breadcrumb","itemListElement":[{"@type":"ListItem","position":1,"name":"Home","item":"https:\/\/dinostorm.com\/pl\/"},{"@type":"ListItem","position":2,"name":"Gra","item":"https:\/\/dinostorm.com\/pl\/gra\/"},{"@type":"ListItem","position":3,"name":"Leksykon dinozaur\u00f3w","item":"https:\/\/dinostorm.com\/pl\/gra\/leksykon-dinozaurow\/"},{"@type":"ListItem","position":4,"name":"Centrozaur"}]},{"@type":"WebSite","@id":"https:\/\/dinostorm.com\/pl\/#website","url":"https:\/\/dinostorm.com\/pl\/","name":"Dino Storm","description":"","potentialAction":[{"@type":"SearchAction","target":{"@type":"EntryPoint","urlTemplate":"https:\/\/dinostorm.com\/pl\/?s={search_term_string}"},"query-input":{"@type":"PropertyValueSpecification","valueRequired":true,"valueName":"search_term_string"}}],"inLanguage":"pl-PL"}]}},"_links":{"self":[{"href":"https:\/\/dinostorm.com\/pl\/wp-json\/wp\/v2\/pages\/3120","targetHints":{"allow":["GET"]}}],"collection":[{"href":"https:\/\/dinostorm.com\/pl\/wp-json\/wp\/v2\/pages"}],"about":[{"href":"https:\/\/dinostorm.com\/pl\/wp-json\/wp\/v2\/types\/page"}],"author":[{"embeddable":true,"href":"https:\/\/dinostorm.com\/pl\/wp-json\/wp\/v2\/users\/26"}],"replies":[{"embeddable":true,"href":"https:\/\/dinostorm.com\/pl\/wp-json\/wp\/v2\/comments?post=3120"}],"version-history":[{"count":4,"href":"https:\/\/dinostorm.com\/pl\/wp-json\/wp\/v2\/pages\/3120\/revisions"}],"predecessor-version":[{"id":237807,"href":"https:\/\/dinostorm.com\/pl\/wp-json\/wp\/v2\/pages\/3120\/revisions\/237807"}],"up":[{"embeddable":true,"href":"https:\/\/dinostorm.com\/pl\/wp-json\/wp\/v2\/pages\/3060"}],"wp:featuredmedia":[{"embeddable":true,"href":"https:\/\/dinostorm.com\/pl\/wp-json\/wp\/v2\/media\/15052"}],"wp:attachment":[{"href":"https:\/\/dinostorm.com\/pl\/wp-json\/wp\/v2\/media?parent=3120"}],"curies":[{"name":"wp","href":"https:\/\/api.w.org\/{rel}","templated":true}]}}