{"id":3117,"date":"2012-10-18T09:11:53","date_gmt":"2012-10-18T07:11:53","guid":{"rendered":"http:\/\/dinostorm.com\/?page_id=3117"},"modified":"2021-07-08T11:11:44","modified_gmt":"2021-07-08T09:11:44","slug":"karnotaur","status":"publish","type":"page","link":"https:\/\/dinostorm.com\/pl\/gra\/leksykon-dinozaurow\/karnotaur\/","title":{"rendered":"Karnotaur"},"content":{"rendered":"<div class=\"teaser\"><\/div>\n<h1 class=\"headline_page width_500\"><span>Dinozaur Karnotaur<\/span><\/h1>\n<p class=\"back-button back-pos500\"><a class=\"back-block\" href=\"\/pl\/gra\/leksykon-dinozaurow\">z powrotem<\/a><\/p>\n<div class=\"two_thirds\">\n<h2 class=\"headline-lex\"><span>Karnotaur w Dino Storm<\/span><\/h2>\n<div class=\"banner_lex\">\n<p class=\"banner_text_lex text_lex\"><strong>Karnotaur<\/strong> jest morderczo wygl\u0105daj\u0105cym mi\u0119so\u017cerc\u0105, kt\u00f3ry mo\u017ce zosta\u0107 zaklasyfikowany jako klasa zadaj\u0105ca najwi\u0119cej obra\u017ce\u0144. Jest szybszy od przeci\u0119tnego dinozaura, a kiedy znajdzie wystarczaj\u0105co blisko przeciwnika, drastycznie odczuje on jego si\u0142\u0119.<\/p>\n<div style=\"margin-right: 29px; float: left; width: 10px; text-align: left; position: relative; top: 40px; left: 30px\">\n<strong class=\"text_lex\" style=\"position: relative; top: 12px\">Witalnosc:<\/strong><br \/>\n<strong class=\"text_lex\" style=\"position: relative; top: 30px\">Sila:<\/strong><br \/>\n<strong class=\"text_lex\" style=\"position: relative; top: 50px\">Wytrzymalosc:<\/strong>\n<\/div>\n<div style=\"margin-right: 20px; float: left; width: 118px; text-align: left; position: relative; top: 70px; left: 10px\">\n<img decoding=\"async\" class=\"skill_image_lex colorbox-3117\" title=\"Podstawowa witalnosc: 1\" src=\"\/wp-content\/themes\/arras\/images\/dinostorm\/Dinos\/bar_health_1.png\" alt=\"Podstawowy poziom witalnosci Karnotaur w Dino Storm wynosi 1.\" \/><br \/>\n<img decoding=\"async\" class=\"skill_image_lex colorbox-3117\" title=\"Podstawowa sila: 5\" src=\"\/wp-content\/themes\/arras\/images\/dinostorm\/Dinos\/bar_strength_5.png\" alt=\"Podstawowy poziom sila Karnotaur w Dino Storm wynosi 5.\" \/><br \/>\n<img decoding=\"async\" class=\"skill_image_lex colorbox-3117\" title=\"Podstawowa wytrzymalosc: 4\" src=\"\/wp-content\/themes\/arras\/images\/dinostorm\/Dinos\/bar_endurance_4.png\" alt=\"Podstawowy poziom wytrzymalosci Karnotaur w Dino Storm wynosi 4.\" \/>\n<\/div>\n<div class=\"icc_scale\">\n<img class=\"colorbox-3117\"  decoding=\"async\" src=\"\/wp-content\/themes\/arras\/images\/dinostorm\/Dinos\/icc_scale_npp.png\" alt=\"\" title=\"\"\/><br \/>\n<a href=\"\/pl\/gra\/leksykon-dinozaurow\/tyranozaur\/\"><img decoding=\"async\" class=\"icc_dino colorbox-3117\" src=\"\/wp-content\/themes\/arras\/images\/dinostorm\/Dinos\/tyrannosaurus_icon.png\" alt=\"\" title=\"\"\/><\/a><\/p>\n<div class=\"icc_text\">Alternatywny sprzedawca obra\u017ce\u0144:<br \/>\n<strong>Tyranozaur<\/strong>\n<\/div>\n<\/div>\n<\/div>\n<div class=\"one_third\">\n<img decoding=\"async\" class=\"dino_lex_2 colorbox-3117\" src=\"\/wp-content\/themes\/arras\/images\/dinostorm\/Dinos\/Carnotaurus.png\" alt=\"Karnotaur\" \/>\n<\/div>\n<\/div>\n<div class=\"clear\"><\/div>\n<div class=\"one_third\">\n<h3 class=\"headlinelex2_1\">Karnotaur \u2014 Umiej&#x0119;tno&#x015b;ci dinozaura<\/h3>\n<div class=\"banner_lex2\">\n<span class=\"icon_skill_top float-left\"><br \/>\n<img class=\"colorbox-3117\"  decoding=\"async\" src=\"\/wp-content\/themes\/arras\/images\/dinostorm\/Dinos\/Carnotaurus_skill_01.png\" \nonmouseover=\"for (let el of document.querySelectorAll('.carno_idle')) el.style.visibility = 'hidden'; for (let el of document.querySelectorAll('.carno_skill1')) el.style.visibility = 'visible';\"\nonmouseout=\"for (let el of document.querySelectorAll('.carno_idle')) el.style.visibility = 'visible'; for (let el of document.querySelectorAll('.carno_skill1')) el.style.visibility = 'hidden';\"\"\nalt=\"Karnotaur Zdolno&#x015b;&#x0107; specjalna \u2014 Krwawy atak\" title=\"Zdolno&#x015b;&#x0107; specjalna: Krwawy atak\"\/><\/span><\/p>\n<div class=\"skill-wrapper\"><span class=\"icon_skill_title\">Krwawy atak<\/span><\/p>\n<p class=\"icon_skill_text\">\n<\/div>\n<p><span class=\"clear\"><!-- --><\/span><span class=\"icon_skill_top float-left\"><br \/>\n<img class=\"colorbox-3117\"  decoding=\"async\" src=\"\/wp-content\/themes\/arras\/images\/dinostorm\/Dinos\/Carnotaurus_skill_02.png\" \nonmouseover=\"for (let el of document.querySelectorAll('.carno_idle')) el.style.visibility = 'hidden'; for (let el of document.querySelectorAll('.carno_skill2')) el.style.visibility = 'visible';\"\nonmouseout=\"for (let el of document.querySelectorAll('.carno_idle')) el.style.visibility = 'visible'; for (let el of document.querySelectorAll('.carno_skill2')) el.style.visibility = 'hidden';\"\"\nalt=\"Karnotaur Zdolno&#x015b;&#x0107; specjalna \u2014 Dziki atak\" title=\"Zdolno&#x015b;&#x0107; specjalna: Dziki atak\"\/><\/span><\/p>\n<div class=\"skill-wrapper-bottom\"><span class=\"icon_skill_title\">Dziki atak<\/span><\/p>\n<p class=\"icon_skill_text\">\n<\/div>\n<p><span class=\"clear\"><!-- --><\/span><\/p>\n<\/div>\n<\/div>\n<div class=\"one_third\">\n<h3 class=\"headlinelex2_2\">Karnotaur \u2014 Fakty o dinozaurze<\/h3>\n<div class=\"fact_lex\">\n<p>Karnotaur by&#x0142; wielkim drapie&#x017c;nikiem i &#x017c;y&#x0142; na obszarze dzisiejszej Ameryki Po&#x0142;udniowej. Cech&#x0105; charakterystyczn&#x0105; tego dinozaura by&#x0142;y dwa ogromne rogi na jego czole, g&#x0142;&#x0119;boko osadzona czaszka i para niesamowicie ma&#x0142;ych przednich ko&#x0144;czyn. By&#x0142;y one mniejsze nawet ni&#x017c; przednie ko&#x0144;czyny tyranozaura rexa.<\/p>\n<p>Karnotaur posiada&#x0142; oczy zwr&#x00f3;cone na wprost co by&#x0142;o do&#x015b;&#x0107; nietypowe jak na dinozaury. Mo&#x017c;e to wskazywa&#x0107;, i&#x017c; posiada&#x0142; on widzenie przestrzenne. Dodatkowo, naukowcom uda&#x0142;o si&#x0119; odnale&#x017a;&#x0107; fragmenty jego sk&#x00f3;ry i wiadomo, &#x017c;e sk&#x0142;ada&#x0142;a si&#x0119; ona g&#x0142;&#x00f3;wnie z &#x0142;usek.<\/p>\n<\/div>\n<\/div>\n<div class=\"dino_animations\">\n<img decoding=\"async\" class=\"carno_idle colorbox-3117\" src=\"\/wp-content\/themes\/arras\/images\/dinostorm\/Dinos\/carnotaurus_idle.gif\"\/><br \/>\n<img decoding=\"async\" class=\"carno_skill1 colorbox-3117\" src=\"\/wp-content\/themes\/arras\/images\/dinostorm\/Dinos\/carnotaurus_skill_01.gif\"\/><br \/>\n<img decoding=\"async\" class=\"carno_skill2 colorbox-3117\" src=\"\/wp-content\/themes\/arras\/images\/dinostorm\/Dinos\/carnotaurus_skill_02.gif\"\/>\n<\/div>\n<div class=\"full\">\n<img decoding=\"async\" class=\"hr3 margin35 colorbox-3117\" src=\"\/wp-content\/themes\/arras\/images\/dinostorm\/seperator_big.png\" alt=\"separator dino storm\" \/>\n<\/div>\n","protected":false},"excerpt":{"rendered":"<p>Dinozaur Karnotaur z powrotem Karnotaur w Dino Storm Karnotaur jest morderczo wygl\u0105daj\u0105cym mi\u0119so\u017cerc\u0105, kt\u00f3ry mo\u017ce zosta\u0107 zaklasyfikowany jako klasa zadaj\u0105ca najwi\u0119cej obra\u017ce\u0144. Jest szybszy od przeci\u0119tnego dinozaura, a kiedy znajdzie wystarczaj\u0105co blisko przeciwnika, drastycznie odczuje [&hellip;]<\/p>\n","protected":false},"author":26,"featured_media":15052,"parent":3060,"menu_order":0,"comment_status":"closed","ping_status":"closed","template":"pagetpl-onecolumn.php","meta":{"footnotes":"","_links_to":"","_links_to_target":""},"class_list":["post-3117","page","type-page","status-publish","has-post-thumbnail","hentry"],"yoast_head":"<!-- This site is optimized with the Yoast SEO plugin v27.3 - https:\/\/yoast.com\/product\/yoast-seo-wordpress\/ -->\n<title>Karnotaur - Dino Storm<\/title>\n<meta name=\"description\" content=\"Karnotaur jest gro\u017anie wygl\u0105daj\u0105cym mi\u0119so\u017cerc\u0105 w Dino Storm. Wszystko co powiniene\u015b wiedzie\u0107 o karnotaurze: fakty, umiej\u0119tno\u015bci, cechy...\" \/>\n<meta name=\"robots\" content=\"index, follow, max-snippet:-1, max-image-preview:large, max-video-preview:-1\" \/>\n<link rel=\"canonical\" href=\"https:\/\/dinostorm.com\/pl\/gra\/leksykon-dinozaurow\/karnotaur\/\" \/>\n<meta property=\"og:locale\" content=\"pl_PL\" \/>\n<meta property=\"og:type\" content=\"article\" \/>\n<meta property=\"og:title\" content=\"Karnotaur - Dino Storm\" \/>\n<meta property=\"og:description\" content=\"Karnotaur jest gro\u017anie wygl\u0105daj\u0105cym mi\u0119so\u017cerc\u0105 w Dino Storm. Wszystko co powiniene\u015b wiedzie\u0107 o karnotaurze: fakty, umiej\u0119tno\u015bci, cechy...\" \/>\n<meta property=\"og:url\" content=\"https:\/\/dinostorm.com\/pl\/gra\/leksykon-dinozaurow\/karnotaur\/\" \/>\n<meta property=\"og:site_name\" content=\"Dino Storm\" \/>\n<meta property=\"article:modified_time\" content=\"2021-07-08T09:11:44+00:00\" \/>\n<meta property=\"og:image\" content=\"https:\/\/dinostorm.com\/wp-content\/uploads\/2012\/09\/ds_jungle_01.jpg\" \/>\n\t<meta property=\"og:image:width\" content=\"1280\" \/>\n\t<meta property=\"og:image:height\" content=\"720\" \/>\n\t<meta property=\"og:image:type\" content=\"image\/jpeg\" \/>\n<script type=\"application\/ld+json\" class=\"yoast-schema-graph\">{\"@context\":\"https:\\\/\\\/schema.org\",\"@graph\":[{\"@type\":\"WebPage\",\"@id\":\"https:\\\/\\\/dinostorm.com\\\/pl\\\/gra\\\/leksykon-dinozaurow\\\/karnotaur\\\/\",\"url\":\"https:\\\/\\\/dinostorm.com\\\/pl\\\/gra\\\/leksykon-dinozaurow\\\/karnotaur\\\/\",\"name\":\"Karnotaur - Dino Storm\",\"isPartOf\":{\"@id\":\"https:\\\/\\\/dinostorm.com\\\/pl\\\/#website\"},\"primaryImageOfPage\":{\"@id\":\"https:\\\/\\\/dinostorm.com\\\/pl\\\/gra\\\/leksykon-dinozaurow\\\/karnotaur\\\/#primaryimage\"},\"image\":{\"@id\":\"https:\\\/\\\/dinostorm.com\\\/pl\\\/gra\\\/leksykon-dinozaurow\\\/karnotaur\\\/#primaryimage\"},\"thumbnailUrl\":\"https:\\\/\\\/dinostorm.com\\\/wp-content\\\/uploads\\\/2012\\\/09\\\/ds_jungle_01.jpg\",\"datePublished\":\"2012-10-18T07:11:53+00:00\",\"dateModified\":\"2021-07-08T09:11:44+00:00\",\"description\":\"Karnotaur jest gro\u017anie wygl\u0105daj\u0105cym mi\u0119so\u017cerc\u0105 w Dino Storm. Wszystko co powiniene\u015b wiedzie\u0107 o karnotaurze: fakty, umiej\u0119tno\u015bci, cechy...\",\"breadcrumb\":{\"@id\":\"https:\\\/\\\/dinostorm.com\\\/pl\\\/gra\\\/leksykon-dinozaurow\\\/karnotaur\\\/#breadcrumb\"},\"inLanguage\":\"pl-PL\",\"potentialAction\":[{\"@type\":\"ReadAction\",\"target\":[\"https:\\\/\\\/dinostorm.com\\\/pl\\\/gra\\\/leksykon-dinozaurow\\\/karnotaur\\\/\"]}]},{\"@type\":\"ImageObject\",\"inLanguage\":\"pl-PL\",\"@id\":\"https:\\\/\\\/dinostorm.com\\\/pl\\\/gra\\\/leksykon-dinozaurow\\\/karnotaur\\\/#primaryimage\",\"url\":\"https:\\\/\\\/dinostorm.com\\\/wp-content\\\/uploads\\\/2012\\\/09\\\/ds_jungle_01.jpg\",\"contentUrl\":\"https:\\\/\\\/dinostorm.com\\\/wp-content\\\/uploads\\\/2012\\\/09\\\/ds_jungle_01.jpg\",\"width\":1280,\"height\":720,\"caption\":\"Beware of dangerous bandits in Mokon Woods are everywhere.\"},{\"@type\":\"BreadcrumbList\",\"@id\":\"https:\\\/\\\/dinostorm.com\\\/pl\\\/gra\\\/leksykon-dinozaurow\\\/karnotaur\\\/#breadcrumb\",\"itemListElement\":[{\"@type\":\"ListItem\",\"position\":1,\"name\":\"Home\",\"item\":\"https:\\\/\\\/dinostorm.com\\\/pl\\\/\"},{\"@type\":\"ListItem\",\"position\":2,\"name\":\"Gra\",\"item\":\"https:\\\/\\\/dinostorm.com\\\/pl\\\/gra\\\/\"},{\"@type\":\"ListItem\",\"position\":3,\"name\":\"Leksykon dinozaur\u00f3w\",\"item\":\"https:\\\/\\\/dinostorm.com\\\/pl\\\/gra\\\/leksykon-dinozaurow\\\/\"},{\"@type\":\"ListItem\",\"position\":4,\"name\":\"Karnotaur\"}]},{\"@type\":\"WebSite\",\"@id\":\"https:\\\/\\\/dinostorm.com\\\/pl\\\/#website\",\"url\":\"https:\\\/\\\/dinostorm.com\\\/pl\\\/\",\"name\":\"Dino Storm\",\"description\":\"\",\"potentialAction\":[{\"@type\":\"SearchAction\",\"target\":{\"@type\":\"EntryPoint\",\"urlTemplate\":\"https:\\\/\\\/dinostorm.com\\\/pl\\\/?s={search_term_string}\"},\"query-input\":{\"@type\":\"PropertyValueSpecification\",\"valueRequired\":true,\"valueName\":\"search_term_string\"}}],\"inLanguage\":\"pl-PL\"}]}<\/script>\n<!-- \/ Yoast SEO plugin. -->","yoast_head_json":{"title":"Karnotaur - Dino Storm","description":"Karnotaur jest gro\u017anie wygl\u0105daj\u0105cym mi\u0119so\u017cerc\u0105 w Dino Storm. Wszystko co powiniene\u015b wiedzie\u0107 o karnotaurze: fakty, umiej\u0119tno\u015bci, cechy...","robots":{"index":"index","follow":"follow","max-snippet":"max-snippet:-1","max-image-preview":"max-image-preview:large","max-video-preview":"max-video-preview:-1"},"canonical":"https:\/\/dinostorm.com\/pl\/gra\/leksykon-dinozaurow\/karnotaur\/","og_locale":"pl_PL","og_type":"article","og_title":"Karnotaur - Dino Storm","og_description":"Karnotaur jest gro\u017anie wygl\u0105daj\u0105cym mi\u0119so\u017cerc\u0105 w Dino Storm. Wszystko co powiniene\u015b wiedzie\u0107 o karnotaurze: fakty, umiej\u0119tno\u015bci, cechy...","og_url":"https:\/\/dinostorm.com\/pl\/gra\/leksykon-dinozaurow\/karnotaur\/","og_site_name":"Dino Storm","article_modified_time":"2021-07-08T09:11:44+00:00","og_image":[{"width":1280,"height":720,"url":"https:\/\/dinostorm.com\/wp-content\/uploads\/2012\/09\/ds_jungle_01.jpg","type":"image\/jpeg"}],"schema":{"@context":"https:\/\/schema.org","@graph":[{"@type":"WebPage","@id":"https:\/\/dinostorm.com\/pl\/gra\/leksykon-dinozaurow\/karnotaur\/","url":"https:\/\/dinostorm.com\/pl\/gra\/leksykon-dinozaurow\/karnotaur\/","name":"Karnotaur - Dino Storm","isPartOf":{"@id":"https:\/\/dinostorm.com\/pl\/#website"},"primaryImageOfPage":{"@id":"https:\/\/dinostorm.com\/pl\/gra\/leksykon-dinozaurow\/karnotaur\/#primaryimage"},"image":{"@id":"https:\/\/dinostorm.com\/pl\/gra\/leksykon-dinozaurow\/karnotaur\/#primaryimage"},"thumbnailUrl":"https:\/\/dinostorm.com\/wp-content\/uploads\/2012\/09\/ds_jungle_01.jpg","datePublished":"2012-10-18T07:11:53+00:00","dateModified":"2021-07-08T09:11:44+00:00","description":"Karnotaur jest gro\u017anie wygl\u0105daj\u0105cym mi\u0119so\u017cerc\u0105 w Dino Storm. Wszystko co powiniene\u015b wiedzie\u0107 o karnotaurze: fakty, umiej\u0119tno\u015bci, cechy...","breadcrumb":{"@id":"https:\/\/dinostorm.com\/pl\/gra\/leksykon-dinozaurow\/karnotaur\/#breadcrumb"},"inLanguage":"pl-PL","potentialAction":[{"@type":"ReadAction","target":["https:\/\/dinostorm.com\/pl\/gra\/leksykon-dinozaurow\/karnotaur\/"]}]},{"@type":"ImageObject","inLanguage":"pl-PL","@id":"https:\/\/dinostorm.com\/pl\/gra\/leksykon-dinozaurow\/karnotaur\/#primaryimage","url":"https:\/\/dinostorm.com\/wp-content\/uploads\/2012\/09\/ds_jungle_01.jpg","contentUrl":"https:\/\/dinostorm.com\/wp-content\/uploads\/2012\/09\/ds_jungle_01.jpg","width":1280,"height":720,"caption":"Beware of dangerous bandits in Mokon Woods are everywhere."},{"@type":"BreadcrumbList","@id":"https:\/\/dinostorm.com\/pl\/gra\/leksykon-dinozaurow\/karnotaur\/#breadcrumb","itemListElement":[{"@type":"ListItem","position":1,"name":"Home","item":"https:\/\/dinostorm.com\/pl\/"},{"@type":"ListItem","position":2,"name":"Gra","item":"https:\/\/dinostorm.com\/pl\/gra\/"},{"@type":"ListItem","position":3,"name":"Leksykon dinozaur\u00f3w","item":"https:\/\/dinostorm.com\/pl\/gra\/leksykon-dinozaurow\/"},{"@type":"ListItem","position":4,"name":"Karnotaur"}]},{"@type":"WebSite","@id":"https:\/\/dinostorm.com\/pl\/#website","url":"https:\/\/dinostorm.com\/pl\/","name":"Dino Storm","description":"","potentialAction":[{"@type":"SearchAction","target":{"@type":"EntryPoint","urlTemplate":"https:\/\/dinostorm.com\/pl\/?s={search_term_string}"},"query-input":{"@type":"PropertyValueSpecification","valueRequired":true,"valueName":"search_term_string"}}],"inLanguage":"pl-PL"}]}},"_links":{"self":[{"href":"https:\/\/dinostorm.com\/pl\/wp-json\/wp\/v2\/pages\/3117","targetHints":{"allow":["GET"]}}],"collection":[{"href":"https:\/\/dinostorm.com\/pl\/wp-json\/wp\/v2\/pages"}],"about":[{"href":"https:\/\/dinostorm.com\/pl\/wp-json\/wp\/v2\/types\/page"}],"author":[{"embeddable":true,"href":"https:\/\/dinostorm.com\/pl\/wp-json\/wp\/v2\/users\/26"}],"replies":[{"embeddable":true,"href":"https:\/\/dinostorm.com\/pl\/wp-json\/wp\/v2\/comments?post=3117"}],"version-history":[{"count":4,"href":"https:\/\/dinostorm.com\/pl\/wp-json\/wp\/v2\/pages\/3117\/revisions"}],"predecessor-version":[{"id":237835,"href":"https:\/\/dinostorm.com\/pl\/wp-json\/wp\/v2\/pages\/3117\/revisions\/237835"}],"up":[{"embeddable":true,"href":"https:\/\/dinostorm.com\/pl\/wp-json\/wp\/v2\/pages\/3060"}],"wp:featuredmedia":[{"embeddable":true,"href":"https:\/\/dinostorm.com\/pl\/wp-json\/wp\/v2\/media\/15052"}],"wp:attachment":[{"href":"https:\/\/dinostorm.com\/pl\/wp-json\/wp\/v2\/media?parent=3117"}],"curies":[{"name":"wp","href":"https:\/\/api.w.org\/{rel}","templated":true}]}}