{"id":3101,"date":"2012-10-18T09:12:00","date_gmt":"2012-10-18T07:12:00","guid":{"rendered":"http:\/\/dinostorm.com\/?page_id=3101"},"modified":"2022-04-25T09:55:58","modified_gmt":"2022-04-25T07:55:58","slug":"celofyz","status":"publish","type":"page","link":"https:\/\/dinostorm.com\/pl\/gra\/leksykon-dinozaurow\/celofyz\/","title":{"rendered":"Celofyz"},"content":{"rendered":"<div class=\"teaser\"><\/div>\n<h1 class=\"headline_page width_500\"><span>Dinozaur Celofyz<\/span><\/h1>\n<p class=\"back-button back-pos500\"><a class=\"back-block\" href=\"\/pl\/gra\/leksykon-dinozaurow\">z powrotem<\/a><\/p>\n<div class=\"two_thirds\">\n<h2 class=\"headline-lex\"><span>Celofyz w Dino Storm<\/span><\/h2>\n<div class=\"banner_lex\">\n<p class=\"banner_text_lex text_lex\"><strong>Celofyz<\/strong> jest urodzonym sprinterem, kt\u00f3ry jest mistrzem w stylu walki, kt\u00f3ra charakteryzuje si\u0119 technik\u0105 \u201euderz i uciekaj\u201d. Nie przyjmie wielu trafie\u0144 w walce wr\u0119cz, wi\u0119c wa\u017cne jest, aby wykorzysta\u0107 jego umiej\u0119tno\u015bci biegowe!<\/p>\n<div style=\"margin-right: 29px; float: left; width: 10px; text-align: left; position: relative; top: 40px; left: 30px\">\n<strong class=\"text_lex\" style=\"position: relative; top: 12px\">Witalnosc:<\/strong><br \/>\n<strong class=\"text_lex\" style=\"position: relative; top: 30px\">Sila:<\/strong><br \/>\n<strong class=\"text_lex\" style=\"position: relative; top: 50px\">Wytrzymalosc:<\/strong>\n<\/div>\n<div style=\"margin-right: 20px; float: left; width: 118px; text-align: left; position: relative; top: 70px; left: 10px\">\n<img decoding=\"async\" class=\"skill_image_lex colorbox-3101\" title=\"Podstawowa witalnosc: 2\" src=\"\/wp-content\/themes\/arras\/images\/dinostorm\/Dinos\/bar_health_2.png\" alt=\"Podstawowy poziom witalnosci Celofyz w Dino Storm wynosi 2.\" \/><br \/>\n<img decoding=\"async\" class=\"skill_image_lex colorbox-3101\" title=\"Podstawowa sila: 4\" src=\"\/wp-content\/themes\/arras\/images\/dinostorm\/Dinos\/bar_strength_4.png\" alt=\"Podstawowy poziom sila Celofyz w Dino Storm wynosi 4.\" \/><br \/>\n<img decoding=\"async\" class=\"skill_image_lex colorbox-3101\" title=\"Podstawowa wytrzymalosc: 5\" src=\"\/wp-content\/themes\/arras\/images\/dinostorm\/Dinos\/bar_endurance_5.png\" alt=\"Podstawowy poziom wytrzymalosci Celofyz w Dino Storm wynosi 5.\" \/>\n<\/div>\n<div class=\"icc_scale\">\n<img class=\"colorbox-3101\"  decoding=\"async\" src=\"\/wp-content\/themes\/arras\/images\/dinostorm\/Dinos\/icc_scale_pnn.png\" alt=\"\" title=\"\"\/><br \/>\n<a href=\"\/pl\/gra\/leksykon-dinozaurow\/pachycefalozaur\/\"><img decoding=\"async\" class=\"icc_dino colorbox-3101\" src=\"\/wp-content\/themes\/arras\/images\/dinostorm\/Dinos\/pachycephalosaurus_icon.png\" alt=\"\" title=\"\"\/><\/a><\/p>\n<div class=\"icc_text\">Alternatywa &#8222;uderz i uciekaj&#8221;:<br \/>\n<strong>Pachycefalozaur<\/strong>\n<\/div>\n<\/div>\n<\/div>\n<div class=\"one_third\">\n<img decoding=\"async\" class=\"dino_lex_2 colorbox-3101\" src=\"\/wp-content\/themes\/arras\/images\/dinostorm\/Dinos\/Coelophysis.png\" alt=\"Celofyz\" \/>\n<\/div>\n<\/div>\n<div class=\"clear\"><\/div>\n<div class=\"one_third\">\n<h3 class=\"headlinelex2_1\">Celofyz \u2014 Umiej&#x0119;tno&#x015b;ci dinozaura<\/h3>\n<div class=\"banner_lex2\">\n<span class=\"icon_skill_top float-left\"><br \/>\n<img class=\"colorbox-3101\"  decoding=\"async\" src=\"\/wp-content\/themes\/arras\/images\/dinostorm\/Dinos\/coelophysis_skill_01.png\" \nonmouseover=\"for (let el of document.querySelectorAll('.dino_idle')) el.style.visibility = 'hidden'; for (let el of document.querySelectorAll('.dino_skill1')) el.style.visibility = 'visible';\"\nonmouseout=\"for (let el of document.querySelectorAll('.dino_idle')) el.style.visibility = 'visible'; for (let el of document.querySelectorAll('.dino_skill1')) el.style.visibility = 'hidden';\"\"\nalt=\"Celofyz Zdolno&#x015b;&#x0107; specjalna \u2014 Szybkie uderzenia\" title=\"Zdolno&#x015b;&#x0107; specjalna: Szybkie uderzenia\"\/><\/span><\/p>\n<div class=\"skill-wrapper\"><span class=\"icon_skill_title\">Szybkie uderzenia<\/span><\/p>\n<p class=\"icon_skill_text\">\n<\/div>\n<p><span class=\"clear\"><!-- --><\/span><span class=\"icon_skill_top float-left\"><br \/>\n<img class=\"colorbox-3101\"  decoding=\"async\" src=\"\/wp-content\/themes\/arras\/images\/dinostorm\/Dinos\/coelophysis_skill_02.png\" \nonmouseover=\"for (let el of document.querySelectorAll('.dino_idle')) el.style.visibility = 'hidden'; for (let el of document.querySelectorAll('.dino_skill2')) el.style.visibility = 'visible';\"\nonmouseout=\"for (let el of document.querySelectorAll('.dino_idle')) el.style.visibility = 'visible'; for (let el of document.querySelectorAll('.dino_skill2')) el.style.visibility = 'hidden';\"\"\nalt=\"Celofyz Zdolno&#x015b;&#x0107; specjalna \u2014 Atak z wyskoku\" title=\"Zdolno&#x015b;&#x0107; specjalna: Atak z wyskoku\"\/><\/span><\/p>\n<div class=\"skill-wrapper-bottom\"><span class=\"icon_skill_title\">Atak z wyskoku<\/span><\/p>\n<p class=\"icon_skill_text\">\n<\/div>\n<p><span class=\"clear\"><!-- --><\/span><\/p>\n<\/div>\n<\/div>\n<div class=\"one_third\">\n<h3 class=\"headlinelex2_2\">Celofyz \u2014 Fakty o dinozaurze<\/h3>\n<div class=\"fact_lex\">\n<p>Celofyz &#x017c;y&#x0142; w okresie p&#x00f3;&#x017a;nego triasu na terenie obecnej po&#x0142;udniowo-zachodniej cz&#x0119;&#x015b;ci Ameryki P&#x00f3;&#x0142;nocnej. Nale&#x017c;y do grupy teropod&#x00f3;w, czyli jednego z podrz&#x0105;d&#x00f3;w dinozaur&#x00f3;w.<\/p>\n<p>Budowa cia&#x0142;a tego dinozaura by&#x0142;a wyj&#x0105;tkowo wydajna i zaprojektowana do osi&#x0105;gania wysokich szybko&#x015b;ci. Podstaw&#x0105; by&#x0142;y d&#x0142;ugie i silne ko&#x0144;czyny tylne. Mia&#x0142; ostre jak brzytwa z&#x0119;by, a jego palce u n&#x00f3;g by&#x0142;y zako&#x0144;czone ostrymi pazurami.<\/p>\n<\/div>\n<\/div>\n<div class=\"dino_animations\">\n<img decoding=\"async\" class=\"dino_idle colorbox-3101\" src=\"\/wp-content\/themes\/arras\/images\/dinostorm\/Dinos\/coelophysis_idle.gif\"\/><br \/>\n<img decoding=\"async\" class=\"dino_skill1 colorbox-3101\" src=\"\/wp-content\/themes\/arras\/images\/dinostorm\/Dinos\/coelophysis_skill_01.gif\"\/><br \/>\n<img decoding=\"async\" class=\"dino_skill2 colorbox-3101\" src=\"\/wp-content\/themes\/arras\/images\/dinostorm\/Dinos\/coelophysis_skill_02.gif\"\/>\n<\/div>\n<div class=\"full\">\n<img decoding=\"async\" class=\"hr3 margin35 colorbox-3101\" src=\"\/wp-content\/themes\/arras\/images\/dinostorm\/seperator_big.png\" alt=\"separator dino storm\" \/>\n<\/div>\n","protected":false},"excerpt":{"rendered":"<p>Dinozaur Celofyz z powrotem Celofyz w Dino Storm Celofyz jest urodzonym sprinterem, kt\u00f3ry jest mistrzem w stylu walki, kt\u00f3ra charakteryzuje si\u0119 technik\u0105 \u201euderz i uciekaj\u201d. Nie przyjmie wielu trafie\u0144 w walce wr\u0119cz, wi\u0119c wa\u017cne jest, [&hellip;]<\/p>\n","protected":false},"author":26,"featured_media":15052,"parent":3060,"menu_order":0,"comment_status":"closed","ping_status":"closed","template":"pagetpl-onecolumn.php","meta":{"footnotes":"","_links_to":"","_links_to_target":""},"class_list":["post-3101","page","type-page","status-publish","has-post-thumbnail","hentry"],"yoast_head":"<!-- This site is optimized with the Yoast SEO plugin v27.3 - https:\/\/yoast.com\/product\/yoast-seo-wordpress\/ -->\n<title>Celofyz - Dino Storm<\/title>\n<meta name=\"description\" content=\"Celofyz zosta\u0142 stworzony z my\u015bl\u0105 o szybkim bieganiu - jego silne tylne nogi sprawiaj\u0105, i\u017c jest \u015bwietnym biegaczem. Wszystko co powiniene\u015b wiedzie\u0107 o celofyzy\" \/>\n<meta name=\"robots\" content=\"index, follow, max-snippet:-1, max-image-preview:large, max-video-preview:-1\" \/>\n<link rel=\"canonical\" href=\"https:\/\/dinostorm.com\/pl\/gra\/leksykon-dinozaurow\/celofyz\/\" \/>\n<meta property=\"og:locale\" content=\"pl_PL\" \/>\n<meta property=\"og:type\" content=\"article\" \/>\n<meta property=\"og:title\" content=\"Celofyz - Dino Storm\" \/>\n<meta property=\"og:description\" content=\"Celofyz zosta\u0142 stworzony z my\u015bl\u0105 o szybkim bieganiu - jego silne tylne nogi sprawiaj\u0105, i\u017c jest \u015bwietnym biegaczem. Wszystko co powiniene\u015b wiedzie\u0107 o celofyzy\" \/>\n<meta property=\"og:url\" content=\"https:\/\/dinostorm.com\/pl\/gra\/leksykon-dinozaurow\/celofyz\/\" \/>\n<meta property=\"og:site_name\" content=\"Dino Storm\" \/>\n<meta property=\"article:modified_time\" content=\"2022-04-25T07:55:58+00:00\" \/>\n<script type=\"application\/ld+json\" class=\"yoast-schema-graph\">{\"@context\":\"https:\\\/\\\/schema.org\",\"@graph\":[{\"@type\":\"WebPage\",\"@id\":\"https:\\\/\\\/dinostorm.com\\\/pl\\\/gra\\\/leksykon-dinozaurow\\\/celofyz\\\/\",\"url\":\"https:\\\/\\\/dinostorm.com\\\/pl\\\/gra\\\/leksykon-dinozaurow\\\/celofyz\\\/\",\"name\":\"Celofyz - Dino Storm\",\"isPartOf\":{\"@id\":\"https:\\\/\\\/dinostorm.com\\\/pl\\\/#website\"},\"primaryImageOfPage\":{\"@id\":\"https:\\\/\\\/dinostorm.com\\\/pl\\\/gra\\\/leksykon-dinozaurow\\\/celofyz\\\/#primaryimage\"},\"image\":{\"@id\":\"https:\\\/\\\/dinostorm.com\\\/pl\\\/gra\\\/leksykon-dinozaurow\\\/celofyz\\\/#primaryimage\"},\"thumbnailUrl\":\"https:\\\/\\\/dinostorm.com\\\/wp-content\\\/uploads\\\/2012\\\/09\\\/ds_jungle_01.jpg\",\"datePublished\":\"2012-10-18T07:12:00+00:00\",\"dateModified\":\"2022-04-25T07:55:58+00:00\",\"description\":\"Celofyz zosta\u0142 stworzony z my\u015bl\u0105 o szybkim bieganiu - jego silne tylne nogi sprawiaj\u0105, i\u017c jest \u015bwietnym biegaczem. Wszystko co powiniene\u015b wiedzie\u0107 o celofyzy\",\"breadcrumb\":{\"@id\":\"https:\\\/\\\/dinostorm.com\\\/pl\\\/gra\\\/leksykon-dinozaurow\\\/celofyz\\\/#breadcrumb\"},\"inLanguage\":\"pl-PL\",\"potentialAction\":[{\"@type\":\"ReadAction\",\"target\":[\"https:\\\/\\\/dinostorm.com\\\/pl\\\/gra\\\/leksykon-dinozaurow\\\/celofyz\\\/\"]}]},{\"@type\":\"ImageObject\",\"inLanguage\":\"pl-PL\",\"@id\":\"https:\\\/\\\/dinostorm.com\\\/pl\\\/gra\\\/leksykon-dinozaurow\\\/celofyz\\\/#primaryimage\",\"url\":\"https:\\\/\\\/dinostorm.com\\\/wp-content\\\/uploads\\\/2012\\\/09\\\/ds_jungle_01.jpg\",\"contentUrl\":\"https:\\\/\\\/dinostorm.com\\\/wp-content\\\/uploads\\\/2012\\\/09\\\/ds_jungle_01.jpg\",\"width\":1280,\"height\":720,\"caption\":\"Beware of dangerous bandits in Mokon Woods are everywhere.\"},{\"@type\":\"BreadcrumbList\",\"@id\":\"https:\\\/\\\/dinostorm.com\\\/pl\\\/gra\\\/leksykon-dinozaurow\\\/celofyz\\\/#breadcrumb\",\"itemListElement\":[{\"@type\":\"ListItem\",\"position\":1,\"name\":\"Home\",\"item\":\"https:\\\/\\\/dinostorm.com\\\/pl\\\/\"},{\"@type\":\"ListItem\",\"position\":2,\"name\":\"Gra\",\"item\":\"https:\\\/\\\/dinostorm.com\\\/pl\\\/gra\\\/\"},{\"@type\":\"ListItem\",\"position\":3,\"name\":\"Leksykon dinozaur\u00f3w\",\"item\":\"https:\\\/\\\/dinostorm.com\\\/pl\\\/gra\\\/leksykon-dinozaurow\\\/\"},{\"@type\":\"ListItem\",\"position\":4,\"name\":\"Celofyz\"}]},{\"@type\":\"WebSite\",\"@id\":\"https:\\\/\\\/dinostorm.com\\\/pl\\\/#website\",\"url\":\"https:\\\/\\\/dinostorm.com\\\/pl\\\/\",\"name\":\"Dino Storm\",\"description\":\"\",\"potentialAction\":[{\"@type\":\"SearchAction\",\"target\":{\"@type\":\"EntryPoint\",\"urlTemplate\":\"https:\\\/\\\/dinostorm.com\\\/pl\\\/?s={search_term_string}\"},\"query-input\":{\"@type\":\"PropertyValueSpecification\",\"valueRequired\":true,\"valueName\":\"search_term_string\"}}],\"inLanguage\":\"pl-PL\"}]}<\/script>\n<!-- \/ Yoast SEO plugin. -->","yoast_head_json":{"title":"Celofyz - Dino Storm","description":"Celofyz zosta\u0142 stworzony z my\u015bl\u0105 o szybkim bieganiu - jego silne tylne nogi sprawiaj\u0105, i\u017c jest \u015bwietnym biegaczem. Wszystko co powiniene\u015b wiedzie\u0107 o celofyzy","robots":{"index":"index","follow":"follow","max-snippet":"max-snippet:-1","max-image-preview":"max-image-preview:large","max-video-preview":"max-video-preview:-1"},"canonical":"https:\/\/dinostorm.com\/pl\/gra\/leksykon-dinozaurow\/celofyz\/","og_locale":"pl_PL","og_type":"article","og_title":"Celofyz - Dino Storm","og_description":"Celofyz zosta\u0142 stworzony z my\u015bl\u0105 o szybkim bieganiu - jego silne tylne nogi sprawiaj\u0105, i\u017c jest \u015bwietnym biegaczem. Wszystko co powiniene\u015b wiedzie\u0107 o celofyzy","og_url":"https:\/\/dinostorm.com\/pl\/gra\/leksykon-dinozaurow\/celofyz\/","og_site_name":"Dino Storm","article_modified_time":"2022-04-25T07:55:58+00:00","schema":{"@context":"https:\/\/schema.org","@graph":[{"@type":"WebPage","@id":"https:\/\/dinostorm.com\/pl\/gra\/leksykon-dinozaurow\/celofyz\/","url":"https:\/\/dinostorm.com\/pl\/gra\/leksykon-dinozaurow\/celofyz\/","name":"Celofyz - Dino Storm","isPartOf":{"@id":"https:\/\/dinostorm.com\/pl\/#website"},"primaryImageOfPage":{"@id":"https:\/\/dinostorm.com\/pl\/gra\/leksykon-dinozaurow\/celofyz\/#primaryimage"},"image":{"@id":"https:\/\/dinostorm.com\/pl\/gra\/leksykon-dinozaurow\/celofyz\/#primaryimage"},"thumbnailUrl":"https:\/\/dinostorm.com\/wp-content\/uploads\/2012\/09\/ds_jungle_01.jpg","datePublished":"2012-10-18T07:12:00+00:00","dateModified":"2022-04-25T07:55:58+00:00","description":"Celofyz zosta\u0142 stworzony z my\u015bl\u0105 o szybkim bieganiu - jego silne tylne nogi sprawiaj\u0105, i\u017c jest \u015bwietnym biegaczem. Wszystko co powiniene\u015b wiedzie\u0107 o celofyzy","breadcrumb":{"@id":"https:\/\/dinostorm.com\/pl\/gra\/leksykon-dinozaurow\/celofyz\/#breadcrumb"},"inLanguage":"pl-PL","potentialAction":[{"@type":"ReadAction","target":["https:\/\/dinostorm.com\/pl\/gra\/leksykon-dinozaurow\/celofyz\/"]}]},{"@type":"ImageObject","inLanguage":"pl-PL","@id":"https:\/\/dinostorm.com\/pl\/gra\/leksykon-dinozaurow\/celofyz\/#primaryimage","url":"https:\/\/dinostorm.com\/wp-content\/uploads\/2012\/09\/ds_jungle_01.jpg","contentUrl":"https:\/\/dinostorm.com\/wp-content\/uploads\/2012\/09\/ds_jungle_01.jpg","width":1280,"height":720,"caption":"Beware of dangerous bandits in Mokon Woods are everywhere."},{"@type":"BreadcrumbList","@id":"https:\/\/dinostorm.com\/pl\/gra\/leksykon-dinozaurow\/celofyz\/#breadcrumb","itemListElement":[{"@type":"ListItem","position":1,"name":"Home","item":"https:\/\/dinostorm.com\/pl\/"},{"@type":"ListItem","position":2,"name":"Gra","item":"https:\/\/dinostorm.com\/pl\/gra\/"},{"@type":"ListItem","position":3,"name":"Leksykon dinozaur\u00f3w","item":"https:\/\/dinostorm.com\/pl\/gra\/leksykon-dinozaurow\/"},{"@type":"ListItem","position":4,"name":"Celofyz"}]},{"@type":"WebSite","@id":"https:\/\/dinostorm.com\/pl\/#website","url":"https:\/\/dinostorm.com\/pl\/","name":"Dino Storm","description":"","potentialAction":[{"@type":"SearchAction","target":{"@type":"EntryPoint","urlTemplate":"https:\/\/dinostorm.com\/pl\/?s={search_term_string}"},"query-input":{"@type":"PropertyValueSpecification","valueRequired":true,"valueName":"search_term_string"}}],"inLanguage":"pl-PL"}]}},"_links":{"self":[{"href":"https:\/\/dinostorm.com\/pl\/wp-json\/wp\/v2\/pages\/3101","targetHints":{"allow":["GET"]}}],"collection":[{"href":"https:\/\/dinostorm.com\/pl\/wp-json\/wp\/v2\/pages"}],"about":[{"href":"https:\/\/dinostorm.com\/pl\/wp-json\/wp\/v2\/types\/page"}],"author":[{"embeddable":true,"href":"https:\/\/dinostorm.com\/pl\/wp-json\/wp\/v2\/users\/26"}],"replies":[{"embeddable":true,"href":"https:\/\/dinostorm.com\/pl\/wp-json\/wp\/v2\/comments?post=3101"}],"version-history":[{"count":7,"href":"https:\/\/dinostorm.com\/pl\/wp-json\/wp\/v2\/pages\/3101\/revisions"}],"predecessor-version":[{"id":311218,"href":"https:\/\/dinostorm.com\/pl\/wp-json\/wp\/v2\/pages\/3101\/revisions\/311218"}],"up":[{"embeddable":true,"href":"https:\/\/dinostorm.com\/pl\/wp-json\/wp\/v2\/pages\/3060"}],"wp:featuredmedia":[{"embeddable":true,"href":"https:\/\/dinostorm.com\/pl\/wp-json\/wp\/v2\/media\/15052"}],"wp:attachment":[{"href":"https:\/\/dinostorm.com\/pl\/wp-json\/wp\/v2\/media?parent=3101"}],"curies":[{"name":"wp","href":"https:\/\/api.w.org\/{rel}","templated":true}]}}